{"id":1607,"date":"2023-10-08T01:17:41","date_gmt":"2023-10-08T01:17:41","guid":{"rendered":"https:\/\/hydraulic-cylinders.net\/?post_type=product&#038;p=1607"},"modified":"2025-04-14T01:17:37","modified_gmt":"2025-04-14T01:17:37","slug":"mining-dump-truck-lifting-cylinder","status":"publish","type":"product","link":"https:\/\/www.hydraulic-cylinders.net\/ro\/produs\/mining-dump-truck-lifting-cylinder\/","title":{"rendered":"Cilindru de ridicare pentru basculante miniere"},"content":{"rendered":"<h1 style=\"text-align: center;\"><strong>Cilindru de ridicare pentru basculante miniere<\/strong><\/h1>\n<p><img loading=\"lazy\" decoding=\"async\" class=\"aligncenter wp-image-1608\" src=\"https:\/\/hydraulic-cylinders.net\/wp-content\/uploads\/2023\/10\/lifting-cylinder-1-300x300.webp\" alt=\"\" width=\"400\" height=\"400\" \/><\/p>\n<p>Cilindrul de ridicare al basculantei miniere este o component\u0103 esen\u021bial\u0103 conceput\u0103 special pentru basculantele miniere. Acest cilindru hidraulic puternic este responsabil pentru ridicarea \u0219i cobor\u00e2rea platformei basculante a basculantei, permi\u021b\u00e2nd \u00eenc\u0103rcarea \u0219i desc\u0103rcarea eficient\u0103 a materialelor \u00een opera\u021biunile miniere.<\/p>\n<p>Cilindrul de ridicare al basculantei miniere este o component\u0103 crucial\u0103 care contribuie semnificativ la eficien\u021ba \u0219i productivitatea opera\u021biunilor miniere. Datorit\u0103 construc\u021biei sale robuste, capacit\u0103\u021bii mari de ridicare \u0219i controlului precis, acest cilindru hidraulic permite \u00eenc\u0103rcarea \u0219i desc\u0103rcarea f\u0103r\u0103 probleme a materialelor, reduc\u00e2nd la minimum timpii de nefunc\u021bionare \u0219i maximiz\u00e2nd produc\u021bia. Prin respectarea metodelor de utilizare corecte \u0219i a practicilor de \u00eentre\u021binere recomandate, operatorii pot asigura longevitatea \u0219i performan\u021ba fiabil\u0103 a cilindrului de ridicare al basculantei miniere. Alege\u021bi acest cilindru de \u00eenalt\u0103 performan\u021b\u0103 pentru a \u00eembun\u0103t\u0103\u021bi capacit\u0103\u021bile de ridicare ale basculantei miniere \u0219i pentru a optimiza opera\u021biunile miniere.<\/p>\n<p>Caracteristici cheie ale cilindrului de ridicare pentru basculante miniere:<\/p>\n<ol>\n<li>Construc\u021bie robust\u0103 \u0219i fiabil\u0103:<\/li>\n<\/ol>\n<ul>\n<li>Cilindrul de ridicare pentru basculanta minier\u0103 este construit av\u00e2nd \u00een vedere durabilitatea, utiliz\u00e2nd materiale de \u00eenalt\u0103 calitate \u0219i inginerie de precizie pentru a rezista condi\u021biilor solicitante ale opera\u021biunilor miniere.<\/li>\n<li>Ofer\u0103 rezisten\u021b\u0103 \u0219i fiabilitate excep\u021bionale pentru a gestiona sarcini grele, asigur\u00e2nd performan\u021be constante chiar \u0219i \u00een medii dure.<\/li>\n<\/ul>\n<ol start=\"2\">\n<li>Capacitate mare de ridicare:<\/li>\n<\/ol>\n<ul>\n<li>Acest cilindru este proiectat pentru a oferi o capacitate de ridicare substan\u021bial\u0103, permi\u021b\u00e2nd basculantei miniere s\u0103 manipuleze eficient volume mari de materiale.<\/li>\n<li>Cu puterea sa impresionant\u0103 de ridicare, permite o desc\u0103rcare rapid\u0103 \u0219i fiabil\u0103, reduc\u00e2nd la minimum timpii de nefunc\u021bionare \u0219i maximiz\u00e2nd productivitatea pe \u0219antier.<\/li>\n<\/ul>\n<ol start=\"3\">\n<li>Control precis \u0219i func\u021bionare lin\u0103:<\/li>\n<\/ol>\n<ul>\n<li>Cilindrul de ridicare pentru basculanta minier\u0103 ofer\u0103 un control precis asupra ridic\u0103rii \u0219i cobor\u00e2rii platformei basculante, asigur\u00e2nd o mi\u0219care lin\u0103 \u0219i precis\u0103.<\/li>\n<li>Aceast\u0103 caracteristic\u0103 permite operatorilor s\u0103 pozi\u021bioneze cu precizie platform\u0103 de desc\u0103rcare, facilit\u00e2nd opera\u021biuni eficiente de \u00eenc\u0103rcare \u0219i desc\u0103rcare.<\/li>\n<\/ul>\n<h2><strong>Parametrul cilindrului de ridicare pentru basculante miniere:<\/strong><\/h2>\n<table border=\"1\" cellspacing=\"0\" cellpadding=\"0\">\n<tbody>\n<tr>\n<td>Nume produs<\/td>\n<td>Cilindru de ridicare pentru basculante miniere<\/td>\n<\/tr>\n<tr>\n<td>Caracteristici:<\/td>\n<td>Ridicarea\/cobor\u00e2rea caroseriei pentru desc\u0103rcarea \u00eenc\u0103rc\u0103turii<\/td>\n<\/tr>\n<tr>\n<td>Diametrul alezajului:<\/td>\n<td>120 mm ~ 380 mm<\/td>\n<\/tr>\n<tr>\n<td>Diametrul tijei:<\/td>\n<td>90mm\uff5e350mm<\/td>\n<\/tr>\n<tr>\n<td>\u00cen general:<\/td>\n<td>Cilindru cu dou\u0103 sau trei etape<\/td>\n<\/tr>\n<tr>\n<td>Aplica\u021bii ale cilindrilor de ridicare:<\/td>\n<td>Camion basculant minier<\/td>\n<\/tr>\n<\/tbody>\n<\/table>\n<h2><strong>Diagrama de identificare a cilindrilor basculantelor miniere:<\/strong><\/h2>\n<p><img loading=\"lazy\" decoding=\"async\" class=\"alignnone wp-image-1594 size-full\" src=\"https:\/\/hydraulic-cylinders.net\/wp-content\/uploads\/2023\/10\/mining-dump-truck-cylinder.webp\" alt=\"\" width=\"1418\" height=\"946\" srcset=\"https:\/\/hydraulic-cylinders.net\/wp-content\/uploads\/2023\/10\/mining-dump-truck-cylinder.webp 1418w, https:\/\/hydraulic-cylinders.net\/wp-content\/uploads\/2023\/10\/mining-dump-truck-cylinder-1280x854.webp 1280w, https:\/\/hydraulic-cylinders.net\/wp-content\/uploads\/2023\/10\/mining-dump-truck-cylinder-980x654.webp 980w, https:\/\/hydraulic-cylinders.net\/wp-content\/uploads\/2023\/10\/mining-dump-truck-cylinder-480x320.webp 480w\" sizes=\"(min-width: 0px) and (max-width: 480px) 480px, (min-width: 481px) and (max-width: 980px) 980px, (min-width: 981px) and (max-width: 1280px) 1280px, (min-width: 1281px) 1418px, 100vw\" \/><\/p>\n<h2><strong>Metoda de utilizare a cilindrului de ridicare a basculantei miniere<\/strong><strong>:<\/strong><\/h2>\n<ol>\n<li><strong>Integrare cu sistemul de basculante:<\/strong><\/li>\n<\/ol>\n<ul>\n<li>Cilindrul de ridicare al basculantei miniere este de obicei integrat \u00een sistemul hidraulic al basculantei.<\/li>\n<li>Este conectat la o surs\u0103 de energie hidraulic\u0103, cum ar fi o pomp\u0103, care furnizeaz\u0103 presiunea hidraulic\u0103 necesar\u0103 pentru ac\u021bionarea cilindrului.<\/li>\n<\/ul>\n<ol start=\"2\">\n<li><strong>Mecanisme de control:<\/strong><\/li>\n<\/ol>\n<ul>\n<li>Ridicarea \u0219i cobor\u00e2rea platformei basculante sunt controlate de supape hidraulice \u0219i manete de comand\u0103 situate \u00een cabina camionului.<\/li>\n<li>Operatorii pot activa cilindrul pentru a ridica sau cobor\u00ee platform\u0103 de basculare, permi\u021b\u00e2nd manipularea eficient\u0103 a materialelor.<\/li>\n<\/ul>\n<h2><strong>Cum func\u021bioneaz\u0103 un sistem de servodirec\u021bie hidraulic\u0103?<\/strong><\/h2>\n<p>Un sistem de servodirec\u021bie hidraulic\u0103 este o component\u0103 cheie a vehiculelor moderne, care asist\u0103 \u0219oferul s\u0103 direc\u021bioneze vehiculul cu u\u0219urin\u021b\u0103 \u0219i precizie. Acesta utilizeaz\u0103 presiunea hidraulic\u0103 pentru a amplifica ac\u021biunea \u0219oferului \u0219i a oferi un control al direc\u021biei lin \u0219i receptiv. S\u0103 explor\u0103m cum func\u021bioneaz\u0103 un sistem de servodirec\u021bie hidraulic\u0103:<\/p>\n<ol>\n<li><strong>Pomp\u0103 hidraulic\u0103:<\/strong><br \/>\nSistemul \u00eencepe cu o pomp\u0103 hidraulic\u0103, de obicei ac\u021bionat\u0103 de motorul vehiculului. Pompa este responsabil\u0103 pentru generarea presiunii hidraulice prin extragerea puterii din mi\u0219carea de rota\u021bie a motorului. De obicei, este conectat\u0103 la motor printr-o curea sau alte mijloace mecanice.<\/li>\n<li><strong>Lichid de servodirec\u021bie:<\/strong><br \/>\nPompa hidraulic\u0103 circul\u0103 fluidul de servodirec\u021bie, cunoscut \u0219i sub numele de fluid hidraulic, \u00een \u00eentregul sistem. Fluidul serve\u0219te drept mediu pentru transmiterea for\u021bei \u0219i a presiunii.<\/li>\n<li><strong>Cutie de direc\u021bie\/Cremalier\u0103 \u0219i pinion:<\/strong><br \/>\nLichidul de servodirec\u021bie este direc\u021bionat c\u0103tre cutia de viteze sau ansamblul pinion-cremal\u0103. Aceste componente traduc mi\u0219carea de rota\u021bie a volanului \u00een mi\u0219care lateral\u0103, care rote\u0219te ro\u021bile vehiculului.<\/li>\n<li><strong>Asisten\u021b\u0103 electric\u0103:<\/strong><br \/>\nSistemul de servodirec\u021bie \u00eencorporeaz\u0103 un mecanism de servodirec\u021bie asistat\u0103, cum ar fi o supap\u0103 de control al servodirec\u021biei sau un cilindru de servodirec\u021bie asistat\u0103. Aceste componente utilizeaz\u0103 presiunea hidraulic\u0103 de la pomp\u0103 pentru a oferi asisten\u021b\u0103 la ac\u021biunea \u0219oferului \u00een ceea ce prive\u0219te direc\u021bia. C\u00e2nd \u0219oferul rote\u0219te volanul, mecanismul de servodirec\u021bie ajusteaz\u0103 debitul de lichid de servodirec\u021bie, contribuind la reducerea efortului necesar pentru a vira ro\u021bile.<\/li>\n<li><strong>Feedback de direc\u021bie:<\/strong><br \/>\nPentru a men\u021bine o senza\u021bie natural\u0103 la direc\u021bie \u0219i a oferi feedback \u0219oferului, sistemul de servodirec\u021bie include un dispozitiv numit caset\u0103 de direc\u021bie sau bar\u0103 de torsiune. Aceast\u0103 component\u0103 permite ca un anumit nivel de rezisten\u021b\u0103 \u0219i feedback s\u0103 fie resim\u021bit prin intermediul volanului, sporind conexiunea \u0219oferului cu drumul.<\/li>\n<li><strong>Supap\u0103 de suprapresiune:<\/strong><br \/>\nO supap\u0103 de suprapresiune este \u00eencorporat\u0103 \u00een sistemul de servodirec\u021bie pentru a preveni acumularea excesiv\u0103 de presiune. Aceasta asigur\u0103 func\u021bionarea sistemului \u00een limite de siguran\u021b\u0103 \u0219i protejeaz\u0103 \u00eempotriva poten\u021bialelor daune.<\/li>\n<\/ol>\n<h2><strong>Capabilitatea \u0219i capacitatea fabricii:<\/strong><\/h2>\n<h3>(1) Montaj<\/h3>\n<p>Avem o platform\u0103 de asamblare independent\u0103 de cercetare \u0219i dezvoltare de prim\u0103 clas\u0103. Atelierul de produc\u021bie a cilindrilor hidraulici are patru linii de asamblare semiautomate pentru cilindri de ridicare \u0219i o linie de asamblare automat\u0103 a cilindrilor de \u00eenclinare, cu o capacitate de produc\u021bie anual\u0103 proiectat\u0103 de 1 milion de buc\u0103\u021bi. Atelierul de cilindri speciali este echipat cu diverse specifica\u021bii ale unui sistem de asamblare semi-automat de cur\u0103\u021bare, cu o capacitate de produc\u021bie anual\u0103 proiectat\u0103 de 200.000 \u0219i dotat cu echipamente celebre de prelucrare CNC, un centru de prelucrare, un echipament special de prelucrare a cilindrilor de \u00eenalt\u0103 precizie, o ma\u0219in\u0103 de sudur\u0103 robotizat\u0103, o ma\u0219in\u0103 de cur\u0103\u021bare automat\u0103, o ma\u0219in\u0103 de asamblare automat\u0103 a cilindrilor \u0219i o linie de produc\u021bie automat\u0103 de vopsire. Echipamente critice existente de peste 300 de seturi (seturi). Alocarea optim\u0103 \u0219i utilizarea eficient\u0103 a resurselor de echipamente asigur\u0103 cerin\u021bele de precizie ale produselor \u0219i satisface nevoile de \u00eenalt\u0103 calitate ale produselor.<\/p>\n<p><img loading=\"lazy\" decoding=\"async\" class=\"alignnone wp-image-626\" src=\"https:\/\/hydraulic-cylinders.net\/wp-content\/uploads\/2023\/08\/hydraulic-cylinder-product-1-300x158.webp\" alt=\"\" width=\"495\" height=\"260\" srcset=\"https:\/\/hydraulic-cylinders.net\/wp-content\/uploads\/2023\/08\/hydraulic-cylinder-product-1-300x158.webp 495w, https:\/\/hydraulic-cylinders.net\/wp-content\/uploads\/2023\/08\/hydraulic-cylinder-product-1-480x252.webp 480w\" sizes=\"(min-width: 0px) and (max-width: 480px) 480px, (min-width: 481px) 495px, 100vw\" \/> <img loading=\"lazy\" decoding=\"async\" class=\"alignnone wp-image-627\" src=\"https:\/\/hydraulic-cylinders.net\/wp-content\/uploads\/2023\/08\/hydraulic-cylinder-product-2-300x189.webp\" alt=\"\" width=\"413\" height=\"260\" \/><\/p>\n<h3>(2) Prelucrare<\/h3>\n<p>Atelierul de prelucrare este echipat cu un centru de strunjire cu \u0219in\u0103 \u00eenclinat\u0103 personalizat, un centru de prelucrare, o ma\u0219in\u0103 de honuire de mare vitez\u0103, un robot de sudur\u0103 \u0219i alte echipamente conexe, care pot gestiona prelucrarea tuburilor cilindrice cu un diametru interior maxim de 400 mm \u0219i o lungime maxim\u0103 de 6 metri.<\/p>\n<p><img loading=\"lazy\" decoding=\"async\" class=\"alignnone wp-image-628 size-large\" src=\"https:\/\/hydraulic-cylinders.net\/wp-content\/uploads\/2023\/08\/hydraulic-cylinder-product-3-1024x391.webp\" alt=\"\" width=\"1024\" height=\"391\" srcset=\"https:\/\/hydraulic-cylinders.net\/wp-content\/uploads\/2023\/08\/hydraulic-cylinder-product-3-980x374.webp 980w, https:\/\/hydraulic-cylinders.net\/wp-content\/uploads\/2023\/08\/hydraulic-cylinder-product-3-480x183.webp 480w\" sizes=\"(min-width: 0px) and (max-width: 480px) 480px, (min-width: 481px) and (max-width: 980px) 980px, (min-width: 981px) 1024px, 100vw\" \/><\/p>\n<h3>(3) Sudur\u0103<\/h3>\n<p><img loading=\"lazy\" decoding=\"async\" class=\"alignnone wp-image-629 size-large\" src=\"https:\/\/hydraulic-cylinders.net\/wp-content\/uploads\/2023\/08\/hydraulic-cylinder-product-4-1024x510.webp\" alt=\"\" width=\"1024\" height=\"510\" srcset=\"https:\/\/hydraulic-cylinders.net\/wp-content\/uploads\/2023\/08\/hydraulic-cylinder-product-4-980x488.webp 980w, https:\/\/hydraulic-cylinders.net\/wp-content\/uploads\/2023\/08\/hydraulic-cylinder-product-4-480x239.webp 480w\" sizes=\"(min-width: 0px) and (max-width: 480px) 480px, (min-width: 481px) and (max-width: 980px) 980px, (min-width: 981px) 1024px, 100vw\" \/><\/p>\n<h3>(4) Vopsire \u0219i acoperire<\/h3>\n<p>Cu linii automate de acoperire cu vopsea pe baz\u0103 de ap\u0103 cu cilindru de dimensiuni mici \u0219i medii, pentru a realiza \u00eenc\u0103rcarea \u0219i desc\u0103rcarea automat\u0103 a robotului \u0219i pulverizarea automat\u0103, capacitatea de proiectare de 4000 de buc\u0103\u021bi pe schimb;<br \/>\nAvem, de asemenea, o linie de produc\u021bie semi-automat\u0103 de vopsire pentru cilindri mari, ac\u021bionat\u0103 de un lan\u021b de putere, cu o capacitate de proiectare de 60 de cutii pe schimb.<\/p>\n<p><img loading=\"lazy\" decoding=\"async\" class=\"alignnone wp-image-630\" src=\"https:\/\/hydraulic-cylinders.net\/wp-content\/uploads\/2023\/08\/hydraulic-cylinder-product-5-300x213.webp\" alt=\"\" width=\"366\" height=\"260\" \/> <img loading=\"lazy\" decoding=\"async\" class=\"alignnone wp-image-631\" src=\"https:\/\/hydraulic-cylinders.net\/wp-content\/uploads\/2023\/08\/hydraulic-cylinder-product-6-300x225.webp\" alt=\"\" width=\"347\" height=\"260\" \/><\/p>\n<h3>(5) Testarea<\/h3>\n<p>Dispunem de instala\u021bii de inspec\u021bie \u0219i bancuri de testare de prim\u0103 clas\u0103 pentru a ne asigura c\u0103 performan\u021ba cilindrului \u00eendepline\u0219te cerin\u021bele.<\/p>\n<p><img loading=\"lazy\" decoding=\"async\" class=\"alignnone wp-image-632\" src=\"https:\/\/hydraulic-cylinders.net\/wp-content\/uploads\/2023\/08\/hydraulic-cylinder-product-8-300x200.webp\" alt=\"\" width=\"389\" height=\"260\" \/><\/p>\n<p>&nbsp;<\/p>\n<p>&nbsp;<\/p>\n<p>Suntem unul dintre cei mai buni produc\u0103tori de cilindri hidraulici. Putem oferi o gam\u0103 complet\u0103 de cilindri hidraulici. De asemenea, oferim... <a href=\"https:\/\/hzpt.com\/agricultural-pto-gearbox\/\" target=\"_blank\" rel=\"noopener\">cutii de viteze agricole<\/a>Ne-am exportat produsele c\u0103tre clien\u021bi din \u00eentreaga lume \u0219i ne-am c\u00e2\u0219tigat o bun\u0103 reputa\u021bie datorit\u0103 calit\u0103\u021bii superioare a produselor noastre \u0219i a serviciilor post-v\u00e2nzare. \u00cei invit\u0103m pe clien\u021bii din \u021bar\u0103 \u0219i din str\u0103in\u0103tate s\u0103 ne contacteze pentru a negocia afaceri, a face schimb de informa\u021bii \u0219i... <a href=\"https:\/\/www.hydraulic-cylinders.net\/ro\/contact-us\/\">s\u0103 coopereze cu noi<\/a>!<\/p>","protected":false},"excerpt":{"rendered":"<p>Mining Dump Truck Lifting Cylinder The mining dump truck lifting cylinder is an essential component designed specifically for mining dump trucks. This powerful hydraulic cylinder is responsible for lifting and lowering the truck&#8217;s dump bed, allowing for efficient loading and unloading of materials in mining operations. The mining dump truck lifting cylinder is a crucial [&hellip;]<\/p>","protected":false},"featured_media":1609,"comment_status":"open","ping_status":"closed","template":"","meta":{"_et_pb_use_builder":"","_et_pb_old_content":"","_et_gb_content_width":""},"product_brand":[],"product_cat":[1517,1532,1549,1376,1393],"product_tag":[1380],"class_list":{"0":"post-1607","1":"product","2":"type-product","3":"status-publish","4":"has-post-thumbnail","6":"product_cat-dump-truck-hydraulic-cylinders","7":"product_cat-mining-dump-truck-hydraulic-cylinders","8":"product_cat-single-acting-hydraulic-cylinder","9":"product_cat-hydraulic-cylinder","10":"product_cat-telescopic-hydraulic-cylinder","11":"product_tag-hydraulic-cylinder","13":"first","14":"instock","15":"shipping-taxable","16":"product-type-simple"},"amp_enabled":true,"_links":{"self":[{"href":"https:\/\/www.hydraulic-cylinders.net\/ro\/wp-json\/wp\/v2\/product\/1607","targetHints":{"allow":["GET"]}}],"collection":[{"href":"https:\/\/www.hydraulic-cylinders.net\/ro\/wp-json\/wp\/v2\/product"}],"about":[{"href":"https:\/\/www.hydraulic-cylinders.net\/ro\/wp-json\/wp\/v2\/types\/product"}],"replies":[{"embeddable":true,"href":"https:\/\/www.hydraulic-cylinders.net\/ro\/wp-json\/wp\/v2\/comments?post=1607"}],"wp:featuredmedia":[{"embeddable":true,"href":"https:\/\/www.hydraulic-cylinders.net\/ro\/wp-json\/wp\/v2\/media\/1609"}],"wp:attachment":[{"href":"https:\/\/www.hydraulic-cylinders.net\/ro\/wp-json\/wp\/v2\/media?parent=1607"}],"wp:term":[{"taxonomy":"product_brand","embeddable":true,"href":"https:\/\/www.hydraulic-cylinders.net\/ro\/wp-json\/wp\/v2\/product_brand?post=1607"},{"taxonomy":"product_cat","embeddable":true,"href":"https:\/\/www.hydraulic-cylinders.net\/ro\/wp-json\/wp\/v2\/product_cat?post=1607"},{"taxonomy":"product_tag","embeddable":true,"href":"https:\/\/www.hydraulic-cylinders.net\/ro\/wp-json\/wp\/v2\/product_tag?post=1607"}],"curies":[{"name":"wp","href":"https:\/\/api.w.org\/{rel}","templated":true}]}}