{"id":16084,"date":"2025-01-20T08:27:29","date_gmt":"2025-01-20T08:27:29","guid":{"rendered":"https:\/\/www.hydraulic-cylinders.net\/product\/arm-cylinderfor-komatsu-wheel-excavator-pw98mr-8\/"},"modified":"2025-01-20T08:27:31","modified_gmt":"2025-01-20T08:27:31","slug":"arm-cylinderfor-komatsu-wheel-excavator-pw98mr-8","status":"publish","type":"product","link":"https:\/\/www.hydraulic-cylinders.net\/ro\/produs\/arm-cylinderfor-komatsu-wheel-excavator-pw98mr-8\/","title":{"rendered":"Cilindru bra\u021b pentru excavatorul pe ro\u021bi Komatsu PW98MR-8"},"content":{"rendered":"<h1>Cilindru bra\u021b pentru excavatorul pe ro\u021bi Komatsu PW98MR-8<\/h1>\n<h2>Introducere<\/h2>\n<p>Cilindrul de bra\u021b este un cilindru hidraulic special conceput care ofer\u0103 mi\u0219care liniar\u0103 \u0219i putere bra\u021bului diferitelor utilaje, cum ar fi excavatoare, macarale \u0219i bra\u021be robotizate. Acesta joac\u0103 un rol crucial \u00een sistemele hidraulice, permi\u021b\u00e2nd mi\u0219carea \u0219i controlul eficient al uneltelor sau ata\u0219amentelor suplimentare. Ace\u0219ti cilindri nu numai c\u0103 asigur\u0103 o mi\u0219care lin\u0103, dar rezist\u0103 \u0219i la sarcini grele, asigur\u00e2nd func\u021bionarea eficient\u0103 \u0219i fiabilitatea utilajelor \u00een diverse condi\u021bii de lucru.<\/p>\n<p><img decoding=\"async\" src=\"https:\/\/www.hydraulic-cylinders.net\/wp-content\/uploads\/2025\/01\/songte-company-2.webp\"><\/p>\n<h2>Caracteristici<\/h2>\n<ul>\n<li><strong>Transmisie de \u00eenalt\u0103 eficien\u021b\u0103:<\/strong> Cilindrul bra\u021bului ofer\u0103 o mi\u0219care liniar\u0103 puternic\u0103 \u0219i o for\u021b\u0103, asigur\u00e2nd capacit\u0103\u021bi de \u00eenalt\u0103 performan\u021b\u0103 pentru bra\u021bul mecanic \u00een diverse opera\u021biuni.<\/li>\n<li><strong>Control precis:<\/strong> Prin intermediul sistemului hidraulic, cilindrul bra\u021bului permite un control precis al mi\u0219c\u0103rii, f\u0103c\u00e2nd operarea uneltelor suplimentare mai flexibil\u0103 \u0219i precis\u0103.<\/li>\n<li><strong>Durabilitate puternic\u0103:<\/strong> Cilindrii bra\u021bului sunt de obicei fabrica\u021bi din materiale de \u00eenalt\u0103 rezisten\u021b\u0103, cu o rezisten\u021b\u0103 excelent\u0103 la uzur\u0103 \u0219i coroziune, ceea ce \u00eei face potrivi\u021bi pentru utilizarea pe termen lung \u00een medii dure.<\/li>\n<li><strong>Adaptabilitate multifunc\u021bional\u0103:<\/strong> Ace\u0219ti cilindri pot fi aplica\u021bi pe scar\u0103 larg\u0103 la diverse tipuri de utilaje, cum ar fi excavatoare, macarale \u0219i bra\u021be robotizate, r\u0103spunz\u00e2nd diferitelor cerin\u021be de lucru.<\/li>\n<li><strong>\u00centre\u021binere u\u0219oar\u0103:<\/strong> Concepu\u021bi pentru u\u0219urin\u021ba \u00eentre\u021binerii \u0219i \u00eenlocuirii, cilindrii bra\u021bului faciliteaz\u0103 inspec\u021biile \u0219i \u00eentre\u021binerea regulat\u0103 convenabil\u0103, reduc\u00e2nd timpul de nefunc\u021bionare a echipamentelor.<\/li>\n<\/ul>\n<p><img decoding=\"async\" src=\"https:\/\/www.hydraulic-cylinders.net\/wp-content\/uploads\/2025\/01\/songte-oil-pipes-and-spare-parts.webp\"><\/p>\n<h2>Aplica\u021bii<\/h2>\n<p>Cilindrul cu bra\u021b \u00ee\u0219i g\u0103se\u0219te aplica\u021bii \u00een diverse industrii:<\/p>\n<h3>1. Inginerie de construc\u021bii<\/h3>\n<p>La excavatoare \u0219i macarale, cilindrul bra\u021bului controleaz\u0103 mi\u0219carea cupei sau a bra\u021bului, permi\u021b\u00e2nd lucr\u0103ri de terasament, manipularea materialelor \u0219i instala\u021biile structurale.<\/p>\n<h3>2. Fabrica\u021bie<\/h3>\n<p>\u00cen liniile de produc\u021bie automatizate, cilindrul bra\u021bului este utilizat pentru mi\u0219carea bra\u021belor robotizate, efectuarea proceselor de asamblare, sudare \u0219i manipulare a materialelor pentru a spori eficien\u021ba \u0219i precizia produc\u021biei.<\/p>\n<h3>3. Ma\u0219ini agricole<\/h3>\n<p>\u00cen utilajele agricole, cum ar fi combinele de recoltat \u0219i sem\u0103n\u0103toarele, cilindrul bra\u021bului controleaz\u0103 mi\u0219carea bra\u021belor de operare, execut\u00e2nd sarcini precum sem\u0103natul, fertilizarea \u0219i recoltarea.<\/p>\n<h3>4. Minerit<\/h3>\n<p>\u00cen echipamentele miniere, cilindrul bra\u021bului este utilizat pentru a controla mi\u0219carea bra\u021bului utilajelor miniere, facilit\u00e2nd extrac\u021bia \u0219i transportul minereului.<\/p>\n<h3>5. Logistic\u0103 \u0219i transport<\/h3>\n<p>La stivuitoarele \u0219i robo\u021bii de manipulare, cilindrul bra\u021bului controleaz\u0103 ridicarea \u0219i mi\u0219carea furcilor, facilit\u00e2nd manipularea \u0219i stivuirea materialelor.<\/p>\n<p><img decoding=\"async\" src=\"https:\/\/www.hydraulic-cylinders.net\/wp-content\/uploads\/2025\/01\/songte-cylinder-head-with-all-kinds-excavator-models.webp\"><\/p>\n<h2>Considera\u021bii de proiectare \u0219i criterii de selec\u021bie<\/h2>\n<p>C\u00e2nd vine vorba de proiectarea \u0219i selectarea cilindrilor bra\u021bului, trebuie lua\u021bi \u00een considerare mai mul\u021bi factori:<\/p>\n<h3>1. Capacitate portant\u0103<\/h3>\n<p>Cilindrul bra\u021bului trebuie s\u0103 poat\u0103 suporta sarcina prev\u0103zut\u0103 \u0219i s\u0103 furnizeze for\u021ba necesar\u0103 aplica\u021biei.<\/p>\n<h3>2. Etan\u0219are<\/h3>\n<p>Trebuie utilizate diverse elemente de etan\u0219are, cum ar fi etan\u0219\u0103rile pistonului \u0219i etan\u0219\u0103rile tijei. Aceste etan\u0219\u0103ri trebuie s\u0103 fie fabricate din materiale rezistente la uzur\u0103, cum ar fi poliuretanul \u0219i cauciucul nitrilic. Corpul cilindrului \u0219i cap\u0103tul filetat trebuie s\u0103 fie supuse unor prelucr\u0103ri fine pentru a \u00eembun\u0103t\u0103\u021bi rezisten\u021ba la uzur\u0103. Lubrifierea regulat\u0103 cu o cantitate adecvat\u0103 de ulei hidraulic este necesar\u0103 pentru o lubrifiere corect\u0103.<\/p>\n<p><img decoding=\"async\" src=\"https:\/\/www.hydraulic-cylinders.net\/wp-content\/uploads\/2025\/01\/songte-chushion-collar.webp\"><\/p>\n<h2>Inspec\u021bie regulat\u0103 \u0219i \u00eentre\u021binere preventiv\u0103<\/h2>\n<p>Pentru a asigura performan\u021ba optim\u0103 \u0219i longevitatea cilindrului bra\u021bului, trebuie implementate inspec\u021bii regulate \u0219i m\u0103suri de \u00eentre\u021binere preventiv\u0103:<\/p>\n<ul>\n<li>Verifica\u021bi dac\u0103 exist\u0103 semne de scurgeri sau deterior\u0103ri ale garniturilor \u0219i \u00eenlocui\u021bi-le dac\u0103 este necesar.<\/li>\n<li>Verifica\u021bi corpul cilindrului \u0219i tija pistonului pentru a depista orice semne de uzur\u0103 sau coroziune.<\/li>\n<li>Asigura\u021bi o lubrifiere corespunz\u0103toare prin ad\u0103ugarea regulat\u0103 a unei cantit\u0103\u021bi adecvate de ulei hidraulic.<\/li>\n<li>Str\u00e2nge\u021bi orice conexiuni sau elemente de fixare sl\u0103bite.<\/li>\n<li>Cur\u0103\u021ba\u021bi cilindrul \u0219i \u00eendep\u0103rta\u021bi orice reziduuri sau contaminan\u021bi.<\/li>\n<\/ul>\n<h2>Ghid de instalare a produsului<\/h2>\n<p>Instalarea corect\u0103 a cilindrului bra\u021bului este crucial\u0103 pentru func\u021bionarea eficient\u0103 a acestuia. Urma\u021bi ace\u0219ti pa\u0219i pentru o instalare corect\u0103:<\/p>\n<ol>\n<li>Preg\u0103ti\u021bi uneltele \u0219i echipamentele necesare pentru instalare.<\/li>\n<li>Pozi\u021biona\u021bi cilindrul bra\u021bului \u00een loca\u021bia dorit\u0103 \u0219i alinia\u021bi-l cu punctele de montare.<\/li>\n<li>Fixa\u021bi \u00een siguran\u021b\u0103 cilindrul la punctele de montare folosind elementele de fixare corespunz\u0103toare.<\/li>\n<li>Conecta\u021bi furtunurile sau \u021bevile hidraulice la cilindru, asigur\u00e2nd o etan\u0219are corespunz\u0103toare.<\/li>\n<li>Verifica\u021bi dac\u0103 exist\u0103 scurgeri \u0219i efectua\u021bi ajust\u0103rile sau repara\u021biile necesare.<\/li>\n<\/ol>\n<p><img decoding=\"async\" src=\"https:\/\/www.hydraulic-cylinders.net\/wp-content\/uploads\/2025\/01\/songte-bushings-with-all-kinds-of-excavator-models.webp\"><\/p>\n<h2>Considera\u021bii de siguran\u021b\u0103 \u0219i factori de mediu<\/h2>\n<p>Atunci c\u00e2nd se utilizeaz\u0103 cilindri de bra\u021b, este important s\u0103 se acorde prioritate m\u0103surilor de siguran\u021b\u0103 pentru a preveni accidentele \u0219i a asigura un mediu de lucru sigur. Instruirea adecvat\u0103 \u0219i respectarea instruc\u021biunilor de siguran\u021b\u0103 sunt esen\u021biale pentru operatori \u0219i personalul de \u00eentre\u021binere.<\/p>\n<h2>Depanare \u0219i probleme frecvente<\/h2>\n<p>Cilindrii bra\u021bului pot \u00eent\u00e2mpina anumite defec\u021biuni sau probleme pe durata de via\u021b\u0103 a acestora. Iat\u0103 c\u00e2teva probleme frecvente \u0219i posibilele lor solu\u021bii:<\/p>\n<ul>\n<li><strong>Scurgere:<\/strong> Verifica\u021bi dac\u0103 garniturile sunt deteriorate \u0219i \u00eenlocui\u021bi-le dac\u0103 este necesar. Asigura\u021bi o lubrifiere corespunz\u0103toare.<\/li>\n<li><strong>Mi\u0219care inconsistent\u0103 sau sacadat\u0103:<\/strong> Verifica\u021bi cilindrul pentru orice semne de uzur\u0103 sau deteriorare. Lubrifia\u021bi piesele mobile, dac\u0103 este necesar.<\/li>\n<li><strong>Zgomot excesiv:<\/strong> Verifica\u021bi dac\u0103 exist\u0103 conexiuni sl\u0103bite sau componente uzate. Str\u00e2nge\u021bi conexiunile sau \u00eenlocui\u021bi piesele deteriorate.<\/li>\n<li><strong>Supra\u00eenc\u0103lzire:<\/strong> Verifica\u021bi sistemul hidraulic pentru a depista orice restric\u021bii sau defec\u021biuni. Ajusta\u021bi presiunea sistemului dac\u0103 este necesar.<\/li>\n<\/ul>\n<p>Urm\u00e2nd aceste sfaturi de depanare \u0219i m\u0103suri preventive, cititorii pot diagnostica \u0219i rezolva eficient problemele, reduc\u00e2nd \u00een acela\u0219i timp poten\u021bialele probleme.<\/p>\n<p><img decoding=\"async\" src=\"https:\/\/www.hydraulic-cylinders.net\/wp-content\/uploads\/2025\/01\/songte-chushion-collar.webp\"><\/p>\n<h2>Despre noi<\/h2>\n<p>Suntem un produc\u0103tor profesionist de cilindri hidraulici de schimb, oferind o gam\u0103 larg\u0103 de produse. Am devenit unul dintre principalii produc\u0103tori \u0219i distribuitori angro de cilindri hidraulici pe pie\u021bele interne \u0219i interna\u021bionale. Angajamentul nostru fa\u021b\u0103 de excelen\u021b\u0103 ne determin\u0103 s\u0103 ne \u00eembun\u0103t\u0103\u021bim continuu expertiza tehnic\u0103 \u0219i eficien\u021ba produc\u021biei.<\/p>\n<p>Cu ajutorul echipamentelor digitale avansate de fabrica\u021bie \u0219i al sistemelor profesionale de testare, optimiz\u0103m platforma noastr\u0103 de fabrica\u021bie \u0219i \u00eembun\u0103t\u0103\u021bim procesele de control al calit\u0103\u021bii produselor. Capacit\u0103\u021bile noastre puternice de inovare ne permit s\u0103 satisfacem diversele nevoi ale clien\u021bilor cu eficien\u021b\u0103, precizie \u0219i calitate \u00eenalt\u0103.<\/p>\n<p>\u00cen plus, ne m\u00e2ndrim cu profesionalismul nostru, certific\u0103rile interna\u021bionale, serviciile de personalizare, echipamentele de produc\u021bie \u0219i serviciile post-v\u00e2nzare.<\/p>\n<p><img decoding=\"async\" src=\"https:\/\/www.hydraulic-cylinders.net\/wp-content\/uploads\/2025\/01\/songte-company-4.webp\"><br \/>\n<img decoding=\"async\" src=\"https:\/\/www.hydraulic-cylinders.net\/wp-content\/uploads\/2025\/01\/songte-company-3.webp\"><\/p>\n<p>Autor: lyl<\/p>","protected":false},"excerpt":{"rendered":"<p>Arm Cylinder For Komatsu Wheel Excavator PW98MR-8 Introduction The arm cylinder is a specially designed hydraulic cylinder that provides linear motion and power to the arm of various machinery, such as excavators, cranes, and robotic arms. It plays a crucial role in hydraulic systems, allowing for the efficient movement and control of additional tools or [&hellip;]<\/p>","protected":false},"featured_media":14783,"comment_status":"open","ping_status":"closed","template":"","meta":{"_et_pb_use_builder":"","_et_pb_old_content":"","_et_gb_content_width":""},"product_brand":[],"product_cat":[1497],"product_tag":[1498,1496],"class_list":{"0":"post-16084","1":"product","2":"type-product","3":"status-publish","4":"has-post-thumbnail","6":"product_cat-arm-cylinders","7":"product_tag-arm-cylinders","8":"product_tag-hydraulic-cylinders","10":"first","11":"instock","12":"shipping-taxable","13":"product-type-simple"},"amp_enabled":true,"_links":{"self":[{"href":"https:\/\/www.hydraulic-cylinders.net\/ro\/wp-json\/wp\/v2\/product\/16084","targetHints":{"allow":["GET"]}}],"collection":[{"href":"https:\/\/www.hydraulic-cylinders.net\/ro\/wp-json\/wp\/v2\/product"}],"about":[{"href":"https:\/\/www.hydraulic-cylinders.net\/ro\/wp-json\/wp\/v2\/types\/product"}],"replies":[{"embeddable":true,"href":"https:\/\/www.hydraulic-cylinders.net\/ro\/wp-json\/wp\/v2\/comments?post=16084"}],"wp:featuredmedia":[{"embeddable":true,"href":"https:\/\/www.hydraulic-cylinders.net\/ro\/wp-json\/wp\/v2\/media\/14783"}],"wp:attachment":[{"href":"https:\/\/www.hydraulic-cylinders.net\/ro\/wp-json\/wp\/v2\/media?parent=16084"}],"wp:term":[{"taxonomy":"product_brand","embeddable":true,"href":"https:\/\/www.hydraulic-cylinders.net\/ro\/wp-json\/wp\/v2\/product_brand?post=16084"},{"taxonomy":"product_cat","embeddable":true,"href":"https:\/\/www.hydraulic-cylinders.net\/ro\/wp-json\/wp\/v2\/product_cat?post=16084"},{"taxonomy":"product_tag","embeddable":true,"href":"https:\/\/www.hydraulic-cylinders.net\/ro\/wp-json\/wp\/v2\/product_tag?post=16084"}],"curies":[{"name":"wp","href":"https:\/\/api.w.org\/{rel}","templated":true}]}}