{"id":16092,"date":"2025-01-20T08:28:04","date_gmt":"2025-01-20T08:28:04","guid":{"rendered":"https:\/\/www.hydraulic-cylinders.net\/product\/arm-cylinderfor-sumitomo-small-excavator-sh60\/"},"modified":"2025-01-20T08:28:06","modified_gmt":"2025-01-20T08:28:06","slug":"arm-cylinderfor-sumitomo-small-excavator-sh60","status":"publish","type":"product","link":"https:\/\/www.hydraulic-cylinders.net\/ro\/produs\/arm-cylinderfor-sumitomo-small-excavator-sh60\/","title":{"rendered":"Cilindru bra\u021b pentru excavatorul mic Sumitomo SH60"},"content":{"rendered":"<h1>Cilindru de bra\u021b pentru excavatorul mic Sumitomo SH60<\/h1>\n<h2>Introducere<\/h2>\n<p>Un cilindru hidraulic este un tip de cilindru hidraulic conceput special pentru a oferi mi\u0219care liniar\u0103 \u0219i putere bra\u021belor diferitelor tipuri de utilaje, cum ar fi excavatoare, macarale \u0219i bra\u021be mecanice. Cilindrul hidraulic joac\u0103 un rol esen\u021bial \u00een sistemele hidraulice, permi\u021b\u00e2nd mi\u0219carea \u0219i controlul uneltelor sau ata\u0219amentelor suplimentare. Ace\u0219ti cilindri nu numai c\u0103 ofer\u0103 o mi\u0219care lin\u0103, dar au \u0219i capacitatea de a rezista la sarcini grele, asigur\u00e2nd func\u021bionarea eficient\u0103 \u0219i fiabilitatea utilajelor \u00een diverse condi\u021bii de func\u021bionare.<\/p>\n<p><img decoding=\"async\" src=\"https:\/\/www.hydraulic-cylinders.net\/wp-content\/uploads\/2025\/01\/songte-company-2.webp\" alt=\"Imaginea cilindrului bra\u021bului\"><\/p>\n<h3>Caracteristici<\/h3>\n<ul>\n<li><strong>Transmisie eficient\u0103 a puterii:<\/strong> Cilindrul bra\u021bului ofer\u0103 o mi\u0219care liniar\u0103 puternic\u0103 \u0219i o for\u021b\u0103, asigur\u00e2nd performan\u021be ridicate ale bra\u021bului mecanic \u00een diverse opera\u021biuni.<\/li>\n<li><strong>Control precis:<\/strong> Prin intermediul sistemului hidraulic, cilindrul bra\u021bului poate realiza un control precis al mi\u0219c\u0103rii, f\u0103c\u00e2nd func\u021bionarea uneltelor suplimentare mai flexibil\u0103 \u0219i precis\u0103.<\/li>\n<li><strong>Durabilitate puternic\u0103:<\/strong> Cilindrul bra\u021bului este de obicei fabricat din materiale de \u00eenalt\u0103 rezisten\u021b\u0103, cu o bun\u0103 rezisten\u021b\u0103 la uzur\u0103 \u0219i coroziune, potrivite pentru utilizare pe termen lung \u00een medii dure.<\/li>\n<li><strong>Adaptabilitate multifunc\u021bional\u0103:<\/strong> Ace\u0219ti cilindri pot fi aplica\u021bi pe scar\u0103 larg\u0103 la diverse echipamente mecanice, cum ar fi excavatoare, macarale \u0219i bra\u021be mecanice, adapt\u00e2ndu-se la diferite cerin\u021be de lucru.<\/li>\n<li><strong>\u00centre\u021binere u\u0219oar\u0103:<\/strong> Concepute pentru \u00eentre\u021binere \u0219i \u00eenlocuire u\u0219oar\u0103, inspec\u021biile \u0219i \u00eentre\u021binerea regulat\u0103 devin mai convenabile, reduc\u00e2nd timpul de nefunc\u021bionare a echipamentelor.<\/li>\n<\/ul>\n<p>Putem produce acest produs \u0219i poate \u00eenlocui perfect ace\u0219ti cilindri hidraulici.<\/p>\n<p><img decoding=\"async\" src=\"https:\/\/www.hydraulic-cylinders.net\/wp-content\/uploads\/2025\/01\/songte-oil-pipes-and-spare-parts.webp\" alt=\"Imagine cilindru hidraulic\"><\/p>\n<h2>Aplica\u021bii<\/h2>\n<p>Cilindrul cu bra\u021b este utilizat pe scar\u0103 larg\u0103 \u00een diverse industrii, cum ar fi:<\/p>\n<ul>\n<li><strong>Inginerie Construc\u021bii:<\/strong> \u00cen excavatoare \u0219i macarale, cilindrul bra\u021bului este utilizat pentru a controla mi\u0219carea lope\u021bii sau a bra\u021bului pentru a efectua lucr\u0103ri de terasament, manipulare a materialelor \u0219i instalare structural\u0103.<\/li>\n<li><strong>Fabrica\u021bie:<\/strong> \u00cen liniile de produc\u021bie automatizate, cilindrul bra\u021bului este utilizat pentru a controla mi\u0219carea bra\u021bului mecanic pentru a efectua procese de asamblare, sudare \u0219i manipulare, \u00eembun\u0103t\u0103\u021bind eficien\u021ba \u0219i precizia produc\u021biei.<\/li>\n<li><strong>Ma\u0219ini agricole:<\/strong> \u00cen utilajele agricole, cum ar fi combinele de recoltat \u0219i sem\u0103n\u0103toarele, cilindrul bra\u021bului controleaz\u0103 mi\u0219carea bra\u021bului de operare pentru a efectua sarcini precum sem\u0103natul, fertilizarea \u0219i recoltarea.<\/li>\n<li><strong>Minerit:<\/strong> \u00cen echipamentele miniere, cilindrul bra\u021bului este utilizat pentru a controla mi\u0219carea bra\u021bului echipamentului minier pentru a efectua extrac\u021bia \u0219i transportul minereului.<\/li>\n<li><strong>Logistic\u0103 \u0219i transport:<\/strong> \u00cen cazul stivuitoarelor \u0219i robo\u021bilor de manipulare, cilindrul bra\u021bului este utilizat pentru a controla ridicarea \u0219i mi\u0219carea furcii, realiz\u00e2nd manipularea \u0219i stivuirea materialelor.<\/li>\n<\/ul>\n<h2>Considera\u021bii de proiectare \u0219i criterii de selec\u021bie<\/h2>\n<p>Din perspectiva designului, capacitatea portant\u0103, etan\u0219area, durabilitatea, siguran\u021ba \u0219i mentenan\u021ba cilindrului bra\u021bului sunt toate considera\u021bii importante. <\/p>\n<ul>\n<li><strong>Capacitate portant\u0103:<\/strong> Cilindrii bra\u021bului sunt proiecta\u021bi s\u0103 reziste la sarcini mari, a\u0219a c\u0103 este esen\u021bial s\u0103 se ia \u00een considerare capacitatea portant\u0103 a cilindrului \u00een func\u021bie de cerin\u021bele de func\u021bionare ale echipamentului.<\/li>\n<li><strong>Etan\u0219are:<\/strong> Utilizarea diferitelor garnituri, cum ar fi garniturile pistonului, garniturile tijei etc., fabricate din materiale rezistente la uzur\u0103, cum ar fi poliuretanul \u0219i cauciucul nitrilic, este crucial\u0103 pentru a asigura performan\u021ba de etan\u0219are a cilindrului bra\u021bului.<\/li>\n<li><strong>Durabilitate:<\/strong> Corpul cilindrului bra\u021bului \u0219i suprafa\u021ba cap\u0103tului filetat sunt supuse unei prelucr\u0103ri fine pentru a \u00eembun\u0103t\u0103\u021bi rezisten\u021ba la uzur\u0103 \u0219i la coroziune.<\/li>\n<li><strong>Siguran\u0163\u0103:<\/strong> Trebuie prev\u0103zute m\u0103suri de siguran\u021b\u0103, cum ar fi supape de siguran\u021b\u0103 \u0219i dispozitive tampon, pentru a preveni accidentele cauzate de supra\u00eenc\u0103rcare sau defec\u021biuni ale sistemului.<\/li>\n<li><strong>Mentenabilitate:<\/strong> Proiectul ar trebui s\u0103 ia \u00een considerare \u00eentre\u021binerea \u0219i \u00eenlocuirea u\u0219oar\u0103 a cilindrului pentru a reduce costurile de \u00eentre\u021binere \u0219i timpul de nefunc\u021bionare a echipamentelor.<\/li>\n<\/ul>\n<p><img decoding=\"async\" src=\"https:\/\/www.hydraulic-cylinders.net\/wp-content\/uploads\/2025\/01\/songte-cylinder-head-with-all-kinds-excavator-models.webp\" alt=\"Imagine cilindru hidraulic\"><\/p>\n<h2>Etan\u0219are \u0219i lubrifiere<\/h2>\n<p>Cilindrul bra\u021bului utilizeaz\u0103 diverse tipuri de etan\u0219\u0103ri, cum ar fi etan\u0219\u0103rile pistonului \u0219i etan\u0219\u0103rile tijei, fabricate din materiale rezistente la uzur\u0103, cum ar fi poliuretanul \u0219i cauciucul nitrilic. Corpul cilindrului \u0219i suprafa\u021ba filetat\u0103 a cap\u0103tului sunt supuse unor prelucr\u0103ri fine pentru a \u00eembun\u0103t\u0103\u021bi rezisten\u021ba la uzur\u0103 \u0219i rezisten\u021ba la coroziune. Necesit\u0103 o lubrifiere regulat\u0103 cu o cantitate adecvat\u0103 de ulei hidraulic pentru a-\u0219i men\u021bine performan\u021ba \u0219i a-i prelungi durata de via\u021b\u0103.<\/p>\n<p><img decoding=\"async\" src=\"https:\/\/www.hydraulic-cylinders.net\/wp-content\/uploads\/2025\/01\/songte-chushion-collar.webp\" alt=\"Imagine cilindru hidraulic\"><\/p>\n<h2>\u00centre\u021binere \u0219i depanare<\/h2>\n<p>Inspec\u021bia regulat\u0103 \u0219i \u00eentre\u021binerea preventiv\u0103 pot ajuta la prevenirea poten\u021bialelor probleme \u0219i la reducerea timpului de nefunc\u021bionare a echipamentelor. \u00cen caz de defec\u021biune, sunt necesare diagnosticarea \u0219i depanarea prompt\u0103. C\u00e2teva probleme comune \u0219i solu\u021biile acestora sunt urm\u0103toarele:<\/p>\n<ul>\n<li><strong>Vitez\u0103 redus\u0103 de func\u021bionare:<\/strong> Verifica\u021bi presiunea \u0219i debitul sistemului, inspecta\u021bi butelia pentru scurgeri \u0219i cur\u0103\u021ba\u021bi sau \u00eenlocui\u021bi filtrele.<\/li>\n<li><strong>For\u021b\u0103 insuficient\u0103:<\/strong> Verifica\u021bi presiunea sistemului, inspecta\u021bi butelia pentru scurgeri \u0219i regla\u021bi supapa de control.<\/li>\n<li><strong>Zgomot anormal:<\/strong> Verifica\u021bi presiunea \u0219i debitul sistemului, inspecta\u021bi butelia pentru a depista eventuale deterior\u0103ri sau contaminare \u0219i \u00eenlocui\u021bi componentele deteriorate.<\/li>\n<li><strong>Supra\u00eenc\u0103lzire:<\/strong> Verifica\u021bi presiunea \u0219i debitul sistemului, inspecta\u021bi butelia pentru scurgeri sau contaminare \u0219i cur\u0103\u021ba\u021bi sau \u00eenlocui\u021bi filtrele.<\/li>\n<\/ul>\n<p>Pentru a preveni poten\u021bialele probleme, sunt necesare inspec\u021bii \u0219i \u00eentre\u021binere regulate. Este important s\u0103 urma\u021bi instruc\u021biunile \u0219i instruc\u021biunile produc\u0103torului pentru \u00eentre\u021binerea \u0219i \u00eenlocuirea componentelor.<\/p>\n<h2>Ghid de instalare<\/h2>\n<p>Instalarea cilindrului bra\u021bului necesit\u0103 o preg\u0103tire \u0219i o manipulare atent\u0103 pentru a asigura siguran\u021ba \u0219i fiabilitatea sistemului. Se recomand\u0103 urm\u0103torii pa\u0219i:<\/p>\n<ol>\n<li>Preg\u0103ti\u021bi locul de munc\u0103 \u0219i uneltele \u0219i echipamentele necesare pentru instalare.<\/li>\n<li>Verifica\u021bi cilindrul \u0219i componentele aferente pentru a depista eventuale deterior\u0103ri sau contamin\u0103ri.<\/li>\n<li>Cur\u0103\u021ba\u021bi suprafa\u021ba \u0219i componentele de instalare pentru a \u00eendep\u0103rta orice murd\u0103rie sau resturi.<\/li>\n<li>Aplica\u021bi o cantitate adecvat\u0103 de lubrifiant pe suprafa\u021ba cap\u0103tului filetat al cilindrului \u0219i instala\u021bi-l pe echipament.<\/li>\n<li>Str\u00e2nge\u021bi piuli\u021bele conform set\u0103rilor de cuplu recomandate de produc\u0103tor.<\/li>\n<li>Conecta\u021bi furtunurile \u0219i conductele hidraulice \u0219i verifica\u021bi dac\u0103 exist\u0103 scurgeri.<\/li>\n<li>Testa\u021bi sistemul \u0219i regla\u021bi supapa de control pentru o performan\u021b\u0103 optim\u0103.<\/li>\n<\/ol>\n<p><img decoding=\"async\" src=\"https:\/\/www.hydraulic-cylinders.net\/wp-content\/uploads\/2025\/01\/songte-bushings-with-all-kinds-of-excavator-models.webp\" alt=\"Imagine cilindru hidraulic\"><\/p>\n<h2>Considera\u021bii de siguran\u021b\u0103 \u0219i factori de mediu<\/h2>\n<p>C\u00e2nd utiliza\u021bi cilindrul bra\u021bului, este esen\u021bial s\u0103 respecta\u021bi reglement\u0103rile \u0219i instruc\u021biunile de siguran\u021b\u0103 pentru a preveni accidentele \u0219i a asigura func\u021bionarea \u00een siguran\u021b\u0103. Trebuie prev\u0103zute m\u0103suri de siguran\u021b\u0103, cum ar fi supapele de siguran\u021b\u0103 \u0219i dispozitivele tampon, pentru a preveni accidentele cauzate de supra\u00eenc\u0103rcare sau defec\u021biuni ale sistemului. De asemenea, trebuie lua\u021bi \u00een considerare factorii de mediu, cum ar fi temperatura, umiditatea \u0219i substan\u021bele corozive, pentru a asigura performan\u021ba optim\u0103 \u0219i durata de via\u021b\u0103 a cilindrului.<\/p>\n<h2>Despre noi<\/h2>\n<p>Suntem un produc\u0103tor profesionist de cilindri hidraulici cu o gam\u0103 larg\u0103 de produse \u0219i am devenit unul dintre principalii produc\u0103tori \u0219i distribuitori angro de cilindri hidraulici pe pie\u021bele interne \u0219i interna\u021bionale. Respect\u0103m \u00eentotdeauna principiul calit\u0103\u021bii excelente \u0219i ne \u00eembun\u0103t\u0103\u021bim continuu tehnologia \u0219i eficien\u021ba produc\u021biei, baz\u00e2ndu-ne pe strategia de management al produc\u021biei prin industrializare a unui atelier de fabrica\u021bie sofisticat. Prin introducerea de echipamente digitale de fabrica\u021bie de ultim\u0103 genera\u021bie \u0219i sisteme profesionale de testare, optimiz\u0103m constant platforma de fabrica\u021bie, \u00eembun\u0103t\u0103\u021bim procesul de control al calit\u0103\u021bii produselor \u0219i avem capacit\u0103\u021bi puternice de inovare. Scopul nostru este de a satisface nevoile diverse ale clien\u021bilor cu eficien\u021b\u0103 ridicat\u0103, precizie \u0219i calitate \u00eenalt\u0103.<\/p>\n<p>Oferim servicii profesionale, certificate interna\u021bional, personalizate, echipamente de produc\u021bie avansate \u0219i servicii post-v\u00e2nzare excelente pentru a asigura calitatea produselor \u0219i satisfac\u021bia clien\u021bilor.<\/p>\n<p><img decoding=\"async\" src=\"https:\/\/www.hydraulic-cylinders.net\/wp-content\/uploads\/2025\/01\/songte-company-4.webp\" alt=\"Imaginea companiei\"><br \/>\n<img decoding=\"async\" src=\"https:\/\/www.hydraulic-cylinders.net\/wp-content\/uploads\/2025\/01\/songte-company-3.webp\" alt=\"Imaginea companiei\"><\/p>\n<p>Autor: lyl.<\/p>","protected":false},"excerpt":{"rendered":"<p>Arm Cylinder for Sumitomo Small Excavator SH60 Introduction An arm cylinder is a type of hydraulic cylinder designed specifically to provide linear motion and power to the arms of various types of machinery, such as excavators, cranes, and mechanical arms. The arm cylinder plays a critical role in hydraulic systems, enabling the movement and control [&hellip;]<\/p>","protected":false},"featured_media":14759,"comment_status":"open","ping_status":"closed","template":"","meta":{"_et_pb_use_builder":"","_et_pb_old_content":"","_et_gb_content_width":""},"product_brand":[],"product_cat":[1497],"product_tag":[1498,1496],"class_list":{"0":"post-16092","1":"product","2":"type-product","3":"status-publish","4":"has-post-thumbnail","6":"product_cat-arm-cylinders","7":"product_tag-arm-cylinders","8":"product_tag-hydraulic-cylinders","10":"first","11":"instock","12":"shipping-taxable","13":"product-type-simple"},"amp_enabled":true,"_links":{"self":[{"href":"https:\/\/www.hydraulic-cylinders.net\/ro\/wp-json\/wp\/v2\/product\/16092","targetHints":{"allow":["GET"]}}],"collection":[{"href":"https:\/\/www.hydraulic-cylinders.net\/ro\/wp-json\/wp\/v2\/product"}],"about":[{"href":"https:\/\/www.hydraulic-cylinders.net\/ro\/wp-json\/wp\/v2\/types\/product"}],"replies":[{"embeddable":true,"href":"https:\/\/www.hydraulic-cylinders.net\/ro\/wp-json\/wp\/v2\/comments?post=16092"}],"wp:featuredmedia":[{"embeddable":true,"href":"https:\/\/www.hydraulic-cylinders.net\/ro\/wp-json\/wp\/v2\/media\/14759"}],"wp:attachment":[{"href":"https:\/\/www.hydraulic-cylinders.net\/ro\/wp-json\/wp\/v2\/media?parent=16092"}],"wp:term":[{"taxonomy":"product_brand","embeddable":true,"href":"https:\/\/www.hydraulic-cylinders.net\/ro\/wp-json\/wp\/v2\/product_brand?post=16092"},{"taxonomy":"product_cat","embeddable":true,"href":"https:\/\/www.hydraulic-cylinders.net\/ro\/wp-json\/wp\/v2\/product_cat?post=16092"},{"taxonomy":"product_tag","embeddable":true,"href":"https:\/\/www.hydraulic-cylinders.net\/ro\/wp-json\/wp\/v2\/product_tag?post=16092"}],"curies":[{"name":"wp","href":"https:\/\/api.w.org\/{rel}","templated":true}]}}