{"id":16100,"date":"2025-01-20T08:28:44","date_gmt":"2025-01-20T08:28:44","guid":{"rendered":"https:\/\/www.hydraulic-cylinders.net\/product\/arm-cylinderfor-sumitomo-middle-excavator-sh200a1a2a3\/"},"modified":"2025-01-20T08:28:46","modified_gmt":"2025-01-20T08:28:46","slug":"arm-cylinderfor-sumitomo-middle-excavator-sh200a1a2a3","status":"publish","type":"product","link":"https:\/\/www.hydraulic-cylinders.net\/ro\/produs\/arm-cylinderfor-sumitomo-middle-excavator-sh200a1a2a3\/","title":{"rendered":"Cilindru bra\u021b pentru excavatorul mijlociu Sumitomo SH200A1A2A3"},"content":{"rendered":"<p>Cilindru bra\u021b pentru excavatorul mijlociu Sumitomo SH200A1A2A3<\/p>\n<p>Cilindrii hidraulici sunt cilindri hidraulici special concepu\u021bi pentru a oferi mi\u0219care liniar\u0103 \u0219i putere bra\u021belor diferitelor tipuri de utilaje, cum ar fi excavatoare, macarale \u0219i bra\u021be mecanice. Ace\u0219ti cilindri joac\u0103 un rol cheie \u00een sistemele hidraulice, permi\u021b\u00e2nd mi\u0219c\u0103rii \u0219i control\u0103rii eficiente a sculelor sau ata\u0219amentelor suplimentare. Nu numai c\u0103 permit o mi\u0219care lin\u0103, dar rezist\u0103 \u0219i la sarcini grele, asigur\u00e2nd func\u021bionarea eficient\u0103 \u0219i fiabilitatea utilajelor \u00een diverse condi\u021bii de func\u021bionare.<\/p>\n<p><img decoding=\"async\" src=\"https:\/\/www.hydraulic-cylinders.net\/wp-content\/uploads\/2025\/01\/songte-company-2.webp\" alt=\"Cilindru bra\u021b\" \/><\/p>\n<p>Caracteristici:<br \/>\n\u2013 Transmisie de \u00eenalt\u0103 eficien\u021b\u0103: Cilindrul bra\u021bului ofer\u0103 o mi\u0219care liniar\u0103 puternic\u0103 \u0219i o for\u021b\u0103 puternic\u0103, asigur\u00e2nd performan\u021be de \u00eenalt\u0103 eficien\u021b\u0103 ale bra\u021belor mecanice \u00een timpul diverselor opera\u021biuni.<br \/>\n\u2013 Control precis: Cilindrul bra\u021bului poate realiza un control precis al mi\u0219c\u0103rii prin intermediul sistemului hidraulic, ceea ce face ca opera\u021biunile uneltelor s\u0103 fie mai flexibile \u0219i mai precise.<br \/>\n\u2013 Durabilitate mare: Cilindrul bra\u021bului este de obicei fabricat din materiale de \u00eenalt\u0103 rezisten\u021b\u0103, cu rezisten\u021b\u0103 bun\u0103 la uzur\u0103 \u0219i coroziune, potrivit pentru utilizare pe termen lung \u00een medii dure.<br \/>\n\u2013 Adaptabilitate multifunc\u021bional\u0103: Ace\u0219ti cilindri pot fi utiliza\u021bi pe scar\u0103 larg\u0103 \u00een diverse tipuri de utilaje, cum ar fi excavatoare, macarale \u0219i bra\u021be mecanice, pentru a se adapta la diferite cerin\u021be de lucru.<br \/>\n\u2013 \u00centre\u021binere u\u0219oar\u0103: Designul ia \u00een considerare u\u0219urin\u021ba \u00eentre\u021binerii \u0219i \u00eenlocuirii, ceea ce face ca inspec\u021biile \u0219i \u00eentre\u021binerea regulat\u0103 s\u0103 fie mai convenabile, reduc\u00e2nd timpul de nefunc\u021bionare a echipamentelor.<\/p>\n<p>Produsul nostru poate \u00eenlocui perfect ace\u0219ti cilindri hidraulici. <\/p>\n<p><img decoding=\"async\" src=\"https:\/\/www.hydraulic-cylinders.net\/wp-content\/uploads\/2025\/01\/songte-oil-pipes-and-spare-parts.webp\" alt=\"Conducte de petrol \u0219i piese de schimb\" \/><\/p>\n<p>Aplica\u021bii:<br \/>\n\u2013 Inginerie de construc\u021bii: \u00cen excavatoare \u0219i macarale, cilindrii bra\u021bului sunt utiliza\u021bi pentru a controla mi\u0219carea cupelor sau a bra\u021belor pentru lucr\u0103ri de terasament, manipularea materialelor \u0219i instalarea structural\u0103.<br \/>\n\u2013 Industria prelucr\u0103toare: \u00cen liniile de produc\u021bie automatizate, cilindrii bra\u021bului sunt utiliza\u021bi pentru mi\u0219carea bra\u021belor mecanice \u00een procesele de asamblare, sudare \u0219i manipulare, \u00eembun\u0103t\u0103\u021bind eficien\u021ba \u0219i precizia produc\u021biei.<br \/>\n\u2013 Ma\u0219ini agricole: \u00cen cazul ma\u0219inilor agricole, cum ar fi combinele de recoltat \u0219i sem\u0103n\u0103toarele, cilindrii bra\u021bului controleaz\u0103 mi\u0219carea bra\u021belor de operare pentru a efectua sarcini precum plantarea, fertilizarea \u0219i recoltarea.<br \/>\n\u2013 Minerit: \u00cen echipamentele miniere, cilindrii bra\u021bului sunt utiliza\u021bi pentru a controla mi\u0219carea bra\u021belor echipamentelor miniere pentru a mina \u0219i transporta minereul.<br \/>\n\u2013 Logistic\u0103 \u0219i transport: \u00cen cazul stivuitoarelor \u0219i robo\u021bilor de manipulare, cilindrii bra\u021bului sunt utiliza\u021bi pentru a controla ridicarea \u0219i mi\u0219carea furcilor, realiz\u00e2nd manipularea \u0219i stivuirea materialelor.<\/p>\n<p>Considera\u021bii de proiectare \u0219i criterii de selec\u021bie:<br \/>\n\u2013 Capacitate portant\u0103: Cilindrul bra\u021bului trebuie s\u0103 aib\u0103 o capacitate portant\u0103 suficient\u0103 pentru a asigura func\u021bionarea \u00een siguran\u021b\u0103 a utilajelor \u00een diferite condi\u021bii de lucru.<br \/>\n\u2013 Etan\u0219are: Se utilizeaz\u0103 diverse piese de etan\u0219are, cum ar fi etan\u0219\u0103rile pistonului \u0219i ale tijei, \u0219i sunt selectate materiale rezistente la uzur\u0103, cum ar fi poliuretanul \u0219i cauciucul nitrilic. Prelucrarea fin\u0103 a corpului cilindrului \u0219i a suprafe\u021bei cap\u0103tului filetat \u00eembun\u0103t\u0103\u021be\u0219te rezisten\u021ba la uzur\u0103.<br \/>\n\u2013 Durabilitate: Cilindrul bra\u021bului trebuie s\u0103 fie suficient de durabil pentru a rezista la medii de lucru dure \u0219i a asigura utilizarea pe termen lung.<br \/>\n\u2013 Siguran\u021b\u0103: Cilindrul bra\u021bului trebuie proiectat av\u00e2nd \u00een vedere siguran\u021ba pentru a preveni accidentele \u0219i a asigura siguran\u021ba personalului \u0219i a utilajelor.<br \/>\n\u2013 \u00centre\u021binere: Designul ar trebui s\u0103 fie u\u0219or de \u00eentre\u021binut \u0219i \u00eenlocuit, facilit\u00e2nd inspec\u021biile \u0219i \u00eentre\u021binerea regulat\u0103 \u0219i reduc\u00e2nd timpul de nefunc\u021bionare a echipamentelor.<\/p>\n<p><img decoding=\"async\" src=\"https:\/\/www.hydraulic-cylinders.net\/wp-content\/uploads\/2025\/01\/songte-cylinder-head-with-all-kinds-excavator-models.webp\" alt=\"Chiulas\u0103\" \/><\/p>\n<p>Etan\u0219are \u0219i lubrifiere:<br \/>\n\u2013 Se utilizeaz\u0103 diverse piese de etan\u0219are, cum ar fi etan\u0219\u0103rile pistonului \u0219i etan\u0219\u0103rile tijei, \u0219i se selecteaz\u0103 materiale rezistente la uzur\u0103, cum ar fi poliuretanul \u0219i cauciucul nitrilic.<br \/>\n\u2013 Corpul cilindrului \u0219i suprafa\u021ba cap\u0103tului filetat sunt prelucrate fin pentru a \u00eembun\u0103t\u0103\u021bi rezisten\u021ba la uzur\u0103.<br \/>\n\u2013 Este necesar\u0103 ad\u0103ugarea regulat\u0103 de ulei hidraulic adecvat pentru lubrifiere.<\/p>\n<p>Inspec\u021bie regulat\u0103 \u0219i m\u0103suri de \u00eentre\u021binere preventiv\u0103:<br \/>\n\u2013 Inspec\u021bia \u0219i \u00eentre\u021binerea regulat\u0103 a cilindrului bra\u021bului sunt necesare pentru a asigura func\u021bionarea sa stabil\u0103.<br \/>\n\u2013 Este necesar\u0103 detectarea \u0219i depanarea condi\u021biilor anormale \u00een timp util pentru a preveni defec\u021biunile echipamentelor \u0219i a reduce timpul de nefunc\u021bionare a acestora.<br \/>\n\u2013 \u00cenlocuirea regulat\u0103 a pieselor uzate sau deteriorate va ajuta la prelungirea duratei de via\u021b\u0103 a cilindrului bra\u021bului.<\/p>\n<p>Ghid de instalare corect\u0103 a produsului:<br \/>\n\u2013 Instalarea cilindrului bra\u021bului trebuie efectuat\u0103 \u00een conformitate cu instruc\u021biunile de instalare pentru a asigura func\u021bionarea stabil\u0103 a acestuia \u0219i a evita accidentele.<br \/>\n\u2013 Instalarea trebuie efectuat\u0103 de c\u0103tre profesioni\u0219ti \u0219i necesit\u0103 unelte \u0219i echipamente adecvate.<\/p>\n<p><img decoding=\"async\" src=\"https:\/\/www.hydraulic-cylinders.net\/wp-content\/uploads\/2025\/01\/songte-bushings-with-all-kinds-of-excavator-models.webp\" alt=\"Buc\u0219e\" \/><\/p>\n<p>Considera\u021bii de siguran\u021b\u0103 \u0219i factori de mediu:<br \/>\n\u2013 \u00cen timpul instal\u0103rii \u0219i func\u021bion\u0103rii trebuie luate m\u0103suri de siguran\u021b\u0103 pentru a preveni accidentele \u0219i a asigura siguran\u021ba personalului \u0219i a utilajelor.<br \/>\n\u2013 \u00cen timpul utiliz\u0103rii, trebuie lua\u021bi \u00een considerare factorii de mediu precum temperatura, umiditatea \u0219i praful \u0219i trebuie luate m\u0103suri adecvate pentru a asigura func\u021bionarea stabil\u0103 a cilindrului bra\u021bului.<\/p>\n<p>Defec\u021biuni frecvente \u0219i depanare:<br \/>\n\u2013 Scurgeri de ulei hidraulic: Verifica\u021bi dac\u0103 exist\u0103 deterior\u0103ri ale pieselor de etan\u0219are \u0219i \u00eenlocui\u021bi-le la timp.<br \/>\n\u2013 Zgomot sau vibra\u021bii anormale: Verifica\u021bi dac\u0103 cilindrul este deteriorat sau dac\u0103 tija pistonului este \u00eendoit\u0103 \u0219i \u00eenlocui\u021bi-o sau repara\u021bi-o la timp.<br \/>\n\u2013 Capacitate portant\u0103 insuficient\u0103: Verifica\u021bi dac\u0103 cilindrul are o capacitate portant\u0103 suficient\u0103 \u0219i, dac\u0103 este necesar, \u00eenlocui\u021bi-l cu un model cu o capacitate portant\u0103 mai mare.<\/p>\n<p>M\u0103suri preventive:<br \/>\n\u2013 Inspec\u021bia \u0219i \u00eentre\u021binerea regulat\u0103 pot preveni eficient poten\u021bialele defec\u021biuni \u0219i pot asigura func\u021bionarea stabil\u0103 a cilindrului bra\u021bului.<\/p>\n<p>Compania noastr\u0103 este un produc\u0103tor profesionist de cilindri hidraulici de \u00eenlocuire, cu o gam\u0103 larg\u0103 de produse. Am devenit unul dintre principalii produc\u0103tori \u0219i distribuitori angro de cilindri hidraulici pe pie\u021bele interne \u0219i externe. Respect\u0103m \u00eentotdeauna principiul calit\u0103\u021bii excelente \u0219i ne baz\u0103m pe strategii industrializate de management al produc\u021biei \u00een ateliere de produc\u021bie fin\u0103 pentru a ne \u00eembun\u0103t\u0103\u021bi continuu nivelul tehnic \u0219i eficien\u021ba produc\u021biei. Avem o puternic\u0103 capacitate de inovare prin introducerea de echipamente digitale de produc\u021bie de ultim\u0103 genera\u021bie \u0219i sisteme profesionale de testare, optimizarea platformei de produc\u021bie \u0219i \u00eembun\u0103t\u0103\u021birea procesului de control al calit\u0103\u021bii produselor. Scopul nostru este de a satisface nevoile diversificate ale clien\u021bilor no\u0219tri cu principii eficiente, precise \u0219i de \u00eenalt\u0103 calitate.<\/p>\n<p>Profesionalismul, certificarea interna\u021bional\u0103, serviciile personalizate, echipamentele de produc\u021bie \u0219i service-ul post-v\u00e2nzare sunt punctele forte ale companiei noastre.<\/p>\n<p><img decoding=\"async\" src=\"https:\/\/www.hydraulic-cylinders.net\/wp-content\/uploads\/2025\/01\/songte-company-4.webp\" alt=\"Compania 4\" \/><\/p>\n<p><img decoding=\"async\" src=\"https:\/\/www.hydraulic-cylinders.net\/wp-content\/uploads\/2025\/01\/songte-company-3.webp\" alt=\"Compania 3\" \/><\/p>\n<p>Autor: lyl.<\/p>","protected":false},"excerpt":{"rendered":"<p>Arm Cylinder For Sumitomo Middle Excavator SH200A1A2A3 Arm cylinders are hydraulic cylinders specially designed to provide linear motion and power to the arms of various types of machinery, such as excavators, cranes, and mechanical arms. These cylinders play a key role in hydraulic systems, allowing additional tools or attachments to move and be controlled effectively. [&hellip;]<\/p>","protected":false},"featured_media":14766,"comment_status":"open","ping_status":"closed","template":"","meta":{"_et_pb_use_builder":"","_et_pb_old_content":"","_et_gb_content_width":""},"product_brand":[],"product_cat":[1497],"product_tag":[1498,1496],"class_list":{"0":"post-16100","1":"product","2":"type-product","3":"status-publish","4":"has-post-thumbnail","6":"product_cat-arm-cylinders","7":"product_tag-arm-cylinders","8":"product_tag-hydraulic-cylinders","10":"first","11":"instock","12":"shipping-taxable","13":"product-type-simple"},"amp_enabled":true,"_links":{"self":[{"href":"https:\/\/www.hydraulic-cylinders.net\/ro\/wp-json\/wp\/v2\/product\/16100","targetHints":{"allow":["GET"]}}],"collection":[{"href":"https:\/\/www.hydraulic-cylinders.net\/ro\/wp-json\/wp\/v2\/product"}],"about":[{"href":"https:\/\/www.hydraulic-cylinders.net\/ro\/wp-json\/wp\/v2\/types\/product"}],"replies":[{"embeddable":true,"href":"https:\/\/www.hydraulic-cylinders.net\/ro\/wp-json\/wp\/v2\/comments?post=16100"}],"wp:featuredmedia":[{"embeddable":true,"href":"https:\/\/www.hydraulic-cylinders.net\/ro\/wp-json\/wp\/v2\/media\/14766"}],"wp:attachment":[{"href":"https:\/\/www.hydraulic-cylinders.net\/ro\/wp-json\/wp\/v2\/media?parent=16100"}],"wp:term":[{"taxonomy":"product_brand","embeddable":true,"href":"https:\/\/www.hydraulic-cylinders.net\/ro\/wp-json\/wp\/v2\/product_brand?post=16100"},{"taxonomy":"product_cat","embeddable":true,"href":"https:\/\/www.hydraulic-cylinders.net\/ro\/wp-json\/wp\/v2\/product_cat?post=16100"},{"taxonomy":"product_tag","embeddable":true,"href":"https:\/\/www.hydraulic-cylinders.net\/ro\/wp-json\/wp\/v2\/product_tag?post=16100"}],"curies":[{"name":"wp","href":"https:\/\/api.w.org\/{rel}","templated":true}]}}