{"id":16103,"date":"2025-01-20T08:28:58","date_gmt":"2025-01-20T08:28:58","guid":{"rendered":"https:\/\/www.hydraulic-cylinders.net\/product\/arm-cylinderfor-sumitomo-middle-excavator-sh240-5lr\/"},"modified":"2025-01-20T08:29:00","modified_gmt":"2025-01-20T08:29:00","slug":"arm-cylinderfor-sumitomo-middle-excavator-sh240-5lr","status":"publish","type":"product","link":"https:\/\/www.hydraulic-cylinders.net\/ro\/produs\/arm-cylinderfor-sumitomo-middle-excavator-sh240-5lr\/","title":{"rendered":"Cilindru bra\u021b pentru excavatorul mijlociu Sumitomo SH240-5LR"},"content":{"rendered":"<h1>Cilindru bra\u021b pentru excavatorul mijlociu Sumitomo SH240-5LR<\/h1>\n<h2>Introducere<\/h2>\n<p>Cilindrul de bra\u021b este un cilindru hidraulic special conceput care ofer\u0103 mi\u0219care liniar\u0103 \u0219i putere bra\u021bului diferitelor utilaje, cum ar fi excavatoare, macarale \u0219i bra\u021be robotizate. Acesta joac\u0103 un rol crucial \u00een sistemele hidraulice, permi\u021b\u00e2nd mi\u0219carea \u0219i controlul eficient al ata\u0219amentelor sau accesoriilor. Ace\u0219ti cilindri nu numai c\u0103 permit o mi\u0219care lin\u0103, dar au \u0219i capacitatea de a rezista la sarcini grele, asigur\u00e2nd o func\u021bionare eficient\u0103 \u0219i fiabilitate \u00een diverse condi\u021bii de lucru.<\/p>\n<p><img decoding=\"async\" src=\"https:\/\/www.hydraulic-cylinders.net\/wp-content\/uploads\/2025\/01\/songte-company-2.webp\" alt=\"Imaginea cilindrului bra\u021bului\"><\/p>\n<h2>Caracteristici<\/h2>\n<ul>\n<li><strong>Transmisie de \u00eenalt\u0103 eficien\u021b\u0103:<\/strong> Cilindrul bra\u021bului ofer\u0103 o mi\u0219care liniar\u0103 puternic\u0103 \u0219i o for\u021b\u0103, asigur\u00e2nd o eficien\u021b\u0103 ridicat\u0103 \u00een diverse opera\u021biuni.<\/li>\n<li><strong>Control precis:<\/strong> Prin intermediul sistemului hidraulic, cilindrul bra\u021bului permite un control precis al mi\u0219c\u0103rii, f\u0103c\u00e2nd operarea ata\u0219amentelor mai flexibil\u0103 \u0219i precis\u0103.<\/li>\n<li><strong>Durabilitate:<\/strong> Cilindrii cu bra\u021b sunt de obicei fabrica\u021bi din materiale de \u00eenalt\u0103 rezisten\u021b\u0103, oferind o rezisten\u021b\u0103 excelent\u0103 la uzur\u0103 \u0219i coroziune, ceea ce \u00eei face potrivi\u021bi pentru utilizare pe termen lung \u00een medii dure.<\/li>\n<li><strong>Adaptabilitate versatil\u0103:<\/strong> Ace\u0219ti cilindri \u00ee\u0219i g\u0103sesc aplica\u021bii extinse \u00eentr-o gam\u0103 larg\u0103 de utilaje, cum ar fi excavatoare, macarale \u0219i bra\u021be robotizate, r\u0103spunz\u00e2nd diferitelor cerin\u021be de lucru.<\/li>\n<li><strong>\u00centre\u021binere u\u0219oar\u0103:<\/strong> Conceput pentru u\u0219urin\u021ba \u00eentre\u021binerii \u0219i \u00eenlocuirii, cilindrul bra\u021bului permite inspec\u021bii \u0219i \u00eentre\u021binere regulate convenabile, reduc\u00e2nd timpul de nefunc\u021bionare a echipamentelor.<\/li>\n<\/ul>\n<p><img decoding=\"async\" src=\"https:\/\/www.hydraulic-cylinders.net\/wp-content\/uploads\/2025\/01\/songte-oil-pipes-and-spare-parts.webp\" alt=\"Imagine de \u00eenlocuire a cilindrului bra\u021bului\"><\/p>\n<h2>Aplica\u021bii<\/h2>\n<p>Cilindrul cu bra\u021b \u00ee\u0219i g\u0103se\u0219te aplica\u021bii \u00een diverse industrii \u0219i sectoare:<\/p>\n<ul>\n<li><strong>Inginerie Construc\u021bii:<\/strong> La excavatoare \u0219i macarale, cilindrul bra\u021bului controleaz\u0103 mi\u0219carea cupelor sau a bra\u021belor pentru lucr\u0103ri de terasament, manipularea materialelor \u0219i instalarea structural\u0103.<\/li>\n<li><strong>Industria prelucr\u0103toare:<\/strong> \u00cen liniile de produc\u021bie automatizate, cilindrul bra\u021bului faciliteaz\u0103 mi\u0219carea bra\u021belor robotizate pentru procesele de asamblare, sudare \u0219i manipulare a materialelor, sporind eficien\u021ba \u0219i precizia produc\u021biei.<\/li>\n<li><strong>Ma\u0219ini agricole:<\/strong> \u00cen echipamentele agricole, cum ar fi combinele de recoltat \u0219i sem\u0103n\u0103toarele, cilindrul bra\u021bului controleaz\u0103 mi\u0219carea bra\u021belor de operare pentru sarcini precum sem\u0103natul, fertilizarea \u0219i recoltarea.<\/li>\n<li><strong>Minerit:<\/strong> \u00cen echipamentele miniere, cilindrul bra\u021bului controleaz\u0103 mi\u0219carea bra\u021bului utilajelor miniere, facilit\u00e2nd extrac\u021bia \u0219i transportul minereului.<\/li>\n<li><strong>Logistic\u0103 \u0219i transport:<\/strong> \u00cen cazul stivuitoarelor \u0219i robo\u021bilor de manipulare, cilindrul bra\u021bului controleaz\u0103 ridicarea \u0219i mi\u0219carea furcilor, permi\u021b\u00e2nd manipularea \u0219i stivuirea materialelor.<\/li>\n<\/ul>\n<h2>Considera\u021bii de proiectare \u0219i criterii de selec\u021bie<\/h2>\n<p>La proiectarea cilindrului bra\u021bului, se iau \u00een considerare mai mul\u021bi factori cheie \u0219i criterii de selec\u021bie:<\/p>\n<ul>\n<li><strong>Capacitate portant\u0103:<\/strong> Cilindrul bra\u021bului este proiectat s\u0103 reziste cerin\u021belor de sarcin\u0103 specificate, asigur\u00e2nd o func\u021bionare sigur\u0103 \u0219i eficient\u0103.<\/li>\n<li><strong>Etan\u0219are:<\/strong> Se utilizeaz\u0103 diverse componente de etan\u0219are, cum ar fi etan\u0219\u0103rile pistonului \u0219i etan\u0219\u0103rile tijei, fabricate din materiale precum poliuretanul \u0219i cauciucul nitrilic, oferind o rezisten\u021b\u0103 excelent\u0103 la uzur\u0103. Corpul cilindrului \u0219i capetele filetate sunt prelucrate fin pentru a spori durabilitatea.<\/li>\n<li><strong>Durabilitate:<\/strong> Cilindrul bra\u021bului este fabricat din materiale de \u00eenalt\u0103 calitate \u0219i este supus unor m\u0103suri stricte de control al calit\u0103\u021bii pentru a asigura durabilitatea \u0219i longevitatea.<\/li>\n<li><strong>Siguran\u0163\u0103:<\/strong> Caracteristicile de siguran\u021b\u0103, cum ar fi protec\u021bia la suprasarcin\u0103 \u0219i mecanismele de oprire de urgen\u021b\u0103, sunt \u00eencorporate \u00een proiect pentru a asigura o func\u021bionare \u00een siguran\u021b\u0103.<\/li>\n<li><strong>Mentenabilitate:<\/strong> Designul permite \u00eentre\u021binerea \u0219i \u00eenlocuirea u\u0219oar\u0103 a componentelor, reduc\u00e2nd la minimum timpul de nefunc\u021bionare \u0219i costurile de \u00eentre\u021binere.<\/li>\n<\/ul>\n<p><img decoding=\"async\" src=\"https:\/\/www.hydraulic-cylinders.net\/wp-content\/uploads\/2025\/01\/songte-cylinder-head-with-all-kinds-excavator-models.webp\" alt=\"Imagine de design a cilindrului bra\u021bului\"><\/p>\n<h2>Etan\u0219are \u0219i lubrifiere<\/h2>\n<p>Cilindrul cu bra\u021b utilizeaz\u0103 diverse componente de etan\u0219are, cum ar fi etan\u0219\u0103rile pistonului \u0219i etan\u0219\u0103rile tijei, care sunt fabricate din materiale rezistente la uzur\u0103, precum poliuretanul \u0219i cauciucul nitrilic. Corpul cilindrului \u0219i capetele filetate sunt supuse unor prelucr\u0103ri meticuloase pentru a \u00eembun\u0103t\u0103\u021bi rezisten\u021ba la uzur\u0103. Lubrifierea regulat\u0103 cu o cantitate adecvat\u0103 de ulei hidraulic este necesar\u0103 pentru a asigura o func\u021bionare f\u0103r\u0103 probleme.<\/p>\n<h2>Inspec\u021bie regulat\u0103 \u0219i \u00eentre\u021binere preventiv\u0103<\/h2>\n<p>Pentru a men\u021bine performan\u021ba optim\u0103 \u0219i a prelungi durata de via\u021b\u0103 a cilindrului bra\u021bului, se recomand\u0103 inspec\u021bii regulate \u0219i \u00eentre\u021binere preventiv\u0103:<\/p>\n<ul>\n<li>Verifica\u021bi toate garniturile \u0219i componentele pentru uzur\u0103 sau deteriorare.<\/li>\n<li>Cur\u0103\u021ba\u021bi cilindrul \u0219i \u00eendep\u0103rta\u021bi orice reziduuri sau contaminan\u021bi.<\/li>\n<li>Verifica\u021bi nivelul lichidului hidraulic \u0219i completa\u021bi dac\u0103 este necesar.<\/li>\n<li>Monitoriza\u021bi orice zgomot sau vibra\u021bii anormale \u00een timpul func\u021bion\u0103rii.<\/li>\n<li>Str\u00e2nge\u021bi orice conexiuni sau fitinguri sl\u0103bite.<\/li>\n<\/ul>\n<h2>Ghid de instalare a produsului<\/h2>\n<p>Instalarea corect\u0103 este esen\u021bial\u0103 pentru func\u021bionarea optim\u0103 a cilindrului bra\u021bului. Urma\u021bi ace\u0219ti pa\u0219i pentru a asigura o instalare corect\u0103:<\/p>\n<ol>\n<li>Preg\u0103ti\u021bi zona de instalare \u0219i asigura\u021bi-v\u0103 c\u0103 este curat\u0103 \u0219i lipsit\u0103 de resturi.<\/li>\n<li>Verifica\u021bi cilindrul bra\u021bului pentru a depista eventuale deterior\u0103ri sau defecte \u00eenainte de instalare.<\/li>\n<li>Fixa\u021bi \u00een siguran\u021b\u0103 cilindrul la punctele de montare desemnate folosind \u0219uruburi sau elemente de fixare corespunz\u0103toare.<\/li>\n<li>Conecta\u021bi furtunurile hidraulice \u0219i asigura\u021bi o etan\u0219are corespunz\u0103toare.<\/li>\n<li>Testa\u021bi func\u021bionarea cilindrului bra\u021bului pentru a asigura o mi\u0219care \u0219i o func\u021bionalitate lin\u0103.<\/li>\n<\/ol>\n<p><img decoding=\"async\" src=\"https:\/\/www.hydraulic-cylinders.net\/wp-content\/uploads\/2025\/01\/songte-bushings-with-all-kinds-of-excavator-models.webp\" alt=\"Imagine de instalare a cilindrului bra\u021bului\"><\/p>\n<h2>Considera\u021bii de siguran\u021b\u0103 \u0219i factori de mediu<\/h2>\n<p>Atunci c\u00e2nd se utilizeaz\u0103 Cilindrul Bra\u021bului, m\u0103surile de siguran\u021b\u0103 sunt de maxim\u0103 importan\u021b\u0103. Respectarea instruc\u021biunilor \u0219i reglement\u0103rilor de siguran\u021b\u0103 asigur\u0103 bun\u0103starea operatorilor \u0219i previne accidentele. \u00cen plus, factorii de mediu, cum ar fi gestionarea adecvat\u0103 a de\u0219eurilor \u0219i respectarea reglement\u0103rilor de mediu, trebuie lua\u021bi \u00een considerare pentru a minimiza impactul asupra mediului \u00eenconjur\u0103tor.<\/p>\n<h2>Depanare \u0219i probleme frecvente<\/h2>\n<p>Cilindrul bra\u021bului poate \u00eent\u00e2mpina anumite defec\u021biuni sau probleme \u00een timpul func\u021bion\u0103rii. Iat\u0103 c\u00e2teva probleme frecvente \u0219i sfaturi de depanare:<\/p>\n<ul>\n<li><strong>Scurgere:<\/strong> Verifica\u021bi garniturile \u0219i conexiunile pentru orice semne de scurgeri. \u00cenlocui\u021bi garniturile uzate sau deteriorate \u0219i str\u00e2nge\u021bi conexiunile sl\u0103bite.<\/li>\n<li><strong>Func\u021bionare lent\u0103:<\/strong> Asigura\u021bi o alimentare adecvat\u0103 cu ulei hidraulic \u0219i verifica\u021bi dac\u0103 exist\u0103 obstruc\u021bii sau restric\u021bii \u00een sistem. Cur\u0103\u021ba\u021bi sau \u00eenlocui\u021bi filtrele \u00eenfundate, dac\u0103 este necesar.<\/li>\n<li><strong>Mi\u0219care neregulat\u0103:<\/strong> Inspecta\u021bi supapele de control \u0219i conexiunile electrice pentru a depista eventualele defec\u021biuni. Verifica\u021bi dac\u0103 exist\u0103 cabluri sl\u0103bite sau deteriorate \u0219i repara\u021bi dup\u0103 cum este necesar.<\/li>\n<li><strong>Zgomot sau vibra\u021bii excesive:<\/strong> Verifica\u021bi dac\u0103 exist\u0103 componente sl\u0103bite sau uzate, cum ar fi \u0219uruburi sau rulmen\u021bi. Str\u00e2nge\u021bi sau \u00eenlocui\u021bi dup\u0103 cum este necesar.<\/li>\n<\/ul>\n<p>Urm\u00e2nd aceste sfaturi de depanare, cititorii pot diagnostica \u0219i rezolva eficient problemele, precum \u0219i pot implementa m\u0103suri preventive pentru a minimiza poten\u021bialele probleme.<\/p>\n<p><img decoding=\"async\" src=\"https:\/\/www.hydraulic-cylinders.net\/wp-content\/uploads\/2025\/01\/songte-chushion-collar.webp\" alt=\"Imagine de depanare a cilindrului bra\u021bului\"><\/p>\n<p>Nu uita s\u0103 organizezi articolul logic, s\u0103 folose\u0219ti subtitluri pentru o navigare u\u0219oar\u0103, s\u0103 incluzi imagini sau grafice relevante pentru o \u00een\u021belegere mai bun\u0103 \u0219i s\u0103 asiguri claritatea, concizia \u0219i adecvarea con\u021binutului pentru cititorii cu diferite niveluri de cuno\u0219tin\u021be tehnice.<\/p>\n<h2>Despre noi<\/h2>\n<p>Suntem un produc\u0103tor profesionist de cilindri hidraulici de schimb, oferind o gam\u0103 larg\u0103 de produse. Am devenit unul dintre principalii produc\u0103tori \u0219i distribuitori angro de cilindri hidraulici, at\u00e2t pe pia\u021ba intern\u0103, c\u00e2t \u0219i pe cea interna\u021bional\u0103. Sus\u021binem principiul excelen\u021bei, baz\u00e2ndu-ne pe strategii industrializate de management al produc\u021biei \u00een atelierele noastre sofisticate de fabrica\u021bie pentru a ne \u00eembun\u0103t\u0103\u021bi continuu expertiza tehnic\u0103 \u0219i eficien\u021ba produc\u021biei. Prin introducerea de echipamente digitale avansate de fabrica\u021bie \u0219i sisteme profesionale de testare, optimiz\u0103m platforma noastr\u0103 de fabrica\u021bie \u0219i \u00eembun\u0103t\u0103\u021bim procesele de control al calit\u0103\u021bii produselor, demonstr\u00e2nd capacit\u0103\u021bi inovatoare puternice. Scopul nostru este de a satisface diversele cerin\u021be ale clien\u021bilor cu eficien\u021b\u0103, precizie \u0219i produse de \u00eenalt\u0103 calitate.<\/p>\n<p><img decoding=\"async\" src=\"https:\/\/www.hydraulic-cylinders.net\/wp-content\/uploads\/2025\/01\/songte-company-4.webp\" alt=\"Imaginea companiei\"><br \/>\n<img","protected":false},"excerpt":{"rendered":"<p>Arm Cylinder For Sumitomo Middle Excavator SH240-5LR Introduction The Arm Cylinder is a specially designed hydraulic cylinder that provides linear motion and power to the arm of various machinery such as excavators, cranes, and robotic arms. It plays a crucial role in hydraulic systems, allowing for the efficient movement and control of attachments or accessories. [&hellip;]<\/p>","protected":false},"featured_media":14786,"comment_status":"open","ping_status":"closed","template":"","meta":{"_et_pb_use_builder":"","_et_pb_old_content":"","_et_gb_content_width":""},"product_brand":[],"product_cat":[1497],"product_tag":[1498,1496],"class_list":{"0":"post-16103","1":"product","2":"type-product","3":"status-publish","4":"has-post-thumbnail","6":"product_cat-arm-cylinders","7":"product_tag-arm-cylinders","8":"product_tag-hydraulic-cylinders","10":"first","11":"instock","12":"shipping-taxable","13":"product-type-simple"},"amp_enabled":true,"_links":{"self":[{"href":"https:\/\/www.hydraulic-cylinders.net\/ro\/wp-json\/wp\/v2\/product\/16103","targetHints":{"allow":["GET"]}}],"collection":[{"href":"https:\/\/www.hydraulic-cylinders.net\/ro\/wp-json\/wp\/v2\/product"}],"about":[{"href":"https:\/\/www.hydraulic-cylinders.net\/ro\/wp-json\/wp\/v2\/types\/product"}],"replies":[{"embeddable":true,"href":"https:\/\/www.hydraulic-cylinders.net\/ro\/wp-json\/wp\/v2\/comments?post=16103"}],"wp:featuredmedia":[{"embeddable":true,"href":"https:\/\/www.hydraulic-cylinders.net\/ro\/wp-json\/wp\/v2\/media\/14786"}],"wp:attachment":[{"href":"https:\/\/www.hydraulic-cylinders.net\/ro\/wp-json\/wp\/v2\/media?parent=16103"}],"wp:term":[{"taxonomy":"product_brand","embeddable":true,"href":"https:\/\/www.hydraulic-cylinders.net\/ro\/wp-json\/wp\/v2\/product_brand?post=16103"},{"taxonomy":"product_cat","embeddable":true,"href":"https:\/\/www.hydraulic-cylinders.net\/ro\/wp-json\/wp\/v2\/product_cat?post=16103"},{"taxonomy":"product_tag","embeddable":true,"href":"https:\/\/www.hydraulic-cylinders.net\/ro\/wp-json\/wp\/v2\/product_tag?post=16103"}],"curies":[{"name":"wp","href":"https:\/\/api.w.org\/{rel}","templated":true}]}}