{"id":16111,"date":"2025-01-20T08:30:04","date_gmt":"2025-01-20T08:30:04","guid":{"rendered":"https:\/\/www.hydraulic-cylinders.net\/product\/arm-cylinderfor-sumitomo-large-excavator-sh350-5\/"},"modified":"2025-01-20T08:30:07","modified_gmt":"2025-01-20T08:30:07","slug":"arm-cylinderfor-sumitomo-large-excavator-sh350-5","status":"publish","type":"product","link":"https:\/\/www.hydraulic-cylinders.net\/ro\/produs\/arm-cylinderfor-sumitomo-large-excavator-sh350-5\/","title":{"rendered":"Cilindru bra\u021b pentru excavatorul mare Sumitomo SH350-5"},"content":{"rendered":"<h1>Cilindru de bra\u021b pentru excavatorul mare Sumitomo SH350-5<\/h1>\n<h2>Introducere<\/h2>\n<p>Un cilindru de bra\u021b este un cilindru hidraulic special conceput, utilizat pentru a oferi mi\u0219care liniar\u0103 \u0219i putere bra\u021belor diferitelor tipuri de utilaje, cum ar fi excavatoare, macarale \u0219i bra\u021be robotizate. Cilindrul de bra\u021b joac\u0103 un rol cheie \u00een sistemul hidraulic, permi\u021b\u00e2nd mi\u0219carea \u0219i controlul eficient al ata\u0219amentelor \u0219i accesoriilor. Ace\u0219ti cilindri nu numai c\u0103 ofer\u0103 o mi\u0219care lin\u0103, dar rezist\u0103 \u0219i la sarcini grele, asigur\u00e2nd func\u021bionarea eficient\u0103 \u0219i fiabilitatea utilajelor \u00een diverse condi\u021bii de lucru.<\/p>\n<p><img decoding=\"async\" src=\"https:\/\/www.hydraulic-cylinders.net\/wp-content\/uploads\/2025\/01\/songte-company-2.webp\" alt=\"Imaginea cilindrului bra\u021bului\"><\/p>\n<h2>Caracteristici<\/h2>\n<ul>\n<li>\n<h3>Ac\u021bionare de \u00eenalt\u0103 eficien\u021b\u0103<\/h3>\n<p>Cilindrul bra\u021bului ofer\u0103 o mi\u0219care liniar\u0103 puternic\u0103 \u0219i o for\u021b\u0103, asigur\u00e2nd o performan\u021b\u0103 ridicat\u0103 a bra\u021bului ma\u0219inii \u00een diverse opera\u021biuni.<\/p>\n<\/li>\n<li>\n<h3>Control precis<\/h3>\n<p>Prin intermediul sistemului hidraulic, cilindrul bra\u021bului poate realiza un control precis al mi\u0219c\u0103rii, f\u0103c\u00e2nd func\u021bionarea ata\u0219amentelor mai flexibil\u0103 \u0219i precis\u0103.<\/p>\n<\/li>\n<li>\n<h3>Durabilitate puternic\u0103<\/h3>\n<p>Cilindrii bra\u021bului sunt de obicei fabrica\u021bi din materiale de \u00eenalt\u0103 rezisten\u021b\u0103, cu o bun\u0103 rezisten\u021b\u0103 la uzur\u0103 \u0219i coroziune, potrivi\u021bi pentru utilizare pe termen lung \u00een medii dure.<\/p>\n<\/li>\n<li>\n<h3>Adaptabilitate multifunc\u021bional\u0103<\/h3>\n<p>Ace\u0219ti cilindri pot fi utiliza\u021bi pe scar\u0103 larg\u0103 \u00een diverse echipamente, cum ar fi excavatoare, macarale \u0219i bra\u021be robotizate, adapt\u00e2ndu-se la diferite nevoi de lucru.<\/p>\n<\/li>\n<li>\n<h3>\u00centre\u021binere u\u0219oar\u0103<\/h3>\n<p>Considera\u021biile de proiectare pentru \u00eentre\u021binere \u0219i \u00eenlocuire u\u0219oar\u0103 faciliteaz\u0103 inspec\u021biile \u0219i \u00eentre\u021binerea regulat\u0103, reduc\u00e2nd timpul de nefunc\u021bionare a echipamentelor.<\/p>\n<\/li>\n<\/ul>\n<p>Putem produce acest produs, iar produsul nostru poate \u00eenlocui perfect ace\u0219ti cilindri hidraulici.<\/p>\n<p><img decoding=\"async\" src=\"https:\/\/www.hydraulic-cylinders.net\/wp-content\/uploads\/2025\/01\/songte-oil-pipes-and-spare-parts.webp\" alt=\"Imagine cu \u021bevi de petrol \u0219i piese de schimb\"><\/p>\n<h2>Aplica\u021bii<\/h2>\n<p>Cilindrul cu bra\u021b are o gam\u0103 larg\u0103 de aplica\u021bii, inclusiv:<\/p>\n<ul>\n<li>\n<h3>Proiecte de construc\u021bii<\/h3>\n<p>\u00cen excavatoare \u0219i macarale, cilindrul bra\u021bului este utilizat pentru a controla mi\u0219carea cupei sau a bra\u021bului pentru lucr\u0103ri de terasament, manipularea materialelor \u0219i instalarea structural\u0103.<\/p>\n<\/li>\n<li>\n<h3>Industria prelucr\u0103toare<\/h3>\n<p>\u00cen liniile de produc\u021bie automatizate, cilindrul bra\u021bului este utilizat pentru mi\u0219carea bra\u021belor robotizate \u00een procesele de asamblare, sudare \u0219i manipulare, \u00eembun\u0103t\u0103\u021bind eficien\u021ba \u0219i precizia produc\u021biei.<\/p>\n<\/li>\n<li>\n<h3>Ma\u0219ini agricole<\/h3>\n<p>\u00cen utilajele agricole, cum ar fi combinele de recoltat \u0219i sem\u0103n\u0103toarele, cilindrul bra\u021bului controleaz\u0103 mi\u0219carea bra\u021bului de operare pentru sarcini precum sem\u0103natul, fertilizarea \u0219i recoltarea.<\/p>\n<\/li>\n<li>\n<h3>Minerit<\/h3>\n<p>\u00cen echipamentele miniere, cilindrul bra\u021bului este utilizat pentru a controla mi\u0219carea bra\u021bului echipamentelor miniere, pentru mineritul \u0219i transportul minereului.<\/p>\n<\/li>\n<li>\n<h3>Logistic\u0103 \u0219i transporturi<\/h3>\n<p>\u00cen cazul stivuitoarelor \u0219i robo\u021bilor de manipulare a materialelor, cilindrul bra\u021bului este utilizat pentru a controla ridicarea \u0219i mi\u0219carea furcilor, realiz\u00e2nd transportul \u0219i stivuirea materialelor.<\/p>\n<\/li>\n<\/ul>\n<h2>Considera\u021bii de proiectare \u0219i criterii de selec\u021bie<\/h2>\n<p>La proiectarea \u0219i selectarea cilindrului bra\u021bului, trebuie lua\u021bi \u00een considerare factori cheie precum capacitatea portant\u0103, etan\u0219area, durabilitatea, siguran\u021ba \u0219i mentenan\u021ba:<\/p>\n<ul>\n<li>\n<h3>Capacitate portant\u0103<\/h3>\n<p>Cilindrul bra\u021bului trebuie s\u0103 poat\u0103 suporta greutatea ata\u0219amentului \u0219i sarcina \u00een timpul func\u021bion\u0103rii.<\/p>\n<\/li>\n<li>\n<h3>Sigilare<\/h3>\n<p>Pentru a se asigura c\u0103 fluidul hidraulic din cilindru nu prezint\u0103 scurgeri, trebuie utilizate diverse elemente de etan\u0219are, cum ar fi etan\u0219\u0103rile pistonului \u0219i etan\u0219\u0103rile tijei.<\/p>\n<\/li>\n<li>\n<h3>Durabilitate<\/h3>\n<p>Cilindrul bra\u021bului trebuie s\u0103 fie fabricat din materiale rezistente la uzur\u0103 \u0219i coroziune, iar suprafa\u021ba cilindrului \u0219i capetele filetate trebuie prelucrate fin pentru a \u00eembun\u0103t\u0103\u021bi rezisten\u021ba la uzur\u0103.<\/p>\n<\/li>\n<li>\n<h3>Siguran\u0163\u0103<\/h3>\n<p>Dispozitive de siguran\u021b\u0103, cum ar fi supapele de suprapresiune, trebuie instalate pentru a preveni deteriorarea cilindrului \u0219i a asigura siguran\u021ba operatorului.<\/p>\n<\/li>\n<li>\n<h3>Mentenabilitate<\/h3>\n<p>Cilindrul bra\u021bului trebuie proiectat pentru o \u00eentre\u021binere \u0219i \u00eenlocuire u\u0219oar\u0103 a componentelor \u0219i trebuie lubrifiat periodic cu ulei hidraulic.<\/p>\n<\/li>\n<\/ul>\n<p><img decoding=\"async\" src=\"https:\/\/www.hydraulic-cylinders.net\/wp-content\/uploads\/2025\/01\/songte-cylinder-head-with-all-kinds-excavator-models.webp\" alt=\"Chiulas\u0103 cu imaginea modelelor de excavatoare\"><\/p>\n<h2>Etan\u0219are \u0219i lubrifiere<\/h2>\n<p>Cilindrul bra\u021bului utilizeaz\u0103 diverse elemente de etan\u0219are, cum ar fi etan\u0219\u0103ri de piston \u0219i etan\u0219\u0103ri de tij\u0103, fabricate din materiale rezistente la uzur\u0103, cum ar fi poliuretanul \u0219i cauciucul nitrilic, pentru a asigura o etan\u0219are str\u00e2ns\u0103. Corpul cilindrului \u0219i suprafa\u021ba filetat\u0103 a cap\u0103tului sunt prelucrate fin pentru a \u00eembun\u0103t\u0103\u021bi rezisten\u021ba la uzur\u0103. Este necesar s\u0103 se adauge regulat ulei hidraulic pentru a lubrifia cilindrul \u0219i a reduce uzura.<\/p>\n<h2>Inspec\u021bie periodic\u0103 \u0219i \u00eentre\u021binere preventiv\u0103<\/h2>\n<p>Inspec\u021biile periodice \u0219i \u00eentre\u021binerea preventiv\u0103 sunt necesare pentru a asigura func\u021bionarea corect\u0103 \u0219i eficient\u0103 a cilindrului bra\u021bului. C\u00e2teva m\u0103suri includ:<\/p>\n<ul>\n<li>\n<h3>Inspec\u021bie regulat\u0103<\/h3>\n<p>Verifica\u021bi periodic cilindrul bra\u021bului pentru uzur\u0103 \u0219i deterior\u0103ri \u0219i asigura\u021bi-v\u0103 c\u0103 nu exist\u0103 scurgeri de fluid hidraulic.<\/p>\n<\/li>\n<li>\n<h3>\u00centre\u021binere preventiv\u0103<\/h3>\n<p>\u00cenlocui\u021bi elementele de etan\u0219are \u00een timp util \u0219i ad\u0103uga\u021bi ulei hidraulic pentru a lubrifia cilindrul \u00een mod regulat.<\/p>\n<\/li>\n<\/ul>\n<h2>Ghid de instalare<\/h2>\n<p>Instalarea corect\u0103 a cilindrului bra\u021bului este crucial\u0103 pentru a asigura o performan\u021b\u0103 optim\u0103:<\/p>\n<ol>\n<li>\n<h3>Preg\u0103ti<\/h3>\n<p>\u00cenainte de instalare, inspecta\u021bi cilindrul \u0219i componentele pentru a depista eventuale deterior\u0103ri sau uzur\u0103. Asigura\u021bi-v\u0103 c\u0103 locul de instalare este curat \u0219i f\u0103r\u0103 resturi.<\/p>\n<\/li>\n<li>\n<h3>Instala<\/h3>\n<p>Instala\u021bi cilindrul bra\u021bului \u0219i conecta\u021bi-l la sistemul hidraulic. Asigura\u021bi-v\u0103 c\u0103 toate conexiunile sunt str\u00e2nse conform specifica\u021biilor produc\u0103torului.<\/p>\n<\/li>\n<li>\n<h3>Test<\/h3>\n<p>Testa\u021bi cilindrul bra\u021bului pentru a v\u0103 asigura c\u0103 func\u021bioneaz\u0103 lin \u0219i eficient. Verifica\u021bi dac\u0103 exist\u0103 scurgeri \u0219i asigura\u021bi-v\u0103 c\u0103 ata\u0219amentul se mi\u0219c\u0103 \u00een direc\u021bia corect\u0103.<\/p>\n<\/li>\n<\/ol>\n<p><img decoding=\"async\" src=\"https:\/\/www.hydraulic-cylinders.net\/wp-content\/uploads\/2025\/01\/songte-bushings-with-all-kinds-of-excavator-models.webp\" alt=\"Buc\u0219e cu imaginea modelelor de excavatoare\"><\/p>\n<h2>Considera\u021bii privind siguran\u021ba \u0219i mediul<\/h2>\n<p>C\u00e2nd utiliza\u021bi cilindrul bra\u021bului, este important s\u0103 respecta\u021bi instruc\u021biunile de siguran\u021b\u0103 pentru a preveni accidentele. Dispozitivele de siguran\u021b\u0103, cum ar fi supapele de suprapresiune, trebuie instalate pentru a preveni deteriorarea cilindrului \u0219i a asigura siguran\u021ba operatorului. De asemenea, trebuie luate \u00een considerare considera\u021biile de mediu. Fluidul hidraulic trebuie eliminat corespunz\u0103tor pentru a preveni poluarea mediului.<\/p>\n<h2>Depanare \u0219i probleme frecvente<\/h2>\n<p>Problemele frecvente ale cilindrului bra\u021bului includ scurgeri, uzur\u0103 \u0219i deteriorare. C\u00e2teva sfaturi \u0219i solu\u021bii de depanare includ:<\/p>\n<ul>\n<li>\n<h3>Scurgere<\/h3>\n<p>Verifica\u021bi garniturile pentru a depista eventuale deterior\u0103ri sau uzur\u0103 \u0219i \u00eenlocui\u021bi-le dac\u0103 este necesar.<\/p>\n<\/li>\n<li>\n<h3>Purta<\/h3>\n<p>Verifica\u021bi cilindrul pentru uzur\u0103 \u0219i \u00eenlocui\u021bi-l dac\u0103 este necesar.<\/p>\n<\/li>\n<li>\n<h3>Deteriora<\/h3>\n<p>Dac\u0103 cilindrul este deteriorat, acesta trebuie \u00eenlocuit cu unul nou.<\/p>\n<\/li>\n<\/ul>\n<p>M\u0103surile preventive includ inspec\u021bia \u0219i \u00eentre\u021binerea regulat\u0103 \u0219i lubrifierea corespunz\u0103toare.<\/p>\n<p><img decoding=\"async\" src=\"https:\/\/www.hydraulic-cylinders.net\/wp-content\/uploads\/2025\/01\/songte-chushion-collar.webp\" alt=\"Imagine cu guler de pern\u0103\"><\/p>\n<h2>Despre noi<\/h2>\n<p>Suntem un produc\u0103tor profesionist de cilindri hidraulici de schimb. Avem o gam\u0103 larg\u0103 de produse \u0219i am devenit unul dintre principalii produc\u0103tori \u0219i distribuitori angro de cilindri hidraulici pe pie\u021bele interne \u0219i interna\u021bionale. Respect\u0103m \u00eentotdeauna principiul calit\u0103\u021bii excelente, ne baz\u0103m pe strategia industrializat\u0103 de management al produc\u021biei prin ateliere de fabrica\u021bie rafinate \u0219i ne \u00eembun\u0103t\u0103\u021bim constant nivelul tehnic \u0219i eficien\u021ba produc\u021biei. Prin introducerea de echipamente digitale de fabrica\u021bie de ultim\u0103 genera\u021bie \u0219i sisteme profesionale de testare, optimiz\u0103m continuu platforma de fabrica\u021bie, \u00eembun\u0103t\u0103\u021bim procesul de control al calit\u0103\u021bii produselor \u0219i avem capacit\u0103\u021bi puternice de inovare. Scopul nostru este de a satisface nevoile diverse ale clien\u021bilor no\u0219tri cu eficien\u021b\u0103 ridicat\u0103, precizie \u0219i calitate \u00eenalt\u0103.<\/p>\n<p><img decoding=\"async\" src=\"https:\/\/www.hydraulic-cylinders.net\/wp-content\/uploads\/2025\/01\/songte-company-4.webp\" alt=\"Imaginea companiei\"><br \/>\n<img decoding=\"async\" src=\"https:\/\/www.hydraulic-cylinders.net\/wp-content\/uploads\/2025\/01\/songte-company-3.webp\" alt=\"Imaginea companiei\"><\/p>\n<p>Oferim servicii profesionale, certificate interna\u021bional \u0219i personalizate, iar echipamentele noastre de produc\u021bie \u0219i serviciile post-v\u00e2nzare sunt de cea mai \u00eenalt\u0103 calitate.<\/p>\n<p>Autor: lyl<\/p>","protected":false},"excerpt":{"rendered":"<p>Arm Cylinder for Sumitomo Large Excavator SH350-5 Introduction An arm cylinder is a specially designed hydraulic cylinder used to provide linear motion and power to the arms of various types of machinery such as excavators, cranes, and robotic arms. The arm cylinder plays a key role in the hydraulic system, allowing for effective movement and [&hellip;]<\/p>","protected":false},"featured_media":14763,"comment_status":"open","ping_status":"closed","template":"","meta":{"_et_pb_use_builder":"","_et_pb_old_content":"","_et_gb_content_width":""},"product_brand":[],"product_cat":[1497],"product_tag":[1498,1496],"class_list":{"0":"post-16111","1":"product","2":"type-product","3":"status-publish","4":"has-post-thumbnail","6":"product_cat-arm-cylinders","7":"product_tag-arm-cylinders","8":"product_tag-hydraulic-cylinders","10":"first","11":"instock","12":"shipping-taxable","13":"product-type-simple"},"amp_enabled":true,"_links":{"self":[{"href":"https:\/\/www.hydraulic-cylinders.net\/ro\/wp-json\/wp\/v2\/product\/16111","targetHints":{"allow":["GET"]}}],"collection":[{"href":"https:\/\/www.hydraulic-cylinders.net\/ro\/wp-json\/wp\/v2\/product"}],"about":[{"href":"https:\/\/www.hydraulic-cylinders.net\/ro\/wp-json\/wp\/v2\/types\/product"}],"replies":[{"embeddable":true,"href":"https:\/\/www.hydraulic-cylinders.net\/ro\/wp-json\/wp\/v2\/comments?post=16111"}],"wp:featuredmedia":[{"embeddable":true,"href":"https:\/\/www.hydraulic-cylinders.net\/ro\/wp-json\/wp\/v2\/media\/14763"}],"wp:attachment":[{"href":"https:\/\/www.hydraulic-cylinders.net\/ro\/wp-json\/wp\/v2\/media?parent=16111"}],"wp:term":[{"taxonomy":"product_brand","embeddable":true,"href":"https:\/\/www.hydraulic-cylinders.net\/ro\/wp-json\/wp\/v2\/product_brand?post=16111"},{"taxonomy":"product_cat","embeddable":true,"href":"https:\/\/www.hydraulic-cylinders.net\/ro\/wp-json\/wp\/v2\/product_cat?post=16111"},{"taxonomy":"product_tag","embeddable":true,"href":"https:\/\/www.hydraulic-cylinders.net\/ro\/wp-json\/wp\/v2\/product_tag?post=16111"}],"curies":[{"name":"wp","href":"https:\/\/api.w.org\/{rel}","templated":true}]}}