{"id":16112,"date":"2025-01-20T08:30:09","date_gmt":"2025-01-20T08:30:09","guid":{"rendered":"https:\/\/www.hydraulic-cylinders.net\/product\/arm-cylinderfor-sumitomo-large-excavator-sh350hb-3b\/"},"modified":"2025-01-20T08:30:18","modified_gmt":"2025-01-20T08:30:18","slug":"arm-cylinderfor-sumitomo-large-excavator-sh350hb-3b","status":"publish","type":"product","link":"https:\/\/www.hydraulic-cylinders.net\/ro\/produs\/arm-cylinderfor-sumitomo-large-excavator-sh350hb-3b\/","title":{"rendered":"Cilindru bra\u021b pentru excavatorul mare Sumitomo SH350HB-3B"},"content":{"rendered":"<h1>Cilindru de bra\u021b pentru excavatorul mare Sumitomo SH350HB-3B<\/h1>\n<h2>Introducere<\/h2>\n<p>Un cilindru de bra\u021b este un cilindru hidraulic special conceput, utilizat pentru a oferi mi\u0219care liniar\u0103 \u0219i putere bra\u021bului diferitelor tipuri de utilaje, cum ar fi excavatoare, macarale \u0219i bra\u021be robotizate. Cilindrul bra\u021bului joac\u0103 un rol esen\u021bial \u00een sistemele hidraulice, permi\u021b\u00e2nd mi\u0219carea \u0219i controlul eficient al uneltelor sau ata\u0219amentelor suplimentare. Ace\u0219ti cilindri nu numai c\u0103 ofer\u0103 o mi\u0219care lin\u0103, dar rezist\u0103 \u0219i la sarcini grele, asigur\u00e2nd func\u021bionarea eficient\u0103 \u0219i fiabilitatea utilajelor \u00een diverse condi\u021bii de func\u021bionare.<\/p>\n<p><img decoding=\"async\" src=\"https:\/\/www.hydraulic-cylinders.net\/wp-content\/uploads\/2025\/01\/songte-company-2.webp\" alt=\"Cilindru bra\u021b\" \/><\/p>\n<h2>Caracteristici<\/h2>\n<ul>\n<li>Transmisie de \u00eenalt\u0103 eficien\u021b\u0103: Cilindrul bra\u021bului ofer\u0103 o mi\u0219care liniar\u0103 puternic\u0103 \u0219i o for\u021b\u0103, asigur\u00e2nd o performan\u021b\u0103 de \u00eenalt\u0103 eficien\u021b\u0103 a bra\u021bului mecanic \u00een timpul opera\u021biunilor.<\/li>\n<li>Control precis: Prin intermediul sistemului hidraulic, cilindrul bra\u021bului poate realiza un control precis al mi\u0219c\u0103rii, ceea ce face ca func\u021bionarea uneltelor suplimentare s\u0103 fie mai flexibil\u0103 \u0219i mai precis\u0103.<\/li>\n<li>Durabil: Cilindrii bra\u021bului sunt de obicei fabrica\u021bi din materiale de \u00eenalt\u0103 rezisten\u021b\u0103, care au o bun\u0103 rezisten\u021b\u0103 la uzur\u0103 \u0219i coroziune, ceea ce \u00eei face potrivi\u021bi pentru utilizarea pe termen lung \u00een medii dure.<\/li>\n<li>Adaptabilitate multifunc\u021bional\u0103: Ace\u0219ti cilindri pot fi utiliza\u021bi pe scar\u0103 larg\u0103 \u00een diverse echipamente mecanice, cum ar fi excavatoare, macarale \u0219i bra\u021be robotizate, pentru a satisface diferite nevoi opera\u021bionale.<\/li>\n<li>\u00centre\u021binere u\u0219oar\u0103: Conceput pentru u\u0219urin\u021b\u0103 \u00een \u00eentre\u021binere \u0219i \u00eenlocuire, facilit\u00e2nd inspec\u021biile \u0219i \u00eentre\u021binerea regulat\u0103 \u0219i reduc\u00e2nd timpul de nefunc\u021bionare a echipamentelor.<\/li>\n<\/ul>\n<p>Putem produce acest produs, care poate \u00eenlocui perfect ace\u0219ti cilindri hidraulici.<\/p>\n<p><img decoding=\"async\" src=\"https:\/\/www.hydraulic-cylinders.net\/wp-content\/uploads\/2025\/01\/songte-oil-pipes-and-spare-parts.webp\" alt=\"Cilindri hidraulici\" \/><\/p>\n<h2>Aplica\u021bii<\/h2>\n<p>Cilindrul cu bra\u021b are diverse aplica\u021bii, inclusiv:<\/p>\n<h3>Inginerie de construc\u021bii<\/h3>\n<p>Folosit \u00een excavatoare \u0219i macarale pentru a controla mi\u0219carea cupelor sau a bra\u021belor, pentru lucr\u0103ri de terasamente, manipularea materialelor \u0219i instala\u021bii structurale.<\/p>\n<h3>Industria prelucr\u0103toare<\/h3>\n<p>Utilizat \u00een linii de produc\u021bie automatizate pentru mi\u0219carea bra\u021belor robotizate, pentru procese de asamblare, sudare \u0219i manipulare, \u00eembun\u0103t\u0103\u021bind eficien\u021ba \u0219i precizia produc\u021biei.<\/p>\n<h3>Ma\u0219ini agricole<\/h3>\n<p>Folosit \u00een utilaje agricole, cum ar fi combinele de recoltat \u0219i sem\u0103n\u0103toarele, pentru a controla mi\u0219carea bra\u021belor de operare, efectu\u00e2nd sarcini precum sem\u0103natul, fertilizarea \u0219i recoltarea.<\/p>\n<h3>Minerit<\/h3>\n<p>Folosit \u00een echipamentele miniere pentru a controla mi\u0219carea bra\u021bului, pentru mineritul \u0219i transportul minereului.<\/p>\n<h3>Logistic\u0103 \u0219i transporturi<\/h3>\n<p>Utilizat \u00een stivuitoare \u0219i robo\u021bi de manipulare pentru a controla ridicarea \u0219i mi\u0219carea \u00eenc\u0103rc\u0103turii, pentru manipularea \u0219i stivuirea materialelor.<\/p>\n<p><img decoding=\"async\" src=\"https:\/\/www.hydraulic-cylinders.net\/wp-content\/uploads\/2025\/01\/songte-chushion-collar.webp\" alt=\"Cilindru cu bra\u021b neted\" \/><\/p>\n<h2>Considera\u021bii de proiectare \u0219i criterii de selec\u021bie<\/h2>\n<p>La alegerea unui cilindru pentru bra\u021b, trebuie lua\u021bi \u00een considerare mai mul\u021bi factori:<\/p>\n<h3>Capacitate portant\u0103<\/h3>\n<p>Cilindrul bra\u021bului trebuie s\u0103 poat\u0103 suporta greutatea sarcinii pe care se a\u0219teapt\u0103 s\u0103 o mi\u0219te.<\/p>\n<h3>Sigilare<\/h3>\n<p>Utilizarea unor etan\u0219\u0103ri de \u00eenalt\u0103 calitate, cum ar fi etan\u0219\u0103rile pistonului \u0219i etan\u0219\u0103rile tijei, fabricate din materiale rezistente la uzur\u0103, precum poliuretanul \u0219i cauciucul nitrilic, este crucial\u0103 pentru a asigura performan\u021be optime \u0219i a preveni scurgerile.<\/p>\n<h3>Durabilitate<\/h3>\n<p>Cilindrii bra\u021bului sunt de obicei fabrica\u021bi din materiale de \u00eenalt\u0103 rezisten\u021b\u0103 pentru a asigura rezisten\u021ba la uzur\u0103 \u0219i coroziune, ceea ce este important pentru utilizarea pe termen lung \u00een medii dure.<\/p>\n<h3>Siguran\u0163\u0103<\/h3>\n<p>Considera\u021biile de siguran\u021b\u0103 ar trebui incluse \u00een proiectarea cilindrului bra\u021bului, cum ar fi utilizarea supapelor de siguran\u021b\u0103 \u0219i a dispozitivelor de protec\u021bie la supra\u00eenc\u0103rcare.<\/p>\n<h3>\u00centre\u0163inere<\/h3>\n<p>Proiectarea ar trebui s\u0103 ia \u00een considerare u\u0219urin\u021ba \u00eentre\u021binerii \u0219i \u00eenlocuirii componentelor, cum ar fi etan\u0219\u0103rile \u0219i rulmen\u021bii, pentru a asigura performan\u021be optime \u0219i a reduce timpii de nefunc\u021bionare.<\/p>\n<p><img decoding=\"async\" src=\"https:\/\/www.hydraulic-cylinders.net\/wp-content\/uploads\/2025\/01\/songte-cylinder-head-with-all-kinds-excavator-models.webp\" alt=\"Chiulas\u0103 de bra\u021b\" \/><\/p>\n<h2>Etan\u0219are \u0219i lubrifiere<\/h2>\n<p>Pentru cilindrul bra\u021bului trebuie utilizate diverse componente de etan\u0219are, cum ar fi etan\u0219\u0103ri de piston \u0219i etan\u0219\u0103ri de tij\u0103 din materiale rezistente la uzur\u0103, precum poliuretanul \u0219i cauciucul nitrilic. Corpul cilindrului \u0219i suprafe\u021bele filetate ale cap\u0103tului trebuie prelucrate cu precizie pentru a spori rezisten\u021ba la uzur\u0103. \u00cen cilindru trebuie ad\u0103ugat\u0103 o cantitate adecvat\u0103 de ulei hidraulic pentru lubrifiere.<\/p>\n<h2>\u00centre\u0163inere<\/h2>\n<p>Sunt necesare inspec\u021bii regulate \u0219i m\u0103suri de \u00eentre\u021binere preventiv\u0103 pentru a asigura func\u021bionarea corect\u0103 a cilindrului bra\u021bului. Acestea includ \u00eenlocuirea garniturilor \u0219i a rulmen\u021bilor uza\u021bi, verificarea scurgerilor \u0219i inspectarea supapelor de siguran\u021b\u0103 \u0219i a dispozitivelor de protec\u021bie la suprasarcin\u0103. De asemenea, este esen\u021bial s\u0103 se respecte instruc\u021biunile produc\u0103torului pentru instalarea, func\u021bionarea \u0219i \u00eentre\u021binerea corect\u0103.<\/p>\n<p><img decoding=\"async\" src=\"https:\/\/www.hydraulic-cylinders.net\/wp-content\/uploads\/2025\/01\/songte-bushings-with-all-kinds-of-excavator-models.webp\" alt=\"Buc\u0219e cilindru bra\u021b\" \/><\/p>\n<h2>Ghid de instalare<\/h2>\n<p>\u00cenainte de a instala cilindrul bra\u021bului, asigura\u021bi-v\u0103 c\u0103 cilindrul \u0219i ata\u0219amentul sunt corect potrivite. Evita\u021bi supra\u00eenc\u0103rcarea \u0219i asigura\u021bi-v\u0103 c\u0103 dispozitivele de siguran\u021b\u0103 sunt instalate corect. Sistemul hidraulic trebuie verificat pentru a depista eventuale scurgeri sau defec\u021biuni. Urma\u021bi instruc\u021biunile produc\u0103torului pentru o instalare \u0219i o func\u021bionare corect\u0103.<\/p>\n<h2>Considera\u021bii de siguran\u021b\u0103 \u0219i factori de mediu<\/h2>\n<p>C\u00e2nd utiliza\u021bi cilindrul bra\u021bului, este esen\u021bial s\u0103 respecta\u021bi instruc\u021biunile de siguran\u021b\u0103 \u0219i s\u0103 lua\u021bi m\u0103surile de precau\u021bie necesare pentru a preveni accidentele \u0219i r\u0103nirile. De asemenea, trebuie lua\u021bi \u00een considerare factorii de mediu, cum ar fi temperatura, umiditatea \u0219i prezen\u021ba substan\u021belor corozive.<\/p>\n<h2>Depanare \u0219i probleme frecvente<\/h2>\n<p>Problemele frecvente ale cilindrului bra\u021bului includ scurgeri, mi\u0219care lent\u0103 \u0219i zgomot anormal. Aceste probleme pot fi cauzate de uzura garniturii, ulei hidraulic insuficient sau deteriorarea cilindrului sau a tijei pistonului. \u00centre\u021binerea \u0219i inspec\u021biile regulate pot ajuta la prevenirea acestor probleme. Dac\u0103 apar probleme, consulta\u021bi instruc\u021biunile produc\u0103torului pentru depanare \u0219i solicita\u021bi ajutor profesional, dac\u0103 este necesar.<\/p>\n<h2>Despre noi<\/h2>\n<p>Suntem un produc\u0103tor profesionist de cilindri hidraulici de schimb, cu o gam\u0103 divers\u0103 de produse \u0219i am devenit unul dintre principalii produc\u0103tori \u0219i distribuitori angro de cilindri hidraulici pe pie\u021bele interne \u0219i interna\u021bionale. Respect\u0103m \u00eentotdeauna principiul calit\u0103\u021bii excelente, baz\u00e2ndu-ne pe strategii industrializate de management al produc\u021biei \u00een ateliere de fabrica\u021bie de precizie pentru a ne \u00eembun\u0103t\u0103\u021bi continuu nivelul tehnic \u0219i eficien\u021ba produc\u021biei. Prin introducerea de echipamente digitale de fabrica\u021bie de ultim\u0103 genera\u021bie \u0219i sisteme profesionale de testare, optimiz\u0103m platforma noastr\u0103 de fabrica\u021bie, \u00eembun\u0103t\u0103\u021bim procesele de control al calit\u0103\u021bii produselor \u0219i de\u021binem capacit\u0103\u021bi puternice de inovare. Scopul nostru este de a satisface nevoile diverse ale clien\u021bilor cu principiile eficien\u021bei, preciziei \u0219i calit\u0103\u021bii \u00eenalte.<\/p>\n<p><img decoding=\"async\" src=\"https:\/\/www.hydraulic-cylinders.net\/wp-content\/uploads\/2025\/01\/songte-company-4.webp\" alt=\"Companie\" \/><br \/>\n<img decoding=\"async\" src=\"https:\/\/www.hydraulic-cylinders.net\/wp-content\/uploads\/2025\/01\/songte-company-3.webp\" alt=\"Companie\" \/><\/p>\n<p>Oferim servicii profesionale, certificate interna\u021bional, personalizate, echipamente de produc\u021bie avansate \u0219i servicii post-v\u00e2nzare excelente.<\/p>\n<p>Autor: lyl.<\/p>","protected":false},"excerpt":{"rendered":"<p>Arm Cylinder For Sumitomo Large Excavator SH350HB-3B Introduction An arm cylinder is a specially designed hydraulic cylinder used to provide linear movement and power to the arm of various types of machinery such as excavators, cranes, and robotic arms. The arm cylinder plays a critical role in hydraulic systems, enabling the effective movement and control [&hellip;]<\/p>","protected":false},"featured_media":14759,"comment_status":"open","ping_status":"closed","template":"","meta":{"_et_pb_use_builder":"","_et_pb_old_content":"","_et_gb_content_width":""},"product_brand":[],"product_cat":[1497],"product_tag":[1498,1496],"class_list":{"0":"post-16112","1":"product","2":"type-product","3":"status-publish","4":"has-post-thumbnail","6":"product_cat-arm-cylinders","7":"product_tag-arm-cylinders","8":"product_tag-hydraulic-cylinders","10":"first","11":"instock","12":"shipping-taxable","13":"product-type-simple"},"amp_enabled":true,"_links":{"self":[{"href":"https:\/\/www.hydraulic-cylinders.net\/ro\/wp-json\/wp\/v2\/product\/16112","targetHints":{"allow":["GET"]}}],"collection":[{"href":"https:\/\/www.hydraulic-cylinders.net\/ro\/wp-json\/wp\/v2\/product"}],"about":[{"href":"https:\/\/www.hydraulic-cylinders.net\/ro\/wp-json\/wp\/v2\/types\/product"}],"replies":[{"embeddable":true,"href":"https:\/\/www.hydraulic-cylinders.net\/ro\/wp-json\/wp\/v2\/comments?post=16112"}],"wp:featuredmedia":[{"embeddable":true,"href":"https:\/\/www.hydraulic-cylinders.net\/ro\/wp-json\/wp\/v2\/media\/14759"}],"wp:attachment":[{"href":"https:\/\/www.hydraulic-cylinders.net\/ro\/wp-json\/wp\/v2\/media?parent=16112"}],"wp:term":[{"taxonomy":"product_brand","embeddable":true,"href":"https:\/\/www.hydraulic-cylinders.net\/ro\/wp-json\/wp\/v2\/product_brand?post=16112"},{"taxonomy":"product_cat","embeddable":true,"href":"https:\/\/www.hydraulic-cylinders.net\/ro\/wp-json\/wp\/v2\/product_cat?post=16112"},{"taxonomy":"product_tag","embeddable":true,"href":"https:\/\/www.hydraulic-cylinders.net\/ro\/wp-json\/wp\/v2\/product_tag?post=16112"}],"curies":[{"name":"wp","href":"https:\/\/api.w.org\/{rel}","templated":true}]}}