{"id":1620,"date":"2023-10-08T08:35:44","date_gmt":"2023-10-08T08:35:44","guid":{"rendered":"https:\/\/hydraulic-cylinders.net\/?post_type=product&#038;p=1620"},"modified":"2025-04-11T02:55:36","modified_gmt":"2025-04-11T02:55:36","slug":"press-side-cylinder","status":"publish","type":"product","link":"https:\/\/www.hydraulic-cylinders.net\/ro\/produs\/press-side-cylinder\/","title":{"rendered":"Cilindru lateral de pres\u0103"},"content":{"rendered":"<h1 style=\"text-align: center;\"><strong>Cilindru lateral de pres\u0103<\/strong><\/h1>\n<p><img loading=\"lazy\" decoding=\"async\" class=\"aligncenter wp-image-1621\" src=\"https:\/\/hydraulic-cylinders.net\/wp-content\/uploads\/2023\/10\/side-cylinder-1-300x300.webp\" alt=\"\" width=\"400\" height=\"400\" \/><\/p>\n<p>Cilindrul lateral de presare este o component\u0103 puternic\u0103 \u0219i fiabil\u0103, conceput\u0103 pentru a optimiza opera\u021biunile de presare \u00een diverse industrii. Acest cilindru inovator ofer\u0103 o for\u021b\u0103 precis\u0103 \u0219i performan\u021be excep\u021bionale, permi\u021b\u00e2ndu-v\u0103 s\u0103 ob\u021bine\u021bi rezultate superioare \u00een aplica\u021biile dvs. de presare.<\/p>\n<p>Cilindrul lateral de presare ofer\u0103 o solu\u021bie fiabil\u0103 \u0219i eficient\u0103 pentru \u00eembun\u0103t\u0103\u021birea opera\u021biunilor de presare. Datorit\u0103 construc\u021biei sale robuste, gener\u0103rii precise a for\u021bei \u0219i eficien\u021bei energetice, acest cilindru v\u0103 permite s\u0103 ob\u021bine\u021bi rezultate superioare \u00een aplica\u021biile de presare. Respect\u00e2nd metodele de utilizare \u0219i practicile de \u00eentre\u021binere corecte, pute\u021bi maximiza performan\u021ba, productivitatea \u0219i longevitatea opera\u021biunilor de presare. Alege\u021bi cilindrul lateral de presare pentru a v\u0103 \u00eembun\u0103t\u0103\u021bi capacit\u0103\u021bile de presare \u0219i a r\u0103m\u00e2ne \u00een fruntea peisajului industrial competitiv de ast\u0103zi.<\/p>\n<p>Caracteristici cheie ale cilindrului lateral de presare:<\/p>\n<ol>\n<li>Construc\u021bie robust\u0103:<\/li>\n<\/ol>\n<ul>\n<li>Cilindrul lateral de presare este construit din materiale de \u00eenalt\u0103 calitate, asigur\u00e2nd durabilitate \u0219i performan\u021b\u0103 de lung\u0103 durat\u0103.<\/li>\n<li>Construc\u021bia sa robust\u0103 \u00eei permite s\u0103 reziste la sarcini mari \u0219i condi\u021bii dure de func\u021bionare, oferind fiabilitate \u00een medii industriale solicitante.<\/li>\n<\/ul>\n<ol start=\"2\">\n<li>Generarea for\u021bei de precizie:<\/li>\n<\/ol>\n<ul>\n<li>Acest cilindru este proiectat pentru a oferi o for\u021b\u0103 precis\u0103 cu o acurate\u021be excep\u021bional\u0103, asigur\u00e2nd rezultate de presare consistente \u0219i fiabile.<\/li>\n<li>Tehnicile sale avansate de proiectare \u0219i fabrica\u021bie permit un control precis al aplic\u0103rii for\u021bei, reduc\u00e2nd riscul de defecte sau inconsecven\u021be ale produsului.<\/li>\n<\/ul>\n<ol start=\"3\">\n<li>Consum eficient de energie:<\/li>\n<\/ol>\n<ul>\n<li>Cilindrul lateral de presare este proiectat av\u00e2nd \u00een vedere eficien\u021ba energetic\u0103, optimiz\u00e2nd consumul de energie \u00een timpul opera\u021biunilor de presare.<\/li>\n<li>Sistemul s\u0103u hidraulic eficient minimizeaz\u0103 risipa de energie, rezult\u00e2nd economii de costuri \u0219i beneficii pentru mediu.<\/li>\n<\/ul>\n<h2><strong>Parametrul cilindrului lateral de pres\u0103:<\/strong><\/h2>\n<table border=\"1\" cellspacing=\"0\" cellpadding=\"0\">\n<tbody>\n<tr>\n<td>Nume produs<\/td>\n<td>Cilindru lateral pentru pres\u0103 hidraulic\u0103<\/td>\n<\/tr>\n<tr>\n<td>Caracteristici:<\/td>\n<td>Asigura\u021bi \u00eempingere presei cu cilindrul principal<\/td>\n<\/tr>\n<tr>\n<td>Piston:<\/td>\n<td>420 mm ~ 1000 mm<\/td>\n<\/tr>\n<tr>\n<td>Accident vascular cerebral:<\/td>\n<td>Curs\u0103 \u22644500 mm<\/td>\n<\/tr>\n<tr>\n<td>For\u021ba de \u00eempingere:<\/td>\n<td>Maxim 24,7 MN<br \/>\n(Piston 1000 mm \/ presiune 31,5 MPa)<\/td>\n<\/tr>\n<tr>\n<td>Aplica\u021bii ale cilindrului hidraulic lateral:<\/td>\n<td>Pres\u0103 hidraulic\u0103<\/td>\n<\/tr>\n<\/tbody>\n<\/table>\n<div><\/div>\n<div class=\"txtboxL\">Caracteristici:<\/div>\n<div class=\"txtboxR\">asigur\u0103 \u00eempingere presei cu ajutorul cilindrului principal<\/div>\n<div class=\"txtboxL\">Specifica\u021bii:<\/div>\n<div class=\"txtboxR\">Piston 420mm\uff5e1000mm<br \/>\nCurs\u0103 \u22644500 mm<\/div>\n<div class=\"txtboxL\">For\u021ba de \u00eempingere:<\/div>\n<div class=\"txtboxR\">Maxim 24,7 MN<br \/>\n(Piston 1000 mm \/ presiune 31,5 MPa)<\/div>\n<h2><strong>Fabric\u0103 de cilindri de pres\u0103:<\/strong><\/h2>\n<p><img loading=\"lazy\" decoding=\"async\" class=\"alignnone wp-image-1619 size-full\" src=\"https:\/\/hydraulic-cylinders.net\/wp-content\/uploads\/2023\/10\/press-cylinder.webp\" alt=\"\" width=\"1418\" height=\"946\" srcset=\"https:\/\/hydraulic-cylinders.net\/wp-content\/uploads\/2023\/10\/press-cylinder.webp 1418w, https:\/\/hydraulic-cylinders.net\/wp-content\/uploads\/2023\/10\/press-cylinder-1280x854.webp 1280w, https:\/\/hydraulic-cylinders.net\/wp-content\/uploads\/2023\/10\/press-cylinder-980x654.webp 980w, https:\/\/hydraulic-cylinders.net\/wp-content\/uploads\/2023\/10\/press-cylinder-480x320.webp 480w\" sizes=\"(min-width: 0px) and (max-width: 480px) 480px, (min-width: 481px) and (max-width: 980px) 980px, (min-width: 981px) and (max-width: 1280px) 1280px, (min-width: 1281px) 1418px, 100vw\" \/><\/p>\n<h2><strong>Metoda de utilizare a cilindrului lateral de presare<\/strong><strong>:<\/strong><\/h2>\n<ol>\n<li><strong>Instalare \u0219i integrare:<\/strong><\/li>\n<\/ol>\n<ul>\n<li>Monta\u021bi cilindrul lateral al presei \u00een siguran\u021b\u0103 pe cadrul presei, asigur\u00e2nd o aliniere \u0219i o conectare corecte.<\/li>\n<li>Urma\u021bi instruc\u021biunile \u0219i recomand\u0103rile produc\u0103torului pentru instalare, pentru a asigura performan\u021be optime \u0219i siguran\u021b\u0103.<\/li>\n<\/ul>\n<ol start=\"2\">\n<li><strong>Conexiuni hidraulice:<\/strong><\/li>\n<\/ol>\n<ul>\n<li>Conecta\u021bi cilindrul lateral al presei la unitatea hidraulic\u0103 folosind furtunurile \u0219i racordurile corespunz\u0103toare.<\/li>\n<li>Verifica\u021bi dac\u0103 conexiunile hidraulice sunt str\u00e2nse \u0219i f\u0103r\u0103 scurgeri pentru a asigura un transfer eficient al fluidului \u0219i o func\u021bionare fiabil\u0103.<\/li>\n<\/ul>\n<ol start=\"3\">\n<li><strong>Reglarea presiunii:<\/strong><\/li>\n<\/ol>\n<ul>\n<li>Ajusta\u021bi presiunea furnizat\u0103 cilindrului lateral de presare \u00een func\u021bie de cerin\u021bele specifice de presare.<\/li>\n<li>Consulta\u021bi instruc\u021biunile produc\u0103torului pentru a determina intervalul de presiune recomandat pentru o performan\u021b\u0103 optim\u0103.<\/li>\n<\/ul>\n<ol start=\"4\">\n<li><strong>Controlul lungimii cursei \u0219i al vitezei:<\/strong><\/li>\n<\/ol>\n<ul>\n<li>Cilindrul lateral de presare ofer\u0103 de obicei op\u021biuni reglabile pentru lungimea cursei \u0219i controlul vitezei pentru diferite aplica\u021bii de presare.<\/li>\n<li>Familiariza\u021bi-v\u0103 cu caracteristicile \u0219i func\u021biile de control ale cilindrului pentru a ob\u021bine rezultatele dorite.<\/li>\n<\/ul>\n<h2><strong>Cum se aerise\u0219te sistemul hidraulic al tractorului?<\/strong><\/h2>\n<p>Aerisirea unui sistem hidraulic al tractorului este o sarcin\u0103 important\u0103 de \u00eentre\u021binere pentru a asigura func\u021bionarea \u0219i performan\u021ba corect\u0103. Prezen\u021ba aerului \u00een sistemul hidraulic poate duce la o eficien\u021b\u0103 redus\u0103, func\u021bionare neregulat\u0103 \u0219i deteriorarea poten\u021bial\u0103 a componentelor. Iat\u0103 pa\u0219ii generali pentru aerisirea unui sistem hidraulic al tractorului:<\/p>\n<ol>\n<li><strong>Preparare:<\/strong>\n<ul>\n<li>Parca\u021bi tractorul pe o suprafa\u021b\u0103 plan\u0103 \u0219i ac\u021biona\u021bi fr\u00e2na de m\u00e2n\u0103.<\/li>\n<li>Asigura\u021bi-v\u0103 c\u0103 rezervorul de fluid hidraulic este umplut p\u00e2n\u0103 la nivelul recomandat.<\/li>\n<li>Localiza\u021bi \u0219urubul sau supapa de aerisire pe sistemul hidraulic. De obicei, aceasta este situat\u0103 \u00een apropierea celui mai \u00eenalt punct al sistemului sau pe cilindrul hidraulic.<\/li>\n<\/ul>\n<\/li>\n<li><strong>Identifica\u021bi punctele de s\u00e2ngerare:<\/strong>\n<ul>\n<li>\u00cen func\u021bie de modelul tractorului, pot exista mai multe puncte de aerisire \u00een sistemul hidraulic.<\/li>\n<li>Punctele de aerisire comune includ cilindrii hidraulici, supapele de control \u0219i alte puncte \u00eenalte din sistem unde se poate acumula aer.<\/li>\n<\/ul>\n<\/li>\n<li><strong>Deschide\u021bi \u0219urubul\/valva de aerisire:<\/strong>\n<ul>\n<li>Folosind o unealt\u0103 adecvat\u0103, cum ar fi o cheie sau o \u0219urubelni\u021b\u0103, sl\u0103bi\u021bi cu grij\u0103 \u0219urubul sau supapa de aerisire.<\/li>\n<li>Asigura\u021bi-v\u0103 c\u0103 \u0219urubul\/supapa de aerisire este deschis\u0103 suficient c\u00e2t s\u0103 permit\u0103 aerului s\u0103 ias\u0103, f\u0103r\u0103 a o scoate complet.<\/li>\n<\/ul>\n<\/li>\n<li><strong>Porni\u021bi tractorul:<\/strong>\n<ul>\n<li>Porni\u021bi motorul tractorului \u0219i l\u0103sa\u021bi-l s\u0103 func\u021bioneze la ralanti.<\/li>\n<li>L\u0103sa\u021bi sistemul hidraulic s\u0103 se \u00eenc\u0103lzeasc\u0103 timp de c\u00e2teva minute pentru a asigura un debit optim al fluidului.<\/li>\n<\/ul>\n<\/li>\n<li><strong>Ac\u021bionarea comenzilor hidraulice:<\/strong>\n<ul>\n<li>Activa\u021bi comenzile hidraulice asociate punctului de aerisire la care lucra\u021bi.<\/li>\n<li>De exemplu, dac\u0103 purja\u021bi aer dintr-un cilindru hidraulic al \u00eenc\u0103rc\u0103torului, ac\u021biona\u021bi maneta de comand\u0103 a \u00eenc\u0103rc\u0103torului pentru a extinde \u0219i retrage complet cilindrul.<\/li>\n<\/ul>\n<\/li>\n<li><strong>Monitoriza\u021bi eliberarea de fluid \u0219i aer:<\/strong>\n<ul>\n<li>\u00cen timp ce ac\u021biona\u021bi comenzile hidraulice, observa\u021bi \u0219urubul\/supapa de aerisire pentru a vedea dac\u0103 exist\u0103 bule de aer \u00een timpul aerisirii.<\/li>\n<li>De asemenea, poate \u00eencepe s\u0103 curg\u0103 lichid din punctul de aerisire, indic\u00e2nd faptul c\u0103 aerul este eliminat din sistem.<\/li>\n<\/ul>\n<\/li>\n<li><strong>\u00cenchide\u021bi \u0219urubul\/valva de aerisire:<\/strong>\n<ul>\n<li>Dup\u0103 ce nu mai exist\u0103 bule de aer, str\u00e2nge\u021bi bine \u0219urubul\/supapa de aerisire.<\/li>\n<li>Asigura\u021bi-v\u0103 c\u0103 \u0219urubul\/supapa de aerisire este etan\u0219at\u0103 corespunz\u0103tor pentru a preveni scurgerile de fluid.<\/li>\n<\/ul>\n<\/li>\n<li><strong>Repeta\u021bi pentru alte puncte de s\u00e2ngerare:<\/strong>\n<ul>\n<li>Dac\u0103 exist\u0103 mai multe puncte de aerisire \u00een sistemul hidraulic, repeta\u021bi procesul de aerisire pentru fiecare dintre ele.<\/li>\n<li>\u00cencepe\u021bi cu cel mai \u00eenalt punct \u0219i cobor\u00e2\u021bi pentru a v\u0103 asigura c\u0103 tot aerul este eliminat din sistem.<\/li>\n<\/ul>\n<\/li>\n<li><strong>Verifica\u021bi nivelul lichidului:<\/strong>\n<ul>\n<li>Dup\u0103 golirea aerului din sistemul hidraulic, verifica\u021bi nivelul lichidului din rezervor.<\/li>\n<li>Dac\u0103 este necesar, ad\u0103uga\u021bi fluid hidraulic pentru a men\u021bine nivelul recomandat.<\/li>\n<\/ul>\n<\/li>\n<li><strong>Testarea sistemului hidraulic:<\/strong>\n<ul>\n<li>Dup\u0103 ce aerul a fost evacuat din sistem, testa\u021bi comenzile \u0219i func\u021biile hidraulice pentru a asigura o func\u021bionare lin\u0103 \u0219i corect\u0103.<\/li>\n<li>Verifica\u021bi dac\u0103 sistemul hidraulic al tractorului func\u021bioneaz\u0103 conform a\u0219tept\u0103rilor, f\u0103r\u0103 zgomote anormale sau probleme de performan\u021b\u0103.<\/li>\n<\/ul>\n<\/li>\n<\/ol>\n<h2><strong>Capabilitatea \u0219i capacitatea fabricii:<\/strong><\/h2>\n<h3>(1) Montaj<\/h3>\n<p>Avem o platform\u0103 de asamblare independent\u0103 de cercetare \u0219i dezvoltare de prim\u0103 clas\u0103. Atelierul de produc\u021bie a cilindrilor hidraulici are patru linii de asamblare semiautomate pentru cilindri de ridicare \u0219i o linie de asamblare automat\u0103 a cilindrilor de \u00eenclinare, cu o capacitate de produc\u021bie anual\u0103 proiectat\u0103 de 1 milion de buc\u0103\u021bi. Atelierul de cilindri speciali este echipat cu diverse specifica\u021bii ale unui sistem de asamblare semi-automat de cur\u0103\u021bare, cu o capacitate de produc\u021bie anual\u0103 proiectat\u0103 de 200.000 \u0219i dotat cu echipamente celebre de prelucrare CNC, un centru de prelucrare, un echipament special de prelucrare a cilindrilor de \u00eenalt\u0103 precizie, o ma\u0219in\u0103 de sudur\u0103 robotizat\u0103, o ma\u0219in\u0103 de cur\u0103\u021bare automat\u0103, o ma\u0219in\u0103 de asamblare automat\u0103 a cilindrilor \u0219i o linie de produc\u021bie automat\u0103 de vopsire. Echipamente critice existente de peste 300 de seturi (seturi). Alocarea optim\u0103 \u0219i utilizarea eficient\u0103 a resurselor de echipamente asigur\u0103 cerin\u021bele de precizie ale produselor \u0219i satisface nevoile de \u00eenalt\u0103 calitate ale produselor.<\/p>\n<p><img loading=\"lazy\" decoding=\"async\" class=\"alignnone wp-image-626\" src=\"https:\/\/hydraulic-cylinders.net\/wp-content\/uploads\/2023\/08\/hydraulic-cylinder-product-1-300x158.webp\" alt=\"\" width=\"495\" height=\"260\" srcset=\"https:\/\/hydraulic-cylinders.net\/wp-content\/uploads\/2023\/08\/hydraulic-cylinder-product-1-300x158.webp 495w, https:\/\/hydraulic-cylinders.net\/wp-content\/uploads\/2023\/08\/hydraulic-cylinder-product-1-480x252.webp 480w\" sizes=\"(min-width: 0px) and (max-width: 480px) 480px, (min-width: 481px) 495px, 100vw\" \/> <img loading=\"lazy\" decoding=\"async\" class=\"alignnone wp-image-627\" src=\"https:\/\/hydraulic-cylinders.net\/wp-content\/uploads\/2023\/08\/hydraulic-cylinder-product-2-300x189.webp\" alt=\"\" width=\"413\" height=\"260\" \/><\/p>\n<h3>(2) Prelucrare<\/h3>\n<p>Atelierul de prelucrare este echipat cu un centru de strunjire cu \u0219in\u0103 \u00eenclinat\u0103 personalizat, un centru de prelucrare, o ma\u0219in\u0103 de honuire de mare vitez\u0103, un robot de sudur\u0103 \u0219i alte echipamente conexe, care pot gestiona prelucrarea tuburilor cilindrice cu un diametru interior maxim de 400 mm \u0219i o lungime maxim\u0103 de 6 metri.<\/p>\n<p><img loading=\"lazy\" decoding=\"async\" class=\"alignnone wp-image-628 size-large\" src=\"https:\/\/hydraulic-cylinders.net\/wp-content\/uploads\/2023\/08\/hydraulic-cylinder-product-3-1024x391.webp\" alt=\"\" width=\"1024\" height=\"391\" srcset=\"https:\/\/hydraulic-cylinders.net\/wp-content\/uploads\/2023\/08\/hydraulic-cylinder-product-3-980x374.webp 980w, https:\/\/hydraulic-cylinders.net\/wp-content\/uploads\/2023\/08\/hydraulic-cylinder-product-3-480x183.webp 480w\" sizes=\"(min-width: 0px) and (max-width: 480px) 480px, (min-width: 481px) and (max-width: 980px) 980px, (min-width: 981px) 1024px, 100vw\" \/><\/p>\n<h3>(3) Sudur\u0103<\/h3>\n<p><img loading=\"lazy\" decoding=\"async\" class=\"alignnone wp-image-629 size-large\" src=\"https:\/\/hydraulic-cylinders.net\/wp-content\/uploads\/2023\/08\/hydraulic-cylinder-product-4-1024x510.webp\" alt=\"\" width=\"1024\" height=\"510\" srcset=\"https:\/\/hydraulic-cylinders.net\/wp-content\/uploads\/2023\/08\/hydraulic-cylinder-product-4-980x488.webp 980w, https:\/\/hydraulic-cylinders.net\/wp-content\/uploads\/2023\/08\/hydraulic-cylinder-product-4-480x239.webp 480w\" sizes=\"(min-width: 0px) and (max-width: 480px) 480px, (min-width: 481px) and (max-width: 980px) 980px, (min-width: 981px) 1024px, 100vw\" \/><\/p>\n<h3>(4) Vopsire \u0219i acoperire<\/h3>\n<p>Cu linii automate de acoperire cu vopsea pe baz\u0103 de ap\u0103 cu cilindru de dimensiuni mici \u0219i medii, pentru a realiza \u00eenc\u0103rcarea \u0219i desc\u0103rcarea automat\u0103 a robotului \u0219i pulverizarea automat\u0103, capacitatea de proiectare de 4000 de buc\u0103\u021bi pe schimb;<br \/>\nAvem, de asemenea, o linie de produc\u021bie semi-automat\u0103 de vopsire pentru cilindri mari, ac\u021bionat\u0103 de un lan\u021b de putere, cu o capacitate de proiectare de 60 de cutii pe schimb.<\/p>\n<p><img loading=\"lazy\" decoding=\"async\" class=\"alignnone wp-image-630\" src=\"https:\/\/hydraulic-cylinders.net\/wp-content\/uploads\/2023\/08\/hydraulic-cylinder-product-5-300x213.webp\" alt=\"\" width=\"366\" height=\"260\" \/> <img loading=\"lazy\" decoding=\"async\" class=\"alignnone wp-image-631\" src=\"https:\/\/hydraulic-cylinders.net\/wp-content\/uploads\/2023\/08\/hydraulic-cylinder-product-6-300x225.webp\" alt=\"\" width=\"347\" height=\"260\" \/><\/p>\n<h3>(5) Testarea<\/h3>\n<p>Dispunem de instala\u021bii de inspec\u021bie \u0219i bancuri de testare de prim\u0103 clas\u0103 pentru a ne asigura c\u0103 performan\u021ba cilindrului \u00eendepline\u0219te cerin\u021bele.<\/p>\n<p><img loading=\"lazy\" decoding=\"async\" class=\"alignnone wp-image-632\" src=\"https:\/\/hydraulic-cylinders.net\/wp-content\/uploads\/2023\/08\/hydraulic-cylinder-product-8-300x200.webp\" alt=\"\" width=\"389\" height=\"260\" \/><\/p>\n<p>&nbsp;<\/p>\n<p>&nbsp;<\/p>\n<p>Suntem unul dintre cei mai buni produc\u0103tori de cilindri hidraulici. Putem oferi o gam\u0103 complet\u0103 de cilindri hidraulici. De asemenea, oferim... <a href=\"https:\/\/hzpt.com\/agricultural-pto-gearbox\/\" target=\"_blank\" rel=\"noopener\">cutii de viteze agricole<\/a>Ne-am exportat produsele c\u0103tre clien\u021bi din \u00eentreaga lume \u0219i ne-am c\u00e2\u0219tigat o bun\u0103 reputa\u021bie datorit\u0103 calit\u0103\u021bii superioare a produselor noastre \u0219i a serviciilor post-v\u00e2nzare. \u00cei invit\u0103m pe clien\u021bii din \u021bar\u0103 \u0219i din str\u0103in\u0103tate s\u0103 ne contacteze pentru a negocia afaceri, a face schimb de informa\u021bii \u0219i... <a href=\"https:\/\/www.hydraulic-cylinders.net\/ro\/contact-us\/\">s\u0103 coopereze cu noi<\/a>!<\/p>","protected":false},"excerpt":{"rendered":"<p>Press Side Cylinder The press side cylinder is a powerful and reliable component designed to optimize pressing operations across various industries. This innovative cylinder delivers precise force and exceptional performance, enabling you to achieve superior results in your pressing applications. The press side cylinder offers a reliable, efficient solution for enhancing pressing operations. With its [&hellip;]<\/p>","protected":false},"featured_media":1622,"comment_status":"open","ping_status":"closed","template":"","meta":{"_et_pb_use_builder":"","_et_pb_old_content":"","_et_gb_content_width":""},"product_brand":[],"product_cat":[1522,1549,1376],"product_tag":[1380],"class_list":{"0":"post-1620","1":"product","2":"type-product","3":"status-publish","4":"has-post-thumbnail","6":"product_cat-press-hydraulic-cylinders","7":"product_cat-single-acting-hydraulic-cylinder","8":"product_cat-hydraulic-cylinder","9":"product_tag-hydraulic-cylinder","11":"first","12":"instock","13":"shipping-taxable","14":"product-type-simple"},"amp_enabled":true,"_links":{"self":[{"href":"https:\/\/www.hydraulic-cylinders.net\/ro\/wp-json\/wp\/v2\/product\/1620","targetHints":{"allow":["GET"]}}],"collection":[{"href":"https:\/\/www.hydraulic-cylinders.net\/ro\/wp-json\/wp\/v2\/product"}],"about":[{"href":"https:\/\/www.hydraulic-cylinders.net\/ro\/wp-json\/wp\/v2\/types\/product"}],"replies":[{"embeddable":true,"href":"https:\/\/www.hydraulic-cylinders.net\/ro\/wp-json\/wp\/v2\/comments?post=1620"}],"wp:featuredmedia":[{"embeddable":true,"href":"https:\/\/www.hydraulic-cylinders.net\/ro\/wp-json\/wp\/v2\/media\/1622"}],"wp:attachment":[{"href":"https:\/\/www.hydraulic-cylinders.net\/ro\/wp-json\/wp\/v2\/media?parent=1620"}],"wp:term":[{"taxonomy":"product_brand","embeddable":true,"href":"https:\/\/www.hydraulic-cylinders.net\/ro\/wp-json\/wp\/v2\/product_brand?post=1620"},{"taxonomy":"product_cat","embeddable":true,"href":"https:\/\/www.hydraulic-cylinders.net\/ro\/wp-json\/wp\/v2\/product_cat?post=1620"},{"taxonomy":"product_tag","embeddable":true,"href":"https:\/\/www.hydraulic-cylinders.net\/ro\/wp-json\/wp\/v2\/product_tag?post=1620"}],"curies":[{"name":"wp","href":"https:\/\/api.w.org\/{rel}","templated":true}]}}