{"id":16277,"date":"2025-01-20T09:01:47","date_gmt":"2025-01-20T09:01:47","guid":{"rendered":"https:\/\/www.hydraulic-cylinders.net\/product\/arm-cylinderfor-kobelco-small-excavator-sk60-3-8\/"},"modified":"2025-01-20T09:01:49","modified_gmt":"2025-01-20T09:01:49","slug":"arm-cylinderfor-kobelco-small-excavator-sk60-3-8","status":"publish","type":"product","link":"https:\/\/www.hydraulic-cylinders.net\/ro\/produs\/arm-cylinderfor-kobelco-small-excavator-sk60-3-8\/","title":{"rendered":"Cilindru bra\u021b pentru excavatorul mic Kobelco SK60-3-8"},"content":{"rendered":"<h1>Cilindru de bra\u021b pentru excavatorul mic Kobelco SK60-3-8<\/h1>\n<h2>Introducere<\/h2>\n<p>Cilindrul bra\u021bului este un cilindru hidraulic special conceput care ofer\u0103 mi\u0219care liniar\u0103 \u0219i putere bra\u021bului diferitelor utilaje, cum ar fi excavatoare, macarale \u0219i bra\u021be robotizate. Acesta joac\u0103 un rol crucial \u00een sistemele hidraulice, permi\u021b\u00e2nd mi\u0219carea \u0219i controlul eficient al ata\u0219amentelor \u0219i accesoriilor. Ace\u0219ti cilindri nu numai c\u0103 asigur\u0103 o func\u021bionare lin\u0103, dar rezist\u0103 \u0219i la sarcini grele, asigur\u00e2nd o eficien\u021b\u0103 ridicat\u0103 \u0219i fiabilitate a utilajelor \u00een diverse condi\u021bii de lucru.<\/p>\n<p><img decoding=\"async\" src=\"https:\/\/www.hydraulic-cylinders.net\/wp-content\/uploads\/2025\/01\/songte-company-2.webp\"><\/p>\n<h2>Caracteristici<\/h2>\n<ul>\n<li>Transmisie eficient\u0103 a puterii: Cilindrul bra\u021bului ofer\u0103 o mi\u0219care liniar\u0103 puternic\u0103 \u0219i o for\u021b\u0103, asigur\u00e2nd capacit\u0103\u021bi de \u00eenalt\u0103 performan\u021b\u0103 pentru bra\u021bul ma\u0219inii.<\/li>\n<li>Control precis: Prin intermediul sistemului hidraulic, cilindrul bra\u021bului permite un control precis al mi\u0219c\u0103rii, f\u0103c\u00e2nd opera\u021biunile cu ata\u0219amente mai flexibile \u0219i mai precise.<\/li>\n<li>Durabilitate ridicat\u0103: Cilindrii bra\u021bului sunt de obicei fabrica\u021bi din materiale de \u00eenalt\u0103 rezisten\u021b\u0103, oferind o rezisten\u021b\u0103 excelent\u0103 la uzur\u0103 \u0219i coroziune, ceea ce \u00eei face potrivi\u021bi pentru utilizare prelungit\u0103 \u00een medii dure.<\/li>\n<li>Adaptabilitate multifunc\u021bional\u0103: Ace\u0219ti cilindri \u00ee\u0219i g\u0103sesc aplica\u021bii largi \u00een diverse utilaje, cum ar fi excavatoare, macarale \u0219i bra\u021be robotizate, adapt\u00e2ndu-se la diferite cerin\u021be de lucru.<\/li>\n<li>U\u0219urin\u021b\u0103 \u00een \u00eentre\u021binere: Considera\u021biile de proiectare pentru \u00eentre\u021binere \u0219i \u00eenlocuire u\u0219oar\u0103 fac ca inspec\u021biile \u0219i \u00eentre\u021binerea regulat\u0103 s\u0103 fie convenabile, reduc\u00e2nd timpul de nefunc\u021bionare a echipamentelor.<\/li>\n<\/ul>\n<p><img decoding=\"async\" src=\"https:\/\/www.hydraulic-cylinders.net\/wp-content\/uploads\/2025\/01\/songte-oil-pipes-and-spare-parts.webp\"><\/p>\n<h2>Aplica\u021bii<\/h2>\n<p>Cilindrul cu bra\u021b \u00ee\u0219i g\u0103se\u0219te aplica\u021bii \u00een diverse industrii:<\/p>\n<ul>\n<li>Inginerie de construc\u021bii: Utilizat \u00een excavatoare \u0219i macarale, cilindrul bra\u021bului controleaz\u0103 mi\u0219carea cupelor sau a bra\u021belor pentru lucr\u0103ri de terasament, manipularea materialelor \u0219i instala\u021bii structurale.<\/li>\n<li>Fabrica\u021bie: \u00cen liniile de produc\u021bie automatizate, cilindrul bra\u021bului faciliteaz\u0103 mi\u0219carea bra\u021belor robotizate pentru procesele de asamblare, sudare \u0219i manipulare a materialelor, sporind eficien\u021ba \u0219i precizia produc\u021biei.<\/li>\n<li>Ma\u0219ini agricole: \u00cen echipamentele agricole, cum ar fi combinele de recoltat \u0219i sem\u0103n\u0103toarele, cilindrul bra\u021bului controleaz\u0103 mi\u0219carea bra\u021belor opera\u021bionale pentru sarcini precum sem\u0103natul, fertilizarea \u0219i recoltarea.<\/li>\n<li>Minerit: \u00cen echipamentele miniere, cilindrul bra\u021bului controleaz\u0103 mi\u0219carea bra\u021bului utilajelor miniere pentru excavarea \u0219i transportul minereurilor.<\/li>\n<li>Logistic\u0103 \u0219i transport: La stivuitoarele \u0219i robo\u021bii de manipulare, cilindrul bra\u021bului controleaz\u0103 ridicarea \u0219i mi\u0219carea furcilor, permi\u021b\u00e2nd manipularea \u0219i stivuirea materialelor.<\/li>\n<\/ul>\n<h2>Considera\u021bii de proiectare \u0219i criterii de selec\u021bie<\/h2>\n<p>La proiectarea cilindrilor bra\u021bului, se iau \u00een considerare mai mul\u021bi factori cheie:<\/p>\n<ul>\n<li>Capacitate portant\u0103: Cilindrii sunt proiecta\u021bi s\u0103 reziste la sarcini \u0219i for\u021be specifice, asigur\u00e2nd o func\u021bionare sigur\u0103 \u0219i eficient\u0103.<\/li>\n<li>Capacitate de etan\u0219are: Diverse elemente de etan\u0219are, cum ar fi etan\u0219\u0103rile pistonului \u0219i etan\u0219\u0103rile tijei, fabricate din materiale durabile, precum poliuretanul \u0219i cauciucul nitrilic, sunt utilizate pentru a preveni scurgerile \u0219i a asigura o etan\u0219are eficient\u0103.<\/li>\n<li>Durabilitate: Corpul cilindrului \u0219i capetele filetate sunt supuse unei prelucr\u0103ri meticuloase pentru a spori rezisten\u021ba la uzur\u0103, oferind performan\u021be de lung\u0103 durat\u0103.<\/li>\n<li>Siguran\u021b\u0103: Caracteristicile de siguran\u021b\u0103 sunt integrate \u00een proiectare pentru a preveni accidentele \u0219i a asigura bun\u0103starea operatorilor \u0219i a utilajelor.<\/li>\n<li>\u00centre\u021binere: \u00cen proiectare sunt incluse aspecte legate de \u00eentre\u021binere \u0219i repara\u021bii u\u0219oare, facilit\u00e2nd inspec\u021biile regulate \u0219i reduc\u00e2nd la minimum timpul de nefunc\u021bionare.<\/li>\n<\/ul>\n<p><img decoding=\"async\" src=\"https:\/\/www.hydraulic-cylinders.net\/wp-content\/uploads\/2025\/01\/songte-cylinder-head-with-all-kinds-excavator-models.webp\"><\/p>\n<h2>Etan\u0219are \u0219i lubrifiere<\/h2>\n<p>Cilindrul bra\u021bului utilizeaz\u0103 diverse garnituri, cum ar fi garnituri de piston \u0219i garnituri de tij\u0103, fabricate din materiale rezistente la uzur\u0103, precum poliuretanul \u0219i cauciucul nitrilic. Corpul cilindrului \u0219i capetele filetate sunt supuse unor prelucr\u0103ri fine pentru a \u00eembun\u0103t\u0103\u021bi rezisten\u021ba la uzur\u0103. Lubrifierea regulat\u0103 cu o cantitate adecvat\u0103 de ulei hidraulic este necesar\u0103 pentru a asigura func\u021bionarea corect\u0103 \u0219i longevitatea cilindrului.<\/p>\n<h2>Inspec\u021bie regulat\u0103 \u0219i \u00eentre\u021binere preventiv\u0103<\/h2>\n<ul>\n<li>Inspecta\u021bi periodic cilindrul pentru a depista orice semne de scurgeri, deterior\u0103ri sau uzur\u0103 anormal\u0103.<\/li>\n<li>Verifica\u021bi \u0219i \u00eenlocui\u021bi garniturile dup\u0103 cum este necesar pentru a men\u021bine o performan\u021b\u0103 optim\u0103.<\/li>\n<li>Asigura\u021bi o lubrifiere corespunz\u0103toare respect\u00e2nd recomand\u0103rile produc\u0103torului.<\/li>\n<li>Inspecta\u021bi \u0219i cur\u0103\u021ba\u021bi exteriorul \u0219i componentele cilindrului pentru a preveni acumularea de resturi.<\/li>\n<li>Efectua\u021bi sarcini de \u00eentre\u021binere preventiv\u0103, cum ar fi str\u00e2ngerea \u0219uruburilor \u0219i verificarea alinierii.<\/li>\n<\/ul>\n<h2>Ghid de instalare a produsului<\/h2>\n<p>Urma\u021bi ace\u0219ti pa\u0219i pentru instalarea corect\u0103 a cilindrului bra\u021bului:<\/p>\n<ol>\n<li>Preg\u0103ti\u021bi zona de montare \u0219i asigura\u021bi-v\u0103 c\u0103 este curat\u0103 \u0219i lipsit\u0103 de resturi.<\/li>\n<li>Pozi\u021biona\u021bi cu grij\u0103 cilindrul \u0219i alinia\u021bi-l cu punctele de montare.<\/li>\n<li>Fixa\u021bi cilindrul \u00een siguran\u021b\u0103 folosind \u0219uruburile corespunz\u0103toare \u0219i asigura\u021bi cuplul corect de str\u00e2ngere.<\/li>\n<li>Conecta\u021bi conductele hidraulice la cilindru, asigur\u00e2nd o etan\u0219are corespunz\u0103toare.<\/li>\n<li>Efectua\u021bi o inspec\u021bie am\u0103nun\u021bit\u0103 a instala\u021biei pentru a verifica alinierea corect\u0103 \u0219i conexiunile sigure.<\/li>\n<\/ol>\n<p><img decoding=\"async\" src=\"https:\/\/www.hydraulic-cylinders.net\/wp-content\/uploads\/2025\/01\/songte-bushings-with-all-kinds-of-excavator-models.webp\"><\/p>\n<h2>Considera\u021bii de siguran\u021b\u0103 \u0219i factori de mediu<\/h2>\n<p>Atunci c\u00e2nd se lucreaz\u0103 cu cilindri hidraulici, este esen\u021bial s\u0103 se respecte m\u0103surile de siguran\u021b\u0103 pentru a preveni accidentele \u0219i a asigura bun\u0103starea operatorului. M\u0103surile de siguran\u021b\u0103 includ instruirea adecvat\u0103, utilizarea corect\u0103 a echipamentului individual de protec\u021bie \u0219i respectarea instruc\u021biunilor de siguran\u021b\u0103 pe tot parcursul opera\u021biunii. \u00cen plus, luarea \u00een considerare a factorilor de mediu, cum ar fi prevenirea scurgerilor de fluide \u0219i eliminarea corect\u0103 a componentelor hidraulice, ajut\u0103 la minimizarea impactului asupra mediului.<\/p>\n<h2>Depanare \u0219i probleme frecvente<\/h2>\n<p>\u00cen cazul oric\u0103ror probleme cu cilindrul bra\u021bului, iat\u0103 c\u00e2teva sfaturi de depanare \u0219i probleme frecvente:<\/p>\n<ul>\n<li>Problem\u0103: Scurgeri la garniturile cilindrului.<br \/>Solu\u021bie: Inspecta\u021bi \u0219i \u00eenlocui\u021bi garniturile deteriorate pentru a opri scurgerea.<\/li>\n<li>Problem\u0103: Zgomot excesiv \u00een timpul func\u021bion\u0103rii.<br \/>Solu\u021bie: Verifica\u021bi dac\u0103 exist\u0103 componente sl\u0103bite sau nealiniere \u0219i str\u00e2nge\u021bi sau realinia\u021bi dup\u0103 cum este necesar.<\/li>\n<li>Problem\u0103: Cilindrul nu se extinde sau nu se retrage complet.<br \/>Solu\u021bie: Verifica\u021bi dac\u0103 exist\u0103 obstruc\u021bii sau piese deteriorate \u0219i cur\u0103\u021ba\u021bi sau \u00eenlocui\u021bi dup\u0103 cum este necesar.<\/li>\n<li>Problem\u0103: Mi\u0219care lent\u0103 sau neregulat\u0103 a cilindrului.<br \/>Solu\u021bie: Verifica\u021bi nivelurile \u0219i calitatea fluidului hidraulic \u0219i efectua\u021bi lucr\u0103rile de \u00eentre\u021binere sau \u00eenlocuirea fluidului, dup\u0103 cum este necesar.<\/li>\n<\/ul>\n<p>Urm\u00e2nd aceste sfaturi de depanare \u0219i m\u0103suri preventive, cititorii pot diagnostica \u0219i rezolva eficient problemele, precum \u0219i pot minimiza poten\u021bialele probleme.<\/p>\n<p><img decoding=\"async\" src=\"https:\/\/www.hydraulic-cylinders.net\/wp-content\/uploads\/2025\/01\/songte-chushion-collar.webp\"><\/p>\n<h2>Despre noi<\/h2>\n<p>Suntem un produc\u0103tor profesionist specializat \u00een cilindri hidraulici de schimb. Cu o gam\u0103 larg\u0103 de produse, am devenit unul dintre principalii produc\u0103tori \u0219i angrosi\u0219ti \u200b\u200bpe pie\u021bele interne \u0219i interna\u021bionale. Sus\u021binem principiul excelen\u021bei, \u00eembun\u0103t\u0103\u021bindu-ne continuu capacit\u0103\u021bile tehnice \u0219i eficien\u021ba produc\u021biei prin ateliere de fabrica\u021bie sofisticate \u0219i strategii de management industrial. Prin introducerea de echipamente digitale avansate de fabrica\u021bie \u0219i sisteme profesionale de testare, optimiz\u0103m platforma noastr\u0103 de fabrica\u021bie \u0219i \u00eembun\u0103t\u0103\u021bim procesele de control al calit\u0103\u021bii produselor, demonstr\u00e2nd capacit\u0103\u021bi puternice de inovare. Scopul nostru este de a satisface diversele nevoi ale clien\u021bilor cu eficien\u021b\u0103, precizie \u0219i produse de \u00eenalt\u0103 calitate.<\/p>\n<p><img decoding=\"async\" src=\"https:\/\/www.hydraulic-cylinders.net\/wp-content\/uploads\/2025\/01\/songte-company-4.webp\"><br \/>\n<img decoding=\"async\" src=\"https:\/\/www.hydraulic-cylinders.net\/wp-content\/uploads\/2025\/01\/songte-company-3.webp\"><\/p>\n<p>Ca \u0219i companie, ne m\u00e2ndrim cu profesionalismul, certific\u0103rile interna\u021bionale, serviciile personalizate, echipamentele de produc\u021bie avansate \u0219i asisten\u021ba complet\u0103 post-v\u00e2nzare.<\/p>\n<p>Autor: lyl<\/p>","protected":false},"excerpt":{"rendered":"<p>Arm Cylinder for Kobelco Small Excavator SK60-3-8 Introduction The arm cylinder is a specially designed hydraulic cylinder that provides linear motion and power to the arm of various machinery such as excavators, cranes, and robotic arms. It plays a crucial role in hydraulic systems, enabling the efficient movement and control of attachments and accessories. These [&hellip;]<\/p>","protected":false},"featured_media":14779,"comment_status":"open","ping_status":"closed","template":"","meta":{"_et_pb_use_builder":"","_et_pb_old_content":"","_et_gb_content_width":""},"product_brand":[],"product_cat":[1497],"product_tag":[1498,1496],"class_list":{"0":"post-16277","1":"product","2":"type-product","3":"status-publish","4":"has-post-thumbnail","6":"product_cat-arm-cylinders","7":"product_tag-arm-cylinders","8":"product_tag-hydraulic-cylinders","10":"first","11":"instock","12":"shipping-taxable","13":"product-type-simple"},"amp_enabled":true,"_links":{"self":[{"href":"https:\/\/www.hydraulic-cylinders.net\/ro\/wp-json\/wp\/v2\/product\/16277","targetHints":{"allow":["GET"]}}],"collection":[{"href":"https:\/\/www.hydraulic-cylinders.net\/ro\/wp-json\/wp\/v2\/product"}],"about":[{"href":"https:\/\/www.hydraulic-cylinders.net\/ro\/wp-json\/wp\/v2\/types\/product"}],"replies":[{"embeddable":true,"href":"https:\/\/www.hydraulic-cylinders.net\/ro\/wp-json\/wp\/v2\/comments?post=16277"}],"wp:featuredmedia":[{"embeddable":true,"href":"https:\/\/www.hydraulic-cylinders.net\/ro\/wp-json\/wp\/v2\/media\/14779"}],"wp:attachment":[{"href":"https:\/\/www.hydraulic-cylinders.net\/ro\/wp-json\/wp\/v2\/media?parent=16277"}],"wp:term":[{"taxonomy":"product_brand","embeddable":true,"href":"https:\/\/www.hydraulic-cylinders.net\/ro\/wp-json\/wp\/v2\/product_brand?post=16277"},{"taxonomy":"product_cat","embeddable":true,"href":"https:\/\/www.hydraulic-cylinders.net\/ro\/wp-json\/wp\/v2\/product_cat?post=16277"},{"taxonomy":"product_tag","embeddable":true,"href":"https:\/\/www.hydraulic-cylinders.net\/ro\/wp-json\/wp\/v2\/product_tag?post=16277"}],"curies":[{"name":"wp","href":"https:\/\/api.w.org\/{rel}","templated":true}]}}