{"id":16305,"date":"2025-01-20T09:04:07","date_gmt":"2025-01-20T09:04:07","guid":{"rendered":"https:\/\/www.hydraulic-cylinders.net\/product\/arm-cylinderfor-yugong-wy135-8\/"},"modified":"2025-01-20T09:04:09","modified_gmt":"2025-01-20T09:04:09","slug":"arm-cylinderfor-yugong-wy135-8","status":"publish","type":"product","link":"https:\/\/www.hydraulic-cylinders.net\/ro\/produs\/arm-cylinderfor-yugong-wy135-8\/","title":{"rendered":"Cilindru bra\u021b pentru Yugong WY135-8"},"content":{"rendered":"<h2>Cilindru bra\u021b pentru Yugong WY135-8<\/h2>\n<p>Cilindrul hidraulic este un cilindru hidraulic special conceput care asigur\u0103 mi\u0219care liniar\u0103 \u0219i putere pentru bra\u021bele diferitelor utilaje, cum ar fi excavatoare, macarale \u0219i bra\u021be robotizate. Acesta joac\u0103 un rol esen\u021bial \u00een sistemele hidraulice, permi\u021b\u00e2nd mi\u0219carea \u0219i controlul eficient al uneltelor sau ata\u0219amentelor suplimentare. Ace\u0219ti cilindri nu numai c\u0103 asigur\u0103 o mi\u0219care lin\u0103, dar rezist\u0103 \u0219i la sarcini grele, asigur\u00e2nd func\u021bionarea eficient\u0103 \u0219i fiabilitatea utilajelor \u00een diverse condi\u021bii de lucru.<\/p>\n<p><img decoding=\"async\" src=\"https:\/\/www.hydraulic-cylinders.net\/wp-content\/uploads\/2025\/01\/songte-company-2.webp\" alt=\"Imaginea cilindrului bra\u021bului\"><\/p>\n<h3>Caracteristici ale cilindrului bra\u021bului:<\/h3>\n<ol>\n<li>Transmisie de \u00eenalt\u0103 eficien\u021b\u0103: Cilindrul bra\u021bului ofer\u0103 o mi\u0219care liniar\u0103 \u0219i o for\u021b\u0103 puternice, asigur\u00e2nd capacit\u0103\u021bi de \u00eenalt\u0103 performan\u021b\u0103 pentru bra\u021bul robotic \u00een diverse opera\u021biuni.<\/li>\n<li>Control precis: Prin intermediul sistemului hidraulic, cilindrul bra\u021bului permite un control precis al mi\u0219c\u0103rii, sporind flexibilitatea \u0219i precizia utiliz\u0103rii ata\u0219amentelor.<\/li>\n<li>Durabilitate: Cilindrii bra\u021bului sunt fabrica\u021bi din materiale de \u00eenalt\u0103 rezisten\u021b\u0103, oferind o rezisten\u021b\u0103 excelent\u0103 la uzur\u0103 \u0219i coroziune, fiind potrivi\u021bi pentru utilizare pe termen lung \u00een medii dure.<\/li>\n<li>Adaptabilitate multifunc\u021bional\u0103: Ace\u0219ti cilindri sunt aplicabili pe scar\u0103 larg\u0103 la diverse utilaje, cum ar fi excavatoare, macarale \u0219i bra\u021be robotizate, adapt\u00e2ndu-se la diferite cerin\u021be de lucru.<\/li>\n<li>\u00centre\u021binere u\u0219oar\u0103: Designul cilindrilor bra\u021bului ia \u00een considerare u\u0219urin\u021ba \u00eentre\u021binerii \u0219i \u00eenlocuirii, facilit\u00e2nd inspec\u021biile \u0219i service-ul regulat, reduc\u00e2nd astfel timpul de nefunc\u021bionare a echipamentelor.<\/li>\n<\/ol>\n<p><img decoding=\"async\" src=\"https:\/\/www.hydraulic-cylinders.net\/wp-content\/uploads\/2025\/01\/songte-oil-pipes-and-spare-parts.webp\" alt=\"Imagine cilindru hidraulic\"><\/p>\n<h3>Aplica\u021bii ale cilindrului bra\u021bului:<\/h3>\n<ul>\n<li>Inginerie de construc\u021bii: \u00cen excavatoare \u0219i macarale, cilindrii bra\u021bului controleaz\u0103 mi\u0219carea cupelor sau a bra\u021belor pentru lucr\u0103ri de terasament, manipularea materialelor \u0219i instalarea structural\u0103.<\/li>\n<li>Industria prelucr\u0103toare: \u00cen liniile de produc\u021bie automatizate, cilindrii bra\u021bului faciliteaz\u0103 mi\u0219carea bra\u021belor robotizate pentru procesele de asamblare, sudare \u0219i manipulare a materialelor, \u00eembun\u0103t\u0103\u021bind eficien\u021ba \u0219i precizia produc\u021biei.<\/li>\n<li>Ma\u0219ini agricole: Cilindrii bra\u021bului controleaz\u0103 mi\u0219carea bra\u021belor de operare din utilajele agricole, cum ar fi combinele de recoltat \u0219i sem\u0103n\u0103toarele, permi\u021b\u00e2nd sarcini precum sem\u0103natul, fertilizarea \u0219i recoltarea.<\/li>\n<li>Minerit: \u00cen echipamentele miniere, cilindrii bra\u021bului controleaz\u0103 mi\u0219carea bra\u021bului \u00een scopuri miniere \u0219i de transport al materialelor.<\/li>\n<li>Logistic\u0103 \u0219i transport: \u00cen cazul stivuitoarelor \u0219i robo\u021bilor de manipulare, cilindrii de bra\u021b controleaz\u0103 ridicarea \u0219i mi\u0219carea furcilor, permi\u021b\u00e2nd manipularea \u0219i stivuirea materialelor.<\/li>\n<\/ul>\n<h3>Considera\u021bii de proiectare \u0219i criterii de selec\u021bie:<\/h3>\n<p>La proiectarea cilindrilor cu bra\u021b, considera\u021biile cheie includ capacitatea portant\u0103, etan\u0219area, durabilitatea, siguran\u021ba \u0219i mentenan\u021ba.<\/p>\n<p><img decoding=\"async\" src=\"https:\/\/www.hydraulic-cylinders.net\/wp-content\/uploads\/2025\/01\/songte-cylinder-head-with-all-kinds-excavator-models.webp\" alt=\"Imaginea chiulasei\"><\/p>\n<h3>Etan\u0219are \u0219i lubrifiere:<\/h3>\n<p>Cilindrii cu bra\u021b utilizeaz\u0103 diverse componente de etan\u0219are, cum ar fi etan\u0219\u0103ri de piston \u0219i etan\u0219\u0103ri de tij\u0103, fabricate din materiale rezistente la uzur\u0103, precum poliuretanul \u0219i cauciucul nitrilic. Corpul cilindrului \u0219i capetele filetate sunt supuse unui tratament de suprafa\u021b\u0103 precis pentru a spori rezisten\u021ba la uzur\u0103. Lubrifierea regulat\u0103 cu ulei hidraulic adecvat este necesar\u0103 pentru a asigura o func\u021bionare f\u0103r\u0103 probleme.<\/p>\n<h3>Inspec\u021bie regulat\u0103 \u0219i \u00eentre\u021binere preventiv\u0103:<\/h3>\n<ul>\n<li>Verifica\u021bi periodic cilindrul pentru a depista orice semne de scurgeri, deterior\u0103ri sau uzur\u0103 anormal\u0103.<\/li>\n<li>Asigura\u021bi o lubrifiere corespunz\u0103toare \u0219i \u00eenlocui\u021bi prompt garniturile sau componentele uzate.<\/li>\n<li>Inspecta\u021bi sistemul hidraulic pentru orice contaminare sau probleme de presiune care ar putea afecta performan\u021ba cilindrului.<\/li>\n<li>Urma\u021bi recomand\u0103rile produc\u0103torului pentru programele \u0219i procedurile de \u00eentre\u021binere.<\/li>\n<\/ul>\n<h3>Ghid de instalare a produsului:<\/h3>\n<p>Instalarea corect\u0103 a cilindrului bra\u021bului este vital\u0103 pentru performan\u021b\u0103 \u0219i siguran\u021b\u0103 optime. Urma\u021bi ace\u0219ti pa\u0219i:<\/p>\n<ol>\n<li>Asigura\u021bi-v\u0103 c\u0103 utilajul este oprit \u0219i sistemul hidraulic este depresurizat.<\/li>\n<li>Scoate\u021bi cilindrul vechi cu grij\u0103, evit\u00e2nd deteriorarea altor componente.<\/li>\n<li>Verifica\u021bi punctele de montare pentru a depista orice uzur\u0103 sau deteriorare.<\/li>\n<li>Instala\u021bi \u00een siguran\u021b\u0103 noul cilindru al bra\u021bului, aliniind g\u0103urile de montare.<\/li>\n<li>Str\u00e2nge\u021bi \u0219uruburile la cuplul specificat folosind uneltele adecvate.<\/li>\n<li>Verifica\u021bi dac\u0103 exist\u0103 scurgeri sau anomalii odat\u0103 ce sistemul hidraulic este presurizat.<\/li>\n<\/ol>\n<p><img decoding=\"async\" src=\"https:\/\/www.hydraulic-cylinders.net\/wp-content\/uploads\/2025\/01\/songte-bushings-with-all-kinds-of-excavator-models.webp\" alt=\"Imagine buc\u0219e\"><\/p>\n<h3>Considera\u021bii de siguran\u021b\u0103 \u0219i factori de mediu:<\/h3>\n<p>Atunci c\u00e2nd se lucreaz\u0103 cu cilindri de bra\u021b, respectarea m\u0103surilor de siguran\u021b\u0103 este crucial\u0103. Acest lucru asigur\u0103 protec\u021bia personalului \u0219i a echipamentelor. M\u0103surile de siguran\u021b\u0103 pot include:<\/p>\n<ul>\n<li>Instruire adecvat\u0103 pentru operatori \u0219i personalul de \u00eentre\u021binere.<\/li>\n<li>Utilizarea dispozitivelor de siguran\u021b\u0103 \u0219i a dispozitivelor de protec\u021bie.<\/li>\n<li>Implementarea procedurilor de blocare\/etichetare \u00een timpul \u00eentre\u021binerii.<\/li>\n<li>Respectarea standardelor \u0219i reglement\u0103rilor de siguran\u021b\u0103 relevante.<\/li>\n<\/ul>\n<h3>Depanare \u0219i probleme frecvente:<\/h3>\n<p>Cilindrul bra\u021bului poate \u00eent\u00e2mpina diverse probleme, inclusiv scurgeri, putere insuficient\u0103 sau func\u021bionare anormal\u0103. Iat\u0103 c\u00e2teva sfaturi pentru depanare:<\/p>\n<ul>\n<li>Verifica\u021bi dac\u0103 exist\u0103 scurgeri de lichid hidraulic \u0219i repara\u021bi sau \u00eenlocui\u021bi garniturile deteriorate.<\/li>\n<li>Asigura\u021bi o presiune hidraulic\u0103 \u0219i un debit adecvate c\u0103tre cilindru.<\/li>\n<li>Verifica\u021bi conexiunile \u0219i fitingurile pentru a depista eventuale sl\u0103biri sau deterior\u0103ri.<\/li>\n<li>Cur\u0103\u021ba\u021bi sau \u00eenlocui\u021bi filtrele \u00eenfundate sau alte componente care afecteaz\u0103 performan\u021ba.<\/li>\n<\/ul>\n<p>\u00centre\u021binerea preventiv\u0103 regulat\u0103, inspec\u021bia \u0219i rezolvarea prompt\u0103 a problemelor pot reduce la minimum poten\u021bialele probleme \u0219i pot asigura longevitatea cilindrului bra\u021bului.<\/p>\n<p><img decoding=\"async\" src=\"https:\/\/www.hydraulic-cylinders.net\/wp-content\/uploads\/2025\/01\/songte-chushion-collar.webp\" alt=\"Imagine cu guler Chushion\"><\/p>\n<p>Nu uita s\u0103 organizezi articolul logic, folosind subtitluri pentru o navigare u\u0219oar\u0103. Include imagini sau grafice relevante pentru a \u00eembun\u0103t\u0103\u021bi \u00een\u021belegerea. Asigur\u0103-te c\u0103 con\u021binutul este clar, concis \u0219i potrivit pentru cititorii cu diferite niveluri de cuno\u0219tin\u021be tehnice.<\/p>\n<h2>Despre compania noastr\u0103<\/h2>\n<p>Suntem un produc\u0103tor profesionist de cilindri hidraulici de schimb, oferind o gam\u0103 larg\u0103 de produse. Am devenit unul dintre principalii produc\u0103tori \u0219i distribuitori angro de cilindri hidraulici pe pie\u021bele interne \u0219i interna\u021bionale. Men\u021bin\u00e2nd principiul excelen\u021bei, ne \u00eembun\u0103t\u0103\u021bim continuu expertiza tehnic\u0103 \u0219i eficien\u021ba produc\u021biei prin procese de fabrica\u021bie rafinate. Prin introducerea de echipamente digitale de fabrica\u021bie de ultim\u0103 genera\u021bie \u0219i sisteme profesionale de testare, optimiz\u0103m capacit\u0103\u021bile noastre de fabrica\u021bie \u0219i \u00eembun\u0103t\u0103\u021bim procesele de control al calit\u0103\u021bii produselor. Scopul nostru este de a satisface nevoile diverse ale clien\u021bilor cu principii de eficien\u021b\u0103, precizie \u0219i \u00eenalt\u0103 calitate.<\/p>\n<p><img decoding=\"async\" src=\"https:\/\/www.hydraulic-cylinders.net\/wp-content\/uploads\/2025\/01\/songte-company-4.webp\" alt=\"Imaginea companiei\"><br \/>\n<img decoding=\"async\" src=\"https:\/\/www.hydraulic-cylinders.net\/wp-content\/uploads\/2025\/01\/songte-company-3.webp\" alt=\"Imaginea companiei\"><\/p>\n<p>Autor: lyl<\/p>","protected":false},"excerpt":{"rendered":"<p>Arm Cylinder for Yugong WY135-8 Arm Cylinder is a specially designed hydraulic cylinder that provides linear motion and power for the arms of various machinery, such as excavators, cranes, and robotic arms. It plays a critical role in hydraulic systems, enabling the effective movement and control of additional tools or attachments. These cylinders not only [&hellip;]<\/p>","protected":false},"featured_media":14786,"comment_status":"open","ping_status":"closed","template":"","meta":{"_et_pb_use_builder":"","_et_pb_old_content":"","_et_gb_content_width":""},"product_brand":[],"product_cat":[1497],"product_tag":[1498,1496],"class_list":{"0":"post-16305","1":"product","2":"type-product","3":"status-publish","4":"has-post-thumbnail","6":"product_cat-arm-cylinders","7":"product_tag-arm-cylinders","8":"product_tag-hydraulic-cylinders","10":"first","11":"instock","12":"shipping-taxable","13":"product-type-simple"},"amp_enabled":true,"_links":{"self":[{"href":"https:\/\/www.hydraulic-cylinders.net\/ro\/wp-json\/wp\/v2\/product\/16305","targetHints":{"allow":["GET"]}}],"collection":[{"href":"https:\/\/www.hydraulic-cylinders.net\/ro\/wp-json\/wp\/v2\/product"}],"about":[{"href":"https:\/\/www.hydraulic-cylinders.net\/ro\/wp-json\/wp\/v2\/types\/product"}],"replies":[{"embeddable":true,"href":"https:\/\/www.hydraulic-cylinders.net\/ro\/wp-json\/wp\/v2\/comments?post=16305"}],"wp:featuredmedia":[{"embeddable":true,"href":"https:\/\/www.hydraulic-cylinders.net\/ro\/wp-json\/wp\/v2\/media\/14786"}],"wp:attachment":[{"href":"https:\/\/www.hydraulic-cylinders.net\/ro\/wp-json\/wp\/v2\/media?parent=16305"}],"wp:term":[{"taxonomy":"product_brand","embeddable":true,"href":"https:\/\/www.hydraulic-cylinders.net\/ro\/wp-json\/wp\/v2\/product_brand?post=16305"},{"taxonomy":"product_cat","embeddable":true,"href":"https:\/\/www.hydraulic-cylinders.net\/ro\/wp-json\/wp\/v2\/product_cat?post=16305"},{"taxonomy":"product_tag","embeddable":true,"href":"https:\/\/www.hydraulic-cylinders.net\/ro\/wp-json\/wp\/v2\/product_tag?post=16305"}],"curies":[{"name":"wp","href":"https:\/\/api.w.org\/{rel}","templated":true}]}}