{"id":16306,"date":"2025-01-20T09:04:12","date_gmt":"2025-01-20T09:04:12","guid":{"rendered":"https:\/\/www.hydraulic-cylinders.net\/product\/arm-cylinderfor-yugong-wy150-8\/"},"modified":"2025-01-20T09:04:14","modified_gmt":"2025-01-20T09:04:14","slug":"arm-cylinderfor-yugong-wy150-8","status":"publish","type":"product","link":"https:\/\/www.hydraulic-cylinders.net\/ro\/produs\/arm-cylinderfor-yugong-wy150-8\/","title":{"rendered":"Cilindru bra\u021b pentru Yugong WY150-8"},"content":{"rendered":"<h1>Cilindru bra\u021b pentru Yugong WY150-8<\/h1>\n<h2>Introducere<\/h2>\n<p>Cilindrul de bra\u021b este un cilindru hidraulic special conceput care ofer\u0103 mi\u0219care liniar\u0103 \u0219i putere bra\u021belor diferitelor utilaje, cum ar fi excavatoare, macarale \u0219i bra\u021be robotizate. Acesta joac\u0103 un rol crucial \u00een sistemele hidraulice, permi\u021b\u00e2nd mi\u0219carea \u0219i controlul eficient al uneltelor sau ata\u0219amentelor suplimentare. Ace\u0219ti cilindri nu numai c\u0103 asigur\u0103 o mi\u0219care lin\u0103, dar rezist\u0103 \u0219i la sarcini grele, asigur\u00e2nd func\u021bionarea eficient\u0103 \u0219i fiabilitatea utilajelor \u00een diverse condi\u021bii de lucru.<\/p>\n<p><img decoding=\"async\" src=\"https:\/\/www.hydraulic-cylinders.net\/wp-content\/uploads\/2025\/01\/songte-company-2.webp\" alt=\"Imaginea cilindrului bra\u021bului\"><\/p>\n<h2>Caracteristici<\/h2>\n<ul>\n<li><strong>Transmisie de \u00eenalt\u0103 eficien\u021b\u0103:<\/strong> Cilindrul bra\u021bului ofer\u0103 o mi\u0219care liniar\u0103 puternic\u0103 \u0219i o for\u021b\u0103, asigur\u00e2nd capacit\u0103\u021bi de \u00eenalt\u0103 performan\u021b\u0103 pentru bra\u021bul mecanic \u00een diverse opera\u021biuni.<\/li>\n<li><strong>Control precis:<\/strong> Prin intermediul sistemului hidraulic, cilindrul bra\u021bului permite un control precis al mi\u0219c\u0103rii, f\u0103c\u00e2nd operarea uneltelor suplimentare mai flexibil\u0103 \u0219i precis\u0103.<\/li>\n<li><strong>Durabilitate:<\/strong> Cilindrii bra\u021bului sunt de obicei fabrica\u021bi din materiale de \u00eenalt\u0103 rezisten\u021b\u0103, oferind o bun\u0103 rezisten\u021b\u0103 la uzur\u0103 \u0219i coroziune, ceea ce \u00eei face potrivi\u021bi pentru utilizarea pe termen lung \u00een medii dure.<\/li>\n<li><strong>Adaptabilitate multifunc\u021bional\u0103:<\/strong> Ace\u0219ti cilindri pot fi aplica\u021bi pe scar\u0103 larg\u0103 la diverse utilaje, cum ar fi excavatoare, macarale \u0219i bra\u021be robotizate, pentru a se adapta la diferite cerin\u021be de lucru.<\/li>\n<li><strong>\u00centre\u021binere u\u0219oar\u0103:<\/strong> Concepu\u021bi av\u00e2nd \u00een vedere \u00eentre\u021binerea \u0219i \u00eenlocuirea, ace\u0219ti cilindri fac inspec\u021biile \u0219i \u00eentre\u021binerea regulat\u0103 mai convenabile, reduc\u00e2nd timpul de nefunc\u021bionare a echipamentelor.<\/li>\n<\/ul>\n<p><img decoding=\"async\" src=\"https:\/\/www.hydraulic-cylinders.net\/wp-content\/uploads\/2025\/01\/songte-oil-pipes-and-spare-parts.webp\" alt=\"Imaginea produsului\"><\/p>\n<h2>Aplica\u021bii<\/h2>\n<ul>\n<li><strong>Inginerie Construc\u021bii:<\/strong> La excavatoare \u0219i macarale, cilindrul bra\u021bului controleaz\u0103 mi\u0219carea cupelor sau a bra\u021belor pentru lucr\u0103ri de terasament, manipularea materialelor \u0219i instalarea structural\u0103.<\/li>\n<li><strong>Industria prelucr\u0103toare:<\/strong> \u00cen liniile de produc\u021bie automatizate, cilindrul bra\u021bului faciliteaz\u0103 mi\u0219carea bra\u021belor robotizate pentru procese precum asamblarea, sudarea \u0219i manipularea materialelor, \u00eembun\u0103t\u0103\u021bind eficien\u021ba \u0219i precizia produc\u021biei.<\/li>\n<li><strong>Ma\u0219ini agricole:<\/strong> \u00cen echipamentele agricole, cum ar fi combinele de recoltat \u0219i sem\u0103n\u0103toarele, cilindrul bra\u021bului controleaz\u0103 mi\u0219carea bra\u021belor de operare pentru sarcini precum sem\u0103natul, fertilizarea \u0219i recoltarea.<\/li>\n<li><strong>Minerit:<\/strong> \u00cen echipamentele miniere, cilindrul bra\u021bului controleaz\u0103 mi\u0219carea bra\u021bului \u00een scopuri miniere \u0219i de transport al materialelor.<\/li>\n<li><strong>Logistic\u0103 \u0219i transport:<\/strong> \u00cen cazul stivuitoarelor \u0219i robo\u021bilor de manipulare, cilindrul bra\u021bului controleaz\u0103 ridicarea \u0219i mi\u0219carea furcilor, permi\u021b\u00e2nd manipularea \u0219i stivuirea materialelor.<\/li>\n<\/ul>\n<h2>Considera\u021bii de proiectare \u0219i criterii de selec\u021bie<\/h2>\n<ul>\n<li><strong>Capacitate portant\u0103:<\/strong> Discuta\u021bi capacitatea cilindrului de a suporta diferite sarcini.<\/li>\n<li><strong>Etan\u0219are:<\/strong> Explora\u021bi utilizarea diferitelor etan\u0219\u0103ri, cum ar fi etan\u0219\u0103rile pistonului \u0219i etan\u0219\u0103rile tijei, fabricate din materiale rezistente la uzur\u0103, cum ar fi poliuretanul \u0219i cauciucul nitrilic.<\/li>\n<li><strong>Durabilitate:<\/strong> Eviden\u021bia\u021bi tratamentul fin al suprafe\u021bei corpului cilindrului \u0219i al capetelor filetate pentru a \u00eembun\u0103t\u0103\u021bi rezisten\u021ba la uzur\u0103.<\/li>\n<li><strong>Siguran\u0163\u0103:<\/strong> Pune\u021bi accent pe m\u0103surile de siguran\u021b\u0103 \u00een proiectare, asigur\u00e2nd func\u021bionarea \u00een siguran\u021b\u0103 \u0219i prevenirea accidentelor.<\/li>\n<li><strong>Mentenabilitate:<\/strong> Discuta\u021bi u\u0219urin\u021ba \u00eentre\u021binerii \u0219i importan\u021ba inspec\u021biilor \u0219i lubrifierii regulate.<\/li>\n<\/ul>\n<p><img decoding=\"async\" src=\"https:\/\/www.hydraulic-cylinders.net\/wp-content\/uploads\/2025\/01\/songte-cylinder-head-with-all-kinds-excavator-models.webp\" alt=\"Imaginea produsului\"><\/p>\n<h2>Etan\u0219are \u0219i lubrifiere<\/h2>\n<p>Cilindrul bra\u021bului utilizeaz\u0103 diverse componente de etan\u0219are, cum ar fi etan\u0219\u0103ri de piston \u0219i etan\u0219\u0103ri de tij\u0103, fabricate din materiale rezistente la uzur\u0103, precum poliuretanul \u0219i cauciucul nitrilic. Corpul cilindrului \u0219i capetele filetate sunt supuse unui tratament de suprafa\u021b\u0103 meticulos pentru a spori rezisten\u021ba la uzur\u0103. Lubrifierea regulat\u0103 cu uleiul hidraulic adecvat este necesar\u0103 pentru o performan\u021b\u0103 optim\u0103.<\/p>\n<h2>Inspec\u021bie regulat\u0103 \u0219i \u00eentre\u021binere preventiv\u0103<\/h2>\n<ul>\n<li>Inspecta\u021bi cilindrul la intervale regulate pentru a depista orice scurgeri, sunete anormale sau semne de uzur\u0103.<\/li>\n<li>Verifica\u021bi \u0219i str\u00e2nge\u021bi toate conexiunile \u0219i fitingurile.<\/li>\n<li>Monitoriza\u021bi nivelul \u0219i calitatea uleiului hidraulic.<\/li>\n<li>Asigura\u021bi-v\u0103 c\u0103 componentele de etan\u0219are sunt \u00een stare bun\u0103.<\/li>\n<li>Urma\u021bi recomand\u0103rile produc\u0103torului privind programele \u0219i procedurile de \u00eentre\u021binere.<\/li>\n<\/ul>\n<h2>Ghid de instalare a produsului<\/h2>\n<p>Urma\u021bi ace\u0219ti pa\u0219i pentru instalarea corect\u0103 a cilindrului bra\u021bului:<\/p>\n<ol>\n<li>Preg\u0103ti\u021bi zona de montare \u0219i asigura\u021bi-v\u0103 c\u0103 este curat\u0103 \u0219i lipsit\u0103 de resturi sau obstacole.<\/li>\n<li>Alinia\u021bi cilindrul cu punctele de montare \u0219i fixa\u021bi-l folosind \u0219uruburi sau elemente de fixare adecvate.<\/li>\n<li>Ata\u0219a\u021bi furtunurile \u0219i fitingurile hidraulice, asigur\u00e2nd o conexiune etan\u0219\u0103 \u0219i f\u0103r\u0103 scurgeri.<\/li>\n<li>Testa\u021bi func\u021bionarea cilindrului pentru a verifica instalarea \u0219i func\u021bionalitatea corect\u0103.<\/li>\n<\/ol>\n<p><img decoding=\"async\" src=\"https:\/\/www.hydraulic-cylinders.net\/wp-content\/uploads\/2025\/01\/songte-bushings-with-all-kinds-of-excavator-models.webp\" alt=\"Imaginea produsului\"><\/p>\n<h2>Considera\u021bii de siguran\u021b\u0103 \u0219i factori de mediu<\/h2>\n<p>Atunci c\u00e2nd se utilizeaz\u0103 cilindrul bra\u021bului, este esen\u021bial s\u0103 se acorde prioritate m\u0103surilor de siguran\u021b\u0103. Instruirea adecvat\u0103, respectarea instruc\u021biunilor de operare \u0219i utilizarea echipamentului de siguran\u021b\u0103 adecvat sunt esen\u021biale pentru prevenirea accidentelor \u0219i asigurarea unui mediu de lucru sigur. \u00cen plus, luarea \u00een considerare a factorilor de mediu, cum ar fi temperatura, umiditatea \u0219i substan\u021bele corozive, poate ajuta la prelungirea duratei de via\u021b\u0103 \u0219i a performan\u021bei cilindrului.<\/p>\n<h2>Depanare \u0219i probleme frecvente<\/h2>\n<p>Problemele frecvente care pot ap\u0103rea cu cilindrul bra\u021bului includ scurgeri, putere insuficient\u0103 \u0219i mi\u0219c\u0103ri anormale. Pentru a diagnostica \u0219i a remedia aceste probleme:<\/p>\n<ul>\n<li>Verifica\u021bi toate conexiunile pentru scurgeri \u0219i str\u00e2nge\u021bi-le dac\u0103 este necesar.<\/li>\n<li>Verifica\u021bi nivelul \u0219i calitatea fluidului hidraulic, complet\u00e2ndu-l sau \u00eenlocuindu-l dup\u0103 cum este necesar.<\/li>\n<li>Verifica\u021bi dac\u0103 toate supapele de control \u0219i componentele func\u021bioneaz\u0103 corect.<\/li>\n<li>Examina\u021bi cilindrul pentru a depista semne de deteriorare sau uzur\u0103, \u00eenlocuind orice piese deteriorate.<\/li>\n<\/ul>\n<p>Prin urmarea acestor pa\u0219i de depanare \u0219i implementarea unor m\u0103suri preventive, problemele poten\u021biale pot fi reduse la minimum, asigur\u00e2nd performan\u021ba optim\u0103 a cilindrului bra\u021bului.<\/p>\n<p><img decoding=\"async\" src=\"https:\/\/www.hydraulic-cylinders.net\/wp-content\/uploads\/2025\/01\/songte-chushion-collar.webp\" alt=\"Imaginea produsului\"><\/p>\n<p>Autor: lyl<\/p>\n<h2>Despre noi<\/h2>\n<p>Suntem un produc\u0103tor profesionist de cilindri hidraulici de schimb, oferind o gam\u0103 larg\u0103 de produse. Am devenit unul dintre principalii produc\u0103tori \u0219i distribuitori angro de cilindri hidraulici pe pie\u021bele interne \u0219i interna\u021bionale. Angajamentul nostru fa\u021b\u0103 de o calitate excelent\u0103 este sus\u021binut de strategiile noastre industrializate de management al produc\u021biei \u00een atelierele noastre sofisticate de fabrica\u021bie, \u00eembun\u0103t\u0103\u021bind continuu capacit\u0103\u021bile noastre tehnologice \u0219i eficien\u021ba produc\u021biei. Prin introducerea de echipamente digitale de fabrica\u021bie de ultim\u0103 genera\u021bie \u0219i sisteme profesionale de testare, optimiz\u0103m platforma noastr\u0103 de fabrica\u021bie, rafin\u0103m procesele noastre de control al calit\u0103\u021bii produselor \u0219i posed\u0103m capacit\u0103\u021bi puternice de inovare. Scopul nostru este de a satisface nevoile diverse ale clien\u021bilor cu principii de eficien\u021b\u0103, precizie \u0219i \u00eenalt\u0103 calitate. <\/p>\n<p><img decoding=\"async\" src=\"https:\/\/www.hydraulic-cylinders.net\/wp-content\/uploads\/2025\/01\/songte-company-4.webp\" alt=\"Imaginea companiei\"><br \/>\n<img decoding=\"async\" src=\"https:\/\/www.hydraulic-cylinders.net\/wp-content\/uploads\/2025\/01\/songte-company-3.webp\" alt=\"Imaginea companiei\"><\/p>","protected":false},"excerpt":{"rendered":"<p>Arm Cylinder For Yugong WY150-8 Introduction The arm cylinder is a specially designed hydraulic cylinder that provides linear motion and power to the arms of various machinery, such as excavators, cranes, and robotic arms. It plays a crucial role in hydraulic systems, enabling the efficient movement and control of additional tools or attachments. These cylinders [&hellip;]<\/p>","protected":false},"featured_media":14783,"comment_status":"open","ping_status":"closed","template":"","meta":{"_et_pb_use_builder":"","_et_pb_old_content":"","_et_gb_content_width":""},"product_brand":[],"product_cat":[1497],"product_tag":[1498,1496],"class_list":{"0":"post-16306","1":"product","2":"type-product","3":"status-publish","4":"has-post-thumbnail","6":"product_cat-arm-cylinders","7":"product_tag-arm-cylinders","8":"product_tag-hydraulic-cylinders","10":"first","11":"instock","12":"shipping-taxable","13":"product-type-simple"},"amp_enabled":true,"_links":{"self":[{"href":"https:\/\/www.hydraulic-cylinders.net\/ro\/wp-json\/wp\/v2\/product\/16306","targetHints":{"allow":["GET"]}}],"collection":[{"href":"https:\/\/www.hydraulic-cylinders.net\/ro\/wp-json\/wp\/v2\/product"}],"about":[{"href":"https:\/\/www.hydraulic-cylinders.net\/ro\/wp-json\/wp\/v2\/types\/product"}],"replies":[{"embeddable":true,"href":"https:\/\/www.hydraulic-cylinders.net\/ro\/wp-json\/wp\/v2\/comments?post=16306"}],"wp:featuredmedia":[{"embeddable":true,"href":"https:\/\/www.hydraulic-cylinders.net\/ro\/wp-json\/wp\/v2\/media\/14783"}],"wp:attachment":[{"href":"https:\/\/www.hydraulic-cylinders.net\/ro\/wp-json\/wp\/v2\/media?parent=16306"}],"wp:term":[{"taxonomy":"product_brand","embeddable":true,"href":"https:\/\/www.hydraulic-cylinders.net\/ro\/wp-json\/wp\/v2\/product_brand?post=16306"},{"taxonomy":"product_cat","embeddable":true,"href":"https:\/\/www.hydraulic-cylinders.net\/ro\/wp-json\/wp\/v2\/product_cat?post=16306"},{"taxonomy":"product_tag","embeddable":true,"href":"https:\/\/www.hydraulic-cylinders.net\/ro\/wp-json\/wp\/v2\/product_tag?post=16306"}],"curies":[{"name":"wp","href":"https:\/\/api.w.org\/{rel}","templated":true}]}}