{"id":16339,"date":"2025-01-20T09:07:12","date_gmt":"2025-01-20T09:07:12","guid":{"rendered":"https:\/\/www.hydraulic-cylinders.net\/product\/arm-cylinderfor-volvo-large-excavator-ec460bp\/"},"modified":"2025-01-20T09:07:16","modified_gmt":"2025-01-20T09:07:16","slug":"arm-cylinderfor-volvo-large-excavator-ec460bp","status":"publish","type":"product","link":"https:\/\/www.hydraulic-cylinders.net\/ro\/produs\/arm-cylinderfor-volvo-large-excavator-ec460bp\/","title":{"rendered":"Cilindru bra\u021b pentru excavatorul mare Volvo EC460BP"},"content":{"rendered":"<h1>Cilindru bra\u021b pentru excavator mare Volvo EC460BP<\/h1>\n<h2>Defini\u021bie \u0219i explica\u021bie<\/h2>\n<p>Un cilindru de bra\u021b, cunoscut \u0219i sub denumirea de cilindru hidraulic, este un cilindru hidraulic specializat conceput pentru a oferi mi\u0219care liniar\u0103 \u0219i putere bra\u021bului diferitelor utilaje, cum ar fi excavatoare, macarale \u0219i bra\u021be robotizate. Cilindrul bra\u021bului joac\u0103 un rol crucial \u00een sistemele hidraulice, permi\u021b\u00e2nd mi\u0219carea \u0219i controlul eficient al uneltelor sau ata\u0219amentelor suplimentare. Ace\u0219ti cilindri nu numai c\u0103 asigur\u0103 o mi\u0219care lin\u0103, dar rezist\u0103 \u0219i la sarcini grele, asigur\u00e2nd o eficien\u021b\u0103 opera\u021bional\u0103 ridicat\u0103 \u0219i fiabilitate a utilajelor \u00een diverse condi\u021bii de lucru.<\/p>\n<p><img decoding=\"async\" src=\"https:\/\/www.hydraulic-cylinders.net\/wp-content\/uploads\/2025\/01\/songte-company-2.webp\" alt=\"Imaginea cilindrului bra\u021bului\"><\/p>\n<h2>Caracteristici ale cilindrului bra\u021bului pentru excavatorul mare Volvo EC460BP<\/h2>\n<ul>\n<li><strong>Transmisie de \u00eenalt\u0103 eficien\u021b\u0103:<\/strong> Cilindrul bra\u021bului ofer\u0103 o mi\u0219care liniar\u0103 puternic\u0103 \u0219i o for\u021b\u0103 puternic\u0103, asigur\u00e2nd performan\u021be de \u00eenalt\u0103 eficien\u021b\u0103 ale bra\u021bului excavatorului \u00een diverse opera\u021biuni.<\/li>\n<li><strong>Control precis:<\/strong> Prin intermediul sistemului hidraulic, cilindrul bra\u021bului permite un control precis al mi\u0219c\u0103rii, f\u0103c\u00e2nd operarea uneltelor suplimentare mai flexibil\u0103 \u0219i precis\u0103.<\/li>\n<li><strong>Durabilitate:<\/strong> Cilindrii bra\u021bului sunt de obicei fabrica\u021bi din materiale de \u00eenalt\u0103 rezisten\u021b\u0103, oferind o rezisten\u021b\u0103 excelent\u0103 la uzur\u0103 \u0219i coroziune, ceea ce \u00eei face potrivi\u021bi pentru utilizarea pe termen lung \u00een medii dure.<\/li>\n<li><strong>Adaptabilitate multifunc\u021bional\u0103:<\/strong> Ace\u0219ti cilindri pot fi aplica\u021bi pe scar\u0103 larg\u0103 la diverse echipamente, cum ar fi excavatoare, macarale \u0219i bra\u021be robotizate, adapt\u00e2ndu-se la diferite cerin\u021be de lucru.<\/li>\n<li><strong>\u00centre\u021binere u\u0219oar\u0103:<\/strong> Designul cilindrului bra\u021bului ia \u00een considerare u\u0219urin\u021ba \u00eentre\u021binerii \u0219i \u00eenlocuirii, ceea ce face ca inspec\u021bia \u0219i \u00eentre\u021binerea regulat\u0103 s\u0103 fie mai convenabile \u0219i reduce timpul de nefunc\u021bionare a echipamentelor.<\/li>\n<\/ul>\n<p><img decoding=\"async\" src=\"https:\/\/www.hydraulic-cylinders.net\/wp-content\/uploads\/2025\/01\/songte-oil-pipes-and-spare-parts.webp\" alt=\"Imagine piese de schimb cilindru bra\u021b\"><\/p>\n<h2>Aplica\u021bii ale cilindrului bra\u021bului<\/h2>\n<p>Cilindrii cu bra\u021b \u00ee\u0219i g\u0103sesc aplica\u021bii \u00een diverse industrii \u0219i sectoare:<\/p>\n<ul>\n<li><strong>Inginerie Construc\u021bii:<\/strong> \u00cen excavatoare \u0219i macarale, cilindrii bra\u021bului sunt utiliza\u021bi pentru a controla mi\u0219carea cupelor sau a bra\u021belor pentru lucr\u0103ri de terasament, manipularea materialelor \u0219i instalarea structural\u0103.<\/li>\n<li><strong>Industria prelucr\u0103toare:<\/strong> \u00cen liniile de produc\u021bie automatizate, cilindrii bra\u021bului sunt utiliza\u021bi pentru mi\u0219carea bra\u021belor robotizate, permi\u021b\u00e2nd procesele de asamblare, sudare \u0219i manipulare a materialelor, \u00eembun\u0103t\u0103\u021bind astfel eficien\u021ba \u0219i precizia produc\u021biei.<\/li>\n<li><strong>Ma\u0219ini agricole:<\/strong> \u00cen utilajele agricole, cum ar fi combinele de recoltat \u0219i sem\u0103n\u0103toarele, cilindrii bra\u021bului controleaz\u0103 mi\u0219carea bra\u021belor de operare, efectu\u00e2nd sarcini precum sem\u0103natul, fertilizarea \u0219i recoltarea.<\/li>\n<li><strong>Industria minier\u0103:<\/strong> \u00cen echipamentele miniere, cilindrii bra\u021bului sunt utiliza\u021bi pentru a controla mi\u0219carea bra\u021belor miniere pentru extrac\u021bia \u0219i transportul minereului.<\/li>\n<li><strong>Logistic\u0103 \u0219i transport:<\/strong> \u00cen cazul stivuitoarelor \u0219i robo\u021bilor de manipulare, cilindrii bra\u021bului controleaz\u0103 ridicarea \u0219i mi\u0219carea furcilor, permi\u021b\u00e2nd manipularea \u0219i stivuirea materialelor.<\/li>\n<\/ul>\n<h2>Considera\u021bii de proiectare \u0219i criterii de selec\u021bie<\/h2>\n<ul>\n<li><strong>Capacitate portant\u0103:<\/strong> Cilindrul bra\u021bului trebuie proiectat pentru a suporta capacitatea de \u00eenc\u0103rcare necesar\u0103 pentru a asigura o func\u021bionare sigur\u0103 \u0219i eficient\u0103.<\/li>\n<li><strong>Etan\u0219are:<\/strong> Diverse elemente de etan\u0219are, cum ar fi etan\u0219\u0103rile pistonului \u0219i etan\u0219\u0103rile tijei, sunt utilizate pentru a asigura o etan\u0219are corect\u0103 \u0219i a preveni scurgerile.<\/li>\n<li><strong>Durabilitate:<\/strong> Cilindrul bra\u021bului trebuie fabricat din materiale durabile pentru a rezista la uzur\u0103 \u0219i coroziune, asigur\u00e2nd performan\u021b\u0103 pe termen lung.<\/li>\n<li><strong>Siguran\u0163\u0103:<\/strong> Pentru a preveni accidentele \u00een timpul func\u021bion\u0103rii, trebuie \u00eencorporate dispozitive de siguran\u021b\u0103, cum ar fi supapele de suprapresiune \u0219i mecanismele de oprire de urgen\u021b\u0103.<\/li>\n<li><strong>Mentenabilitate:<\/strong> Considera\u021biile de proiectare ar trebui s\u0103 includ\u0103 \u00eentre\u021binerea \u0219i repararea u\u0219oar\u0103, permi\u021b\u00e2nd inspec\u021bia \u0219i \u00eenlocuirea rapid\u0103 a componentelor.<\/li>\n<\/ul>\n<p><img decoding=\"async\" src=\"https:\/\/www.hydraulic-cylinders.net\/wp-content\/uploads\/2025\/01\/songte-cylinder-head-with-all-kinds-excavator-models.webp\" alt=\"Imagine de design a cilindrului bra\u021bului\"><\/p>\n<h2>Etan\u0219are \u0219i lubrifiere<\/h2>\n<p>Cilindrul bra\u021bului utilizeaz\u0103 diverse elemente de etan\u0219are, cum ar fi etan\u0219\u0103ri de piston \u0219i etan\u0219\u0103ri de tij\u0103. Aceste etan\u0219\u0103ri sunt fabricate din materiale rezistente la uzur\u0103, cum ar fi poliuretanul \u0219i cauciucul nitrilic. Corpul cilindrului \u0219i capetele filetate sunt tratate fin pentru a spori rezisten\u021ba la uzur\u0103. Lubrifierea regulat\u0103 cu ulei hidraulic adecvat este necesar\u0103 pentru a asigura o func\u021bionare f\u0103r\u0103 probleme.<\/p>\n<h2>Inspec\u021bie regulat\u0103 \u0219i \u00eentre\u021binere preventiv\u0103<\/h2>\n<ul>\n<li>Verifica\u021bi periodic dac\u0103 exist\u0103 semne de scurgeri, cr\u0103p\u0103turi sau zgomote neobi\u0219nuite.<\/li>\n<li>Verifica\u021bi garniturile \u0219i \u00eenlocui\u021bi-le dac\u0103 este necesar.<\/li>\n<li>Monitoriza\u021bi nivelul fluidului hidraulic \u0219i completa\u021bi dup\u0103 cum este necesar.<\/li>\n<li>Verifica\u021bi montarea \u0219i conexiunile cilindrului pentru a depista orice sl\u0103bire sau deteriorare.<\/li>\n<li>Cur\u0103\u021ba\u021bi cilindrul \u00een mod regulat pentru a preveni acumularea de murd\u0103rie \u0219i resturi.<\/li>\n<\/ul>\n<h2>Ghid de instalare a produsului<\/h2>\n<p>1. \u00cencepe\u021bi prin a v\u0103 asigura c\u0103 utilajele sunt oprite \u0219i fixate \u00een siguran\u021b\u0103.<\/p>\n<p>2. Identifica\u021bi punctele de montare pentru cilindrul bra\u021bului pe ma\u0219in\u0103rie.<\/p>\n<p>3. Alinia\u021bi cu grij\u0103 cilindrul bra\u021bului cu punctele de montare \u0219i fixa\u021bi-l \u00een siguran\u021b\u0103 folosind elementele de fixare corespunz\u0103toare.<\/p>\n<p>4. Verifica\u021bi alinierea cilindrului pentru a asigura o mi\u0219care \u0219i un joc adecvate.<\/p>\n<p>5. Conecta\u021bi furtunurile \u0219i racordurile hidraulice la orificiile corespunz\u0103toare de pe cilindru.<\/p>\n<p>6. Verifica\u021bi de dou\u0103 ori str\u00e2ngerea corect\u0103 a tuturor conexiunilor \u0219i fixa\u021bi orice componente sl\u0103bite.<\/p>\n<p>7. Testa\u021bi mi\u0219carea cilindrului bra\u021bului prin intermediul comenzilor hidraulice pentru a asigura o func\u021bionare lin\u0103.<\/p>\n<p><img decoding=\"async\" src=\"https:\/\/www.hydraulic-cylinders.net\/wp-content\/uploads\/2025\/01\/songte-bushings-with-all-kinds-of-excavator-models.webp\" alt=\"Imagine de instalare a cilindrului bra\u021bului\"><\/p>\n<h2>Considera\u021bii de siguran\u021b\u0103 \u0219i factori de mediu<\/h2>\n<p>Atunci c\u00e2nd se utilizeaz\u0103 cilindri de bra\u021b, este esen\u021bial s\u0103 se respecte m\u0103surile de siguran\u021b\u0103 adecvate pentru a preveni accidentele \u0219i a asigura bun\u0103starea operatorului. Acestea includ purtarea echipamentului individual de protec\u021bie adecvat, respectarea instruc\u021biunilor de operare \u0219i efectuarea de inspec\u021bii regulate de siguran\u021b\u0103. \u00cen plus, trebuie lua\u021bi \u00een considerare factorii de mediu precum temperatura, umiditatea \u0219i expunerea la substan\u021be corozive pentru a asigura performan\u021ba optim\u0103 \u0219i longevitatea cilindrului de bra\u021b.<\/p>\n<h2>Depanare \u0219i probleme frecvente<\/h2>\n<p>C\u00e2teva probleme comune care pot ap\u0103rea cu cilindrii bra\u021bului includ:<\/p>\n<ul>\n<li>Scurgeri de la garnituri sau conexiuni<\/li>\n<li>Mi\u0219care lent\u0103 sau sacadat\u0103<\/li>\n<li>Zgomot \u00een timpul func\u021bion\u0103rii<\/li>\n<li>Pierderea puterii sau a for\u021bei<\/li>\n<\/ul>\n<p>Pentru a aborda aceste probleme:<\/p>\n<ul>\n<li>Verifica\u021bi \u0219i \u00eenlocui\u021bi orice garnituri sau conexiuni deteriorate.<\/li>\n<li>Verifica\u021bi nivelul \u0219i calitatea fluidului hidraulic \u0219i completa\u021bi sau \u00eenlocui\u021bi dac\u0103 este necesar.<\/li>\n<li>Cur\u0103\u021ba\u021bi cilindrul \u0219i lubrifia\u021bi piesele mobile pentru a asigura o func\u021bionare f\u0103r\u0103 probleme.<\/li>\n<li>Verifica\u021bi sistemul hidraulic pentru orice poten\u021biale probleme \u0219i consulta\u021bi un profesionist dac\u0103 este necesar.<\/li>\n<\/ul>\n<p><img decoding=\"async\" src=\"https:\/\/www.hydraulic-cylinders.net\/wp-content\/uploads\/2025\/01\/songte-chushion-collar.webp\" alt=\"Imagine de depanare a cilindrului bra\u021bului\"><\/p>\n<p>Nu uita s\u0103 organizezi articolul logic, s\u0103 folose\u0219ti subtitluri pentru o navigare u\u0219oar\u0103, s\u0103 incluzi imagini sau diagrame relevante pentru a \u00eembun\u0103t\u0103\u021bi \u00een\u021belegerea \u0219i s\u0103 te asiguri c\u0103 un con\u021binut este clar, concis \u0219i potrivit pentru cititorii cu diferite niveluri de cuno\u0219tin\u021be tehnice.<\/p>\n<p>Autor: lyl<\/p>\n<p><img decoding=\"async\" src=\"https:\/\/www.hydraulic-cylinders.net\/wp-content\/uploads\/2025\/01\/songte-company-4.webp\" alt=\"Imagine de prezentare general\u0103 a companiei\"><br \/>\n<img decoding=\"async\" src=\"https:\/\/www.hydraulic-cylinders.net\/wp-content\/uploads\/2025\/01\/songte-company-3.webp\" alt=\"Imagine de prezentare general\u0103 a companiei\"><\/p>","protected":false},"excerpt":{"rendered":"<p>Arm Cylinder For Volvo Large Excavator EC460BP Definition and Explanation An arm cylinder, also known as an hydraulic cylinder, is a specialized hydraulic cylinder designed to provide linear motion and power to the arm of various machinery, such as excavators, cranes, and robotic arms. The arm cylinder plays a crucial role in hydraulic systems, enabling [&hellip;]<\/p>","protected":false},"featured_media":14774,"comment_status":"open","ping_status":"closed","template":"","meta":{"_et_pb_use_builder":"","_et_pb_old_content":"","_et_gb_content_width":""},"product_brand":[],"product_cat":[1497],"product_tag":[1498,1496],"class_list":{"0":"post-16339","1":"product","2":"type-product","3":"status-publish","4":"has-post-thumbnail","6":"product_cat-arm-cylinders","7":"product_tag-arm-cylinders","8":"product_tag-hydraulic-cylinders","10":"first","11":"instock","12":"shipping-taxable","13":"product-type-simple"},"amp_enabled":true,"_links":{"self":[{"href":"https:\/\/www.hydraulic-cylinders.net\/ro\/wp-json\/wp\/v2\/product\/16339","targetHints":{"allow":["GET"]}}],"collection":[{"href":"https:\/\/www.hydraulic-cylinders.net\/ro\/wp-json\/wp\/v2\/product"}],"about":[{"href":"https:\/\/www.hydraulic-cylinders.net\/ro\/wp-json\/wp\/v2\/types\/product"}],"replies":[{"embeddable":true,"href":"https:\/\/www.hydraulic-cylinders.net\/ro\/wp-json\/wp\/v2\/comments?post=16339"}],"wp:featuredmedia":[{"embeddable":true,"href":"https:\/\/www.hydraulic-cylinders.net\/ro\/wp-json\/wp\/v2\/media\/14774"}],"wp:attachment":[{"href":"https:\/\/www.hydraulic-cylinders.net\/ro\/wp-json\/wp\/v2\/media?parent=16339"}],"wp:term":[{"taxonomy":"product_brand","embeddable":true,"href":"https:\/\/www.hydraulic-cylinders.net\/ro\/wp-json\/wp\/v2\/product_brand?post=16339"},{"taxonomy":"product_cat","embeddable":true,"href":"https:\/\/www.hydraulic-cylinders.net\/ro\/wp-json\/wp\/v2\/product_cat?post=16339"},{"taxonomy":"product_tag","embeddable":true,"href":"https:\/\/www.hydraulic-cylinders.net\/ro\/wp-json\/wp\/v2\/product_tag?post=16339"}],"curies":[{"name":"wp","href":"https:\/\/api.w.org\/{rel}","templated":true}]}}