{"id":16345,"date":"2025-01-20T09:07:47","date_gmt":"2025-01-20T09:07:47","guid":{"rendered":"https:\/\/www.hydraulic-cylinders.net\/product\/arm-cylinderfor-volvo-wheel-excavator-dls830-9b\/"},"modified":"2025-01-20T09:07:49","modified_gmt":"2025-01-20T09:07:49","slug":"arm-cylinderfor-volvo-wheel-excavator-dls830-9b","status":"publish","type":"product","link":"https:\/\/www.hydraulic-cylinders.net\/ro\/produs\/arm-cylinderfor-volvo-wheel-excavator-dls830-9b\/","title":{"rendered":"Cilindru bra\u021b pentru excavatorul pe ro\u021bi Volvo DLS830-9B"},"content":{"rendered":"<h1>Cilindru bra\u021b pentru excavator pe ro\u021bi Volvo DLS830-9B<\/h1>\n<h2>Introducere<\/h2>\n<p>Cilindrul hidraulic special conceput pentru excavatorul pe ro\u021bi Volvo DLS830-9B ofer\u0103 mi\u0219care liniar\u0103 \u0219i putere bra\u021bului diverselor utilaje, cum ar fi excavatoare, macarale \u0219i bra\u021be mecanice. Cilindrul bra\u021bului joac\u0103 un rol crucial \u00een sistemele hidraulice, permi\u021b\u00e2nd mi\u0219carea \u0219i controlul eficient al sculelor sau accesoriilor ata\u0219ate. Ace\u0219ti cilindri nu numai c\u0103 permit o mi\u0219care lin\u0103, dar rezist\u0103 \u0219i la sarcini grele, asigur\u00e2nd func\u021bionarea eficient\u0103 \u0219i fiabilitatea utilajelor \u00een diverse condi\u021bii de lucru.<\/p>\n<p><img decoding=\"async\" src=\"https:\/\/www.hydraulic-cylinders.net\/wp-content\/uploads\/2025\/01\/songte-company-2.webp\"><\/p>\n<h2>Caracteristici<\/h2>\n<ul>\n<li>Transmisie de \u00eenalt\u0103 eficien\u021b\u0103: Cilindrul bra\u021bului ofer\u0103 o mi\u0219care liniar\u0103 puternic\u0103 \u0219i o for\u021b\u0103, asigur\u00e2nd capacit\u0103\u021bi de \u00eenalt\u0103 performan\u021b\u0103 pentru bra\u021bul mecanic \u00een diverse opera\u021biuni.<\/li>\n<li>Control precis: Prin intermediul sistemului hidraulic, cilindrul bra\u021bului permite un control precis al mi\u0219c\u0103rii, f\u0103c\u00e2nd func\u021bionarea uneltelor ata\u0219ate mai flexibil\u0103 \u0219i mai precis\u0103.<\/li>\n<li>Durabilitate: Cilindrii bra\u021bului sunt de obicei fabrica\u021bi din materiale de \u00eenalt\u0103 rezisten\u021b\u0103, cu o rezisten\u021b\u0103 excelent\u0103 la uzur\u0103 \u0219i coroziune, potrivi\u021bi pentru utilizare pe termen lung \u00een medii dure.<\/li>\n<li>Adaptabilitate multifunc\u021bional\u0103: Ace\u0219ti cilindri pot fi utiliza\u021bi pe scar\u0103 larg\u0103 \u00een diverse echipamente, cum ar fi excavatoare, macarale \u0219i bra\u021be mecanice, pentru a satisface diferite cerin\u021be de lucru.<\/li>\n<li>\u00centre\u021binere u\u0219oar\u0103: Concepu\u021bi pentru \u00eentre\u021binere \u0219i \u00eenlocuire u\u0219oar\u0103, cilindrii bra\u021bului faciliteaz\u0103 inspec\u021biile \u0219i \u00eentre\u021binerea periodic\u0103 convenabil\u0103, reduc\u00e2nd timpul de nefunc\u021bionare a echipamentelor.<\/li>\n<\/ul>\n<p><img decoding=\"async\" src=\"https:\/\/www.hydraulic-cylinders.net\/wp-content\/uploads\/2025\/01\/songte-oil-pipes-and-spare-parts.webp\"><\/p>\n<h2>Aplica\u021bii<\/h2>\n<ul>\n<li>Inginerie de construc\u021bii: \u00cen excavatoare \u0219i macarale, cilindrii bra\u021bului controleaz\u0103 mi\u0219carea cupelor sau a bra\u021belor pentru lucr\u0103ri de terasamente, manipularea materialelor \u0219i instala\u021bii structurale.<\/li>\n<li>Industria prelucr\u0103toare: \u00cen liniile de produc\u021bie automatizate, cilindrii bra\u021bului permit mi\u0219carea bra\u021belor mecanice, facilit\u00e2nd procese precum asamblarea, sudarea \u0219i manipularea materialelor, duc\u00e2nd la o eficien\u021b\u0103 \u0219i o precizie \u00eembun\u0103t\u0103\u021bite a produc\u021biei.<\/li>\n<li>Ma\u0219ini agricole: \u00cen echipamentele agricole, cum ar fi combinele de recoltat \u0219i sem\u0103n\u0103toarele, cilindrii bra\u021bului controleaz\u0103 mi\u0219carea bra\u021belor de operare pentru sarcini precum sem\u0103natul, fertilizarea \u0219i recoltarea.<\/li>\n<li>Minerit: Cilindrii bra\u021bului din echipamentele miniere sunt utiliza\u021bi pentru a controla mi\u0219carea bra\u021bului utilajelor miniere pentru extrac\u021bia \u0219i transportul minereului.<\/li>\n<li>Logistic\u0103 \u0219i transport: \u00cen cazul stivuitoarelor \u0219i robo\u021bilor de manipulare, cilindrii bra\u021bului controleaz\u0103 ridicarea \u0219i mi\u0219carea furcilor, facilit\u00e2nd opera\u021biunile de manipulare a materialelor \u0219i de stivuire.<\/li>\n<\/ul>\n<h2>Considera\u021bii de proiectare \u0219i criterii de selec\u021bie<\/h2>\n<ul>\n<li>Capacitate portant\u0103: Cilindrii bra\u021bului sunt proiecta\u021bi s\u0103 reziste la sarcini specifice \u0219i trebuie selecta\u021bi \u00een func\u021bie de cerin\u021bele aplica\u021biei.<\/li>\n<li>Etan\u0219are: Diverse componente de etan\u0219are, cum ar fi etan\u0219\u0103rile pistonului \u0219i etan\u0219\u0103rile tijei, sunt utilizate pentru a asigura o etan\u0219are corect\u0103 \u0219i a preveni scurgerile de fluid hidraulic.<\/li>\n<li>Durabilitate: Corpul cilindrului \u0219i capetele filetate sunt supuse unor tratamente precise pentru a spori rezisten\u021ba la uzur\u0103 \u0219i a prelungi durata de via\u021b\u0103 a cilindrului.<\/li>\n<li>Siguran\u021b\u0103: \u00cen timpul procesului de proiectare trebuie luate \u00een considerare caracteristicile de siguran\u021b\u0103 pentru a preveni accidentele sau defec\u021biunile.<\/li>\n<li>\u00centre\u021binere: Cilindrii bra\u021bului trebuie proiecta\u021bi pentru a u\u0219ura \u00eentre\u021binerea \u0219i \u00eenlocuirea, permi\u021b\u00e2nd inspec\u021bii eficiente \u0219i reduc\u00e2nd timpii de nefunc\u021bionare.<\/li>\n<\/ul>\n<p><img decoding=\"async\" src=\"https:\/\/www.hydraulic-cylinders.net\/wp-content\/uploads\/2025\/01\/songte-cylinder-head-with-all-kinds-excavator-models.webp\"><\/p>\n<h2>Etan\u0219are \u0219i lubrifiere<\/h2>\n<p>Cilindrul bra\u021bului utilizeaz\u0103 diverse componente de etan\u0219are, cum ar fi etan\u0219\u0103rile pistonului \u0219i etan\u0219\u0103rile tijei, care sunt fabricate din materiale rezistente la uzur\u0103, cum ar fi poliuretanul \u0219i cauciucul nitrilic. Corpul cilindrului \u0219i capetele filetate sunt supuse unui tratament meticulos pentru a \u00eembun\u0103t\u0103\u021bi rezisten\u021ba la uzur\u0103. Lubrifierea regulat\u0103 cu o cantitate adecvat\u0103 de ulei hidraulic este necesar\u0103 pentru a asigura o func\u021bionare f\u0103r\u0103 probleme.<\/p>\n<h2>Inspec\u021bie regulat\u0103 \u0219i \u00eentre\u021binere preventiv\u0103<\/h2>\n<ul>\n<li>Verifica\u021bi toate componentele de etan\u0219are pentru uzur\u0103 sau deteriorare \u0219i \u00eenlocui\u021bi-le dac\u0103 este necesar.<\/li>\n<li>Verifica\u021bi dac\u0103 exist\u0103 semne de scurgeri \u0219i repara\u021bi sau \u00eenlocui\u021bi prompt piesele defecte.<\/li>\n<li>Monitoriza\u021bi performan\u021ba cilindrului \u0219i efectua\u021bi orice ajust\u0103ri necesare.<\/li>\n<li>P\u0103stra\u021bi cilindrul curat \u0219i f\u0103r\u0103 resturi sau contaminan\u021bi.<\/li>\n<li>Urma\u021bi programul \u0219i procedurile de \u00eentre\u021binere recomandate de produc\u0103tor.<\/li>\n<\/ul>\n<h2>Ghid de instalare a produsului<\/h2>\n<p>1. Asigura\u021bi-v\u0103 c\u0103 echipamentul este oprit \u0219i fixat corespunz\u0103tor \u00eenainte de a \u00eencepe procesul de instalare.<\/p>\n<p>2. Pozi\u021biona\u021bi cilindrul bra\u021bului \u00een loca\u021bia dorit\u0103, aliniind orificiile de montare cu punctele corespunz\u0103toare de pe ma\u0219in\u0103rie.<\/p>\n<p>3. Introduce\u021bi \u0219uruburile de montare prin orificii \u0219i str\u00e2nge\u021bi-le bine folosind uneltele corespunz\u0103toare.<\/p>\n<p>4. Conecta\u021bi conductele hidraulice la cilindru, urm\u00e2nd instruc\u021biunile produc\u0103torului \u0219i asigur\u00e2nd o etan\u0219are corespunz\u0103toare.<\/p>\n<p>5. Testa\u021bi func\u021bionalitatea cilindrului ac\u021bion\u00e2nd comenzile ma\u0219inii \u0219i observ\u00e2nd mi\u0219carea bra\u021bului.<\/p>\n<p>6. Efectua\u021bi orice ajust\u0103ri sau reglaje fine necesare pentru a asigura o performan\u021b\u0103 optim\u0103.<\/p>\n<p><img decoding=\"async\" src=\"https:\/\/www.hydraulic-cylinders.net\/wp-content\/uploads\/2025\/01\/songte-bushings-with-all-kinds-of-excavator-models.webp\"><\/p>\n<h2>Considera\u021bii de siguran\u021b\u0103 \u0219i factori de mediu<\/h2>\n<p>Atunci c\u00e2nd se utilizeaz\u0103 cilindri de bra\u021b, este esen\u021bial s\u0103 se respecte m\u0103surile de siguran\u021b\u0103 adecvate pentru a preveni accidentele \u0219i r\u0103nirile. Echipamentele de siguran\u021b\u0103, cum ar fi echipamentul de protec\u021bie \u0219i ap\u0103r\u0103torile, trebuie utilizate la operarea utilajelor. \u00cen plus, factorii de mediu precum temperatura, umiditatea \u0219i expunerea la substan\u021be corozive trebuie lua\u021bi \u00een considerare pentru a asigura longevitatea \u0219i performan\u021ba cilindrului de bra\u021b.<\/p>\n<h2>Depanare \u0219i probleme frecvente<\/h2>\n<p>1. Problem\u0103: Mi\u0219care insuficient\u0103 sau sacadat\u0103 a bra\u021bului.<\/p>\n<p>Solu\u021bie: Verifica\u021bi dac\u0103 exist\u0103 scurgeri de lichid hidraulic, inspecta\u021bi garniturile pistonului pentru a vedea dac\u0103 sunt deteriorate \u0219i asigura\u021bi o lubrifiere corespunz\u0103toare.<\/p>\n<p>2. Problem\u0103: Zgomot excesiv \u00een timpul func\u021bion\u0103rii bra\u021bului.<\/p>\n<p>Solu\u021bie: Verifica\u021bi dac\u0103 toate componentele sunt fixate \u00een siguran\u021b\u0103 \u0219i aliniate corect \u0219i verifica\u021bi dac\u0103 exist\u0103 piese sl\u0103bite sau uzate.<\/p>\n<p>3. Problem\u0103: Mi\u0219care inconsistent\u0103 a bra\u021belor sau incapacitatea de a men\u021bine o pozi\u021bie.<\/p>\n<p>Solu\u021bie: Verifica\u021bi cilindrul pentru a depista eventualele garnituri deteriorate sau scurgeri interne \u0219i \u00eenlocui\u021bi-l dac\u0103 este necesar.<\/p>\n<p><img decoding=\"async\" src=\"https:\/\/www.hydraulic-cylinders.net\/wp-content\/uploads\/2025\/01\/songte-chushion-collar.webp\"><\/p>\n<h2>Concluzie<\/h2>\n<p>\u00cen concluzie, suntem un produc\u0103tor profesionist de cilindri hidraulici de schimb. Oferim o gam\u0103 larg\u0103 de produse \u0219i am devenit unul dintre principalii produc\u0103tori \u0219i distribuitori de cilindri hidraulici pe pie\u021bele interne \u0219i interna\u021bionale. Concentr\u00e2ndu-ne pe o calitate excelent\u0103, facilit\u0103\u021bi de produc\u021bie avansate \u0219i servicii complete pentru clien\u021bi, ne str\u0103duim s\u0103 satisfacem diversele nevoi ale clien\u021bilor. Compania noastr\u0103 este cunoscut\u0103 pentru profesionalismul s\u0103u, certific\u0103rile interna\u021bionale, serviciile personalizate, echipamentele de produc\u021bie avansate \u0219i asisten\u021ba post-v\u00e2nzare fiabil\u0103.<\/p>\n<p><img decoding=\"async\" src=\"https:\/\/www.hydraulic-cylinders.net\/wp-content\/uploads\/2025\/01\/songte-company-4.webp\"><br \/>\n<img decoding=\"async\" src=\"https:\/\/www.hydraulic-cylinders.net\/wp-content\/uploads\/2025\/01\/songte-company-3.webp\"><\/p>\n<p>Autor: lyl<\/p>","protected":false},"excerpt":{"rendered":"<p>Arm Cylinder For Volvo Wheel Excavator DLS830-9B Introduction The Arm Cylinder for Volvo Wheel Excavator DLS830-9B is a specially designed hydraulic cylinder that provides linear motion and power to the arm of various machinery, such as excavators, cranes, and mechanical arms. The arm cylinder plays a crucial role in hydraulic systems, allowing for efficient movement [&hellip;]<\/p>","protected":false},"featured_media":14786,"comment_status":"open","ping_status":"closed","template":"","meta":{"_et_pb_use_builder":"","_et_pb_old_content":"","_et_gb_content_width":""},"product_brand":[],"product_cat":[1497],"product_tag":[1498,1496],"class_list":{"0":"post-16345","1":"product","2":"type-product","3":"status-publish","4":"has-post-thumbnail","6":"product_cat-arm-cylinders","7":"product_tag-arm-cylinders","8":"product_tag-hydraulic-cylinders","10":"first","11":"instock","12":"shipping-taxable","13":"product-type-simple"},"amp_enabled":true,"_links":{"self":[{"href":"https:\/\/www.hydraulic-cylinders.net\/ro\/wp-json\/wp\/v2\/product\/16345","targetHints":{"allow":["GET"]}}],"collection":[{"href":"https:\/\/www.hydraulic-cylinders.net\/ro\/wp-json\/wp\/v2\/product"}],"about":[{"href":"https:\/\/www.hydraulic-cylinders.net\/ro\/wp-json\/wp\/v2\/types\/product"}],"replies":[{"embeddable":true,"href":"https:\/\/www.hydraulic-cylinders.net\/ro\/wp-json\/wp\/v2\/comments?post=16345"}],"wp:featuredmedia":[{"embeddable":true,"href":"https:\/\/www.hydraulic-cylinders.net\/ro\/wp-json\/wp\/v2\/media\/14786"}],"wp:attachment":[{"href":"https:\/\/www.hydraulic-cylinders.net\/ro\/wp-json\/wp\/v2\/media?parent=16345"}],"wp:term":[{"taxonomy":"product_brand","embeddable":true,"href":"https:\/\/www.hydraulic-cylinders.net\/ro\/wp-json\/wp\/v2\/product_brand?post=16345"},{"taxonomy":"product_cat","embeddable":true,"href":"https:\/\/www.hydraulic-cylinders.net\/ro\/wp-json\/wp\/v2\/product_cat?post=16345"},{"taxonomy":"product_tag","embeddable":true,"href":"https:\/\/www.hydraulic-cylinders.net\/ro\/wp-json\/wp\/v2\/product_tag?post=16345"}],"curies":[{"name":"wp","href":"https:\/\/api.w.org\/{rel}","templated":true}]}}