{"id":16355,"date":"2025-01-20T09:08:34","date_gmt":"2025-01-20T09:08:34","guid":{"rendered":"https:\/\/www.hydraulic-cylinders.net\/product\/arm-cylinderfor-sany-small-excavator-sy130c-9\/"},"modified":"2025-01-20T09:08:36","modified_gmt":"2025-01-20T09:08:36","slug":"arm-cylinderfor-sany-small-excavator-sy130c-9","status":"publish","type":"product","link":"https:\/\/www.hydraulic-cylinders.net\/ro\/produs\/arm-cylinderfor-sany-small-excavator-sy130c-9\/","title":{"rendered":"Cilindru bra\u021b pentru excavatorul mic Sany SY130C-9"},"content":{"rendered":"<h2>Cilindru bra\u021b pentru excavatorul mic Sany SY130C-9<\/h2>\n<p><img decoding=\"async\" src=\"https:\/\/www.hydraulic-cylinders.net\/wp-content\/uploads\/2025\/01\/songte-company-2.webp\" alt=\"Cilindru bra\u021b\" \/><\/p>\n<h3>Defini\u021bia cilindrului bra\u021bului<\/h3>\n<p>Cilindrul bra\u021bului este un cilindru hidraulic special conceput, utilizat \u00een principal pentru a oferi mi\u0219care liniar\u0103 \u0219i putere bra\u021bului diferitelor utilaje, cum ar fi excavatoare, macarale \u0219i bra\u021be robotizate. Cilindrul bra\u021bului joac\u0103 un rol crucial \u00een sistemele hidraulice, permi\u021b\u00e2nd mi\u0219carea \u0219i controlul eficient al uneltelor sau ata\u0219amentelor suplimentare. Ace\u0219ti cilindri nu numai c\u0103 ofer\u0103 o mi\u0219care lin\u0103, dar rezist\u0103 \u0219i la sarcini grele, asigur\u00e2nd func\u021bionarea eficient\u0103 \u0219i fiabilitatea utilajelor \u00een diverse condi\u021bii de lucru.<\/p>\n<h3>Caracteristicile cilindrului bra\u021bului<\/h3>\n<ul>\n<li><strong>Transmisie de \u00eenalt\u0103 eficien\u021b\u0103:<\/strong> Cilindrul bra\u021bului ofer\u0103 o mi\u0219care liniar\u0103 puternic\u0103 \u0219i o for\u021b\u0103, asigur\u00e2nd capacit\u0103\u021bi de \u00eenalt\u0103 performan\u021b\u0103 ale bra\u021bului mecanic \u00een diverse opera\u021biuni.<\/li>\n<li><strong>Control precis:<\/strong> Prin intermediul sistemului hidraulic, cilindrul bra\u021bului permite un control precis al mi\u0219c\u0103rii, f\u0103c\u00e2nd operarea uneltelor suplimentare mai flexibil\u0103 \u0219i precis\u0103.<\/li>\n<li><strong>Durabilitate:<\/strong> Cilindrii cu bra\u021b sunt de obicei fabrica\u021bi din materiale de \u00eenalt\u0103 rezisten\u021b\u0103, oferind o rezisten\u021b\u0103 excelent\u0103 la uzur\u0103 \u0219i coroziune, ceea ce \u00eei face potrivi\u021bi pentru utilizarea pe termen lung \u00een medii dure.<\/li>\n<li><strong>Adaptabilitate multifunc\u021bional\u0103:<\/strong> Ace\u0219ti cilindri pot fi aplica\u021bi pe scar\u0103 larg\u0103 la diverse tipuri de utilaje, cum ar fi excavatoare, macarale \u0219i bra\u021be robotizate, adapt\u00e2ndu-se la diferite cerin\u021be ale lucr\u0103rilor.<\/li>\n<li><strong>\u00centre\u021binere u\u0219oar\u0103:<\/strong> Concepu\u021bi av\u00e2nd \u00een vedere u\u0219urin\u021ba \u00eentre\u021binerii \u0219i \u00eenlocuirii, cilindrii bra\u021bului faciliteaz\u0103 inspec\u021biile \u0219i \u00eentre\u021binerea regulat\u0103 convenabil\u0103, reduc\u00e2nd timpul de nefunc\u021bionare a echipamentelor.<\/li>\n<\/ul>\n<p><img decoding=\"async\" src=\"https:\/\/www.hydraulic-cylinders.net\/wp-content\/uploads\/2025\/01\/songte-oil-pipes-and-spare-parts.webp\" alt=\"Piese cilindru bra\u021b\" \/><\/p>\n<h3>Aplica\u021bii ale cilindrului bra\u021bului<\/h3>\n<p>Cilindrul cu bra\u021b \u00ee\u0219i g\u0103se\u0219te aplica\u021bii \u00een diverse industrii:<\/p>\n<ul>\n<li><strong>Inginerie Construc\u021bii:<\/strong> La excavatoare \u0219i macarale, cilindrul bra\u021bului controleaz\u0103 mi\u0219carea cupei sau a bra\u021bului, facilit\u00e2nd lucr\u0103rile de terasament, manipularea materialelor \u0219i instalarea structural\u0103.<\/li>\n<li><strong>Industria prelucr\u0103toare:<\/strong> \u00cen liniile de produc\u021bie automatizate, cilindrul bra\u021bului permite mi\u0219carea bra\u021belor robotizate, facilit\u00e2nd procese precum asamblarea, sudarea \u0219i manipularea materialelor, \u00eembun\u0103t\u0103\u021bind astfel eficien\u021ba \u0219i precizia produc\u021biei.<\/li>\n<li><strong>Ma\u0219ini agricole:<\/strong> \u00cen echipamentele agricole, cum ar fi combinele de recoltat \u0219i sem\u0103n\u0103toarele, cilindrul bra\u021bului controleaz\u0103 mi\u0219carea bra\u021belor de operare, efectu\u00e2nd sarcini precum sem\u0103natul, fertilizarea \u0219i recoltarea.<\/li>\n<li><strong>Minerit:<\/strong> \u00cen echipamentele miniere, cilindrul bra\u021bului controleaz\u0103 mi\u0219carea bra\u021bului utilajelor miniere, facilit\u00e2nd extrac\u021bia \u0219i transportul minereului.<\/li>\n<li><strong>Logistic\u0103 \u0219i transport:<\/strong> \u00cen cazul stivuitoarelor \u0219i robo\u021bilor de manipulare, cilindrul bra\u021bului controleaz\u0103 ridicarea \u0219i mi\u0219carea furcilor, permi\u021b\u00e2nd manipularea \u0219i stivuirea materialelor.<\/li>\n<\/ul>\n<h3>Considera\u021bii de proiectare \u0219i criterii de selec\u021bie<\/h3>\n<p>C\u00e2nd vine vorba de considera\u021biile de proiectare \u0219i criteriile de selec\u021bie a cilindrilor bra\u021bului, mai mul\u021bi factori joac\u0103 un rol semnificativ:<\/p>\n<ul>\n<li><strong>Capacitate portant\u0103:<\/strong> Cilindrul bra\u021bului trebuie proiectat s\u0103 reziste la sarcina prev\u0103zut\u0103 pentru a asigura o func\u021bionare sigur\u0103 \u0219i eficient\u0103.<\/li>\n<li><strong>Etan\u0219are:<\/strong> Diverse componente de etan\u0219are, cum ar fi etan\u0219\u0103rile pistonului \u0219i etan\u0219\u0103rile tijei, ar trebui utilizate pentru a asigura o etan\u0219are corect\u0103. Aceste etan\u0219\u0103ri sunt fabricate din materiale rezistente la uzur\u0103, cum ar fi poliuretanul \u0219i cauciucul nitrilic. \u00cen plus, corpul cilindrului \u0219i capetele filetate sunt tratate fin pentru a spori rezisten\u021ba la uzur\u0103.<\/li>\n<li><strong>Durabilitate:<\/strong> Cilindrii bra\u021bului trebuie proiecta\u021bi cu materiale \u0219i tehnici de construc\u021bie de \u00eenalt\u0103 calitate pentru a asigura o durabilitate \u00eendelungat\u0103.<\/li>\n<li><strong>Siguran\u0163\u0103:<\/strong> Caracteristicile de siguran\u021b\u0103 trebuie integrate \u00een proiectarea cilindrului bra\u021bului pentru a preveni accidentele \u0219i a asigura protec\u021bia operatorului.<\/li>\n<li><strong>Mentenabilitate:<\/strong> Ar trebui luate \u00een considerare aspecte legate de u\u0219urin\u021ba \u00eentre\u021binerii \u0219i repara\u021biilor, permi\u021b\u00e2nd o inspec\u021bie eficient\u0103 \u0219i reduc\u00e2nd timpul de nefunc\u021bionare.<\/li>\n<\/ul>\n<p><img decoding=\"async\" src=\"https:\/\/www.hydraulic-cylinders.net\/wp-content\/uploads\/2025\/01\/songte-cylinder-head-with-all-kinds-excavator-models.webp\" alt=\"Chiulas\u0103\" \/><\/p>\n<h3>Etan\u0219are \u0219i lubrifiere<\/h3>\n<p>Cilindrii cu bra\u021b utilizeaz\u0103 diverse componente de etan\u0219are, cum ar fi etan\u0219\u0103rile pistonului \u0219i etan\u0219\u0103rile tijei, fabricate din materiale rezistente la uzur\u0103, precum poliuretanul \u0219i cauciucul nitrilic. Corpul cilindrului \u0219i capetele filetate sunt supuse unui tratament meticulos pentru a \u00eembun\u0103t\u0103\u021bi rezisten\u021ba la uzur\u0103. Lubrifierea regulat\u0103 cu ulei hidraulic este necesar\u0103 pentru a asigura o func\u021bionare f\u0103r\u0103 probleme \u0219i o longevitate sporit\u0103.<\/p>\n<h3>Inspec\u021bie regulat\u0103 \u0219i \u00eentre\u021binere preventiv\u0103<\/h3>\n<p>Pentru a asigura o performan\u021b\u0103 optim\u0103 \u0219i a prelungi durata de via\u021b\u0103 a cilindrului bra\u021bului, inspec\u021biile regulate \u0219i \u00eentre\u021binerea preventiv\u0103 sunt esen\u021biale. Trebuie luate urm\u0103toarele m\u0103suri:<\/p>\n<ul>\n<li>Inspecta\u021bi cilindrul pentru a depista orice semne de scurgeri sau deterior\u0103ri.<\/li>\n<li>Cur\u0103\u021ba\u021bi cilindrul \u0219i \u00eendep\u0103rta\u021bi orice reziduuri sau contaminan\u021bi.<\/li>\n<li>Verifica\u021bi garniturile \u0219i \u00eenlocui\u021bi-le dac\u0103 este necesar.<\/li>\n<li>Asigura\u021bi o lubrifiere corespunz\u0103toare ad\u0103ug\u00e2nd cantitatea corespunz\u0103toare de ulei hidraulic.<\/li>\n<li>Str\u00e2nge\u021bi orice conexiuni sau fitinguri sl\u0103bite.<\/li>\n<\/ul>\n<h3>Ghid de instalare a produsului<\/h3>\n<p>Urma\u021bi ace\u0219ti pa\u0219i pentru instalarea corect\u0103 a cilindrului bra\u021bului:<\/p>\n<ul>\n<li>Preg\u0103ti\u021bi uneltele \u0219i echipamentele necesare.<\/li>\n<li>Pozi\u021biona\u021bi cilindrul \u00een loca\u021bia dorit\u0103, asigur\u00e2nd o aliniere corect\u0103.<\/li>\n<li>Fixa\u021bi \u00een siguran\u021b\u0103 cilindrul la ma\u0219in\u0103rie folosind elementele de fixare corespunz\u0103toare.<\/li>\n<li>Conecta\u021bi conductele hidraulice la cilindru, asigur\u00e2nd o etan\u0219are corespunz\u0103toare.<\/li>\n<li>Testa\u021bi func\u021bionarea cilindrului pentru a verifica func\u021bionalitatea acestuia.<\/li>\n<\/ul>\n<p><img decoding=\"async\" src=\"https:\/\/www.hydraulic-cylinders.net\/wp-content\/uploads\/2025\/01\/songte-bushings-with-all-kinds-of-excavator-models.webp\" alt=\"Instalarea cilindrului bra\u021bului\" \/><\/p>\n<h3>Considera\u021bii de siguran\u021b\u0103 \u0219i factori de mediu<\/h3>\n<p>Atunci c\u00e2nd se lucreaz\u0103 cu cilindri de bra\u021b, m\u0103surile de siguran\u021b\u0103 sunt de maxim\u0103 importan\u021b\u0103 pentru a preveni accidentele \u0219i a asigura bun\u0103starea operatorilor. Este esen\u021bial s\u0103 se respecte instruc\u021biunile de siguran\u021b\u0103, inclusiv, dar f\u0103r\u0103 a se limita la:<\/p>\n<ul>\n<li>Instrui\u021bi corespunz\u0103tor operatorii cu privire la utilizarea \u00een siguran\u021b\u0103 a utilajelor \u0219i a cilindrilor bra\u021bului.<\/li>\n<li>Implementa\u021bi protocoale de siguran\u021b\u0103, cum ar fi purtarea echipamentului de protec\u021bie necesar.<\/li>\n<li>Verifica\u021bi periodic cilindrul bra\u021bului pentru a depista orice semne de uzur\u0103 sau deteriorare care ar putea compromite siguran\u021ba.<\/li>\n<li>Respecta\u021bi reglement\u0103rile de mediu privind eliminarea fluidelor hidraulice \u0219i a oric\u0103ror materiale periculoase utilizate.<\/li>\n<\/ul>\n<h3>Depanare \u0219i probleme frecvente<\/h3>\n<p>C\u00e2nd \u00eent\u00e2mpina\u021bi probleme cu cilindrul bra\u021bului, urm\u0103torii pa\u0219i de depanare pot fi utili:<\/p>\n<ul>\n<li><strong>Emisiune:<\/strong> Cilindru cu scurgeri.<\/li>\n<li><strong>Solu\u0163ie:<\/strong> Verifica\u021bi garniturile \u0219i \u00eenlocui\u021bi-le dac\u0103 este necesar. Asigura\u021bi str\u00e2ngerea corect\u0103 a tuturor conexiunilor.<\/li>\n<li><strong>Emisiune:<\/strong> Cilindrul nu se extinde sau nu se retrage complet.<\/li>\n<li><strong>Solu\u0163ie:<\/strong> Inspecta\u021bi conductele \u0219i supapele hidraulice pentru a depista orice blocaje sau defec\u021biuni. Verifica\u021bi nivelul fluidului hidraulic \u0219i asigura\u021bi-v\u0103 c\u0103 se \u00eencadreaz\u0103 \u00een intervalul recomandat.<\/li>\n<li><strong>Emisiune:<\/strong> Zgomot anormal \u00een timpul func\u021bion\u0103rii cilindrului.<\/li>\n<li><strong>Solu\u0163ie:<\/strong> Verifica\u021bi dac\u0103 exist\u0103 fitinguri sl\u0103bite sau componente deteriorate. Lubrifia\u021bi cilindrul corespunz\u0103tor.<\/li>\n<\/ul>\n<p><img decoding=\"async\" src=\"https:\/\/www.hydraulic-cylinders.net\/wp-content\/uploads\/2025\/01\/songte-chushion-collar.webp\" alt=\"Guler de pern\u0103\" \/><\/p>\n<p>Nu uita s\u0103 organizezi articolul logic, folosind subtitluri pentru o navigare u\u0219oar\u0103. Include imagini sau grafice relevante pentru a \u00eembun\u0103t\u0103\u021bi \u00een\u021belegerea. Asigur\u0103-te c\u0103 con\u021binutul este clar, concis \u0219i potrivit pentru cititorii cu diferite niveluri de cuno\u0219tin\u021be tehnice.<\/p>\n<h3>Despre compania noastr\u0103<\/h3>\n<p><img decoding=\"async\" src=\"https:\/\/www.hydraulic-cylinders.net\/wp-content\/uploads\/2025\/01\/songte-company-4.webp\" alt=\"Imaginea companiei\" \/><\/p>\n<p>Suntem un produc\u0103tor profesionist de cilindri hidraulici de schimb, oferind o gam\u0103 larg\u0103 de produse. Am devenit unul dintre principalii produc\u0103tori \u0219i distribuitori angro de cilindri hidraulici, at\u00e2t pe plan intern, c\u00e2t \u0219i interna\u021bional.<\/p>","protected":false},"excerpt":{"rendered":"<p>Arm Cylinder for Sany Small Excavator SY130C-9 Definition of Arm Cylinder The arm cylinder is a specially designed hydraulic cylinder that is primarily used to provide linear motion and power to the arm of various machinery, such as excavators, cranes, and robotic arms. The arm cylinder plays a crucial role in hydraulic systems, allowing for [&hellip;]<\/p>","protected":false},"featured_media":14786,"comment_status":"open","ping_status":"closed","template":"","meta":{"_et_pb_use_builder":"","_et_pb_old_content":"","_et_gb_content_width":""},"product_brand":[],"product_cat":[1497],"product_tag":[1498,1496],"class_list":{"0":"post-16355","1":"product","2":"type-product","3":"status-publish","4":"has-post-thumbnail","6":"product_cat-arm-cylinders","7":"product_tag-arm-cylinders","8":"product_tag-hydraulic-cylinders","10":"first","11":"instock","12":"shipping-taxable","13":"product-type-simple"},"amp_enabled":true,"_links":{"self":[{"href":"https:\/\/www.hydraulic-cylinders.net\/ro\/wp-json\/wp\/v2\/product\/16355","targetHints":{"allow":["GET"]}}],"collection":[{"href":"https:\/\/www.hydraulic-cylinders.net\/ro\/wp-json\/wp\/v2\/product"}],"about":[{"href":"https:\/\/www.hydraulic-cylinders.net\/ro\/wp-json\/wp\/v2\/types\/product"}],"replies":[{"embeddable":true,"href":"https:\/\/www.hydraulic-cylinders.net\/ro\/wp-json\/wp\/v2\/comments?post=16355"}],"wp:featuredmedia":[{"embeddable":true,"href":"https:\/\/www.hydraulic-cylinders.net\/ro\/wp-json\/wp\/v2\/media\/14786"}],"wp:attachment":[{"href":"https:\/\/www.hydraulic-cylinders.net\/ro\/wp-json\/wp\/v2\/media?parent=16355"}],"wp:term":[{"taxonomy":"product_brand","embeddable":true,"href":"https:\/\/www.hydraulic-cylinders.net\/ro\/wp-json\/wp\/v2\/product_brand?post=16355"},{"taxonomy":"product_cat","embeddable":true,"href":"https:\/\/www.hydraulic-cylinders.net\/ro\/wp-json\/wp\/v2\/product_cat?post=16355"},{"taxonomy":"product_tag","embeddable":true,"href":"https:\/\/www.hydraulic-cylinders.net\/ro\/wp-json\/wp\/v2\/product_tag?post=16355"}],"curies":[{"name":"wp","href":"https:\/\/api.w.org\/{rel}","templated":true}]}}