{"id":16365,"date":"2025-01-20T09:09:27","date_gmt":"2025-01-20T09:09:27","guid":{"rendered":"https:\/\/www.hydraulic-cylinders.net\/product\/arm-cylinderfor-sany-middle-excavator-sy225c-9\/"},"modified":"2025-01-20T09:09:29","modified_gmt":"2025-01-20T09:09:29","slug":"arm-cylinderfor-sany-middle-excavator-sy225c-9","status":"publish","type":"product","link":"https:\/\/www.hydraulic-cylinders.net\/ro\/produs\/arm-cylinderfor-sany-middle-excavator-sy225c-9\/","title":{"rendered":"Cilindru bra\u021b pentru excavatorul Sany SY225C-9"},"content":{"rendered":"<h2>Cilindru bra\u021b pentru excavatorul Sany SY225C-9<\/h2>\n<p>Cilindrul de bra\u021b, a\u0219a cum sugereaz\u0103 \u0219i numele, este un cilindru hidraulic specializat, conceput pentru a oferi mi\u0219care liniar\u0103 \u0219i putere bra\u021bului diferitelor utilaje, cum ar fi excavatoare, macarale \u0219i bra\u021be robotizate. Acesta joac\u0103 un rol crucial \u00een sistemele hidraulice, permi\u021b\u00e2nd mi\u0219carea \u0219i controlul eficient al uneltelor sau ata\u0219amentelor suplimentare. Ace\u0219ti cilindri nu numai c\u0103 asigur\u0103 o mi\u0219care lin\u0103, dar rezist\u0103 \u0219i la sarcini grele, asigur\u00e2nd func\u021bionarea eficient\u0103 \u0219i fiabilitatea utilajelor \u00een diverse condi\u021bii de lucru.<\/p>\n<p><img decoding=\"async\" src=\"https:\/\/www.hydraulic-cylinders.net\/wp-content\/uploads\/2025\/01\/songte-company-2.webp\" alt=\"Cilindru bra\u021b\" \/><\/p>\n<h3>Caracteristici<\/h3>\n<ul>\n<li><strong>Transmisie eficient\u0103 a puterii:<\/strong> Cilindrul bra\u021bului ofer\u0103 o mi\u0219care liniar\u0103 puternic\u0103 \u0219i o for\u021b\u0103, asigur\u00e2nd capacit\u0103\u021bi de \u00eenalt\u0103 performan\u021b\u0103 pentru bra\u021bul mecanic \u00een diverse opera\u021biuni.<\/li>\n<li><strong>Control precis:<\/strong> Prin intermediul sistemului hidraulic, cilindrul bra\u021bului permite un control precis al mi\u0219c\u0103rii, f\u0103c\u00e2nd opera\u021biunile cu unelte suplimentare mai flexibile \u0219i precise.<\/li>\n<li><strong>Durabilitate:<\/strong> Cilindrii cu bra\u021b sunt de obicei fabrica\u021bi din materiale de \u00eenalt\u0103 rezisten\u021b\u0103, oferind o rezisten\u021b\u0103 excelent\u0103 la uzur\u0103 \u0219i coroziune, ceea ce \u00eei face potrivi\u021bi pentru utilizare pe termen lung \u00een medii dure.<\/li>\n<li><strong>Adaptabilitate multifunc\u021bional\u0103:<\/strong> Ace\u0219ti cilindri \u00ee\u0219i g\u0103sesc aplica\u021bii largi \u00een diverse echipamente, inclusiv excavatoare, macarale \u0219i bra\u021be robotizate, adapt\u00e2ndu-se la diferite cerin\u021be de lucru.<\/li>\n<li><strong>U\u0219urin\u021b\u0103 \u00een \u00eentre\u021binere:<\/strong> Concepu\u021bi pentru \u00eentre\u021binere \u0219i \u00eenlocuire u\u0219oar\u0103, cilindrii bra\u021bului faciliteaz\u0103 inspec\u021biile \u0219i \u00eentre\u021binerea regulat\u0103 convenabil\u0103, reduc\u00e2nd timpul de nefunc\u021bionare a echipamentelor.<\/li>\n<\/ul>\n<p><img decoding=\"async\" src=\"https:\/\/www.hydraulic-cylinders.net\/wp-content\/uploads\/2025\/01\/songte-oil-pipes-and-spare-parts.webp\" alt=\"Piese de schimb\" \/><\/p>\n<h3>Aplica\u021bii<\/h3>\n<p>Cilindrii cu bra\u021b sunt utiliza\u021bi pe scar\u0103 larg\u0103 \u00een urm\u0103toarele industrii:<\/p>\n<ol>\n<li><strong>Inginerie Construc\u021bii:<\/strong> \u00cen excavatoare \u0219i macarale, cilindrii bra\u021bului controleaz\u0103 mi\u0219carea cupelor sau a bra\u021belor pentru lucr\u0103ri de terasament, manipularea materialelor \u0219i instalarea structural\u0103.<\/li>\n<li><strong>Fabrica\u021bie:<\/strong> \u00cen liniile de produc\u021bie automatizate, cilindrii bra\u021bului ac\u021bioneaz\u0103 mi\u0219carea bra\u021belor robotizate pentru procesele de asamblare, sudare \u0219i manipulare a materialelor, sporind productivitatea \u0219i precizia.<\/li>\n<li><strong>Ma\u0219ini agricole:<\/strong> Cilindrii bra\u021bului controleaz\u0103 mi\u0219carea bra\u021belor de operare din utilajele agricole, cum ar fi combinele de recoltat \u0219i sem\u0103n\u0103toarele, \u00eendeplinind sarcini precum sem\u0103natul, fertilizarea \u0219i recoltarea.<\/li>\n<li><strong>Minerit:<\/strong> \u00cen echipamentele miniere, cilindrii bra\u021bului controleaz\u0103 mi\u0219carea bra\u021bului pentru mineritul \u0219i transportul minereului.<\/li>\n<li><strong>Logistic\u0103 \u0219i transport:<\/strong> Cilindrii de bra\u021b sunt utiliza\u021bi \u00een stivuitoare \u0219i robo\u021bi de manipulare pentru a controla ridicarea \u0219i mi\u0219carea furcilor, permi\u021b\u00e2nd manipularea \u0219i stivuirea materialelor.<\/li>\n<\/ol>\n<h3>Considera\u021bii de proiectare \u0219i criterii de selec\u021bie<\/h3>\n<p>C\u00e2nd vine vorba de proiectarea \u0219i selectarea cilindrilor de bra\u021b, trebuie lua\u021bi \u00een considerare mai mul\u021bi factori:<\/p>\n<ol>\n<li><strong>Capacitate portant\u0103:<\/strong> Cilindrii bra\u021bului ar trebui proiecta\u021bi pentru a face fa\u021b\u0103 sarcinilor \u0219i for\u021belor a\u0219teptate \u00een aplica\u021bii specifice.<\/li>\n<li><strong>Etan\u0219are:<\/strong> Pentru a asigura o etan\u0219are eficient\u0103, ar trebui utilizate diverse componente de etan\u0219are, cum ar fi etan\u0219\u0103rile pistonului \u0219i etan\u0219\u0103rile tijei, fabricate din materiale rezistente la uzur\u0103, precum poliuretanul \u0219i cauciucul nitrilic.<\/li>\n<li><strong>Durabilitate:<\/strong> Corpul cilindrului \u0219i capetele filetate trebuie s\u0103 fie supuse unui tratament precis pentru a \u00eembun\u0103t\u0103\u021bi rezisten\u021ba la uzur\u0103 \u0219i durabilitatea general\u0103.<\/li>\n<li><strong>Siguran\u0163\u0103:<\/strong> \u00cen proiect trebuie \u00eencorporate elemente de siguran\u021b\u0103 pentru a preveni accidentele \u0219i a asigura protec\u021bia operatorului \u00een timpul func\u021bion\u0103rii.<\/li>\n<li><strong>Mentenabilitate:<\/strong> Trebuie luat\u0103 \u00een considerare u\u0219urin\u021ba \u00eentre\u021binerii \u0219i repara\u021biilor, permi\u021b\u00e2nd inspec\u021bii \u0219i \u00eenlocuiri rapide \u0219i convenabile.<\/li>\n<\/ol>\n<p><img decoding=\"async\" src=\"https:\/\/www.hydraulic-cylinders.net\/wp-content\/uploads\/2025\/01\/songte-cylinder-head-with-all-kinds-excavator-models.webp\" alt=\"Chiulas\u0103\" \/><\/p>\n<h3>Etan\u0219are \u0219i lubrifiere<\/h3>\n<p>Pentru a asigura o etan\u0219are \u0219i o lubrifiere eficiente, cilindrii cu bra\u021b utilizeaz\u0103 diverse componente de etan\u0219are, cum ar fi etan\u0219\u0103rile pistonului \u0219i ale tijei, fabricate din materiale rezistente la uzur\u0103, precum poliuretanul \u0219i cauciucul nitrilic. Corpul cilindrului \u0219i capetele filetate sunt supuse unui tratament precis pentru a \u00eembun\u0103t\u0103\u021bi rezisten\u021ba la uzur\u0103. Lubrifierea regulat\u0103 cu ulei hidraulic adecvat este necesar\u0103 pentru a men\u021bine performan\u021be optime.<\/p>\n<h3>Inspec\u021bie periodic\u0103 \u0219i \u00eentre\u021binere preventiv\u0103<\/h3>\n<p>Pentru a asigura longevitatea \u0219i func\u021bionarea fiabil\u0103 a cilindrilor bra\u021bului, trebuie luate urm\u0103toarele m\u0103suri:<\/p>\n<ol>\n<li>Verifica\u021bi periodic toate componentele pentru a depista semne de uzur\u0103, deteriorare sau scurgeri.<\/li>\n<li>Verifica\u021bi \u0219i regla\u021bi alinierea \u0219i montarea cilindrului pentru a asigura func\u021bionarea corect\u0103.<\/li>\n<li>Monitoriza\u021bi \u0219i men\u021bine\u021bi nivelul \u0219i calitatea corespunz\u0103toare a fluidului hidraulic.<\/li>\n<li>\u00cenlocui\u021bi prompt garniturile \u0219i alte componente uzate.<\/li>\n<li>Cur\u0103\u021ba\u021bi \u0219i lubrifia\u021bi periodic cilindrul pentru a preveni contaminan\u021bii \u0219i a asigura o func\u021bionare f\u0103r\u0103 probleme.<\/li>\n<\/ol>\n<h3>Instalarea corect\u0103 a produsului<\/h3>\n<p>Instalarea corect\u0103 este crucial\u0103 pentru performan\u021ba optim\u0103 \u0219i siguran\u021ba cilindrilor bra\u021bului. Urma\u021bi ace\u0219ti pa\u0219i:<\/p>\n<ol>\n<li>Asigura\u021bi-v\u0103 c\u0103 suprafe\u021bele de montare sunt curate, plane \u0219i f\u0103r\u0103 resturi.<\/li>\n<li>Alinia\u021bi cilindrul \u0219i suporturile de montare cu precizie, folosind uneltele adecvate.<\/li>\n<li>Str\u00e2nge\u021bi toate \u0219uruburile de montare la valorile de cuplu specificate.<\/li>\n<li>Verifica\u021bi dac\u0103 exist\u0103 orice nealiniere sau blocare dup\u0103 instalare \u0219i efectua\u021bi ajust\u0103rile necesare.<\/li>\n<\/ol>\n<p><img decoding=\"async\" src=\"https:\/\/www.hydraulic-cylinders.net\/wp-content\/uploads\/2025\/01\/songte-bushings-with-all-kinds-of-excavator-models.webp\" alt=\"Buc\u0219e\" \/><\/p>\n<h3>Considera\u021bii de siguran\u021b\u0103 \u0219i factori de mediu<\/h3>\n<p>Atunci c\u00e2nd se lucreaz\u0103 cu cilindri de bra\u021b, m\u0103surile de siguran\u021b\u0103 sunt de cea mai mare importan\u021b\u0103. Operatorii trebuie instrui\u021bi corespunz\u0103tor pentru a le asigura bun\u0103starea \u0219i a preveni accidentele. Factorii de mediu, cum ar fi temperatura \u0219i expunerea la substan\u021be corozive, trebuie, de asemenea, lua\u021bi \u00een considerare pentru a selecta materialele adecvate \u0219i a asigura performan\u021ba pe termen lung.<\/p>\n<h3>Diagnosticarea defec\u021biunilor \u0219i probleme frecvente<\/h3>\n<p>Problemele frecvente care pot ap\u0103rea la cilindrii bra\u021bului includ scurgeri, performan\u021b\u0103 redus\u0103 \u0219i zgomot anormal. Pentru a diagnostica \u0219i remedia aceste probleme:<\/p>\n<ol>\n<li>Verifica\u021bi toate garniturile \u0219i conexiunile pentru a depista semne de scurgeri.<\/li>\n<li>Verifica\u021bi nivelul \u0219i calitatea fluidului hidraulic.<\/li>\n<li>Verifica\u021bi alinierea \u0219i montarea cilindrului.<\/li>\n<li>Asculta\u021bi orice zgomot neobi\u0219nuit \u00een timpul func\u021bion\u0103rii.<\/li>\n<\/ol>\n<p>Pentru depanare \u0219i solu\u021bii specifice, consulta\u021bi instruc\u021biunile produc\u0103torului sau solicita\u021bi asisten\u021b\u0103 profesional\u0103 pentru a diagnostica \u0219i rezolva problemele \u00een mod eficient. Pune\u021bi accent pe m\u0103surile preventive pentru a minimiza poten\u021bialele probleme.<\/p>\n<p><img decoding=\"async\" src=\"https:\/\/www.hydraulic-cylinders.net\/wp-content\/uploads\/2025\/01\/songte-chushion-collar.webp\" alt=\"Guler Chushion\" \/><\/p>\n<p>Nu uita s\u0103 organizezi articolul logic, s\u0103 folose\u0219ti subtitluri pentru o navigare u\u0219oar\u0103, s\u0103 incluzi imagini sau grafice relevante pentru a \u00eembun\u0103t\u0103\u021bi \u00een\u021belegerea \u0219i s\u0103 te asiguri c\u0103 respectivul con\u021binut este clar, concis \u0219i potrivit pentru cititorii cu diferite niveluri de cuno\u0219tin\u021be tehnice.<\/p>\n<p>Autor: lyl<\/p>\n<p><img decoding=\"async\" src=\"https:\/\/www.hydraulic-cylinders.net\/wp-content\/uploads\/2025\/01\/songte-company-4.webp\" alt=\"Companie\" \/><br \/>\n<img decoding=\"async\" src=\"https:\/\/www.hydraulic-cylinders.net\/wp-content\/uploads\/2025\/01\/songte-company-3.webp\" alt=\"Companie\" \/><\/p>","protected":false},"excerpt":{"rendered":"<p>Arm CylinderFor Sany Middle Excavator SY225C-9 Arm Cylinder, as the name suggests, is a specialized hydraulic cylinder designed to provide linear motion and power to the arm of various machinery, such as excavators, cranes, and robotic arms. It plays a crucial role in hydraulic systems, allowing for efficient movement and control of additional tools or [&hellip;]<\/p>","protected":false},"featured_media":14786,"comment_status":"open","ping_status":"closed","template":"","meta":{"_et_pb_use_builder":"","_et_pb_old_content":"","_et_gb_content_width":""},"product_brand":[],"product_cat":[1497],"product_tag":[1498,1496],"class_list":{"0":"post-16365","1":"product","2":"type-product","3":"status-publish","4":"has-post-thumbnail","6":"product_cat-arm-cylinders","7":"product_tag-arm-cylinders","8":"product_tag-hydraulic-cylinders","10":"first","11":"instock","12":"shipping-taxable","13":"product-type-simple"},"amp_enabled":true,"_links":{"self":[{"href":"https:\/\/www.hydraulic-cylinders.net\/ro\/wp-json\/wp\/v2\/product\/16365","targetHints":{"allow":["GET"]}}],"collection":[{"href":"https:\/\/www.hydraulic-cylinders.net\/ro\/wp-json\/wp\/v2\/product"}],"about":[{"href":"https:\/\/www.hydraulic-cylinders.net\/ro\/wp-json\/wp\/v2\/types\/product"}],"replies":[{"embeddable":true,"href":"https:\/\/www.hydraulic-cylinders.net\/ro\/wp-json\/wp\/v2\/comments?post=16365"}],"wp:featuredmedia":[{"embeddable":true,"href":"https:\/\/www.hydraulic-cylinders.net\/ro\/wp-json\/wp\/v2\/media\/14786"}],"wp:attachment":[{"href":"https:\/\/www.hydraulic-cylinders.net\/ro\/wp-json\/wp\/v2\/media?parent=16365"}],"wp:term":[{"taxonomy":"product_brand","embeddable":true,"href":"https:\/\/www.hydraulic-cylinders.net\/ro\/wp-json\/wp\/v2\/product_brand?post=16365"},{"taxonomy":"product_cat","embeddable":true,"href":"https:\/\/www.hydraulic-cylinders.net\/ro\/wp-json\/wp\/v2\/product_cat?post=16365"},{"taxonomy":"product_tag","embeddable":true,"href":"https:\/\/www.hydraulic-cylinders.net\/ro\/wp-json\/wp\/v2\/product_tag?post=16365"}],"curies":[{"name":"wp","href":"https:\/\/api.w.org\/{rel}","templated":true}]}}