{"id":16367,"date":"2025-01-20T09:09:36","date_gmt":"2025-01-20T09:09:36","guid":{"rendered":"https:\/\/www.hydraulic-cylinders.net\/product\/arm-cylinderfor-sany-middle-excavator-sy265cq\/"},"modified":"2025-01-20T09:09:38","modified_gmt":"2025-01-20T09:09:38","slug":"arm-cylinderfor-sany-middle-excavator-sy265cq","status":"publish","type":"product","link":"https:\/\/www.hydraulic-cylinders.net\/ro\/produs\/arm-cylinderfor-sany-middle-excavator-sy265cq\/","title":{"rendered":"Cilindru bra\u021b pentru excavatorul Sany SY265CQ"},"content":{"rendered":"<h2>Cilindru bra\u021b pentru excavatorul Sany SY265CQ<\/h2>\n<h3>Introducere<\/h3>\n<p>Cilindrul hidraulic este un cilindru hidraulic specializat, conceput pentru a oferi mi\u0219care liniar\u0103 \u0219i putere diverselor bra\u021be de utilaje, cum ar fi excavatoare, macarale \u0219i bra\u021be mecanice. Acesta joac\u0103 un rol crucial \u00een sistemul hidraulic, permi\u021b\u00e2nd mi\u0219carea \u0219i controlul eficient al ata\u0219amentelor sau accesoriilor. Ace\u0219ti cilindri nu numai c\u0103 ofer\u0103 o mi\u0219care lin\u0103, dar rezist\u0103 \u0219i la sarcini grele, asigur\u00e2nd func\u021bionarea eficient\u0103 \u0219i fiabilitatea utilajelor \u00een diverse condi\u021bii de func\u021bionare.<\/p>\n<p><img decoding=\"async\" src=\"https:\/\/www.hydraulic-cylinders.net\/wp-content\/uploads\/2025\/01\/songte-company-2.webp\" alt=\"Imaginea cilindrului bra\u021bului\"><\/p>\n<h3>Caracteristici<\/h3>\n<ul>\n<li>Transmisie eficient\u0103 a puterii: Cilindrul bra\u021bului ofer\u0103 o mi\u0219care liniar\u0103 puternic\u0103 \u0219i o for\u021b\u0103 care asigur\u0103 o eficien\u021b\u0103 de \u00eenalt\u0103 performan\u021b\u0103 a bra\u021belor mecanice \u00een diverse opera\u021biuni.<\/li>\n<li>Control precis: Cilindrul bra\u021bului permite un control precis al mi\u0219c\u0103rii prin intermediul sistemului hidraulic, ceea ce face ca operarea ata\u0219amentelor s\u0103 fie mai flexibil\u0103 \u0219i mai precis\u0103.<\/li>\n<li>Durabilitate ridicat\u0103: Ace\u0219ti cilindri sunt de obicei fabrica\u021bi din materiale de \u00eenalt\u0103 rezisten\u021b\u0103, cu rezisten\u021b\u0103 bun\u0103 la uzur\u0103 \u0219i coroziune, potrivi\u021bi pentru utilizare pe termen lung \u00een medii dure.<\/li>\n<li>Adaptabilitate multifunc\u021bional\u0103: Ace\u0219ti cilindri sunt aplicabili pe scar\u0103 larg\u0103 la diverse echipamente mecanice, cum ar fi excavatoare, macarale \u0219i bra\u021be mecanice, \u0219i se adapteaz\u0103 la diferite cerin\u021be de lucru.<\/li>\n<li>\u00centre\u021binere u\u0219oar\u0103: Designul ia \u00een considerare u\u0219urin\u021ba \u00eentre\u021binerii \u0219i \u00eenlocuirii, ceea ce face ca inspec\u021bia \u0219i \u00eentre\u021binerea regulat\u0103 s\u0103 fie mai convenabile \u0219i reduce timpul de nefunc\u021bionare a echipamentelor.<\/li>\n<\/ul>\n<p>Putem produce acest produs, iar produsele noastre pot \u00eenlocui perfect ace\u0219ti cilindri hidraulici.<\/p>\n<p><img decoding=\"async\" src=\"https:\/\/www.hydraulic-cylinders.net\/wp-content\/uploads\/2025\/01\/songte-oil-pipes-and-spare-parts.webp\" alt=\"Imagine de \u00eenlocuire a cilindrului bra\u021bului\"><\/p>\n<h3>Aplica\u021bii<\/h3>\n<p>Cilindrul cu bra\u021b este utilizat pe scar\u0103 larg\u0103 \u00een diverse industrii, inclusiv:<\/p>\n<ul>\n<li>Inginerie de construc\u021bii: La excavatoare \u0219i macarale, cilindrul bra\u021bului controleaz\u0103 mi\u0219carea cupelor sau a bra\u021belor pentru lucr\u0103ri de terasament, manipularea materialelor \u0219i instalarea structurilor.<\/li>\n<li>Fabrica\u021bie: \u00cen liniile de produc\u021bie automatizate, cilindrul bra\u021bului controleaz\u0103 mi\u0219carea bra\u021belor mecanice pentru procesele de asamblare, sudare \u0219i manipulare, pentru a \u00eembun\u0103t\u0103\u021bi eficien\u021ba \u0219i precizia produc\u021biei.<\/li>\n<li>Ma\u0219ini agricole: \u00cen cazul ma\u0219inilor agricole, cum ar fi combinele de recoltat \u0219i sem\u0103n\u0103toarele, cilindrul bra\u021bului controleaz\u0103 mi\u0219carea bra\u021belor de operare pentru a efectua sarcini precum sem\u0103natul, fertilizarea \u0219i recoltarea.<\/li>\n<li>Minerit: \u00cen echipamentele miniere, cilindrul bra\u021bului controleaz\u0103 mi\u0219carea bra\u021belor echipamentelor miniere pentru extrac\u021bia \u0219i manipularea minereului.<\/li>\n<li>Logistic\u0103 \u0219i transport: La stivuitoarele \u0219i robo\u021bii de manipulare, cilindrul bra\u021bului controleaz\u0103 ridicarea \u0219i mi\u0219carea bra\u021belor furcii pentru a realiza manipularea \u0219i stivuirea materialelor.<\/li>\n<\/ul>\n<h3>Considera\u021bii de proiectare \u0219i criterii de selec\u021bie<\/h3>\n<p>Din perspectiva proiect\u0103rii, cilindrul bra\u021bului trebuie s\u0103 ia \u00een considerare capacitatea portant\u0103, etan\u0219area, durabilitatea, siguran\u021ba \u0219i mentenan\u021ba.<\/p>\n<ul>\n<li>Capacitate portant\u0103: Cilindrul bra\u021bului trebuie s\u0103 aib\u0103 o capacitate portant\u0103 suficient\u0103 pentru a asigura siguran\u021ba func\u021bion\u0103rii mecanice.<\/li>\n<li>Etan\u0219are: Cilindrul bra\u021bului trebuie s\u0103 utilizeze diverse garnituri, cum ar fi garnituri de piston, garnituri de tij\u0103 etc., \u0219i s\u0103 selecteze materiale rezistente la uzur\u0103, cum ar fi poliuretanul \u0219i cauciucul nitrilic, pentru a asigura o bun\u0103 performan\u021b\u0103 de etan\u0219are.<\/li>\n<li>Durabilitate: Corpul cilindrului \u0219i suprafa\u021ba cap\u0103tului filetat trebuie prelucrate fin pentru a \u00eembun\u0103t\u0103\u021bi rezisten\u021ba la uzur\u0103.<\/li>\n<li>Siguran\u021b\u0103: Cilindrul bra\u021bului trebuie s\u0103 \u00eendeplineasc\u0103 diverse cerin\u021be de siguran\u021b\u0103, cum ar fi designul rezistent la spargere, protec\u021bia anticoroziv\u0103 \u0219i controlul strict al calit\u0103\u021bii.<\/li>\n<li>\u00centre\u021binere: Cilindrul bra\u021bului trebuie s\u0103 fie proiectat pentru \u00eentre\u021binere \u0219i \u00eenlocuire u\u0219oar\u0103, iar procesul de \u00eentre\u021binere trebuie s\u0103 fie simplu \u0219i convenabil.<\/li>\n<\/ul>\n<p><img decoding=\"async\" src=\"https:\/\/www.hydraulic-cylinders.net\/wp-content\/uploads\/2025\/01\/songte-cylinder-head-with-all-kinds-excavator-models.webp\" alt=\"Imagine de design a cilindrului bra\u021bului\"><\/p>\n<h3>Etan\u0219are \u0219i lubrifiere<\/h3>\n<p>Cilindrul cu bra\u021b folose\u0219te diverse etan\u0219\u0103ri, cum ar fi etan\u0219\u0103ri pentru piston, etan\u0219\u0103ri pentru tij\u0103 \u0219i selecteaz\u0103 materiale rezistente la uzur\u0103, cum ar fi poliuretanul \u0219i cauciucul nitrilic, pentru a asigura o bun\u0103 performan\u021b\u0103 de etan\u0219are. Corpul cilindrului \u0219i suprafa\u021ba filetat\u0103 a cap\u0103tului sunt supuse unor prelucr\u0103ri fine pentru a \u00eembun\u0103t\u0103\u021bi rezisten\u021ba la uzur\u0103. Ad\u0103uga\u021bi regulat cantitatea corespunz\u0103toare de ulei hidraulic pentru lubrifiere.<\/p>\n<h3>M\u0103suri de inspec\u021bie \u0219i \u00eentre\u021binere preventiv\u0103<\/h3>\n<p>Pentru a asigura func\u021bionarea eficient\u0103 \u0219i sigur\u0103 a cilindrului bra\u021bului, este necesar\u0103 inspectarea \u0219i \u00eentre\u021binerea regulat\u0103 a acestuia. Se pot lua urm\u0103toarele m\u0103suri:<\/p>\n<ul>\n<li>Inspecta\u021bi \u0219i \u00eenlocui\u021bi garniturile \u0219i garniturile deteriorate.<\/li>\n<li>Verifica\u021bi corpul cilindrului pentru deform\u0103ri sau uzur\u0103.<\/li>\n<li>Verifica\u021bi cap\u0103tul filetat pentru a vedea dac\u0103 prezint\u0103 deterior\u0103ri sau coroziune.<\/li>\n<li>Ad\u0103uga\u021bi regulat cantitatea corespunz\u0103toare de ulei hidraulic pentru lubrifiere.<\/li>\n<li>Verifica\u021bi func\u021bionarea corect\u0103 a supapei de siguran\u021b\u0103.<\/li>\n<\/ul>\n<p><img decoding=\"async\" src=\"https:\/\/www.hydraulic-cylinders.net\/wp-content\/uploads\/2025\/01\/songte-chushion-collar.webp\" alt=\"Imagine de inspec\u021bie a cilindrului bra\u021bului\"><\/p>\n<h3>Ghid de instalare<\/h3>\n<ol>\n<li>Asigura\u021bi-v\u0103 c\u0103 cilindrul bra\u021bului este curat \u0219i f\u0103r\u0103 corpuri str\u0103ine.<\/li>\n<li>Alinia\u021bi cap\u0103tul filetat al cilindrului cu orificiul de pe bra\u021bul ma\u0219inii.<\/li>\n<li>Folosi\u021bi o cheie pentru a str\u00e2nge cap\u0103tul filetat.<\/li>\n<li>Conecta\u021bi tuburile \u0219i fitingurile hidraulice.<\/li>\n<li>Ad\u0103uga\u021bi cantitatea corespunz\u0103toare de ulei hidraulic pentru lubrifiere.<\/li>\n<\/ol>\n<p><img decoding=\"async\" src=\"https:\/\/www.hydraulic-cylinders.net\/wp-content\/uploads\/2025\/01\/songte-bushings-with-all-kinds-of-excavator-models.webp\" alt=\"Imagine de instalare a cilindrului bra\u021bului\"><\/p>\n<h3>Considera\u021bii privind siguran\u021ba \u0219i mediul<\/h3>\n<p>M\u0103surile de siguran\u021b\u0103 sunt esen\u021biale la operarea cilindrului bra\u021bului. Este necesar s\u0103 respecta\u021bi instruc\u021biunile, s\u0103 opera\u021bi cu stricte\u021be \u00een conformitate cu reglement\u0103rile \u0219i s\u0103 purta\u021bi echipament de protec\u021bie adecvat. De asemenea, trebuie luat\u0103 \u00een considerare protec\u021bia mediului la eliminarea cilindrului bra\u021bului.<\/p>\n<h3>Depanare \u0219i probleme frecvente<\/h3>\n<ul>\n<li>Defec\u021biune cilindru: Verifica\u021bi corpul cilindrului pentru deform\u0103ri sau scurgeri de ulei hidraulic.<\/li>\n<li>Defec\u021biune a etan\u0219\u0103rii: Verifica\u021bi etan\u0219\u0103rile pistonului \u0219i etan\u0219\u0103rile tijei pentru uzur\u0103 sau deteriorare.<\/li>\n<li>Piston blocat: Verifica\u021bi dac\u0103 sistemul hidraulic prezint\u0103 blocaje sau v\u00e2scozitate necorespunz\u0103toare a uleiului.<\/li>\n<li>Zgomot anormal: Verifica\u021bi dac\u0103 corpul cilindrului sau cap\u0103tul filetat nu prezint\u0103 deform\u0103ri sau deterior\u0103ri.<\/li>\n<\/ul>\n<p>Pentru depanare, se recomand\u0103 contactarea unui tehnician profesionist pentru asisten\u021b\u0103. Pentru a preveni poten\u021bialele probleme, \u00eentre\u021binerea regulat\u0103 este esen\u021bial\u0103.<\/p>\n<p><img decoding=\"async\" src=\"https:\/\/www.hydraulic-cylinders.net\/wp-content\/uploads\/2025\/01\/songte-chushion-collar.webp\" alt=\"Imagine de depanare a cilindrului bra\u021bului\"><\/p>\n<h3>Despre compania noastr\u0103<\/h3>\n<p>Suntem un produc\u0103tor profesionist de cilindri hidraulici de schimb, cu o gam\u0103 larg\u0103 de produse \u0219i am devenit unul dintre principalii produc\u0103tori \u0219i distribuitori angro de cilindri hidraulici pe pie\u021bele interne \u0219i interna\u021bionale. Respect\u0103m \u00eentotdeauna principiul calit\u0103\u021bii excelente, ne baz\u0103m pe strategii industrializate de management al produc\u021biei \u00een atelierele noastre de produc\u021bie fin\u0103, ne \u00eembun\u0103t\u0103\u021bim continuu nivelul tehnic \u0219i eficien\u021ba produc\u021biei. Prin introducerea de echipamente digitale de produc\u021bie de ultim\u0103 genera\u021bie \u0219i sisteme profesionale de testare, optimiz\u0103m platforma de produc\u021bie \u0219i \u00eembun\u0103t\u0103\u021bim procesul de control al calit\u0103\u021bii produselor \u0219i avem capacit\u0103\u021bi puternice de inovare. Scopul nostru este de a satisface nevoile diversificate ale clien\u021bilor cu principii de eficien\u021b\u0103 ridicat\u0103, precizie \u0219i calitate \u00eenalt\u0103.<\/p>\n<p><img decoding=\"async\" src=\"https:\/\/www.hydraulic-cylinders.net\/wp-content\/uploads\/2025\/01\/songte-company-4.webp\" alt=\"Imagine de prezentare a companiei\"><\/p>\n<h3>Profesionalism, Certificare Interna\u021bional\u0103, Personalizare, Echipamente de Produc\u021bie \u0219i Servicii Post-v\u00e2nzare<\/h3>\n<p>Ne m\u00e2ndrim cu profesionalismul \u0219i calitatea \u00eenalt\u0103 a produselor noastre. Produsele noastre au trecut certific\u0103ri interna\u021bionale precum ISO9001 \u0219i CE. De asemenea, oferim servicii personalizate \u00een func\u021bie de nevoile clien\u021bilor. Dispunem de echipamente de produc\u021bie avansate, inclusiv centre de prelucrare CNC, ma\u0219ini automate de sudur\u0103 \u0219i echipamente de testare. Oferim servicii complete post-v\u00e2nzare, inclusiv asisten\u021b\u0103 tehnic\u0103, \u00eentre\u021binere \u0219i repara\u021bii.<\/p>\n<p><img decoding=\"async\" src=\"https:\/\/www.hydraulic-cylinders.net\/wp-content\/uploads\/2025\/01\/songte-company-3.webp\" alt=\"Imagine cu informa\u021bii despre companie\"><\/p>\n<p>Autor: lyl.<\/p>","protected":false},"excerpt":{"rendered":"<p>Arm Cylinder For Sany Middle Excavator SY265CQ Introduction The Arm Cylinder is a specialized hydraulic cylinder designed to provide linear motion and power to various machinery arms such as excavators, cranes, and mechanical arms. It plays a crucial role in the hydraulic system, enabling the effective movement and control of attachments or accessories. These cylinders [&hellip;]<\/p>","protected":false},"featured_media":14779,"comment_status":"open","ping_status":"closed","template":"","meta":{"_et_pb_use_builder":"","_et_pb_old_content":"","_et_gb_content_width":""},"product_brand":[],"product_cat":[1497],"product_tag":[1498,1496],"class_list":{"0":"post-16367","1":"product","2":"type-product","3":"status-publish","4":"has-post-thumbnail","6":"product_cat-arm-cylinders","7":"product_tag-arm-cylinders","8":"product_tag-hydraulic-cylinders","10":"first","11":"instock","12":"shipping-taxable","13":"product-type-simple"},"amp_enabled":true,"_links":{"self":[{"href":"https:\/\/www.hydraulic-cylinders.net\/ro\/wp-json\/wp\/v2\/product\/16367","targetHints":{"allow":["GET"]}}],"collection":[{"href":"https:\/\/www.hydraulic-cylinders.net\/ro\/wp-json\/wp\/v2\/product"}],"about":[{"href":"https:\/\/www.hydraulic-cylinders.net\/ro\/wp-json\/wp\/v2\/types\/product"}],"replies":[{"embeddable":true,"href":"https:\/\/www.hydraulic-cylinders.net\/ro\/wp-json\/wp\/v2\/comments?post=16367"}],"wp:featuredmedia":[{"embeddable":true,"href":"https:\/\/www.hydraulic-cylinders.net\/ro\/wp-json\/wp\/v2\/media\/14779"}],"wp:attachment":[{"href":"https:\/\/www.hydraulic-cylinders.net\/ro\/wp-json\/wp\/v2\/media?parent=16367"}],"wp:term":[{"taxonomy":"product_brand","embeddable":true,"href":"https:\/\/www.hydraulic-cylinders.net\/ro\/wp-json\/wp\/v2\/product_brand?post=16367"},{"taxonomy":"product_cat","embeddable":true,"href":"https:\/\/www.hydraulic-cylinders.net\/ro\/wp-json\/wp\/v2\/product_cat?post=16367"},{"taxonomy":"product_tag","embeddable":true,"href":"https:\/\/www.hydraulic-cylinders.net\/ro\/wp-json\/wp\/v2\/product_tag?post=16367"}],"curies":[{"name":"wp","href":"https:\/\/api.w.org\/{rel}","templated":true}]}}