{"id":16374,"date":"2025-01-20T09:10:13","date_gmt":"2025-01-20T09:10:13","guid":{"rendered":"https:\/\/www.hydraulic-cylinders.net\/product\/arm-cylinderfor-sany-large-excavator-sy335-8\/"},"modified":"2025-01-20T09:10:15","modified_gmt":"2025-01-20T09:10:15","slug":"arm-cylinderfor-sany-large-excavator-sy335-8","status":"publish","type":"product","link":"https:\/\/www.hydraulic-cylinders.net\/ro\/produs\/arm-cylinderfor-sany-large-excavator-sy335-8\/","title":{"rendered":"Cilindru bra\u021b pentru excavatorul mare Sany SY335-8"},"content":{"rendered":"<h2>Cilindru de bra\u021b pentru excavatorul mare Sany SY335-8<\/h2>\n<p>Cilindrul bra\u021bului, cunoscut \u0219i sub denumirea de cilindru hidraulic, este un cilindru special conceput care ofer\u0103 mi\u0219care liniar\u0103 \u0219i putere bra\u021belor diferitelor utilaje, cum ar fi excavatoare, macarale \u0219i bra\u021be robotizate. Cilindrul bra\u021bului joac\u0103 un rol crucial \u00een sistemele hidraulice, permi\u021b\u00e2nd mi\u0219carea \u0219i controlul eficient al uneltelor sau ata\u0219amentelor suplimentare. Ace\u0219ti cilindri nu numai c\u0103 permit o mi\u0219care lin\u0103, dar rezist\u0103 \u0219i la sarcini grele, asigur\u00e2nd func\u021bionarea eficient\u0103 \u0219i fiabilitatea utilajelor \u00een diverse condi\u021bii de lucru.<\/p>\n<p><img decoding=\"async\" src=\"https:\/\/www.hydraulic-cylinders.net\/wp-content\/uploads\/2025\/01\/songte-company-2.webp\" alt=\"Imaginea cilindrului bra\u021bului\"><\/p>\n<h2>Caracteristici<\/h2>\n<ul>\n<li>Transmisie de \u00eenalt\u0103 eficien\u021b\u0103: Cilindrul bra\u021bului ofer\u0103 o mi\u0219care liniar\u0103 puternic\u0103 \u0219i o for\u021b\u0103, asigur\u00e2nd capacit\u0103\u021bi de \u00eenalt\u0103 performan\u021b\u0103 pentru bra\u021bul mecanic \u00een diverse opera\u021biuni.<\/li>\n<li>Control precis: Prin intermediul sistemului hidraulic, cilindrul bra\u021bului permite un control precis al mi\u0219c\u0103rii, ceea ce face ca operarea uneltelor suplimentare s\u0103 fie mai flexibil\u0103 \u0219i mai precis\u0103.<\/li>\n<li>Durabilitate: Cilindrii bra\u021bului sunt de obicei fabrica\u021bi din materiale de \u00eenalt\u0103 rezisten\u021b\u0103, oferind o bun\u0103 rezisten\u021b\u0103 la uzur\u0103 \u0219i coroziune, ceea ce \u00eei face potrivi\u021bi pentru utilizarea pe termen lung \u00een medii dure.<\/li>\n<li>Adaptabilitate multifunc\u021bional\u0103: Ace\u0219ti cilindri pot fi aplica\u021bi pe scar\u0103 larg\u0103 la diverse utilaje, cum ar fi excavatoare, macarale \u0219i bra\u021be robotizate, r\u0103spunz\u00e2nd diferitelor cerin\u021be de lucru.<\/li>\n<li>\u00centre\u021binere u\u0219oar\u0103: Designul ia \u00een considerare u\u0219urin\u021ba \u00eentre\u021binerii \u0219i \u00eenlocuirii, ceea ce face ca inspec\u021biile \u0219i \u00eentre\u021binerea regulat\u0103 s\u0103 fie mai convenabile \u0219i reduce timpul de nefunc\u021bionare a echipamentelor.<\/li>\n<\/ul>\n<p><img decoding=\"async\" src=\"https:\/\/www.hydraulic-cylinders.net\/wp-content\/uploads\/2025\/01\/songte-oil-pipes-and-spare-parts.webp\" alt=\"Imaginea produsului\"><\/p>\n<h2>Aplica\u021bii<\/h2>\n<p>Cilindrii cu bra\u021b \u00ee\u0219i g\u0103sesc aplica\u021bii extinse \u00een diverse industrii:<\/p>\n<ul>\n<li>Inginerie de construc\u021bii: \u00cen excavatoare \u0219i macarale, cilindrii bra\u021bului controleaz\u0103 mi\u0219carea cupelor sau a bra\u021belor pentru lucr\u0103ri de terasament, manipularea materialelor \u0219i instalarea structural\u0103.<\/li>\n<li>Industria prelucr\u0103toare: \u00cen liniile de produc\u021bie automatizate, cilindrii bra\u021belor sunt utiliza\u021bi pentru mi\u0219carea bra\u021belor robotizate, permi\u021b\u00e2nd procese precum asamblarea, sudarea \u0219i manipularea, \u00eembun\u0103t\u0103\u021bind astfel eficien\u021ba \u0219i precizia produc\u021biei.<\/li>\n<li>Ma\u0219ini agricole: \u00cen echipamentele agricole, cum ar fi combinele de recoltat \u0219i sem\u0103n\u0103toarele, cilindrii bra\u021bului controleaz\u0103 mi\u0219carea bra\u021belor de operare pentru sarcini precum sem\u0103natul, fertilizarea \u0219i recoltarea.<\/li>\n<li>Minerit: \u00cen echipamentele miniere, cilindrii bra\u021bului controleaz\u0103 mi\u0219carea sec\u021biunii bra\u021bului, facilit\u00e2nd extrac\u021bia \u0219i transportul mineralelor.<\/li>\n<li>Logistic\u0103 \u0219i transport: \u00cen cazul stivuitoarelor \u0219i robo\u021bilor de manipulare, cilindrii bra\u021bului controleaz\u0103 ridicarea \u0219i mi\u0219carea furcilor, permi\u021b\u00e2nd manipularea \u0219i stivuirea materialelor.<\/li>\n<\/ul>\n<h2>Considera\u021bii de proiectare \u0219i criterii de selec\u021bie<\/h2>\n<p>C\u00e2nd vine vorba de proiectarea cilindrilor de bra\u021b \u0219i selectarea celor potrivi\u021bi, trebuie lua\u021bi \u00een considerare c\u00e2\u021biva factori cheie:<\/p>\n<ul>\n<li>Capacitate portant\u0103: Cilindrul bra\u021bului trebuie s\u0103 poat\u0103 suporta sarcina maxim\u0103 a\u0219teptat\u0103 pentru a asigura o func\u021bionare sigur\u0103 \u0219i eficient\u0103.<\/li>\n<li>Etan\u0219are: Diverse componente de etan\u0219are, cum ar fi etan\u0219\u0103rile pistonului \u0219i ale tijei, fabricate din materiale rezistente la uzur\u0103, precum poliuretanul \u0219i cauciucul nitrilic, sunt utilizate pentru a asigura o etan\u0219are eficient\u0103. Corpul cilindrului \u0219i capetele filetate sunt supuse unei prelucr\u0103ri fine pentru a spori rezisten\u021ba la uzur\u0103.<\/li>\n<li>Durabilitate: Cilindrul bra\u021bului trebuie s\u0103 fie proiectat pentru a rezista rigorilor mediului de operare \u0219i a oferi performan\u021be de lung\u0103 durat\u0103.<\/li>\n<li>Siguran\u021b\u0103: \u00cen proiect trebuie \u00eencorporate elemente de siguran\u021b\u0103 pentru a preveni accidentele \u0219i a asigura protec\u021bia operatorilor \u0219i a echipamentelor din jur.<\/li>\n<li>\u00centre\u021binere: \u00centre\u021binerea \u0219i repararea u\u0219oar\u0103 sunt aspecte importante, permi\u021b\u00e2nd inspec\u021bii regulate \u0219i reduc\u00e2nd la minimum timpul de nefunc\u021bionare.<\/li>\n<\/ul>\n<p><img decoding=\"async\" src=\"https:\/\/www.hydraulic-cylinders.net\/wp-content\/uploads\/2025\/01\/songte-cylinder-head-with-all-kinds-excavator-models.webp\" alt=\"Imaginea produsului\"><\/p>\n<h2>Etan\u0219are \u0219i lubrifiere<\/h2>\n<p>Cilindrii cu bra\u021b utilizeaz\u0103 diverse elemente de etan\u0219are, cum ar fi etan\u0219\u0103rile pistonului \u0219i etan\u0219\u0103rile tijei, care sunt fabricate din materiale rezistente la uzur\u0103, precum poliuretanul \u0219i cauciucul nitrilic. Corpul cilindrului \u0219i capetele filetate sunt prelucrate meticulos pentru a spori rezisten\u021ba la uzur\u0103. Lubrifierea regulat\u0103 cu o cantitate adecvat\u0103 de ulei hidraulic este necesar\u0103 pentru a asigura o func\u021bionare f\u0103r\u0103 probleme \u0219i o longevitate sporit\u0103.<\/p>\n<h2>Inspec\u021bie regulat\u0103 \u0219i \u00eentre\u021binere preventiv\u0103<\/h2>\n<ul>\n<li>Inspecta\u021bi periodic cilindrul bra\u021bului pentru a depista orice semne de scurgeri, deterior\u0103ri sau uzur\u0103 anormal\u0103.<\/li>\n<li>Verifica\u021bi func\u021bionarea corect\u0103 a garniturilor de etan\u0219are \u0219i \u00eenlocui\u021bi-le dac\u0103 este necesar.<\/li>\n<li>Asigura\u021bi-v\u0103 c\u0103 toate conexiunile \u0219i fitingurile sunt str\u00e2nse bine.<\/li>\n<li>P\u0103stra\u021bi cilindrul bra\u021bului curat \u0219i f\u0103r\u0103 resturi.<\/li>\n<li>Urma\u021bi instruc\u021biunile produc\u0103torului pentru \u00eentre\u021binerea \u0219i lubrifierea de rutin\u0103.<\/li>\n<\/ul>\n<h2>Ghid de instalare a produsului<\/h2>\n<p>Instalarea corect\u0103 este esen\u021bial\u0103 pentru performan\u021ba optim\u0103 a cilindrului bra\u021bului. Urma\u021bi ace\u0219ti pa\u0219i:<\/p>\n<ol>\n<li>Preg\u0103ti\u021bi zona de montare \u0219i asigura\u021bi-v\u0103 c\u0103 este curat\u0103 \u0219i plan\u0103.<\/li>\n<li>Alinia\u021bi cilindrul bra\u021bului cu orificiile de montare \u0219i introduce\u021bi elementele de fixare.<\/li>\n<li>Str\u00e2nge\u021bi elementele de fixare treptat \u0219i uniform la cuplul specificat.<\/li>\n<li>Conecta\u021bi furtunurile hidraulice, asigur\u00e2ndu-v\u0103 c\u0103 sunt aliniate corect \u0219i c\u0103 sunt fixate bine racordurile.<\/li>\n<li>Testa\u021bi cilindrul bra\u021bului pentru orice scurgeri sau comportament anormal \u00eenainte de a-l pune \u00een func\u021biune complet\u0103.<\/li>\n<\/ol>\n<p><img decoding=\"async\" src=\"https:\/\/www.hydraulic-cylinders.net\/wp-content\/uploads\/2025\/01\/songte-bushings-with-all-kinds-of-excavator-models.webp\" alt=\"Imaginea produsului\"><\/p>\n<h2>Considera\u021bii de siguran\u021b\u0103 \u0219i factori de mediu<\/h2>\n<p>Atunci c\u00e2nd se lucreaz\u0103 cu cilindri de bra\u021b, m\u0103surile de siguran\u021b\u0103 sunt de maxim\u0103 importan\u021b\u0103 pentru a preveni accidentele \u0219i a asigura bun\u0103starea operatorilor \u0219i a personalului din jur. Respectarea reglement\u0103rilor \u0219i instruc\u021biunilor de siguran\u021b\u0103 relevante este esen\u021bial\u0103.<\/p>\n<h2>Depanare \u0219i probleme frecvente<\/h2>\n<p>Iat\u0103 c\u00e2teva probleme frecvente care pot ap\u0103rea la cilindrii bra\u021bului:<\/p>\n<ul>\n<li>Scurgeri din cilindru sau fitinguri<\/li>\n<li>Zgomote anormale \u00een timpul func\u021bion\u0103rii<\/li>\n<li>Mi\u0219care inconsistent\u0103 sau insuficient\u0103<\/li>\n<li>Vibra\u021bii excesive<\/li>\n<li>Defec\u021biunea etan\u0219\u0103rii<\/li>\n<\/ul>\n<p>Pentru a rezolva aceste probleme, lua\u021bi \u00een considerare urm\u0103toarele sfaturi \u0219i solu\u021bii de depanare:<\/p>\n<ul>\n<li>Verifica\u021bi toate conexiunile \u0219i fitingurile pentru scurgeri \u0219i str\u00e2nge\u021bi-le dac\u0103 este necesar.<\/li>\n<li>Verifica\u021bi dac\u0103 exist\u0103 garnituri deteriorate sau uzate \u0219i \u00eenlocui\u021bi-le.<\/li>\n<li>Asigura\u021bi-v\u0103 c\u0103 sistemul hidraulic este presurizat corespunz\u0103tor \u0219i c\u0103 nivelurile de fluid sunt adecvate.<\/li>\n<li>Verifica\u021bi cilindrul bra\u021bului pentru a depista orice semne de deteriorare sau nealiniere.<\/li>\n<li>Dac\u0103 problema persist\u0103, consulta\u021bi un profesionist pentru asisten\u021b\u0103 suplimentar\u0103.<\/li>\n<\/ul>\n<p><img decoding=\"async\" src=\"https:\/\/www.hydraulic-cylinders.net\/wp-content\/uploads\/2025\/01\/songte-chushion-collar.webp\" alt=\"Imaginea produsului\"><\/p>\n<p>Nu uita\u021bi s\u0103 organiza\u021bi articolul logic, s\u0103 folosi\u021bi subtitluri pentru o navigare u\u0219oar\u0103, s\u0103 \u00eencorpora\u021bi imagini sau grafice relevante pentru a \u00eembun\u0103t\u0103\u021bi \u00een\u021belegerea \u0219i s\u0103 v\u0103 asigura\u021bi c\u0103 un con\u021binut este clar, concis \u0219i potrivit pentru cititorii cu diferite niveluri de cuno\u0219tin\u021be tehnice. \u00cen cele din urm\u0103, merit\u0103 subliniat faptul c\u0103 suntem un produc\u0103tor profesionist de cilindri hidraulici de schimb, oferind o gam\u0103 larg\u0103 de produse. Am devenit unul dintre principalii produc\u0103tori \u0219i distribuitori angro at\u00e2t pe pie\u021bele interne, c\u00e2t \u0219i pe cele interna\u021bionale. Angajamentul nostru fa\u021b\u0103 de excelen\u021b\u0103, strategiile industrializate de management al produc\u021biei, echipamentele avansate de fabrica\u021bie, sistemele profesionale de testare \u0219i serviciile orientate c\u0103tre client ne diferen\u021biaz\u0103 \u00een industrie.<\/p>\n<p><img decoding=\"async\" src=\"https:\/\/www.hydraulic-cylinders.net\/wp-content\/uploads\/2025\/01\/songte-company-4.webp\" alt=\"Imaginea companiei\"><br \/>\n<img decoding=\"async\" src=\"https:\/\/www.hydraulic-cylinders.net\/wp-content\/uploads\/2025\/01\/songte-company-3.webp\" alt=\"Imaginea companiei\"><\/p>\n<p>Autor: lyl<\/p>","protected":false},"excerpt":{"rendered":"<p>Arm Cylinder For Sany Large Excavator SY335-8 Arm Cylinder, also known as hydraulic cylinder, is a specially designed cylinder that provides linear motion and power for the arms of various machinery, such as excavators, cranes, and robotic arms. The arm cylinder plays a crucial role in hydraulic systems, allowing for efficient movement and control of [&hellip;]<\/p>","protected":false},"featured_media":14759,"comment_status":"open","ping_status":"closed","template":"","meta":{"_et_pb_use_builder":"","_et_pb_old_content":"","_et_gb_content_width":""},"product_brand":[],"product_cat":[1497],"product_tag":[1498,1496],"class_list":{"0":"post-16374","1":"product","2":"type-product","3":"status-publish","4":"has-post-thumbnail","6":"product_cat-arm-cylinders","7":"product_tag-arm-cylinders","8":"product_tag-hydraulic-cylinders","10":"first","11":"instock","12":"shipping-taxable","13":"product-type-simple"},"amp_enabled":true,"_links":{"self":[{"href":"https:\/\/www.hydraulic-cylinders.net\/ro\/wp-json\/wp\/v2\/product\/16374","targetHints":{"allow":["GET"]}}],"collection":[{"href":"https:\/\/www.hydraulic-cylinders.net\/ro\/wp-json\/wp\/v2\/product"}],"about":[{"href":"https:\/\/www.hydraulic-cylinders.net\/ro\/wp-json\/wp\/v2\/types\/product"}],"replies":[{"embeddable":true,"href":"https:\/\/www.hydraulic-cylinders.net\/ro\/wp-json\/wp\/v2\/comments?post=16374"}],"wp:featuredmedia":[{"embeddable":true,"href":"https:\/\/www.hydraulic-cylinders.net\/ro\/wp-json\/wp\/v2\/media\/14759"}],"wp:attachment":[{"href":"https:\/\/www.hydraulic-cylinders.net\/ro\/wp-json\/wp\/v2\/media?parent=16374"}],"wp:term":[{"taxonomy":"product_brand","embeddable":true,"href":"https:\/\/www.hydraulic-cylinders.net\/ro\/wp-json\/wp\/v2\/product_brand?post=16374"},{"taxonomy":"product_cat","embeddable":true,"href":"https:\/\/www.hydraulic-cylinders.net\/ro\/wp-json\/wp\/v2\/product_cat?post=16374"},{"taxonomy":"product_tag","embeddable":true,"href":"https:\/\/www.hydraulic-cylinders.net\/ro\/wp-json\/wp\/v2\/product_tag?post=16374"}],"curies":[{"name":"wp","href":"https:\/\/api.w.org\/{rel}","templated":true}]}}