{"id":16383,"date":"2025-01-20T09:11:05","date_gmt":"2025-01-20T09:11:05","guid":{"rendered":"https:\/\/www.hydraulic-cylinders.net\/product\/arm-cylinderfor-sany-large-excavator-sy305c-9h\/"},"modified":"2025-01-20T09:11:07","modified_gmt":"2025-01-20T09:11:07","slug":"arm-cylinderfor-sany-large-excavator-sy305c-9h","status":"publish","type":"product","link":"https:\/\/www.hydraulic-cylinders.net\/ro\/produs\/arm-cylinderfor-sany-large-excavator-sy305c-9h\/","title":{"rendered":"Cilindru bra\u021b pentru excavatorul mare Sany SY305C-9H"},"content":{"rendered":"<h1>Cilindru de bra\u021b pentru excavatorul mare Sany SY305C-9H<\/h1>\n<h2>Introducere<\/h2>\n<p>Cilindrul bra\u021bului este un cilindru hidraulic special conceput, utilizat \u00een principal pentru a oferi mi\u0219care liniar\u0103 \u0219i putere bra\u021belor diferitelor tipuri de utilaje, cum ar fi excavatoare, macarale \u0219i bra\u021be mecanice. Cilindrul bra\u021bului joac\u0103 un rol crucial \u00een sistemul hidraulic, permi\u021b\u00e2nd mi\u0219carea \u0219i controlul eficient al uneltelor sau ata\u0219amentelor suplimentare. Ace\u0219ti cilindri nu numai c\u0103 asigur\u0103 o mi\u0219care lin\u0103, dar suport\u0103 \u0219i sarcini grele, asigur\u00e2nd astfel func\u021bionarea eficient\u0103 \u0219i fiabilitatea utilajelor \u00een diverse condi\u021bii de func\u021bionare.<\/p>\n<p><img decoding=\"async\" src=\"https:\/\/www.hydraulic-cylinders.net\/wp-content\/uploads\/2025\/01\/songte-company-2.webp\"\/><\/p>\n<h2>Caracteristici<\/h2>\n<h3>Ac\u021bionare de \u00eenalt\u0103 eficien\u021b\u0103<\/h3>\n<p>Cilindrul bra\u021bului poate oferi o mi\u0219care liniar\u0103 puternic\u0103 \u0219i o for\u021b\u0103, asigur\u00e2nd performan\u021be de \u00eenalt\u0103 eficien\u021b\u0103 ale bra\u021bului mecanic \u00een diverse opera\u021biuni.<\/p>\n<h3>Control precis<\/h3>\n<p>Prin intermediul sistemului hidraulic, cilindrul bra\u021bului poate realiza un control precis al mi\u0219c\u0103rii, f\u0103c\u00e2nd operarea uneltelor suplimentare mai flexibil\u0103 \u0219i precis\u0103.<\/p>\n<h3>Durabilitate puternic\u0103<\/h3>\n<p>Cilindrul bra\u021bului este de obicei fabricat din materiale de \u00eenalt\u0103 rezisten\u021b\u0103, rezistente la uzur\u0103 \u0219i coroziune \u0219i potrivite pentru utilizare pe termen lung \u00een medii dure.<\/p>\n<h3>Adaptabilitate multifunc\u021bional\u0103<\/h3>\n<p>Ace\u0219ti cilindri pot fi utiliza\u021bi pe scar\u0103 larg\u0103 \u00een diverse tipuri de echipamente mecanice, cum ar fi excavatoare, macarale \u0219i bra\u021be mecanice, pentru a satisface diferite cerin\u021be opera\u021bionale.<\/p>\n<h3>\u00centre\u021binere u\u0219oar\u0103<\/h3>\n<p>Conceput pentru \u00eentre\u021binere \u0219i \u00eenlocuire u\u0219oar\u0103, cilindrul bra\u021bului face ca inspec\u021bia \u0219i \u00eentre\u021binerea regulat\u0103 s\u0103 fie mai convenabile, reduc\u00e2nd timpul de nefunc\u021bionare a echipamentelor.<\/p>\n<p><img decoding=\"async\" src=\"https:\/\/www.hydraulic-cylinders.net\/wp-content\/uploads\/2025\/01\/songte-oil-pipes-and-spare-parts.webp\"\/><\/p>\n<h2>Aplica\u021bii<\/h2>\n<h3>Inginerie de construc\u021bii<\/h3>\n<p>\u00cen excavatoare \u0219i macarale, cilindrul bra\u021bului este utilizat pentru a controla mi\u0219carea cupei sau a bra\u021bului pentru a efectua lucr\u0103ri de terasament, manipulare a materialelor \u0219i instalare structural\u0103.<\/p>\n<h3>Fabrica\u021bie<\/h3>\n<p>\u00cen liniile de produc\u021bie automatizate, cilindrul bra\u021bului este utilizat pentru mi\u0219carea bra\u021belor mecanice pentru a efectua procese de asamblare, sudare \u0219i manipulare, \u00eembun\u0103t\u0103\u021bind eficien\u021ba \u0219i precizia produc\u021biei.<\/p>\n<h3>Ma\u0219ini agricole<\/h3>\n<p>\u00cen utilajele agricole, cum ar fi combinele de recoltat \u0219i sem\u0103n\u0103toarele, cilindrul bra\u021bului controleaz\u0103 mi\u0219carea bra\u021bului de operare pentru a efectua sarcini precum sem\u0103natul, aplicarea \u00eengr\u0103\u0219\u0103mintelor \u0219i recoltarea.<\/p>\n<h3>Minerit<\/h3>\n<p>\u00cen echipamentele miniere, cilindrul bra\u021bului este utilizat pentru a controla mi\u0219carea bra\u021bului echipamentelor miniere pentru extragerea \u0219i transportul minereurilor.<\/p>\n<h3>Logistic\u0103 \u0219i transporturi<\/h3>\n<p>\u00cen cazul stivuitoarelor \u0219i robo\u021bilor de manipulare, cilindrul bra\u021bului este utilizat pentru a controla ridicarea \u0219i mi\u0219carea furcilor pentru a realiza manipularea \u0219i stivuirea materialelor.<\/p>\n<p><img decoding=\"async\" src=\"https:\/\/www.hydraulic-cylinders.net\/wp-content\/uploads\/2025\/01\/songte-chushion-collar.webp\"\/><\/p>\n<h2>Considera\u021bii de proiectare \u0219i criterii de selec\u021bie<\/h2>\n<h3>Capacitate portant\u0103<\/h3>\n<p>Cilindrul bra\u021bului trebuie s\u0103 poat\u0103 sus\u021bine greutatea sarcinii \u0219i s\u0103 fac\u0103 fa\u021b\u0103 for\u021belor externe generate \u00een timpul func\u021bion\u0103rii.<\/p>\n<h3>Sigilare<\/h3>\n<p>Cilindrul bra\u021bului utilizeaz\u0103 diverse elemente de etan\u0219are, cum ar fi etan\u0219\u0103ri ale pistonului \u0219i etan\u0219\u0103ri ale tijei, fabricate din materiale rezistente la uzur\u0103, cum ar fi poliuretanul \u0219i cauciucul nitrilic, pentru a preveni scurgerile de fluid \u0219i contaminarea.<\/p>\n<h3>Durabilitate<\/h3>\n<p>Cilindrul bra\u021bului trebuie s\u0103 fie fabricat din materiale de \u00eenalt\u0103 rezisten\u021b\u0103, rezistente la uzur\u0103 \u0219i coroziune, pentru a asigura utilizarea pe termen lung \u00een medii dure.<\/p>\n<h3>Siguran\u0163\u0103<\/h3>\n<p>Cilindrul bra\u021bului trebuie proiectat cu caracteristici de siguran\u021b\u0103, cum ar fi protec\u021bia la suprasarcin\u0103 \u0219i func\u021biile de oprire de urgen\u021b\u0103, pentru a preveni accidentele \u0219i a asigura siguran\u021ba operatorului.<\/p>\n<h3>\u00centre\u0163inere<\/h3>\n<p>Cilindrul bra\u021bului trebuie proiectat av\u00e2nd \u00een vedere u\u0219urin\u021ba \u00eentre\u021binerii, cum ar fi dezasamblarea u\u0219oar\u0103 pentru inspec\u021bie \u0219i \u00eenlocuirea garniturilor \u0219i a altor componente.<\/p>\n<p><img decoding=\"async\" src=\"https:\/\/www.hydraulic-cylinders.net\/wp-content\/uploads\/2025\/01\/songte-cylinder-head-with-all-kinds-excavator-models.webp\"\/><\/p>\n<h2>Etan\u0219are \u0219i lubrifiere<\/h2>\n<p>Cilindrul bra\u021bului utilizeaz\u0103 diverse elemente de etan\u0219are, cum ar fi etan\u0219\u0103ri de piston \u0219i etan\u0219\u0103ri de tij\u0103, fabricate din materiale rezistente la uzur\u0103, precum poliuretanul \u0219i cauciucul nitrilic, pentru a preveni scurgerile de fluid \u0219i contaminarea. Corpul cilindrului \u0219i suprafa\u021ba cap\u0103tului filetat sunt tratate fin pentru a \u00eembun\u0103t\u0103\u021bi rezisten\u021ba la uzur\u0103. Cilindrul bra\u021bului necesit\u0103 lubrifiere regulat\u0103 cu ulei hidraulic pentru a asigura o func\u021bionare corect\u0103.<\/p>\n<h2>Inspec\u021bie regulat\u0103 \u0219i \u00eentre\u021binere preventiv\u0103<\/h2>\n<h3>Inspec\u021bie regulat\u0103<\/h3>\n<p>Cilindrul bra\u021bului trebuie inspectat periodic pentru a asigura func\u021bionarea corect\u0103, cu accent pe verificarea scurgerilor, deform\u0103rilor \u0219i a \u0219uruburilor \u0219i piuli\u021belor sl\u0103bite.<\/p>\n<h3>\u00centre\u021binere preventiv\u0103<\/h3>\n<p>\u00centre\u021binerea preventiv\u0103 trebuie efectuat\u0103 \u00een mod regulat pentru a preveni defectarea echipamentelor \u0219i a minimiza timpul de nefunc\u021bionare. Aceasta include \u00eenlocuirea garniturilor uzate \u0219i a altor componente, precum \u0219i verificarea lubrifierii corespunz\u0103toare \u0219i a nivelului de fluide.<\/p>\n<p><img decoding=\"async\" src=\"https:\/\/www.hydraulic-cylinders.net\/wp-content\/uploads\/2025\/01\/songte-bushings-with-all-kinds-of-excavator-models.webp\"\/><\/p>\n<h2>Ghid de instalare<\/h2>\n<p>\u00cenainte de a instala cilindrul bra\u021bului, asigura\u021bi-v\u0103 c\u0103 echipamentul este sus\u021binut \u0219i fixat corespunz\u0103tor. Monta\u021bi cilindrul \u00een pozi\u021bia corect\u0103, asigur\u00e2nd o aliniere corespunz\u0103toare cu orificiile. Str\u00e2nge\u021bi \u0219uruburile \u0219i piuli\u021bele conform valorilor de cuplu specificate. Conecta\u021bi furtunurile \u0219i fitingurile hidraulice, asigur\u00e2ndu-v\u0103 c\u0103 filetele sunt bine cuplate \u0219i str\u00e2nse. \u00cen final, testa\u021bi cilindrul pentru func\u021bionare corect\u0103 \u0219i scurgeri.<\/p>\n<h2>Considera\u021bii de siguran\u021b\u0103 \u0219i factori de mediu<\/h2>\n<p>La operarea echipamentului cu cilindrul bra\u021bului, trebuie luate m\u0103suri de siguran\u021b\u0103 pentru a preveni accidentele, cum ar fi purtarea de \u00eembr\u0103c\u0103minte de protec\u021bie \u0219i evitarea supra\u00eenc\u0103rc\u0103rii echipamentului. De asemenea, trebuie lua\u021bi \u00een considerare factorii de mediu, cum ar fi temperatura \u0219i umiditatea, iar echipamentul trebuie operat \u00een condi\u021biile de mediu specificate.<\/p>\n<h2>Diagnosticarea defec\u021biunilor \u0219i probleme frecvente<\/h2>\n<h3>Diagnosticarea defec\u021biunilor<\/h3>\n<p>Defec\u021biunile frecvente ale cilindrului bra\u021bului includ scurgeri, for\u021b\u0103 insuficient\u0103 \u0219i mi\u0219care neregulat\u0103. Aceste defec\u021biuni pot fi diagnosticate prin inspec\u021bie vizual\u0103 \u0219i testarea componentelor cilindrului.<\/p>\n<h3>Probleme comune<\/h3>\n<p>Problemele frecvente ale cilindrului bra\u021bului includ garnituri uzate, tije de piston deteriorate \u0219i conducte hidraulice blocate. Aceste probleme pot fi rezolvate prin \u00eenlocuirea componentelor \u0219i cur\u0103\u021barea sistemului hidraulic.<\/p>\n<p><img decoding=\"async\" src=\"https:\/\/www.hydraulic-cylinders.net\/wp-content\/uploads\/2025\/01\/songte-company-4.webp\"\/><br \/>\n<img decoding=\"async\" src=\"https:\/\/www.hydraulic-cylinders.net\/wp-content\/uploads\/2025\/01\/songte-company-3.webp\"\/><\/p>\n<h2>Despre noi<\/h2>\n<p>Suntem un produc\u0103tor profesionist de cilindri hidraulici de schimb cu o gam\u0103 larg\u0103 de produse. Am devenit unul dintre principalii produc\u0103tori \u0219i distribuitori angro de cilindri hidraulici pe pie\u021bele interne \u0219i interna\u021bionale. Ader\u0103m \u00eentotdeauna la principiul calit\u0103\u021bii excelente, baz\u00e2ndu-ne pe strategia de management al produc\u021biei de industrializare a atelierului de fabrica\u021bie fin\u0103, \u00eembun\u0103t\u0103\u021bind constant nivelul nostru tehnic \u0219i eficien\u021ba produc\u021biei. Prin introducerea de echipamente digitale de fabrica\u021bie de ultim\u0103 genera\u021bie \u0219i sisteme profesionale de testare, optimiz\u0103m continuu platforma de fabrica\u021bie, \u00eembun\u0103t\u0103\u021bim procesul de control al calit\u0103\u021bii produselor \u0219i avem capacit\u0103\u021bi puternice de inovare. Scopul nostru este de a satisface nevoile diverse ale clien\u021bilor no\u0219tri cu eficien\u021b\u0103 ridicat\u0103, precizie \u0219i calitate superioar\u0103.<\/p>\n<h3>Profesionalism<\/h3>\n<p>Avem o echip\u0103 de ingineri \u0219i tehnicieni profesioni\u0219ti cu o vast\u0103 experien\u021b\u0103 \u00een proiectarea \u0219i fabricarea cilindrilor hidraulici.<\/p>\n<h3>Certificare interna\u021bional\u0103<\/h3>\n<p>Produsele noastre au fost certificate de organiza\u021bii interna\u021bionale precum ISO9001, CE \u0219i RoHS, asigur\u00e2ndu-le calitatea \u0219i siguran\u021ba.<\/p>\n<h3>Servicii de personalizare<\/h3>\n<p>Oferim servicii de personalizare pentru a satisface nevoile specifice ale clien\u021bilor no\u0219tri, inclusiv dimensiunea, forma \u0219i materialul.<\/p>\n<h3>Echipamente de produc\u021bie<\/h3>\n<p>Dispunem de echipamente de produc\u021bie avansate, cum ar fi strunguri CNC, freze \u0219i ma\u0219ini de sudur\u0103, pentru a asigura o produc\u021bie eficient\u0103 \u0219i precis\u0103.<\/p>\n<h3>Serviciu post-v\u00e2nzare<\/h3>\n<p>Oferim servicii complete post-v\u00e2nzare, inclusiv asisten\u021b\u0103 tehnic\u0103, garan\u021bie \u0219i \u00eentre\u021binere.<\/p>\n<p>Autor: lyl.<\/p>","protected":false},"excerpt":{"rendered":"<p>Arm Cylinder For Sany Large Excavator SY305C-9H Introduction The arm cylinder is a specifically designed hydraulic cylinder that is mainly used to provide linear motion and power to the arms of various types of machinery, such as excavators, cranes, and mechanical arms. The arm cylinder plays a crucial role in the hydraulic system, allowing for [&hellip;]<\/p>","protected":false},"featured_media":14763,"comment_status":"open","ping_status":"closed","template":"","meta":{"_et_pb_use_builder":"","_et_pb_old_content":"","_et_gb_content_width":""},"product_brand":[],"product_cat":[1497],"product_tag":[1498,1496],"class_list":{"0":"post-16383","1":"product","2":"type-product","3":"status-publish","4":"has-post-thumbnail","6":"product_cat-arm-cylinders","7":"product_tag-arm-cylinders","8":"product_tag-hydraulic-cylinders","10":"first","11":"instock","12":"shipping-taxable","13":"product-type-simple"},"amp_enabled":true,"_links":{"self":[{"href":"https:\/\/www.hydraulic-cylinders.net\/ro\/wp-json\/wp\/v2\/product\/16383","targetHints":{"allow":["GET"]}}],"collection":[{"href":"https:\/\/www.hydraulic-cylinders.net\/ro\/wp-json\/wp\/v2\/product"}],"about":[{"href":"https:\/\/www.hydraulic-cylinders.net\/ro\/wp-json\/wp\/v2\/types\/product"}],"replies":[{"embeddable":true,"href":"https:\/\/www.hydraulic-cylinders.net\/ro\/wp-json\/wp\/v2\/comments?post=16383"}],"wp:featuredmedia":[{"embeddable":true,"href":"https:\/\/www.hydraulic-cylinders.net\/ro\/wp-json\/wp\/v2\/media\/14763"}],"wp:attachment":[{"href":"https:\/\/www.hydraulic-cylinders.net\/ro\/wp-json\/wp\/v2\/media?parent=16383"}],"wp:term":[{"taxonomy":"product_brand","embeddable":true,"href":"https:\/\/www.hydraulic-cylinders.net\/ro\/wp-json\/wp\/v2\/product_brand?post=16383"},{"taxonomy":"product_cat","embeddable":true,"href":"https:\/\/www.hydraulic-cylinders.net\/ro\/wp-json\/wp\/v2\/product_cat?post=16383"},{"taxonomy":"product_tag","embeddable":true,"href":"https:\/\/www.hydraulic-cylinders.net\/ro\/wp-json\/wp\/v2\/product_tag?post=16383"}],"curies":[{"name":"wp","href":"https:\/\/api.w.org\/{rel}","templated":true}]}}