{"id":16386,"date":"2025-01-20T09:11:17","date_gmt":"2025-01-20T09:11:17","guid":{"rendered":"https:\/\/www.hydraulic-cylinders.net\/product\/arm-cylinderfor-sany-large-excavator-sy485h-9\/"},"modified":"2025-01-20T09:11:19","modified_gmt":"2025-01-20T09:11:19","slug":"arm-cylinderfor-sany-large-excavator-sy485h-9","status":"publish","type":"product","link":"https:\/\/www.hydraulic-cylinders.net\/ro\/produs\/arm-cylinderfor-sany-large-excavator-sy485h-9\/","title":{"rendered":"Cilindru bra\u021b pentru excavatorul mare Sany SY485H-9"},"content":{"rendered":"<h1>Cilindru de bra\u021b pentru excavatorul mare Sany SY485H-9<\/h1>\n<h2>Introducere<\/h2>\n<h3>Defini\u021bia cilindrului bra\u021bului<\/h3>\n<p>Un cilindru de bra\u021b este un cilindru hidraulic special conceput, utilizat \u00een principal pentru a oferi mi\u0219care liniar\u0103 \u0219i putere bra\u021belor diferitelor tipuri de utilaje, cum ar fi excavatoare, macarale \u0219i bra\u021be robotizate. Cilindrii de bra\u021b joac\u0103 un rol crucial \u00een sistemele hidraulice, permi\u021b\u00e2nd mi\u0219carea \u0219i controlul eficient al sculelor sau ata\u0219amentelor suplimentare. Ace\u0219ti cilindri nu numai c\u0103 ofer\u0103 o mi\u0219care lin\u0103, dar pot rezista \u0219i la sarcini grele, asigur\u00e2nd func\u021bionarea eficient\u0103 \u0219i fiabilitatea utilajelor \u00een diverse condi\u021bii de func\u021bionare.<\/p>\n<p><img decoding=\"async\" src=\"https:\/\/www.hydraulic-cylinders.net\/wp-content\/uploads\/2025\/01\/songte-company-2.webp\"><\/p>\n<h3>Caracteristicile cilindrului bra\u021bului<\/h3>\n<ul>\n<li><strong>Transmisie eficient\u0103 a puterii:<\/strong> Cilindrii bra\u021bului pot oferi o mi\u0219care liniar\u0103 puternic\u0103 \u0219i o for\u021b\u0103, asigur\u00e2nd performan\u021be de \u00eenalt\u0103 eficien\u021b\u0103 ale bra\u021bului robotic \u00een diverse opera\u021biuni.<\/li>\n<li><strong>Control precis:<\/strong> Prin intermediul sistemului hidraulic, cilindrii bra\u021bului pot realiza un control precis al mi\u0219c\u0103rii, f\u0103c\u00e2nd operarea uneltelor suplimentare mai flexibil\u0103 \u0219i precis\u0103.<\/li>\n<li><strong>Durabilitate puternic\u0103:<\/strong> Cilindrii bra\u021bului sunt de obicei fabrica\u021bi din materiale de \u00eenalt\u0103 rezisten\u021b\u0103 \u0219i au o bun\u0103 rezisten\u021b\u0103 la uzur\u0103 \u0219i coroziune, ceea ce \u00eei face potrivi\u021bi pentru utilizare pe termen lung \u00een medii dure.<\/li>\n<li><strong>Adaptabilitate multifunc\u021bional\u0103:<\/strong> Ace\u0219ti cilindri pot fi utiliza\u021bi pe scar\u0103 larg\u0103 \u00een diverse tipuri de utilaje, cum ar fi excavatoare, macarale \u0219i bra\u021be robotizate, adapt\u00e2ndu-se la diferite nevoi de lucru.<\/li>\n<li><strong>\u00centre\u021binere u\u0219oar\u0103:<\/strong> Designul ia \u00een considerare u\u0219urin\u021ba \u00eentre\u021binerii \u0219i \u00eenlocuirii, ceea ce face ca inspec\u021bia \u0219i \u00eentre\u021binerea regulat\u0103 s\u0103 fie mai convenabile, reduc\u00e2nd timpul de nefunc\u021bionare a echipamentelor.<\/li>\n<\/ul>\n<p>De asemenea, putem produce acest produs, iar produsul nostru poate \u00eenlocui perfect ace\u0219ti cilindri hidraulici.<\/p>\n<p><img decoding=\"async\" src=\"https:\/\/www.hydraulic-cylinders.net\/wp-content\/uploads\/2025\/01\/songte-oil-pipes-and-spare-parts.webp\"><\/p>\n<h2>Aplica\u021bii ale cilindrului bra\u021bului<\/h2>\n<p>Cilindrii cu bra\u021b au aplica\u021bii versatile \u00een diverse industrii:<\/p>\n<ul>\n<li><strong>Inginerie Construc\u021bii:<\/strong> \u00cen excavatoare \u0219i macarale, cilindrii bra\u021bului sunt utiliza\u021bi pentru a controla mi\u0219carea cupelor sau a bra\u021belor, pentru a efectua lucr\u0103ri de terasament, manipularea materialelor \u0219i instalarea structural\u0103.<\/li>\n<li><strong>Industria prelucr\u0103toare:<\/strong> \u00cen liniile de produc\u021bie automatizate, cilindrii bra\u021belor sunt utiliza\u021bi pentru a mi\u0219ca bra\u021bele robotizate, efectu\u00e2nd procese de asamblare, sudare \u0219i manipulare, \u00eembun\u0103t\u0103\u021bind eficien\u021ba \u0219i precizia produc\u021biei.<\/li>\n<li><strong>Ma\u0219ini agricole:<\/strong> \u00cen utilajele agricole, cum ar fi combinele de recoltat \u0219i sem\u0103n\u0103toarele, cilindrii bra\u021bului controleaz\u0103 mi\u0219carea bra\u021belor de operare, efectu\u00e2nd sarcini de sem\u0103nat, fertilizare \u0219i recoltare.<\/li>\n<li><strong>Industria minier\u0103:<\/strong> \u00cen echipamentele miniere, cilindrii bra\u021bului sunt utiliza\u021bi pentru a controla mi\u0219carea bra\u021bului echipamentelor miniere, efectu\u00e2nd mineritul \u0219i transportul minereurilor.<\/li>\n<li><strong>Logistic\u0103 \u0219i transport:<\/strong> \u00cen cazul stivuitoarelor \u0219i robo\u021bilor de manipulare, cilindrii bra\u021bului sunt utiliza\u021bi pentru a controla ridicarea \u0219i mi\u0219carea furcilor, realiz\u00e2nd manipularea \u0219i stivuirea materialelor.<\/li>\n<\/ul>\n<h2>Considera\u021bii de proiectare \u0219i standarde de selec\u021bie<\/h2>\n<h3>Capacitate portant\u0103<\/h3>\n<p>Capacitatea portant\u0103 este un factor critic de luat \u00een considerare la proiectarea cilindrilor bra\u021bului. Cilindrul trebuie s\u0103 poat\u0103 suporta sarcina ma\u0219inii la care este ata\u0219at \u0219i sarcina suplimentar\u0103 a sculelor sau ata\u0219amentelor.<\/p>\n<h3>Sigilare<\/h3>\n<p>Etan\u0219area cilindrilor bra\u021bului joac\u0103 un rol vital \u00een performan\u021ba general\u0103 a sistemului hidraulic. Alegerea unor etan\u0219\u0103ri adecvate, cum ar fi etan\u0219\u0103rile pistonului \u0219i etan\u0219\u0103rile tijei, este esen\u021bial\u0103 pentru a preveni scurgerile de ulei \u0219i a asigura func\u021bionarea f\u0103r\u0103 probleme a cilindrului.<\/p>\n<h3>Durabilitate<\/h3>\n<p>Durabilitatea cilindrilor bra\u021bului este un factor esen\u021bial de luat \u00een considerare \u00een medii de operare dure. Cilindrul trebuie s\u0103 fie fabricat din materiale de \u00eenalt\u0103 calitate, cu un tratament de suprafa\u021b\u0103 adecvat pentru a \u00eembun\u0103t\u0103\u021bi rezisten\u021ba la uzur\u0103 \u0219i la coroziune.<\/p>\n<h3>Siguran\u0163\u0103<\/h3>\n<p>Siguran\u021ba cilindrilor bra\u021bului trebuie garantat\u0103 \u00een procesul de proiectare pentru a preveni accidentele \u00een timpul func\u021bion\u0103rii. Cilindrul trebuie proiectat cu caracteristici de siguran\u021b\u0103, cum ar fi supape de siguran\u021b\u0103, blocaje de siguran\u021b\u0103 \u0219i opriri de urgen\u021b\u0103, pentru a asigura o func\u021bionare \u00een siguran\u021b\u0103.<\/p>\n<h3>\u00centre\u0163inere<\/h3>\n<p>Proiectarea cilindrilor bra\u021bului trebuie s\u0103 ia \u00een considerare u\u0219urin\u021ba \u00eentre\u021binerii \u0219i \u00eenlocuirii pieselor. \u00centre\u021binerea programat\u0103 \u0219i \u00eenlocuirea prompt\u0103 a pieselor uzate pot reduce la minimum timpul de nefunc\u021bionare \u0219i pot prelungi durata de via\u021b\u0103 a cilindrului.<\/p>\n<p><img decoding=\"async\" src=\"https:\/\/www.hydraulic-cylinders.net\/wp-content\/uploads\/2025\/01\/songte-cylinder-head-with-all-kinds-excavator-models.webp\"><\/p>\n<h2>Etan\u0219are \u0219i lubrifiere<\/h2>\n<p>Diverse elemente de etan\u0219are, cum ar fi etan\u0219\u0103rile pistonului \u0219i etan\u0219\u0103rile tijei, sunt utilizate \u00een cilindrii bra\u021bului pentru a preveni scurgerile de ulei \u0219i a asigura o func\u021bionare lin\u0103. Selectarea materialelor de etan\u0219are adecvate, cum ar fi poliuretanul \u0219i cauciucul nitrilic, poate spori rezisten\u021ba la uzur\u0103 a cilindrului, \u00een timp ce prelucrarea fin\u0103 a corpului cilindrului \u0219i a suprafe\u021bei cap\u0103tului filetat poate \u00eembun\u0103t\u0103\u021bi rezisten\u021ba la uzur\u0103 a cilindrului.<\/p>\n<p>Lubrifierea este, de asemenea, esen\u021bial\u0103 pentru performan\u021ba cilindrilor bra\u021bului. Ad\u0103ugarea regulat\u0103 a uleiului hidraulic adecvat \u00een cilindru poate \u00eembun\u0103t\u0103\u021bi performan\u021ba de etan\u0219are, reduce frecarea \u0219i previne uzura cilindrului.<\/p>\n<h2>\u00centre\u021binere \u0219i precau\u021bii<\/h2>\n<p>Inspec\u021biile regulate \u0219i \u00eentre\u021binerea preventiv\u0103 sunt necesare pentru a asigura buna func\u021bionare a cilindrilor bra\u021bului. Iat\u0103 c\u00e2teva m\u0103suri de \u00eentre\u021binere:<\/p>\n<ul>\n<li>Verifica\u021bi nivelul \u0219i calitatea uleiului \u00een mod regulat \u0219i ad\u0103uga\u021bi sau \u00eenlocui\u021bi uleiul la timp.<\/li>\n<li>Verifica\u021bi periodic performan\u021ba de etan\u0219are a cilindrului \u0219i \u00eenlocui\u021bi la timp garniturile uzate.<\/li>\n<li>Cur\u0103\u021ba\u021bi suprafa\u021ba cilindrului \u00een mod regulat pentru a preveni p\u0103trunderea prafului \u0219i a impurit\u0103\u021bilor \u00een cilindru.<\/li>\n<li>Verifica\u021bi periodic \u0219uruburile \u0219i piuli\u021bele de montare \u0219i str\u00e2nge\u021bi-le dac\u0103 este necesar.<\/li>\n<\/ul>\n<p>M\u0103suri preventive:<\/p>\n<ul>\n<li>Evita\u021bi supra\u00eenc\u0103rcarea cilindrului pentru a evita deteriorarea acestuia.<\/li>\n<li>Preveni\u021bi lovirea cilindrului de for\u021be externe pentru a evita deformarea sau deteriorarea.<\/li>\n<li>Proteja\u021bi cilindrul de medii corozive pentru a evita coroziunea.<\/li>\n<\/ul>\n<p><img decoding=\"async\" src=\"https:\/\/www.hydraulic-cylinders.net\/wp-content\/uploads\/2025\/01\/songte-chushion-collar.webp\"><\/p>\n<h2>Ghid de instalare<\/h2>\n<p>Instalarea cilindrilor bra\u021bului trebuie s\u0103 respecte urm\u0103torii pa\u0219i:<\/p>\n<ol>\n<li>Alege\u021bi cilindrul bra\u021bului corespunz\u0103tor \u00een func\u021bie de cerin\u021bele ma\u0219inii \u0219i selecta\u021bi pozi\u021bia de instalare corespunz\u0103toare.<\/li>\n<li>Verifica\u021bi suprafa\u021ba de instalare a ma\u0219inii \u0219i a cilindrului pentru a vedea dac\u0103 sunt plane \u0219i cur\u0103\u021benie \u0219i \u00eendep\u0103rta\u021bi orice reziduuri sau pete de ulei.<\/li>\n<li>Instala\u021bi cilindrul conform instruc\u021biunilor de instalare \u0219i acorda\u021bi aten\u021bie direc\u021biei chiulasei \u0219i tijei pistonului.<\/li>\n<li>Conecta\u021bi conductele \u0219i fitingurile hidraulice conform schemei circuitului hidraulic \u0219i str\u00e2nge\u021bi \u0219uruburile.<\/li>\n<li>Verifica\u021bi instalarea cilindrului \u0219i a \u021bevilor pentru scurgeri \u0219i testa\u021bi func\u021bionarea cilindrului.<\/li>\n<\/ol>\n<p><img decoding=\"async\" src=\"https:\/\/www.hydraulic-cylinders.net\/wp-content\/uploads\/2025\/01\/songte-bushings-with-all-kinds-of-excavator-models.webp\"><\/p>\n<h2>Considera\u021bii privind siguran\u021ba \u0219i mediul<\/h2>\n<p>Siguran\u021ba cilindrilor bra\u021bului este crucial\u0103 pentru prevenirea accidentelor \u00een timpul func\u021bion\u0103rii. Utilizatorii trebuie s\u0103 respecte instruc\u021biunile de siguran\u021b\u0103 \u0219i s\u0103 opereze ma\u0219ina corect pentru a evita pericolele.<\/p>\n<p>Protec\u021bia mediului \u00eenconjur\u0103tor trebuie, de asemenea, luat\u0103 \u00een considerare \u00een timpul utiliz\u0103rii \u0219i \u00eentre\u021binerii cilindrilor bra\u021bului. \u00centre\u021binerea regulat\u0103 \u0219i \u00eenlocuirea pieselor uzate pot reduce scurgerile de ulei \u0219i pot preveni poluarea mediului.<\/p>\n<h2>Depanare \u0219i probleme frecvente<\/h2>\n<p>Problemele frecvente ale cilindrilor bra\u021bului includ scurgeri de ulei, putere insuficient\u0103 \u0219i zgomot anormal. Iat\u0103 c\u00e2teva sfaturi pentru diagnosticarea \u0219i rezolvarea problemelor:<\/p>\n<ul>\n<li>Dac\u0103 exist\u0103 scurgeri de ulei, verifica\u021bi garniturile \u0219i \u00eenlocui\u021bi-le dac\u0103 este necesar.<\/li>\n<li>Dac\u0103 puterea este insuficient\u0103, verifica\u021bi dac\u0103 cilindrul este supra\u00eenc\u0103rcat sau dac\u0103 circuitul hidraulic este blocat.<\/li>\n<li>Dac\u0103 exist\u0103 zgomote anormale, verifica\u021bi cilindrul \u0219i circuitul hidraulic pentru a depista eventualele deterior\u0103ri sau piese sl\u0103bite.<\/li>\n<\/ul>\n<p>Pentru a preveni poten\u021bialele probleme, utilizatorii trebuie s\u0103 respecte m\u0103surile \u0219i precau\u021biile de \u00eentre\u021binere men\u021bionate mai sus \u0219i s\u0103 rezolve prompt problemele atunci c\u00e2nd acestea apar.<\/p>\n<p><img decoding=\"async\" src=\"https:\/\/www.hydraulic-cylinders.net\/wp-content\/uploads\/2025\/01\/songte-company-4.webp\"><br \/>\n<img decoding=\"async\" src=\"https:\/\/www.hydraulic-cylinders.net\/wp-content\/uploads\/2025\/01\/songte-company-3.webp\"><\/p>\n<h2>Despre noi<\/h2>\n<p>Suntem un produc\u0103tor profesionist de cilindri hidraulici de schimb cu o gam\u0103 larg\u0103 de produse \u0219i am devenit unul dintre principalii produc\u0103tori \u0219i distribuitori angro de cilindri hidraulici la nivel na\u021bional \u0219i interna\u021bional. Men\u021binem \u00eentotdeauna principiul calit\u0103\u021bii excelente, ne baz\u0103m pe strategii industrializate de management al produc\u021biei \u00een ateliere de fabrica\u021bie sofisticate \u0219i ne \u00eembun\u0103t\u0103\u021bim continuu tehnologia \u0219i eficien\u021ba produc\u021biei. Prin introducerea de echipamente digitale de fabrica\u021bie de ultim\u0103 genera\u021bie \u0219i sisteme profesionale de testare, optimiz\u0103m platforma de fabrica\u021bie, \u00eembun\u0103t\u0103\u021bim procesul de control al calit\u0103\u021bii produselor \u0219i avem capacit\u0103\u021bi puternice de inovare. Scopul nostru este de a satisface nevoile diverse ale clien\u021bilor cu eficien\u021b\u0103 ridicat\u0103, precizie \u0219i principii de \u00eenalt\u0103 calitate.<\/p>\n<h3>Profesionalism<\/h3>\n<p>Echipa noastr\u0103 este format\u0103 din profesioni\u0219ti cu experien\u021b\u0103, care activeaz\u0103 \u00een industria cilindrilor hidraulici de mul\u021bi ani. Avem o \u00een\u021belegere profund\u0103 a pie\u021bei cilindrilor hidraulici \u0219i a nevoilor clien\u021bilor \u0219i putem oferi acestora servicii profesionale \u0219i eficiente.<\/p>\n<h3>Certificare interna\u021bional\u0103<\/h3>\n<p>Cilindrii no\u0219tri hidraulici au trecut certific\u0103ri interna\u021bionale, inclusiv CE, SGS \u0219i ISO9001, asigur\u00e2nd calitatea \u00eenalt\u0103 a produselor noastre \u0219i siguran\u021ba utilizatorilor.<\/p>\n<h3>Servicii de personalizare<\/h3>\n<p>Putem furniza cilindri hidraulici personaliza\u021bi \u00een func\u021bie de cerin\u021bele clien\u021bilor, inclusiv dimensiunea, materialul \u0219i tratamentul suprafe\u021bei, pentru a satisface nevoile diverse ale acestora.<\/p>\n<h3>Echipamente avansate de produc\u021bie<\/h3>\n<p>Am introdus echipamente de fabrica\u021bie avansate, cum ar fi centrele de prelucrare CNC, pentru a \u00eembun\u0103t\u0103\u021bi precizia \u0219i eficien\u021ba produc\u021biei noastre \u0219i pentru a asigura calitatea \u00eenalt\u0103 a produselor noastre.<\/p>\n<h3>Serviciu post-v\u00e2nzare<\/h3>\n<p>Echipa noastr\u0103 de service post-v\u00e2nzare poate oferi clien\u021bilor asisten\u021b\u0103 \u0219i asisten\u021b\u0103 tehnic\u0103 profesional\u0103 \u0219i prompt\u0103 pentru a asigura buna func\u021bionare a cilindrilor hidraulici.<\/p>\n<h4>Autor: lyl<\/h4>","protected":false},"excerpt":{"rendered":"<p>Arm Cylinder For Sany Large Excavator SY485H-9 Introduction Definition of Arm Cylinder An arm cylinder is a specially designed hydraulic cylinder used primarily to provide linear motion and power to the arms of various types of machinery, such as excavators, cranes, and robotic arms. Arm cylinders play a crucial role in hydraulic systems, allowing additional [&hellip;]<\/p>","protected":false},"featured_media":14783,"comment_status":"open","ping_status":"closed","template":"","meta":{"_et_pb_use_builder":"","_et_pb_old_content":"","_et_gb_content_width":""},"product_brand":[],"product_cat":[1497],"product_tag":[1498,1496],"class_list":{"0":"post-16386","1":"product","2":"type-product","3":"status-publish","4":"has-post-thumbnail","6":"product_cat-arm-cylinders","7":"product_tag-arm-cylinders","8":"product_tag-hydraulic-cylinders","10":"first","11":"instock","12":"shipping-taxable","13":"product-type-simple"},"amp_enabled":true,"_links":{"self":[{"href":"https:\/\/www.hydraulic-cylinders.net\/ro\/wp-json\/wp\/v2\/product\/16386","targetHints":{"allow":["GET"]}}],"collection":[{"href":"https:\/\/www.hydraulic-cylinders.net\/ro\/wp-json\/wp\/v2\/product"}],"about":[{"href":"https:\/\/www.hydraulic-cylinders.net\/ro\/wp-json\/wp\/v2\/types\/product"}],"replies":[{"embeddable":true,"href":"https:\/\/www.hydraulic-cylinders.net\/ro\/wp-json\/wp\/v2\/comments?post=16386"}],"wp:featuredmedia":[{"embeddable":true,"href":"https:\/\/www.hydraulic-cylinders.net\/ro\/wp-json\/wp\/v2\/media\/14783"}],"wp:attachment":[{"href":"https:\/\/www.hydraulic-cylinders.net\/ro\/wp-json\/wp\/v2\/media?parent=16386"}],"wp:term":[{"taxonomy":"product_brand","embeddable":true,"href":"https:\/\/www.hydraulic-cylinders.net\/ro\/wp-json\/wp\/v2\/product_brand?post=16386"},{"taxonomy":"product_cat","embeddable":true,"href":"https:\/\/www.hydraulic-cylinders.net\/ro\/wp-json\/wp\/v2\/product_cat?post=16386"},{"taxonomy":"product_tag","embeddable":true,"href":"https:\/\/www.hydraulic-cylinders.net\/ro\/wp-json\/wp\/v2\/product_tag?post=16386"}],"curies":[{"name":"wp","href":"https:\/\/api.w.org\/{rel}","templated":true}]}}