{"id":16388,"date":"2025-01-20T09:11:25","date_gmt":"2025-01-20T09:11:25","guid":{"rendered":"https:\/\/www.hydraulic-cylinders.net\/product\/arm-cylinderfor-xcmg-small-excavator-xe6oca\/"},"modified":"2025-01-20T09:11:32","modified_gmt":"2025-01-20T09:11:32","slug":"arm-cylinderfor-xcmg-small-excavator-xe6oca","status":"publish","type":"product","link":"https:\/\/www.hydraulic-cylinders.net\/ro\/produs\/arm-cylinderfor-xcmg-small-excavator-xe6oca\/","title":{"rendered":"Cilindru bra\u021b pentru excavatorul mic XCMG XE6OCA"},"content":{"rendered":"<h2>Cilindru bra\u021b pentru excavatorul mic XCMG XE6OCA<\/h2>\n<h3>Defini\u021bie \u0219i explica\u021bie<\/h3>\n<p>Cilindrul bra\u021bului este un cilindru hidraulic special conceput care ofer\u0103 mi\u0219care liniar\u0103 \u0219i putere bra\u021bului diferitelor utilaje, cum ar fi excavatoare, macarale \u0219i bra\u021be mecanice. Cilindrul bra\u021bului joac\u0103 un rol crucial \u00een sistemele hidraulice, permi\u021b\u00e2nd ata\u0219amentelor sau accesoriilor s\u0103 se mi\u0219te \u0219i s\u0103 fie controlate eficient. Ace\u0219ti cilindri nu numai c\u0103 ofer\u0103 o mi\u0219care lin\u0103, dar rezist\u0103 \u0219i la sarcini grele, asigur\u00e2nd func\u021bionarea eficient\u0103 \u0219i fiabilitatea utilajelor \u00een diverse condi\u021bii de func\u021bionare.<\/p>\n<p><img decoding=\"async\" src=\"https:\/\/www.hydraulic-cylinders.net\/wp-content\/uploads\/2025\/01\/songte-company-2.webp\" alt=\"Imaginea cilindrului bra\u021bului\"><\/p>\n<h3>Caracteristici ale produsului<\/h3>\n<ul>\n<li>Transmisie de putere extrem de eficient\u0103: Cilindrul bra\u021bului ofer\u0103 o mi\u0219care liniar\u0103 puternic\u0103 \u0219i o for\u021b\u0103, asigur\u00e2nd o eficien\u021b\u0103 de \u00eenalt\u0103 performan\u021b\u0103 a bra\u021bului mecanic \u00een diverse opera\u021biuni.<\/li>\n<li>Control precis: Prin intermediul sistemului hidraulic, cilindrul bra\u021bului poate realiza un control precis al mi\u0219c\u0103rii, ceea ce face ca func\u021bionarea uneltelor ata\u0219ate s\u0103 fie mai flexibil\u0103 \u0219i mai precis\u0103.<\/li>\n<li>Durabilitate mare: Cilindrul bra\u021bului este adesea fabricat din materiale de \u00eenalt\u0103 rezisten\u021b\u0103, care au o rezisten\u021b\u0103 excelent\u0103 la uzur\u0103 \u0219i coroziune, ceea ce \u00eel face potrivit pentru utilizarea pe termen lung \u00een medii dure.<\/li>\n<li>Adaptabilitate multifunc\u021bional\u0103: Ace\u0219ti cilindri pot fi utiliza\u021bi pe scar\u0103 larg\u0103 \u00een diverse echipamente mecanice, cum ar fi excavatoare, macarale \u0219i bra\u021be mecanice, pentru a se adapta la diferite cerin\u021be de lucru.<\/li>\n<li>\u00centre\u021binere u\u0219oar\u0103: Designul ia \u00een considerare u\u0219urin\u021ba \u00eentre\u021binerii \u0219i \u00eenlocuirii, ceea ce face ca inspec\u021biile \u0219i \u00eentre\u021binerea regulat\u0103 s\u0103 fie mai convenabile \u0219i reduce timpul de nefunc\u021bionare a echipamentelor.<\/li>\n<\/ul>\n<p>Putem produce acest produs \u0219i oferi un \u00eenlocuitor perfect pentru ace\u0219ti cilindri hidraulici.<\/p>\n<p><img decoding=\"async\" src=\"https:\/\/www.hydraulic-cylinders.net\/wp-content\/uploads\/2025\/01\/songte-oil-pipes-and-spare-parts.webp\" alt=\"Imagine cu alte p\u0103r\u021bi\"><\/p>\n<h3>Aplica\u021bii<\/h3>\n<p>Cilindrul cu bra\u021b poate fi utilizat \u00een diverse domenii, cum ar fi:<\/p>\n<ul>\n<li>Inginerie de construc\u021bii: Cilindrul bra\u021bului este utilizat pentru a controla mi\u0219carea cupei sau a bra\u021bului excavatoarelor \u0219i macaralelor pentru a efectua lucr\u0103ri de terasament, manipularea materialelor \u0219i instalarea structural\u0103.<\/li>\n<li>Industria prelucr\u0103toare: Cilindrul bra\u021bului este utilizat \u00een mi\u0219carea bra\u021belor mecanice \u00een liniile de produc\u021bie automatizate pentru a efectua procese de asamblare, sudare \u0219i manipulare, \u00eembun\u0103t\u0103\u021bind eficien\u021ba \u0219i precizia produc\u021biei.<\/li>\n<li>Ma\u0219ini agricole: Cilindrul bra\u021bului controleaz\u0103 mi\u0219carea bra\u021bului de operare \u00een utilajele agricole, cum ar fi combinele de recoltat \u0219i sem\u0103n\u0103toarele, pentru a efectua sarcini precum plantarea, fertilizarea \u0219i recoltarea.<\/li>\n<li>Minerit: Cilindrul bra\u021bului este utilizat pentru a controla mi\u0219carea bra\u021bului echipamentelor miniere pentru extragerea \u0219i transportul mineralelor.<\/li>\n<li>Logistic\u0103 \u0219i transport: Cilindrul bra\u021bului este utilizat pentru a controla ridicarea \u0219i mi\u0219carea furcii \u00een stivuitoare \u0219i robo\u021bi de manipulare, realiz\u00e2nd manipularea \u0219i stivuirea materialelor.<\/li>\n<\/ul>\n<h3>Considera\u021bii de proiectare \u0219i criterii de selec\u021bie<\/h3>\n<p>Cilindrul bra\u021bului trebuie s\u0103 aib\u0103 urm\u0103toarele caracteristici:<\/p>\n<h4>Capacitate portant\u0103<\/h4>\n<p>Cilindrul bra\u021bului trebuie s\u0103 aib\u0103 o capacitate portant\u0103 suficient\u0103 pentru a asigura func\u021bionarea normal\u0103 a utilajului.<\/p>\n<h4>Sigilare<\/h4>\n<p>Cilindrul bra\u021bului utilizeaz\u0103 diverse componente de etan\u0219are, cum ar fi etan\u0219\u0103rile pistonului \u0219i etan\u0219\u0103rile tijei, care ar trebui s\u0103 fie fabricate din materiale rezistente la uzur\u0103, cum ar fi poliuretanul \u0219i cauciucul nitrilic, pentru a asigura o durat\u0103 lung\u0103 de via\u021b\u0103.<\/p>\n<h4>Durabilitate<\/h4>\n<p>Corpul cilindrului \u0219i suprafa\u021ba cap\u0103tului filetat al cilindrului bra\u021bului trebuie supuse unei prelucr\u0103ri fine pentru a \u00eembun\u0103t\u0103\u021bi rezisten\u021ba la uzur\u0103 \u0219i rezisten\u021ba la coroziune.<\/p>\n<h4>Siguran\u0163\u0103<\/h4>\n<p>Cilindrul bra\u021bului trebuie s\u0103 fie proiectat cu elemente de siguran\u021b\u0103, cum ar fi supape de suprapresiune, pentru a preveni accidentele cauzate de presiunea excesiv\u0103.<\/p>\n<h4>\u00centre\u0163inere<\/h4>\n<p>Cilindrul bra\u021bului trebuie proiectat pentru \u00eentre\u021binere \u0219i \u00eenlocuire u\u0219oar\u0103 a pieselor pentru a reduce la minimum timpul de nefunc\u021bionare a echipamentului.<\/p>\n<p><img decoding=\"async\" src=\"https:\/\/www.hydraulic-cylinders.net\/wp-content\/uploads\/2025\/01\/songte-cylinder-head-with-all-kinds-excavator-models.webp\" alt=\"Imaginea chiulasei\"><\/p>\n<h3>Etan\u0219are \u0219i lubrifiere<\/h3>\n<p>Cilindrul bra\u021bului utilizeaz\u0103 diverse componente de etan\u0219are, cum ar fi etan\u0219\u0103rile pistonului \u0219i etan\u0219\u0103rile tijei, care ar trebui s\u0103 fie fabricate din materiale rezistente la uzur\u0103, cum ar fi poliuretanul \u0219i cauciucul nitrilic, pentru a asigura o durat\u0103 lung\u0103 de via\u021b\u0103. Corpul cilindrului \u0219i suprafa\u021ba cap\u0103tului filetat al cilindrului bra\u021bului trebuie s\u0103 fie supuse unor prelucr\u0103ri fine pentru a \u00eembun\u0103t\u0103\u021bi rezisten\u021ba la uzur\u0103 \u0219i rezisten\u021ba la coroziune. Trebuie ad\u0103ugat\u0103 \u00een mod regulat o cantitate adecvat\u0103 de ulei hidraulic pentru a asigura lubrifierea corect\u0103 a componentelor cilindrului.<\/p>\n<h3>Inspec\u021bie regulat\u0103 \u0219i m\u0103suri de \u00eentre\u021binere preventiv\u0103<\/h3>\n<ul>\n<li>Efectua\u021bi inspec\u021bii regulate pentru a detecta \u0219i corecta problemele din timp.<\/li>\n<li>\u00cenlocui\u021bi piesele uzate sau deteriorate \u00een timp util.<\/li>\n<li>Efectua\u021bi m\u0103suri de \u00eentre\u021binere preventiv\u0103, cum ar fi cur\u0103\u021barea \u0219i lubrifierea, pentru a prelungi durata de via\u021b\u0103 a cilindrului bra\u021bului.<\/li>\n<\/ul>\n<h3>Ghid de instalare<\/h3>\n<ul>\n<li>Asigura\u021bi-v\u0103 c\u0103 cilindrul bra\u021bului corespunde specifica\u021biilor utilajului.<\/li>\n<li>Cur\u0103\u021ba\u021bi \u0219i inspecta\u021bi toate componentele \u00eenainte de instalare.<\/li>\n<li>Instala\u021bi cilindrul bra\u021bului conform instruc\u021biunilor produc\u0103torului.<\/li>\n<li>Verifica\u021bi func\u021bionarea cilindrului bra\u021bului dup\u0103 instalare pentru a asigura buna func\u021bionare.<\/li>\n<\/ul>\n<p><img decoding=\"async\" src=\"https:\/\/www.hydraulic-cylinders.net\/wp-content\/uploads\/2025\/01\/songte-bushings-with-all-kinds-of-excavator-models.webp\" alt=\"Imagine buc\u0219e\"><\/p>\n<h3>Considera\u021bii de siguran\u021b\u0103 \u0219i factori de mediu<\/h3>\n<p>La utilizarea cilindrului bra\u021bului, trebuie luate m\u0103suri de siguran\u021b\u0103 pentru a preveni accidentele cauzate de presiune excesiv\u0103 sau func\u021bionare necorespunz\u0103toare. Factorii de mediu, cum ar fi temperatura \u0219i umiditatea, pot afecta performan\u021ba \u0219i durata de via\u021b\u0103 a cilindrului bra\u021bului, a\u0219adar acesta trebuie operat \u0219i depozitat \u00een condi\u021bii de mediu adecvate.<\/p>\n<h3>Depanare \u0219i probleme frecvente<\/h3>\n<ul>\n<li>Presiune sc\u0103zut\u0103: Verifica\u021bi dac\u0103 exist\u0103 scurgeri sau garnituri deteriorate \u0219i \u00eenlocui\u021bi-le.<\/li>\n<li>Cilindru blocat: Verifica\u021bi dac\u0103 exist\u0103 resturi sau rugin\u0103 \u00een cilindru \u0219i cur\u0103\u021ba\u021bi-l.<\/li>\n<li>Mi\u0219care lent\u0103: Verifica\u021bi dac\u0103 uleiul hidraulic nu este suficient \u0219i completa\u021bi-l.<\/li>\n<\/ul>\n<p>Dac\u0103 problema nu poate fi rezolvat\u0103, solicita\u021bi asisten\u021b\u0103 profesional\u0103 de la produc\u0103tor sau de la un tehnician autorizat.<\/p>\n<h3>Despre noi<\/h3>\n<p>Suntem un produc\u0103tor profesionist de cilindri hidraulici de schimb cu o gam\u0103 larg\u0103 de produse. Am devenit unul dintre principalii produc\u0103tori \u0219i distribuitori angro de cilindri hidraulici pe pie\u021bele interne \u0219i interna\u021bionale. Respect\u0103m \u00eentotdeauna principiul calit\u0103\u021bii excelente, ne baz\u0103m pe strategia industrializat\u0103 de management al produc\u021biei \u00eentr-un atelier de fabrica\u021bie rafinat \u0219i ne \u00eembun\u0103t\u0103\u021bim continuu nivelul tehnic \u0219i eficien\u021ba produc\u021biei. Prin introducerea de echipamente digitale de fabrica\u021bie de ultim\u0103 genera\u021bie \u0219i sisteme profesionale de testare, optimiz\u0103m constant platforma de fabrica\u021bie, \u00eembun\u0103t\u0103\u021bim procesul de control al calit\u0103\u021bii produselor \u0219i avem capacit\u0103\u021bi puternice de inovare. Scopul nostru este de a satisface nevoile diverse ale clien\u021bilor cu eficien\u021b\u0103 ridicat\u0103, precizie \u0219i calitate \u00eenalt\u0103.<\/p>\n<p><img decoding=\"async\" src=\"https:\/\/www.hydraulic-cylinders.net\/wp-content\/uploads\/2025\/01\/songte-company-4.webp\" alt=\"Imaginea companiei\"><br \/>\n<img decoding=\"async\" src=\"https:\/\/www.hydraulic-cylinders.net\/wp-content\/uploads\/2025\/01\/songte-company-3.webp\" alt=\"Imaginea companiei\"><\/p>\n<p>Compania noastr\u0103 are un puternic sim\u021b al profesionalismului \u0219i certific\u0103ri interna\u021bionale. De asemenea, oferim servicii personalizate, echipamente de produc\u021bie avansate \u0219i servicii post-v\u00e2nzare excelente pentru a asigura satisfac\u021bia clien\u021bilor.<\/p>\n<p>Autor: lyl.<\/p>","protected":false},"excerpt":{"rendered":"<p>Arm CylinderFor XCMG Small Excavator XE6OCA Definition and Explanation The arm cylinder is a specially designed hydraulic cylinder that provides linear motion and power to the arm of various machinery, such as excavators, cranes, and mechanical arms. The arm cylinder plays a crucial role in hydraulic systems, allowing attachments or accessories to move and be [&hellip;]<\/p>","protected":false},"featured_media":14777,"comment_status":"open","ping_status":"closed","template":"","meta":{"_et_pb_use_builder":"","_et_pb_old_content":"","_et_gb_content_width":""},"product_brand":[],"product_cat":[1497],"product_tag":[1498,1496],"class_list":{"0":"post-16388","1":"product","2":"type-product","3":"status-publish","4":"has-post-thumbnail","6":"product_cat-arm-cylinders","7":"product_tag-arm-cylinders","8":"product_tag-hydraulic-cylinders","10":"first","11":"instock","12":"shipping-taxable","13":"product-type-simple"},"amp_enabled":true,"_links":{"self":[{"href":"https:\/\/www.hydraulic-cylinders.net\/ro\/wp-json\/wp\/v2\/product\/16388","targetHints":{"allow":["GET"]}}],"collection":[{"href":"https:\/\/www.hydraulic-cylinders.net\/ro\/wp-json\/wp\/v2\/product"}],"about":[{"href":"https:\/\/www.hydraulic-cylinders.net\/ro\/wp-json\/wp\/v2\/types\/product"}],"replies":[{"embeddable":true,"href":"https:\/\/www.hydraulic-cylinders.net\/ro\/wp-json\/wp\/v2\/comments?post=16388"}],"wp:featuredmedia":[{"embeddable":true,"href":"https:\/\/www.hydraulic-cylinders.net\/ro\/wp-json\/wp\/v2\/media\/14777"}],"wp:attachment":[{"href":"https:\/\/www.hydraulic-cylinders.net\/ro\/wp-json\/wp\/v2\/media?parent=16388"}],"wp:term":[{"taxonomy":"product_brand","embeddable":true,"href":"https:\/\/www.hydraulic-cylinders.net\/ro\/wp-json\/wp\/v2\/product_brand?post=16388"},{"taxonomy":"product_cat","embeddable":true,"href":"https:\/\/www.hydraulic-cylinders.net\/ro\/wp-json\/wp\/v2\/product_cat?post=16388"},{"taxonomy":"product_tag","embeddable":true,"href":"https:\/\/www.hydraulic-cylinders.net\/ro\/wp-json\/wp\/v2\/product_tag?post=16388"}],"curies":[{"name":"wp","href":"https:\/\/api.w.org\/{rel}","templated":true}]}}