{"id":16406,"date":"2025-01-20T09:12:56","date_gmt":"2025-01-20T09:12:56","guid":{"rendered":"https:\/\/www.hydraulic-cylinders.net\/product\/arm-cylinderfor-xcmg-large-excavator-xe470ck\/"},"modified":"2025-01-20T09:12:58","modified_gmt":"2025-01-20T09:12:58","slug":"arm-cylinderfor-xcmg-large-excavator-xe470ck","status":"publish","type":"product","link":"https:\/\/www.hydraulic-cylinders.net\/ro\/produs\/arm-cylinderfor-xcmg-large-excavator-xe470ck\/","title":{"rendered":"Cilindru bra\u021b pentru excavatorul mare XCMG XE470CK"},"content":{"rendered":"<p>Cilindru de bra\u021b pentru excavatorul mare XCMG XE470CK<\/p>\n<p>Cilindrul de bra\u021b este un cilindru hidraulic special conceput, utilizat \u00een principal pentru a oferi mi\u0219care liniar\u0103 \u0219i putere bra\u021bului diferitelor tipuri de utilaje, cum ar fi excavatoare, macarale \u0219i bra\u021be robotizate. Cilindrul de bra\u021b joac\u0103 un rol crucial \u00een sistemele hidraulice, permi\u021b\u00e2nd sculelor sau accesoriilor ata\u0219ate s\u0103 se mi\u0219te \u0219i s\u0103 fie controlate eficient. Ace\u0219ti cilindri nu numai c\u0103 ofer\u0103 o mi\u0219care lin\u0103, dar pot rezista \u0219i la sarcini grele, asigur\u00e2nd func\u021bionarea eficient\u0103 \u0219i fiabilitatea utilajelor \u00een diverse condi\u021bii de lucru.<\/p>\n<div>\n    <img decoding=\"async\" src=\"https:\/\/www.hydraulic-cylinders.net\/wp-content\/uploads\/2025\/01\/songte-company-2.webp\" alt=\"Cilindru de bra\u021b pentru excavatorul mare XCMG XE470CK\">\n<\/div>\n<p>Caracteristici:<\/p>\n<h2>Transmisie eficient\u0103 a puterii<\/h2>\n<p>Cilindrul bra\u021bului poate oferi o mi\u0219care liniar\u0103 puternic\u0103 \u0219i o for\u021b\u0103, asigur\u00e2nd performan\u021be de \u00eenalt\u0103 eficien\u021b\u0103 ale bra\u021bului robotic \u00een diverse opera\u021biuni.<\/p>\n<h2>Control precis<\/h2>\n<p>Prin intermediul sistemului hidraulic, cilindrul bra\u021bului poate realiza un control precis al mi\u0219c\u0103rii, f\u0103c\u00e2nd func\u021bionarea uneltelor ata\u0219ate mai flexibil\u0103 \u0219i precis\u0103.<\/p>\n<h2>Durabil<\/h2>\n<p>Cilindrii bra\u021bului sunt de obicei fabrica\u021bi din materiale de \u00eenalt\u0103 rezisten\u021b\u0103, cu o bun\u0103 rezisten\u021b\u0103 la uzur\u0103 \u0219i coroziune, potrivi\u021bi pentru utilizare pe termen lung \u00een medii dure.<\/p>\n<h2>Adaptabilitate multifunc\u021bional\u0103<\/h2>\n<p>Ace\u0219ti cilindri pot fi utiliza\u021bi pe scar\u0103 larg\u0103 \u00een diverse tipuri de utilaje, cum ar fi excavatoare, macarale \u0219i bra\u021be robotizate, pentru a se adapta la diferite cerin\u021be de lucru.<\/p>\n<h2>\u00centre\u021binere u\u0219oar\u0103<\/h2>\n<p>Concepu\u021bi pentru \u00eentre\u021binere \u0219i \u00eenlocuire u\u0219oar\u0103, cilindrii fac inspec\u021biile \u0219i \u00eentre\u021binerea regulat\u0103 mai convenabile, reduc\u00e2nd timpul de nefunc\u021bionare a echipamentelor.<\/p>\n<div>\n    <img decoding=\"async\" src=\"https:\/\/www.hydraulic-cylinders.net\/wp-content\/uploads\/2025\/01\/songte-oil-pipes-and-spare-parts.webp\" alt=\"Conducte de petrol \u0219i piese de schimb\">\n<\/div>\n<p>Aplica\u021bii:<\/p>\n<h2>Inginerie de construc\u021bii<\/h2>\n<p>\u00cen excavatoare \u0219i macarale, cilindrul bra\u021bului este utilizat pentru a controla mi\u0219carea cupei sau a bra\u021bului, pentru lucr\u0103ri de terasament, manipularea materialelor \u0219i instalarea structural\u0103.<\/p>\n<h2>Fabrica\u021bie<\/h2>\n<p>\u00cen liniile de produc\u021bie automatizate, cilindrul bra\u021bului este utilizat pentru mi\u0219carea bra\u021belor robotizate, pentru procesele de asamblare, sudare \u0219i manipulare a materialelor, pentru a \u00eembun\u0103t\u0103\u021bi eficien\u021ba \u0219i precizia produc\u021biei.<\/p>\n<h2>Ma\u0219ini agricole<\/h2>\n<p>\u00cen utilajele agricole, cum ar fi combinele de recoltat \u0219i sem\u0103n\u0103toarele, cilindrul bra\u021bului controleaz\u0103 mi\u0219carea bra\u021bului de operare pentru a efectua sarcini precum sem\u0103natul, fertilizarea \u0219i recoltarea.<\/p>\n<h2>Minerit<\/h2>\n<p>\u00cen echipamentele miniere, cilindrul bra\u021bului este utilizat pentru a controla mi\u0219carea bra\u021bului utilajelor miniere, pentru minerit \u0219i manipularea materialelor.<\/p>\n<h2>Logistic\u0103 \u0219i transporturi<\/h2>\n<p>La stivuitoarele \u0219i robo\u021bii de manipulare, cilindrul bra\u021bului controleaz\u0103 ridicarea \u0219i mi\u0219carea furcilor de marf\u0103, pentru a realiza manipularea \u0219i stivuirea materialelor.<\/p>\n<div>\n    <img decoding=\"async\" src=\"https:\/\/www.hydraulic-cylinders.net\/wp-content\/uploads\/2025\/01\/songte-cylinder-head-with-all-kinds-excavator-models.webp\" alt=\"Chiulas\u0103 cu toate tipurile de modele de excavatoare\">\n<\/div>\n<p>Considera\u021bii de proiectare \u0219i criterii de selec\u021bie:<\/p>\n<h2>Capacitate portant\u0103<\/h2>\n<p>Cilindrul bra\u021bului trebuie proiectat s\u0103 suporte sarcina maxim\u0103 pe care o poate gestiona utilajul, pentru a asigura o func\u021bionare sigur\u0103 \u0219i eficient\u0103.<\/p>\n<h2>Performan\u021ba de etan\u0219are<\/h2>\n<p>Diverse componente de etan\u0219are, cum ar fi etan\u0219\u0103rile pistonului \u0219i etan\u0219\u0103rile tijei, ar trebui utilizate pentru a preveni scurgerile de ulei hidraulic, pentru a asigura func\u021bionarea normal\u0103 a utilajelor.<\/p>\n<h2>Durabilitate<\/h2>\n<p>Cilindrul trebuie s\u0103 fie fabricat din materiale de \u00eenalt\u0103 rezisten\u021b\u0103, cu o bun\u0103 rezisten\u021b\u0103 la uzur\u0103 \u0219i coroziune, pentru a asigura utilizarea pe termen lung \u00een medii dure.<\/p>\n<h2>Siguran\u0163\u0103<\/h2>\n<p>Cilindrul trebuie s\u0103 fie echipat cu dispozitive de siguran\u021b\u0103, cum ar fi supape de protec\u021bie la suprasarcin\u0103 \u0219i supape de oprire de urgen\u021b\u0103, pentru a preveni accidentele \u0219i a asigura o func\u021bionare \u00een siguran\u021b\u0103.<\/p>\n<h2>Mentenabilitate<\/h2>\n<p>Proiectarea cilindrului trebuie luat\u0103 \u00een considerare pentru o \u00eentre\u021binere \u0219i o \u00eenlocuire u\u0219oar\u0103 a pieselor, pentru a minimiza timpii de nefunc\u021bionare \u0219i costurile de \u00eentre\u021binere.<\/p>\n<div>\n    <img decoding=\"async\" src=\"https:\/\/www.hydraulic-cylinders.net\/wp-content\/uploads\/2025\/01\/songte-chushion-collar.webp\" alt=\"Guler Chushion\">\n<\/div>\n<p>Etan\u0219are \u0219i lubrifiere:<\/p>\n<p>Diverse tipuri de componente de etan\u0219are, cum ar fi etan\u0219\u0103rile pistonului \u0219i etan\u0219\u0103rile tijei, ar trebui utilizate pentru a preveni scurgerile de ulei hidraulic, care pot duce la performan\u021be reduse ale utilajelor. Componentele de etan\u0219are ar trebui s\u0103 fie fabricate din materiale rezistente la uzur\u0103, cum ar fi poliuretanul \u0219i cauciucul nitrilic, pentru a asigura performan\u021be de lung\u0103 durat\u0103. Corpul cilindrului \u0219i suprafe\u021bele filetate ale cap\u0103tului trebuie prelucrate fin pentru a \u00eembun\u0103t\u0103\u021bi rezisten\u021ba la uzur\u0103. Cilindrul trebuie umplut cu ulei hidraulic adecvat pentru lubrifiere \u0219i r\u0103cire, iar uleiul trebuie verificat \u0219i \u00eenlocuit periodic, dup\u0103 cum este necesar.<\/p>\n<p>\u00centre\u021binere \u0219i precau\u021bii:<\/p>\n<h2>Inspec\u021bie regulat\u0103<\/h2>\n<p>Cilindrul bra\u021bului trebuie inspectat periodic pentru a depista orice semne de uzur\u0103 sau deteriorare, iar orice repara\u021bii sau \u00eenlocuiri necesare trebuie efectuate prompt, pentru a asigura func\u021bionarea normal\u0103 a utilajului.<\/p>\n<h2>\u00centre\u021binere preventiv\u0103<\/h2>\n<p>Pentru a preveni poten\u021bialele probleme \u0219i a prelungi durata de via\u021b\u0103 a cilindrului bra\u021bului, trebuie efectuate sarcini de \u00eentre\u021binere regulate, cum ar fi cur\u0103\u021barea, lubrifierea \u0219i str\u00e2ngerea \u0219uruburilor.<\/p>\n<h2>Instalare corect\u0103<\/h2>\n<p>Cilindrul bra\u021bului trebuie instalat corect, \u00een conformitate cu instruc\u021biunile produc\u0103torului \u0219i cu reglement\u0103rile de siguran\u021b\u0103 relevante, pentru a asigura o func\u021bionare sigur\u0103 \u0219i fiabil\u0103.<\/p>\n<div>\n    <img decoding=\"async\" src=\"https:\/\/www.hydraulic-cylinders.net\/wp-content\/uploads\/2025\/01\/songte-bushings-with-all-kinds-of-excavator-models.webp\" alt=\"Buc\u0219e cu toate tipurile de modele de excavatoare\">\n<\/div>\n<p>Considera\u021bii de siguran\u021b\u0103 \u0219i factori de mediu:<\/p>\n<p>Atunci c\u00e2nd se utilizeaz\u0103 cilindri de bra\u021b, este important s\u0103 se respecte reglement\u0103rile \u0219i procedurile de siguran\u021b\u0103 relevante, cum ar fi asigurarea c\u0103 utilajele sunt \u00eentre\u021binute \u0219i operate corespunz\u0103tor \u0219i c\u0103 dispozitivele de siguran\u021b\u0103 sunt instalate \u0219i func\u021bioneaz\u0103 corect. De asemenea, trebuie lua\u021bi \u00een considerare factorii de mediu, cum ar fi temperatura \u0219i umiditatea, deoarece ace\u0219tia pot afecta performan\u021ba sistemului hidraulic \u0219i a cilindrului de bra\u021b.<\/p>\n<p>Diagnosticarea defec\u021biunilor \u0219i probleme frecvente:<\/p>\n<p>Problemele frecvente ale cilindrilor bra\u021bului includ scurgeri de ulei hidraulic, putere insuficient\u0103 \u0219i zgomot anormal. Aceste probleme pot fi diagnosticate prin verificarea sistemului hidraulic \u0219i a cilindrului \u00een sine, precum \u0219i prin efectuarea de teste \u0219i inspec\u021bii. Solu\u021biile la aceste probleme pot include repararea sau \u00eenlocuirea pieselor, reglarea sistemului hidraulic sau modificarea condi\u021biilor de func\u021bionare.<\/p>\n<div>\n    <img decoding=\"async\" src=\"https:\/\/www.hydraulic-cylinders.net\/wp-content\/uploads\/2025\/01\/songte-company-4.webp\" alt=\"Compania Songte\">\n<\/div>\n<p>Suntem un produc\u0103tor \u0219i furnizor profesionist de cilindri hidraulici, oferind o gam\u0103 larg\u0103 de produse, ceea ce ne-a f\u0103cut s\u0103 devenim unul dintre principalii produc\u0103tori \u0219i distribuitori angro de cilindri hidraulici pe pie\u021bele interne \u0219i interna\u021bionale. Respect\u0103m \u00eentotdeauna principiul calit\u0103\u021bii excelente, ne baz\u0103m pe strategii industrializate de management al produc\u021biei \u00een ateliere de fabrica\u021bie rafinate \u0219i ne \u00eembun\u0103t\u0103\u021bim continuu nivelul tehnic \u0219i eficien\u021ba produc\u021biei. Prin introducerea de echipamente digitale de fabrica\u021bie de ultim\u0103 genera\u021bie \u0219i sisteme profesionale de testare, optimiz\u0103m continuu platforma de fabrica\u021bie, \u00eembun\u0103t\u0103\u021bim procesele de control al calit\u0103\u021bii produselor \u0219i avem capacit\u0103\u021bi puternice de inovare. Scopul nostru este de a satisface nevoile diverse ale clien\u021bilor cu eficien\u021b\u0103 ridicat\u0103, precizie \u0219i principii de \u00eenalt\u0103 calitate.<\/p>\n<p>Compania noastr\u0103 ofer\u0103 servicii profesionale, inclusiv certific\u0103ri interna\u021bionale, servicii personalizate, echipamente de produc\u021bie \u0219i servicii post-v\u00e2nzare. Avem o echip\u0103 de profesioni\u0219ti cu experien\u021b\u0103 care pot personaliza cilindrii hidraulici pentru a satisface diferitele nevoi ale clien\u021bilor \u0219i pot oferi servicii post-v\u00e2nzare complete. Dispunem de echipamente de produc\u021bie avansate \u0219i de un sistem complet de control al calit\u0103\u021bii pentru a asigura calitatea \u0219i stabilitatea produsului.<\/p>\n<div>\n    <img decoding=\"async\" src=\"https:\/\/www.hydraulic-cylinders.net\/wp-content\/uploads\/2025\/01\/songte-company-3.webp\" alt=\"Compania Songte 3\">\n<\/div>\n<p>Autor: lyl<\/p>","protected":false},"excerpt":{"rendered":"<p>Arm Cylinder for XCMG Large Excavator XE470CK Arm cylinder is a specially designed hydraulic cylinder that is primarily used to provide linear motion and power to the arm of various types of machinery, such as excavators, cranes, and robotic arms. The arm cylinder plays a crucial role in hydraulic systems, allowing the attached tools or [&hellip;]<\/p>","protected":false},"featured_media":14783,"comment_status":"open","ping_status":"closed","template":"","meta":{"_et_pb_use_builder":"","_et_pb_old_content":"","_et_gb_content_width":""},"product_brand":[],"product_cat":[1497],"product_tag":[1498,1496],"class_list":{"0":"post-16406","1":"product","2":"type-product","3":"status-publish","4":"has-post-thumbnail","6":"product_cat-arm-cylinders","7":"product_tag-arm-cylinders","8":"product_tag-hydraulic-cylinders","10":"first","11":"instock","12":"shipping-taxable","13":"product-type-simple"},"amp_enabled":true,"_links":{"self":[{"href":"https:\/\/www.hydraulic-cylinders.net\/ro\/wp-json\/wp\/v2\/product\/16406","targetHints":{"allow":["GET"]}}],"collection":[{"href":"https:\/\/www.hydraulic-cylinders.net\/ro\/wp-json\/wp\/v2\/product"}],"about":[{"href":"https:\/\/www.hydraulic-cylinders.net\/ro\/wp-json\/wp\/v2\/types\/product"}],"replies":[{"embeddable":true,"href":"https:\/\/www.hydraulic-cylinders.net\/ro\/wp-json\/wp\/v2\/comments?post=16406"}],"wp:featuredmedia":[{"embeddable":true,"href":"https:\/\/www.hydraulic-cylinders.net\/ro\/wp-json\/wp\/v2\/media\/14783"}],"wp:attachment":[{"href":"https:\/\/www.hydraulic-cylinders.net\/ro\/wp-json\/wp\/v2\/media?parent=16406"}],"wp:term":[{"taxonomy":"product_brand","embeddable":true,"href":"https:\/\/www.hydraulic-cylinders.net\/ro\/wp-json\/wp\/v2\/product_brand?post=16406"},{"taxonomy":"product_cat","embeddable":true,"href":"https:\/\/www.hydraulic-cylinders.net\/ro\/wp-json\/wp\/v2\/product_cat?post=16406"},{"taxonomy":"product_tag","embeddable":true,"href":"https:\/\/www.hydraulic-cylinders.net\/ro\/wp-json\/wp\/v2\/product_tag?post=16406"}],"curies":[{"name":"wp","href":"https:\/\/api.w.org\/{rel}","templated":true}]}}