{"id":16424,"date":"2025-01-20T09:14:29","date_gmt":"2025-01-20T09:14:29","guid":{"rendered":"https:\/\/www.hydraulic-cylinders.net\/product\/arm-cylinderfor-zoomlion-middle-excavator-ze205e\/"},"modified":"2025-01-20T09:14:31","modified_gmt":"2025-01-20T09:14:31","slug":"arm-cylinderfor-zoomlion-middle-excavator-ze205e","status":"publish","type":"product","link":"https:\/\/www.hydraulic-cylinders.net\/ro\/produs\/arm-cylinderfor-zoomlion-middle-excavator-ze205e\/","title":{"rendered":"Cilindru bra\u021b pentru excavatorul Zoomlion ZE205E"},"content":{"rendered":"<h2>Cilindru bra\u021b pentru excavatorul Zoomlion ZE205E<\/h2>\n<p>Cilindrul hidraulic este un cilindru hidraulic special conceput care ofer\u0103 mi\u0219care liniar\u0103 \u0219i putere bra\u021bului diverselor utilaje, cum ar fi excavatoare, macarale \u0219i bra\u021be robotizate. Acesta joac\u0103 un rol crucial \u00een sistemele hidraulice, permi\u021b\u00e2nd mi\u0219carea \u0219i controlul eficient al ata\u0219amentelor sau accesoriilor. Ace\u0219ti cilindri nu numai c\u0103 permit o mi\u0219care lin\u0103, dar rezist\u0103 \u0219i la sarcini grele, asigur\u00e2nd func\u021bionarea eficient\u0103 \u0219i fiabilitatea utilajelor \u00een diverse condi\u021bii de lucru.<\/p>\n<p><img decoding=\"async\" src=\"https:\/\/www.hydraulic-cylinders.net\/wp-content\/uploads\/2025\/01\/songte-company-2.webp\"><\/p>\n<h3>Caracteristicile cilindrului bra\u021bului<\/h3>\n<ol>\n<li>Transmisie de putere de \u00eenalt\u0103 eficien\u021b\u0103: Cilindrul bra\u021bului ofer\u0103 o mi\u0219care liniar\u0103 \u0219i o for\u021b\u0103 puternice, asigur\u00e2nd capacit\u0103\u021bi de \u00eenalt\u0103 performan\u021b\u0103 pentru bra\u021bul robotic \u00een diverse opera\u021biuni.<\/li>\n<li>Control precis: Prin intermediul sistemului hidraulic, cilindrul bra\u021bului permite un control precis al mi\u0219c\u0103rii, ceea ce face ca func\u021bionarea ata\u0219amentelor s\u0103 fie mai flexibil\u0103 \u0219i mai precis\u0103.<\/li>\n<li>Durabilitate ridicat\u0103: Cilindrii bra\u021bului sunt de obicei fabrica\u021bi din materiale de \u00eenalt\u0103 rezisten\u021b\u0103, oferind o rezisten\u021b\u0103 excelent\u0103 la uzur\u0103 \u0219i coroziune, potrivi\u021bi pentru utilizare pe termen lung \u00een medii dure.<\/li>\n<li>Adaptabilitate multifunc\u021bional\u0103: Ace\u0219ti cilindri pot fi utiliza\u021bi pe scar\u0103 larg\u0103 \u00een diverse utilaje, cum ar fi excavatoare, macarale \u0219i bra\u021be robotizate, adapt\u00e2ndu-se la diferite cerin\u021be de lucru.<\/li>\n<li>\u00centre\u021binere u\u0219oar\u0103: Designul ia \u00een considerare u\u0219urin\u021ba \u00eentre\u021binerii \u0219i \u00eenlocuirii, facilit\u00e2nd inspec\u021biile \u0219i service-ul regulat \u0219i reduc\u00e2nd timpul de nefunc\u021bionare a echipamentelor.<\/li>\n<\/ol>\n<p><img decoding=\"async\" src=\"https:\/\/www.hydraulic-cylinders.net\/wp-content\/uploads\/2025\/01\/songte-oil-pipes-and-spare-parts.webp\"><\/p>\n<h3>Aplica\u021bii ale cilindrului bra\u021bului<\/h3>\n<p>Cilindrul cu bra\u021b \u00ee\u0219i g\u0103se\u0219te aplica\u021bii \u00een diverse domenii:<\/p>\n<ol>\n<li>Inginerie de construc\u021bii: La excavatoare \u0219i macarale, cilindrul bra\u021bului controleaz\u0103 mi\u0219carea cupei sau a bra\u021bului pentru lucr\u0103ri de terasament, manipularea materialelor \u0219i instalarea structural\u0103.<\/li>\n<li>Industria prelucr\u0103toare: \u00cen liniile de produc\u021bie automatizate, cilindrul bra\u021bului faciliteaz\u0103 mi\u0219carea bra\u021belor robotizate pentru asamblare, sudare \u0219i manipulare a materialelor, \u00eembun\u0103t\u0103\u021bind eficien\u021ba \u0219i precizia produc\u021biei.<\/li>\n<li>Ma\u0219ini agricole: \u00cen echipamentele agricole, cum ar fi combinele de recoltat \u0219i sem\u0103n\u0103toarele, cilindrul bra\u021bului controleaz\u0103 mi\u0219carea bra\u021belor de operare pentru sarcini precum sem\u0103natul, fertilizarea \u0219i recoltarea.<\/li>\n<li>Minerit: \u00cen echipamentele miniere, cilindrul bra\u021bului controleaz\u0103 mi\u0219carea bra\u021bului pentru extrac\u021bia \u0219i transportul minereului.<\/li>\n<li>Logistic\u0103 \u0219i transport: La stivuitoarele \u0219i robo\u021bii de manipulare, cilindrul bra\u021bului controleaz\u0103 ridicarea \u0219i mi\u0219carea furcilor, permi\u021b\u00e2nd manipularea \u0219i stivuirea materialelor.<\/li>\n<\/ol>\n<h3>Considera\u021bii de proiectare \u0219i criterii de selec\u021bie<\/h3>\n<p>La proiectarea \u0219i selectarea cilindrilor bra\u021bului, trebuie lua\u021bi \u00een considerare diver\u0219i factori:<\/p>\n<ol>\n<li>Capacitate portant\u0103: Cilindrul trebuie s\u0103 poat\u0103 suporta sarcinile preconizate f\u0103r\u0103 a se defecta.<\/li>\n<li>Etan\u0219are: Pentru a asigura o etan\u0219are corect\u0103 \u0219i a preveni scurgerile, trebuie utilizate diverse elemente de etan\u0219are, cum ar fi etan\u0219\u0103rile pistonului \u0219i etan\u0219\u0103rile tijei.<\/li>\n<li>Durabilitate: Corpul cilindrului \u0219i capetele filetate trebuie prelucrate fin pentru a \u00eembun\u0103t\u0103\u021bi rezisten\u021ba la uzur\u0103.<\/li>\n<li>Siguran\u021b\u0103: Trebuie \u00eencorporate dispozitive de siguran\u021b\u0103, cum ar fi supapele de suprapresiune, pentru a preveni supra\u00eenc\u0103rcarea \u0219i a asigura siguran\u021ba operatorului.<\/li>\n<li>\u00centre\u021binere: Trebuie luate \u00een considerare accesul facil pentru \u00eentre\u021binere \u0219i lubrifierea regulat\u0103, reduc\u00e2nd timpul de nefunc\u021bionare \u0219i prelungind durata de via\u021b\u0103 a cilindrului.<\/li>\n<\/ol>\n<p><img decoding=\"async\" src=\"https:\/\/www.hydraulic-cylinders.net\/wp-content\/uploads\/2025\/01\/songte-cylinder-head-with-all-kinds-excavator-models.webp\"><\/p>\n<h3>Etan\u0219are \u0219i lubrifiere<\/h3>\n<p>Cilindrul bra\u021bului utilizeaz\u0103 diverse garnituri, cum ar fi garnituri de piston \u0219i garnituri de tij\u0103, fabricate din materiale rezistente la uzur\u0103, precum poliuretanul \u0219i cauciucul nitrilic. Corpul cilindrului \u0219i capetele filetate sunt supuse unui tratament meticulos pentru a spori rezisten\u021ba la uzur\u0103. Lubrifierea regulat\u0103 cu ulei hidraulic adecvat este necesar\u0103 pentru a asigura o func\u021bionare lin\u0103 \u0219i a reduce frecarea.<\/p>\n<h3>Inspec\u021bie regulat\u0103 \u0219i m\u0103suri de \u00eentre\u021binere preventiv\u0103<\/h3>\n<p>Pentru a men\u021bine performan\u021be optime, inspec\u021biile regulate \u0219i \u00eentre\u021binerea preventiv\u0103 sunt esen\u021biale:<\/p>\n<ol>\n<li>Verifica\u021bi garniturile \u0219i \u00eenlocui\u021bi-le dac\u0103 sunt uzate sau deteriorate.<\/li>\n<li>Verifica\u021bi dac\u0103 exist\u0103 scurgeri \u0219i repara\u021bi imediat orice scurgere.<\/li>\n<li>Inspecta\u021bi corpul cilindrului pentru a depista semne de uzur\u0103 sau coroziune.<\/li>\n<li>Asigura\u021bi lubrifierea corespunz\u0103toare a tuturor pieselor mobile.<\/li>\n<li>Str\u00e2nge\u021bi orice conexiuni sl\u0103bite.<\/li>\n<\/ol>\n<h3>Ghid de instalare a produsului<\/h3>\n<p>Instalarea corect\u0103 este crucial\u0103 pentru performan\u021ba \u0219i longevitatea cilindrului bra\u021bului. Urma\u021bi ace\u0219ti pa\u0219i:<\/p>\n<ol>\n<li>Asigura\u021bi-v\u0103 c\u0103 suprafa\u021ba de montare este curat\u0103 \u0219i f\u0103r\u0103 resturi.<\/li>\n<li>Alinia\u021bi cilindrul cu orificiile de montare \u0219i fixa\u021bi-l cu \u0219uruburile corespunz\u0103toare.<\/li>\n<li>Conecta\u021bi furtunurile sau \u021bevile hidraulice la orificiile cilindrului.<\/li>\n<li>Verifica\u021bi dac\u0103 exist\u0103 scurgeri \u0219i str\u00e2nge\u021bi conexiunile dac\u0103 este necesar.<\/li>\n<li>Testa\u021bi func\u021bionarea cilindrului pentru a asigura buna func\u021bionare.<\/li>\n<\/ol>\n<p><img decoding=\"async\" src=\"https:\/\/www.hydraulic-cylinders.net\/wp-content\/uploads\/2025\/01\/songte-bushings-with-all-kinds-of-excavator-models.webp\"><\/p>\n<h3>Considera\u021bii de siguran\u021b\u0103 \u0219i factori de mediu<\/h3>\n<p>Atunci c\u00e2nd se utilizeaz\u0103 cilindrul bra\u021bului, respectarea m\u0103surilor de siguran\u021b\u0103 este crucial\u0103 pentru prevenirea accidentelor \u0219i asigurarea bun\u0103st\u0103rii operatorului. Instruirea adecvat\u0103 \u0219i respectarea instruc\u021biunilor de siguran\u021b\u0103 sunt esen\u021biale pentru atenuarea riscurilor. \u00cen plus, luarea \u00een considerare a factorilor de mediu \u0219i respectarea reglement\u0103rilor relevante contribuie la o func\u021bionare durabil\u0103 \u0219i responsabil\u0103.<\/p>\n<h3>Diagnosticarea defec\u021biunilor \u0219i probleme frecvente<\/h3>\n<p>Problemele frecvente care pot ap\u0103rea cu cilindrii bra\u021bului includ:<\/p>\n<ol>\n<li>Scurgeri: Verifica\u021bi garniturile \u0219i conexiunile pentru scurgeri \u0219i \u00eenlocui\u021bi garniturile uzate.<\/li>\n<li>Mi\u0219care lent\u0103 sau sacadat\u0103: Verifica\u021bi nivelurile fluidului hidraulic, verifica\u021bi dac\u0103 exist\u0103 blocaje \u0219i asigura\u021bi o lubrifiere corespunz\u0103toare.<\/li>\n<li>Pierdere de putere: Verifica\u021bi presiunea hidraulic\u0103, inspecta\u021bi supapele \u0219i asigura\u021bi-v\u0103 c\u0103 cilindrul este conectat corect.<\/li>\n<\/ol>\n<p>Pentru depanarea acestor probleme, lua\u021bi \u00een considerare urm\u0103torii pa\u0219i:<\/p>\n<ol>\n<li>Consulta\u021bi documenta\u021bia produc\u0103torului pentru proceduri specifice de depanare.<\/li>\n<li>Verifica\u021bi toate componentele relevante pentru a depista deterior\u0103ri sau defec\u021biuni.<\/li>\n<li>Efectua\u021bi teste \u0219i m\u0103sur\u0103tori pentru a identifica cauza principal\u0103 a problemei.<\/li>\n<li>Consulta\u021bi exper\u021bi \u00een hidraulic\u0103 sau solicita\u021bi asisten\u021b\u0103 profesional\u0103, dac\u0103 este necesar.<\/li>\n<li>Implementa\u021bi solu\u021bii adecvate pentru a rezolva problema \u0219i a preveni apari\u021bia ei \u00een viitor.<\/li>\n<\/ol>\n<p><img decoding=\"async\" src=\"https:\/\/www.hydraulic-cylinders.net\/wp-content\/uploads\/2025\/01\/songte-chushion-collar.webp\"><\/p>\n<p>Nu uita s\u0103 organizezi articolul logic, folosind subtitluri pentru o navigare u\u0219oar\u0103. Include imagini sau grafice relevante pentru a \u00eembun\u0103t\u0103\u021bi \u00een\u021belegerea. Asigur\u0103-te c\u0103 con\u021binutul este clar, concis \u0219i potrivit pentru cititorii cu diferite niveluri de cuno\u0219tin\u021be tehnice.<\/p>\n<p>Autor: lyl<\/p>\n<hr>\n<h2>Despre compania noastr\u0103<\/h2>\n<p>Suntem un produc\u0103tor profesionist de cilindri hidraulici de schimb, oferind o gam\u0103 larg\u0103 de produse. Am devenit unul dintre principalii produc\u0103tori \u0219i angrosi\u0219ti \u200b\u200bde cilindri hidraulici pe pie\u021bele interne \u0219i interna\u021bionale. Ghida\u021bi de principiul excelen\u021bei, ne \u00eembun\u0103t\u0103\u021bim constant expertiza tehnic\u0103 \u0219i eficien\u021ba produc\u021biei prin ateliere de fabrica\u021bie de \u00eenalt\u0103 calitate \u0219i strategii de management al produc\u021biei industriale. Prin introducerea de echipamente digitale avansate de fabrica\u021bie \u0219i sisteme profesionale de testare, optimiz\u0103m platforma noastr\u0103 de fabrica\u021bie \u0219i \u00eembun\u0103t\u0103\u021bim procesele de control al calit\u0103\u021bii produselor, demonstr\u00e2nd capacit\u0103\u021bi puternice de inovare. Scopul nostru este de a satisface diversele cerin\u021be ale clien\u021bilor cu eficien\u021b\u0103, precizie \u0219i produse de \u00eenalt\u0103 calitate.<\/p>\n<p><img decoding=\"async\" src=\"https:\/\/www.hydraulic-cylinders.net\/wp-content\/uploads\/2025\/01\/songte-company-4.webp\"><br \/>\n<img decoding=\"async\" src=\"https:\/\/www.hydraulic-cylinders.net\/wp-content\/uploads\/2025\/01\/songte-company-3.webp\"><\/p>\n<p>Compania noastr\u0103 se remarc\u0103 \u00een industrie datorit\u0103 urm\u0103toarelor aspecte:<\/p>\n<ol>\n<li>Profesionalism: Avem o echip\u0103 de exper\u021bi cu cuno\u0219tin\u021be \u0219i experien\u021b\u0103 vaste \u00een fabricarea \u0219i proiectarea cilindrilor hidraulici.<\/li>\n<li>Certific\u0103ri interna\u021bionale: Produsele noastre \u00eendeplinesc standardele interna\u021bionale de calitate \u0219i siguran\u021b\u0103, asigur\u00e2nd fiabilitatea \u0219i satisfac\u021bia clien\u021bilor.<\/li>\n<li>Servicii de personalizare: Oferim solu\u021bii personalizate pentru a satisface cerin\u021bele specifice ale clien\u021bilor, oferind flexibilitate \u0219i servicii superioare pentru clien\u021bi.<\/li>\n<li>Echipamente de produc\u021bie avansate: Folosim echipamente de fabrica\u021bie de ultim\u0103 genera\u021bie pentru a asigura precizia \u0219i eficien\u021ba \u00een procesele noastre de produc\u021bie.<\/li>\n<li>Serviciu post-v\u00e2nzare: Oferim asisten\u021b\u0103 post-v\u00e2nzare complet\u0103, inclusiv asisten\u021b\u0103 tehnic\u0103, \u00eendrum\u0103ri pentru \u00eentre\u021binere \u0219i r\u0103spuns prompt la solicit\u0103rile clien\u021bilor.<\/li>","protected":false},"excerpt":{"rendered":"<p>Arm Cylinder For Zoomlion Middle Excavator ZE205E Arm Cylinder is a specially designed hydraulic cylinder that provides linear motion and power for the arm of various machinery, such as excavators, cranes, and robotic arms. It plays a crucial role in hydraulic systems, allowing for efficient movement and control of attachments or accessories. These cylinders not [&hellip;]<\/p>","protected":false},"featured_media":14759,"comment_status":"open","ping_status":"closed","template":"","meta":{"_et_pb_use_builder":"","_et_pb_old_content":"","_et_gb_content_width":""},"product_brand":[],"product_cat":[1497],"product_tag":[1498,1496],"class_list":{"0":"post-16424","1":"product","2":"type-product","3":"status-publish","4":"has-post-thumbnail","6":"product_cat-arm-cylinders","7":"product_tag-arm-cylinders","8":"product_tag-hydraulic-cylinders","10":"first","11":"instock","12":"shipping-taxable","13":"product-type-simple"},"amp_enabled":true,"_links":{"self":[{"href":"https:\/\/www.hydraulic-cylinders.net\/ro\/wp-json\/wp\/v2\/product\/16424","targetHints":{"allow":["GET"]}}],"collection":[{"href":"https:\/\/www.hydraulic-cylinders.net\/ro\/wp-json\/wp\/v2\/product"}],"about":[{"href":"https:\/\/www.hydraulic-cylinders.net\/ro\/wp-json\/wp\/v2\/types\/product"}],"replies":[{"embeddable":true,"href":"https:\/\/www.hydraulic-cylinders.net\/ro\/wp-json\/wp\/v2\/comments?post=16424"}],"wp:featuredmedia":[{"embeddable":true,"href":"https:\/\/www.hydraulic-cylinders.net\/ro\/wp-json\/wp\/v2\/media\/14759"}],"wp:attachment":[{"href":"https:\/\/www.hydraulic-cylinders.net\/ro\/wp-json\/wp\/v2\/media?parent=16424"}],"wp:term":[{"taxonomy":"product_brand","embeddable":true,"href":"https:\/\/www.hydraulic-cylinders.net\/ro\/wp-json\/wp\/v2\/product_brand?post=16424"},{"taxonomy":"product_cat","embeddable":true,"href":"https:\/\/www.hydraulic-cylinders.net\/ro\/wp-json\/wp\/v2\/product_cat?post=16424"},{"taxonomy":"product_tag","embeddable":true,"href":"https:\/\/www.hydraulic-cylinders.net\/ro\/wp-json\/wp\/v2\/product_tag?post=16424"}],"curies":[{"name":"wp","href":"https:\/\/api.w.org\/{rel}","templated":true}]}}