{"id":16428,"date":"2025-01-20T09:14:50","date_gmt":"2025-01-20T09:14:50","guid":{"rendered":"https:\/\/www.hydraulic-cylinders.net\/product\/arm-cylinderfor-zoomlion-middle-excavator-ze260e\/"},"modified":"2025-01-20T09:14:52","modified_gmt":"2025-01-20T09:14:52","slug":"arm-cylinderfor-zoomlion-middle-excavator-ze260e","status":"publish","type":"product","link":"https:\/\/www.hydraulic-cylinders.net\/ro\/produs\/arm-cylinderfor-zoomlion-middle-excavator-ze260e\/","title":{"rendered":"Cilindru bra\u021b pentru excavatorul Zoomlion ZE260E"},"content":{"rendered":"<h1>Cilindru bra\u021b pentru excavatorul Zoomlion ZE260E<\/h1>\n<h2>Introducere<\/h2>\n<p>Cilindrul hidraulic pentru excavatorul Zoomlion ZE260E este un cilindru hidraulic specializat, conceput pentru a oferi mi\u0219care liniar\u0103 \u0219i putere bra\u021bului diferitelor tipuri de utilaje, cum ar fi excavatoare, macarale \u0219i bra\u021be robotizate. Cilindrul bra\u021bului joac\u0103 un rol crucial \u00een sistemele hidraulice, permi\u021b\u00e2nd mi\u0219carea \u0219i controlul eficient al ata\u0219amentelor sau accesoriilor. Ace\u0219ti cilindri nu numai c\u0103 asigur\u0103 o mi\u0219care lin\u0103, dar rezist\u0103 \u0219i la sarcini grele, asigur\u00e2nd o eficien\u021b\u0103 ridicat\u0103 \u0219i fiabilitate a utilajelor \u00een diverse condi\u021bii de func\u021bionare.<\/p>\n<p><img decoding=\"async\" src=\"https:\/\/www.hydraulic-cylinders.net\/wp-content\/uploads\/2025\/01\/songte-company-2.webp\" alt=\"Imaginea cilindrului bra\u021bului\"><\/p>\n<h2>Caracteristici<\/h2>\n<ul>\n<li><strong>Transmisie de putere de \u00eenalt\u0103 eficien\u021b\u0103:<\/strong> Cilindrul bra\u021bului ofer\u0103 o mi\u0219care liniar\u0103 puternic\u0103 \u0219i o for\u021b\u0103, asigur\u00e2nd performan\u021be ridicate ale bra\u021bului robotic \u00een diverse opera\u021biuni.<\/li>\n<li><strong>Control precis:<\/strong> Prin intermediul sistemului hidraulic, cilindrul bra\u021bului permite un control precis al mi\u0219c\u0103rii, f\u0103c\u00e2nd operarea ata\u0219amentelor mai flexibil\u0103 \u0219i precis\u0103.<\/li>\n<li><strong>Durabilitate:<\/strong> Cilindrii bra\u021bului sunt de obicei fabrica\u021bi din materiale de \u00eenalt\u0103 rezisten\u021b\u0103, care au o rezisten\u021b\u0103 excelent\u0103 la uzur\u0103 \u0219i coroziune, ceea ce \u00eei face potrivi\u021bi pentru utilizarea pe termen lung \u00een medii dure.<\/li>\n<li><strong>Adaptabilitate multifunc\u021bional\u0103:<\/strong> Ace\u0219ti cilindri pot fi utiliza\u021bi pe scar\u0103 larg\u0103 \u00een diverse tipuri de utilaje, cum ar fi excavatoare, macarale \u0219i bra\u021be robotizate, adapt\u00e2ndu-se la diferite cerin\u021be de lucru.<\/li>\n<li><strong>\u00centre\u021binere u\u0219oar\u0103:<\/strong> Proiectate av\u00e2nd \u00een vedere u\u0219urin\u021ba \u00eentre\u021binerii \u0219i \u00eenlocuirii, inspec\u021biile \u0219i \u00eentre\u021binerea regulat\u0103 sunt mai convenabile, reduc\u00e2nd timpul de nefunc\u021bionare a echipamentelor.<\/li>\n<\/ul>\n<p><img decoding=\"async\" src=\"https:\/\/www.hydraulic-cylinders.net\/wp-content\/uploads\/2025\/01\/songte-oil-pipes-and-spare-parts.webp\" alt=\"Imaginea produsului\"><\/p>\n<h2>Aplica\u021bii<\/h2>\n<p>Cilindrul bra\u021bului pentru excavatorul Zoomlion ZE260E este utilizat pe scar\u0103 larg\u0103 \u00een urm\u0103toarele industrii:<\/p>\n<h3>1. Inginerie de construc\u021bii<\/h3>\n<p>La excavatoare \u0219i macarale, cilindrul bra\u021bului controleaz\u0103 mi\u0219carea cupei sau a bra\u021bului pentru lucr\u0103ri de terasament, manipularea materialelor \u0219i instalarea structural\u0103.<\/p>\n<h3>2. Industria prelucr\u0103toare<\/h3>\n<p>\u00cen liniile de produc\u021bie automatizate, cilindrul bra\u021bului este utilizat pentru mi\u0219carea bra\u021belor robotizate, permi\u021b\u00e2nd procese precum asamblarea, sudarea \u0219i manipularea materialelor, \u00eembun\u0103t\u0103\u021bind astfel eficien\u021ba \u0219i precizia produc\u021biei.<\/p>\n<h3>3. Ma\u0219ini agricole<\/h3>\n<p>\u00cen utilajele agricole, cum ar fi combinele de recoltat \u0219i sem\u0103n\u0103toarele, cilindrul bra\u021bului controleaz\u0103 mi\u0219carea bra\u021belor de operare pentru sarcini precum sem\u0103natul, fertilizarea \u0219i recoltarea.<\/p>\n<h3>4. Minerit<\/h3>\n<p>\u00cen echipamentele miniere, cilindrul bra\u021bului controleaz\u0103 mi\u0219carea bra\u021bului echipamentelor miniere pentru extrac\u021bia \u0219i transportul minereului.<\/p>\n<h3>5. Logistic\u0103 \u0219i transport<\/h3>\n<p>\u00cen cazul stivuitoarelor \u0219i robo\u021bilor de manipulare, cilindrul bra\u021bului controleaz\u0103 ridicarea \u0219i mi\u0219carea furcilor, permi\u021b\u00e2nd transportul \u0219i stivuirea materialelor.<\/p>\n<p><img decoding=\"async\" src=\"https:\/\/www.hydraulic-cylinders.net\/wp-content\/uploads\/2025\/01\/songte-cylinder-head-with-all-kinds-excavator-models.webp\" alt=\"Imaginea produsului\"><\/p>\n<h2>Considera\u021bii de proiectare \u0219i criterii de selec\u021bie<\/h2>\n<p>La proiectarea \u0219i selectarea cilindrului bra\u021bului, trebuie lua\u021bi \u00een considerare c\u00e2\u021biva factori cheie:<\/p>\n<h3>1. Capacitate portant\u0103<\/h3>\n<p>Cilindrul bra\u021bului trebuie s\u0103 poat\u0103 suporta sarcina maxim\u0103 pe care o va \u00eent\u00e2lni \u00een timpul func\u021bion\u0103rii pentru a asigura o performan\u021b\u0103 sigur\u0103 \u0219i fiabil\u0103.<\/p>\n<h3>2. Etan\u0219are<\/h3>\n<p>Diverse elemente de etan\u0219are, cum ar fi etan\u0219\u0103rile pistonului \u0219i etan\u0219\u0103rile tijei, ar trebui utilizate pentru a asigura etan\u0219area corect\u0103 a cilindrului. Aceste etan\u0219\u0103ri sunt fabricate din materiale rezistente la uzur\u0103, cum ar fi poliuretanul \u0219i cauciucul nitrilic. \u00cen plus, corpul cilindrului \u0219i capetele filetate ar trebui s\u0103 fie supuse unei prelucr\u0103ri fine pentru a spori rezisten\u021ba la uzur\u0103.<\/p>\n<h3>3. Durabilitate<\/h3>\n<p>Cilindrul bra\u021bului trebuie s\u0103 fie fabricat din materiale de \u00eenalt\u0103 calitate \u0219i s\u0103 fie supus unor tratamente de suprafa\u021b\u0103 adecvate pentru a asigura durabilitatea \u0219i rezisten\u021ba la uzur\u0103 \u0219i coroziune.<\/p>\n<h3>4. Siguran\u021b\u0103<\/h3>\n<p>Proiectul ar trebui s\u0103 acorde prioritate caracteristicilor de siguran\u021b\u0103 pentru a preveni accidentele \u00een timpul func\u021bion\u0103rii. Aceasta poate include \u00eencorporarea de supape de siguran\u021b\u0103 sau \u00eentrerup\u0103toare de limit\u0103 pentru a controla mi\u0219carea bra\u021bului.<\/p>\n<h3>5. U\u0219urin\u021b\u0103 \u00een \u00eentre\u021binere<\/h3>\n<p>Proiectul ar trebui s\u0103 ia \u00een considerare accesul facil pentru inspec\u021bii \u0219i \u00eentre\u021binere regulate. Aceasta include capacitatea de a \u00eenlocui componentele eficient, reduc\u00e2nd timpul de nefunc\u021bionare.<\/p>\n<p><img decoding=\"async\" src=\"https:\/\/www.hydraulic-cylinders.net\/wp-content\/uploads\/2025\/01\/songte-chushion-collar.webp\" alt=\"Imaginea produsului\"><\/p>\n<h2>Etan\u0219are \u0219i lubrifiere<\/h2>\n<p>Cilindrul bra\u021bului utilizeaz\u0103 diverse componente de etan\u0219are, cum ar fi etan\u0219\u0103rile pistonului \u0219i etan\u0219\u0103rile tijei, care sunt fabricate din materiale rezistente la uzur\u0103, precum poliuretanul \u0219i cauciucul nitrilic. Corpul cilindrului \u0219i capetele filetate sunt supuse unui tratament de suprafa\u021b\u0103 meticulos pentru a spori rezisten\u021ba la uzur\u0103. Lubrifierea regulat\u0103 cu uleiul hidraulic adecvat este esen\u021bial\u0103 pentru o func\u021bionare f\u0103r\u0103 probleme \u0219i pentru longevitatea cilindrului.<\/p>\n<h2>Inspec\u021bie regulat\u0103 \u0219i \u00eentre\u021binere preventiv\u0103<\/h2>\n<p>Pentru a asigura performan\u021ba optim\u0103 \u0219i longevitatea cilindrului bra\u021bului, trebuie luate urm\u0103toarele m\u0103suri:<\/p>\n<ul>\n<li>Inspecta\u021bi periodic cilindrul pentru a depista semne de uzur\u0103, scurgeri sau deterior\u0103ri.<\/li>\n<li>Verifica\u021bi \u0219i men\u021bine\u021bi nivelurile adecvate de lubrifiere.<\/li>\n<li>Str\u00e2nge\u021bi orice conexiuni sau fitinguri sl\u0103bite.<\/li>\n<li>\u00cenlocui\u021bi prompt garniturile sau componentele uzate.<\/li>\n<li>Urma\u021bi programul de \u00eentre\u021binere recomandat de produc\u0103tor.<\/li>\n<\/ul>\n<h2>Ghid de instalare a produsului<\/h2>\n<p>Urma\u021bi ace\u0219ti pa\u0219i pentru instalarea corect\u0103 a cilindrului bra\u021bului:<\/p>\n<ol>\n<li>Asigura\u021bi-v\u0103 c\u0103 utilajele sunt oprite \u0219i c\u0103 toat\u0103 presiunea hidraulic\u0103 este eliberat\u0103.<\/li>\n<li>Pozi\u021biona\u021bi cilindrul \u00een loca\u021bia dorit\u0103, aliniind g\u0103urile de montare.<\/li>\n<li>Fixa\u021bi \u00een siguran\u021b\u0103 cilindrul pe ma\u0219in\u0103 folosind \u0219uruburi sau console corespunz\u0103toare.<\/li>\n<li>Conecta\u021bi furtunurile hidraulice la orificiile de admisie \u0219i evacuare ale cilindrului, asigur\u00e2nd o etan\u0219are corespunz\u0103toare.<\/li>\n<li>Verifica\u021bi dac\u0103 exist\u0103 scurgeri \u0219i efectua\u021bi ajust\u0103rile necesare.<\/li>\n<li>Test the cylinder&#8217;s functionality by operating the machinery under safe conditions.<\/li>\n<\/ol>\n<p><img decoding=\"async\" src=\"https:\/\/www.hydraulic-cylinders.net\/wp-content\/uploads\/2025\/01\/songte-bushings-with-all-kinds-of-excavator-models.webp\" alt=\"Imaginea produsului\"><\/p>\n<h2>Considera\u021bii de siguran\u021b\u0103 \u0219i factori de mediu<\/h2>\n<p>When using the arm cylinder, it is important to prioritize safety measures to prevent accidents. It is crucial to follow the manufacturer&#8217;s guidelines and recommendations for safe operation. Additionally, environmental factors such as temperature, humidity, and contaminants should be considered to ensure optimal performance and longevity.<\/p>\n<h2>Depanare \u0219i probleme frecvente<\/h2>\n<p>Iat\u0103 c\u00e2teva sfaturi \u0219i solu\u021bii comune pentru depanarea cilindrului bra\u021bului:<\/p>\n<ul>\n<li>Dac\u0103 cilindrul nu se extinde sau nu se retrage corect, verifica\u021bi dac\u0103 exist\u0103 obstruc\u021bii sau blocaje \u00een sistemul hidraulic.<\/li>\n<li>Dac\u0103 exist\u0103 scurgeri excesive, inspecta\u021bi \u0219i \u00eenlocui\u021bi orice garnituri uzate sau componente deteriorate.<\/li>\n<li>Dac\u0103 cilindrul vibreaz\u0103 sau produce zgomote neobi\u0219nuite, acest lucru poate indica o aliniere necorespunz\u0103toare sau rulmen\u021bi uza\u021bi.<\/li>\n<li>Dac\u0103 cilindrul nu reu\u0219e\u0219te s\u0103 sus\u021bin\u0103 sarcina, verifica\u021bi dac\u0103 presiunea hidraulic\u0103 este insuficient\u0103 sau garniturile sunt uzate.<\/li>\n<\/ul>\n<p>Urm\u00e2nd aceste sfaturi de depanare \u0219i implement\u00e2nd m\u0103suri preventive, problemele poten\u021biale pot fi reduse la minimum, asigur\u00e2nd performan\u021ba \u0219i fiabilitatea optime ale cilindrului bra\u021bului.<\/p>\n<p><img decoding=\"async\" src=\"https:\/\/www.hydraulic-cylinders.net\/wp-content\/uploads\/2025\/01\/songte-chushion-collar.webp\" alt=\"Imaginea produsului\"><\/p>\n<h2>Despre noi<\/h2>\n<p>Suntem un produc\u0103tor profesionist specializat \u00een produc\u021bia de cilindri hidraulici de schimb. Cu o gam\u0103 larg\u0103 de produse, am devenit unul dintre principalii produc\u0103tori \u0219i distribuitori angro pe pie\u021bele interne \u0219i interna\u021bionale. Angajamentul nostru fa\u021b\u0103 de excelen\u021ba \u00een calitate este sus\u021binut prin strategii industrializate de management al produc\u021biei \u00een atelierul nostru de produc\u021bie de ultim\u0103 genera\u021bie, \u00eembun\u0103t\u0103\u021bind continuu capacit\u0103\u021bile noastre tehnologice \u0219i eficien\u021ba produc\u021biei.<\/p>\n<p>By introducing advanced digital manufacturing equipment and professional testing systems, we optimize our manufacturing platform and enhance our product quality control processes. We possess strong innovation capabilities and aim to meet customers&#8217; diverse needs with principles of efficiency, precision, and high quality.<\/p>\n<p><img decoding=\"async\" src=\"https:\/\/www.hydraulic-cylinders.net\/wp-content\/uploads\/2025\/01\/songte-company-4.webp\" alt=\"Imaginea companiei\"><br \/>\n<img","protected":false},"excerpt":{"rendered":"<p>Arm Cylinder For Zoomlion Middle Excavator ZE260E Introduction The Arm Cylinder for Zoomlion Middle Excavator ZE260E is a specialized hydraulic cylinder designed to provide linear motion and power to the arm of various types of machinery, such as excavators, cranes, and robotic arms. The arm cylinder plays a crucial role in hydraulic systems, enabling the [&hellip;]<\/p>","protected":false},"featured_media":14777,"comment_status":"open","ping_status":"closed","template":"","meta":{"_et_pb_use_builder":"","_et_pb_old_content":"","_et_gb_content_width":""},"product_brand":[],"product_cat":[1497],"product_tag":[1498,1496],"class_list":{"0":"post-16428","1":"product","2":"type-product","3":"status-publish","4":"has-post-thumbnail","6":"product_cat-arm-cylinders","7":"product_tag-arm-cylinders","8":"product_tag-hydraulic-cylinders","10":"first","11":"instock","12":"shipping-taxable","13":"product-type-simple"},"amp_enabled":true,"_links":{"self":[{"href":"https:\/\/www.hydraulic-cylinders.net\/ro\/wp-json\/wp\/v2\/product\/16428","targetHints":{"allow":["GET"]}}],"collection":[{"href":"https:\/\/www.hydraulic-cylinders.net\/ro\/wp-json\/wp\/v2\/product"}],"about":[{"href":"https:\/\/www.hydraulic-cylinders.net\/ro\/wp-json\/wp\/v2\/types\/product"}],"replies":[{"embeddable":true,"href":"https:\/\/www.hydraulic-cylinders.net\/ro\/wp-json\/wp\/v2\/comments?post=16428"}],"wp:featuredmedia":[{"embeddable":true,"href":"https:\/\/www.hydraulic-cylinders.net\/ro\/wp-json\/wp\/v2\/media\/14777"}],"wp:attachment":[{"href":"https:\/\/www.hydraulic-cylinders.net\/ro\/wp-json\/wp\/v2\/media?parent=16428"}],"wp:term":[{"taxonomy":"product_brand","embeddable":true,"href":"https:\/\/www.hydraulic-cylinders.net\/ro\/wp-json\/wp\/v2\/product_brand?post=16428"},{"taxonomy":"product_cat","embeddable":true,"href":"https:\/\/www.hydraulic-cylinders.net\/ro\/wp-json\/wp\/v2\/product_cat?post=16428"},{"taxonomy":"product_tag","embeddable":true,"href":"https:\/\/www.hydraulic-cylinders.net\/ro\/wp-json\/wp\/v2\/product_tag?post=16428"}],"curies":[{"name":"wp","href":"https:\/\/api.w.org\/{rel}","templated":true}]}}