{"id":16434,"date":"2025-01-20T09:15:17","date_gmt":"2025-01-20T09:15:17","guid":{"rendered":"https:\/\/www.hydraulic-cylinders.net\/product\/arm-cylinderfor-zoomlion-large-excavator-ze520e\/"},"modified":"2025-01-20T09:15:19","modified_gmt":"2025-01-20T09:15:19","slug":"arm-cylinderfor-zoomlion-large-excavator-ze520e","status":"publish","type":"product","link":"https:\/\/www.hydraulic-cylinders.net\/ro\/produs\/arm-cylinderfor-zoomlion-large-excavator-ze520e\/","title":{"rendered":"Cilindru bra\u021b pentru excavatorul mare Zoomlion ZE520E"},"content":{"rendered":"<p>Cilindru de bra\u021b pentru excavatorul mare Zoomlion ZE520E<\/p>\n<p>Cilindrul de bra\u021b este un cilindru hidraulic special conceput care asigur\u0103 mi\u0219care liniar\u0103 \u0219i putere pentru bra\u021bele diferitelor tipuri de utilaje, cum ar fi excavatoare, macarale \u0219i bra\u021be mecanice. Cilindrul de bra\u021b joac\u0103 un rol cheie \u00een sistemul hidraulic, permi\u021b\u00e2nd mi\u0219c\u0103rii \u0219i control\u0103rii eficiente a sculelor sau ata\u0219amentelor suplimentare. Ace\u0219ti cilindri nu numai c\u0103 ofer\u0103 o mi\u0219care lin\u0103, dar rezist\u0103 \u0219i la sarcini grele, asigur\u00e2nd o eficien\u021b\u0103 ridicat\u0103 \u0219i fiabilitate a utilajelor \u00een diverse condi\u021bii de func\u021bionare.<\/p>\n<p>Defini\u021bie \u0219i explica\u021bie<\/p>\n<p>Un cilindru de bra\u021b este o component\u0103 critic\u0103 a sistemelor hidraulice care furnizeaz\u0103 puterea pentru a mi\u0219ca bra\u021bul utilajelor grele. Cilindrul este construit din materiale de \u00eenalt\u0103 rezisten\u021b\u0103 pentru a asigura func\u021bionarea sa \u00een medii dure pentru o perioad\u0103 lung\u0103 de timp. Cilindrul cuprinde un piston care se mi\u0219c\u0103 \u00een interiorul unui alezaj al cilindrului, transform\u00e2nd energia hidraulic\u0103 \u00een mi\u0219care liniar\u0103. Cilindrul are, de asemenea, un orificiu hidraulic pentru admisia fluidului \u0219i un orificiu hidraulic pentru returul fluidului.<\/p>\n<p>Caracteristici<\/p>\n<p>Urm\u0103toarele sunt c\u00e2teva dintre caracteristicile cheie ale cilindrilor bra\u021bului:<\/p>\n<p>1. Transmisie de \u00eenalt\u0103 eficien\u021b\u0103: Cilindrii bra\u021bului ofer\u0103 o mi\u0219care liniar\u0103 puternic\u0103 \u0219i o for\u021b\u0103, asigur\u00e2nd o eficien\u021b\u0103 opera\u021bional\u0103 ridicat\u0103 a bra\u021belor mecanice \u00een diverse opera\u021biuni.<\/p>\n<p>2. Control precis: Cilindrii bra\u021bului pot realiza un control precis al mi\u0219c\u0103rii prin intermediul sistemului hidraulic, ceea ce face ca func\u021bionarea sculelor suplimentare s\u0103 fie mai flexibil\u0103 \u0219i mai precis\u0103.<\/p>\n<p>3. Durabilitate ridicat\u0103: Cilindrii bra\u021bului sunt de obicei fabrica\u021bi din materiale de \u00eenalt\u0103 rezisten\u021b\u0103, care au o rezisten\u021b\u0103 excelent\u0103 la uzur\u0103 \u0219i la coroziune. Sunt potrivi\u021bi pentru utilizare pe termen lung \u00een medii dure.<\/p>\n<p>4. Adaptabilitate multifunc\u021bional\u0103: Ace\u0219ti cilindri pot fi utiliza\u021bi pe scar\u0103 larg\u0103 \u00een diverse utilaje, cum ar fi excavatoare, macarale \u0219i bra\u021be mecanice, pentru a se adapta la diferite cerin\u021be de lucru.<\/p>\n<p>5. \u00centre\u021binere u\u0219oar\u0103: Designul cilindrului bra\u021bului permite \u00eentre\u021binerea \u0219i \u00eenlocuirea u\u0219oar\u0103, ceea ce face ca inspec\u021bia \u0219i \u00eentre\u021binerea regulat\u0103 s\u0103 fie mai convenabile \u0219i reduce timpul de nefunc\u021bionare a echipamentelor.<\/p>\n<p>Produc\u021bie<\/p>\n<p>Compania noastr\u0103 poate produce cilindri hidraulici de \u00eenalt\u0103 calitate care pot \u00eenlocui al\u021bi cilindri hidraulici. Avem capacitatea de a produce o gam\u0103 larg\u0103 de cilindri potrivi\u021bi pentru diverse tipuri de utilaje. Produsele noastre au fost supuse unui control riguros al calit\u0103\u021bii pentru a asigura performan\u021be \u0219i fiabilitate ridicate. <\/p>\n<p>Aplica\u021bii<\/p>\n<p>Cilindrii cu bra\u021b au diverse aplica\u021bii, inclusiv, dar f\u0103r\u0103 a se limita la:<\/p>\n<p>1. Inginerie de construc\u021bii: \u00cen excavatoare \u0219i macarale, cilindrii bra\u021bului sunt utiliza\u021bi pentru a controla mi\u0219carea cupelor sau a bra\u021belor macaralei pentru lucr\u0103ri de terasament, manipularea materialelor \u0219i instalarea structural\u0103.<\/p>\n<p>2. Fabrica\u021bie: \u00cen liniile de produc\u021bie automatizate, cilindrii bra\u021bului controleaz\u0103 mi\u0219carea bra\u021belor mecanice pentru procesele de asamblare, sudare \u0219i manipulare, \u00eembun\u0103t\u0103\u021bind eficien\u021ba \u0219i precizia produc\u021biei.<\/p>\n<p>3. Ma\u0219ini agricole: \u00cen cazul ma\u0219inilor agricole, cum ar fi combinele de recoltat \u0219i sem\u0103n\u0103toarele, cilindrii bra\u021bului controleaz\u0103 mi\u0219carea bra\u021belor de operare pentru sarcini precum sem\u0103natul, fertilizarea \u0219i recoltarea.<\/p>\n<p>4. Minerit: \u00cen echipamentele miniere, cilindrii bra\u021bului sunt utiliza\u021bi pentru a controla mi\u0219carea echipamentelor miniere pentru extrac\u021bia \u0219i manipularea minereului.<\/p>\n<p>5. Logistic\u0103 \u0219i transport: \u00cen cazul stivuitoarelor \u0219i robo\u021bilor de manipulare, cilindrii bra\u021bului sunt utiliza\u021bi pentru a controla ridicarea \u0219i mi\u0219carea \u00eenc\u0103rc\u0103turii, permi\u021b\u00e2nd manipularea \u0219i stivuirea materialelor.<\/p>\n<p>Considera\u021bii de proiectare \u0219i standarde de selec\u021bie<\/p>\n<p>Urm\u0103toarele sunt c\u00e2teva considera\u021bii de proiectare \u0219i standarde de selec\u021bie pentru cilindrii bra\u021bului:<\/p>\n<p>1. Capacitate de \u00eenc\u0103rcare: Cilindrii bra\u021bului trebuie proiecta\u021bi pentru a suporta sarcinile impuse \u00een timpul func\u021bion\u0103rii.<\/p>\n<p>2. Etan\u0219are: Etan\u0219area cilindrului bra\u021bului este esen\u021bial\u0103 pentru a preveni scurgerile de fluid \u0219i a men\u021bine niveluri corecte de presiune.<\/p>\n<p>3. Durabilitate: Cilindrii bra\u021bului trebuie s\u0103 fie construi\u021bi din materiale de \u00eenalt\u0103 rezisten\u021b\u0103 pentru a asigura o durat\u0103 lung\u0103 de via\u021b\u0103 \u0219i rezisten\u021b\u0103 la uzur\u0103 \u0219i coroziune.<\/p>\n<p>4. Siguran\u021b\u0103: Cilindrii bra\u021bului trebuie proiecta\u021bi av\u00e2nd \u00een vedere siguran\u021ba, de exemplu incluz\u00e2nd supape de siguran\u021b\u0103 pentru a preveni acumularea excesiv\u0103 de presiune.<\/p>\n<p>5. \u00centre\u021binere: Cilindrii bra\u021bului trebuie s\u0103 fie u\u0219or de \u00eentre\u021binut \u0219i reparat, cu piese u\u0219or accesibile pentru \u00eenlocuire \u0219i inspec\u021bie regulat\u0103.<\/p>\n<p>Etan\u0219are \u0219i lubrifiere<\/p>\n<p>Cilindrii cu bra\u021b utilizeaz\u0103 diverse componente de etan\u0219are, inclusiv inele de etan\u0219are pentru piston, inele de etan\u0219are pentru tij\u0103 \u0219i garnituri de etan\u0219are pentru tij\u0103. Aceste garnituri sunt de obicei fabricate din poliuretan sau cauciuc nitrilic, care sunt materiale rezistente la uzur\u0103 ce pot rezista la ulei hidraulic \u0219i aplica\u021bii de \u00eenalt\u0103 presiune. Alezajul cilindrului \u0219i suprafa\u021ba tijei sunt de obicei tratate pentru a \u00eembun\u0103t\u0103\u021bi rezisten\u021ba la uzur\u0103, iar lubrifierea regulat\u0103 cu ulei hidraulic este necesar\u0103 pentru a men\u021bine o func\u021bionare lin\u0103.<\/p>\n<p>\u00centre\u021binere \u0219i precau\u021bii<\/p>\n<p>Pentru a asigura o performan\u021b\u0103 optim\u0103, este esen\u021bial s\u0103 se efectueze inspec\u021bii regulate \u0219i \u00eentre\u021binere preventiv\u0103 a cilindrilor bra\u021bului. Urm\u0103toarele sunt c\u00e2teva m\u0103suri preventive:<\/p>\n<p>1. Inspec\u021bia regulat\u0103 a cilindrului pentru a depista semne de uzur\u0103 sau deteriorare.<\/p>\n<p>2. \u00cenlocuirea garniturilor uzate sau deteriorate pentru a preveni scurgerile de fluid.<\/p>\n<p>3. Verificarea nivelului \u0219i calit\u0103\u021bii fluidului hidraulic \u0219i \u00eenlocuirea acestuia, dac\u0103 este necesar.<\/p>\n<p>Ghid de instalare<\/p>\n<p>Instalarea cilindrilor de bra\u021b necesit\u0103 o aten\u021bie deosebit\u0103 la detalii \u0219i respectarea protocoalelor de siguran\u021b\u0103. Urm\u0103toarele sunt c\u00e2teva instruc\u021biuni de instalare:<\/p>\n<p>1. Asigura\u021bi-v\u0103 c\u0103 cilindrul de schimb este compatibil cu utilajul.<\/p>\n<p>2. Cur\u0103\u021ba\u021bi sistemul hidraulic \u0219i componentele pentru a preveni contaminarea.<\/p>\n<p>3. Instala\u021bi cu grij\u0103 cilindrul \u0219i asigura\u021bi-v\u0103 c\u0103 este aliniat \u0219i fixat corect.<\/p>\n<p>4. Efectua\u021bi un test de func\u021bionare pentru a asigura func\u021bionarea corect\u0103.<\/p>\n<p>Considera\u021bii de siguran\u021b\u0103 \u0219i factori de mediu<\/p>\n<p>Cilindrii bra\u021bului trebuie utiliza\u021bi cu precau\u021bie pentru a preveni r\u0103nirea sau deteriorarea utilajelor. M\u0103suri de siguran\u021b\u0103, cum ar fi supapele de siguran\u021b\u0103 \u0219i manometrele, trebuie instalate pentru a preveni acumularea excesiv\u0103 de presiune. Factorii de mediu, cum ar fi temperatura \u0219i umiditatea, pot afecta performan\u021ba cilindrilor bra\u021bului \u0219i trebuie lua\u021bi \u00een considerare la selectarea unui cilindru.<\/p>\n<p>Diagnosticarea defec\u021biunilor \u0219i probleme frecvente<\/p>\n<p>Problemele frecvente ale cilindrilor bra\u021bului includ scurgeri de fluid, deteriorarea tijei \u0219i deteriorarea pistonului. Aceste probleme pot rezulta din presiune excesiv\u0103, contaminare sau deteriorarea etan\u0219\u0103rilor. Pentru a diagnostica aceste probleme, este necesar s\u0103 inspecta\u021bi cilindrul \u0219i s\u0103 identifica\u021bi cauza problemei. Repara\u021biile sau \u00eenlocuirile prompte pot preveni deteriorarea ulterioar\u0103 \u0219i pot asigura performan\u021be optime.<\/p>\n<p>Concluzie<\/p>\n<p>\u00cen calitate de produc\u0103tor profesionist de cilindri hidraulici, oferim o varietate de cilindri hidraulici de \u00eenalt\u0103 calitate, care ofer\u0103 o mi\u0219care liniar\u0103 puternic\u0103 \u0219i un control precis pentru diverse tipuri de utilaje. Produsele noastre sunt fabricate din materiale de \u00eenalt\u0103 rezisten\u021b\u0103 \u0219i au fost supuse unui control riguros al calit\u0103\u021bii pentru a asigura performan\u021be fiabile \u00een medii dure. Ne angaj\u0103m s\u0103 oferim clien\u021bilor no\u0219tri cilindri hidraulici eficien\u021bi, preci\u0219i \u0219i de \u00eenalt\u0103 calitate. <\/p>\n<p>Compania noastr\u0103 se dedic\u0103 furniz\u0103rii de servicii personalizate, echipamente de produc\u021bie de \u00eenalt\u0103 calitate \u0219i servicii post-v\u00e2nzare excelente clien\u021bilor no\u0219tri. Produsele noastre au fost certificate la nivel interna\u021bional \u0219i avem o echip\u0103 de profesioni\u0219ti care ne pot ajuta cu orice nevoie de proiect. Scopul nostru este de a oferi clien\u021bilor no\u0219tri cele mai bune solu\u021bii posibile pentru a le satisface nevoile \u0219i cerin\u021bele. <\/p>\n<p>Autor: lyl<\/p>","protected":false},"excerpt":{"rendered":"<p>Arm Cylinder For Zoomlion Large Excavator ZE520E Arm cylinder is a specially designed hydraulic cylinder that provides linear motion and power for the arms of various types of machinery, such as excavators, cranes, and mechanical arms. The arm cylinder plays a key role in the hydraulic system, enabling add-on tools or attachments to move and [&hellip;]<\/p>","protected":false},"featured_media":14759,"comment_status":"open","ping_status":"closed","template":"","meta":{"_et_pb_use_builder":"","_et_pb_old_content":"","_et_gb_content_width":""},"product_brand":[],"product_cat":[1497],"product_tag":[1498,1496],"class_list":{"0":"post-16434","1":"product","2":"type-product","3":"status-publish","4":"has-post-thumbnail","6":"product_cat-arm-cylinders","7":"product_tag-arm-cylinders","8":"product_tag-hydraulic-cylinders","10":"first","11":"instock","12":"shipping-taxable","13":"product-type-simple"},"amp_enabled":true,"_links":{"self":[{"href":"https:\/\/www.hydraulic-cylinders.net\/ro\/wp-json\/wp\/v2\/product\/16434","targetHints":{"allow":["GET"]}}],"collection":[{"href":"https:\/\/www.hydraulic-cylinders.net\/ro\/wp-json\/wp\/v2\/product"}],"about":[{"href":"https:\/\/www.hydraulic-cylinders.net\/ro\/wp-json\/wp\/v2\/types\/product"}],"replies":[{"embeddable":true,"href":"https:\/\/www.hydraulic-cylinders.net\/ro\/wp-json\/wp\/v2\/comments?post=16434"}],"wp:featuredmedia":[{"embeddable":true,"href":"https:\/\/www.hydraulic-cylinders.net\/ro\/wp-json\/wp\/v2\/media\/14759"}],"wp:attachment":[{"href":"https:\/\/www.hydraulic-cylinders.net\/ro\/wp-json\/wp\/v2\/media?parent=16434"}],"wp:term":[{"taxonomy":"product_brand","embeddable":true,"href":"https:\/\/www.hydraulic-cylinders.net\/ro\/wp-json\/wp\/v2\/product_brand?post=16434"},{"taxonomy":"product_cat","embeddable":true,"href":"https:\/\/www.hydraulic-cylinders.net\/ro\/wp-json\/wp\/v2\/product_cat?post=16434"},{"taxonomy":"product_tag","embeddable":true,"href":"https:\/\/www.hydraulic-cylinders.net\/ro\/wp-json\/wp\/v2\/product_tag?post=16434"}],"curies":[{"name":"wp","href":"https:\/\/api.w.org\/{rel}","templated":true}]}}