{"id":16439,"date":"2025-01-20T09:15:51","date_gmt":"2025-01-20T09:15:51","guid":{"rendered":"https:\/\/www.hydraulic-cylinders.net\/product\/arm-cylinderfor-zoomlion-large-excavator-ze1250e\/"},"modified":"2025-01-20T09:15:53","modified_gmt":"2025-01-20T09:15:53","slug":"arm-cylinderfor-zoomlion-large-excavator-ze1250e","status":"publish","type":"product","link":"https:\/\/www.hydraulic-cylinders.net\/ro\/produs\/arm-cylinderfor-zoomlion-large-excavator-ze1250e\/","title":{"rendered":"Cilindru bra\u021b pentru excavatorul mare Zoomlion ZE1250E"},"content":{"rendered":"<h1>Cilindru bra\u021b pentru excavatorul mare Zoomlion ZE1250E<\/h1>\n<h2>Introducere<\/h2>\n<p>Cilindrul bra\u021bului este un cilindru hidraulic specializat, conceput pentru a oferi mi\u0219care liniar\u0103 \u0219i putere bra\u021belor diferitelor tipuri de utilaje, cum ar fi excavatoare, macarale \u0219i manipulatoare. Acesta joac\u0103 un rol esen\u021bial \u00een sistemul hidraulic, permi\u021b\u00e2nd ata\u0219amentelor sau accesoriilor s\u0103 se mi\u0219te \u0219i s\u0103 fie controlate eficient. Ace\u0219ti cilindri nu numai c\u0103 permit o mi\u0219care lin\u0103, dar rezist\u0103 \u0219i la sarcini grele, asigur\u00e2nd astfel func\u021bionarea eficient\u0103 \u0219i fiabilitatea utilajelor \u00een diverse condi\u021bii de func\u021bionare.<\/p>\n<p><img decoding=\"async\" src=\"https:\/\/www.hydraulic-cylinders.net\/wp-content\/uploads\/2025\/01\/songte-company-2.webp\"\/><\/p>\n<h2>Caracteristici<\/h2>\n<ul>\n<li>Transmisie de \u00eenalt\u0103 eficien\u021b\u0103: Cilindrul bra\u021bului ofer\u0103 o mi\u0219care liniar\u0103 puternic\u0103 \u0219i o for\u021b\u0103, asigur\u00e2nd o eficien\u021b\u0103 opera\u021bional\u0103 ridicat\u0103 a manipulatorului \u00een diverse opera\u021biuni.<\/li>\n<li>Control de precizie: Prin intermediul sistemului hidraulic, cilindrul bra\u021bului poate realiza un control precis al mi\u0219c\u0103rii, ceea ce face ca func\u021bionarea ata\u0219amentelor s\u0103 fie mai flexibil\u0103 \u0219i mai precis\u0103.<\/li>\n<li>Durabilitate mare: Cilindrul bra\u021bului este de obicei fabricat din materiale de \u00eenalt\u0103 rezisten\u021b\u0103, cu o bun\u0103 rezisten\u021b\u0103 la uzur\u0103 \u0219i coroziune, ceea ce \u00eel face potrivit pentru utilizarea pe termen lung \u00een medii dure.<\/li>\n<li>Adaptabilitate multifunc\u021bional\u0103: Ace\u0219ti cilindri pot fi utiliza\u021bi pe scar\u0103 larg\u0103 \u00een diverse echipamente mecanice, cum ar fi excavatoare, macarale \u0219i manipulatoare, pentru a satisface diferite cerin\u021be de lucru.<\/li>\n<li>\u00centre\u021binere u\u0219oar\u0103: Designul ia \u00een considerare \u00eentre\u021binerea \u0219i \u00eenlocuirea u\u0219oar\u0103, ceea ce face ca inspec\u021biile \u0219i \u00eentre\u021binerea regulat\u0103 s\u0103 fie mai convenabile \u0219i s\u0103 reduc\u0103 timpul de nefunc\u021bionare a echipamentelor.<\/li>\n<\/ul>\n<p>Putem produce acest produs, care poate \u00eenlocui perfect ace\u0219ti cilindri hidraulici.<\/p>\n<p><img decoding=\"async\" src=\"https:\/\/www.hydraulic-cylinders.net\/wp-content\/uploads\/2025\/01\/songte-oil-pipes-and-spare-parts.webp\"\/><\/p>\n<h2>Aplica\u021bii<\/h2>\n<ul>\n<li>Inginerie de construc\u021bii: La excavatoare \u0219i macarale, cilindrul bra\u021bului este utilizat pentru a controla mi\u0219carea cupei sau a bra\u021bului pentru lucr\u0103ri de terasament, manipularea materialelor \u0219i instalarea structural\u0103.<\/li>\n<li>Industria prelucr\u0103toare: \u00cen liniile de produc\u021bie automatizate, cilindrul bra\u021bului este utilizat pentru mi\u0219carea manipulatoarelor \u00een procesele de asamblare, sudare \u0219i manipulare, \u00eembun\u0103t\u0103\u021bind eficien\u021ba \u0219i precizia produc\u021biei.<\/li>\n<li>Ma\u0219ini agricole: \u00cen cazul ma\u0219inilor agricole, cum ar fi combinele de recoltat \u0219i sem\u0103n\u0103toarele, cilindrul bra\u021bului controleaz\u0103 func\u021bionarea bra\u021bului pentru sarcini precum sem\u0103natul, fertilizarea \u0219i recoltarea.<\/li>\n<li>Minerit: \u00cen echipamentele miniere, cilindrul bra\u021bului este utilizat pentru a controla mi\u0219carea bra\u021bului echipamentului minier pentru extrac\u021bia \u0219i manipularea minereurilor.<\/li>\n<li>Logistic\u0103 \u0219i transport: La stivuitoarele \u0219i robo\u021bii de manipulare, cilindrul bra\u021bului este utilizat pentru a controla ridicarea \u0219i mi\u0219carea furcii, realiz\u00e2nd manipularea \u0219i stivuirea materialelor.<\/li>\n<\/ul>\n<h2>Considera\u021bii de proiectare \u0219i criterii de selec\u021bie<\/h2>\n<ul>\n<li>Capacitate portant\u0103: Cilindrul bra\u021bului trebuie proiectat s\u0103 reziste la sarcina maxim\u0103 a utilajului \u00een care este utilizat.<\/li>\n<li>Etan\u0219are: Pentru a preveni scurgerile de ulei hidraulic, trebuie selectate diverse componente de etan\u0219are, cum ar fi etan\u0219\u0103rile pistonului, etan\u0219\u0103rile tijei etc.<\/li>\n<li>Durabilitate: Pentru cilindrul bra\u021bului trebuie utilizate materiale de \u00eenalt\u0103 rezisten\u021b\u0103 pentru a asigura rezisten\u021ba la uzur\u0103 \u0219i la coroziune \u0219i pentru a prelungi durata de via\u021b\u0103 a cilindrului.<\/li>\n<li>Siguran\u021b\u0103: Cilindrul bra\u021bului trebuie proiectat pentru a preveni accidentele \u0219i a asigura siguran\u021ba operatorilor \u0219i a echipamentelor.<\/li>\n<li>\u00centre\u021binere: Cilindrul bra\u021bului trebuie proiectat astfel \u00eenc\u00e2t s\u0103 fie u\u0219or de \u00eentre\u021binut \u0219i reparat, reduc\u00e2nd timpul de nefunc\u021bionare a echipamentului.<\/li>\n<\/ul>\n<p><img decoding=\"async\" src=\"https:\/\/www.hydraulic-cylinders.net\/wp-content\/uploads\/2025\/01\/songte-cylinder-head-with-all-kinds-excavator-models.webp\"\/><\/p>\n<h2>Etan\u0219are \u0219i lubrifiere<\/h2>\n<p>Cilindrul bra\u021bului utilizeaz\u0103 diverse componente de etan\u0219are, cum ar fi etan\u0219\u0103rile pistonului \u0219i etan\u0219\u0103rile tijei, care sunt fabricate din materiale rezistente la uzur\u0103, cum ar fi poliuretanul \u0219i cauciucul nitrilic, pentru a preveni scurgerile de ulei hidraulic. Corpul cilindrului \u0219i suprafa\u021ba filetat\u0103 a cap\u0103tului sunt prelucrate cu precizie pentru a \u00eembun\u0103t\u0103\u021bi rezisten\u021ba la uzur\u0103. Umplerea regulat\u0103 cu cantit\u0103\u021bi adecvate de ulei hidraulic este necesar\u0103 pentru lubrifiere.<\/p>\n<h2>Inspec\u021bie regulat\u0103 \u0219i m\u0103suri de \u00eentre\u021binere preventiv\u0103<\/h2>\n<ul>\n<li>Verifica\u021bi periodic componentele de etan\u0219are \u0219i \u00eenlocui\u021bi-le dac\u0103 este necesar.<\/li>\n<li>Verifica\u021bi corpul cilindrului \u0219i fa\u021ba frontal\u0103 pentru uzur\u0103 \u0219i \u00eenlocui\u021bi-le dac\u0103 este necesar.<\/li>\n<li>\u00cenlocui\u021bi uleiul hidraulic \u00een mod regulat \u0219i men\u021bine\u021bi uleiul curat.<\/li>\n<li>Verifica\u021bi periodic componentele de siguran\u021b\u0103 \u0219i \u00eenlocui\u021bi-le dac\u0103 este necesar.<\/li>\n<li>\u00centre\u021bine\u021bi \u0219i repara\u021bi periodic sistemul hidraulic pentru a preveni poten\u021bialele probleme.<\/li>\n<\/ul>\n<p><img decoding=\"async\" src=\"https:\/\/www.hydraulic-cylinders.net\/wp-content\/uploads\/2025\/01\/songte-chushion-collar.webp\"\/><\/p>\n<h2>Ghid de instalare a produsului<\/h2>\n<ol>\n<li>Verifica\u021bi dac\u0103 cilindrul se potrive\u0219te cu utilajul \u0219i instala\u021bi-l conform instruc\u021biunilor.<\/li>\n<li>Conecta\u021bi conducta hidraulic\u0103 la cilindru \u0219i cur\u0103\u021ba\u021bi cu aten\u021bie aceste piese pentru a preveni contaminarea.<\/li>\n<li>Umple\u021bi cilindrul cu ulei hidraulic \u0219i verifica\u021bi dac\u0103 exist\u0103 scurgeri.<\/li>\n<li>Testa\u021bi cilindrul pentru a v\u0103 asigura c\u0103 func\u021bioneaz\u0103 f\u0103r\u0103 probleme \u0219i corect.<\/li>\n<\/ol>\n<h2>Considera\u021bii de siguran\u021b\u0103 \u0219i factori de mediu<\/h2>\n<p>C\u00e2nd utiliza\u021bi cilindrul bra\u021bului, este necesar s\u0103 respecta\u021bi instruc\u021biunile de siguran\u021b\u0103 pentru a preveni accidentele \u0219i a asigura siguran\u021ba operatorilor \u0219i a echipamentelor. Factorii de mediu precum temperatura, umiditatea \u0219i praful trebuie, de asemenea, lua\u021bi \u00een considerare pentru a asigura func\u021bionarea corect\u0103 a cilindrului.<\/p>\n<h2>Depanare \u0219i probleme frecvente<\/h2>\n<ul>\n<li>Problem\u0103: Cilindrul nu se mi\u0219c\u0103 sau se mi\u0219c\u0103 \u00eencet.<\/li>\n<li>Solu\u021bie: Verifica\u021bi dac\u0103 uleiul hidraulic este suficient \u0219i dac\u0103 conducta este blocat\u0103 sau prezint\u0103 scurgeri.<\/li>\n<li>Problem\u0103: Exist\u0103 o scurgere \u00een cilindru.<\/li>\n<li>Solu\u021bie: Verifica\u021bi dac\u0103 componentele de etan\u0219are sunt deteriorate sau dac\u0103 corpul cilindrului sau suprafa\u021ba cap\u0103tului filetat sunt uzate.<\/li>\n<li>Problem\u0103: Cilindrul scoate zgomote anormale \u00een timpul func\u021bion\u0103rii.<\/li>\n<li>Solu\u021bie: Verifica\u021bi dac\u0103 corpul cilindrului este deformat sau dac\u0103 pistonul sau tija sunt deteriorate.<\/li>\n<\/ul>\n<p>M\u0103surile preventive includ inspec\u021bia \u0219i \u00eentre\u021binerea regulat\u0103 pentru a preveni poten\u021bialele probleme, precum \u0219i respectarea instruc\u021biunilor de siguran\u021b\u0103 pentru a preveni accidentele.<\/p>\n<p><img decoding=\"async\" src=\"https:\/\/www.hydraulic-cylinders.net\/wp-content\/uploads\/2025\/01\/songte-bushings-with-all-kinds-of-excavator-models.webp\"\/><\/p>\n<h2>Despre noi<\/h2>\n<p>We are a professional manufacturer of replacement hydraulic cylinders, with a wide range of products and have become one of the leading hydraulic cylinder manufacturers and wholesale distributors in the domestic and international markets. We adhere to the principle of excellent quality and rely on the industrialized production management strategy of precision manufacturing workshops to continuously improve our technical level and production efficiency. Through the introduction of high-end digital manufacturing equipment and professional testing systems, we continuously optimize the manufacturing platform, improve the product quality control process, and have strong innovation capabilities. Our goal is to satisfy customers&#8217; diversified needs with high efficiency, precision, and high quality.<\/p>\n<h3>Profesionalism<\/h3>\n<p>Avem o echip\u0103 tehnic\u0103 profesionist\u0103 cu o vast\u0103 experien\u021b\u0103 \u0219i expertiz\u0103 \u00een produc\u021bia \u0219i \u00eentre\u021binerea cilindrilor hidraulici. Respect\u0103m principiul \u201eclientul pe primul loc\u201d \u0219i oferim clien\u021bilor servicii profesionale \u0219i eficiente.<\/p>\n<h3>Certificare interna\u021bional\u0103<\/h3>\n<p>Am ob\u021binut diverse certific\u0103ri interna\u021bionale, precum ISO9001, CE \u0219i RoHS, care reflect\u0103 standardele noastre de \u00eenalt\u0103 calitate \u0219i procesele de produc\u021bie.<\/p>\n<h3>Servicii de personalizare<\/h3>\n<p>We provide customized services and can produce hydraulic cylinders according to customers&#8217; specific requirements, providing customers with personalized solutions.<\/p>\n<h3>Echipamente de produc\u021bie<\/h3>\n<p>Am introdus o serie de echipamente digitale de produc\u021bie de ultim\u0103 genera\u021bie, cum ar fi ma\u0219inile-unelte CNC, pentru a asigura precizia \u0219i eficien\u021ba procesului de produc\u021bie.<\/p>\n<h3>Serviciu post-v\u00e2nzare<\/h3>\n<p>Oferim servicii complete post-v\u00e2nzare, inclusiv \u00eendrum\u0103ri pentru instalare, \u00eentre\u021binere \u0219i repara\u021bii, precum \u0219i asisten\u021b\u0103 tehnic\u0103, pentru a asigura func\u021bionarea eficient\u0103 \u0219i stabil\u0103 a cilindrului hidraulic.<\/p>\n<p><img decoding=\"async\" src=\"https:\/\/www.hydraulic-cylinders.net\/wp-content\/uploads\/2025\/01\/songte-company-4.webp\"\/><br \/>\n<img decoding=\"async\" src=\"https:\/\/www.hydraulic-cylinders.net\/wp-content\/uploads\/2025\/01\/songte-company-3.webp\"\/><\/p>\n<p>Autor: lyl.<\/p>","protected":false},"excerpt":{"rendered":"<p>Arm Cylinder For Zoomlion Large Excavator ZE1250E Introduction The arm cylinder is a specialized hydraulic cylinder designed to provide linear motion and power to the arms of various types of machinery, such as excavators, cranes, and manipulators. It plays a critical role in the hydraulic system, allowing attachments or accessories to move and be controlled [&hellip;]<\/p>","protected":false},"featured_media":14774,"comment_status":"open","ping_status":"closed","template":"","meta":{"_et_pb_use_builder":"","_et_pb_old_content":"","_et_gb_content_width":""},"product_brand":[],"product_cat":[1497],"product_tag":[1498,1496],"class_list":{"0":"post-16439","1":"product","2":"type-product","3":"status-publish","4":"has-post-thumbnail","6":"product_cat-arm-cylinders","7":"product_tag-arm-cylinders","8":"product_tag-hydraulic-cylinders","10":"first","11":"instock","12":"shipping-taxable","13":"product-type-simple"},"amp_enabled":true,"_links":{"self":[{"href":"https:\/\/www.hydraulic-cylinders.net\/ro\/wp-json\/wp\/v2\/product\/16439","targetHints":{"allow":["GET"]}}],"collection":[{"href":"https:\/\/www.hydraulic-cylinders.net\/ro\/wp-json\/wp\/v2\/product"}],"about":[{"href":"https:\/\/www.hydraulic-cylinders.net\/ro\/wp-json\/wp\/v2\/types\/product"}],"replies":[{"embeddable":true,"href":"https:\/\/www.hydraulic-cylinders.net\/ro\/wp-json\/wp\/v2\/comments?post=16439"}],"wp:featuredmedia":[{"embeddable":true,"href":"https:\/\/www.hydraulic-cylinders.net\/ro\/wp-json\/wp\/v2\/media\/14774"}],"wp:attachment":[{"href":"https:\/\/www.hydraulic-cylinders.net\/ro\/wp-json\/wp\/v2\/media?parent=16439"}],"wp:term":[{"taxonomy":"product_brand","embeddable":true,"href":"https:\/\/www.hydraulic-cylinders.net\/ro\/wp-json\/wp\/v2\/product_brand?post=16439"},{"taxonomy":"product_cat","embeddable":true,"href":"https:\/\/www.hydraulic-cylinders.net\/ro\/wp-json\/wp\/v2\/product_cat?post=16439"},{"taxonomy":"product_tag","embeddable":true,"href":"https:\/\/www.hydraulic-cylinders.net\/ro\/wp-json\/wp\/v2\/product_tag?post=16439"}],"curies":[{"name":"wp","href":"https:\/\/api.w.org\/{rel}","templated":true}]}}