{"id":16444,"date":"2025-01-20T09:16:14","date_gmt":"2025-01-20T09:16:14","guid":{"rendered":"https:\/\/www.hydraulic-cylinders.net\/product\/arm-cylinderfor-sunward-small-excavator-swe60e\/"},"modified":"2025-01-20T09:16:16","modified_gmt":"2025-01-20T09:16:16","slug":"arm-cylinderfor-sunward-small-excavator-swe60e","status":"publish","type":"product","link":"https:\/\/www.hydraulic-cylinders.net\/ro\/produs\/arm-cylinderfor-sunward-small-excavator-swe60e\/","title":{"rendered":"Cilindru bra\u021b pentru excavatorul mic Sunward SWE60E"},"content":{"rendered":"<h1>Cilindru de bra\u021b pentru excavatorul mic Sunward SWE60E<\/h1>\n<h2>Defini\u0163ie<\/h2>\n<p>Cilindrul bra\u021bului este un cilindru hidraulic special conceput care ofer\u0103 mi\u0219care liniar\u0103 \u0219i putere bra\u021bului diferitelor utilaje, cum ar fi excavatoare, macarale \u0219i bra\u021be robotizate. Acesta joac\u0103 un rol cheie \u00een sistemele hidraulice, permi\u021b\u00e2nd mi\u0219carea \u0219i controlul eficient al uneltelor sau ata\u0219amentelor suplimentare. Ace\u0219ti cilindri nu numai c\u0103 permit o mi\u0219care lin\u0103, dar rezist\u0103 \u0219i la sarcini grele, asigur\u00e2nd o eficien\u021b\u0103 opera\u021bional\u0103 ridicat\u0103 \u0219i fiabilitate a utilajelor \u00een diverse condi\u021bii de lucru.<\/p>\n<p><img decoding=\"async\" src=\"https:\/\/www.hydraulic-cylinders.net\/wp-content\/uploads\/2025\/01\/songte-company-2.webp\"><\/p>\n<h2>Caracteristici<\/h2>\n<ul>\n<li><strong>Transmisie de \u00eenalt\u0103 eficien\u021b\u0103:<\/strong> Cilindrul bra\u021bului ofer\u0103 o mi\u0219care liniar\u0103 puternic\u0103 \u0219i o for\u021b\u0103, asigur\u00e2nd capacit\u0103\u021bi de \u00eenalt\u0103 performan\u021b\u0103 pentru bra\u021bul robotic \u00een diverse opera\u021biuni.<\/li>\n<li><strong>Control de precizie:<\/strong> Prin intermediul sistemului hidraulic, cilindrul bra\u021bului permite un control precis al mi\u0219c\u0103rii, f\u0103c\u00e2nd func\u021bionarea uneltelor ata\u0219ate mai flexibil\u0103 \u0219i precis\u0103.<\/li>\n<li><strong>Durabilitate:<\/strong> Cilindrii cu bra\u021b sunt de obicei fabrica\u021bi din materiale de \u00eenalt\u0103 rezisten\u021b\u0103, oferind o rezisten\u021b\u0103 excelent\u0103 la uzur\u0103 \u0219i coroziune, ceea ce \u00eei face potrivi\u021bi pentru utilizare pe termen lung \u00een medii dure.<\/li>\n<li><strong>Adaptabilitate multifunc\u021bional\u0103:<\/strong> Ace\u0219ti cilindri pot fi utiliza\u021bi pe scar\u0103 larg\u0103 \u00een diverse echipamente, cum ar fi excavatoare, macarale \u0219i bra\u021be robotizate, adapt\u00e2ndu-se la diferite cerin\u021be de lucru.<\/li>\n<li><strong>\u00centre\u021binere u\u0219oar\u0103:<\/strong> Designul ia \u00een considerare u\u0219urin\u021ba \u00eentre\u021binerii \u0219i \u00eenlocuirii, facilit\u00e2nd inspec\u021biile \u0219i \u00eentre\u021binerea regulat\u0103 \u0219i reduc\u00e2nd timpul de nefunc\u021bionare a echipamentelor.<\/li>\n<\/ul>\n<p><img decoding=\"async\" src=\"https:\/\/www.hydraulic-cylinders.net\/wp-content\/uploads\/2025\/01\/songte-oil-pipes-and-spare-parts.webp\"><\/p>\n<h2>Aplica\u021bii<\/h2>\n<p>Cilindrul cu bra\u021b \u00ee\u0219i g\u0103se\u0219te aplica\u021bii \u00een diverse industrii:<\/p>\n<ul>\n<li><strong>Inginerie Construc\u021bii:<\/strong> La excavatoare \u0219i macarale, cilindrul bra\u021bului controleaz\u0103 mi\u0219carea cupelor sau a bra\u021belor, facilit\u00e2nd lucr\u0103rile de terasament, manipularea materialelor \u0219i instalarea structural\u0103.<\/li>\n<li><strong>Fabrica\u021bie:<\/strong> \u00cen liniile de produc\u021bie automatizate, cilindrul bra\u021bului permite mi\u0219carea bra\u021belor robotizate pentru procese precum asamblarea, sudarea \u0219i manipularea materialelor, sporind eficien\u021ba \u0219i precizia produc\u021biei.<\/li>\n<li><strong>Ma\u0219ini agricole:<\/strong> \u00cen echipamentele agricole, cum ar fi combinele de recoltat \u0219i sem\u0103n\u0103toarele, cilindrul bra\u021bului controleaz\u0103 mi\u0219carea bra\u021belor de operare pentru sarcini precum plantarea, fertilizarea \u0219i recoltarea.<\/li>\n<li><strong>Minerit:<\/strong> \u00cen echipamentele miniere, cilindrul bra\u021bului controleaz\u0103 mi\u0219carea bra\u021bului pentru minerit \u0219i transportul minereului.<\/li>\n<li><strong>Logistic\u0103 \u0219i transport:<\/strong> \u00cen cazul stivuitoarelor \u0219i robo\u021bilor de manipulare, cilindrul bra\u021bului controleaz\u0103 ridicarea \u0219i mi\u0219carea furcilor, permi\u021b\u00e2nd manipularea \u0219i stivuirea materialelor.<\/li>\n<\/ul>\n<h2>Considera\u021bii de proiectare \u0219i criterii de selec\u021bie<\/h2>\n<ul>\n<li><strong>Capacitate portant\u0103:<\/strong> Capacitatea cilindrului bra\u021bului de a suporta sarcini este o considera\u021bie crucial\u0103 de proiectare.<\/li>\n<li><strong>Etan\u0219are:<\/strong> Se utilizeaz\u0103 diverse etan\u0219\u0103ri, cum ar fi etan\u0219\u0103rile pistonului \u0219i etan\u0219\u0103rile tijei, fabricate din materiale rezistente la uzur\u0103, precum poliuretanul \u0219i cauciucul nitrilic. Corpul cilindrului \u0219i capetele filetate sunt supuse unor prelucr\u0103ri fine pentru a \u00eembun\u0103t\u0103\u021bi rezisten\u021ba la uzur\u0103.<\/li>\n<li><strong>Durabilitate:<\/strong> Cilindrul bra\u021bului este conceput pentru a fi durabil \u0219i rezistent, asigur\u00e2nd performan\u021be fiabile chiar \u0219i \u00een medii solicitante.<\/li>\n<li><strong>Siguran\u0163\u0103:<\/strong> Dispozitivele de siguran\u021b\u0103, cum ar fi supapele de suprapresiune, sunt implementate pentru a preveni supra\u00eenc\u0103rcarea \u0219i a asigura func\u021bionarea \u00een siguran\u021b\u0103.<\/li>\n<li><strong>Mentenabilitate:<\/strong> Designul \u00eencorporeaz\u0103 \u00eentre\u021binere \u0219i \u00eenlocuire u\u0219oar\u0103, permi\u021b\u00e2nd inspec\u021bii regulate convenabile \u0219i reduc\u00e2nd la minimum timpul de nefunc\u021bionare a echipamentelor.<\/li>\n<\/ul>\n<p><img decoding=\"async\" src=\"https:\/\/www.hydraulic-cylinders.net\/wp-content\/uploads\/2025\/01\/songte-cylinder-head-with-all-kinds-excavator-models.webp\"><\/p>\n<h2>Etan\u0219are \u0219i lubrifiere<\/h2>\n<p>Cilindrul cu bra\u021b utilizeaz\u0103 diverse componente de etan\u0219are, inclusiv etan\u0219\u0103ri pentru piston \u0219i etan\u0219\u0103ri pentru tij\u0103, fabricate din materiale rezistente la uzur\u0103, precum poliuretanul \u0219i cauciucul nitrilic. Corpul cilindrului \u0219i capetele filetate sunt supuse unor prelucr\u0103ri fine pentru a \u00eembun\u0103t\u0103\u021bi rezisten\u021ba la uzur\u0103. Lubrifierea regulat\u0103 cu ulei hidraulic adecvat este necesar\u0103 pentru a asigura o func\u021bionare f\u0103r\u0103 probleme \u0219i o longevitate sporit\u0103.<\/p>\n<h2>Inspec\u021bie regulat\u0103 \u0219i \u00eentre\u021binere preventiv\u0103<\/h2>\n<ul>\n<li>Efectua\u021bi inspec\u021bii regulate pentru a verifica dac\u0103 exist\u0103 scurgeri sau deterior\u0103ri ale cilindrului, garniturilor \u0219i conexiunilor.<\/li>\n<li>Monitoriza\u021bi \u0219i men\u021bine\u021bi nivelurile \u0219i calitatea adecvate ale fluidului hidraulic.<\/li>\n<li>Str\u00e2nge\u021bi conexiunile \u0219i elementele de fixare sl\u0103bite.<\/li>\n<li>\u00cenlocui\u021bi prompt garniturile uzate sau componentele deteriorate.<\/li>\n<li>Urma\u021bi instruc\u021biunile produc\u0103torului privind intervalele \u0219i procedurile de \u00eentre\u021binere.<\/li>\n<\/ul>\n<h2>Instruc\u021biuni de instalare a produsului<\/h2>\n<p>Instalarea corect\u0103 a cilindrului bra\u021bului este crucial\u0103 pentru performan\u021b\u0103 \u0219i siguran\u021b\u0103 optime. Urma\u021bi ace\u0219ti pa\u0219i:<\/p>\n<ol>\n<li>Asigura\u021bi-v\u0103 c\u0103 utilajul este oprit \u0219i c\u0103 sistemul hidraulic este depresurizat.<\/li>\n<li>Monta\u021bi cilindrul \u00een siguran\u021b\u0103 \u00een punctul de fixare desemnat folosind elementele de fixare corespunz\u0103toare.<\/li>\n<li>Conecta\u021bi furtunurile \u0219i fitingurile hidraulice, asigur\u00e2ndu-v\u0103 c\u0103 exist\u0103 conexiuni etan\u0219e \u0219i f\u0103r\u0103 scurgeri.<\/li>\n<li>Verifica\u021bi toate conexiunile pentru scurgeri \u0219i efectua\u021bi un test de func\u021bionare pentru a verifica func\u021bionarea corect\u0103.<\/li>\n<\/ol>\n<p><img decoding=\"async\" src=\"https:\/\/www.hydraulic-cylinders.net\/wp-content\/uploads\/2025\/01\/songte-bushings-with-all-kinds-of-excavator-models.webp\"><\/p>\n<h2>Considera\u021bii de siguran\u021b\u0103 \u0219i factori de mediu<\/h2>\n<p>C\u00e2nd lucra\u021bi cu cilindri hidraulici, respectarea m\u0103surilor de siguran\u021b\u0103 este de o importan\u021b\u0103 capital\u0103. M\u0103surile de siguran\u021b\u0103 includ:<\/p>\n<ul>\n<li>Instruire adecvat\u0103 a operatorilor pentru a asigura utilizarea \u0219i manipularea corect\u0103.<\/li>\n<li>Respectarea instruc\u021biunilor \u0219i procedurilor de siguran\u021b\u0103 furnizate de produc\u0103torul echipamentului.<\/li>\n<li>Purta\u021bi echipament individual de protec\u021bie (EIP) adecvat atunci c\u00e2nd lucra\u021bi cu sau \u00een apropierea buteliei.<\/li>\n<li>Inspec\u021bii regulate ale echipamentelor pentru identificarea \u0219i abordarea poten\u021bialelor pericole de siguran\u021b\u0103.<\/li>\n<\/ul>\n<h2>Depanare \u0219i probleme frecvente<\/h2>\n<p>Problemele frecvente care pot ap\u0103rea cu cilindrul bra\u021bului includ:<\/p>\n<ul>\n<li>Scurgeri de lichid hidraulic: Verifica\u021bi dac\u0103 garniturile \u0219i conexiunile prezint\u0103 deterior\u0103ri sau uzur\u0103 \u0219i \u00eenlocui\u021bi-le dac\u0103 este necesar.<\/li>\n<li>Putere sau mi\u0219care insuficient\u0103: Asigura\u021bi o presiune \u0219i un debit hidraulice adecvate \u0219i verifica\u021bi dac\u0103 exist\u0103 blocaje sau restric\u021bii \u00een sistem.<\/li>\n<li>Zgomot sau vibra\u021bii \u00een timpul func\u021bion\u0103rii: Verifica\u021bi dac\u0103 exist\u0103 componente sl\u0103bite sau piese deteriorate \u0219i efectua\u021bi repara\u021biile sau \u00eenlocuirile necesare.<\/li>\n<\/ul>\n<p>Pentru depanarea \u0219i rezolvarea acestor probleme:<\/p>\n<ul>\n<li>Consulta\u021bi manualul echipamentului sau contacta\u021bi produc\u0103torul pentru instruc\u021biuni specifice de depanare.<\/li>\n<li>Consulta\u021bi un tehnician hidraulic calificat pentru asisten\u021b\u0103 \u00een diagnosticarea \u0219i rezolvarea problemelor.<\/li>\n<li>Implementa\u021bi m\u0103suri preventive, cum ar fi \u00eentre\u021binerea \u0219i inspec\u021biile regulate, pentru a minimiza poten\u021bialele probleme.<\/li>\n<\/ul>\n<p><img decoding=\"async\" src=\"https:\/\/www.hydraulic-cylinders.net\/wp-content\/uploads\/2025\/01\/songte-chushion-collar.webp\"><\/p>\n<p>Nu uita s\u0103 organizezi articolul logic, s\u0103 folose\u0219ti subtitluri pentru o navigare u\u0219oar\u0103 \u0219i s\u0103 incluzi imagini sau grafice relevante pentru a \u00eembun\u0103t\u0103\u021bi \u00een\u021belegerea. Asigur\u0103-te c\u0103 con\u021binutul este clar, concis \u0219i potrivit pentru cititorii cu diferite niveluri de cuno\u0219tin\u021be tehnice.<\/p>\n<p>Autor: lyl<\/p>\n<p><img decoding=\"async\" src=\"https:\/\/www.hydraulic-cylinders.net\/wp-content\/uploads\/2025\/01\/songte-company-4.webp\"><br \/>\n<img decoding=\"async\" src=\"https:\/\/www.hydraulic-cylinders.net\/wp-content\/uploads\/2025\/01\/songte-company-3.webp\"><\/p>","protected":false},"excerpt":{"rendered":"<p>Arm Cylinder For Sunward Small Excavator SWE60E Definition The Arm Cylinder is a specially designed hydraulic cylinder that provides linear motion and power to the arm of various machinery, such as excavators, cranes, and robotic arms. It plays a key role in hydraulic systems, allowing for efficient movement and control of additional tools or attachments. [&hellip;]<\/p>","protected":false},"featured_media":14759,"comment_status":"open","ping_status":"closed","template":"","meta":{"_et_pb_use_builder":"","_et_pb_old_content":"","_et_gb_content_width":""},"product_brand":[],"product_cat":[1497],"product_tag":[1498,1496],"class_list":{"0":"post-16444","1":"product","2":"type-product","3":"status-publish","4":"has-post-thumbnail","6":"product_cat-arm-cylinders","7":"product_tag-arm-cylinders","8":"product_tag-hydraulic-cylinders","10":"first","11":"instock","12":"shipping-taxable","13":"product-type-simple"},"amp_enabled":true,"_links":{"self":[{"href":"https:\/\/www.hydraulic-cylinders.net\/ro\/wp-json\/wp\/v2\/product\/16444","targetHints":{"allow":["GET"]}}],"collection":[{"href":"https:\/\/www.hydraulic-cylinders.net\/ro\/wp-json\/wp\/v2\/product"}],"about":[{"href":"https:\/\/www.hydraulic-cylinders.net\/ro\/wp-json\/wp\/v2\/types\/product"}],"replies":[{"embeddable":true,"href":"https:\/\/www.hydraulic-cylinders.net\/ro\/wp-json\/wp\/v2\/comments?post=16444"}],"wp:featuredmedia":[{"embeddable":true,"href":"https:\/\/www.hydraulic-cylinders.net\/ro\/wp-json\/wp\/v2\/media\/14759"}],"wp:attachment":[{"href":"https:\/\/www.hydraulic-cylinders.net\/ro\/wp-json\/wp\/v2\/media?parent=16444"}],"wp:term":[{"taxonomy":"product_brand","embeddable":true,"href":"https:\/\/www.hydraulic-cylinders.net\/ro\/wp-json\/wp\/v2\/product_brand?post=16444"},{"taxonomy":"product_cat","embeddable":true,"href":"https:\/\/www.hydraulic-cylinders.net\/ro\/wp-json\/wp\/v2\/product_cat?post=16444"},{"taxonomy":"product_tag","embeddable":true,"href":"https:\/\/www.hydraulic-cylinders.net\/ro\/wp-json\/wp\/v2\/product_tag?post=16444"}],"curies":[{"name":"wp","href":"https:\/\/api.w.org\/{rel}","templated":true}]}}