{"id":16449,"date":"2025-01-21T05:26:08","date_gmt":"2025-01-21T05:26:08","guid":{"rendered":"https:\/\/www.hydraulic-cylinders.net\/product\/arm-cylinder-for-sunward-middle-excavator-swe26olc\/"},"modified":"2025-01-21T05:26:10","modified_gmt":"2025-01-21T05:26:10","slug":"arm-cylinder-for-sunward-middle-excavator-swe26olc","status":"publish","type":"product","link":"https:\/\/www.hydraulic-cylinders.net\/ro\/produs\/arm-cylinder-for-sunward-middle-excavator-swe26olc\/","title":{"rendered":"Cilindru bra\u021b pentru excavatorul Sunward Middle SWE26OLC"},"content":{"rendered":"<h1>Cilindru bra\u021b pentru excavatorul Sunward Middle SWE26OLC<\/h1>\n<h2>Introducere<\/h2>\n<p>Cilindrul bra\u021bului este un cilindru hidraulic special conceput care ofer\u0103 mi\u0219care liniar\u0103 \u0219i putere bra\u021bului diferitelor ma\u0219ini, cum ar fi excavatoare, macarale \u0219i bra\u021be mecanice. Acesta joac\u0103 un rol crucial \u00een sistemele hidraulice, permi\u021b\u00e2nd mi\u0219carea \u0219i controlul eficient al uneltelor sau ata\u0219amentelor suplimentare. Ace\u0219ti cilindri nu numai c\u0103 permit o mi\u0219care lin\u0103, dar rezist\u0103 \u0219i la sarcini grele, asigur\u00e2nd func\u021bionarea eficient\u0103 \u0219i fiabilitatea utilajelor \u00een diverse condi\u021bii de lucru.<\/p>\n<p><img decoding=\"async\" src=\"https:\/\/www.hydraulic-cylinders.net\/wp-content\/uploads\/2025\/01\/songte-company-2.webp\"><\/p>\n<h2>Caracteristici<\/h2>\n<ul>\n<li>Transmisie de \u00eenalt\u0103 eficien\u021b\u0103: Cilindrul bra\u021bului ofer\u0103 o mi\u0219care liniar\u0103 puternic\u0103 \u0219i o for\u021b\u0103, asigur\u00e2nd performan\u021be ridicate ale bra\u021bului mecanic \u00een diverse opera\u021biuni.<\/li>\n<li>Control precis: Prin intermediul sistemului hidraulic, cilindrul bra\u021bului permite un control precis al mi\u0219c\u0103rii, f\u0103c\u00e2nd func\u021bionarea uneltelor ata\u0219ate mai flexibil\u0103 \u0219i mai precis\u0103.<\/li>\n<li>Durabilitate ridicat\u0103: Cilindrii bra\u021bului sunt de obicei fabrica\u021bi din materiale de \u00eenalt\u0103 rezisten\u021b\u0103, oferind o bun\u0103 rezisten\u021b\u0103 la uzur\u0103 \u0219i la coroziune, ceea ce \u00eei face potrivi\u021bi pentru utilizarea pe termen lung \u00een medii dure.<\/li>\n<li>Adaptabilitate multifunc\u021bional\u0103: Ace\u0219ti cilindri pot fi utiliza\u021bi pe scar\u0103 larg\u0103 \u00een diverse echipamente, cum ar fi excavatoare, macarale \u0219i bra\u021be mecanice, adapt\u00e2ndu-se la diferite cerin\u021be de lucru.<\/li>\n<li>\u00centre\u021binere u\u0219oar\u0103: Conceput pentru \u00eentre\u021binere \u0219i \u00eenlocuire u\u0219oar\u0103, cilindrul bra\u021bului faciliteaz\u0103 inspec\u021biile \u0219i \u00eentre\u021binerea regulat\u0103, reduc\u00e2nd timpul de nefunc\u021bionare a echipamentului.<\/li>\n<\/ul>\n<p><img decoding=\"async\" src=\"https:\/\/www.hydraulic-cylinders.net\/wp-content\/uploads\/2025\/01\/songte-oil-pipes-and-spare-parts.webp\"><\/p>\n<h2>Aplica\u021bii<\/h2>\n<p>Cilindrul cu bra\u021b \u00ee\u0219i g\u0103se\u0219te aplica\u021bii \u00een diverse industrii:<\/p>\n<ol>\n<li>Inginerie de construc\u021bii: La excavatoare \u0219i macarale, cilindrul bra\u021bului controleaz\u0103 mi\u0219carea cupelor sau a bra\u021belor, facilit\u00e2nd lucr\u0103rile de terasament, manipularea materialelor \u0219i instalarea structural\u0103.<\/li>\n<li>Industria prelucr\u0103toare: \u00cen liniile de produc\u021bie automatizate, cilindrul bra\u021bului este utilizat pentru mi\u0219carea bra\u021belor mecanice, permi\u021b\u00e2nd procese precum asamblarea, sudarea \u0219i manipularea materialelor, \u00eembun\u0103t\u0103\u021bind astfel eficien\u021ba \u0219i precizia produc\u021biei.<\/li>\n<li>Ma\u0219ini agricole: \u00cen echipamentele agricole, cum ar fi combinele de recoltat \u0219i sem\u0103n\u0103toarele, cilindrul bra\u021bului controleaz\u0103 mi\u0219carea bra\u021belor de operare, efectu\u00e2nd sarcini precum sem\u0103natul, fertilizarea \u0219i recoltarea.<\/li>\n<li>Minerit: \u00cen echipamentele miniere, cilindrul bra\u021bului controleaz\u0103 mi\u0219carea bra\u021bului utilajelor miniere, facilit\u00e2nd extrac\u021bia \u0219i transportul minereului.<\/li>\n<li>Logistic\u0103 \u0219i transport: La stivuitoarele \u0219i robo\u021bii de manipulare, cilindrul bra\u021bului controleaz\u0103 ridicarea \u0219i mi\u0219carea furcilor, permi\u021b\u00e2nd manipularea \u0219i stivuirea materialelor.<\/li>\n<\/ol>\n<h2>Considera\u021bii de proiectare \u0219i criterii de selec\u021bie<\/h2>\n<p>Considera\u021biile de proiectare \u0219i criteriile de selec\u021bie pentru cilindrii bra\u021bului includ:<\/p>\n<ul>\n<li>Capacitate portant\u0103: Discuta\u021bi capacitatea cilindrului bra\u021bului de a suporta diverse sarcini \u0219i for\u021be.<\/li>\n<li>Etan\u0219are: Explica\u021bi utilizarea diferitelor componente de etan\u0219are, cum ar fi etan\u0219\u0103rile pistonului \u0219i etan\u0219\u0103rile tijei, fabricate din materiale rezistente la uzur\u0103, cum ar fi poliuretanul \u0219i cauciucul nitrilic.<\/li>\n<li>Durabilitate: Discuta\u021bi utilizarea tratamentelor fine de suprafa\u021b\u0103 pe corpul cilindrului \u0219i capetele filetate pentru a spori rezisten\u021ba la uzur\u0103.<\/li>\n<li>Siguran\u021b\u0103: Sublinia\u021bi importan\u021ba lu\u0103rii \u00een considerare a factorilor de siguran\u021b\u0103 \u00een proiectarea \u0219i func\u021bionarea cilindrului bra\u021bului.<\/li>\n<li>\u00centre\u021binere: Discuta\u021bi u\u0219urin\u021ba lubrifierii regulate \u0219i necesitatea complet\u0103rii periodice a uleiului hidraulic.<\/li>\n<\/ul>\n<p><img decoding=\"async\" src=\"https:\/\/www.hydraulic-cylinders.net\/wp-content\/uploads\/2025\/01\/songte-cylinder-head-with-all-kinds-excavator-models.webp\"><\/p>\n<h2>M\u0103suri de \u00eentre\u021binere \u0219i precau\u021bie<\/h2>\n<p>Inspec\u021biile regulate \u0219i m\u0103surile de \u00eentre\u021binere preventiv\u0103 pentru cilindrul bra\u021bului includ:<\/p>\n<ul>\n<li>Inspectarea componentelor de etan\u0219are pentru scurgeri, deterior\u0103ri sau uzur\u0103 anormal\u0103.<\/li>\n<li>Verificarea nivelului fluidului hidraulic \u0219i completarea acestuia dup\u0103 cum este necesar.<\/li>\n<li>Asigurarea lubrifierii corespunz\u0103toare a pieselor mobile.<\/li>\n<li>Str\u00e2ngerea conexiunilor \u0219i elementelor de fixare sl\u0103bite.<\/li>\n<li>Respectarea instruc\u021biunilor produc\u0103torului privind intervalele de \u00eentre\u021binere \u0219i service.<\/li>\n<\/ul>\n<h2>Ghid de instalare<\/h2>\n<p>Urma\u021bi ace\u0219ti pa\u0219i pentru instalarea corect\u0103 a cilindrului bra\u021bului:<\/p>\n<ol>\n<li>Preg\u0103ti\u021bi zona de instalare \u0219i asigura\u021bi-v\u0103 c\u0103 este curat\u0103 \u0219i lipsit\u0103 de resturi.<\/li>\n<li>Pozi\u021biona\u021bi cilindrul bra\u021bului \u00een orientarea corect\u0103 \u0219i alinia\u021bi-l cu punctele de montare.<\/li>\n<li>Fixa\u021bi cilindrul \u00een siguran\u021b\u0103 folosind \u0219uruburile \u0219i piesele metalice corespunz\u0103toare.<\/li>\n<li>Conecta\u021bi conductele hidraulice conform schemei sau instruc\u021biunilor furnizate.<\/li>\n<li>Efectua\u021bi o inspec\u021bie \u0219i o testare am\u0103nun\u021bit\u0103 pentru a asigura func\u021bionarea corect\u0103.<\/li>\n<\/ol>\n<p><img decoding=\"async\" src=\"https:\/\/www.hydraulic-cylinders.net\/wp-content\/uploads\/2025\/01\/songte-bushings-with-all-kinds-of-excavator-models.webp\"><\/p>\n<h2>Considera\u021bii de siguran\u021b\u0103 \u0219i factori de mediu<\/h2>\n<p>C\u00e2nd se utilizeaz\u0103 cilindrul bra\u021bului, este esen\u021bial s\u0103 se acorde prioritate m\u0103surilor de siguran\u021b\u0103, lu\u00e2nd \u00een considerare factorii de mediu. Trebuie luate m\u0103suri de siguran\u021b\u0103 pentru a preveni accidentele \u0219i a proteja personalul.<\/p>\n<h2>Diagnosticarea defec\u021biunilor \u0219i probleme frecvente<\/h2>\n<p>Diagnosticarea defec\u021biunilor \u0219i problemele comune ale cilindrului bra\u021bului pot include urm\u0103toarele:<\/p>\n<ul>\n<li>Scurgere de fluid hidraulic.<\/li>\n<li>E\u0219ecul de a extinde sau retrage corect.<\/li>\n<li>Zgomot excesiv \u00een timpul func\u021bion\u0103rii.<\/li>\n<li>Mi\u0219c\u0103ri neregulate sau sacadate.<\/li>\n<li>For\u021b\u0103 sau putere inadecvat\u0103.<\/li>\n<\/ul>\n<p>Pentru depanare \u0219i rezolvare a problemelor, urma\u021bi aceste sfaturi \u0219i solu\u021bii pentru a diagnostica \u0219i rezolva eficient problemele:<\/p>\n<ul>\n<li>Verifica\u021bi dac\u0103 garniturile sunt sl\u0103bite sau deteriorate \u0219i \u00eenlocui\u021bi-le dac\u0103 este necesar.<\/li>\n<li>Verifica\u021bi conductele hidraulice pentru scurgeri sau blocaje.<\/li>\n<li>Asigura\u021bi nivelurile \u0219i v\u00e2scozitatea corecte ale fluidului hidraulic.<\/li>\n<li>Verifica\u021bi dac\u0103 exist\u0103 componente uzate sau deteriorate \u0219i \u00eenlocui\u021bi-le dac\u0103 este necesar.<\/li>\n<li>Consulta\u021bi ghidul de depanare al produc\u0103torului pentru probleme specifice.<\/li>\n<\/ul>\n<p><img decoding=\"async\" src=\"https:\/\/www.hydraulic-cylinders.net\/wp-content\/uploads\/2025\/01\/songte-chushion-collar.webp\"><\/p>\n<p>Nu uita s\u0103 organizezi articolul logic, s\u0103 folose\u0219ti subtitluri pentru o navigare u\u0219oar\u0103, s\u0103 incluzi imagini sau grafice relevante pentru a \u00eembun\u0103t\u0103\u021bi \u00een\u021belegerea \u0219i s\u0103 te asiguri c\u0103 respectivul con\u021binut este clar, concis \u0219i potrivit pentru cititorii cu diferite niveluri de cuno\u0219tin\u021be tehnice.<\/p>\n<h2>Despre noi<\/h2>\n<p>Suntem un produc\u0103tor profesionist de cilindri hidraulici de schimb, oferind o gam\u0103 larg\u0103 de produse. Am devenit unul dintre principalii produc\u0103tori \u0219i distribuitori angro de cilindri hidraulici at\u00e2t pe pia\u021ba intern\u0103, c\u00e2t \u0219i pe cea interna\u021bional\u0103. Men\u021bin\u00e2nd principiul excelen\u021bei \u00een calitate, ne \u00eembun\u0103t\u0103\u021bim continuu capacit\u0103\u021bile tehnologice \u0219i eficien\u021ba produc\u021biei prin ateliere de fabrica\u021bie perfec\u021bionate \u0219i strategii de management al produc\u021biei industriale. Prin introducerea de echipamente digitale de fabrica\u021bie de ultim\u0103 genera\u021bie \u0219i sisteme profesionale de testare, optimiz\u0103m platforma noastr\u0103 de fabrica\u021bie, \u00eembun\u0103t\u0103\u021bim procesele de control al calit\u0103\u021bii produselor \u0219i de\u021binem capacit\u0103\u021bi puternice de inovare. Scopul nostru este de a satisface diversele nevoi ale clien\u021bilor cu principii de eficien\u021b\u0103, precizie \u0219i \u00eenalt\u0103 calitate.<\/p>\n<p><img decoding=\"async\" src=\"https:\/\/www.hydraulic-cylinders.net\/wp-content\/uploads\/2025\/01\/songte-company-4.webp\"><br \/>\n<img decoding=\"async\" src=\"https:\/\/www.hydraulic-cylinders.net\/wp-content\/uploads\/2025\/01\/songte-company-3.webp\"><\/p>\n<p>Autor: lyl<\/p>","protected":false},"excerpt":{"rendered":"<p>Arm Cylinder For Sunward Middle Excavator SWE26OLC Introduction The arm cylinder is a specially designed hydraulic cylinder that provides linear motion and power to the arm of various machines, such as excavators, cranes, and mechanical arms. It plays a crucial role in hydraulic systems, allowing for the efficient movement and control of additional tools or [&hellip;]<\/p>","protected":false},"featured_media":14777,"comment_status":"open","ping_status":"closed","template":"","meta":{"_et_pb_use_builder":"","_et_pb_old_content":"","_et_gb_content_width":""},"product_brand":[],"product_cat":[1497],"product_tag":[1498,1496],"class_list":{"0":"post-16449","1":"product","2":"type-product","3":"status-publish","4":"has-post-thumbnail","6":"product_cat-arm-cylinders","7":"product_tag-arm-cylinders","8":"product_tag-hydraulic-cylinders","10":"first","11":"instock","12":"shipping-taxable","13":"product-type-simple"},"amp_enabled":true,"_links":{"self":[{"href":"https:\/\/www.hydraulic-cylinders.net\/ro\/wp-json\/wp\/v2\/product\/16449","targetHints":{"allow":["GET"]}}],"collection":[{"href":"https:\/\/www.hydraulic-cylinders.net\/ro\/wp-json\/wp\/v2\/product"}],"about":[{"href":"https:\/\/www.hydraulic-cylinders.net\/ro\/wp-json\/wp\/v2\/types\/product"}],"replies":[{"embeddable":true,"href":"https:\/\/www.hydraulic-cylinders.net\/ro\/wp-json\/wp\/v2\/comments?post=16449"}],"wp:featuredmedia":[{"embeddable":true,"href":"https:\/\/www.hydraulic-cylinders.net\/ro\/wp-json\/wp\/v2\/media\/14777"}],"wp:attachment":[{"href":"https:\/\/www.hydraulic-cylinders.net\/ro\/wp-json\/wp\/v2\/media?parent=16449"}],"wp:term":[{"taxonomy":"product_brand","embeddable":true,"href":"https:\/\/www.hydraulic-cylinders.net\/ro\/wp-json\/wp\/v2\/product_brand?post=16449"},{"taxonomy":"product_cat","embeddable":true,"href":"https:\/\/www.hydraulic-cylinders.net\/ro\/wp-json\/wp\/v2\/product_cat?post=16449"},{"taxonomy":"product_tag","embeddable":true,"href":"https:\/\/www.hydraulic-cylinders.net\/ro\/wp-json\/wp\/v2\/product_tag?post=16449"}],"curies":[{"name":"wp","href":"https:\/\/api.w.org\/{rel}","templated":true}]}}