{"id":16460,"date":"2025-01-21T05:26:50","date_gmt":"2025-01-21T05:26:50","guid":{"rendered":"https:\/\/www.hydraulic-cylinders.net\/product\/arm-cylinder-for-sunward-hybrid-excavator-swe230s\/"},"modified":"2025-01-21T05:26:57","modified_gmt":"2025-01-21T05:26:57","slug":"arm-cylinder-for-sunward-hybrid-excavator-swe230s","status":"publish","type":"product","link":"https:\/\/www.hydraulic-cylinders.net\/ro\/produs\/arm-cylinder-for-sunward-hybrid-excavator-swe230s\/","title":{"rendered":"Cilindru de bra\u021b pentru excavatorul hibrid Sunward SWE230S"},"content":{"rendered":"<p>Cilindru de bra\u021b pentru excavatorul hibrid Sunward SWE230S \u2013 O introducere complet\u0103<\/p>\n<h2>Introducere<\/h2>\n<h3>Definirea cilindrului bra\u021bului<\/h3>\n<p>Cilindrul de bra\u021b este un cilindru hidraulic special conceput pentru a oferi mi\u0219care liniar\u0103 \u0219i putere bra\u021belor diferitelor utilaje, cum ar fi excavatoare, macarale \u0219i bra\u021be robotizate. Acesta joac\u0103 un rol crucial \u00een sistemele hidraulice, permi\u021b\u00e2nd mi\u0219carea \u0219i controlul eficient al sculelor sau accesoriilor ata\u0219ate. Ace\u0219ti cilindri nu numai c\u0103 realizeaz\u0103 o mi\u0219care lin\u0103, dar rezist\u0103 \u0219i la sarcini grele, asigur\u00e2nd func\u021bionarea eficient\u0103 \u0219i fiabilitatea utilajelor \u00een diverse condi\u021bii de func\u021bionare.<\/p>\n<p><img decoding=\"async\" src=\"https:\/\/www.hydraulic-cylinders.net\/wp-content\/uploads\/2025\/01\/songte-company-2.webp\" alt=\"Cilindru bra\u021b\" \/><\/p>\n<h3>Caracteristicile cilindrului bra\u021bului<\/h3>\n<ul>\n<li>Transmisie eficient\u0103 a puterii: Cilindrul bra\u021bului ofer\u0103 o mi\u0219care liniar\u0103 puternic\u0103 \u0219i o for\u021b\u0103, asigur\u00e2nd performan\u021be ridicate ale bra\u021bului robotic \u00een diverse opera\u021biuni.<\/li>\n<li>Control precis: Cu sistemul hidraulic, cilindrul bra\u021bului realizeaz\u0103 un control precis al mi\u0219c\u0103rii, f\u0103c\u00e2nd func\u021bionarea uneltelor ata\u0219ate mai flexibil\u0103 \u0219i precis\u0103.<\/li>\n<li>Durabil: Cilindrul bra\u021bului este de obicei fabricat din materiale de \u00eenalt\u0103 rezisten\u021b\u0103, cu rezisten\u021b\u0103 bun\u0103 la uzur\u0103 \u0219i coroziune, potrivit pentru utilizare pe termen lung \u00een medii dure.<\/li>\n<li>Adaptabilitate multifunc\u021bional\u0103: Ace\u0219ti cilindri pot fi utiliza\u021bi pe scar\u0103 larg\u0103 \u00een diverse echipamente mecanice, cum ar fi excavatoare, macarale \u0219i bra\u021be robotizate, adapt\u00e2ndu-se la diferite cerin\u021be de lucru.<\/li>\n<li>\u00centre\u021binere u\u0219oar\u0103: Designul are \u00een vedere \u00eentre\u021binerea \u0219i \u00eenlocuirea u\u0219oar\u0103, ceea ce face ca inspec\u021bia \u0219i \u00eentre\u021binerea regulat\u0103 s\u0103 fie mai convenabile \u0219i s\u0103 reduc\u0103 timpul de nefunc\u021bionare a echipamentelor.<\/li>\n<\/ul>\n<p><img decoding=\"async\" src=\"https:\/\/www.hydraulic-cylinders.net\/wp-content\/uploads\/2025\/01\/songte-oil-pipes-and-spare-parts.webp\" alt=\"Piese de schimb pentru cilindrul bra\u021bului\" \/><\/p>\n<h3>Aplica\u021bii ale cilindrului bra\u021bului<\/h3>\n<p>Cilindrul cu bra\u021b este utilizat pe scar\u0103 larg\u0103 \u00een diverse domenii, cum ar fi:<\/p>\n<h4>Inginerie de construc\u021bii<\/h4>\n<p>La excavatoare \u0219i macarale, cilindrul bra\u021bului controleaz\u0103 mi\u0219carea cupei sau a bra\u021bului, efectu\u00e2nd lucr\u0103ri de terasament, manipularea materialelor \u0219i instalarea structural\u0103.<\/p>\n<h4>Industria prelucr\u0103toare<\/h4>\n<p>\u00cen liniile de produc\u021bie automatizate, cilindrul bra\u021bului controleaz\u0103 mi\u0219carea bra\u021belor robotizate, efectu\u00e2nd procese de asamblare, sudare \u0219i manipulare a materialelor, \u00eembun\u0103t\u0103\u021bind eficien\u021ba \u0219i precizia produc\u021biei.<\/p>\n<h4>Ma\u0219ini agricole<\/h4>\n<p>\u00cen utilajele agricole, cum ar fi combinele de recoltat \u0219i sem\u0103n\u0103toarele, cilindrul bra\u021bului controleaz\u0103 mi\u0219carea bra\u021bului de operare, execut\u00e2nd sarcinile de sem\u0103nat, fertilizare \u0219i recoltare.<\/p>\n<h4>Industria minier\u0103<\/h4>\n<p>\u00cen echipamentele miniere, cilindrul bra\u021bului controleaz\u0103 mi\u0219carea bra\u021bului echipamentului minier, efectu\u00e2nd extrac\u021bia \u0219i manipularea minereului.<\/p>\n<h4>Logistic\u0103 \u0219i transporturi<\/h4>\n<p>\u00cen cazul stivuitoarelor \u0219i robo\u021bilor de manipulare, cilindrul bra\u021bului controleaz\u0103 ridicarea \u0219i mi\u0219carea furcilor, realiz\u00e2nd manipularea \u0219i stivuirea materialelor.<\/p>\n<h2>Considera\u021bii de proiectare \u0219i criterii de selec\u021bie<\/h2>\n<p>Arm cylinder&#8217;s design considerations include:<\/p>\n<h3>Capacitate portant\u0103<\/h3>\n<p>Arm cylinder should withstand the force and load generated by the machinery&#8217;s arms and accessories, ensuring stable and safe operation.<\/p>\n<h3>Sigilare<\/h3>\n<p>Cilindrul bra\u021bului trebuie s\u0103 utilizeze diverse componente de etan\u0219are, cum ar fi etan\u0219\u0103ri de piston \u0219i etan\u0219\u0103ri de tij\u0103, fabricate din materiale rezistente la uzur\u0103, cum ar fi poliuretanul \u0219i cauciucul nitrilic. Chiulasa \u0219i suprafe\u021bele filetate ale cap\u0103tului cilindrului sunt supuse unor prelucr\u0103ri fine pentru a \u00eembun\u0103t\u0103\u021bi rezisten\u021ba la uzur\u0103. Ad\u0103ugarea regulat\u0103 de ulei hidraulic adecvat este necesar\u0103 pentru lubrifiere.<\/p>\n<h3>Durabilitate<\/h3>\n<p>Cilindrul bra\u021bului este fabricat din materiale de \u00eenalt\u0103 rezisten\u021b\u0103, cu rezisten\u021b\u0103 bun\u0103 la uzur\u0103 \u0219i coroziune, asigur\u00e2nd utilizarea pe termen lung \u00een medii dure.<\/p>\n<h3>Siguran\u0163\u0103<\/h3>\n<p>Cilindrul bra\u021bului trebuie s\u0103 respecte reglement\u0103rile \u0219i standardele de siguran\u021b\u0103 relevante, asigur\u00e2nd func\u021bionarea \u00een siguran\u021b\u0103 \u0219i reduc\u00e2nd riscul de accidente.<\/p>\n<h3>Mentenabilitate<\/h3>\n<p>Arm cylinder&#8217;s design should consider easy maintenance and replacement, reducing equipment downtime and maintenance costs.<\/p>\n<p><img decoding=\"async\" src=\"https:\/\/www.hydraulic-cylinders.net\/wp-content\/uploads\/2025\/01\/songte-cylinder-head-with-all-kinds-excavator-models.webp\" alt=\"Designul cilindrului bra\u021bului\" \/><\/p>\n<h2>Etan\u0219are \u0219i lubrifiere<\/h2>\n<p>Cilindrul cu bra\u021b utilizeaz\u0103 diverse componente de etan\u0219are, cum ar fi etan\u0219\u0103ri de piston \u0219i etan\u0219\u0103ri de tij\u0103, fabricate din materiale rezistente la uzur\u0103, cum ar fi poliuretanul \u0219i cauciucul nitrilic. Chiulasa \u0219i suprafe\u021bele filetate ale cap\u0103tului sunt supuse unor prelucr\u0103ri fine pentru a \u00eembun\u0103t\u0103\u021bi rezisten\u021ba la uzur\u0103. Ad\u0103ugarea regulat\u0103 de ulei hidraulic adecvat este necesar\u0103 pentru lubrifiere.<\/p>\n<h2>\u00centre\u021binere preventiv\u0103<\/h2>\n<p>Regular inspection and preventive maintenance are crucial for arm cylinder&#8217;s reliable operation. It includes:<\/p>\n<h3>Inspec\u0163ie<\/h3>\n<p>Regular inspection of the cylinder&#8217;s surface, sealing, and mounting conditions, looking for signs of wear, leakage, or damage.<\/p>\n<h3>Cur\u0103\u021benie<\/h3>\n<p>Clean the cylinder&#8217;s surface and surrounding areas to remove debris, dust, or contamination.<\/p>\n<h3>Lubrifiere<\/h3>\n<p>Ad\u0103uga\u021bi ulei hidraulic adecvat pentru lubrifiere, verific\u00e2nd nivelul \u0219i calitatea uleiului.<\/p>\n<h3>\u00cenlocuire<\/h3>\n<p>\u00cenlocui\u021bi componentele de etan\u0219are uzate sau deteriorate sau \u00eentregul cilindru, dac\u0103 este necesar.<\/p>\n<p><img decoding=\"async\" src=\"https:\/\/www.hydraulic-cylinders.net\/wp-content\/uploads\/2025\/01\/songte-chushion-collar.webp\" alt=\"\u00centre\u021binerea cilindrului bra\u021bului\" \/><\/p>\n<h2>Ghid de instalare<\/h2>\n<p>The installation of arm cylinder should follow the manufacturer&#8217;s instructions and relevant safety regulations. It includes:<\/p>\n<h3>Preg\u0103tire<\/h3>\n<p>Preg\u0103ti\u021bi locul de instalare, uneltele \u0219i echipamentele necesare pentru instalare.<\/p>\n<h3>Montare<\/h3>\n<p>Monta\u021bi cilindrul pe bra\u021bul sau suportul ma\u0219inii, asigur\u00e2nd alinierea \u0219i str\u00e2ngerea corect\u0103 a \u0219uruburilor sau \u0219uruburilor.<\/p>\n<h3>Testare<\/h3>\n<p>Test the cylinder&#8217;s movement, ensuring smooth and precise motion, and no signs of leakage or damage.<\/p>\n<h3>Opera\u021biune<\/h3>\n<p>Operate machinery with caution, following relevant safety regulations and monitoring the cylinder&#8217;s operation conditions.<\/p>\n<p><img decoding=\"async\" src=\"https:\/\/www.hydraulic-cylinders.net\/wp-content\/uploads\/2025\/01\/songte-bushings-with-all-kinds-of-excavator-models.webp\" alt=\"Instalarea cilindrului bra\u021bului\" \/><\/p>\n<h2>Considera\u021bii de siguran\u021b\u0103 \u0219i factori de mediu<\/h2>\n<p>Este esen\u021bial s\u0103 respecta\u021bi reglement\u0103rile \u0219i standardele de siguran\u021b\u0103 relevante atunci c\u00e2nd utiliza\u021bi cilindrul bra\u021bului, reduc\u00e2nd riscul de accidente \u0219i asigur\u00e2nd func\u021bionarea \u00een siguran\u021b\u0103. Cilindrul bra\u021bului ar trebui s\u0103 ia \u00een considerare \u0219i factorii de mediu, cum ar fi temperatura, umiditatea \u0219i contaminarea, care \u00eei afecteaz\u0103 performan\u021ba \u0219i durabilitatea.<\/p>\n<h2>Diagnosticarea \u0219i depanarea defec\u021biunilor<\/h2>\n<p>Problemele frecvente ale cilindrului bra\u021bului includ scurgeri, mi\u0219care insuficient\u0103 \u0219i zgomot. Pa\u0219ii de depanare includ:<\/p>\n<h3>Inspec\u0163ie<\/h3>\n<p>Inspect the cylinder&#8217;s surface, sealing, and mounting conditions, looking for signs of wear, leakage, or damage.<\/p>\n<h3>Cur\u0103\u021benie<\/h3>\n<p>Clean the cylinder&#8217;s surface and surrounding areas to remove debris, dust, or contamination.<\/p>\n<h3>Lubrifiere<\/h3>\n<p>Ad\u0103uga\u021bi ulei hidraulic adecvat pentru lubrifiere, verific\u00e2nd nivelul \u0219i calitatea uleiului.<\/p>\n<h3>\u00cenlocuire<\/h3>\n<p>\u00cenlocui\u021bi componentele de etan\u0219are uzate sau deteriorate sau \u00eentregul cilindru, dac\u0103 este necesar.<\/p>\n<h3>M\u0103suri preventive<\/h3>\n<p>Implementa\u021bi m\u0103suri de \u00eentre\u021binere preventiv\u0103, cum ar fi inspec\u021bia \u0219i cur\u0103\u021barea regulat\u0103, pentru a reduce poten\u021bialele probleme.<\/p>\n<p><img decoding=\"async\" src=\"https:\/\/www.hydraulic-cylinders.net\/wp-content\/uploads\/2025\/01\/songte-company-4.webp\" alt=\"Introducerea companiei\" \/><br \/>\n<img decoding=\"async\" src=\"https:\/\/www.hydraulic-cylinders.net\/wp-content\/uploads\/2025\/01\/songte-company-3.webp\" alt=\"Introducerea companiei\" \/><\/p>\n<h2>Despre noi<\/h2>\n<p>We are a professional manufacturer of hydraulic cylinders, providing a wide range of products and services to become one of the leading hydraulic cylinder manufacturers and wholesale distributors in domestic and international markets. We adhere to the principle of excellent quality, relying on the industrialized production management strategy of the fine manufacturing workshop, continuously improving our technology, and production efficiency. Through the introduction of high-end digital manufacturing equipment and professional testing systems, we optimize the manufacturing platform, improve the product quality control process, and have strong innovation capabilities. Our goal is to meet customers&#8217; diverse needs with the principles of efficiency, accuracy, and high quality.<\/p>\n<p>We provide professional services, international certification, customized services, production equipment, and after-sales services to meet customers&#8217; various needs.<\/p>\n<p><b>Autor: lyl<\/b><\/p>","protected":false},"excerpt":{"rendered":"<p>Arm Cylinder For Sunward Hybrid Excavator SWE230S \u2013 A Comprehensive Introduction Introduction Defining Arm Cylinder Arm cylinder is a hydraulic cylinder specially designed to provide linear movement and power to the arms of various machinery, such as excavators, cranes, and robotic arms. It plays a crucial role in hydraulic systems, enabling the effective movement and [&hellip;]<\/p>","protected":false},"featured_media":14774,"comment_status":"open","ping_status":"closed","template":"","meta":{"_et_pb_use_builder":"","_et_pb_old_content":"","_et_gb_content_width":""},"product_brand":[],"product_cat":[1497],"product_tag":[1498,1496],"class_list":{"0":"post-16460","1":"product","2":"type-product","3":"status-publish","4":"has-post-thumbnail","6":"product_cat-arm-cylinders","7":"product_tag-arm-cylinders","8":"product_tag-hydraulic-cylinders","10":"first","11":"instock","12":"shipping-taxable","13":"product-type-simple"},"amp_enabled":true,"_links":{"self":[{"href":"https:\/\/www.hydraulic-cylinders.net\/ro\/wp-json\/wp\/v2\/product\/16460","targetHints":{"allow":["GET"]}}],"collection":[{"href":"https:\/\/www.hydraulic-cylinders.net\/ro\/wp-json\/wp\/v2\/product"}],"about":[{"href":"https:\/\/www.hydraulic-cylinders.net\/ro\/wp-json\/wp\/v2\/types\/product"}],"replies":[{"embeddable":true,"href":"https:\/\/www.hydraulic-cylinders.net\/ro\/wp-json\/wp\/v2\/comments?post=16460"}],"wp:featuredmedia":[{"embeddable":true,"href":"https:\/\/www.hydraulic-cylinders.net\/ro\/wp-json\/wp\/v2\/media\/14774"}],"wp:attachment":[{"href":"https:\/\/www.hydraulic-cylinders.net\/ro\/wp-json\/wp\/v2\/media?parent=16460"}],"wp:term":[{"taxonomy":"product_brand","embeddable":true,"href":"https:\/\/www.hydraulic-cylinders.net\/ro\/wp-json\/wp\/v2\/product_brand?post=16460"},{"taxonomy":"product_cat","embeddable":true,"href":"https:\/\/www.hydraulic-cylinders.net\/ro\/wp-json\/wp\/v2\/product_cat?post=16460"},{"taxonomy":"product_tag","embeddable":true,"href":"https:\/\/www.hydraulic-cylinders.net\/ro\/wp-json\/wp\/v2\/product_tag?post=16460"}],"curies":[{"name":"wp","href":"https:\/\/api.w.org\/{rel}","templated":true}]}}