{"id":16477,"date":"2025-01-21T05:28:06","date_gmt":"2025-01-21T05:28:06","guid":{"rendered":"https:\/\/www.hydraulic-cylinders.net\/product\/arm-cylinder-for-lishide-large-excavator-sc330-8\/"},"modified":"2025-01-21T05:28:08","modified_gmt":"2025-01-21T05:28:08","slug":"arm-cylinder-for-lishide-large-excavator-sc330-8","status":"publish","type":"product","link":"https:\/\/www.hydraulic-cylinders.net\/ro\/produs\/arm-cylinder-for-lishide-large-excavator-sc330-8\/","title":{"rendered":"Cilindru de bra\u021b pentru excavatorul mare Lishide SC330.8"},"content":{"rendered":"<h1>Cilindru de bra\u021b pentru excavatorul mare Lishide SC330.8<\/h1>\n<h2>Introducere<\/h2>\n<h3>Defini\u021bie \u0219i explica\u021bie<\/h3>\n<p>Un cilindru de bra\u021b este un cilindru hidraulic special conceput, utilizat \u00een principal pentru a oferi mi\u0219care liniar\u0103 \u0219i putere bra\u021belor diferitelor tipuri de utilaje, cum ar fi excavatoare, macarale \u0219i bra\u021be mecanice. Cilindrii de bra\u021b joac\u0103 un rol esen\u021bial \u00een sistemele hidraulice, permi\u021b\u00e2nd mi\u0219c\u0103rii \u0219i control\u0103rii eficiente a uneltelor sau ata\u0219amentelor suplimentare. Ace\u0219ti cilindri nu numai c\u0103 realizeaz\u0103 mi\u0219c\u0103ri line, dar suport\u0103 \u0219i sarcini grele, asigur\u00e2nd func\u021bionarea eficient\u0103 \u0219i fiabilitatea utilajelor \u00een diverse condi\u021bii de func\u021bionare.<\/p>\n<p><img decoding=\"async\" src=\"https:\/\/www.hydraulic-cylinders.net\/wp-content\/uploads\/2025\/01\/songte-company-2.webp\" alt=\"Imaginea cilindrului bra\u021bului\"><\/p>\n<h2>Caracteristici<\/h2>\n<p>Cilindrul bra\u021bului pentru excavatorul mare Lishide SC330.8 are urm\u0103toarele caracteristici:<\/p>\n<ul>\n<li><strong>Transmisie de putere de \u00eenalt\u0103 eficien\u021b\u0103:<\/strong> Cilindrul bra\u021bului ofer\u0103 o mi\u0219care liniar\u0103 puternic\u0103 \u0219i o for\u021b\u0103, asigur\u00e2nd o eficien\u021b\u0103 de \u00eenalt\u0103 performan\u021b\u0103 a bra\u021bului mecanic \u00een diverse opera\u021biuni.<\/li>\n<li><strong>Control precis:<\/strong> Prin intermediul sistemului hidraulic, cilindrul bra\u021bului poate realiza un control precis al mi\u0219c\u0103rii, f\u0103c\u00e2nd operarea uneltelor suplimentare mai flexibil\u0103 \u0219i precis\u0103.<\/li>\n<li><strong>Durabilitate puternic\u0103:<\/strong> Cilindrii bra\u021bului sunt de obicei fabrica\u021bi din materiale de \u00eenalt\u0103 rezisten\u021b\u0103 \u0219i au o bun\u0103 rezisten\u021b\u0103 la uzur\u0103 \u0219i coroziune, fiind potrivi\u021bi pentru utilizare pe termen lung \u00een medii dure.<\/li>\n<li><strong>Adaptabilitate multifunc\u021bional\u0103:<\/strong> Ace\u0219ti cilindri pot fi utiliza\u021bi pe scar\u0103 larg\u0103 \u00een diverse tipuri de utilaje, cum ar fi excavatoare, macarale \u0219i bra\u021be mecanice, adapt\u00e2ndu-se la diferite nevoi de lucru.<\/li>\n<li><strong>\u00centre\u021binere u\u0219oar\u0103:<\/strong> Designul ia \u00een considerare u\u0219urin\u021ba \u00eentre\u021binerii \u0219i \u00eenlocuirii, ceea ce face ca inspec\u021bia \u0219i \u00eentre\u021binerea regulat\u0103 s\u0103 fie mai convenabile \u0219i reduce timpul de nefunc\u021bionare a echipamentelor.<\/li>\n<\/ul>\n<p>Putem produce acest produs \u0219i poate \u00eenlocui perfect ace\u0219ti cilindri hidraulici.<\/p>\n<p><img decoding=\"async\" src=\"https:\/\/www.hydraulic-cylinders.net\/wp-content\/uploads\/2025\/01\/songte-oil-pipes-and-spare-parts.webp\" alt=\"Imagine piese de schimb cilindru bra\u021b\"><\/p>\n<h2>Aplica\u021bii<\/h2>\n<p>Cilindrul bra\u021bului pentru excavatorul mare Lishide SC330.8 poate fi utilizat pe scar\u0103 larg\u0103 \u00een diverse industrii, inclusiv:<\/p>\n<ul>\n<li><strong>Inginerie Construc\u021bii:<\/strong> \u00cen excavatoare \u0219i macarale, cilindrii bra\u021bului sunt utiliza\u021bi pentru a controla mi\u0219carea cupei sau a bra\u021bului pentru lucr\u0103ri de terasament, manipularea materialelor \u0219i instalarea structurilor.<\/li>\n<li><strong>Industria prelucr\u0103toare:<\/strong> \u00cen liniile de produc\u021bie automatizate, cilindrii bra\u021bului sunt utiliza\u021bi pentru mi\u0219carea bra\u021belor mecanice pentru a efectua procese de asamblare, sudare \u0219i manipulare, \u00eembun\u0103t\u0103\u021bind eficien\u021ba \u0219i precizia produc\u021biei.<\/li>\n<li><strong>Ma\u0219ini agricole:<\/strong> \u00cen utilajele agricole, cum ar fi combinele de recoltat \u0219i sem\u0103n\u0103toarele, cilindrii bra\u021bului controleaz\u0103 mi\u0219carea bra\u021bului de operare pentru a efectua sarcini precum plantarea, fertilizarea \u0219i recoltarea.<\/li>\n<li><strong>Industria minier\u0103:<\/strong> \u00cen echipamentele miniere, cilindrii bra\u021bului sunt utiliza\u021bi pentru a controla mi\u0219carea bra\u021bului echipamentelor miniere pentru extrac\u021bia \u0219i transportul minereului.<\/li>\n<li><strong>Logistic\u0103 \u0219i transport:<\/strong> \u00cen cazul stivuitoarelor \u0219i robo\u021bilor de manipulare, cilindrii bra\u021bului sunt utiliza\u021bi pentru a controla ridicarea \u0219i mi\u0219carea furcii, realiz\u00e2nd manipularea \u0219i stivuirea materialelor.<\/li>\n<\/ul>\n<h2>Considera\u021bii de proiectare \u0219i standarde de selec\u021bie<\/h2>\n<p>La proiectarea \u0219i selectarea unui cilindru pentru bra\u021b, trebuie lua\u021bi \u00een considerare urm\u0103torii factori:<\/p>\n<ul>\n<li><strong>Capacitate portant\u0103:<\/strong> Cilindrul bra\u021bului trebuie s\u0103 reziste sarcinilor grele ale utilajelor, a\u0219a c\u0103 este necesar s\u0103 se ia \u00een considerare capacitatea portant\u0103 a cilindrului.<\/li>\n<li><strong>Etan\u0219are:<\/strong> Cilindrul bra\u021bului trebuie s\u0103 fie bine etan\u0219at pentru a preveni scurgerile de ulei, care pot deteriora cilindrul \u0219i utilajele. Prin urmare, este necesar\u0103 alegerea unor etan\u0219\u0103ri adecvate, cum ar fi etan\u0219\u0103rile pistonului \u0219i etan\u0219\u0103rile tijei, fabricate din materiale rezistente la uzur\u0103, cum ar fi poliuretanul \u0219i cauciucul nitrilic.<\/li>\n<li><strong>Durabilitate:<\/strong> Cilindrul bra\u021bului trebuie s\u0103 aib\u0103 o bun\u0103 rezisten\u021b\u0103 la uzur\u0103 \u0219i coroziune pentru a asigura utilizarea pe termen lung \u00een medii dure.<\/li>\n<li><strong>Siguran\u0163\u0103:<\/strong> Cilindrul bra\u021bului trebuie s\u0103 \u00eendeplineasc\u0103 standardele de siguran\u021b\u0103 \u0219i s\u0103 aib\u0103 m\u0103suri de siguran\u021b\u0103 adecvate pentru a preveni accidente precum scurgeri de ulei \u0219i explozia cilindrului.<\/li>\n<li><strong>Mentenabilitate:<\/strong> Cilindrul bra\u021bului trebuie s\u0103 fie u\u0219or de \u00eentre\u021binut \u0219i \u00eenlocuit, reduc\u00e2nd timpul de nefunc\u021bionare a echipamentelor \u0219i costurile de \u00eentre\u021binere.<\/li>\n<\/ul>\n<p><img decoding=\"async\" src=\"https:\/\/www.hydraulic-cylinders.net\/wp-content\/uploads\/2025\/01\/songte-cylinder-head-with-all-kinds-excavator-models.webp\" alt=\"Imagine chiulas\u0103 bra\u021b\"><\/p>\n<h2>Etan\u0219are \u0219i lubrifiere<\/h2>\n<p>Pentru a asigura func\u021bionarea normal\u0103 a cilindrului bra\u021bului, trebuie luate diverse m\u0103suri de etan\u0219are \u0219i lubrifiere:<\/p>\n<ul>\n<li>Folosi\u021bi diverse garnituri, cum ar fi garniturile pistonului \u0219i garniturile tijei, fabricate din materiale rezistente la uzur\u0103, cum ar fi poliuretanul \u0219i cauciucul nitrilic, pentru a ob\u021bine o bun\u0103 performan\u021b\u0103 de etan\u0219are.<\/li>\n<li>Corpul cilindrului \u0219i suprafa\u021ba cap\u0103tului filetat trebuie prelucrate fin pentru a \u00eembun\u0103t\u0103\u021bi rezisten\u021ba la uzur\u0103.<\/li>\n<li>Ad\u0103uga\u021bi regulat o cantitate adecvat\u0103 de ulei hidraulic pentru lubrifiere.<\/li>\n<\/ul>\n<h2>\u00centre\u021binere \u0219i m\u0103suri preventive<\/h2>\n<p>Este esen\u021bial s\u0103 efectua\u021bi \u00eentre\u021binerea regulat\u0103 \u0219i s\u0103 lua\u021bi m\u0103suri preventive pentru a asigura func\u021bionarea normal\u0103 a cilindrului bra\u021bului:<\/p>\n<ul>\n<li>Verifica\u021bi periodic cilindrul bra\u021bului pentru scurgeri de ulei, deterior\u0103ri \u0219i uzur\u0103 \u0219i \u00eenlocui\u021bi piesele deteriorate la timp.<\/li>\n<li>P\u0103stra\u021bi cilindrul bra\u021bului curat \u0219i f\u0103r\u0103 murd\u0103rie \u0219i resturi.<\/li>\n<li>Ad\u0103uga\u021bi regulat o cantitate adecvat\u0103 de ulei hidraulic pentru lubrifiere.<\/li>\n<li>Verifica\u021bi \u0219i \u00eentre\u021bine\u021bi periodic sistemul hidraulic al utilajului.<\/li>\n<\/ul>\n<p><img decoding=\"async\" src=\"https:\/\/www.hydraulic-cylinders.net\/wp-content\/uploads\/2025\/01\/songte-chushion-collar.webp\" alt=\"Imaginea gulerului pernei cilindrului bra\u021bului\"><\/p>\n<h2>Ghid de instalare<\/h2>\n<p>Urm\u0103torii pa\u0219i trebuie urma\u021bi la instalarea cilindrului bra\u021bului:<\/p>\n<ol>\n<li>Scoate\u021bi cilindrul vechi al bra\u021bului \u0219i cur\u0103\u021ba\u021bi locul de instalare.<\/li>\n<li>Verifica\u021bi locul de instalare pentru a depista eventuale deterior\u0103ri \u0219i uzur\u0103 \u0219i repara\u021bi dup\u0103 cum este necesar.<\/li>\n<li>Instala\u021bi cilindrul bra\u021bului \u0219i str\u00e2nge\u021bi \u0219uruburile la cuplul specificat.<\/li>\n<li>Conecta\u021bi furtunurile hidraulice \u0219i verifica\u021bi dac\u0103 exist\u0103 scurgeri.<\/li>\n<li>Testa\u021bi func\u021bionarea cilindrului bra\u021bului \u0219i regla\u021bi-l dac\u0103 este necesar.<\/li>\n<\/ol>\n<p><img decoding=\"async\" src=\"https:\/\/www.hydraulic-cylinders.net\/wp-content\/uploads\/2025\/01\/songte-bushings-with-all-kinds-of-excavator-models.webp\" alt=\"Imagine buc\u0219e cilindru bra\u021b\"><\/p>\n<h2>Considera\u021bii de siguran\u021b\u0103 \u0219i factori de mediu<\/h2>\n<p>Este esen\u021bial s\u0103 se ia \u00een considerare m\u0103surile de siguran\u021b\u0103 \u00een timpul utiliz\u0103rii cilindrului bra\u021bului. Orice func\u021bionare defectuoas\u0103 sau defec\u021biune a cilindrului bra\u021bului poate duce la accidente, cum ar fi scurgeri de ulei sau spargerea cilindrului, provoc\u00e2nd r\u0103ni grave sau deteriorarea utilajelor. Prin urmare, este necesar s\u0103 se respecte standardele de siguran\u021b\u0103 \u0219i s\u0103 se ia m\u0103surile de siguran\u021b\u0103 adecvate \u00een timpul utiliz\u0103rii cilindrului bra\u021bului.<\/p>\n<h2>Depanare \u0219i probleme frecvente<\/h2>\n<p>Urm\u0103toarele m\u0103suri de depanare pot fi luate pentru a rezolva problemele comune ale cilindrului bra\u021bului:<\/p>\n<ul>\n<li>Dac\u0103 exist\u0103 o scurgere \u00een cilindrul bra\u021bului, verifica\u021bi garniturile \u0219i \u00eenlocui\u021bi garniturile deteriorate.<\/li>\n<li>Dac\u0103 cilindrul bra\u021bului nu func\u021bioneaz\u0103 corect, verifica\u021bi sistemul hidraulic al utilajului \u0219i cilindrul bra\u021bului pentru a depista eventuale deterior\u0103ri sau uzur\u0103 \u0219i repara\u021bi sau \u00eenlocui\u021bi piesele deteriorate, dup\u0103 cum este necesar.<\/li>\n<\/ul>\n<p>Pentru a preveni poten\u021bialele probleme, este necesar s\u0103 urma\u021bi m\u0103surile de \u00eentre\u021binere \u0219i preventive men\u021bionate anterior \u0219i s\u0103 verifica\u021bi \u0219i s\u0103 \u00eentre\u021bine\u021bi periodic sistemul hidraulic al utilajului.<\/p>\n<p><img decoding=\"async\" src=\"https:\/\/www.hydraulic-cylinders.net\/wp-content\/uploads\/2025\/01\/songte-company-4.webp\" alt=\"Imaginea companiei Songte\"><br \/>\n<img decoding=\"async\" src=\"https:\/\/www.hydraulic-cylinders.net\/wp-content\/uploads\/2025\/01\/songte-company-3.webp\" alt=\"Imaginea companiei Songte\"><\/p>\n<h2>Despre noi<\/h2>\n<p>Suntem un produc\u0103tor profesionist de cilindri hidraulici de schimb, oferind o gam\u0103 larg\u0103 de produse \u0219i devenind unul dintre principalii produc\u0103tori \u0219i distribuitori angro de cilindri hidraulici pe pie\u021bele interne \u0219i interna\u021bionale. Ader\u0103m \u00eentotdeauna la principiul calit\u0103\u021bii excelente, baz\u00e2ndu-ne pe strategii industrializate de management al produc\u021biei \u00een atelierul sofisticat de fabrica\u021bie pentru a ne \u00eembun\u0103t\u0103\u021bi continuu nivelul tehnologic \u0219i eficien\u021ba produc\u021biei. Prin introducerea de echipamente digitale de fabrica\u021bie de ultim\u0103 genera\u021bie \u0219i sisteme profesionale de testare, optimiz\u0103m continuu platforma de fabrica\u021bie, \u00eembun\u0103t\u0103\u021bim procesele de control al calit\u0103\u021bii produselor \u0219i avem capacit\u0103\u021bi puternice de inovare. Scopul nostru este de a satisface nevoile diverse ale clien\u021bilor cu eficien\u021b\u0103 ridicat\u0103, precizie \u0219i principii de \u00eenalt\u0103 calitate.<\/p>\n<p>Oferim servicii profesionale, certific\u0103ri interna\u021bionale, servicii personalizate, echipamente de produc\u021bie avansate \u0219i servicii post-v\u00e2nzare pentru a asigura satisfac\u021bia clien\u021bilor.<\/p>\n<p><em>Autor: lyl.<\/em><\/p>","protected":false},"excerpt":{"rendered":"<p>Arm Cylinder For Lishide Large Excavator SC330.8 Introduction Definition and Explanation An arm cylinder is a specially designed hydraulic cylinder that is primarily used to provide linear motion and power to the arms of various types of machinery such as excavators, cranes, and mechanical arms. Arm cylinders play a critical role in hydraulic systems, enabling [&hellip;]<\/p>","protected":false},"featured_media":14783,"comment_status":"open","ping_status":"closed","template":"","meta":{"_et_pb_use_builder":"","_et_pb_old_content":"","_et_gb_content_width":""},"product_brand":[],"product_cat":[1497],"product_tag":[1498,1496],"class_list":{"0":"post-16477","1":"product","2":"type-product","3":"status-publish","4":"has-post-thumbnail","6":"product_cat-arm-cylinders","7":"product_tag-arm-cylinders","8":"product_tag-hydraulic-cylinders","10":"first","11":"instock","12":"shipping-taxable","13":"product-type-simple"},"amp_enabled":true,"_links":{"self":[{"href":"https:\/\/www.hydraulic-cylinders.net\/ro\/wp-json\/wp\/v2\/product\/16477","targetHints":{"allow":["GET"]}}],"collection":[{"href":"https:\/\/www.hydraulic-cylinders.net\/ro\/wp-json\/wp\/v2\/product"}],"about":[{"href":"https:\/\/www.hydraulic-cylinders.net\/ro\/wp-json\/wp\/v2\/types\/product"}],"replies":[{"embeddable":true,"href":"https:\/\/www.hydraulic-cylinders.net\/ro\/wp-json\/wp\/v2\/comments?post=16477"}],"wp:featuredmedia":[{"embeddable":true,"href":"https:\/\/www.hydraulic-cylinders.net\/ro\/wp-json\/wp\/v2\/media\/14783"}],"wp:attachment":[{"href":"https:\/\/www.hydraulic-cylinders.net\/ro\/wp-json\/wp\/v2\/media?parent=16477"}],"wp:term":[{"taxonomy":"product_brand","embeddable":true,"href":"https:\/\/www.hydraulic-cylinders.net\/ro\/wp-json\/wp\/v2\/product_brand?post=16477"},{"taxonomy":"product_cat","embeddable":true,"href":"https:\/\/www.hydraulic-cylinders.net\/ro\/wp-json\/wp\/v2\/product_cat?post=16477"},{"taxonomy":"product_tag","embeddable":true,"href":"https:\/\/www.hydraulic-cylinders.net\/ro\/wp-json\/wp\/v2\/product_tag?post=16477"}],"curies":[{"name":"wp","href":"https:\/\/api.w.org\/{rel}","templated":true}]}}