{"id":16478,"date":"2025-01-21T05:28:09","date_gmt":"2025-01-21T05:28:09","guid":{"rendered":"https:\/\/www.hydraulic-cylinders.net\/product\/arm-cylinder-for-lishide-large-excavator-sc400-8\/"},"modified":"2025-01-21T05:28:11","modified_gmt":"2025-01-21T05:28:11","slug":"arm-cylinder-for-lishide-large-excavator-sc400-8","status":"publish","type":"product","link":"https:\/\/www.hydraulic-cylinders.net\/ro\/produs\/arm-cylinder-for-lishide-large-excavator-sc400-8\/","title":{"rendered":"Cilindru de bra\u021b pentru excavatorul mare Lishide SC400.8"},"content":{"rendered":"<h2>Cilindru de bra\u021b pentru excavatorul mare Lishide SC400.8<\/h2>\n<h3>Introducere<\/h3>\n<p>Cilindrul de bra\u021b este un cilindru hidraulic special conceput, utilizat \u00een principal pentru a oferi mi\u0219care liniar\u0103 \u0219i putere bra\u021belor diferitelor tipuri de utilaje, cum ar fi excavatoare, macarale \u0219i bra\u021be robotizate. Cilindrul de bra\u021b joac\u0103 un rol esen\u021bial \u00een sistemul hidraulic, permi\u021b\u00e2nd mi\u0219carea \u0219i controlul eficient al sculelor sau accesoriilor ata\u0219ate. Ace\u0219ti cilindri nu numai c\u0103 ofer\u0103 o mi\u0219care lin\u0103, dar rezist\u0103 \u0219i la sarcini grele, asigur\u00e2nd func\u021bionarea eficient\u0103 \u0219i fiabilitatea utilajelor \u00een diverse condi\u021bii de func\u021bionare.<\/p>\n<p><img decoding=\"async\" src=\"https:\/\/www.hydraulic-cylinders.net\/wp-content\/uploads\/2025\/01\/songte-company-2.webp\"><\/p>\n<h3>Caracteristici<\/h3>\n<ul>\n<li>Transmisie eficient\u0103 a puterii: Cilindrul bra\u021bului poate oferi o mi\u0219care liniar\u0103 puternic\u0103 \u0219i o for\u021b\u0103, asigur\u00e2nd o eficien\u021b\u0103 ridicat\u0103 a bra\u021bului mecanic \u00een diverse opera\u021biuni.<\/li>\n<li>Control precis: Prin intermediul sistemului hidraulic, cilindrul bra\u021bului poate realiza un control precis al mi\u0219c\u0103rii, ceea ce face ca func\u021bionarea uneltelor ata\u0219ate s\u0103 fie mai flexibil\u0103 \u0219i mai precis\u0103.<\/li>\n<li>Durabilitate mare: Cilindrii bra\u021bului sunt de obicei fabrica\u021bi din materiale de \u00eenalt\u0103 rezisten\u021b\u0103, cu rezisten\u021b\u0103 bun\u0103 la uzur\u0103 \u0219i coroziune, potrivi\u021bi pentru utilizare pe termen lung \u00een medii dure.<\/li>\n<li>Adaptabilitate multifunc\u021bional\u0103: Ace\u0219ti cilindri pot fi utiliza\u021bi pe scar\u0103 larg\u0103 \u00een diverse tipuri de utilaje, cum ar fi excavatoare, macarale \u0219i bra\u021be robotizate, pentru a satisface diferite cerin\u021be de lucru.<\/li>\n<li>\u00centre\u021binere u\u0219oar\u0103: Designul are \u00een vedere \u00eentre\u021binerea \u0219i \u00eenlocuirea u\u0219oar\u0103, ceea ce face ca inspec\u021bia \u0219i \u00eentre\u021binerea regulat\u0103 s\u0103 fie mai convenabile \u0219i reduce timpul de nefunc\u021bionare a echipamentelor.<\/li>\n<\/ul>\n<p>Putem produce acest produs, care poate \u00eenlocui perfect ace\u0219ti cilindri hidraulici.<\/p>\n<p><img decoding=\"async\" src=\"https:\/\/www.hydraulic-cylinders.net\/wp-content\/uploads\/2025\/01\/songte-oil-pipes-and-spare-parts.webp\"><\/p>\n<h3>Aplica\u021bii<\/h3>\n<p>Cilindrii cu bra\u021b au o gam\u0103 larg\u0103 de aplica\u021bii \u00een diverse industrii:<\/p>\n<ul>\n<li>Construc\u021bii: Cilindrii bra\u021bului sunt utiliza\u021bi pentru a controla mi\u0219carea cupelor sau a bra\u021belor excavatoarelor \u0219i macaralelor pentru lucr\u0103ri de terasament, manipularea materialelor \u0219i instalarea structural\u0103.<\/li>\n<li>Fabrica\u021bie: Cilindrii bra\u021bului sunt utiliza\u021bi pentru mi\u0219carea bra\u021belor robotizate \u00een liniile de produc\u021bie automatizate pentru procesele de asamblare, sudare \u0219i manipulare, \u00eembun\u0103t\u0103\u021bind eficien\u021ba \u0219i precizia produc\u021biei.<\/li>\n<li>Ma\u0219ini agricole: Cilindrii bra\u021bului controleaz\u0103 mi\u0219carea bra\u021belor de operare din utilajele agricole, cum ar fi combinele de recoltat \u0219i sem\u0103n\u0103toarele, efectu\u00e2nd sarcini precum plantarea, fertilizarea \u0219i recoltarea.<\/li>\n<li>Minerit: Cilindrii bra\u021bului sunt utiliza\u021bi pentru a controla mi\u0219carea bra\u021bului echipamentelor miniere pentru mineritul \u0219i transportul minereurilor.<\/li>\n<li>Logistic\u0103 \u0219i transport: Cilindrii de bra\u021b sunt utiliza\u021bi pentru a controla ridicarea \u0219i mi\u0219carea furcilor \u00een stivuitoare \u0219i robo\u021bi de manipulare, realiz\u00e2nd manipularea \u0219i stivuirea materialelor.<\/li>\n<\/ul>\n<h3>Considera\u021bii de proiectare \u0219i standarde de selec\u021bie<\/h3>\n<p>Din perspectiva proiect\u0103rii, cilindrii bra\u021bului ar trebui s\u0103 ia \u00een considerare urm\u0103toarele aspecte:<\/p>\n<ul>\n<li>Capacitate portant\u0103: Cilindrii bra\u021bului trebuie s\u0103 fie capabili s\u0103 suporte sarcina \u0219i for\u021ba utilajelor \u0219i a ata\u0219amentelor.<\/li>\n<li>Etan\u0219are: Diverse componente de etan\u0219are, cum ar fi etan\u0219\u0103rile pistonului \u0219i etan\u0219\u0103rile tijei, trebuie utilizate pentru a preveni scurgerile de ulei hidraulic \u0219i a asigura func\u021bionarea normal\u0103 a cilindrului.<\/li>\n<li>Durabilitate: Cilindrul bra\u021bului trebuie s\u0103 fie fabricat din materiale de \u00eenalt\u0103 rezisten\u021b\u0103, cu o bun\u0103 rezisten\u021b\u0103 la uzur\u0103 \u0219i coroziune, pentru a rezista la medii dure.<\/li>\n<li>Siguran\u021b\u0103: Pentru a evita accidentele, trebuie luate \u00een considerare m\u0103suri de siguran\u021b\u0103, cum ar fi protec\u021bia la suprasarcin\u0103 \u0219i oprirea de urgen\u021b\u0103.<\/li>\n<li>\u00centre\u021binere: Proiectul ar trebui s\u0103 ia \u00een considerare \u00eentre\u021binerea u\u0219oar\u0103 \u0219i \u00eenlocuirea pieselor pentru a reduce timpul de nefunc\u021bionare a echipamentului.<\/li>\n<\/ul>\n<p><img decoding=\"async\" src=\"https:\/\/www.hydraulic-cylinders.net\/wp-content\/uploads\/2025\/01\/songte-cylinder-head-with-all-kinds-excavator-models.webp\"><\/p>\n<h3>Etan\u0219are \u0219i lubrifiere<\/h3>\n<p>Cilindrii bra\u021bului ar trebui s\u0103 utilizeze diverse componente de etan\u0219are, cum ar fi etan\u0219\u0103ri de piston \u0219i etan\u0219\u0103ri de tij\u0103, fabricate din materiale rezistente la uzur\u0103, cum ar fi poliuretanul sau cauciucul nitrilic. Corpul cilindrului \u0219i suprafe\u021bele capetelor filetate ar trebui prelucrate fin pentru a \u00eembun\u0103t\u0103\u021bi rezisten\u021ba la uzur\u0103. Cilindrii bra\u021bului trebuie lubrifia\u021bi periodic cu ulei hidraulic pentru a asigura o func\u021bionare f\u0103r\u0103 probleme.<\/p>\n<h3>\u00centre\u021binere \u0219i m\u0103suri preventive<\/h3>\n<p>Inspec\u021bia regulat\u0103 \u0219i \u00eentre\u021binerea preventiv\u0103 a cilindrilor bra\u021bului pot prelungi durata lor de via\u021b\u0103. Trebuie luate urm\u0103toarele m\u0103suri:<\/p>\n<ul>\n<li>Verifica\u021bi componentele de etan\u0219are pentru uzur\u0103 \u0219i \u00eenlocui\u021bi-le la timp.<\/li>\n<li>Verifica\u021bi dac\u0103 exist\u0103 scurgeri \u0219i fisuri \u00een corpul cilindrului \u0219i repara\u021bi-le sau \u00eenlocui\u021bi-le dac\u0103 este necesar.<\/li>\n<li>Verifica\u021bi dac\u0103 \u0219uruburile \u0219i piuli\u021bele de montare sunt sl\u0103bite \u0219i str\u00e2nge\u021bi-le dac\u0103 este necesar.<\/li>\n<li>Verifica\u021bi periodic nivelul \u0219i calitatea uleiului hidraulic \u0219i \u00eenlocui\u021bi-l dac\u0103 este necesar.<\/li>\n<li>Depozita\u021bi butelia corect \u0219i proteja\u021bi-o de praf \u0219i umezeal\u0103.<\/li>\n<\/ul>\n<p><img decoding=\"async\" src=\"https:\/\/www.hydraulic-cylinders.net\/wp-content\/uploads\/2025\/01\/songte-chushion-collar.webp\"><\/p>\n<h3>Ghid de instalare<\/h3>\n<p>Urm\u0103torii pa\u0219i trebuie urma\u021bi pentru instalarea cilindrului bra\u021bului:<\/p>\n<ol>\n<li>Cur\u0103\u021ba\u021bi suprafa\u021ba de montare a cilindrului \u0219i a ata\u0219amentului.<\/li>\n<li>Instala\u021bi cilindrul conform instruc\u021biunilor, acord\u00e2nd aten\u021bie direc\u021biei de montare \u0219i cuplului de str\u00e2ngere a \u0219uruburilor.<\/li>\n<li>Conecta\u021bi furtunurile hidraulice la cilindru \u0219i verifica\u021bi dac\u0103 exist\u0103 scurgeri.<\/li>\n<li>Efectua\u021bi o prob\u0103 de func\u021bionare pentru a verifica func\u021bionarea cilindrului \u0219i a sculelor ata\u0219ate.<\/li>\n<\/ol>\n<h3>Considera\u021bii privind siguran\u021ba \u0219i mediul<\/h3>\n<p>Este important s\u0103 respecta\u021bi m\u0103surile de siguran\u021b\u0103 atunci c\u00e2nd utiliza\u021bi cilindri de bra\u021b pentru a evita accidentele. Factorii de mediu ar trebui, de asemenea, lua\u021bi \u00een considerare la selectarea \u0219i utilizarea cilindrilor de bra\u021b pentru a minimiza impactul acestora asupra mediului.<\/p>\n<h3>Depanare \u0219i probleme frecvente<\/h3>\n<p>Problemele frecvente ale cilindrilor bra\u021bului includ scurgeri, zgomot anormal \u0219i for\u021b\u0103 insuficient\u0103. Dac\u0103 apare oricare dintre aceste probleme, trebuie urma\u021bi urm\u0103torii pa\u0219i:<\/p>\n<ul>\n<li>Verifica\u021bi componentele de etan\u0219are \u0219i \u00eenlocui\u021bi-le dac\u0103 este necesar.<\/li>\n<li>Verifica\u021bi nivelul \u0219i calitatea uleiului hidraulic \u0219i \u00eenlocui\u021bi-l dac\u0103 este necesar.<\/li>\n<li>Verifica\u021bi dac\u0103 \u0219uruburile \u0219i piuli\u021bele de montare sunt sl\u0103bite \u0219i str\u00e2nge\u021bi-le dac\u0103 este necesar.<\/li>\n<li>Verifica\u021bi dac\u0103 exist\u0103 fisuri sau deterior\u0103ri la corpul cilindrului \u0219i repara\u021bi-l sau \u00eenlocui\u021bi-l dac\u0103 este necesar.<\/li>\n<\/ul>\n<p>Pentru a preveni poten\u021bialele probleme, se recomand\u0103 inspec\u021bii \u0219i \u00eentre\u021binere regulate.<\/p>\n<p><img decoding=\"async\" src=\"https:\/\/www.hydraulic-cylinders.net\/wp-content\/uploads\/2025\/01\/songte-bushings-with-all-kinds-of-excavator-models.webp\"><\/p>\n<h3>Despre noi<\/h3>\n<p>Suntem un produc\u0103tor profesionist de cilindri hidraulici de schimb, oferind o gam\u0103 larg\u0103 de produse \u0219i devenind unul dintre principalii produc\u0103tori \u0219i angrosi\u0219ti \u200b\u200bde cilindri hidraulici pe pie\u021bele interne \u0219i interna\u021bionale. Ader\u0103m \u00eentotdeauna la principiul calit\u0103\u021bii excelente, baz\u00e2ndu-ne pe strategii industrializate de management al produc\u021biei \u00een ateliere de produc\u021bie fin\u0103, \u00eembun\u0103t\u0103\u021bind continuu nivelul nostru tehnic \u0219i eficien\u021ba produc\u021biei. Prin introducerea de echipamente digitale avansate de fabrica\u021bie \u0219i sisteme profesionale de testare, optimiz\u0103m continuu platforma de fabrica\u021bie, \u00eembun\u0103t\u0103\u021bim procesul de control al calit\u0103\u021bii produselor noastre \u0219i avem o puternic\u0103 capacitate de inovare. Scopul nostru este de a satisface nevoile diverse ale clien\u021bilor cu principii de eficien\u021b\u0103, precizie \u0219i \u00eenalt\u0103 calitate.<\/p>\n<p><img decoding=\"async\" src=\"https:\/\/www.hydraulic-cylinders.net\/wp-content\/uploads\/2025\/01\/songte-company-4.webp\"><\/p>\n<h3>Serviciile noastre<\/h3>\n<ul>\n<li>Profesionalism: Avem o echip\u0103 de ingineri \u0219i tehnicieni cu experien\u021b\u0103 pentru a oferi servicii profesionale clien\u021bilor no\u0219tri.<\/li>\n<li>Certificare interna\u021bional\u0103: Produsele noastre au trecut certificarea sistemului de management al calit\u0103\u021bii ISO9001 \u0219i alte certific\u0103ri interna\u021bionale.<\/li>\n<li>Servicii de personalizare: Putem oferi servicii personalizate \u00een func\u021bie de nevoile clien\u021bilor.<\/li>\n<li>Echipamente de produc\u021bie: Compania noastr\u0103 dispune de echipamente digitale avansate de fabrica\u021bie \u0219i sisteme profesionale de testare.<\/li>\n<li>Serviciu post-v\u00e2nzare: Oferim servicii post-v\u00e2nzare prompte \u0219i atent elaborate pentru a asigura satisfac\u021bia clien\u021bilor.<\/li>\n<\/ul>\n<p><img decoding=\"async\" src=\"https:\/\/www.hydraulic-cylinders.net\/wp-content\/uploads\/2025\/01\/songte-company-3.webp\"><\/p>\n<p>Autor: lyl.<\/p>","protected":false},"excerpt":{"rendered":"<p>Arm Cylinder For Lishide Large Excavator SC400.8 Introduction Arm cylinder is a specially designed hydraulic cylinder that is mainly used to provide linear motion and power to the arms of various types of machinery, such as excavators, cranes, and robotic arms. The arm cylinder plays a critical role in the hydraulic system, allowing for effective [&hellip;]<\/p>","protected":false},"featured_media":14779,"comment_status":"open","ping_status":"closed","template":"","meta":{"_et_pb_use_builder":"","_et_pb_old_content":"","_et_gb_content_width":""},"product_brand":[],"product_cat":[1497],"product_tag":[1498,1496],"class_list":{"0":"post-16478","1":"product","2":"type-product","3":"status-publish","4":"has-post-thumbnail","6":"product_cat-arm-cylinders","7":"product_tag-arm-cylinders","8":"product_tag-hydraulic-cylinders","10":"first","11":"instock","12":"shipping-taxable","13":"product-type-simple"},"amp_enabled":true,"_links":{"self":[{"href":"https:\/\/www.hydraulic-cylinders.net\/ro\/wp-json\/wp\/v2\/product\/16478","targetHints":{"allow":["GET"]}}],"collection":[{"href":"https:\/\/www.hydraulic-cylinders.net\/ro\/wp-json\/wp\/v2\/product"}],"about":[{"href":"https:\/\/www.hydraulic-cylinders.net\/ro\/wp-json\/wp\/v2\/types\/product"}],"replies":[{"embeddable":true,"href":"https:\/\/www.hydraulic-cylinders.net\/ro\/wp-json\/wp\/v2\/comments?post=16478"}],"wp:featuredmedia":[{"embeddable":true,"href":"https:\/\/www.hydraulic-cylinders.net\/ro\/wp-json\/wp\/v2\/media\/14779"}],"wp:attachment":[{"href":"https:\/\/www.hydraulic-cylinders.net\/ro\/wp-json\/wp\/v2\/media?parent=16478"}],"wp:term":[{"taxonomy":"product_brand","embeddable":true,"href":"https:\/\/www.hydraulic-cylinders.net\/ro\/wp-json\/wp\/v2\/product_brand?post=16478"},{"taxonomy":"product_cat","embeddable":true,"href":"https:\/\/www.hydraulic-cylinders.net\/ro\/wp-json\/wp\/v2\/product_cat?post=16478"},{"taxonomy":"product_tag","embeddable":true,"href":"https:\/\/www.hydraulic-cylinders.net\/ro\/wp-json\/wp\/v2\/product_tag?post=16478"}],"curies":[{"name":"wp","href":"https:\/\/api.w.org\/{rel}","templated":true}]}}