{"id":16482,"date":"2025-01-21T05:28:24","date_gmt":"2025-01-21T05:28:24","guid":{"rendered":"https:\/\/www.hydraulic-cylinders.net\/product\/arm-cylinder-for-lovol-small-excavator-fr65d\/"},"modified":"2025-01-21T05:28:26","modified_gmt":"2025-01-21T05:28:26","slug":"arm-cylinder-for-lovol-small-excavator-fr65d","status":"publish","type":"product","link":"https:\/\/www.hydraulic-cylinders.net\/ro\/produs\/arm-cylinder-for-lovol-small-excavator-fr65d\/","title":{"rendered":"Cilindru de bra\u021b pentru excavatorul mic Lovol FR65D"},"content":{"rendered":"<h1>Cilindru de bra\u021b pentru excavatorul mic Lovol FR65D<\/h1>\n<h2>Introducere<\/h2>\n<p>Un cilindru hidraulic este un cilindru hidraulic special conceput care ofer\u0103 mi\u0219care liniar\u0103 \u0219i putere bra\u021belor diferitelor tipuri de utilaje, cum ar fi excavatoare, macarale \u0219i bra\u021be robotizate. Acesta joac\u0103 un rol crucial \u00een sistemele hidraulice, permi\u021b\u00e2nd mi\u0219carea \u0219i controlul eficient al uneltelor sau ata\u0219amentelor suplimentare. Ace\u0219ti cilindri nu numai c\u0103 permit o mi\u0219care lin\u0103, dar rezist\u0103 \u0219i la sarcini grele, asigur\u00e2nd o eficien\u021b\u0103 opera\u021bional\u0103 ridicat\u0103 \u0219i fiabilitate \u00een diverse condi\u021bii de lucru.<\/p>\n<p><img decoding=\"async\" src=\"https:\/\/www.hydraulic-cylinders.net\/wp-content\/uploads\/2025\/01\/songte-company-2.webp\"><\/p>\n<h2>Caracteristici<\/h2>\n<ul>\n<li>Transmisie de \u00eenalt\u0103 eficien\u021b\u0103: Cilindrul bra\u021bului ofer\u0103 o mi\u0219care liniar\u0103 \u0219i o for\u021b\u0103 puternice, asigur\u00e2nd capacit\u0103\u021bi de \u00eenalt\u0103 performan\u021b\u0103 pentru bra\u021bul mecanic \u00een diverse opera\u021biuni.<\/li>\n<li>Control de precizie: Prin intermediul sistemului hidraulic, cilindrul bra\u021bului permite un control precis al mi\u0219c\u0103rii, f\u0103c\u00e2nd func\u021bionarea uneltelor ata\u0219ate mai flexibil\u0103 \u0219i mai precis\u0103.<\/li>\n<li>Durabilitate ridicat\u0103: Cilindrii bra\u021bului sunt de obicei fabrica\u021bi din materiale de \u00eenalt\u0103 rezisten\u021b\u0103, cu o rezisten\u021b\u0103 excelent\u0103 la uzur\u0103 \u0219i coroziune, ceea ce \u00eei face potrivi\u021bi pentru utilizarea pe termen lung \u00een medii dure.<\/li>\n<li>Adaptabilitate multifunc\u021bional\u0103: Ace\u0219ti cilindri pot fi aplica\u021bi pe scar\u0103 larg\u0103 la diverse utilaje, cum ar fi excavatoare, macarale \u0219i bra\u021be robotizate, adapt\u00e2ndu-se la diferite cerin\u021be de lucru.<\/li>\n<li>\u00centre\u021binere u\u0219oar\u0103: Concepute pentru u\u0219urin\u021b\u0103 \u00een \u00eentre\u021binere \u0219i \u00eenlocuire, inspec\u021biile \u0219i \u00eentre\u021binerea regulat\u0103 sunt facilitate, reduc\u00e2nd timpul de nefunc\u021bionare a echipamentelor.<\/li>\n<\/ul>\n<p><img decoding=\"async\" src=\"https:\/\/www.hydraulic-cylinders.net\/wp-content\/uploads\/2025\/01\/songte-oil-pipes-and-spare-parts.webp\"><\/p>\n<h2>Aplica\u021bii<\/h2>\n<p>Cilindrul cu bra\u021b \u00ee\u0219i g\u0103se\u0219te aplica\u021bii \u00een diverse industrii:<\/p>\n<ul>\n<li>Inginerie de construc\u021bii: La excavatoare \u0219i macarale, cilindrul bra\u021bului controleaz\u0103 mi\u0219carea cupei sau a bra\u021bului pentru lucr\u0103ri de terasament, manipularea materialelor \u0219i instalarea structural\u0103.<\/li>\n<li>Industria prelucr\u0103toare: \u00cen liniile de produc\u021bie automatizate, cilindrul bra\u021bului ac\u021bioneaz\u0103 mi\u0219carea bra\u021belor robotizate pentru procesele de asamblare, sudare \u0219i manipulare a materialelor, \u00eembun\u0103t\u0103\u021bind eficien\u021ba \u0219i precizia produc\u021biei.<\/li>\n<li>Ma\u0219ini agricole: \u00cen echipamentele agricole, cum ar fi combinele de recoltat \u0219i sem\u0103n\u0103toarele, cilindrul bra\u021bului controleaz\u0103 mi\u0219carea bra\u021belor de operare pentru sarcini precum sem\u0103natul, fertilizarea \u0219i recoltarea.<\/li>\n<li>Minerit: \u00cen echipamentele miniere, cilindrul bra\u021bului controleaz\u0103 mi\u0219carea bra\u021bului pentru minerit \u0219i transportul materialelor.<\/li>\n<li>Logistic\u0103 \u0219i transport: La stivuitoarele \u0219i robo\u021bii de manipulare, cilindrul bra\u021bului controleaz\u0103 ridicarea \u0219i mi\u0219carea furcilor, permi\u021b\u00e2nd manipularea \u0219i stivuirea materialelor.<\/li>\n<\/ul>\n<h2>Considera\u021bii de proiectare \u0219i criterii de selec\u021bie<\/h2>\n<ul>\n<li>Capacitate portant\u0103: Discuta\u021bi capacitatea cilindrului bra\u021bului de a suporta sarcini.<\/li>\n<li>Etan\u0219are: Explica\u021bi utilizarea diferitelor etan\u0219\u0103ri, cum ar fi etan\u0219\u0103rile pistonului \u0219i etan\u0219\u0103rile tijei, fabricate din materiale rezistente la uzur\u0103, cum ar fi poliuretanul \u0219i cauciucul nitrilic.<\/li>\n<li>Durabilitate: Eviden\u021bia\u021bi tratamentul fin al suprafe\u021bei corpului cilindrului \u0219i al capetelor filetate pentru a \u00eembun\u0103t\u0103\u021bi rezisten\u021ba la uzur\u0103.<\/li>\n<li>Siguran\u021b\u0103: Sublinia\u021bi importan\u021ba m\u0103surilor de siguran\u021b\u0103 \u00een leg\u0103tur\u0103 cu cuvintele cheie men\u021bionate.<\/li>\n<li>\u00centre\u021binere: Discuta\u021bi necesitatea lubrifierii regulate cu ulei hidraulic \u0219i u\u0219urin\u021ba \u00eentre\u021binerii \u0219i repara\u021biilor.<\/li>\n<\/ul>\n<p><img decoding=\"async\" src=\"https:\/\/www.hydraulic-cylinders.net\/wp-content\/uploads\/2025\/01\/songte-cylinder-head-with-all-kinds-excavator-models.webp\"><\/p>\n<h2>Etan\u0219are \u0219i lubrifiere<\/h2>\n<p>Cilindrul bra\u021bului utilizeaz\u0103 diverse garnituri, cum ar fi garnituri de piston \u0219i garnituri de tij\u0103, fabricate din materiale rezistente la uzur\u0103, precum poliuretanul \u0219i cauciucul nitrilic. Corpul cilindrului \u0219i capetele filetate sunt supuse unui tratament fin de suprafa\u021b\u0103 pentru a spori rezisten\u021ba la uzur\u0103. Lubrifierea regulat\u0103 cu ulei hidraulic adecvat este necesar\u0103 pentru o func\u021bionare f\u0103r\u0103 probleme.<\/p>\n<h2>Inspec\u021bie \u0219i \u00eentre\u021binere preventiv\u0103<\/h2>\n<p>Pentru a asigura o func\u021bionare corect\u0103, inspec\u021biile regulate \u0219i \u00eentre\u021binerea preventiv\u0103 sunt esen\u021biale. Trebuie respectate urm\u0103toarele m\u0103suri:<\/p>\n<ul>\n<li>Inspecta\u021bi cilindrul pentru a depista orice semne de scurgeri, deterior\u0103ri sau uzur\u0103.<\/li>\n<li>Verifica\u021bi garniturile \u0219i \u00eenlocui\u021bi-le dac\u0103 este necesar.<\/li>\n<li>Asigura\u021bi o lubrifiere corespunz\u0103toare a cilindrului.<\/li>\n<li>Str\u00e2nge\u021bi orice conexiuni sl\u0103bite.<\/li>\n<li>Monitoriza\u021bi performan\u021ba cilindrului \u0219i solicita\u021bi asisten\u021b\u0103 profesional\u0103 dac\u0103 apar probleme.<\/li>\n<\/ul>\n<h2>Ghid de instalare<\/h2>\n<p>Instalarea corect\u0103 a cilindrului bra\u021bului este crucial\u0103 pentru o performan\u021b\u0103 optim\u0103. Urma\u021bi ace\u0219ti pa\u0219i:<\/p>\n<ul>\n<li>Preg\u0103ti\u021bi suprafa\u021ba de montare \u0219i asigura\u021bi-v\u0103 c\u0103 este curat\u0103 \u0219i lipsit\u0103 de resturi.<\/li>\n<li>Alinia\u021bi cilindrul cu orificiile de montare \u0219i fixa\u021bi-l folosind elementele de fixare corespunz\u0103toare.<\/li>\n<li>Conecta\u021bi conductele hidraulice conform specifica\u021biilor sistemului.<\/li>\n<li>Verifica\u021bi dac\u0103 exist\u0103 scurgeri \u0219i asigura\u021bi-v\u0103 c\u0103 toate conexiunile sunt str\u00e2nse.<\/li>\n<li>Testa\u021bi func\u021bionalitatea cilindrului \u00eenainte de a pune \u00een func\u021biune utilajul.<\/li>\n<\/ul>\n<p><img decoding=\"async\" src=\"https:\/\/www.hydraulic-cylinders.net\/wp-content\/uploads\/2025\/01\/songte-bushings-with-all-kinds-of-excavator-models.webp\"><\/p>\n<h2>Considera\u021bii de siguran\u021b\u0103 \u0219i factori de mediu<\/h2>\n<p>C\u00e2nd utiliza\u021bi cilindrul bra\u021bului, este important s\u0103 acorda\u021bi prioritate m\u0103surilor de siguran\u021b\u0103 pentru a preveni accidentele \u0219i a asigura bun\u0103starea operatorilor \u0219i a personalului din jur. Lua\u021bi \u00een considerare urm\u0103torii factori:<\/p>\n<ul>\n<li>Asigura\u021bi instruirea adecvat\u0103 a operatorilor cu privire la utilizarea \u00een siguran\u021b\u0103 a utilajelor echipate cu cilindru de bra\u021b.<\/li>\n<li>Respecta\u021bi toate instruc\u021biunile \u0219i reglement\u0103rile de siguran\u021b\u0103 relevante.<\/li>\n<li>Verifica\u021bi periodic elementele de siguran\u021b\u0103 ale buteliei, cum ar fi supapele de suprapresiune.<\/li>\n<li>Lua\u021bi \u00een considerare impactul sistemelor hidraulice asupra mediului \u0219i promova\u021bi eliminarea corect\u0103 a fluidelor hidraulice.<\/li>\n<\/ul>\n<h2>Diagnosticarea defec\u021biunilor \u0219i probleme frecvente<\/h2>\n<p>\u00cen cazul unor defec\u021biuni, este important s\u0103 se diagnosticheze \u0219i s\u0103 se rezolve problemele eficient. Problemele comune \u0219i solu\u021biile acestora includ:<\/p>\n<ul>\n<li>Scurgeri: Verifica\u021bi dac\u0103 garniturile, conexiunile \u0219i conductele hidraulice prezint\u0103 scurgeri. \u00cenlocui\u021bi garniturile defecte \u0219i str\u00e2nge\u021bi conexiunile sl\u0103bite.<\/li>\n<li>Mi\u0219care lent\u0103 sau inconsistent\u0103: Inspecta\u021bi sistemul hidraulic pentru a depista eventuale \u00eenfundare, niveluri sc\u0103zute de lichid sau presiune inadecvat\u0103. Cur\u0103\u021ba\u021bi sau \u00eenlocui\u021bi filtrele \u0219i asigura\u021bi-v\u0103 c\u0103 nivelurile de lichid sunt adecvate.<\/li>\n<li>Zgomot sau vibra\u021bii excesive: Verifica\u021bi dac\u0103 exist\u0103 componente sl\u0103bite sau piese uzate. Str\u00e2nge\u021bi conexiunile \u0219i \u00eenlocui\u021bi componentele deteriorate.<\/li>\n<li>Supra\u00eenc\u0103lzire: Verifica\u021bi sistemul hidraulic pentru a depista \u00eenfundarea, nivelurile sc\u0103zute de lichid sau presiunea excesiv\u0103. Cur\u0103\u021ba\u021bi sau \u00eenlocui\u021bi filtrele, asigura\u021bi-v\u0103 c\u0103 nivelurile de lichid sunt corecte \u0219i regla\u021bi presiunea, dac\u0103 este necesar.<\/li>\n<\/ul>\n<p><img decoding=\"async\" src=\"https:\/\/www.hydraulic-cylinders.net\/wp-content\/uploads\/2025\/01\/songte-chushion-collar.webp\"><\/p>\n<p>Nu uita s\u0103 organizezi articolul logic, s\u0103 folose\u0219ti subtitluri pentru o navigare u\u0219oar\u0103, s\u0103 incluzi imagini sau grafice relevante pentru o \u00een\u021belegere mai bun\u0103 \u0219i s\u0103 te asiguri c\u0103 respectivul con\u021binut este clar, concis \u0219i potrivit pentru cititorii cu diferite niveluri de cuno\u0219tin\u021be tehnice.<\/p>\n<h2>Despre noi<\/h2>\n<p>Suntem un produc\u0103tor profesionist de cilindri hidraulici de schimb, oferind o gam\u0103 larg\u0103 de produse. Am devenit unul dintre principalii produc\u0103tori \u0219i angrosi\u0219ti \u200b\u200bde cilindri hidraulici pe pie\u021bele interne \u0219i interna\u021bionale. Men\u021bin\u00e2nd principiul calit\u0103\u021bii excelente, ne \u00eembun\u0103t\u0103\u021bim continuu expertiza tehnic\u0103 \u0219i eficien\u021ba produc\u021biei prin facilit\u0103\u021bi de fabrica\u021bie avansate \u0219i sisteme de testare profesionale. Cu un accent puternic pe inova\u021bie, ne propunem s\u0103 satisfacem nevoile diverse ale clien\u021bilor no\u0219tri cu eficien\u021b\u0103 ridicat\u0103, precizie \u0219i calitate. <\/p>\n<p><img decoding=\"async\" src=\"https:\/\/www.hydraulic-cylinders.net\/wp-content\/uploads\/2025\/01\/songte-company-4.webp\"><br \/>\n<img decoding=\"async\" src=\"https:\/\/www.hydraulic-cylinders.net\/wp-content\/uploads\/2025\/01\/songte-company-3.webp\"><\/p>\n<p>Autor: lyl<\/p>","protected":false},"excerpt":{"rendered":"<p>Arm Cylinder For Lovol Small Excavator FR65D Introduction An arm cylinder is a specially designed hydraulic cylinder that provides linear motion and power to the arms of various types of machinery, such as excavators, cranes, and robotic arms. It plays a crucial role in hydraulic systems, allowing for the efficient movement and control of additional [&hellip;]<\/p>","protected":false},"featured_media":14770,"comment_status":"open","ping_status":"closed","template":"","meta":{"_et_pb_use_builder":"","_et_pb_old_content":"","_et_gb_content_width":""},"product_brand":[],"product_cat":[1497],"product_tag":[1498,1496],"class_list":{"0":"post-16482","1":"product","2":"type-product","3":"status-publish","4":"has-post-thumbnail","6":"product_cat-arm-cylinders","7":"product_tag-arm-cylinders","8":"product_tag-hydraulic-cylinders","10":"first","11":"instock","12":"shipping-taxable","13":"product-type-simple"},"amp_enabled":true,"_links":{"self":[{"href":"https:\/\/www.hydraulic-cylinders.net\/ro\/wp-json\/wp\/v2\/product\/16482","targetHints":{"allow":["GET"]}}],"collection":[{"href":"https:\/\/www.hydraulic-cylinders.net\/ro\/wp-json\/wp\/v2\/product"}],"about":[{"href":"https:\/\/www.hydraulic-cylinders.net\/ro\/wp-json\/wp\/v2\/types\/product"}],"replies":[{"embeddable":true,"href":"https:\/\/www.hydraulic-cylinders.net\/ro\/wp-json\/wp\/v2\/comments?post=16482"}],"wp:featuredmedia":[{"embeddable":true,"href":"https:\/\/www.hydraulic-cylinders.net\/ro\/wp-json\/wp\/v2\/media\/14770"}],"wp:attachment":[{"href":"https:\/\/www.hydraulic-cylinders.net\/ro\/wp-json\/wp\/v2\/media?parent=16482"}],"wp:term":[{"taxonomy":"product_brand","embeddable":true,"href":"https:\/\/www.hydraulic-cylinders.net\/ro\/wp-json\/wp\/v2\/product_brand?post=16482"},{"taxonomy":"product_cat","embeddable":true,"href":"https:\/\/www.hydraulic-cylinders.net\/ro\/wp-json\/wp\/v2\/product_cat?post=16482"},{"taxonomy":"product_tag","embeddable":true,"href":"https:\/\/www.hydraulic-cylinders.net\/ro\/wp-json\/wp\/v2\/product_tag?post=16482"}],"curies":[{"name":"wp","href":"https:\/\/api.w.org\/{rel}","templated":true}]}}