{"id":16498,"date":"2025-01-21T05:29:30","date_gmt":"2025-01-21T05:29:30","guid":{"rendered":"https:\/\/www.hydraulic-cylinders.net\/product\/arm-cylinder-for-liugong-small-excavator-clg915d\/"},"modified":"2025-01-21T05:29:32","modified_gmt":"2025-01-21T05:29:32","slug":"arm-cylinder-for-liugong-small-excavator-clg915d","status":"publish","type":"product","link":"https:\/\/www.hydraulic-cylinders.net\/ro\/produs\/arm-cylinder-for-liugong-small-excavator-clg915d\/","title":{"rendered":"Cilindru de bra\u021b pentru excavatorul mic Liugong CLG915D"},"content":{"rendered":"<h1>Cilindru de bra\u021b pentru excavatorul mic Liugong CLG915D<\/h1>\n<h2>Introducere<\/h2>\n<h3>Defini\u021bie \u0219i explica\u021bie<\/h3>\n<p>Un cilindru de bra\u021b este un cilindru hidraulic special conceput, utilizat pentru a oferi mi\u0219care liniar\u0103 \u0219i putere bra\u021belor diferitelor tipuri de utilaje, cum ar fi excavatoare, macarale \u0219i bra\u021be mecanice. Cilindrul de bra\u021b joac\u0103 un rol crucial \u00een sistemul hidraulic, permi\u021b\u00e2nd mi\u0219carea \u0219i controlul eficient al uneltelor sau ata\u0219amentelor suplimentare. Ace\u0219ti cilindri nu numai c\u0103 realizeaz\u0103 mi\u0219c\u0103ri line, dar rezist\u0103 \u0219i la sarcini grele, asigur\u00e2nd func\u021bionarea eficient\u0103 \u0219i fiabilitatea utilajelor \u00een diverse condi\u021bii de func\u021bionare.<\/p>\n<p><img decoding=\"async\" src=\"https:\/\/www.hydraulic-cylinders.net\/wp-content\/uploads\/2025\/01\/songte-company-2.webp\"><\/p>\n<h2>Caracteristici ale produsului<\/h2>\n<ul>\n<li>\n<h3>Transmisie de \u00eenalt\u0103 eficien\u021b\u0103<\/h3>\n<p>Cilindrul bra\u021bului ofer\u0103 o mi\u0219care liniar\u0103 puternic\u0103 \u0219i o for\u021b\u0103, asigur\u00e2nd o eficien\u021b\u0103 ridicat\u0103 \u00een timpul diverselor opera\u021biuni.<\/p>\n<\/li>\n<li>\n<h3>Control precis<\/h3>\n<p>Prin intermediul sistemului hidraulic, cilindrul bra\u021bului poate realiza un control precis al mi\u0219c\u0103rii, f\u0103c\u00e2nd operarea uneltelor suplimentare mai flexibil\u0103 \u0219i precis\u0103.<\/p>\n<\/li>\n<li>\n<h3>Durabilitate puternic\u0103<\/h3>\n<p>Cilindrul bra\u021bului este de obicei fabricat din materiale de \u00eenalt\u0103 rezisten\u021b\u0103, av\u00e2nd o bun\u0103 rezisten\u021b\u0103 la uzur\u0103 \u0219i coroziune, potrivite pentru utilizare pe termen lung \u00een condi\u021bii de mediu dure.<\/p>\n<\/li>\n<li>\n<h3>Adaptabilitate multifunc\u021bional\u0103<\/h3>\n<p>Ace\u0219ti cilindri pot fi utiliza\u021bi pe scar\u0103 larg\u0103 \u00een diverse tipuri de echipamente, cum ar fi excavatoare, macarale \u0219i bra\u021be mecanice, pentru a satisface diferite cerin\u021be de lucru.<\/p>\n<\/li>\n<li>\n<h3>\u00centre\u021binere u\u0219oar\u0103<\/h3>\n<p>Designul cilindrului bra\u021bului are \u00een vedere \u00eentre\u021binerea \u0219i \u00eenlocuirea u\u0219oar\u0103, ceea ce face ca inspec\u021bia \u0219i \u00eentre\u021binerea periodic\u0103 s\u0103 fie mai convenabile \u0219i s\u0103 reduc\u0103 timpul de nefunc\u021bionare a echipamentelor.<\/p>\n<\/li>\n<\/ul>\n<p>Produsul nostru poate \u00eenlocui perfect ace\u0219ti cilindri hidraulici.<\/p>\n<p><img decoding=\"async\" src=\"https:\/\/www.hydraulic-cylinders.net\/wp-content\/uploads\/2025\/01\/songte-oil-pipes-and-spare-parts.webp\"><\/p>\n<h2>Scenarii de aplica\u021bii<\/h2>\n<p>Cilindrul cu bra\u021b este utilizat pe scar\u0103 larg\u0103 \u00een diverse industrii \u0219i domenii, inclusiv:<\/p>\n<ul>\n<li>\n<h3>Inginerie de construc\u021bii<\/h3>\n<p>Cilindrul bra\u021bului este utilizat pentru a controla mi\u0219carea cupelor excavatoarelor sau a macaralelor pentru lucr\u0103ri de terasament, manipularea materialelor \u0219i instalarea structural\u0103.<\/p>\n<\/li>\n<li>\n<h3>Industria prelucr\u0103toare<\/h3>\n<p>Cilindrul bra\u021bului este utilizat pentru mi\u0219carea bra\u021belor mecanice \u00een liniile de produc\u021bie automatizate pentru asamblare, sudare \u0219i manipulare, \u00eembun\u0103t\u0103\u021bind eficien\u021ba \u0219i precizia produc\u021biei.<\/p>\n<\/li>\n<li>\n<h3>Ma\u0219ini agricole<\/h3>\n<p>Cilindrul bra\u021bului controleaz\u0103 mi\u0219carea bra\u021belor de operare din utilajele agricole, cum ar fi combinele de recoltat \u0219i sem\u0103n\u0103toarele, efectu\u00e2nd sarcini precum sem\u0103natul, fertilizarea \u0219i recoltarea.<\/p>\n<\/li>\n<li>\n<h3>Minerit<\/h3>\n<p>Cilindrul bra\u021bului este utilizat pentru a controla mi\u0219carea bra\u021bului echipamentelor miniere pentru mineritul \u0219i transportul minereurilor.<\/p>\n<\/li>\n<li>\n<h3>Logistic\u0103 \u0219i transporturi<\/h3>\n<p>Cilindrul bra\u021bului este utilizat pentru a controla ridicarea \u0219i mi\u0219carea motostivuitoarelor \u0219i a robo\u021bilor de manipulare, realiz\u00e2nd manipularea \u0219i stivuirea materialelor.<\/p>\n<\/li>\n<\/ul>\n<h2>Considera\u021bii de proiectare \u0219i criterii de selec\u021bie<\/h2>\n<p>Din perspectiva proiect\u0103rii, cilindrul bra\u021bului trebuie s\u0103 \u00eendeplineasc\u0103 urm\u0103toarele criterii:<\/p>\n<ul>\n<li>\n<h3>Capacitate portant\u0103<\/h3>\n<p>Cilindrul bra\u021bului trebuie s\u0103 aib\u0103 o capacitate portant\u0103 suficient\u0103 pentru a \u00eendeplini cerin\u021bele diferitelor utilaje \u0219i condi\u021bii de lucru.<\/p>\n<\/li>\n<li>\n<h3>Performan\u021ba de etan\u0219are<\/h3>\n<p>Cilindrul bra\u021bului trebuie s\u0103 aib\u0103 o etan\u0219are fiabil\u0103 pentru a preveni scurgerile de ulei hidraulic \u0219i a asigura o func\u021bionare eficient\u0103.<\/p>\n<\/li>\n<li>\n<h3>Durabilitate<\/h3>\n<p>Cilindrul bra\u021bului trebuie s\u0103 aib\u0103 o bun\u0103 rezisten\u021b\u0103 la uzur\u0103, rezisten\u021b\u0103 la coroziune \u0219i o durat\u0103 lung\u0103 de via\u021b\u0103, \u00een special pentru utilizarea \u00een medii dure.<\/p>\n<\/li>\n<li>\n<h3>Siguran\u0163\u0103<\/h3>\n<p>Cilindrul bra\u021bului trebuie s\u0103 aib\u0103 caracteristici de siguran\u021b\u0103, cum ar fi supape de suprapresiune, pentru a evita accidentele \u0219i a asigura o func\u021bionare \u00een siguran\u021b\u0103.<\/p>\n<\/li>\n<li>\n<h3>Mentenabilitate<\/h3>\n<p>Cilindrul bra\u021bului trebuie s\u0103 fie u\u0219or de \u00eentre\u021binut \u0219i reparat, reduc\u00e2nd timpul de nefunc\u021bionare a echipamentelor \u0219i costurile de \u00eentre\u021binere.<\/p>\n<\/li>\n<\/ul>\n<p><img decoding=\"async\" src=\"https:\/\/www.hydraulic-cylinders.net\/wp-content\/uploads\/2025\/01\/songte-cylinder-head-with-all-kinds-excavator-models.webp\"><\/p>\n<h2>Etan\u0219are \u0219i lubrifiere<\/h2>\n<p>Cilindrul bra\u021bului utilizeaz\u0103 diverse componente de etan\u0219are, cum ar fi inele de etan\u0219are a pistonului, inele de etan\u0219are a tijei \u0219i alte materiale rezistente la uzur\u0103, cum ar fi poliuretanul \u0219i cauciucul nitrilic, pentru a asigura o bun\u0103 performan\u021b\u0103 de etan\u0219are. Corpul cilindrului \u0219i suprafa\u021ba filetat\u0103 a cap\u0103tului sunt prelucrate fin pentru a \u00eembun\u0103t\u0103\u021bi rezisten\u021ba la uzur\u0103. Cilindrul bra\u021bului necesit\u0103 lubrifiere regulat\u0103 cu ulei hidraulic adecvat pentru a asigura o func\u021bionare eficient\u0103.<\/p>\n<h2>\u00centre\u021binere \u0219i m\u0103suri preventive<\/h2>\n<p>Inspec\u021bia regulat\u0103 \u0219i \u00eentre\u021binerea preventiv\u0103 sunt esen\u021biale pentru a asigura func\u021bionarea eficient\u0103 \u0219i sigur\u0103 a cilindrului bra\u021bului. Trebuie luate urm\u0103toarele m\u0103suri:<\/p>\n<ul>\n<li>\n<h3>Verifica\u021bi periodic performan\u021ba de etan\u0219are a cilindrului.<\/h3>\n<\/li>\n<li>\n<h3>Verifica\u021bi periodic tija pistonului pentru uzur\u0103 \u0219i deterior\u0103ri.<\/h3>\n<\/li>\n<li>\n<h3>Verifica\u021bi periodic corpul cilindrului \u0219i suprafa\u021ba cap\u0103tului filetat pentru uzur\u0103 \u0219i coroziune.<\/h3>\n<\/li>\n<li>\n<h3>\u00cenlocui\u021bi uleiul hidraulic \u00een mod regulat, conform recomand\u0103rilor produc\u0103torului.<\/h3>\n<\/li>\n<li>\n<h3>Verifica\u021bi periodic supapa de suprapresiune pentru a asigura o func\u021bionare \u00een siguran\u021b\u0103.<\/h3>\n<\/li>\n<\/ul>\n<p><img decoding=\"async\" src=\"https:\/\/www.hydraulic-cylinders.net\/wp-content\/uploads\/2025\/01\/songte-chushion-collar.webp\"><\/p>\n<h2>Ghid de instalare<\/h2>\n<p>Instalarea cilindrului bra\u021bului trebuie efectuat\u0103 de c\u0103tre un tehnician calificat \u0219i trebuie respectate instruc\u021biunile produc\u0103torului. Trebuie urma\u021bi urm\u0103torii pa\u0219i:<\/p>\n<ul>\n<li>\n<h3>Cur\u0103\u021ba\u021bi suprafa\u021ba de montare a cilindrului bra\u021bului \u0219i suprafa\u021ba de montare a ma\u0219inii.<\/h3>\n<\/li>\n<li>\n<h3>Instala\u021bi cilindrul bra\u021bului \u0219i str\u00e2nge\u021bi \u0219uruburile de montare la cuplul specificat.<\/h3>\n<\/li>\n<li>\n<h3>Conecta\u021bi furtunurile \u0219i racordurile hidraulice la cilindrul bra\u021bului conform instruc\u021biunilor produc\u0103torului, asigur\u00e2ndu-v\u0103 c\u0103 dimensiunea corect\u0103 a filetului \u0219i cuplul de str\u00e2ngere sunt utilizate.<\/h3>\n<\/li>\n<li>\n<h3>Umple\u021bi sistemul hidraulic cu uleiul hidraulic recomandat.<\/h3>\n<\/li>\n<li>\n<h3>Opera\u021bi utilajele \u0219i verifica\u021bi func\u021bionarea corect\u0103 a cilindrului bra\u021bului.<\/h3>\n<\/li>\n<\/ul>\n<h2>Considera\u021bii de siguran\u021b\u0103 \u0219i factori de mediu<\/h2>\n<p>Siguran\u021ba este de maxim\u0103 importan\u021b\u0103 atunci c\u00e2nd se opereaz\u0103 utilaje cu cilindrul bra\u021bului. Trebuie luate urm\u0103toarele m\u0103suri de siguran\u021b\u0103:<\/p>\n<ul>\n<li>\n<h3>Doar personalul calificat trebuie s\u0103 opereze utilajele.<\/h3>\n<\/li>\n<li>\n<h3>Familiariza\u021bi-v\u0103 cu manualul de utilizare \u0219i urma\u021bi procedurile de siguran\u021b\u0103.<\/h3>\n<\/li>\n<li>\n<h3>Purta\u021bi echipament individual de protec\u021bie adecvat, cum ar fi m\u0103nu\u0219i, ochelari de protec\u021bie \u0219i cizme.<\/h3>\n<\/li>\n<li>\n<h3>Nu dep\u0103\u0219i\u021bi capacitatea de \u00eenc\u0103rcare nominal\u0103 a utilajului \u0219i a cilindrului bra\u021bului.<\/h3>\n<\/li>\n<li>\n<h3>Inspecta\u021bi periodic utilajele \u0219i cilindrul bra\u021bului pentru a depista semne de uzur\u0103 sau deteriorare.<\/h3>\n<\/li>\n<li>\n<h3>Elimina\u021bi uleiul hidraulic \u0219i piesele uzate \u00een mod corespunz\u0103tor pentru a proteja mediul \u00eenconjur\u0103tor.<\/h3>\n<\/li>\n<\/ul>\n<h2>Depanare \u0219i probleme frecvente<\/h2>\n<p>Urm\u0103toarele sunt c\u00e2teva probleme frecvente care pot ap\u0103rea cu cilindrul bra\u021bului:<\/p>\n<ul>\n<li>\n<h3>Scurgere de ulei hidraulic<\/h3>\n<p>Cilindrul bra\u021bului poate avea scurgeri de ulei hidraulic din etan\u0219area pistonului sau din etan\u0219area tijei. Verifica\u021bi etan\u0219\u0103rile \u0219i \u00eenlocui\u021bi-le dac\u0103 este necesar.<\/p>\n<\/li>\n<li>\n<h3>Eficien\u021b\u0103 redus\u0103<\/h3>\n<p>Cilindrul bra\u021bului poate prezenta o eficien\u021b\u0103 redus\u0103 din cauza uzurii sau deterior\u0103rii tijei pistonului sau a corpului cilindrului. \u00cenlocui\u021bi piesele uzate sau deteriorate.<\/p>\n<\/li>\n<li>\n<h3>Zgomot anormal<\/h3>\n<p>Cilindrul bra\u021bului poate produce zgomote anormale \u00een timpul func\u021bion\u0103rii din cauza uzurii sau deterior\u0103rii rulmen\u021bilor sau a altor componente. Inspecta\u021bi cilindrul \u0219i \u00eenlocui\u021bi piesele deteriorate.<\/p>\n<\/li>\n<li>\n<h3>Func\u021bionare instabil\u0103<\/h3>\n<p>Cilindrul bra\u021bului poate func\u021biona instabil din cauza unor probleme cu sistemul hidraulic, cum ar fi presiunea hidraulic\u0103 insuficient\u0103 sau o supap\u0103 defect\u0103. Verifica\u021bi sistemul hidraulic \u0219i repara\u021bi dup\u0103 cum este necesar.<\/p>\n<\/li>\n<\/ul>\n<p>Dac\u0103 apar probleme, urma\u021bi instruc\u021biunile produc\u0103torului pentru depanare \u0219i repara\u021bii, pentru a asigura func\u021bionarea sigur\u0103 \u0219i eficient\u0103 a utilajului.<\/p>\n<h2>Despre noi<\/h2>\n<p>Suntem un produc\u0103tor profesionist de cilindri hidraulici de \u00eenlocuire, oferind o gam\u0103 larg\u0103 de produse \u0219i servicii. Am devenit unul dintre principalii produc\u0103tori \u0219i distribuitori angro de cilindri hidraulici pe pie\u021bele interne \u0219i interna\u021bionale. Ader\u0103m \u00eentotdeauna la principiul calit\u0103\u021bii excelente, baz\u00e2ndu-ne pe strategia de management al produc\u021biei industriale a unor ateliere de fabrica\u021bie rafinate, \u00eembun\u0103t\u0103\u021bind continuu nivelul nostru tehnic \u0219i eficien\u021ba produc\u021biei. Prin introducerea de echipamente digitale de fabrica\u021bie de ultim\u0103 genera\u021bie \u0219i sisteme profesionale de testare, optimiz\u0103m constant platforma de fabrica\u021bie, \u00eembun\u0103t\u0103\u021bim procesul de control al calit\u0103\u021bii produselor \u0219i avem capacit\u0103\u021bi inovatoare puternice. Scopul nostru este de a satisface nevoile diversificate ale clien\u021bilor cu eficien\u021b\u0103 ridicat\u0103, precizie \u0219i calitate \u00eenalt\u0103.<\/p>\n<p>Compania noastr\u0103 ofer\u0103:<\/p>\n<ul>\n<li>\n<h3>Profesionalism<\/h3>\n<p>Avem o echip\u0103 de ingineri \u0219i tehnicieni experimenta\u021bi, dedica\u021bi furniz\u0103rii de produse \u0219i servicii de \u00eenalt\u0103 calitate clien\u021bilor no\u0219tri.<\/p>\n<\/li>\n<li>\n<h3>Certificare interna\u021bional\u0103<\/h3>\n<p>Produsele noastre au trecut certific\u0103ri interna\u021bionale precum ISO 9001, CE \u0219i SGS, asigur\u00e2nd standarde \u00eenalte de calitate \u0219i siguran\u021b\u0103.<\/p>\n<\/li>\n<li>\n<h3>Servicii de personalizare<\/h3>\n<p>Putem furniza cilindri hidraulici personaliza\u021bi pentru a satisface cerin\u021bele specifice ale clien\u021bilor no\u0219tri.<\/p>\n<\/li>\n<li>\n<h3>Echipamente avansate de produc\u021bie<\/h3>\n<p>Folosim echipamente avansate, cum ar fi strunguri CNC, centre de prelucrare \u0219i echipamente de testare, pentru a asigura calitatea \u0219i eficien\u021ba produselor.<\/p>\n<\/li>\n<li>\n<h3>Serviciu post-v\u00e2nzare<\/h3>\n<p>Oferim servicii complete post-v\u00e2nzare, inclusiv asisten\u021b\u0103 tehnic\u0103, \u00eentre\u021binere \u0219i servicii de repara\u021bii pentru a asigura utilizarea pe termen lung a produselor noastre.<\/p>\n<\/li>\n<\/ul>\n<p><img decoding=\"async\" src=\"https:\/\/www.hydraulic-cylinders.net\/wp-content\/uploads\/2025\/01\/songte-company-4.webp\"><br \/>\n<img decoding=\"async\" src=\"https:\/\/www.hydraulic-cylinders.net\/wp-content\/uploads\/2025\/01\/songte-company-3.webp\"><\/p>\n<p>Autor: lyl<\/p>","protected":false},"excerpt":{"rendered":"<p>Arm Cylinder For Liugong Small Excavator CLG915D Introduction Definition and Explanation An arm cylinder is a specially designed hydraulic cylinder used to provide linear motion and power to the arms of various types of machinery, such as excavators, cranes, and mechanical arms. The arm cylinder plays a crucial role in the hydraulic system, enabling the [&hellip;]<\/p>","protected":false},"featured_media":14779,"comment_status":"open","ping_status":"closed","template":"","meta":{"_et_pb_use_builder":"","_et_pb_old_content":"","_et_gb_content_width":""},"product_brand":[],"product_cat":[1497],"product_tag":[1498,1496],"class_list":{"0":"post-16498","1":"product","2":"type-product","3":"status-publish","4":"has-post-thumbnail","6":"product_cat-arm-cylinders","7":"product_tag-arm-cylinders","8":"product_tag-hydraulic-cylinders","10":"first","11":"instock","12":"shipping-taxable","13":"product-type-simple"},"amp_enabled":true,"_links":{"self":[{"href":"https:\/\/www.hydraulic-cylinders.net\/ro\/wp-json\/wp\/v2\/product\/16498","targetHints":{"allow":["GET"]}}],"collection":[{"href":"https:\/\/www.hydraulic-cylinders.net\/ro\/wp-json\/wp\/v2\/product"}],"about":[{"href":"https:\/\/www.hydraulic-cylinders.net\/ro\/wp-json\/wp\/v2\/types\/product"}],"replies":[{"embeddable":true,"href":"https:\/\/www.hydraulic-cylinders.net\/ro\/wp-json\/wp\/v2\/comments?post=16498"}],"wp:featuredmedia":[{"embeddable":true,"href":"https:\/\/www.hydraulic-cylinders.net\/ro\/wp-json\/wp\/v2\/media\/14779"}],"wp:attachment":[{"href":"https:\/\/www.hydraulic-cylinders.net\/ro\/wp-json\/wp\/v2\/media?parent=16498"}],"wp:term":[{"taxonomy":"product_brand","embeddable":true,"href":"https:\/\/www.hydraulic-cylinders.net\/ro\/wp-json\/wp\/v2\/product_brand?post=16498"},{"taxonomy":"product_cat","embeddable":true,"href":"https:\/\/www.hydraulic-cylinders.net\/ro\/wp-json\/wp\/v2\/product_cat?post=16498"},{"taxonomy":"product_tag","embeddable":true,"href":"https:\/\/www.hydraulic-cylinders.net\/ro\/wp-json\/wp\/v2\/product_tag?post=16498"}],"curies":[{"name":"wp","href":"https:\/\/api.w.org\/{rel}","templated":true}]}}