{"id":16519,"date":"2025-01-21T05:31:09","date_gmt":"2025-01-21T05:31:09","guid":{"rendered":"https:\/\/www.hydraulic-cylinders.net\/product\/arm-cylinder-for-xgma-small-excavator-xg806\/"},"modified":"2025-01-21T05:31:11","modified_gmt":"2025-01-21T05:31:11","slug":"arm-cylinder-for-xgma-small-excavator-xg806","status":"publish","type":"product","link":"https:\/\/www.hydraulic-cylinders.net\/ro\/produs\/arm-cylinder-for-xgma-small-excavator-xg806\/","title":{"rendered":"Cilindru de bra\u021b pentru excavatorul mic XGMA XG806"},"content":{"rendered":"<p>Cilindru de bra\u021b pentru excavatorul mic XGMA XG806<\/p>\n<h2>Introducere<\/h2>\n<h3>Defini\u021bie \u0219i explica\u021bie<\/h3>\n<p>Un cilindru hidraulic este un cilindru hidraulic special conceput care ofer\u0103 mi\u0219care liniar\u0103 \u0219i putere bra\u021bului diferitelor tipuri de utilaje, cum ar fi excavatoare, macarale \u0219i bra\u021be robotizate. Cilindrul bra\u021bului joac\u0103 un rol crucial \u00een sistemul hidraulic, permi\u021b\u00e2nd mi\u0219carea \u0219i controlul eficient al sculelor sau accesoriilor ata\u0219ate. Ace\u0219ti cilindri nu numai c\u0103 ofer\u0103 o mi\u0219care lin\u0103, dar rezist\u0103 \u0219i la sarcini grele, asigur\u00e2nd func\u021bionarea eficient\u0103 \u0219i fiabilitatea utilajelor \u00een diferite condi\u021bii de lucru.<\/p>\n<p><img decoding=\"async\" src=\"https:\/\/www.hydraulic-cylinders.net\/wp-content\/uploads\/2025\/01\/songte-company-2.webp\"\/><\/p>\n<h2>Caracteristici<\/h2>\n<ul>\n<li>Transmisie de \u00eenalt\u0103 eficien\u021b\u0103: Cilindrul bra\u021bului ofer\u0103 o mi\u0219care liniar\u0103 puternic\u0103 \u0219i o for\u021b\u0103, asigur\u00e2nd performan\u021ba de \u00eenalt\u0103 eficien\u021b\u0103 a bra\u021bului robotic \u00een diverse opera\u021biuni.<\/li>\n<li>Control precis: Prin intermediul sistemului hidraulic, cilindrul bra\u021bului poate realiza un control precis al mi\u0219c\u0103rii, ceea ce face ca func\u021bionarea uneltelor ata\u0219ate s\u0103 fie mai flexibil\u0103 \u0219i mai precis\u0103.<\/li>\n<li>Durabilitate mare: Cilindrii bra\u021bului sunt de obicei fabrica\u021bi din materiale de \u00eenalt\u0103 rezisten\u021b\u0103, cu o bun\u0103 rezisten\u021b\u0103 la uzur\u0103 \u0219i coroziune, potrivi\u021bi pentru utilizare pe termen lung \u00een medii dure.<\/li>\n<li>Adaptabilitate la aplica\u021bii multiple: Ace\u0219ti cilindri pot fi utiliza\u021bi pe scar\u0103 larg\u0103 \u00een diverse echipamente mecanice, cum ar fi excavatoare, macarale \u0219i bra\u021be robotizate, adapt\u00e2ndu-se la diferite cerin\u021be de lucru.<\/li>\n<li>\u00centre\u021binere u\u0219oar\u0103: Designul are \u00een vedere \u00eentre\u021binerea \u0219i \u00eenlocuirea u\u0219oar\u0103, ceea ce face ca inspec\u021bia \u0219i \u00eentre\u021binerea regulat\u0103 s\u0103 fie mai convenabile \u0219i reduce timpul de nefunc\u021bionare a echipamentelor.<\/li>\n<\/ul>\n<p>Putem produce acest produs, iar produsul nostru poate \u00eenlocui perfect ace\u0219ti cilindri hidraulici.<\/p>\n<p><img decoding=\"async\" src=\"https:\/\/www.hydraulic-cylinders.net\/wp-content\/uploads\/2025\/01\/songte-oil-pipes-and-spare-parts.webp\"\/><\/p>\n<h2>Aplica\u021bii<\/h2>\n<h3>Inginerie de construc\u021bii<\/h3>\n<p>\u00cen excavatoare \u0219i macarale, cilindrul bra\u021bului este utilizat pentru a controla mi\u0219carea cupei sau a bra\u021bului, pentru lucr\u0103ri de terasament, manipularea materialelor \u0219i instalarea structural\u0103.<\/p>\n<h3>Industria prelucr\u0103toare<\/h3>\n<p>\u00cen liniile de produc\u021bie automatizate, cilindrul bra\u021bului este utilizat pentru mi\u0219carea bra\u021belor robotizate, pentru procesele de asamblare, sudare \u0219i manipulare, \u00eembun\u0103t\u0103\u021bind eficien\u021ba \u0219i precizia produc\u021biei.<\/p>\n<h3>Ma\u0219ini agricole<\/h3>\n<p>\u00cen utilajele agricole, cum ar fi combinele de recoltat \u0219i sem\u0103n\u0103toarele, cilindrul bra\u021bului controleaz\u0103 mi\u0219carea bra\u021bului de operare, efectu\u00e2nd sarcini precum plantarea, fertilizarea \u0219i recoltarea.<\/p>\n<h3>Minerit<\/h3>\n<p>\u00cen echipamentele miniere, cilindrul bra\u021bului este utilizat pentru a controla mi\u0219carea bra\u021bului echipamentelor miniere, pentru extrac\u021bia \u0219i manipularea minereului.<\/p>\n<h3>Logistic\u0103 \u0219i transporturi<\/h3>\n<p>\u00cen cazul stivuitoarelor \u0219i robo\u021bilor de manipulare, cilindrul bra\u021bului este utilizat pentru a controla ridicarea \u0219i mi\u0219carea furcilor, realiz\u00e2nd manipularea \u0219i stivuirea materialelor.<\/p>\n<p><img decoding=\"async\" src=\"https:\/\/www.hydraulic-cylinders.net\/wp-content\/uploads\/2025\/01\/songte-chushion-collar.webp\"\/><\/p>\n<h2>Considera\u021bii de proiectare \u0219i criterii de selec\u021bie<\/h2>\n<h3>Capacitate de \u00eenc\u0103rcare<\/h3>\n<p>Capacitatea de \u00eenc\u0103rcare a cilindrului bra\u021bului trebuie luat\u0103 \u00een considerare cu aten\u021bie, deoarece aceasta afecteaz\u0103 direct performan\u021ba \u0219i siguran\u021ba utilajului.<\/p>\n<h3>Sigilare<\/h3>\n<p>Alegerea materialelor de etan\u0219are adecvate este crucial\u0103 pentru a preveni scurgerile de fluid hidraulic, care pot deteriora echipamentul \u0219i pot prezenta riscuri de siguran\u021b\u0103.<\/p>\n<h3>Durabilitate<\/h3>\n<p>Cilindrii bra\u021bului sunt de obicei expu\u0219i la medii dure, a\u0219adar utilizarea unor materiale durabile \u0219i a unor tratamente de suprafa\u021b\u0103 este esen\u021bial\u0103 pentru a asigura fiabilitatea \u0219i performan\u021ba pe termen lung.<\/p>\n<h3>Siguran\u0163\u0103<\/h3>\n<p>Proiectarea cilindrilor bra\u021bului ar trebui s\u0103 includ\u0103 caracteristici de siguran\u021b\u0103, cum ar fi opriri de urgen\u021b\u0103, protec\u021bie la suprasarcin\u0103 \u0219i supape de suprapresiune pentru a preveni accidentele \u0219i deteriorarea utilajelor.<\/p>\n<h3>\u00centre\u0163inere<\/h3>\n<p>\u00centre\u021binerea \u0219i repararea u\u0219oar\u0103 sunt aspecte importante \u00een proiectarea cilindrilor bra\u021bului pentru a reduce timpii de nefunc\u021bionare \u0219i a cre\u0219te productivitatea.<\/p>\n<p><img decoding=\"async\" src=\"https:\/\/www.hydraulic-cylinders.net\/wp-content\/uploads\/2025\/01\/songte-cylinder-head-with-all-kinds-excavator-models.webp\"\/><\/p>\n<h2>Etan\u0219are \u0219i lubrifiere<\/h2>\n<p>Diverse componente de etan\u0219are, cum ar fi etan\u0219\u0103rile pistonului \u0219i etan\u0219\u0103rile tijei, sunt utilizate \u00een cilindrii bra\u021bului pentru a preveni scurgerile de fluid \u0219i a asigura performan\u021be fiabile. Materiale precum poliuretanul \u0219i cauciucul nitrilic sunt utilizate \u00een mod obi\u0219nuit pentru etan\u0219area componentelor datorit\u0103 rezisten\u021bei lor la uzur\u0103. Corpul cilindrului \u0219i suprafa\u021ba cap\u0103tului filetat sunt prelucrate fin pentru a \u00eembun\u0103t\u0103\u021bi rezisten\u021ba la uzur\u0103. Lubrifierea regulat\u0103 cu cantitatea adecvat\u0103 de ulei hidraulic este necesar\u0103 pentru lubrifierea \u0219i \u00eentre\u021binerea corect\u0103 a cilindrului bra\u021bului.<\/p>\n<h2>Inspec\u021bie \u0219i \u00eentre\u021binere<\/h2>\n<ul>\n<li>Inspecta\u021bi periodic cilindrul bra\u021bului pentru a depista semne de uzur\u0103, deteriorare sau scurgeri.<\/li>\n<li>\u00cenlocui\u021bi imediat piesele uzate sau deteriorate pentru a preveni deteriorarea ulterioar\u0103 a echipamentului.<\/li>\n<li>Cur\u0103\u021ba\u021bi cilindrul bra\u021bului \u00een mod regulat pentru a preveni p\u0103trunderea murd\u0103riei sau a resturilor \u00een sistemul hidraulic.<\/li>\n<li>Urma\u021bi programul de \u00eentre\u021binere recomandat pentru a asigura fiabilitatea \u0219i performan\u021ba pe termen lung a cilindrului bra\u021bului.<\/li>\n<\/ul>\n<p><img decoding=\"async\" src=\"https:\/\/www.hydraulic-cylinders.net\/wp-content\/uploads\/2025\/01\/songte-bushings-with-all-kinds-of-excavator-models.webp\"\/><\/p>\n<h2>Ghid de instalare<\/h2>\n<ul>\n<li>Asigura\u021bi-v\u0103 c\u0103 sistemul hidraulic este depresurizat \u00eenainte de a instala cilindrul bra\u021bului.<\/li>\n<li>Ata\u0219a\u021bi cilindrul bra\u021bului la suportul sau placa de montare corespunz\u0103toare.<\/li>\n<li>Conecta\u021bi conductele hidraulice la orificiile de admisie \u0219i evacuare ale cilindrului bra\u021bului.<\/li>\n<li>Str\u00e2nge\u021bi bine toate conexiunile \u0219i fitingurile.<\/li>\n<li>Reumple\u021bi sistemul hidraulic cu fluidul corespunz\u0103tor \u0219i, dac\u0103 este necesar, elimina\u021bi aerul din sistem.<\/li>\n<\/ul>\n<h2>Considera\u021bii de siguran\u021b\u0103 \u0219i factori de mediu<\/h2>\n<p>La operarea utilajelor cu cilindri de bra\u021b, trebuie implementate m\u0103suri de siguran\u021b\u0103 adecvate, cum ar fi ecrane de protec\u021bie, opriri de urgen\u021b\u0103 \u0219i semne de avertizare. Factorii de mediu precum temperatura, umiditatea \u0219i vibra\u021biile pot afecta performan\u021ba \u0219i fiabilitatea cilindrilor de bra\u021b, a\u0219adar trebuie luate m\u0103suri adecvate pentru a proteja echipamentul \u0219i a asigura o func\u021bionare eficient\u0103.<\/p>\n<h2>Diagnosticare \u0219i depanare<\/h2>\n<p>Problemele frecvente ale cilindrilor bra\u021bului includ scurgeri, func\u021bionare lent\u0103 sau imposibilitatea de a extinde sau retrage bra\u021bul. Aceste probleme pot fi cauzate de o varietate de factori, cum ar fi garnituri uzate, pistoane deteriorate sau niveluri sc\u0103zute de lichid. Pa\u0219ii de depanare includ verificarea scurgerilor, inspectarea conductelor hidraulice \u0219i testarea electrovalvei. Trebuie lua\u021bi pa\u0219ii corespunz\u0103tori de \u00eentre\u021binere sau \u00eenlocuire pentru a remedia problema.<\/p>\n<h2>Despre noi<\/h2>\n<p>Suntem un produc\u0103tor profesionist de cilindri hidraulici \u0219i am devenit unul dintre principalii produc\u0103tori \u0219i distribuitori angro de cilindri hidraulici pe pie\u021bele interne \u0219i interna\u021bionale. Ader\u0103m la principiul excelen\u021bei \u0219i ne baz\u0103m pe strategii industrializate de management al produc\u021biei \u00een atelierele noastre de fabrica\u021bie rafinate pentru a ne \u00eembun\u0103t\u0103\u021bi continuu tehnologia \u0219i eficien\u021ba produc\u021biei. Prin introducerea de echipamente digitale avansate de fabrica\u021bie \u0219i sisteme profesionale de testare, optimiz\u0103m constant platforma de fabrica\u021bie, \u00eembun\u0103t\u0103\u021bim procesele de control al calit\u0103\u021bii produselor \u0219i avem capacit\u0103\u021bi puternice de inovare. Scopul nostru este de a satisface nevoile diverse ale clien\u021bilor no\u0219tri cu o abordare de \u00eenalt\u0103 eficien\u021b\u0103, precizie \u0219i calitate.<\/p>\n<h3>Profesionalism<\/h3>\n<p>Echipa noastr\u0103 este format\u0103 din ingineri \u0219i tehnicieni experimenta\u021bi care se asigur\u0103 c\u0103 fiecare cilindru hidraulic este proiectat \u0219i fabricat pentru a \u00eendeplini cele mai \u00eenalte standarde de calitate \u0219i fiabilitate.<\/p>\n<h3>Certificare interna\u021bional\u0103<\/h3>\n<p>Produsele noastre au trecut certific\u0103ri interna\u021bionale precum ISO9001, CE \u0219i ROHS, iar procesele noastre de fabrica\u021bie respect\u0103m cu stricte\u021be standardele interna\u021bionale de calitate.<\/p>\n<h3>Serviciu de personalizare<\/h3>\n<p>Oferim solu\u021bii personalizate de cilindri hidraulici pentru a satisface nevoile specifice ale clien\u021bilor no\u0219tri, inclusiv servicii de proiectare, fabrica\u021bie \u0219i instalare.<\/p>\n<h3>Echipamente de produc\u021bie<\/h3>\n<p>Folosim echipamente digitale avansate de fabrica\u021bie, inclusiv ma\u0219ini CNC, strunguri \u0219i freze, pentru a asigura precizia \u0219i eficien\u021ba proceselor noastre de produc\u021bie.<\/p>\n<h3>Serviciu post-v\u00e2nzare<\/h3>\n<p>Oferim servicii complete post-v\u00e2nzare \u0219i asisten\u021b\u0103 tehnic\u0103 pentru a asigura performan\u021ba \u0219i fiabilitatea pe termen lung a produselor noastre.<\/p>\n<p><img decoding=\"async\" src=\"https:\/\/www.hydraulic-cylinders.net\/wp-content\/uploads\/2025\/01\/songte-company-4.webp\"\/><br \/>\n<img decoding=\"async\" src=\"https:\/\/www.hydraulic-cylinders.net\/wp-content\/uploads\/2025\/01\/songte-company-3.webp\"\/><\/p>\n<p>Autor: lyl.<\/p>","protected":false},"excerpt":{"rendered":"<p>Arm Cylinder For XGMA Small Excavator XG806 Introduction Definition and Explanation An arm cylinder is a specially designed hydraulic cylinder that provides linear motion and power to the arm of various types of machinery, such as excavators, cranes, and robotic arms. The arm cylinder plays a crucial role in the hydraulic system, enabling the effective [&hellip;]<\/p>","protected":false},"featured_media":14777,"comment_status":"open","ping_status":"closed","template":"","meta":{"_et_pb_use_builder":"","_et_pb_old_content":"","_et_gb_content_width":""},"product_brand":[],"product_cat":[1497],"product_tag":[1498,1496],"class_list":{"0":"post-16519","1":"product","2":"type-product","3":"status-publish","4":"has-post-thumbnail","6":"product_cat-arm-cylinders","7":"product_tag-arm-cylinders","8":"product_tag-hydraulic-cylinders","10":"first","11":"instock","12":"shipping-taxable","13":"product-type-simple"},"amp_enabled":true,"_links":{"self":[{"href":"https:\/\/www.hydraulic-cylinders.net\/ro\/wp-json\/wp\/v2\/product\/16519","targetHints":{"allow":["GET"]}}],"collection":[{"href":"https:\/\/www.hydraulic-cylinders.net\/ro\/wp-json\/wp\/v2\/product"}],"about":[{"href":"https:\/\/www.hydraulic-cylinders.net\/ro\/wp-json\/wp\/v2\/types\/product"}],"replies":[{"embeddable":true,"href":"https:\/\/www.hydraulic-cylinders.net\/ro\/wp-json\/wp\/v2\/comments?post=16519"}],"wp:featuredmedia":[{"embeddable":true,"href":"https:\/\/www.hydraulic-cylinders.net\/ro\/wp-json\/wp\/v2\/media\/14777"}],"wp:attachment":[{"href":"https:\/\/www.hydraulic-cylinders.net\/ro\/wp-json\/wp\/v2\/media?parent=16519"}],"wp:term":[{"taxonomy":"product_brand","embeddable":true,"href":"https:\/\/www.hydraulic-cylinders.net\/ro\/wp-json\/wp\/v2\/product_brand?post=16519"},{"taxonomy":"product_cat","embeddable":true,"href":"https:\/\/www.hydraulic-cylinders.net\/ro\/wp-json\/wp\/v2\/product_cat?post=16519"},{"taxonomy":"product_tag","embeddable":true,"href":"https:\/\/www.hydraulic-cylinders.net\/ro\/wp-json\/wp\/v2\/product_tag?post=16519"}],"curies":[{"name":"wp","href":"https:\/\/api.w.org\/{rel}","templated":true}]}}