{"id":16525,"date":"2025-01-21T05:31:34","date_gmt":"2025-01-21T05:31:34","guid":{"rendered":"https:\/\/www.hydraulic-cylinders.net\/product\/arm-cylinder-for-xgma-middle-excavator-xg822lc\/"},"modified":"2025-01-21T05:31:36","modified_gmt":"2025-01-21T05:31:36","slug":"arm-cylinder-for-xgma-middle-excavator-xg822lc","status":"publish","type":"product","link":"https:\/\/www.hydraulic-cylinders.net\/ro\/produs\/arm-cylinder-for-xgma-middle-excavator-xg822lc\/","title":{"rendered":"Cilindru bra\u021b pentru excavatorul mijlociu XGMA XG822LC"},"content":{"rendered":"<h1>Cilindru bra\u021b pentru excavatorul mijlociu XGMA XG822LC<\/h1>\n<h2>Introducere<\/h2>\n<p>Un cilindru hidraulic special conceput pentru bra\u021b este un cilindru hidraulic care ofer\u0103 mi\u0219care liniar\u0103 \u0219i putere bra\u021bului diferitelor tipuri de utilaje, cum ar fi excavatoare, macarale \u0219i bra\u021be robotizate. Cilindrul bra\u021bului joac\u0103 un rol crucial \u00een sistemele hidraulice, permi\u021b\u00e2nd mi\u0219carea \u0219i controlul eficient al uneltelor sau ata\u0219amentelor suplimentare. Ace\u0219ti cilindri nu numai c\u0103 ofer\u0103 o mi\u0219care lin\u0103, dar rezist\u0103 \u0219i la sarcini grele, asigur\u00e2nd func\u021bionarea eficient\u0103 \u0219i fiabilitatea utilajelor \u00een diverse condi\u021bii de lucru.<\/p>\n<p><img decoding=\"async\" src=\"https:\/\/www.hydraulic-cylinders.net\/wp-content\/uploads\/2025\/01\/songte-company-2.webp\" alt=\"Imaginea cilindrului bra\u021bului\"><\/p>\n<h2>Caracteristici<\/h2>\n<ul>\n<li>Transmisie de \u00eenalt\u0103 eficien\u021b\u0103: Cilindrul bra\u021bului ofer\u0103 o mi\u0219care liniar\u0103 puternic\u0103 \u0219i o for\u021b\u0103 puternic\u0103, asigur\u00e2nd performan\u021be ridicate ale bra\u021bului robotic \u00een diverse opera\u021biuni.<\/li>\n<li>Control precis: Prin intermediul sistemului hidraulic, cilindrul bra\u021bului permite un control precis al mi\u0219c\u0103rii, f\u0103c\u00e2nd func\u021bionarea uneltelor ata\u0219ate mai flexibil\u0103 \u0219i precis\u0103.<\/li>\n<li>Durabilitate: Cilindrii bra\u021bului sunt de obicei fabrica\u021bi din materiale de \u00eenalt\u0103 rezisten\u021b\u0103, oferind o rezisten\u021b\u0103 excelent\u0103 la uzur\u0103 \u0219i coroziune, ceea ce \u00eei face potrivi\u021bi pentru utilizarea pe termen lung \u00een medii dure.<\/li>\n<li>Adaptabilitate multifunc\u021bional\u0103: Ace\u0219ti cilindri pot fi utiliza\u021bi pe scar\u0103 larg\u0103 \u00een diverse utilaje, cum ar fi excavatoare, macarale \u0219i bra\u021be robotizate, adapt\u00e2ndu-se la diferite cerin\u021be de lucru.<\/li>\n<li>\u00centre\u021binere u\u0219oar\u0103: Designul ia \u00een considerare u\u0219urin\u021ba \u00eentre\u021binerii \u0219i \u00eenlocuirii, ceea ce face ca inspec\u021bia \u0219i \u00eentre\u021binerea regulat\u0103 s\u0103 fie mai convenabile, reduc\u00e2nd timpul de nefunc\u021bionare a echipamentelor.<\/li>\n<\/ul>\n<p><img decoding=\"async\" src=\"https:\/\/www.hydraulic-cylinders.net\/wp-content\/uploads\/2025\/01\/songte-oil-pipes-and-spare-parts.webp\" alt=\"Imaginea produsului\"><\/p>\n<h2>Aplica\u021bii<\/h2>\n<p>Cilindrii cu bra\u021b \u00ee\u0219i g\u0103sesc aplica\u021bii \u00een diverse industrii:<\/p>\n<h3>1. Inginerie de construc\u021bii<\/h3>\n<p>\u00cen excavatoare \u0219i macarale, cilindrii bra\u021bului sunt utiliza\u021bi pentru a controla mi\u0219carea cupelor sau a bra\u021belor pentru lucr\u0103ri de terasament, manipularea materialelor \u0219i instala\u021bii structurale.<\/p>\n<h3>2. Fabrica\u021bie<\/h3>\n<p>\u00cen liniile de produc\u021bie automatizate, cilindrii bra\u021bului permit mi\u0219carea bra\u021belor robotizate pentru procesele de asamblare, sudare \u0219i manipulare a materialelor, \u00eembun\u0103t\u0103\u021bind eficien\u021ba \u0219i precizia produc\u021biei.<\/p>\n<h3>3. Ma\u0219ini agricole<\/h3>\n<p>\u00cen utilajele agricole, cum ar fi combinele de recoltat \u0219i sem\u0103n\u0103toarele, cilindrii bra\u021bului controleaz\u0103 mi\u0219carea bra\u021belor de operare pentru sarcini precum sem\u0103natul, fertilizarea \u0219i recoltarea.<\/p>\n<h3>4. Minerit<\/h3>\n<p>\u00cen echipamentele miniere, cilindrii bra\u021bului sunt utiliza\u021bi pentru a controla mi\u0219carea bra\u021bului \u00een minerit \u0219i transportul materialelor.<\/p>\n<h3>5. Logistic\u0103 \u0219i transport<\/h3>\n<p>\u00cen cazul stivuitoarelor \u0219i robo\u021bilor de manipulare, cilindrii bra\u021bului controleaz\u0103 ridicarea \u0219i mi\u0219carea furcilor, permi\u021b\u00e2nd manipularea \u0219i stivuirea materialelor.<\/p>\n<p><img decoding=\"async\" src=\"https:\/\/www.hydraulic-cylinders.net\/wp-content\/uploads\/2025\/01\/songte-cylinder-head-with-all-kinds-excavator-models.webp\" alt=\"Imaginea produsului\"><\/p>\n<h2>Considera\u021bii de proiectare \u0219i criterii de selec\u021bie<\/h2>\n<p>C\u00e2nd vine vorba de proiectarea \u0219i selectarea cilindrilor bra\u021bului, se iau \u00een considerare mai mul\u021bi factori:<\/p>\n<h3>1. Capacitate portant\u0103<\/h3>\n<p>Cilindrul bra\u021bului trebuie s\u0103 poat\u0103 suporta sarcina necesar\u0103 \u0219i s\u0103 furnizeze o for\u021b\u0103 suficient\u0103 pentru aplica\u021bia prev\u0103zut\u0103.<\/p>\n<h3>2. Capacitate de etan\u0219are<\/h3>\n<p>Utilizarea diverselor elemente de etan\u0219are, cum ar fi etan\u0219\u0103rile pistonului \u0219i etan\u0219\u0103rile tijei din materiale rezistente la uzur\u0103, precum poliuretanul \u0219i cauciucul nitrilic, asigur\u0103 o etan\u0219are eficient\u0103. Tratamentul fin al suprafe\u021bei corpului cilindrului \u0219i al cap\u0103tului filetat \u00eembun\u0103t\u0103\u021be\u0219te rezisten\u021ba la uzur\u0103. Lubrifierea regulat\u0103 cu ulei hidraulic este necesar\u0103 pentru o func\u021bionare corect\u0103.<\/p>\n<p><img decoding=\"async\" src=\"https:\/\/www.hydraulic-cylinders.net\/wp-content\/uploads\/2025\/01\/songte-chushion-collar.webp\" alt=\"Imaginea produsului\"><\/p>\n<h2>\u00centre\u021binere \u0219i m\u0103suri preventive<\/h2>\n<p>Pentru a asigura performan\u021ba optim\u0103 \u0219i longevitatea cilindrului bra\u021bului, trebuie efectuate inspec\u021bii regulate \u0219i m\u0103suri de \u00eentre\u021binere preventiv\u0103:<\/p>\n<h3>1. Inspec\u021bie regulat\u0103<\/h3>\n<p>Verifica\u021bi cilindrul bra\u021bului pentru orice semne de uzur\u0103, scurgeri sau deteriorare. Verifica\u021bi garniturile, conexiunile \u0219i nivelurile de lubrifiere.<\/p>\n<h3>2. Repara\u021bii preventive<\/h3>\n<p>Rezolva\u021bi orice probleme minore \u00eenainte ca acestea s\u0103 se transforme \u00een probleme majore. \u00cenlocui\u021bi prompt garniturile uzate \u0219i componentele deteriorate.<\/p>\n<h3>3. Instalare corect\u0103<\/h3>\n<p>Urma\u021bi instruc\u021biunile produc\u0103torului pentru o instalare corect\u0103, asigur\u00e2nd o aliniere corect\u0103 \u0219i conexiuni sigure.<\/p>\n<p><img decoding=\"async\" src=\"https:\/\/www.hydraulic-cylinders.net\/wp-content\/uploads\/2025\/01\/songte-bushings-with-all-kinds-of-excavator-models.webp\" alt=\"Imaginea produsului\"><\/p>\n<h2>Considera\u021bii de siguran\u021b\u0103 \u0219i factori de mediu<\/h2>\n<p>Atunci c\u00e2nd se lucreaz\u0103 cu cilindri de bra\u021b, m\u0103surile de siguran\u021b\u0103 sunt de maxim\u0103 importan\u021b\u0103. Instruirea adecvat\u0103 \u0219i respectarea instruc\u021biunilor de siguran\u021b\u0103 pot preveni accidentele \u0219i pot asigura un mediu de lucru sigur.<\/p>\n<h2>Depanare \u0219i probleme frecvente<\/h2>\n<p>Cilindrii bra\u021bului pot \u00eent\u00e2mpina diverse probleme. Iat\u0103 c\u00e2teva probleme comune \u0219i posibilele lor solu\u021bii:<\/p>\n<h3>1. Scurgere<\/h3>\n<p>Dac\u0103 exist\u0103 o scurgere de fluid hidraulic, verifica\u021bi garniturile \u0219i conexiunile pentru a depista eventualele deterior\u0103ri sau uzur\u0103. \u00cenlocui\u021bi orice componente sau garnituri defecte.<\/p>\n<h3>2. Mi\u0219care lent\u0103 sau inconsistent\u0103<\/h3>\n<p>Inspecta\u021bi sistemul hidraulic pentru a depista eventuale blocaje sau niveluri insuficiente de lichid. Verifica\u021bi dac\u0103 exist\u0103 restric\u021bii \u00een mi\u0219carea cilindrului \u0219i remedia\u021bi problema \u00een consecin\u021b\u0103.<\/p>\n<h3>3. Zgomot anormal<\/h3>\n<p>Dac\u0103 se aude un zgomot neobi\u0219nuit \u00een timpul func\u021bion\u0103rii, acesta poate indica probleme mecanice. Inspecta\u021bi cilindrul, conexiunile \u0219i componentele din jur pentru a depista eventualele piese sl\u0103bite sau deteriorate. Str\u00e2nge\u021bi sau \u00eenlocui\u021bi dup\u0103 cum este necesar.<\/p>\n<p><img decoding=\"async\" src=\"https:\/\/www.hydraulic-cylinders.net\/wp-content\/uploads\/2025\/01\/songte-company-4.webp\" alt=\"Imaginea produsului\"><br \/>\n<img decoding=\"async\" src=\"https:\/\/www.hydraulic-cylinders.net\/wp-content\/uploads\/2025\/01\/songte-company-3.webp\" alt=\"Imaginea produsului\"><\/p>\n<p>Suntem un produc\u0103tor profesionist de cilindri hidraulici de schimb, oferind o gam\u0103 larg\u0103 de produse. Am devenit unul dintre principalii produc\u0103tori \u0219i angrosi\u0219ti \u200b\u200bde cilindri hidraulici pe pie\u021bele interne \u0219i interna\u021bionale. Sus\u021binem principiul calit\u0103\u021bii excelente \u0219i ne \u00eembun\u0103t\u0103\u021bim continuu nivelul tehnic \u0219i eficien\u021ba produc\u021biei. Cu echipamente digitale avansate de fabrica\u021bie \u0219i sisteme profesionale de testare, optimiz\u0103m platforma noastr\u0103 de fabrica\u021bie \u0219i \u00eembun\u0103t\u0103\u021bim procesele de control al calit\u0103\u021bii produselor. Scopul nostru este de a satisface nevoile diverse ale clien\u021bilor no\u0219tri cu eficien\u021b\u0103, precizie \u0219i standarde de \u00eenalt\u0103 calitate.<\/p>\n<p>Despre compania noastr\u0103:<\/p>\n<ul>\n<li>Profesionalism: Suntem exper\u021bi \u00een domeniul fabric\u0103rii cilindrilor hidraulici \u0219i avem o vast\u0103 experien\u021b\u0103 \u00een industrie.<\/li>\n<li>Certific\u0103ri interna\u021bionale: Produsele noastre \u00eendeplinesc standardele interna\u021bionale de calitate \u0219i de\u021bin certific\u0103ri relevante.<\/li>\n<li>Servicii de personalizare: Oferim solu\u021bii personalizate pentru a satisface cerin\u021bele specifice ale clien\u021bilor.<\/li>\n<li>Echipamente de produc\u021bie avansate: Dispunem de echipamente de produc\u021bie de ultim\u0103 genera\u021bie pentru a asigura o produc\u021bie eficient\u0103 \u0219i precis\u0103.<\/li>\n<li>Serviciu post-v\u00e2nzare: Oferim asisten\u021b\u0103 post-v\u00e2nzare complet\u0103 pentru a ajuta clien\u021bii no\u0219tri cu orice \u00eentreb\u0103ri sau probleme.<\/li>\n<\/ul>\n<p>Autor: lyl<\/p>","protected":false},"excerpt":{"rendered":"<p>Arm Cylinder For XGMA Middle Excavator XG822LC Introduction An arm cylinder is a specially designed hydraulic cylinder that provides linear motion and power to the arm of various types of machinery such as excavators, cranes, and robotic arms. The arm cylinder plays a crucial role in hydraulic systems, enabling effective movement and control of additional [&hellip;]<\/p>","protected":false},"featured_media":14759,"comment_status":"open","ping_status":"closed","template":"","meta":{"_et_pb_use_builder":"","_et_pb_old_content":"","_et_gb_content_width":""},"product_brand":[],"product_cat":[1497],"product_tag":[1498,1496],"class_list":{"0":"post-16525","1":"product","2":"type-product","3":"status-publish","4":"has-post-thumbnail","6":"product_cat-arm-cylinders","7":"product_tag-arm-cylinders","8":"product_tag-hydraulic-cylinders","10":"first","11":"instock","12":"shipping-taxable","13":"product-type-simple"},"amp_enabled":true,"_links":{"self":[{"href":"https:\/\/www.hydraulic-cylinders.net\/ro\/wp-json\/wp\/v2\/product\/16525","targetHints":{"allow":["GET"]}}],"collection":[{"href":"https:\/\/www.hydraulic-cylinders.net\/ro\/wp-json\/wp\/v2\/product"}],"about":[{"href":"https:\/\/www.hydraulic-cylinders.net\/ro\/wp-json\/wp\/v2\/types\/product"}],"replies":[{"embeddable":true,"href":"https:\/\/www.hydraulic-cylinders.net\/ro\/wp-json\/wp\/v2\/comments?post=16525"}],"wp:featuredmedia":[{"embeddable":true,"href":"https:\/\/www.hydraulic-cylinders.net\/ro\/wp-json\/wp\/v2\/media\/14759"}],"wp:attachment":[{"href":"https:\/\/www.hydraulic-cylinders.net\/ro\/wp-json\/wp\/v2\/media?parent=16525"}],"wp:term":[{"taxonomy":"product_brand","embeddable":true,"href":"https:\/\/www.hydraulic-cylinders.net\/ro\/wp-json\/wp\/v2\/product_brand?post=16525"},{"taxonomy":"product_cat","embeddable":true,"href":"https:\/\/www.hydraulic-cylinders.net\/ro\/wp-json\/wp\/v2\/product_cat?post=16525"},{"taxonomy":"product_tag","embeddable":true,"href":"https:\/\/www.hydraulic-cylinders.net\/ro\/wp-json\/wp\/v2\/product_tag?post=16525"}],"curies":[{"name":"wp","href":"https:\/\/api.w.org\/{rel}","templated":true}]}}