{"id":1653,"date":"2023-10-10T07:56:30","date_gmt":"2023-10-10T07:56:30","guid":{"rendered":"https:\/\/hydraulic-cylinders.net\/?post_type=product&#038;p=1653"},"modified":"2025-04-11T03:46:19","modified_gmt":"2025-04-11T03:46:19","slug":"press-cushion-cylinder","status":"publish","type":"product","link":"https:\/\/www.hydraulic-cylinders.net\/ro\/produs\/press-cushion-cylinder\/","title":{"rendered":"Cilindru cu pern\u0103 de pres\u0103"},"content":{"rendered":"<h1 style=\"text-align: center;\"><strong>Cilindru cu pern\u0103 de pres\u0103<\/strong><\/h1>\n<p><img loading=\"lazy\" decoding=\"async\" class=\"aligncenter wp-image-1654\" src=\"https:\/\/hydraulic-cylinders.net\/wp-content\/uploads\/2023\/10\/cushion-cylinder-1-300x300.webp\" alt=\"\" width=\"400\" height=\"400\" \/><\/p>\n<p>Cilindrul cu amortizare a pres\u0103rii este o component\u0103 extrem de eficient\u0103 \u0219i versatil\u0103, conceput\u0103 pentru a \u00eembun\u0103t\u0103\u021bi precizia \u0219i productivitatea \u00een aplica\u021biile industriale de presare. Cu caracteristicile sale avansate \u0219i designul inovator, acest cilindru ofer\u0103 capacit\u0103\u021bi superioare de amortizare, asigur\u00e2nd o decelerare controlat\u0103 \u0219i for\u021be de impact reduse \u00een timpul opera\u021biunilor de presare.<\/p>\n<p>Cilindrul cu pern\u0103 de presare este un instrument remarcabil pentru \u00eembun\u0103t\u0103\u021birea preciziei, eficien\u021bei \u0219i productivit\u0103\u021bii \u00een aplica\u021biile industriale de presare. Cu tehnologia sa avansat\u0103 de amortizare, set\u0103rile reglabile, cursa de revenire rapid\u0103 \u0219i construc\u021bia robust\u0103, acest cilindru v\u0103 permite s\u0103 ob\u021bine\u021bi rezultate excep\u021bionale, prelungind \u00een acela\u0219i timp durata de via\u021b\u0103 a echipamentului dumneavoastr\u0103 de presare. Urm\u00e2nd metodele de utilizare \u0219i practicile de \u00eentre\u021binere recomandate, pute\u021bi maximiza performan\u021ba, longevitatea \u0219i siguran\u021ba cilindrului cu pern\u0103 de presare \u00een opera\u021biunile dumneavoastr\u0103 de presare. Alege\u021bi acest cilindru pentru a v\u0103 \u00eembun\u0103t\u0103\u021bi capacit\u0103\u021bile de presare \u0219i a experimenta un control \u0219i o eficien\u021b\u0103 superioare.<\/p>\n<p>Caracteristici cheie ale cilindrului cu pern\u0103 de presare:<\/p>\n<ol>\n<li>Tehnologie avansat\u0103 de amortizare:\n<ul>\n<li>Cilindrul de amortizare al presei este echipat cu o tehnologie avansat\u0103 de amortizare care permite decelerarea controlat\u0103 a cursei pistonului, reduc\u00e2nd la minimum for\u021bele de impact \u0219i prevenind uzura excesiv\u0103 sau deteriorarea sculelor presei \u0219i a piesei de prelucrat.<\/li>\n<li>Aceast\u0103 tehnologie \u00eembun\u0103t\u0103\u021be\u0219te precizia \u0219i prelunge\u0219te durata de via\u021b\u0103 a echipamentului de presare, asigur\u00e2nd rezultate consistente \u0219i de \u00eenalt\u0103 calitate.<\/li>\n<\/ul>\n<\/li>\n<li>Amortizare reglabil\u0103:\n<ul>\n<li>Acest cilindru permite reglarea rapid\u0103 a caracteristicilor de amortizare pentru a se potrivi cerin\u021belor specifice ale aplica\u021biei.<\/li>\n<li>Prin reglarea fin\u0103 a set\u0103rilor de amortizare, operatorii pot ob\u021bine un control optim asupra procesului de decelerare, adapt\u00e2ndu-se la diferite materiale ale pieselor de prelucrat \u0219i la varia\u021bia for\u021belor de presare.<\/li>\n<\/ul>\n<\/li>\n<li>Curs\u0103 de \u00eentoarcere rapid\u0103:\n<ul>\n<li>Cilindrul cu pern\u0103 de presare are o curs\u0103 de revenire rapid\u0103, reduc\u00e2nd timpii de ciclu \u0219i cresc\u00e2nd productivitatea general\u0103.<\/li>\n<li>Cursa rapid\u0103 de revenire spore\u0219te eficien\u021ba \u0219i minimizeaz\u0103 timpul de nefunc\u021bionare, ceea ce o face o alegere ideal\u0103 pentru mediile de produc\u021bie cu volum mare.<\/li>\n<\/ul>\n<\/li>\n<li>Construc\u021bie robust\u0103:\n<ul>\n<li>Acest cilindru este construit din materiale de \u00eenalt\u0103 calitate, asigur\u00e2nd durabilitate \u0219i fiabilitate pe termen lung \u00een medii industriale solicitante.<\/li>\n<li>Designul s\u0103u robust \u00eei permite s\u0103 reziste la sarcini grele, opera\u021biuni repetitive \u0219i condi\u021bii dure de lucru, garant\u00e2nd performan\u021be constante \u00een timp.<\/li>\n<\/ul>\n<\/li>\n<\/ol>\n<h2><strong>Parametrul cilindrului pernei de pres\u0103:<\/strong><\/h2>\n<table border=\"1\" cellspacing=\"0\" cellpadding=\"0\">\n<tbody>\n<tr>\n<td>Nume produs<\/td>\n<td>Cilindru de pern\u0103 pentru pres\u0103 hidraulic\u0103<\/td>\n<\/tr>\n<tr>\n<td>Caracteristici:<\/td>\n<td>Absorb vibra\u021biile de deplasare\/\u0219oc la forjare<\/td>\n<\/tr>\n<tr>\n<td>Diametrul alezajului:<\/td>\n<td>75mm\uff5e300mm<\/td>\n<\/tr>\n<tr>\n<td>Diametrul tijei:<\/td>\n<td>\u00a050mm\uff5e180mm<br \/>\nCurs\u0103 \u2264500 mm<\/td>\n<\/tr>\n<tr>\n<td>For\u021ba de \u00eempingere:<\/td>\n<td>Maxim 1130KN<br \/>\n(Diametru cilindru 300 mm \/ presiune 25 MPa)<\/td>\n<\/tr>\n<tr>\n<td>Aplica\u021bii ale cilindrului cu pern\u0103:<\/td>\n<td>Pres\u0103 hidraulic\u0103<\/td>\n<\/tr>\n<\/tbody>\n<\/table>\n<div><\/div>\n<div>\n<div class=\"txtboxL\">\n<div class=\"txtboxL\">\n<div class=\"txtboxL\">Caracteristici:<\/div>\n<div class=\"txtboxR\">Absorb vibra\u021biile de deplasare\/\u0219oc la forjare<\/div>\n<div class=\"txtboxL\">Specifica\u021bii:<\/div>\n<div class=\"txtboxR\">Diametrul alezajului: 75 mm ~ 300 mm<br \/>\nDiametrul tijei: 50 mm ~ 180 mm<br \/>\nCurs\u0103 \u2264500 mm<\/div>\n<div class=\"txtboxL\">For\u021ba de \u00eempingere:<\/div>\n<div class=\"txtboxR\">Maxim 1130KN<br \/>\n(Diametru cilindru 300 mm \/ presiune 25 MPa)<\/div>\n<\/div>\n<\/div>\n<\/div>\n<h2><strong>Fabric\u0103 de cilindri de pres\u0103:<\/strong><\/h2>\n<p><img loading=\"lazy\" decoding=\"async\" class=\"alignnone wp-image-1619 size-full\" src=\"https:\/\/hydraulic-cylinders.net\/wp-content\/uploads\/2023\/10\/press-cylinder.webp\" alt=\"\" width=\"1418\" height=\"946\" srcset=\"https:\/\/hydraulic-cylinders.net\/wp-content\/uploads\/2023\/10\/press-cylinder.webp 1418w, https:\/\/hydraulic-cylinders.net\/wp-content\/uploads\/2023\/10\/press-cylinder-1280x854.webp 1280w, https:\/\/hydraulic-cylinders.net\/wp-content\/uploads\/2023\/10\/press-cylinder-980x654.webp 980w, https:\/\/hydraulic-cylinders.net\/wp-content\/uploads\/2023\/10\/press-cylinder-480x320.webp 480w\" sizes=\"(min-width: 0px) and (max-width: 480px) 480px, (min-width: 481px) and (max-width: 980px) 980px, (min-width: 981px) and (max-width: 1280px) 1280px, (min-width: 1281px) 1418px, 100vw\" \/><\/p>\n<h2><strong>Metoda de utilizare a cilindrului pernei de pres\u0103<\/strong><strong>:<\/strong><\/h2>\n<ol>\n<li><strong>Instalare \u0219i integrare:<\/strong>\n<ul>\n<li>Monta\u021bi cilindrul pernei de pres\u0103 \u00een siguran\u021b\u0103 \u00een loca\u021bia dorit\u0103, asigur\u00e2nd o aliniere corect\u0103 cu sculele presei \u0219i piesa de prelucrat.<\/li>\n<li>Conecta\u021bi conductele hidraulice conform instruc\u021biunilor produc\u0103torului, asigur\u00e2nd curgerea corect\u0103 a fluidului \u0219i evit\u00e2nd scurgerile.<\/li>\n<li>Integra\u021bi cilindrul cu sistemul de control al presei, urm\u00e2nd instruc\u021biunile pentru o func\u021bionare f\u0103r\u0103 probleme.<\/li>\n<\/ul>\n<\/li>\n<li><strong>Reglarea set\u0103rilor de amortizare:<\/strong>\n<ul>\n<li>Consulta\u021bi documenta\u021bia produc\u0103torului pentru a identifica metodele specifice de reglare a set\u0103rilor de amortizare ale cilindrului.<\/li>\n<li>Ajust\u0103rile se pot face prin reglarea supapelor de control al debitului sau prin modificarea distan\u021bierelor de amortizare.<\/li>\n<li>Regla\u021bi fin set\u0103rile de amortizare \u00een func\u021bie de cerin\u021bele specifice ale aplica\u021biei de presare, lu\u00e2nd \u00een considerare factori precum materialul piesei de prelucrat, for\u021ba de presare \u0219i caracteristicile de decelerare dorite.<\/li>\n<\/ul>\n<\/li>\n<li><strong>Considera\u021bii opera\u021bionale:<\/strong>\n<ul>\n<li>\u00cen timpul func\u021bion\u0103rii, monitoriza\u021bi cu aten\u021bie performan\u021ba cilindrului pernei de presare.<\/li>\n<li>Observa\u021bi procesul de decelerare, asigur\u00e2ndu-v\u0103 c\u0103 efectul de amortizare minimizeaz\u0103 eficient for\u021bele de impact \u0219i ofer\u0103 o ap\u0103sare lin\u0103 \u0219i controlat\u0103.<\/li>\n<li>Ajusta\u021bi set\u0103rile de amortizare pentru a optimiza performan\u021ba \u0219i a ob\u021bine rezultatele dorite la presare, dac\u0103 este necesar.<\/li>\n<\/ul>\n<\/li>\n<\/ol>\n<h2><strong>Cum s\u0103 g\u0103se\u0219ti un kit de etan\u0219are pentru cilindrul hidraulic?<\/strong><\/h2>\n<p>G\u0103sirea kitului de etan\u0219\u0103ri potrivit pentru un cilindru hidraulic este crucial\u0103 pentru o \u00eentre\u021binere \u0219i o reparare corespunz\u0103toare. Iat\u0103 un ghid pas cu pas care v\u0103 va ajuta s\u0103 g\u0103si\u021bi kitul de etan\u0219\u0103ri de care ave\u021bi nevoie:<\/p>\n<ol>\n<li><strong>Identifica\u021bi informa\u021biile despre cilindru:<\/strong><br \/>\nAduna\u021bi c\u00e2t mai multe informa\u021bii posibil despre cilindrul hidraulic pentru care ave\u021bi nevoie de un kit de etan\u0219are. Acestea includ numele produc\u0103torului, num\u0103rul modelului \u0219i alte marcaje sau etichete de identificare de pe cilindru. Consulta\u021bi documenta\u021bia sau specifica\u021biile cilindrului pentru a aduna detalii suplimentare, dac\u0103 ave\u021bi acces la acestea.<\/li>\n<li><strong>Determina\u021bi tipul de etan\u0219are:<\/strong><br \/>\nCilindrii hidraulici pot utiliza diverse tipuri de etan\u0219\u0103ri, cum ar fi etan\u0219\u0103ri pentru piston, etan\u0219\u0103ri pentru tij\u0103, \u0219terg\u0103toare sau inele de uzur\u0103. Identifica\u021bi tipul specific de etan\u0219are sau etan\u0219\u0103ri pe care trebuie s\u0103 le \u00eenlocui\u021bi. \u00cen\u021belegerea configura\u021biei etan\u0219\u0103rilor este esen\u021bial\u0103 pentru g\u0103sirea setului de etan\u0219\u0103ri corect.<\/li>\n<li><strong>Cerceteaz\u0103 produc\u0103torul:<\/strong><br \/>\n\u00cencepe\u021bi c\u0103utarea contact\u00e2nd direct produc\u0103torul cilindrului. Vizita\u021bi site-ul lor oficial sau contacta\u021bi departamentul lor de asisten\u021b\u0103 pentru clien\u021bi. Furniza\u021bi-le informa\u021biile despre cilindru pe care le-a\u021bi adunat la pasul 1. Produc\u0103torul poate furniza adesea num\u0103rul corect al piesei kitului de etan\u0219are sau v\u0103 poate \u00eendruma c\u0103tre distribuitorii s\u0103i autoriza\u021bi.<\/li>\n<li><strong>Distribuitori autoriza\u021bi:<\/strong><br \/>\nDac\u0103 produc\u0103torul nu vinde direct kituri de etan\u0219are sau dac\u0103 prefera\u021bi s\u0103 explora\u021bi alte op\u021biuni, \u00eentreba\u021bi despre distribuitori sau rev\u00e2nz\u0103tori autoriza\u021bi. Ace\u0219ti distribuitori au adesea kituri de etan\u0219are concepute special pentru buteliile produc\u0103torului. Ace\u0219tia v\u0103 pot ajuta s\u0103 g\u0103si\u021bi kitul de etan\u0219are potrivit pe baza informa\u021biilor despre butelie pe care le furniza\u021bi.<\/li>\n<li><strong>Pie\u021be online \u0219i furnizori:<\/strong><br \/>\nC\u0103uta\u021bi furnizori de kituri de etan\u0219are hidraulic\u0103 de renume sau pie\u021be online specializate \u00een componente hidraulice. Printre op\u021biunile populare se num\u0103r\u0103 site-uri web cu aprovizionare industrial\u0103, furnizori de echipamente hidraulice \u0219i comercian\u021bi cu am\u0103nuntul dedica\u021bi etan\u0219\u0103rilor hidraulice. Folosi\u021bi filtre de c\u0103utare sau cuvinte cheie care corespund produc\u0103torului \u0219i num\u0103rului de model al cilindrului dvs. pentru a restr\u00e2nge rezultatele.<\/li>\n<li><strong>Ghiduri de referin\u021b\u0103 \u00eencruci\u0219at\u0103:<\/strong><br \/>\nAnumite site-uri web sau cataloage ofer\u0103 ghiduri de referin\u021b\u0103 \u00eencruci\u0219at\u0103 sau diagrame de compatibilitate pentru kiturile de etan\u0219\u0103ri hidraulice. Aceste resurse v\u0103 permit s\u0103 c\u0103uta\u021bi kituri de etan\u0219\u0103ri pe baza produc\u0103torului cilindrului, a num\u0103rului de model sau a dimensiunilor etan\u0219\u0103rilor. Referin\u021bele \u00eencruci\u0219ate v\u0103 pot ajuta s\u0103 g\u0103si\u021bi kituri de etan\u0219\u0103ri de la al\u021bi produc\u0103tori care sunt compatibile cu cilindrul dumneavoastr\u0103.<\/li>\n<li><strong>Dimensiuni \u0219i specifica\u021bii ale etan\u0219\u0103rii:<\/strong><br \/>\nDac\u0103 nu g\u0103si\u021bi un kit de etan\u0219\u0103ri special conceput pentru cilindrul dumneavoastr\u0103, pute\u021bi lua m\u0103sur\u0103tori ale etan\u0219\u0103rilor existente. Nota\u021bi dimensiunile etan\u0219\u0103rilor, inclusiv diametrul interior, diametrul exterior \u0219i \u00een\u0103l\u021bimea. Cu aceste informa\u021bii, pute\u021bi c\u0103uta etan\u0219\u0103ri individuale care corespund acestor dimensiuni sau pute\u021bi consulta un specialist \u00een etan\u0219\u0103ri hidraulice care v\u0103 poate ajuta s\u0103 g\u0103si\u021bi \u00eenlocuitori potrivi\u021bi.<\/li>\n<li><strong>Solicita\u021bi asisten\u021b\u0103 profesional\u0103:<\/strong><br \/>\nDac\u0103 \u00eent\u00e2mpina\u021bi dificult\u0103\u021bi \u00een g\u0103sirea kitului de etan\u0219are corect sau dac\u0103 nu sunte\u021bi sigur de proces, lua\u021bi \u00een considerare consultarea unui specialist \u00een repara\u021bii hidraulice sau a unui furnizor de etan\u0219are hidraulic\u0103. Ace\u0219tia au expertiz\u0103 \u00een identificarea \u0219i aprovizionarea cu kituri de etan\u0219are pentru diver\u0219i cilindri hidraulici \u0219i v\u0103 pot ghida \u00een g\u0103sirea solu\u021biei potrivite.<\/li>\n<\/ol>\n<h2><strong>Capabilitatea \u0219i capacitatea fabricii:<\/strong><\/h2>\n<h3>(1) Montaj<\/h3>\n<p>Avem o platform\u0103 de asamblare independent\u0103 de cercetare \u0219i dezvoltare de prim\u0103 clas\u0103. Atelierul de produc\u021bie a cilindrilor hidraulici are patru linii de asamblare semiautomate pentru cilindri de ridicare \u0219i o linie de asamblare automat\u0103 a cilindrilor de \u00eenclinare, cu o capacitate de produc\u021bie anual\u0103 proiectat\u0103 de 1 milion de buc\u0103\u021bi. Atelierul de cilindri speciali este echipat cu diverse specifica\u021bii ale unui sistem de asamblare semi-automat de cur\u0103\u021bare, cu o capacitate de produc\u021bie anual\u0103 proiectat\u0103 de 200.000 \u0219i dotat cu echipamente celebre de prelucrare CNC, un centru de prelucrare, un echipament special de prelucrare a cilindrilor de \u00eenalt\u0103 precizie, o ma\u0219in\u0103 de sudur\u0103 robotizat\u0103, o ma\u0219in\u0103 de cur\u0103\u021bare automat\u0103, o ma\u0219in\u0103 de asamblare automat\u0103 a cilindrilor \u0219i o linie de produc\u021bie automat\u0103 de vopsire. Echipamente critice existente de peste 300 de seturi (seturi). Alocarea optim\u0103 \u0219i utilizarea eficient\u0103 a resurselor de echipamente asigur\u0103 cerin\u021bele de precizie ale produselor \u0219i satisface nevoile de \u00eenalt\u0103 calitate ale produselor.<\/p>\n<p><img loading=\"lazy\" decoding=\"async\" class=\"alignnone wp-image-626\" src=\"https:\/\/hydraulic-cylinders.net\/wp-content\/uploads\/2023\/08\/hydraulic-cylinder-product-1-300x158.webp\" alt=\"\" width=\"495\" height=\"260\" srcset=\"https:\/\/hydraulic-cylinders.net\/wp-content\/uploads\/2023\/08\/hydraulic-cylinder-product-1-300x158.webp 495w, https:\/\/hydraulic-cylinders.net\/wp-content\/uploads\/2023\/08\/hydraulic-cylinder-product-1-480x252.webp 480w\" sizes=\"(min-width: 0px) and (max-width: 480px) 480px, (min-width: 481px) 495px, 100vw\" \/> <img loading=\"lazy\" decoding=\"async\" class=\"alignnone wp-image-627\" src=\"https:\/\/hydraulic-cylinders.net\/wp-content\/uploads\/2023\/08\/hydraulic-cylinder-product-2-300x189.webp\" alt=\"\" width=\"413\" height=\"260\" \/><\/p>\n<h3>(2) Prelucrare<\/h3>\n<p>Atelierul de prelucrare este echipat cu un centru de strunjire cu \u0219in\u0103 \u00eenclinat\u0103 personalizat, un centru de prelucrare, o ma\u0219in\u0103 de honuire de mare vitez\u0103, un robot de sudur\u0103 \u0219i alte echipamente conexe, care pot gestiona prelucrarea tuburilor cilindrice cu un diametru interior maxim de 400 mm \u0219i o lungime maxim\u0103 de 6 metri.<\/p>\n<p><img loading=\"lazy\" decoding=\"async\" class=\"alignnone wp-image-628 size-large\" src=\"https:\/\/hydraulic-cylinders.net\/wp-content\/uploads\/2023\/08\/hydraulic-cylinder-product-3-1024x391.webp\" alt=\"\" width=\"1024\" height=\"391\" srcset=\"https:\/\/hydraulic-cylinders.net\/wp-content\/uploads\/2023\/08\/hydraulic-cylinder-product-3-980x374.webp 980w, https:\/\/hydraulic-cylinders.net\/wp-content\/uploads\/2023\/08\/hydraulic-cylinder-product-3-480x183.webp 480w\" sizes=\"(min-width: 0px) and (max-width: 480px) 480px, (min-width: 481px) and (max-width: 980px) 980px, (min-width: 981px) 1024px, 100vw\" \/><\/p>\n<h3>(3) Sudur\u0103<\/h3>\n<p><img loading=\"lazy\" decoding=\"async\" class=\"alignnone wp-image-629 size-large\" src=\"https:\/\/hydraulic-cylinders.net\/wp-content\/uploads\/2023\/08\/hydraulic-cylinder-product-4-1024x510.webp\" alt=\"\" width=\"1024\" height=\"510\" srcset=\"https:\/\/hydraulic-cylinders.net\/wp-content\/uploads\/2023\/08\/hydraulic-cylinder-product-4-980x488.webp 980w, https:\/\/hydraulic-cylinders.net\/wp-content\/uploads\/2023\/08\/hydraulic-cylinder-product-4-480x239.webp 480w\" sizes=\"(min-width: 0px) and (max-width: 480px) 480px, (min-width: 481px) and (max-width: 980px) 980px, (min-width: 981px) 1024px, 100vw\" \/><\/p>\n<h3>(4) Vopsire \u0219i acoperire<\/h3>\n<p>Cu linii automate de acoperire cu vopsea pe baz\u0103 de ap\u0103 cu cilindru de dimensiuni mici \u0219i medii, pentru a realiza \u00eenc\u0103rcarea \u0219i desc\u0103rcarea automat\u0103 a robotului \u0219i pulverizarea automat\u0103, capacitatea de proiectare de 4000 de buc\u0103\u021bi pe schimb;<br \/>\nAvem, de asemenea, o linie de produc\u021bie semi-automat\u0103 de vopsire pentru cilindri mari, ac\u021bionat\u0103 de un lan\u021b de putere, cu o capacitate de proiectare de 60 de cutii pe schimb.<\/p>\n<p><img loading=\"lazy\" decoding=\"async\" class=\"alignnone wp-image-630\" src=\"https:\/\/hydraulic-cylinders.net\/wp-content\/uploads\/2023\/08\/hydraulic-cylinder-product-5-300x213.webp\" alt=\"\" width=\"366\" height=\"260\" \/> <img loading=\"lazy\" decoding=\"async\" class=\"alignnone wp-image-631\" src=\"https:\/\/hydraulic-cylinders.net\/wp-content\/uploads\/2023\/08\/hydraulic-cylinder-product-6-300x225.webp\" alt=\"\" width=\"347\" height=\"260\" \/><\/p>\n<h3>(5) Testarea<\/h3>\n<p>Dispunem de instala\u021bii de inspec\u021bie \u0219i bancuri de testare de prim\u0103 clas\u0103 pentru a ne asigura c\u0103 performan\u021ba cilindrului \u00eendepline\u0219te cerin\u021bele.<\/p>\n<p><img loading=\"lazy\" decoding=\"async\" class=\"alignnone wp-image-632\" src=\"https:\/\/hydraulic-cylinders.net\/wp-content\/uploads\/2023\/08\/hydraulic-cylinder-product-8-300x200.webp\" alt=\"\" width=\"389\" height=\"260\" \/><\/p>\n<p>&nbsp;<\/p>\n<p>&nbsp;<\/p>\n<p>Suntem unul dintre cei mai buni produc\u0103tori de cilindri hidraulici. Putem oferi o gam\u0103 complet\u0103 de cilindri hidraulici. De asemenea, oferim... <a href=\"https:\/\/hzpt.com\/agricultural-pto-gearbox\/\" target=\"_blank\" rel=\"noopener\">cutii de viteze agricole<\/a>Ne-am exportat produsele c\u0103tre clien\u021bi din \u00eentreaga lume \u0219i ne-am c\u00e2\u0219tigat o bun\u0103 reputa\u021bie datorit\u0103 calit\u0103\u021bii superioare a produselor noastre \u0219i a serviciilor post-v\u00e2nzare. \u00cei invit\u0103m pe clien\u021bii din \u021bar\u0103 \u0219i din str\u0103in\u0103tate s\u0103 ne contacteze pentru a negocia afaceri, a face schimb de informa\u021bii \u0219i... <a href=\"https:\/\/www.hydraulic-cylinders.net\/ro\/contact-us\/\">s\u0103 coopereze cu noi<\/a>!<\/p>","protected":false},"excerpt":{"rendered":"<p>Press Cushion Cylinder The press cushion cylinder is a highly efficient and versatile component designed to improve precision and productivity in industrial pressing applications. With its advanced features and innovative design, this cylinder offers superior cushioning capabilities, ensuring controlled deceleration and reduced impact forces during pressing operations. The press cushion cylinder is a remarkable tool [&hellip;]<\/p>","protected":false},"featured_media":1655,"comment_status":"open","ping_status":"closed","template":"","meta":{"_et_pb_use_builder":"","_et_pb_old_content":"","_et_gb_content_width":""},"product_brand":[],"product_cat":[1550,1522,1376],"product_tag":[1380],"class_list":{"0":"post-1653","1":"product","2":"type-product","3":"status-publish","4":"has-post-thumbnail","6":"product_cat-double-acting-hydraulic-cylinder","7":"product_cat-press-hydraulic-cylinders","8":"product_cat-hydraulic-cylinder","9":"product_tag-hydraulic-cylinder","11":"first","12":"instock","13":"shipping-taxable","14":"product-type-simple"},"amp_enabled":true,"_links":{"self":[{"href":"https:\/\/www.hydraulic-cylinders.net\/ro\/wp-json\/wp\/v2\/product\/1653","targetHints":{"allow":["GET"]}}],"collection":[{"href":"https:\/\/www.hydraulic-cylinders.net\/ro\/wp-json\/wp\/v2\/product"}],"about":[{"href":"https:\/\/www.hydraulic-cylinders.net\/ro\/wp-json\/wp\/v2\/types\/product"}],"replies":[{"embeddable":true,"href":"https:\/\/www.hydraulic-cylinders.net\/ro\/wp-json\/wp\/v2\/comments?post=1653"}],"wp:featuredmedia":[{"embeddable":true,"href":"https:\/\/www.hydraulic-cylinders.net\/ro\/wp-json\/wp\/v2\/media\/1655"}],"wp:attachment":[{"href":"https:\/\/www.hydraulic-cylinders.net\/ro\/wp-json\/wp\/v2\/media?parent=1653"}],"wp:term":[{"taxonomy":"product_brand","embeddable":true,"href":"https:\/\/www.hydraulic-cylinders.net\/ro\/wp-json\/wp\/v2\/product_brand?post=1653"},{"taxonomy":"product_cat","embeddable":true,"href":"https:\/\/www.hydraulic-cylinders.net\/ro\/wp-json\/wp\/v2\/product_cat?post=1653"},{"taxonomy":"product_tag","embeddable":true,"href":"https:\/\/www.hydraulic-cylinders.net\/ro\/wp-json\/wp\/v2\/product_tag?post=1653"}],"curies":[{"name":"wp","href":"https:\/\/api.w.org\/{rel}","templated":true}]}}