{"id":16532,"date":"2025-01-21T05:32:00","date_gmt":"2025-01-21T05:32:00","guid":{"rendered":"https:\/\/www.hydraulic-cylinders.net\/product\/arm-cylinder-for-xgma-wheel-excavator-xg806w\/"},"modified":"2025-01-21T05:32:05","modified_gmt":"2025-01-21T05:32:05","slug":"arm-cylinder-for-xgma-wheel-excavator-xg806w","status":"publish","type":"product","link":"https:\/\/www.hydraulic-cylinders.net\/ro\/produs\/arm-cylinder-for-xgma-wheel-excavator-xg806w\/","title":{"rendered":"Cilindru de bra\u021b pentru excavatorul pe ro\u021bi XGMA XG806W"},"content":{"rendered":"<h2>Cilindru de bra\u021b pentru excavatorul pe ro\u021bi XGMA XG806W<\/h2>\n<p>Cilindrul hidraulic pentru excavatorul pe ro\u021bi XGMA XG806W este un cilindru hidraulic specializat, conceput pentru a oferi mi\u0219care liniar\u0103 \u0219i putere bra\u021bului diverselor utilaje, cum ar fi excavatoare, macarale \u0219i bra\u021be mecanice. Cilindrul bra\u021bului joac\u0103 un rol crucial \u00een sistemele hidraulice, permi\u021b\u00e2nd mi\u0219carea \u0219i controlul eficient al uneltelor sau ata\u0219amentelor suplimentare. Ace\u0219ti cilindri nu numai c\u0103 permit o mi\u0219care lin\u0103, dar rezist\u0103 \u0219i la sarcini grele, asigur\u00e2nd func\u021bionarea eficient\u0103 \u0219i fiabilitatea utilajelor \u00een diverse condi\u021bii de lucru.<\/p>\n<p><img decoding=\"async\" src=\"https:\/\/www.hydraulic-cylinders.net\/wp-content\/uploads\/2025\/01\/songte-company-2.webp\" alt=\"Cilindru bra\u021b\" \/><\/p>\n<h3>Caracteristici:<\/h3>\n<ul>\n<li>\n    <strong>Transmisie extrem de eficient\u0103:<\/strong> Cilindrul bra\u021bului ofer\u0103 o mi\u0219care liniar\u0103 puternic\u0103 \u0219i o for\u021b\u0103, asigur\u00e2nd o capacitate de \u00eenalt\u0103 performan\u021b\u0103 pentru bra\u021bul mecanic \u00een diverse opera\u021biuni.\n  <\/li>\n<li>\n    <strong>Control precis:<\/strong> Prin intermediul sistemului hidraulic, cilindrul bra\u021bului permite un control precis al mi\u0219c\u0103rii, f\u0103c\u00e2nd operarea uneltelor ata\u0219ate mai flexibil\u0103 \u0219i precis\u0103.\n  <\/li>\n<li>\n    <strong>Durabilitate puternic\u0103:<\/strong> Cilindrii bra\u021bului sunt de obicei fabrica\u021bi din materiale de \u00eenalt\u0103 rezisten\u021b\u0103, cu o bun\u0103 rezisten\u021b\u0103 la uzur\u0103 \u0219i coroziune, ceea ce \u00eei face potrivi\u021bi pentru utilizarea pe termen lung \u00een medii dure.\n  <\/li>\n<li>\n    <strong>Adaptabilitate versatil\u0103:<\/strong> Ace\u0219ti cilindri pot fi aplica\u021bi pe scar\u0103 larg\u0103 la diverse utilaje, cum ar fi excavatoare, macarale \u0219i bra\u021be mecanice, adapt\u00e2ndu-se la diferite cerin\u021be de lucru.\n  <\/li>\n<li>\n    <strong>U\u0219urin\u021b\u0103 \u00een \u00eentre\u021binere:<\/strong> Proiectate av\u00e2nd \u00een vedere u\u0219urin\u021ba \u00eentre\u021binerii \u0219i \u00eenlocuirii, inspec\u021bia \u0219i service-ul regulat devin mai convenabile, reduc\u00e2nd timpul de nefunc\u021bionare a echipamentelor.\n  <\/li>\n<\/ul>\n<p><img decoding=\"async\" src=\"https:\/\/www.hydraulic-cylinders.net\/wp-content\/uploads\/2025\/01\/songte-oil-pipes-and-spare-parts.webp\" alt=\"Piese de schimb pentru cilindri hidraulici\" \/><\/p>\n<h3>Aplica\u021bii:<\/h3>\n<p>Cilindrul cu bra\u021b \u00ee\u0219i g\u0103se\u0219te aplica\u021bii \u00een diverse domenii:<\/p>\n<ul>\n<li>\n    <strong>Inginerie Construc\u021bii:<\/strong> La excavatoare \u0219i macarale, cilindrul bra\u021bului controleaz\u0103 mi\u0219carea cupelor sau a bra\u021belor, efectu\u00e2nd lucr\u0103ri de terasament, manipularea materialelor \u0219i instalarea structural\u0103.\n  <\/li>\n<li>\n    <strong>Industria prelucr\u0103toare:<\/strong> \u00cen liniile de produc\u021bie automatizate, cilindrul bra\u021bului permite mi\u0219carea bra\u021belor mecanice pentru procesele de asamblare, sudare \u0219i manipulare, sporind eficien\u021ba \u0219i precizia produc\u021biei.\n  <\/li>\n<li>\n    <strong>Ma\u0219ini agricole:<\/strong> \u00cen utilajele agricole, cum ar fi combinele de recoltat \u0219i sem\u0103n\u0103toarele, cilindrul bra\u021bului controleaz\u0103 mi\u0219carea bra\u021belor de operare pentru sarcini precum sem\u0103natul, fertilizarea \u0219i recoltarea.\n  <\/li>\n<li>\n    <strong>Minerit:<\/strong> \u00cen echipamentele miniere, cilindrul bra\u021bului controleaz\u0103 mi\u0219carea bra\u021bului utilajelor miniere, facilit\u00e2nd extrac\u021bia \u0219i transportul minereului.\n  <\/li>\n<li>\n    <strong>Logistic\u0103 \u0219i transport:<\/strong> \u00cen cazul stivuitoarelor \u0219i robo\u021bilor de manipulare, cilindrul bra\u021bului controleaz\u0103 ridicarea \u0219i mi\u0219carea furcilor, permi\u021b\u00e2nd manipularea \u0219i stivuirea materialelor.\n  <\/li>\n<\/ul>\n<h3>Considera\u021bii de proiectare \u0219i criterii de selec\u021bie:<\/h3>\n<p>C\u00e2nd vine vorba de proiectarea \u0219i selectarea cilindrilor bra\u021bului, trebuie lua\u021bi \u00een considerare c\u00e2\u021biva factori importan\u021bi:<\/p>\n<ul>\n<li>\n    <strong>Capacitate portant\u0103:<\/strong> Cilindrul bra\u021bului trebuie s\u0103 fie capabil s\u0103 suporte sarcina maxim\u0103 pe care ar putea-o \u00eent\u00e2lni \u00een timpul func\u021bion\u0103rii.\n  <\/li>\n<li>\n    <strong>Etan\u0219are:<\/strong> Pentru a asigura o etan\u0219are corect\u0103, ar trebui utilizate diverse tipuri de etan\u0219\u0103ri, cum ar fi etan\u0219\u0103rile pistonului \u0219i etan\u0219\u0103rile tijei. Aceste etan\u0219\u0103ri sunt de obicei fabricate din materiale rezistente la uzur\u0103, cum ar fi poliuretanul \u0219i cauciucul nitrilic.\n  <\/li>\n<li>\n    <strong>Durabilitate:<\/strong> Corpul cilindrului \u0219i capetele filetate trebuie supuse unui tratament meticulos pentru a spori rezisten\u021ba la uzur\u0103. Lubrifierea regulat\u0103 cu ulei hidraulic este necesar\u0103 pentru a asigura o func\u021bionare f\u0103r\u0103 probleme.\n  <\/li>\n<li>\n    <strong>Siguran\u0163\u0103:<\/strong> M\u0103suri de siguran\u021b\u0103 ar trebui implementate \u00een proiectare pentru a preveni accidentele \u00een timpul func\u021bion\u0103rii. Acestea includ caracteristici precum protec\u021bia la suprasarcin\u0103 \u0219i mecanismele de oprire de urgen\u021b\u0103.\n  <\/li>\n<li>\n    <strong>\u00centre\u0163inere:<\/strong> Accesibilitatea u\u0219oar\u0103 pentru \u00eentre\u021binere \u0219i disponibilitatea pieselor de schimb sunt cruciale pentru minimizarea timpilor de nefunc\u021bionare \u0219i asigurarea longevit\u0103\u021bii cilindrului bra\u021bului.\n  <\/li>\n<\/ul>\n<p><img decoding=\"async\" src=\"https:\/\/www.hydraulic-cylinders.net\/wp-content\/uploads\/2025\/01\/songte-cylinder-head-with-all-kinds-excavator-models.webp\" alt=\"Chiulas\u0103\" \/><\/p>\n<p>Inspec\u021biile regulate \u0219i m\u0103surile de \u00eentre\u021binere preventiv\u0103 sunt esen\u021biale pentru buna func\u021bionare a cilindrului bra\u021bului. Prin respectarea acestor m\u0103suri, problemele poten\u021biale pot fi reduse la minimum:<\/p>\n<ul>\n<li>Inspecta\u021bi cilindrul bra\u021bului \u00een mod regulat pentru a depista orice semne de scurgeri, uzur\u0103 sau deteriorare. Remedia\u021bi prompt orice problem\u0103 pentru a preveni deteriorarea ulterioar\u0103.<\/li>\n<li>Asigura\u021bi lubrifierea corespunz\u0103toare a cilindrului \u0219i a garniturilor cu uleiul hidraulic recomandat.<\/li>\n<li>Verifica\u021bi str\u00e2ngerea \u0219uruburilor de montare \u0219i a conexiunilor \u0219i efectua\u021bi ajust\u0103rile dac\u0103 este necesar.<\/li>\n<li>P\u0103stra\u021bi zona \u00eenconjur\u0103toare curat\u0103 \u0219i lipsit\u0103 de resturi sau contaminan\u021bi care ar putea afecta func\u021bionarea cilindrului.<\/li>\n<li>Instrui\u021bi operatorii cu privire la utilizarea \u0219i manipularea corect\u0103 a cilindrului bra\u021bului pentru a preveni utilizarea necorespunz\u0103toare sau accidentele.<\/li>\n<\/ul>\n<p>Pentru instalarea corect\u0103 a cilindrului bra\u021bului, v\u0103 rug\u0103m s\u0103 urma\u021bi aceste instruc\u021biuni:<\/p>\n<ul>\n<li>Consulta\u021bi manualul de instalare al produc\u0103torului pentru instruc\u021biuni detaliate specifice excavatorului pe ro\u021bi XGMA XG806W.<\/li>\n<li>Asigura\u021bi-v\u0103 c\u0103 suprafe\u021bele de montare sunt curate \u0219i f\u0103r\u0103 defecte sau neregularit\u0103\u021bi.<\/li>\n<li>Folosi\u021bi unelte \u0219i echipamente adecvate pentru instalare pentru a evita deteriorarea cilindrului sau a componentelor din jur.<\/li>\n<li>Str\u00e2nge\u021bi toate \u0219uruburile de montare la cuplul recomandat.<\/li>\n<li>Verifica\u021bi alinierea \u0219i pozi\u021bionarea corect\u0103 a cilindrului bra\u021bului \u00eenainte de finalizarea instal\u0103rii.<\/li>\n<\/ul>\n<p><img decoding=\"async\" src=\"https:\/\/www.hydraulic-cylinders.net\/wp-content\/uploads\/2025\/01\/songte-bushings-with-all-kinds-of-excavator-models.webp\" alt=\"Buc\u0219e cilindru hidraulic\" \/><\/p>\n<p>Atunci c\u00e2nd se iau \u00een considerare aspectele de siguran\u021b\u0103 \u0219i factorii de mediu, este esen\u021bial s\u0103 se acorde prioritate implement\u0103rii m\u0103surilor de siguran\u021b\u0103. Aceste m\u0103suri asigur\u0103 bun\u0103starea operatorilor \u0219i a mediului \u00eenconjur\u0103tor:<\/p>\n<ul>\n<li>Asigura\u021bi instruirea adecvat\u0103 a operatorilor cu privire la protocoalele de siguran\u021b\u0103 \u0219i la poten\u021bialele pericole asociate cu operarea utilajelor echipate cu cilindri pe bra\u021b.<\/li>\n<li>Implementa\u021bi dispozitive de siguran\u021b\u0103, cum ar fi supape de suprapresiune \u0219i butoane de oprire de urgen\u021b\u0103, pentru a reduce riscul de accidente.<\/li>\n<li>Respecta\u021bi reglement\u0103rile \u0219i instruc\u021biunile de mediu atunci c\u00e2nd manipula\u021bi fluide hidraulice \u0219i elimina\u021bi orice de\u0219euri.<\/li>\n<li>Inspecta\u021bi periodic cilindrul bra\u021bului \u0219i sistemul hidraulic pentru a depista eventuale scurgeri care ar putea prezenta riscuri pentru mediu.<\/li>\n<li>Asigura\u021bi eliminarea sau reciclarea corespunz\u0103toare a componentelor hidraulice uzate sau deteriorate pentru a minimiza impactul asupra mediului.<\/li>\n<\/ul>\n<h3>Depanare \u0219i probleme frecvente:<\/h3>\n<p>Iat\u0103 c\u00e2teva probleme frecvente care pot ap\u0103rea cu cilindrul bra\u021bului:<\/p>\n<ul>\n<li>\n    <strong>Scurgere:<\/strong> Verifica\u021bi dac\u0103 exist\u0103 semne vizibile de scurgeri de fluid hidraulic \u00een jurul garniturilor \u0219i conexiunilor. \u00cenlocui\u021bi garniturile deteriorate sau str\u00e2nge\u021bi conexiunile sl\u0103bite, dac\u0103 este necesar.\n  <\/li>\n<li>\n    <strong>Mi\u0219care lent\u0103 sau inconsistent\u0103:<\/strong> Presiunea hidraulic\u0103 insuficient\u0103 sau frecarea intern\u0103 pot cauza o mi\u0219care lent\u0103 sau inconsistent\u0103. Verifica\u021bi nivelurile corecte ale fluidului hidraulic \u0219i verifica\u021bi dac\u0103 exist\u0103 blocaje sau deterior\u0103ri \u00een interiorul cilindrului.\n  <\/li>\n<li>\n    <strong>Zgomot sau vibra\u021bii:<\/strong> Zgomotele sau vibra\u021biile neobi\u0219nuite \u00een timpul func\u021bion\u0103rii pot indica componente uzate sau o aliniere necorespunz\u0103toare. Inspecta\u021bi cilindrul pentru orice semne de uzur\u0103 \u0219i realinia\u021bi sau \u00eenlocui\u021bi piesele, dup\u0103 cum este necesar.\n  <\/li>\n<\/ul>\n<p>Este important s\u0103 se abordeze prompt aceste probleme pentru a preveni deteriorarea ulterioar\u0103 \u0219i a asigura performan\u021ba optim\u0103 a cilindrului bra\u021bului.<\/p>\n<p><img decoding=\"async\" src=\"https:\/\/www.hydraulic-cylinders.net\/wp-content\/uploads\/2025\/01\/songte-chushion-collar.webp\" alt=\"Guler de pern\u0103 pentru cilindru hidraulic\" \/><\/p>\n<p>\u00cen calitate de produc\u0103tor profesionist de cilindri hidraulici de schimb, oferim o gam\u0103 larg\u0103 de produse \u0219i am devenit unul dintre principalii produc\u0103tori \u0219i angrosi\u0219ti \u200b\u200bde cilindri hidraulici pe pie\u021bele interne \u0219i interna\u021bionale. Sus\u021binem principiul calit\u0103\u021bii excelente \u0219i ne \u00eembun\u0103t\u0103\u021bim continuu nivelul tehnologic \u0219i eficien\u021ba produc\u021biei prin strategii industrializate de management al produc\u021biei \u00een atelierul nostru de fabrica\u021bie de precizie. Prin introducerea de echipamente digitale de fabrica\u021bie de ultim\u0103 genera\u021bie \u0219i sisteme profesionale de testare, optimiz\u0103m platforma noastr\u0103 de fabrica\u021bie, \u00eembun\u0103t\u0103\u021bim procesele de control al calit\u0103\u021bii produselor \u0219i de\u021binem capacit\u0103\u021bi inovatoare puternice. Scopul nostru este s\u0103 satisfacem nevoile clien\u021bilor.<\/p>","protected":false},"excerpt":{"rendered":"<p>Arm Cylinder For XGMA Wheel Excavator XG806W The Arm Cylinder for XGMA Wheel Excavator XG806W is a specialized hydraulic cylinder designed to provide linear motion and power to the arm of various machinery such as excavators, cranes, and mechanical arms. The arm cylinder plays a crucial role in hydraulic systems, allowing for the efficient movement [&hellip;]<\/p>","protected":false},"featured_media":14770,"comment_status":"open","ping_status":"closed","template":"","meta":{"_et_pb_use_builder":"","_et_pb_old_content":"","_et_gb_content_width":""},"product_brand":[],"product_cat":[1497],"product_tag":[1498,1496],"class_list":{"0":"post-16532","1":"product","2":"type-product","3":"status-publish","4":"has-post-thumbnail","6":"product_cat-arm-cylinders","7":"product_tag-arm-cylinders","8":"product_tag-hydraulic-cylinders","10":"first","11":"instock","12":"shipping-taxable","13":"product-type-simple"},"amp_enabled":true,"_links":{"self":[{"href":"https:\/\/www.hydraulic-cylinders.net\/ro\/wp-json\/wp\/v2\/product\/16532","targetHints":{"allow":["GET"]}}],"collection":[{"href":"https:\/\/www.hydraulic-cylinders.net\/ro\/wp-json\/wp\/v2\/product"}],"about":[{"href":"https:\/\/www.hydraulic-cylinders.net\/ro\/wp-json\/wp\/v2\/types\/product"}],"replies":[{"embeddable":true,"href":"https:\/\/www.hydraulic-cylinders.net\/ro\/wp-json\/wp\/v2\/comments?post=16532"}],"wp:featuredmedia":[{"embeddable":true,"href":"https:\/\/www.hydraulic-cylinders.net\/ro\/wp-json\/wp\/v2\/media\/14770"}],"wp:attachment":[{"href":"https:\/\/www.hydraulic-cylinders.net\/ro\/wp-json\/wp\/v2\/media?parent=16532"}],"wp:term":[{"taxonomy":"product_brand","embeddable":true,"href":"https:\/\/www.hydraulic-cylinders.net\/ro\/wp-json\/wp\/v2\/product_brand?post=16532"},{"taxonomy":"product_cat","embeddable":true,"href":"https:\/\/www.hydraulic-cylinders.net\/ro\/wp-json\/wp\/v2\/product_cat?post=16532"},{"taxonomy":"product_tag","embeddable":true,"href":"https:\/\/www.hydraulic-cylinders.net\/ro\/wp-json\/wp\/v2\/product_tag?post=16532"}],"curies":[{"name":"wp","href":"https:\/\/api.w.org\/{rel}","templated":true}]}}