{"id":16540,"date":"2025-01-21T05:32:35","date_gmt":"2025-01-21T05:32:35","guid":{"rendered":"https:\/\/www.hydraulic-cylinders.net\/product\/arm-cylinder-for-lonking-small-excavator-lg6150\/"},"modified":"2025-01-21T05:32:37","modified_gmt":"2025-01-21T05:32:37","slug":"arm-cylinder-for-lonking-small-excavator-lg6150","status":"publish","type":"product","link":"https:\/\/www.hydraulic-cylinders.net\/ro\/produs\/arm-cylinder-for-lonking-small-excavator-lg6150\/","title":{"rendered":"Cilindru de bra\u021b pentru excavatorul mic Lonking LG6150"},"content":{"rendered":"<h1>Cilindru de bra\u021b pentru excavatorul mic Lonking LG6150<\/h1>\n<h2>Introducere<\/h2>\n<p>Un cilindru de bra\u021b este un cilindru hidraulic special conceput care ofer\u0103 mi\u0219care liniar\u0103 \u0219i putere bra\u021bului diferitelor tipuri de utilaje, cum ar fi excavatoare, macarale \u0219i bra\u021be robotizate. Cilindrul bra\u021bului joac\u0103 un rol crucial \u00een sistemele hidraulice, permi\u021b\u00e2nd mi\u0219carea \u0219i controlul eficient al sculelor sau ata\u0219amentelor ata\u0219ate. Ace\u0219ti cilindri nu numai c\u0103 asigur\u0103 o mi\u0219care lin\u0103, dar rezist\u0103 \u0219i la sarcini grele, asigur\u00e2nd o eficien\u021b\u0103 opera\u021bional\u0103 ridicat\u0103 \u0219i fiabilitate \u00een diverse condi\u021bii de lucru.<\/p>\n<p><img decoding=\"async\" src=\"https:\/\/www.hydraulic-cylinders.net\/wp-content\/uploads\/2025\/01\/songte-company-2.webp\" alt=\"Imaginea cilindrului bra\u021bului\"><\/p>\n<h2>Caracteristici<\/h2>\n<ul>\n<li>Transmisie de \u00eenalt\u0103 eficien\u021b\u0103: Cilindrul bra\u021bului ofer\u0103 o mi\u0219care liniar\u0103 puternic\u0103 \u0219i o for\u021b\u0103, asigur\u00e2nd capacit\u0103\u021bi de \u00eenalt\u0103 performan\u021b\u0103 pentru bra\u021bul ma\u0219inii.<\/li>\n<li>Control precis: Prin intermediul sistemului hidraulic, cilindrul bra\u021bului realizeaz\u0103 un control precis al mi\u0219c\u0103rii, f\u0103c\u00e2nd opera\u021biunile cu uneltele ata\u0219ate mai flexibile \u0219i mai precise.<\/li>\n<li>Durabilitate ridicat\u0103: Cilindrii bra\u021bului sunt de obicei fabrica\u021bi din materiale de \u00eenalt\u0103 rezisten\u021b\u0103, oferind o rezisten\u021b\u0103 excelent\u0103 la uzur\u0103 \u0219i coroziune, potrivi\u021bi pentru utilizare pe termen lung \u00een medii dure.<\/li>\n<li>Adaptabilitate multifunc\u021bional\u0103: Ace\u0219ti cilindri \u00ee\u0219i g\u0103sesc aplica\u021bii largi \u00een diverse echipamente, inclusiv excavatoare, macarale \u0219i bra\u021be robotizate, adapt\u00e2ndu-se la diferite cerin\u021be opera\u021bionale.<\/li>\n<li>\u00centre\u021binere u\u0219oar\u0103: Designul ia \u00een considerare u\u0219urin\u021ba \u00eentre\u021binerii \u0219i \u00eenlocuirii, ceea ce face ca inspec\u021biile \u0219i \u00eentre\u021binerea regulat\u0103 s\u0103 fie mai convenabile \u0219i s\u0103 reduc\u0103 timpul de nefunc\u021bionare a echipamentelor.<\/li>\n<\/ul>\n<p><img decoding=\"async\" src=\"https:\/\/www.hydraulic-cylinders.net\/wp-content\/uploads\/2025\/01\/songte-oil-pipes-and-spare-parts.webp\" alt=\"Imaginea produsului\"><\/p>\n<h2>Aplica\u021bii<\/h2>\n<ul>\n<li>Inginerie de construc\u021bii: La excavatoare \u0219i macarale, cilindrul bra\u021bului controleaz\u0103 mi\u0219carea cupei sau a bra\u021bului, facilit\u00e2nd lucr\u0103rile de terasament, manipularea materialelor \u0219i instala\u021biile structurale.<\/li>\n<li>Industria prelucr\u0103toare: \u00cen liniile de produc\u021bie automatizate, cilindrul bra\u021bului permite mi\u0219carea bra\u021belor robotizate pentru procesele de asamblare, sudare \u0219i manipulare a materialelor, sporind eficien\u021ba \u0219i precizia produc\u021biei.<\/li>\n<li>Ma\u0219ini agricole: \u00cen echipamentele agricole, cum ar fi combinele de recoltat \u0219i sem\u0103n\u0103toarele, cilindrul bra\u021bului controleaz\u0103 mi\u0219carea bra\u021belor de operare, efectu\u00e2nd sarcini precum sem\u0103natul, fertilizarea \u0219i recoltarea.<\/li>\n<li>Minerit: \u00cen echipamentele miniere, cilindrul bra\u021bului controleaz\u0103 mi\u0219carea bra\u021bului utilajelor miniere, permi\u021b\u00e2nd extrac\u021bia \u0219i transportul minereurilor.<\/li>\n<li>Logistic\u0103 \u0219i transport: La stivuitoarele \u0219i robo\u021bii de manipulare, cilindrul bra\u021bului controleaz\u0103 ridicarea \u0219i mi\u0219carea furcilor, facilit\u00e2nd manipularea \u0219i stivuirea materialelor.<\/li>\n<\/ul>\n<h2>Considera\u021bii de proiectare \u0219i criterii de selec\u021bie<\/h2>\n<ul>\n<li>Capacitate portant\u0103: Discuta\u021bi despre capacitatea portant\u0103 a cilindrului bra\u021bului \u0219i importan\u021ba acestuia \u00een diverse aplica\u021bii.<\/li>\n<li>Etan\u0219are: Descrie\u021bi utilizarea diferitelor componente de etan\u0219are, cum ar fi etan\u0219\u0103rile pistonului \u0219i etan\u0219\u0103rile tijei, fabricate din materiale rezistente la uzur\u0103, cum ar fi poliuretanul \u0219i cauciucul nitrilic. Eviden\u021bia\u021bi importan\u021ba corpului cilindrului fin tratat \u0219i a suprafe\u021belor filetate ale cap\u0103tului pentru a \u00eembun\u0103t\u0103\u021bi rezisten\u021ba la uzur\u0103. De asemenea, men\u021biona\u021bi necesitatea lubrifierii regulate cu ulei hidraulic.<\/li>\n<li>Durabilitate: Discuta\u021bi modul \u00een care cilindrul bra\u021bului este proiectat pentru durabilitate, lu\u00e2nd \u00een considerare factori precum rezisten\u021ba la coroziune, rezisten\u021ba materialului \u0219i construc\u021bia robust\u0103.<\/li>\n<li>Siguran\u021b\u0103: Explica\u021bi m\u0103surile de siguran\u021b\u0103 \u00eencorporate \u00een proiectarea cilindrului bra\u021bului, asigur\u00e2nd o func\u021bionare sigur\u0103 \u0219i minimiz\u00e2nd riscurile.<\/li>\n<li>\u00centre\u021binere: Aborda\u021bi u\u0219urin\u021ba \u00eentre\u021binerii \u0219i importan\u021ba inspec\u021biilor periodice \u0219i a m\u0103surilor preventive pentru a asigura performan\u021be optime \u0219i longevitate.<\/li>\n<\/ul>\n<p><img decoding=\"async\" src=\"https:\/\/www.hydraulic-cylinders.net\/wp-content\/uploads\/2025\/01\/songte-cylinder-head-with-all-kinds-excavator-models.webp\" alt=\"Imaginea produsului\"><\/p>\n<h2>Ghid de instalare a produsului<\/h2>\n<p>Instalarea corect\u0103 este crucial\u0103 pentru performan\u021ba optim\u0103 \u0219i longevitatea cilindrului bra\u021bului. Urma\u021bi ace\u0219ti pa\u0219i:<\/p>\n<ol>\n<li>Asigura\u021bi-v\u0103 c\u0103 excavatorul este oprit \u0219i parcat pe o suprafa\u021b\u0103 plan\u0103.<\/li>\n<li>Inspecta\u021bi zona de montare pentru a depista orice resturi sau deterior\u0103ri.<\/li>\n<li>Alinia\u021bi cilindrul bra\u021bului cu suportul de montare \u0219i ata\u0219a\u021bi-l folosind \u0219uruburile \u0219i elementele de fixare corespunz\u0103toare.<\/li>\n<li>Str\u00e2nge\u021bi \u0219uruburile la cuplul specificat.<\/li>\n<li>Verifica\u021bi dac\u0103 exist\u0103 scurgeri sau mi\u0219c\u0103ri anormale \u00eenainte de a utiliza utilajul.<\/li>\n<\/ol>\n<p><img decoding=\"async\" src=\"https:\/\/www.hydraulic-cylinders.net\/wp-content\/uploads\/2025\/01\/songte-bushings-with-all-kinds-of-excavator-models.webp\" alt=\"Imaginea produsului\"><\/p>\n<h2>Considera\u021bii de siguran\u021b\u0103 \u0219i factori de mediu<\/h2>\n<p>Atunci c\u00e2nd se lucreaz\u0103 cu cilindri de bra\u021b, m\u0103surile de siguran\u021b\u0103 sunt de o importan\u021b\u0103 capital\u0103. Instruirea adecvat\u0103 \u0219i respectarea protocoalelor de siguran\u021b\u0103 sunt necesare pentru a preveni accidentele \u0219i r\u0103nirile. Este esen\u021bial s\u0103 se ia \u00een considerare factorii de mediu, cum ar fi eliminarea corect\u0103 a de\u0219eurilor \u0219i respectarea reglement\u0103rilor de mediu, pentru a minimiza orice impact negativ asupra mediului \u00eenconjur\u0103tor.<\/p>\n<h2>Depanare \u0219i probleme frecvente<\/h2>\n<p>Cilindrii bra\u021bului pot \u00eent\u00e2mpina anumite probleme. Iat\u0103 c\u00e2teva probleme frecvente \u0219i posibilele lor solu\u021bii:<\/p>\n<ul>\n<li>Problem\u0103: Scurgeri \u00een jurul cilindrului.<\/li>\n<li>Solu\u021bie: Verifica\u021bi \u0219i \u00eenlocui\u021bi garniturile sau garniturile deteriorate.<\/li>\n<li>Problem\u0103: Mi\u0219care insuficient\u0103 sau sacadat\u0103 a bra\u021bului.<\/li>\n<li>Solu\u021bie: Verifica\u021bi nivelurile fluidului hidraulic \u0219i verifica\u021bi dac\u0103 exist\u0103 blocaje sau restric\u021bii \u00een sistemul hidraulic. Cur\u0103\u021ba\u021bi sau \u00eenlocui\u021bi filtrele dac\u0103 este necesar.<\/li>\n<li>Problem\u0103: Zgomot excesiv \u00een timpul func\u021bion\u0103rii.<\/li>\n<li>Solu\u021bie: Verifica\u021bi cilindrul pentru componente sl\u0103bite sau deteriorate \u0219i str\u00e2nge\u021bi-le sau \u00eenlocui\u021bi-le dup\u0103 cum este necesar.<\/li>\n<\/ul>\n<p><img decoding=\"async\" src=\"https:\/\/www.hydraulic-cylinders.net\/wp-content\/uploads\/2025\/01\/songte-chushion-collar.webp\" alt=\"Imaginea produsului\"><\/p>\n<p>Nu uita s\u0103 organizezi articolul logic, s\u0103 folose\u0219ti subtitluri pentru o navigare mai u\u0219oar\u0103, s\u0103 incluzi imagini sau grafice relevante pentru o \u00een\u021belegere mai bun\u0103 \u0219i s\u0103 asiguri un con\u021binut clar \u0219i concis, potrivit pentru cititorii cu diferite niveluri de cuno\u0219tin\u021be tehnice.<\/p>\n<h2>Despre noi<\/h2>\n<p>Suntem un produc\u0103tor profesionist de cilindri hidraulici de schimb, oferind o gam\u0103 larg\u0103 de produse. Am devenit unul dintre principalii produc\u0103tori \u0219i angrosi\u0219ti \u200b\u200bde cilindri hidraulici pe pie\u021bele interne \u0219i interna\u021bionale. Angajamentul nostru fa\u021b\u0103 de excelen\u021ba \u00een calitate se reflect\u0103 \u00een strategiile noastre industrializate de management al produc\u021biei, sus\u021binute de ateliere de fabrica\u021bie de ultim\u0103 genera\u021bie. Prin introducerea de echipamente digitale avansate de fabrica\u021bie \u0219i sisteme profesionale de testare, optimiz\u0103m continuu platforma noastr\u0103 de fabrica\u021bie \u0219i \u00eembun\u0103t\u0103\u021bim procesele de control al calit\u0103\u021bii produselor, demonstr\u00e2nd capacit\u0103\u021bi inovatoare puternice. Scopul nostru este de a satisface cerin\u021bele clien\u021bilor cu eficien\u021b\u0103, precizie \u0219i produse de \u00eenalt\u0103 calitate.<\/p>\n<p><img decoding=\"async\" src=\"https:\/\/www.hydraulic-cylinders.net\/wp-content\/uploads\/2025\/01\/songte-company-4.webp\" alt=\"Imaginea companiei\"><br \/>\n<img decoding=\"async\" src=\"https:\/\/www.hydraulic-cylinders.net\/wp-content\/uploads\/2025\/01\/songte-company-3.webp\" alt=\"Imaginea companiei\"><\/p>\n<p><em>Autor: lyl<\/em><\/p>","protected":false},"excerpt":{"rendered":"<p>Arm Cylinder For Lonking Small Excavator LG6150 Introduction An arm cylinder is a specially designed hydraulic cylinder that provides linear motion and power to the arm of various types of machinery, such as excavators, cranes, and robotic arms. The arm cylinder plays a crucial role in hydraulic systems, enabling the efficient movement and control of [&hellip;]<\/p>","protected":false},"featured_media":14774,"comment_status":"open","ping_status":"closed","template":"","meta":{"_et_pb_use_builder":"","_et_pb_old_content":"","_et_gb_content_width":""},"product_brand":[],"product_cat":[1497],"product_tag":[1498,1496],"class_list":{"0":"post-16540","1":"product","2":"type-product","3":"status-publish","4":"has-post-thumbnail","6":"product_cat-arm-cylinders","7":"product_tag-arm-cylinders","8":"product_tag-hydraulic-cylinders","10":"first","11":"instock","12":"shipping-taxable","13":"product-type-simple"},"amp_enabled":true,"_links":{"self":[{"href":"https:\/\/www.hydraulic-cylinders.net\/ro\/wp-json\/wp\/v2\/product\/16540","targetHints":{"allow":["GET"]}}],"collection":[{"href":"https:\/\/www.hydraulic-cylinders.net\/ro\/wp-json\/wp\/v2\/product"}],"about":[{"href":"https:\/\/www.hydraulic-cylinders.net\/ro\/wp-json\/wp\/v2\/types\/product"}],"replies":[{"embeddable":true,"href":"https:\/\/www.hydraulic-cylinders.net\/ro\/wp-json\/wp\/v2\/comments?post=16540"}],"wp:featuredmedia":[{"embeddable":true,"href":"https:\/\/www.hydraulic-cylinders.net\/ro\/wp-json\/wp\/v2\/media\/14774"}],"wp:attachment":[{"href":"https:\/\/www.hydraulic-cylinders.net\/ro\/wp-json\/wp\/v2\/media?parent=16540"}],"wp:term":[{"taxonomy":"product_brand","embeddable":true,"href":"https:\/\/www.hydraulic-cylinders.net\/ro\/wp-json\/wp\/v2\/product_brand?post=16540"},{"taxonomy":"product_cat","embeddable":true,"href":"https:\/\/www.hydraulic-cylinders.net\/ro\/wp-json\/wp\/v2\/product_cat?post=16540"},{"taxonomy":"product_tag","embeddable":true,"href":"https:\/\/www.hydraulic-cylinders.net\/ro\/wp-json\/wp\/v2\/product_tag?post=16540"}],"curies":[{"name":"wp","href":"https:\/\/api.w.org\/{rel}","templated":true}]}}