{"id":16544,"date":"2025-01-21T05:32:50","date_gmt":"2025-01-21T05:32:50","guid":{"rendered":"https:\/\/www.hydraulic-cylinders.net\/product\/arm-cylinder-for-lonking-middle-excavator-lg6225h\/"},"modified":"2025-01-21T05:32:52","modified_gmt":"2025-01-21T05:32:52","slug":"arm-cylinder-for-lonking-middle-excavator-lg6225h","status":"publish","type":"product","link":"https:\/\/www.hydraulic-cylinders.net\/ro\/produs\/arm-cylinder-for-lonking-middle-excavator-lg6225h\/","title":{"rendered":"Cilindru de bra\u021b pentru excavatorul mijlociu Lonking LG6225H"},"content":{"rendered":"<h1>Cilindru de bra\u021b pentru excavatorul mijlociu Lonking LG6225H<\/h1>\n<h2>Introducere<\/h2>\n<h3>Defini\u021bie \u0219i explica\u021bie<\/h3>\n<p>Cilindrul de bra\u021b este un cilindru hidraulic special conceput care ofer\u0103 mi\u0219care liniar\u0103 \u0219i putere bra\u021belor diferitelor tipuri de utilaje, cum ar fi excavatoare, macarale \u0219i bra\u021be robotizate. Cilindrii de bra\u021b joac\u0103 un rol esen\u021bial \u00een sistemul hidraulic, permi\u021b\u00e2nd ata\u0219amentelor sau accesoriilor s\u0103 se mi\u0219te \u0219i s\u0103 se controleze eficient. Ace\u0219ti cilindri nu numai c\u0103 realizeaz\u0103 mi\u0219c\u0103ri line, dar rezist\u0103 \u0219i la sarcini grele, asigur\u00e2nd func\u021bionarea eficient\u0103 \u0219i fiabilitatea utilajelor \u00een diverse condi\u021bii de lucru.<\/p>\n<p><img decoding=\"async\" src=\"https:\/\/www.hydraulic-cylinders.net\/wp-content\/uploads\/2025\/01\/songte-company-2.webp\" alt=\"Cilindru de bra\u021b\"><\/p>\n<h3>Caracteristici<\/h3>\n<ul>\n<li>Transmisie eficient\u0103 a puterii: Cilindrii bra\u021bului ofer\u0103 o mi\u0219care liniar\u0103 puternic\u0103 \u0219i for\u021b\u0103 pentru a asigura o eficien\u021b\u0103 ridicat\u0103 \u00een timpul diferitelor opera\u021biuni.<\/li>\n<li>Control precis: Cilindrii bra\u021bului pot realiza un control precis al mi\u0219c\u0103rii prin intermediul sistemului hidraulic, ceea ce face ca func\u021bionarea ata\u0219amentelor s\u0103 fie mai flexibil\u0103 \u0219i mai precis\u0103.<\/li>\n<li>Durabilitate ridicat\u0103: Cilindrii bra\u021bului sunt de obicei fabrica\u021bi din materiale de \u00eenalt\u0103 rezisten\u021b\u0103, care au o rezisten\u021b\u0103 excelent\u0103 la uzur\u0103 \u0219i coroziune, potrivite pentru utilizare pe termen lung \u00een medii dure.<\/li>\n<li>Versatilitate multifunc\u021bional\u0103: Ace\u0219ti cilindri pot fi utiliza\u021bi pe scar\u0103 larg\u0103 \u00een diverse echipamente mecanice, cum ar fi excavatoare, macarale \u0219i bra\u021be robotizate, adapt\u00e2ndu-se la diferite nevoi de lucru.<\/li>\n<li>\u00centre\u021binere u\u0219oar\u0103: Designul ia \u00een considerare u\u0219urin\u021ba \u00eentre\u021binerii \u0219i \u00eenlocuirii, ceea ce face ca inspec\u021biile \u0219i \u00eentre\u021binerea regulat\u0103 s\u0103 fie mai convenabile, reduc\u00e2nd timpul de nefunc\u021bionare a echipamentelor.<\/li>\n<\/ul>\n<p>Putem produce acest produs, iar produsul nostru poate \u00eenlocui perfect ace\u0219ti cilindri hidraulici.<\/p>\n<p><img decoding=\"async\" src=\"https:\/\/www.hydraulic-cylinders.net\/wp-content\/uploads\/2025\/01\/songte-oil-pipes-and-spare-parts.webp\" alt=\"Piese de schimb pentru cilindri hidraulici\"><\/p>\n<h3>Aplica\u021bii<\/h3>\n<p>Cilindrul cu bra\u021b este utilizat pe scar\u0103 larg\u0103 \u00een multe industrii, cum ar fi:<\/p>\n<ul>\n<li>Inginerie de construc\u021bii: Cilindrii bra\u021bului sunt utiliza\u021bi \u00een excavatoare \u0219i macarale pentru a controla mi\u0219carea cupelor sau a bra\u021belor, pentru lucr\u0103ri de terasament, manipularea materialelor \u0219i instalarea structural\u0103.<\/li>\n<li>Fabrica\u021bie: Cilindrii bra\u021bului sunt utiliza\u021bi \u00een liniile de produc\u021bie automatizate pentru mi\u0219carea bra\u021belor robotizate, pentru procese precum asamblarea, sudarea \u0219i manipularea materialelor, pentru a \u00eembun\u0103t\u0103\u021bi eficien\u021ba \u0219i precizia produc\u021biei.<\/li>\n<li>Ma\u0219ini agricole: \u00cen cazul ma\u0219inilor agricole, cum ar fi combinele de recoltat \u0219i sem\u0103n\u0103toarele, cilindrii bra\u021bului controleaz\u0103 mi\u0219carea bra\u021belor de operare pentru sarcini precum sem\u0103natul, fertilizarea \u0219i recoltarea.<\/li>\n<li>Minerit: \u00cen echipamentele miniere, cilindrii bra\u021bului sunt utiliza\u021bi pentru a controla mi\u0219carea bra\u021belor echipamentelor miniere pentru extrac\u021bia \u0219i manipularea minereului.<\/li>\n<li>Logistic\u0103 \u0219i transport: \u00cen cazul stivuitoarelor \u0219i robo\u021bilor de transport, cilindrii bra\u021bului sunt utiliza\u021bi pentru a controla ridicarea \u0219i mi\u0219carea furcilor, pentru a realiza manipularea \u0219i stivuirea materialelor.<\/li>\n<\/ul>\n<h3>Considera\u021bii de proiectare \u0219i standarde de selec\u021bie<\/h3>\n<p>Considera\u021biile de proiectare a cilindrului bra\u021bului includ capacitatea portant\u0103, etan\u0219area, durabilitatea, siguran\u021ba \u0219i reparabilitatea.<\/p>\n<ul>\n<li>Capacitate portant\u0103: Cilindrii bra\u021bului trebuie s\u0103 reziste la sarcini grele pentru a asigura func\u021bionarea eficient\u0103 a utilajelor.<\/li>\n<li>Etan\u0219are: Pentru a asigura etan\u0219eitatea cilindrului \u0219i a preveni scurgerile de ulei, este necesar s\u0103 se utilizeze diverse garnituri, cum ar fi garniturile pistonului \u0219i garniturile tijei, fabricate din materiale rezistente la uzur\u0103, cum ar fi poliuretanul \u0219i cauciucul nitrilic.<\/li>\n<li>Durabilitate: Cilindrii bra\u021bului sunt de obicei fabrica\u021bi din materiale de \u00eenalt\u0103 rezisten\u021b\u0103, care au o rezisten\u021b\u0103 excelent\u0103 la uzur\u0103 \u0219i la coroziune, asigur\u00e2nd utilizarea pe termen lung \u00een medii dure.<\/li>\n<li>Siguran\u021b\u0103: Cilindrul bra\u021bului trebuie proiectat pentru a asigura o func\u021bionare \u00een siguran\u021b\u0103, cum ar fi ad\u0103ugarea de supape de siguran\u021b\u0103 pentru a preveni supra\u00eenc\u0103rcarea \u0219i a asigura stabilitatea \u00een timpul func\u021bion\u0103rii.<\/li>\n<li>Reparabilitate: Cilindrul bra\u021bului trebuie proiectat pentru \u00eentre\u021binere \u0219i \u00eenlocuire u\u0219oar\u0103, cum ar fi utilizarea de piese deta\u0219abile \u0219i garnituri u\u0219or accesibile.<\/li>\n<\/ul>\n<p><img decoding=\"async\" src=\"https:\/\/www.hydraulic-cylinders.net\/wp-content\/uploads\/2025\/01\/songte-cylinder-head-with-all-kinds-excavator-models.webp\" alt=\"Chiulas\u0103\"><\/p>\n<h3>Etan\u0219are \u0219i lubrifiere<\/h3>\n<p>Cilindrii cu bra\u021b utilizeaz\u0103 diverse componente de etan\u0219are, cum ar fi garniturile pistonului \u0219i garniturile tijei, fabricate din materiale rezistente la uzur\u0103, cum ar fi poliuretanul \u0219i cauciucul nitrilic, pentru a asigura etan\u0219eitatea cilindrului \u0219i a preveni scurgerile de ulei. Corpul cilindrului \u0219i suprafa\u021ba cap\u0103tului filetat sunt prelucrate fin pentru a \u00eembun\u0103t\u0103\u021bi rezisten\u021ba la uzur\u0103. Ad\u0103ugarea regulat\u0103 a unei cantit\u0103\u021bi adecvate de ulei hidraulic poate lubrifia \u0219i men\u021bine func\u021bionarea normal\u0103 a cilindrului.<\/p>\n<h3>\u00centre\u021binere \u0219i depanare<\/h3>\n<p>Inspec\u021bia regulat\u0103 \u0219i \u00eentre\u021binerea preventiv\u0103 pot reduce poten\u021bialele probleme \u0219i pot asigura func\u021bionarea eficient\u0103 a cilindrilor bra\u021bului. Iat\u0103 c\u00e2teva sfaturi comune de depanare \u0219i \u00eentre\u021binere:<\/p>\n<ul>\n<li>Dac\u0103 cilindrul bra\u021bului pierde ulei, verifica\u021bi garniturile \u0219i \u00eenlocui\u021bi-le dac\u0103 este necesar.<\/li>\n<li>Dac\u0103 cilindrul bra\u021bului este zgomotos sau vibreaz\u0103 \u00een timpul func\u021bion\u0103rii, verifica\u021bi dac\u0103 exist\u0103 \u0219uruburi sl\u0103bite sau rulmen\u021bi uza\u021bi \u0219i repara\u021bi-i.<\/li>\n<li>Verifica\u021bi \u0219i \u00eentre\u021bine\u021bi periodic nivelul uleiului hidraulic \u0219i \u00eenlocui\u021bi-l dup\u0103 cum este necesar.<\/li>\n<li>Verifica\u021bi periodic dac\u0103 exist\u0103 semne de uzur\u0103 sau deteriorare a corpului cilindrului \u0219i a tijei pistonului \u0219i \u00eenlocui\u021bi-le dac\u0103 este necesar.<\/li>\n<li>Verifica\u021bi periodic dac\u0103 exist\u0103 semne de deteriorare a supapei de siguran\u021b\u0103 \u0219i \u00eenlocui\u021bi-o dac\u0103 este necesar.<\/li>\n<\/ul>\n<p><img decoding=\"async\" src=\"https:\/\/www.hydraulic-cylinders.net\/wp-content\/uploads\/2025\/01\/songte-chushion-collar.webp\" alt=\"Guler pern\u0103\"><\/p>\n<h3>Ghid de instalare<\/h3>\n<p>La instalarea cilindrului bra\u021bului, urma\u021bi ace\u0219ti pa\u0219i:<\/p>\n<ol>\n<li>Cur\u0103\u021ba\u021bi suprafa\u021ba de montare \u0219i verifica\u021bi dac\u0103 exist\u0103 deterior\u0103ri sau deform\u0103ri.<\/li>\n<li>Aplica\u021bi un strat de vaselin\u0103 pe suprafa\u021ba de montare \u0219i pe punctul de pivotare al cilindrului bra\u021bului.<\/li>\n<li>Instala\u021bi cilindrul bra\u021bului \u0219i str\u00e2nge\u021bi \u0219uruburile conform cuplului recomandat.<\/li>\n<li>Conecta\u021bi furtunurile \u0219i racordurile hidraulice \u0219i verifica\u021bi dac\u0103 exist\u0103 scurgeri.<\/li>\n<li>Testa\u021bi func\u021bionarea cilindrului bra\u021bului \u0219i regla\u021bi-l dac\u0103 este necesar.<\/li>\n<\/ol>\n<p><img decoding=\"async\" src=\"https:\/\/www.hydraulic-cylinders.net\/wp-content\/uploads\/2025\/01\/songte-bushings-with-all-kinds-of-excavator-models.webp\" alt=\"Buc\u0219e\"><\/p>\n<h3>Considera\u021bii de siguran\u021b\u0103 \u0219i factori de mediu<\/h3>\n<p>Cilindrii bra\u021bului trebuie opera\u021bi cu precau\u021bie \u0219i trebuie luate m\u0103suri de siguran\u021b\u0103 pentru a preveni accidentele. Este esen\u021bial s\u0103 se respecte instruc\u021biunile produc\u0103torului \u0219i procedurile de operare recomandate. Trebuie asigurat\u0103 eliminarea corespunz\u0103toare a uleiului hidraulic uzat \u0219i a altor materiale reziduale pentru a minimiza impactul asupra mediului.<\/p>\n<h3>Despre compania noastr\u0103<\/h3>\n<p>Suntem un produc\u0103tor profesionist de cilindri hidraulici de schimb, oferind o gam\u0103 larg\u0103 de produse \u0219i devenind unul dintre principalii produc\u0103tori \u0219i distribuitori angro de cilindri hidraulici pe pie\u021bele interne \u0219i interna\u021bionale. Respect\u0103m \u00eentotdeauna principiul calit\u0103\u021bii excelente, baz\u00e2ndu-ne pe strategia de management al produc\u021biei industriale a unor ateliere de fabrica\u021bie rafinate pentru a ne \u00eembun\u0103t\u0103\u021bi continuu nivelul tehnic \u0219i eficien\u021ba produc\u021biei. Prin introducerea de echipamente digitale de fabrica\u021bie de ultim\u0103 genera\u021bie \u0219i sisteme profesionale de testare, optimiz\u0103m continuu platforma noastr\u0103 de fabrica\u021bie, \u00eembun\u0103t\u0103\u021bim procesul de control al calit\u0103\u021bii produselor noastre \u0219i avem capacit\u0103\u021bi puternice de inovare. Scopul nostru este de a satisface nevoile diverse ale clien\u021bilor cu principiile eficien\u021bei, preciziei \u0219i calit\u0103\u021bii \u00eenalte.<\/p>\n<p>Oferim expertiz\u0103 profesional\u0103, certific\u0103ri interna\u021bionale, servicii personalizate, echipamente de produc\u021bie avansate \u0219i servicii post-v\u00e2nzare excelente.<\/p>\n<p><img decoding=\"async\" src=\"https:\/\/www.hydraulic-cylinders.net\/wp-content\/uploads\/2025\/01\/songte-company-4.webp\" alt=\"Fabricarea cilindrilor hidraulici\"><\/p>\n<p><img decoding=\"async\" src=\"https:\/\/www.hydraulic-cylinders.net\/wp-content\/uploads\/2025\/01\/songte-company-3.webp\" alt=\"Linie de produc\u021bie a cilindrilor hidraulici\"><\/p>\n<p>Autor: lyl.<\/p>","protected":false},"excerpt":{"rendered":"<p>Arm Cylinder For Lonking Middle Excavator LG6225H Introduction Definition and Explanation Arm cylinder is a specially designed hydraulic cylinder that provides linear motion and power to the arms of various types of machinery, such as excavators, cranes, and robotic arms. Arm cylinders play a critical role in the hydraulic system, enabling attachments or accessories to [&hellip;]<\/p>","protected":false},"featured_media":14763,"comment_status":"open","ping_status":"closed","template":"","meta":{"_et_pb_use_builder":"","_et_pb_old_content":"","_et_gb_content_width":""},"product_brand":[],"product_cat":[1497],"product_tag":[1498,1496],"class_list":{"0":"post-16544","1":"product","2":"type-product","3":"status-publish","4":"has-post-thumbnail","6":"product_cat-arm-cylinders","7":"product_tag-arm-cylinders","8":"product_tag-hydraulic-cylinders","10":"first","11":"instock","12":"shipping-taxable","13":"product-type-simple"},"amp_enabled":true,"_links":{"self":[{"href":"https:\/\/www.hydraulic-cylinders.net\/ro\/wp-json\/wp\/v2\/product\/16544","targetHints":{"allow":["GET"]}}],"collection":[{"href":"https:\/\/www.hydraulic-cylinders.net\/ro\/wp-json\/wp\/v2\/product"}],"about":[{"href":"https:\/\/www.hydraulic-cylinders.net\/ro\/wp-json\/wp\/v2\/types\/product"}],"replies":[{"embeddable":true,"href":"https:\/\/www.hydraulic-cylinders.net\/ro\/wp-json\/wp\/v2\/comments?post=16544"}],"wp:featuredmedia":[{"embeddable":true,"href":"https:\/\/www.hydraulic-cylinders.net\/ro\/wp-json\/wp\/v2\/media\/14763"}],"wp:attachment":[{"href":"https:\/\/www.hydraulic-cylinders.net\/ro\/wp-json\/wp\/v2\/media?parent=16544"}],"wp:term":[{"taxonomy":"product_brand","embeddable":true,"href":"https:\/\/www.hydraulic-cylinders.net\/ro\/wp-json\/wp\/v2\/product_brand?post=16544"},{"taxonomy":"product_cat","embeddable":true,"href":"https:\/\/www.hydraulic-cylinders.net\/ro\/wp-json\/wp\/v2\/product_cat?post=16544"},{"taxonomy":"product_tag","embeddable":true,"href":"https:\/\/www.hydraulic-cylinders.net\/ro\/wp-json\/wp\/v2\/product_tag?post=16544"}],"curies":[{"name":"wp","href":"https:\/\/api.w.org\/{rel}","templated":true}]}}