{"id":16545,"date":"2025-01-21T05:32:53","date_gmt":"2025-01-21T05:32:53","guid":{"rendered":"https:\/\/www.hydraulic-cylinders.net\/product\/arm-cylinder-for-lonking-middle-excavator-lg6235\/"},"modified":"2025-01-21T05:32:55","modified_gmt":"2025-01-21T05:32:55","slug":"arm-cylinder-for-lonking-middle-excavator-lg6235","status":"publish","type":"product","link":"https:\/\/www.hydraulic-cylinders.net\/ro\/produs\/arm-cylinder-for-lonking-middle-excavator-lg6235\/","title":{"rendered":"Cilindru de bra\u021b pentru excavatorul mijlociu Lonking LG6235"},"content":{"rendered":"<h1>Cilindru de bra\u021b pentru excavatorul mijlociu Lonking LG6235<\/h1>\n<h2>Introducere<\/h2>\n<p>Un cilindru de bra\u021b este un cilindru hidraulic special conceput care ofer\u0103 mi\u0219care liniar\u0103 \u0219i putere bra\u021bului diferitelor tipuri de utilaje, cum ar fi excavatoare, macarale \u0219i bra\u021be robotizate. Acesta joac\u0103 un rol crucial \u00een sistemele hidraulice, permi\u021b\u00e2nd mi\u0219carea \u0219i controlul eficient al uneltelor sau ata\u0219amentelor suplimentare. Ace\u0219ti cilindri nu numai c\u0103 asigur\u0103 o mi\u0219care lin\u0103, dar rezist\u0103 \u0219i la sarcini grele, asigur\u00e2nd o eficien\u021b\u0103 opera\u021bional\u0103 ridicat\u0103 \u0219i fiabilitate a utilajelor \u00een diverse condi\u021bii de lucru.<\/p>\n<p><img decoding=\"async\" src=\"https:\/\/www.hydraulic-cylinders.net\/wp-content\/uploads\/2025\/01\/songte-company-2.webp\" alt=\"Cilindru bra\u021b\" \/><\/p>\n<h2>Caracteristici<\/h2>\n<ul>\n<li>\n<h3>Transmisie de \u00eenalt\u0103 eficien\u021b\u0103<\/h3>\n<p>Cilindrul bra\u021bului ofer\u0103 o mi\u0219care liniar\u0103 puternic\u0103 \u0219i o for\u021b\u0103, asigur\u00e2nd capacit\u0103\u021bi de \u00eenalt\u0103 performan\u021b\u0103 pentru bra\u021bul mecanic \u00een diverse opera\u021biuni.<\/p>\n<\/li>\n<li>\n<h3>Control precis<\/h3>\n<p>Prin intermediul sistemului hidraulic, cilindrul bra\u021bului permite un control precis al mi\u0219c\u0103rii, f\u0103c\u00e2nd operarea uneltelor ata\u0219ate mai flexibil\u0103 \u0219i precis\u0103.<\/p>\n<\/li>\n<li>\n<h3>Durabilitate<\/h3>\n<p>Cilindrii bra\u021bului sunt de obicei fabrica\u021bi din materiale de \u00eenalt\u0103 rezisten\u021b\u0103, oferind o rezisten\u021b\u0103 excelent\u0103 la uzur\u0103 \u0219i coroziune, ceea ce \u00eei face potrivi\u021bi pentru utilizarea pe termen lung \u00een medii dure.<\/p>\n<\/li>\n<li>\n<h3>Multifunc\u021bionalitate \u0219i adaptabilitate<\/h3>\n<p>Ace\u0219ti cilindri pot fi aplica\u021bi pe scar\u0103 larg\u0103 la diverse tipuri de utilaje, cum ar fi excavatoare, macarale \u0219i bra\u021be robotizate, adapt\u00e2ndu-se la diferite cerin\u021be opera\u021bionale.<\/p>\n<\/li>\n<li>\n<h3>\u00centre\u021binere u\u0219oar\u0103<\/h3>\n<p>Designul ia \u00een considerare u\u0219urin\u021ba \u00eentre\u021binerii \u0219i \u00eenlocuirii, facilit\u00e2nd inspec\u021biile \u0219i service-ul regulat, reduc\u00e2nd timpul de nefunc\u021bionare a echipamentelor.<\/p>\n<\/li>\n<\/ul>\n<p><img decoding=\"async\" src=\"https:\/\/www.hydraulic-cylinders.net\/wp-content\/uploads\/2025\/01\/songte-oil-pipes-and-spare-parts.webp\" alt=\"Piese cilindrice\" \/><\/p>\n<h2>Aplica\u021bii<\/h2>\n<p>Cilindrul cu bra\u021b \u00ee\u0219i g\u0103se\u0219te aplica\u021bii \u00een diverse industrii:<\/p>\n<ul>\n<li>\n<h3>Inginerie de construc\u021bii<\/h3>\n<p>La excavatoare \u0219i macarale, cilindrul bra\u021bului controleaz\u0103 mi\u0219carea cupelor sau a bra\u021belor pentru lucr\u0103ri de terasament, manipularea materialelor \u0219i asamblarea structural\u0103.<\/p>\n<\/li>\n<li>\n<h3>Fabrica\u021bie<\/h3>\n<p>\u00cen liniile de produc\u021bie automatizate, cilindrul bra\u021bului faciliteaz\u0103 mi\u0219carea bra\u021belor robotizate pentru procesele de asamblare, sudare \u0219i manipulare a materialelor, sporind productivitatea \u0219i precizia.<\/p>\n<\/li>\n<li>\n<h3>Ma\u0219ini agricole<\/h3>\n<p>\u00cen echipamentele agricole, cum ar fi combinele de recoltat \u0219i sem\u0103n\u0103toarele, cilindrul bra\u021bului controleaz\u0103 mi\u0219carea bra\u021belor de operare pentru sarcini precum plantarea, fertilizarea \u0219i recoltarea.<\/p>\n<\/li>\n<li>\n<h3>Minerit<\/h3>\n<p>\u00cen echipamentele miniere, cilindrul bra\u021bului controleaz\u0103 mi\u0219carea bra\u021bului pentru opera\u021biunile miniere \u0219i de manipulare a materialelor \u00een mine.<\/p>\n<\/li>\n<li>\n<h3>Logistic\u0103 \u0219i transporturi<\/h3>\n<p>\u00cen cazul stivuitoarelor \u0219i robo\u021bilor de manipulare, cilindrul bra\u021bului controleaz\u0103 ridicarea \u0219i mi\u0219carea furcilor, permi\u021b\u00e2nd manipularea \u0219i stivuirea materialelor.<\/p>\n<\/li>\n<\/ul>\n<h2>Considera\u021bii de proiectare \u0219i criterii de selec\u021bie<\/h2>\n<p>C\u00e2nd vine vorba de cilindrii bra\u021bului, sunt importante c\u00e2teva aspecte de proiectare \u0219i criterii de selec\u021bie:<\/p>\n<ul>\n<li>\n<h3>Capacitate portant\u0103<\/h3>\n<p>Cilindrul bra\u021bului trebuie s\u0103 fie capabil s\u0103 suporte sarcinile specificate pentru a asigura o func\u021bionare sigur\u0103 \u0219i eficient\u0103.<\/p>\n<\/li>\n<li>\n<h3>Sigilare<\/h3>\n<p>Diverse elemente de etan\u0219are, cum ar fi etan\u0219\u0103rile pistonului \u0219i etan\u0219\u0103rile tijei, fabricate din materiale durabile, precum poliuretanul \u0219i cauciucul nitrilic, ar trebui utilizate pentru a asigura o etan\u0219are eficient\u0103 \u0219i a minimiza scurgerile.<\/p>\n<\/li>\n<li>\n<h3>Durabilitate<\/h3>\n<p>Corpul cilindrului \u0219i capetele filetate trebuie s\u0103 fie supuse unui tratament precis pentru a spori rezisten\u021ba la uzur\u0103 \u0219i a asigura performan\u021be de lung\u0103 durat\u0103.<\/p>\n<\/li>\n<li>\n<h3>Siguran\u0163\u0103<\/h3>\n<p>Cilindrii bra\u021bului trebuie s\u0103 \u00eendeplineasc\u0103 standardele de siguran\u021b\u0103 \u0219i s\u0103 \u00eencorporeze caracteristici pentru a preveni accidentele \u00een timpul func\u021bion\u0103rii.<\/p>\n<\/li>\n<li>\n<h3>Mentenabilitate<\/h3>\n<p>Lubrifierea regulat\u0103 cu uleiul hidraulic adecvat \u0219i \u00eentre\u021binerea periodic\u0103 trebuie efectuate pentru a asigura performan\u021be optime \u0219i a prelungi durata de via\u021b\u0103 a cilindrului.<\/p>\n<\/li>\n<\/ul>\n<p><img decoding=\"async\" src=\"https:\/\/www.hydraulic-cylinders.net\/wp-content\/uploads\/2025\/01\/songte-cylinder-head-with-all-kinds-excavator-models.webp\" alt=\"Chiulas\u0103\" \/><\/p>\n<h2>Inspec\u021bie regulat\u0103 \u0219i \u00eentre\u021binere preventiv\u0103<\/h2>\n<p>Pentru a asigura longevitatea \u0219i fiabilitatea cilindrului bra\u021bului, trebuie luate urm\u0103toarele m\u0103suri:<\/p>\n<ul>\n<li>Inspecta\u021bi periodic cilindrul pentru a depista orice semne de uzur\u0103, deteriorare sau scurgeri.<\/li>\n<li>Verifica\u021bi \u0219i str\u00e2nge\u021bi toate conexiunile pentru a preveni sl\u0103birea.<\/li>\n<li>Monitoriza\u021bi nivelul \u0219i calitatea uleiului hidraulic \u0219i schimba\u021bi-l conform recomand\u0103rilor.<\/li>\n<li>\u00cenlocui\u021bi garniturile \u0219i alte componente uzate, dup\u0103 cum este necesar.<\/li>\n<li>Asigura\u021bi-v\u0103 c\u0103 toate elementele de siguran\u021b\u0103 sunt instalate \u0219i func\u021bioneaz\u0103 corect.<\/li>\n<\/ul>\n<p><img decoding=\"async\" src=\"https:\/\/www.hydraulic-cylinders.net\/wp-content\/uploads\/2025\/01\/songte-chushion-collar.webp\" alt=\"Guler cilindric\" \/><\/p>\n<h2>Ghid de instalare a produsului<\/h2>\n<p>Instalarea corect\u0103 a cilindrului bra\u021bului este esen\u021bial\u0103 pentru performan\u021b\u0103 \u0219i siguran\u021b\u0103 optime. Urma\u021bi ace\u0219ti pa\u0219i:<\/p>\n<ol>\n<li>Preg\u0103ti\u021bi zona de lucru, asigur\u00e2ndu-v\u0103 c\u0103 este curat\u0103 \u0219i lipsit\u0103 de resturi.<\/li>\n<li>Verifica\u021bi cilindrul \u0219i toate componentele pentru a depista eventuale deterior\u0103ri.<\/li>\n<li>Ata\u0219a\u021bi cilindrul la punctele de montare desemnate folosind uneltele \u0219i accesoriile corespunz\u0103toare.<\/li>\n<li>Asigura\u021bi-v\u0103 c\u0103 toate conexiunile sunt str\u00e2nse \u0219i sigure.<\/li>\n<li>Testa\u021bi cilindrul pentru func\u021bionare corect\u0103 \u00eenainte de a-l pune \u00een func\u021biune complet\u0103.<\/li>\n<\/ol>\n<p><img decoding=\"async\" src=\"https:\/\/www.hydraulic-cylinders.net\/wp-content\/uploads\/2025\/01\/songte-bushings-with-all-kinds-of-excavator-models.webp\" alt=\"Buc\u0219e cilindrice\" \/><\/p>\n<h2>Considera\u021bii de siguran\u021b\u0103 \u0219i factori de mediu<\/h2>\n<p>C\u00e2nd se lucreaz\u0103 cu cilindri de bra\u021b, m\u0103surile de siguran\u021b\u0103 sunt de maxim\u0103 importan\u021b\u0103. Cuvintele cheie trebuie utilizate \u00een conformitate cu instruc\u021biunile de siguran\u021b\u0103 pentru a preveni accidentele \u0219i a asigura un mediu de lucru sigur.<\/p>\n<h2>Depanare \u0219i probleme frecvente<\/h2>\n<p>Iat\u0103 c\u00e2teva probleme frecvente care pot ap\u0103rea la cilindrii bra\u021bului:<\/p>\n<ul>\n<li>Scurgeri de la garnituri sau conexiuni<\/li>\n<li>Mi\u0219care neregulat\u0103 sau sacadat\u0103<\/li>\n<li>Pierderea de putere<\/li>\n<li>Zgomot sau vibra\u021bii anormale<\/li>\n<li>E\u0219ecul de a extinde sau retrage<\/li>\n<\/ul>\n<p>Pentru depanarea \u0219i rezolvarea acestor probleme, lua\u021bi \u00een considerare urm\u0103toarele:<\/p>\n<ul>\n<li>Inspecta\u021bi \u0219i \u00eenlocui\u021bi garniturile sau conexiunile deteriorate.<\/li>\n<li>Verifica\u021bi \u0219i regla\u021bi presiunea hidraulic\u0103 \u0219i debitul.<\/li>\n<li>Asigura\u021bi-v\u0103 c\u0103 nivelul \u0219i calitatea uleiului hidraulic sunt corespunz\u0103toare.<\/li>\n<li>Unge\u021bi toate piesele mobile \u00een mod regulat.<\/li>\n<\/ul>\n<p><img decoding=\"async\" src=\"https:\/\/www.hydraulic-cylinders.net\/wp-content\/uploads\/2025\/01\/songte-chushion-collar.webp\" alt=\"Buc\u0219e cilindrice\" \/><\/p>\n<h2>Despre noi<\/h2>\n<p>Suntem un produc\u0103tor profesionist de cilindri hidraulici de schimb, oferind o gam\u0103 larg\u0103 de produse. Am devenit unul dintre principalii produc\u0103tori \u0219i distribuitori angro de cilindri hidraulici, at\u00e2t pe pie\u021bele interne, c\u00e2t \u0219i interna\u021bionale. Datorit\u0103 angajamentului nostru fa\u021b\u0103 de excelen\u021b\u0103, strategiilor industrializate de management al produc\u021biei \u00een atelierul nostru avansat de fabrica\u021bie \u0219i \u00eembun\u0103t\u0103\u021birii continue a tehnologiei \u0219i a eficien\u021bei produc\u021biei, oferim produse de \u00eenalt\u0103 calitate.<\/p>\n<p><img decoding=\"async\" src=\"https:\/\/www.hydraulic-cylinders.net\/wp-content\/uploads\/2025\/01\/songte-company-4.webp\" alt=\"Companie\" \/><\/p>\n<p><img decoding=\"async\" src=\"https:\/\/www.hydraulic-cylinders.net\/wp-content\/uploads\/2025\/01\/songte-company-3.webp\" alt=\"Companie\" \/><\/p>\n<p><em>Autor: lyl<\/em><\/p>","protected":false},"excerpt":{"rendered":"<p>Arm Cylinder For Lonking Middle Excavator LG6235 Introduction An arm cylinder is a specially designed hydraulic cylinder that provides linear motion and power to the arm of various types of machinery, such as excavators, cranes, and robotic arms. It plays a crucial role in hydraulic systems, enabling the efficient movement and control of additional tools [&hellip;]<\/p>","protected":false},"featured_media":14759,"comment_status":"open","ping_status":"closed","template":"","meta":{"_et_pb_use_builder":"","_et_pb_old_content":"","_et_gb_content_width":""},"product_brand":[],"product_cat":[1497],"product_tag":[1498,1496],"class_list":{"0":"post-16545","1":"product","2":"type-product","3":"status-publish","4":"has-post-thumbnail","6":"product_cat-arm-cylinders","7":"product_tag-arm-cylinders","8":"product_tag-hydraulic-cylinders","10":"first","11":"instock","12":"shipping-taxable","13":"product-type-simple"},"amp_enabled":true,"_links":{"self":[{"href":"https:\/\/www.hydraulic-cylinders.net\/ro\/wp-json\/wp\/v2\/product\/16545","targetHints":{"allow":["GET"]}}],"collection":[{"href":"https:\/\/www.hydraulic-cylinders.net\/ro\/wp-json\/wp\/v2\/product"}],"about":[{"href":"https:\/\/www.hydraulic-cylinders.net\/ro\/wp-json\/wp\/v2\/types\/product"}],"replies":[{"embeddable":true,"href":"https:\/\/www.hydraulic-cylinders.net\/ro\/wp-json\/wp\/v2\/comments?post=16545"}],"wp:featuredmedia":[{"embeddable":true,"href":"https:\/\/www.hydraulic-cylinders.net\/ro\/wp-json\/wp\/v2\/media\/14759"}],"wp:attachment":[{"href":"https:\/\/www.hydraulic-cylinders.net\/ro\/wp-json\/wp\/v2\/media?parent=16545"}],"wp:term":[{"taxonomy":"product_brand","embeddable":true,"href":"https:\/\/www.hydraulic-cylinders.net\/ro\/wp-json\/wp\/v2\/product_brand?post=16545"},{"taxonomy":"product_cat","embeddable":true,"href":"https:\/\/www.hydraulic-cylinders.net\/ro\/wp-json\/wp\/v2\/product_cat?post=16545"},{"taxonomy":"product_tag","embeddable":true,"href":"https:\/\/www.hydraulic-cylinders.net\/ro\/wp-json\/wp\/v2\/product_tag?post=16545"}],"curies":[{"name":"wp","href":"https:\/\/api.w.org\/{rel}","templated":true}]}}