{"id":16564,"date":"2025-01-21T05:34:15","date_gmt":"2025-01-21T05:34:15","guid":{"rendered":"https:\/\/www.hydraulic-cylinders.net\/product\/arm-cylinder-for-liebherr-large-excavator-r964\/"},"modified":"2025-01-21T05:34:18","modified_gmt":"2025-01-21T05:34:18","slug":"arm-cylinder-for-liebherr-large-excavator-r964","status":"publish","type":"product","link":"https:\/\/www.hydraulic-cylinders.net\/ro\/produs\/arm-cylinder-for-liebherr-large-excavator-r964\/","title":{"rendered":"Cilindru bra\u021b pentru excavator mare Liebherr R964"},"content":{"rendered":"<h2>Cilindru bra\u021b pentru excavator mare Liebherr R964<\/h2>\n<h3>Defini\u021bie \u0219i explica\u021bie<\/h3>\n<p>Un cilindru de bra\u021b este un cilindru hidraulic special conceput care ofer\u0103 mi\u0219care liniar\u0103 \u0219i putere bra\u021belor diferitelor tipuri de utilaje, cum ar fi excavatoare, macarale \u0219i bra\u021be robotizate. Cilindrii de bra\u021b joac\u0103 un rol crucial \u00een sistemele hidraulice, permi\u021b\u00e2nd mi\u0219carea \u0219i controlul eficient al uneltelor sau ata\u0219amentelor suplimentare. Ace\u0219ti cilindri nu numai c\u0103 ofer\u0103 mi\u0219c\u0103ri line, dar au \u0219i capacitatea de a rezista la sarcini grele, asigur\u00e2nd o func\u021bionare eficient\u0103 \u0219i fiabilitate \u00een diverse condi\u021bii de lucru.<\/p>\n<p><img decoding=\"async\" src=\"https:\/\/www.hydraulic-cylinders.net\/wp-content\/uploads\/2025\/01\/songte-company-2.webp\" alt=\"Imaginea cilindrului bra\u021bului\"><\/p>\n<h3>Caracteristici ale produsului<\/h3>\n<ul>\n<li><strong>Transmisie de \u00eenalt\u0103 eficien\u021b\u0103:<\/strong> Cilindrii bra\u021bului ofer\u0103 o mi\u0219care liniar\u0103 puternic\u0103 \u0219i o for\u021b\u0103 care asigur\u0103 performan\u021ba de \u00eenalt\u0103 eficien\u021b\u0103 a bra\u021belor ma\u0219inilor \u00een diverse opera\u021biuni.<\/li>\n<li><strong>Control precis:<\/strong> Cu ajutorul sistemelor hidraulice, cilindrii bra\u021bului pot realiza un control precis al mi\u0219c\u0103rii, f\u0103c\u00e2nd operarea uneltelor suplimentare mai flexibil\u0103 \u0219i precis\u0103.<\/li>\n<li><strong>Durabilitate:<\/strong> Cilindrii bra\u021bului sunt de obicei fabrica\u021bi din materiale de \u00eenalt\u0103 rezisten\u021b\u0103, asigur\u00e2nd o bun\u0103 rezisten\u021b\u0103 la uzur\u0103 \u0219i coroziune, fiind potrivi\u021bi pentru utilizare pe termen lung \u00een medii dure.<\/li>\n<li><strong>Adaptabilitate multifunc\u021bional\u0103:<\/strong> Ace\u0219ti cilindri pot fi utiliza\u021bi pe scar\u0103 larg\u0103 \u00een diverse tipuri de echipamente, cum ar fi excavatoare, macarale \u0219i bra\u021be robotizate, adapt\u00e2ndu-se la diferite cerin\u021be de lucru.<\/li>\n<li><strong>\u00centre\u021binere u\u0219oar\u0103:<\/strong> Concepu\u021bi pentru a fi u\u0219or de \u00eentre\u021binut \u0219i \u00eenlocuit, ace\u0219ti cilindri fac verific\u0103rile \u0219i \u00eentre\u021binerea regulat\u0103 mai convenabile, reduc\u00e2nd timpul de nefunc\u021bionare a echipamentelor.<\/li>\n<\/ul>\n<p><img decoding=\"async\" src=\"https:\/\/www.hydraulic-cylinders.net\/wp-content\/uploads\/2025\/01\/songte-oil-pipes-and-spare-parts.webp\" alt=\"Imaginea pieselor cilindrului hidraulic\"><\/p>\n<h3>Aplica\u021bii<\/h3>\n<p>Cilindrul cu bra\u021b are o gam\u0103 larg\u0103 de aplica\u021bii \u00een diferite industrii:<\/p>\n<ul>\n<li><strong>Inginerie Construc\u021bii:<\/strong> Cilindrii de bra\u021b sunt utiliza\u021bi \u00een excavatoare \u0219i macarale pentru a controla mi\u0219carea cupelor sau a bra\u021belor pentru lucr\u0103ri de terasament, manipularea materialelor \u0219i instalarea structural\u0103.<\/li>\n<li><strong>Fabrica\u021bie:<\/strong> Cilindrii bra\u021bului sunt utiliza\u021bi \u00een liniile de produc\u021bie automatizate pentru mi\u0219carea bra\u021belor robotizate, cum ar fi asamblarea, sudarea \u0219i manipularea, pentru a \u00eembun\u0103t\u0103\u021bi eficien\u021ba \u0219i precizia produc\u021biei.<\/li>\n<li><strong>Ma\u0219ini agricole:<\/strong> Cilindrii bra\u021bului controleaz\u0103 mi\u0219carea bra\u021belor de operare din utilajele agricole, cum ar fi combinele de recoltat \u0219i sem\u0103n\u0103toarele, pentru a efectua sarcini precum sem\u0103natul, fertilizarea \u0219i recoltarea.<\/li>\n<li><strong>Minerit:<\/strong> Cilindrii bra\u021bului controleaz\u0103 mi\u0219carea bra\u021belor \u00een echipamentele miniere, facilit\u00e2nd extrac\u021bia \u0219i transportul minereului.<\/li>\n<li><strong>Logistic\u0103 \u0219i transport:<\/strong> Cilindrii de bra\u021b sunt utiliza\u021bi \u00een stivuitoare \u0219i robo\u021bi de manipulare pentru a controla mi\u0219carea furcilor \u0219i pentru a realiza manipularea \u0219i stivuirea materialelor.<\/li>\n<\/ul>\n<h3>Considera\u021bii de proiectare \u0219i standarde de selec\u021bie<\/h3>\n<p>Atunci c\u00e2nd alege\u021bi un cilindru pentru bra\u021b, trebuie lua\u021bi \u00een considerare diver\u0219i factori:<\/p>\n<ul>\n<li><strong>Capacitate portant\u0103:<\/strong> Cilindrul trebuie proiectat s\u0103 reziste la sarcina maxim\u0103 la care va fi supus.<\/li>\n<li><strong>Etan\u0219are:<\/strong> Cilindrii cu bra\u021b utilizeaz\u0103 diverse tipuri de etan\u0219\u0103ri, cum ar fi etan\u0219\u0103rile pistonului \u0219i etan\u0219\u0103rile tijei, fabricate din materiale rezistente la uzur\u0103, cum ar fi poliuretanul \u0219i cauciucul nitrilic.<\/li>\n<li><strong>Durabilitate:<\/strong> Cilindrul trebuie s\u0103 fie fabricat din materiale de \u00eenalt\u0103 rezisten\u021b\u0103, cu o bun\u0103 rezisten\u021b\u0103 la uzur\u0103 \u0219i coroziune, potrivite pentru condi\u021bii dure de lucru.<\/li>\n<li><strong>Siguran\u0163\u0103:<\/strong> Caracteristicile de siguran\u021b\u0103, cum ar fi butoanele de oprire de urgen\u021b\u0103, \u00eentrerup\u0103toarele de limit\u0103 \u0219i protec\u021bia la suprasarcin\u0103, ar trebui \u00eencorporate \u00een proiect.<\/li>\n<li><strong>Mentenabilitate:<\/strong> Cilindrul trebuie s\u0103 fie proiectat pentru \u00eentre\u021binere \u0219i repara\u021bii u\u0219oare, cu componente u\u0219or de \u00eenlocuit.<\/li>\n<\/ul>\n<p><img decoding=\"async\" src=\"https:\/\/www.hydraulic-cylinders.net\/wp-content\/uploads\/2025\/01\/songte-cylinder-head-with-all-kinds-excavator-models.webp\" alt=\"Imaginea chiulasei hidraulice\"><\/p>\n<h3>Etan\u0219are \u0219i lubrifiere<\/h3>\n<p>Cilindrii cu bra\u021b utilizeaz\u0103 diverse tipuri de etan\u0219\u0103ri, cum ar fi etan\u0219\u0103ri pentru piston \u0219i etan\u0219\u0103ri pentru tij\u0103, fabricate din materiale rezistente la uzur\u0103, precum poliuretanul \u0219i cauciucul nitrilic. Corpul cilindrului \u0219i suprafe\u021bele capetelor filetate sunt prelucrate cu aten\u021bie pentru a \u00eembun\u0103t\u0103\u021bi rezisten\u021ba la uzur\u0103. \u00centre\u021binerea regulat\u0103 trebuie efectuat\u0103 cu ulei hidraulic adecvat pentru a asigura o lubrifiere corespunz\u0103toare.<\/p>\n<p><img decoding=\"async\" src=\"https:\/\/www.hydraulic-cylinders.net\/wp-content\/uploads\/2025\/01\/songte-chushion-collar.webp\" alt=\"Imagine cu guler de pern\u0103\"><\/p>\n<h3>\u00centre\u021binere \u0219i m\u0103suri preventive<\/h3>\n<ul>\n<li><strong>Inspec\u021bie periodic\u0103:<\/strong> Cilindrul trebuie inspectat periodic pentru a verifica dac\u0103 exist\u0103 scurgeri, uzur\u0103 \u0219i deterior\u0103ri.<\/li>\n<li><strong>\u00centre\u021binere preventiv\u0103:<\/strong> \u00centre\u021binerea regulat\u0103 trebuie efectuat\u0103 pentru a preveni problemele \u00eenainte ca acestea s\u0103 apar\u0103, inclusiv inspec\u021bia, cur\u0103\u021barea \u0219i \u00eenlocuirea componentelor.<\/li>\n<li><strong>Lubrifiere adecvat\u0103:<\/strong> Pentru a asigura o lubrifiere corespunz\u0103toare, trebuie ad\u0103ugat \u00een mod regulat ulei hidraulic adecvat.<\/li>\n<\/ul>\n<h3>Ghid de instalare<\/h3>\n<p>Urma\u021bi ace\u0219ti pa\u0219i pentru a instala cilindrul bra\u021bului:<\/p>\n<ol>\n<li>A\u0219eza\u021bi cilindrul \u00een pozi\u021bie, asigur\u00e2ndu-v\u0103 c\u0103 este aliniat cu celelalte componente.<\/li>\n<li>Conecta\u021bi furtunurile hidraulice la cilindru conform specifica\u021biilor produc\u0103torului.<\/li>\n<li>Fixa\u021bi cilindrul la loc cu \u0219uruburile \u0219i piuli\u021bele furnizate.<\/li>\n<li>Verifica\u021bi dac\u0103 cilindrul prezint\u0103 scurgeri \u0219i dac\u0103 func\u021bioneaz\u0103 corect.<\/li>\n<\/ol>\n<p><img decoding=\"async\" src=\"https:\/\/www.hydraulic-cylinders.net\/wp-content\/uploads\/2025\/01\/songte-bushings-with-all-kinds-of-excavator-models.webp\" alt=\"Imagine buc\u0219e cilindru hidraulic\"><\/p>\n<h3>Considera\u021bii privind siguran\u021ba \u0219i mediul<\/h3>\n<p>La utilizarea cilindrului bra\u021bului, trebuie luate m\u0103suri de siguran\u021b\u0103 pentru a preveni r\u0103nirea sau accidentele. Operatorii trebuie instrui\u021bi cu privire la utilizarea \u0219i manipularea corect\u0103 a cilindrului. Eliminarea corect\u0103 a cilindrilor uza\u021bi sau deteriora\u021bi trebuie efectuat\u0103 \u00een conformitate cu reglement\u0103rile locale.<\/p>\n<h3>Depanare \u0219i probleme frecvente<\/h3>\n<ul>\n<li><strong>Scurgere de lichid:<\/strong> Acest lucru ar putea fi cauzat de garnituri uzate sau de deteriorarea corpului cilindrului. \u00cenlocui\u021bi garniturile sau corpul cilindrului dup\u0103 cum este necesar.<\/li>\n<li><strong>For\u021b\u0103 cilindric\u0103 redus\u0103:<\/strong> Acest lucru ar putea fi cauzat de o presiune hidraulic\u0103 insuficient\u0103 sau de un piston deteriorat. Verifica\u021bi presiunea din sistemul hidraulic \u0219i \u00eenlocui\u021bi pistonul dac\u0103 este necesar.<\/li>\n<li><strong>F\u0103r\u0103 mi\u0219care:<\/strong> Acest lucru ar putea fi cauzat de un blocaj \u00een conductele hidraulice sau de o supap\u0103 deteriorat\u0103. Verifica\u021bi conductele hidraulice \u0219i \u00eenlocui\u021bi supapa dac\u0103 este necesar.<\/li>\n<\/ul>\n<p>\u00centre\u021binerea \u0219i inspec\u021bia regulat\u0103 pot ajuta la prevenirea apari\u021biei acestor probleme.<\/p>\n<h3>Despre noi<\/h3>\n<p>Suntem un produc\u0103tor profesionist de cilindri hidraulici de schimb, cu o gam\u0103 larg\u0103 de produse, devenind unul dintre principalii produc\u0103tori \u0219i distribuitori angro de cilindri hidraulici, at\u00e2t pe plan intern, c\u00e2t \u0219i interna\u021bional. Respect\u0103m \u00eentotdeauna principiul calit\u0103\u021bii excelente, baz\u00e2ndu-ne pe strategii industrializate de management al produc\u021biei \u00een atelierele noastre sofisticate de fabrica\u021bie pentru a ne \u00eembun\u0103t\u0103\u021bi continuu nivelul tehnologic \u0219i eficien\u021ba produc\u021biei. Prin introducerea de echipamente digitale de fabrica\u021bie de ultim\u0103 genera\u021bie \u0219i sisteme profesionale de testare, optimiz\u0103m platforma noastr\u0103 de fabrica\u021bie, perfec\u021bion\u0103m procesele de control al calit\u0103\u021bii produselor \u0219i avem capacit\u0103\u021bi puternice de inovare. Scopul nostru este de a satisface nevoile diverse ale clien\u021bilor cu principii de eficien\u021b\u0103, precizie \u0219i \u00eenalt\u0103 calitate.<\/p>\n<p>Compania noastr\u0103 ofer\u0103 servicii profesionale \u0219i personalizate, de\u021bine certific\u0103ri interna\u021bionale \u0219i este dotat\u0103 cu echipamente de produc\u021bie avansate \u0219i servicii post-v\u00e2nzare.<\/p>\n<p><img decoding=\"async\" src=\"https:\/\/www.hydraulic-cylinders.net\/wp-content\/uploads\/2025\/01\/songte-company-4.webp\" alt=\"Imaginea companiei\"><br \/>\n<img decoding=\"async\" src=\"https:\/\/www.hydraulic-cylinders.net\/wp-content\/uploads\/2025\/01\/songte-company-3.webp\" alt=\"Imaginea companiei\"><\/p>\n<p>Autor: lyl<\/p>","protected":false},"excerpt":{"rendered":"<p>Arm Cylinder for Liebherr Large Excavator R964 Definition and Explanation An arm cylinder is a specially designed hydraulic cylinder that provides linear motion and power to the arms of various types of machinery such as excavators, cranes, and robotic arms. Arm cylinders play a crucial role in hydraulic systems, allowing for the effective movement and [&hellip;]<\/p>","protected":false},"featured_media":14763,"comment_status":"open","ping_status":"closed","template":"","meta":{"_et_pb_use_builder":"","_et_pb_old_content":"","_et_gb_content_width":""},"product_brand":[],"product_cat":[1497],"product_tag":[1498,1496],"class_list":{"0":"post-16564","1":"product","2":"type-product","3":"status-publish","4":"has-post-thumbnail","6":"product_cat-arm-cylinders","7":"product_tag-arm-cylinders","8":"product_tag-hydraulic-cylinders","10":"first","11":"instock","12":"shipping-taxable","13":"product-type-simple"},"amp_enabled":true,"_links":{"self":[{"href":"https:\/\/www.hydraulic-cylinders.net\/ro\/wp-json\/wp\/v2\/product\/16564","targetHints":{"allow":["GET"]}}],"collection":[{"href":"https:\/\/www.hydraulic-cylinders.net\/ro\/wp-json\/wp\/v2\/product"}],"about":[{"href":"https:\/\/www.hydraulic-cylinders.net\/ro\/wp-json\/wp\/v2\/types\/product"}],"replies":[{"embeddable":true,"href":"https:\/\/www.hydraulic-cylinders.net\/ro\/wp-json\/wp\/v2\/comments?post=16564"}],"wp:featuredmedia":[{"embeddable":true,"href":"https:\/\/www.hydraulic-cylinders.net\/ro\/wp-json\/wp\/v2\/media\/14763"}],"wp:attachment":[{"href":"https:\/\/www.hydraulic-cylinders.net\/ro\/wp-json\/wp\/v2\/media?parent=16564"}],"wp:term":[{"taxonomy":"product_brand","embeddable":true,"href":"https:\/\/www.hydraulic-cylinders.net\/ro\/wp-json\/wp\/v2\/product_brand?post=16564"},{"taxonomy":"product_cat","embeddable":true,"href":"https:\/\/www.hydraulic-cylinders.net\/ro\/wp-json\/wp\/v2\/product_cat?post=16564"},{"taxonomy":"product_tag","embeddable":true,"href":"https:\/\/www.hydraulic-cylinders.net\/ro\/wp-json\/wp\/v2\/product_tag?post=16564"}],"curies":[{"name":"wp","href":"https:\/\/api.w.org\/{rel}","templated":true}]}}