{"id":16573,"date":"2025-01-21T05:34:51","date_gmt":"2025-01-21T05:34:51","guid":{"rendered":"https:\/\/www.hydraulic-cylinders.net\/product\/arm-cylinder-for-sdlg-small-excavator-lg665\/"},"modified":"2025-01-21T05:34:53","modified_gmt":"2025-01-21T05:34:53","slug":"arm-cylinder-for-sdlg-small-excavator-lg665","status":"publish","type":"product","link":"https:\/\/www.hydraulic-cylinders.net\/ro\/produs\/arm-cylinder-for-sdlg-small-excavator-lg665\/","title":{"rendered":"Cilindru de bra\u021b pentru excavatorul mic SDLG LG665"},"content":{"rendered":"<h1>Cilindru de bra\u021b pentru excavatorul mic SDLG LG665<\/h1>\n<h2>Introducere<\/h2>\n<p>Un cilindru hidraulic special conceput pentru bra\u021b este un cilindru hidraulic care ofer\u0103 mi\u0219care liniar\u0103 \u0219i putere bra\u021bului diferitelor tipuri de utilaje, cum ar fi excavatoare, macarale \u0219i bra\u021be robotizate. Cilindrul bra\u021bului joac\u0103 un rol cheie \u00een sistemele hidraulice, permi\u021b\u00e2nd mi\u0219carea \u0219i controlul eficient al uneltelor sau ata\u0219amentelor suplimentare. Ace\u0219ti cilindri nu numai c\u0103 asigur\u0103 o mi\u0219care lin\u0103, dar rezist\u0103 \u0219i la sarcini grele, asigur\u00e2nd func\u021bionarea eficient\u0103 \u0219i fiabilitatea utilajelor \u00een diverse condi\u021bii de lucru.<\/p>\n<p><img decoding=\"async\" src=\"https:\/\/www.hydraulic-cylinders.net\/wp-content\/uploads\/2025\/01\/songte-company-2.webp\" alt=\"Imaginea cilindrului bra\u021bului\"><\/p>\n<h2>Caracteristici<\/h2>\n<ul>\n<li>Eficien\u021b\u0103 ridicat\u0103: Cilindrul bra\u021bului ofer\u0103 o mi\u0219care liniar\u0103 puternic\u0103 \u0219i o for\u021b\u0103, asigur\u00e2nd func\u021bionarea de \u00eenalt\u0103 performan\u021b\u0103 a bra\u021bului mecanic \u00een diverse opera\u021biuni.<\/li>\n<li>Control precis: Prin intermediul sistemului hidraulic, cilindrul bra\u021bului permite un control precis al mi\u0219c\u0103rii, ceea ce face ca operarea uneltelor suplimentare s\u0103 fie mai flexibil\u0103 \u0219i mai precis\u0103.<\/li>\n<li>Durabilitate: Cilindrii bra\u021bului sunt \u00een general fabrica\u021bi din materiale de \u00eenalt\u0103 rezisten\u021b\u0103, oferind o rezisten\u021b\u0103 excelent\u0103 la uzur\u0103 \u0219i coroziune, fiind potrivi\u021bi pentru utilizare pe termen lung \u00een medii dure.<\/li>\n<li>Adaptabilitate multifunc\u021bional\u0103: Ace\u0219ti cilindri pot fi utiliza\u021bi pe scar\u0103 larg\u0103 \u00een diverse utilaje, cum ar fi excavatoare, macarale \u0219i bra\u021be robotizate, adapt\u00e2ndu-se la diferite cerin\u021be de lucru.<\/li>\n<li>\u00centre\u021binere u\u0219oar\u0103: Concepu\u021bi pentru \u00eentre\u021binere \u0219i \u00eenlocuire u\u0219oar\u0103, cilindrii bra\u021bului faciliteaz\u0103 inspec\u021biile \u0219i \u00eentre\u021binerea regulat\u0103, reduc\u00e2nd timpul de nefunc\u021bionare a echipamentelor.<\/li>\n<\/ul>\n<p><img decoding=\"async\" src=\"https:\/\/www.hydraulic-cylinders.net\/wp-content\/uploads\/2025\/01\/songte-oil-pipes-and-spare-parts.webp\" alt=\"Imagine piese de schimb\"><\/p>\n<h2>Aplica\u021bii<\/h2>\n<p>Cilindrul cu bra\u021b \u00ee\u0219i g\u0103se\u0219te aplica\u021bii \u00een:<\/p>\n<h3>1. Inginerie de construc\u021bii<\/h3>\n<p>\u00cen excavatoare \u0219i macarale, cilindrul bra\u021bului este utilizat pentru a controla mi\u0219carea cupelor sau a bra\u021belor pentru lucr\u0103ri de terasament, manipularea materialelor \u0219i instalarea structural\u0103.<\/p>\n<h3>2. Industria prelucr\u0103toare<\/h3>\n<p>\u00cen liniile de produc\u021bie automatizate, cilindrul bra\u021bului este utilizat pentru mi\u0219carea bra\u021belor robotizate, permi\u021b\u00e2nd procese precum asamblarea, sudarea \u0219i manipularea materialelor, \u00eembun\u0103t\u0103\u021bind astfel eficien\u021ba \u0219i precizia produc\u021biei.<\/p>\n<h3>3. Ma\u0219ini agricole<\/h3>\n<p>\u00cen utilajele agricole, cum ar fi combinele de recoltat \u0219i sem\u0103n\u0103toarele, cilindrul bra\u021bului controleaz\u0103 mi\u0219carea bra\u021belor de operare, efectu\u00e2nd sarcini precum sem\u0103natul, fertilizarea \u0219i recoltarea.<\/p>\n<h3>4. Minerit<\/h3>\n<p>\u00cen echipamentele miniere, cilindrul bra\u021bului este utilizat pentru a controla mi\u0219carea bra\u021bului echipamentelor miniere pentru extrac\u021bia \u0219i transportul minereului.<\/p>\n<h3>5. Logistic\u0103 \u0219i transport<\/h3>\n<p>\u00cen cazul stivuitoarelor \u0219i robo\u021bilor de manipulare, cilindrul bra\u021bului controleaz\u0103 ridicarea \u0219i mi\u0219carea furcilor, permi\u021b\u00e2nd transportul \u0219i stivuirea materialelor.<\/p>\n<p><img decoding=\"async\" src=\"https:\/\/www.hydraulic-cylinders.net\/wp-content\/uploads\/2025\/01\/songte-cylinder-head-with-all-kinds-excavator-models.webp\" alt=\"Imaginea chiulasei\"><\/p>\n<h2>Considera\u021bii de proiectare \u0219i criterii de selec\u021bie<\/h2>\n<ul>\n<li>Capacitate portant\u0103: Cilindrul bra\u021bului trebuie proiectat pentru a suporta sarcina a\u0219teptat\u0103 \u0219i a oferi performan\u021be fiabile.<\/li>\n<li>Etan\u0219are: \u00cen cilindrul bra\u021bului sunt utilizate diverse elemente de etan\u0219are, cum ar fi etan\u0219\u0103rile pistonului \u0219i etan\u0219\u0103rile tijei. Acestea sunt fabricate din materiale rezistente la uzur\u0103, precum poliuretanul \u0219i cauciucul nitrilic, pentru a asigura o etan\u0219are eficient\u0103.<\/li>\n<li>Durabilitate: Corpul cilindrului \u0219i capetele filetate sunt supuse unor tratamente precise pentru a spori rezisten\u021ba la uzur\u0103 \u0219i durabilitatea.<\/li>\n<li>Siguran\u021b\u0103: Proiectul trebuie s\u0103 ia \u00een considerare elemente de siguran\u021b\u0103 pentru a preveni accidentele \u00een timpul func\u021bion\u0103rii.<\/li>\n<li>\u00centre\u021binere: \u00centre\u021binerea u\u0219oar\u0103 \u0219i lubrifierea regulat\u0103 a cilindrului bra\u021bului contribuie la longevitatea \u0219i performan\u021ba optim\u0103 a acestuia.<\/li>\n<\/ul>\n<p><img decoding=\"async\" src=\"https:\/\/www.hydraulic-cylinders.net\/wp-content\/uploads\/2025\/01\/songte-chushion-collar.webp\" alt=\"Imagine cu guler Chushion\"><\/p>\n<h2>\u00centre\u021binere \u0219i m\u0103suri preventive<\/h2>\n<ul>\n<li>Inspecta\u021bi periodic cilindrul bra\u021bului pentru a depista orice semne de uzur\u0103, scurgeri sau deterior\u0103ri.<\/li>\n<li>Men\u021bine\u021bi cilindrul lubrifiat corespunz\u0103tor cu uleiul hidraulic recomandat.<\/li>\n<li>Asigura\u021bi alinierea corect\u0103 \u0219i montarea sigur\u0103 a cilindrului bra\u021bului.<\/li>\n<li>Urma\u021bi instruc\u021biunile produc\u0103torului privind intervalele de \u00eentre\u021binere \u0219i \u00eenlocuire.<\/li>\n<li>Implementa\u021bi m\u0103suri preventive, cum ar fi cur\u0103\u021barea cilindrului \u0219i protejarea acestuia de factorii de mediu.<\/li>\n<\/ul>\n<h2>Ghid de instalare<\/h2>\n<p>Urma\u021bi ace\u0219ti pa\u0219i pentru instalarea corect\u0103 a cilindrului bra\u021bului:<\/p>\n<ol>\n<li>Preg\u0103ti\u021bi zona de montare \u0219i asigura\u021bi-v\u0103 c\u0103 este curat\u0103 \u0219i lipsit\u0103 de resturi.<\/li>\n<li>Pozi\u021biona\u021bi cilindrul bra\u021bului \u00een loca\u021bia dorit\u0103 \u0219i alinia\u021bi-l cu punctele de montare.<\/li>\n<li>Fixa\u021bi cilindrul \u00een siguran\u021b\u0103 folosind \u0219uruburi sau console de montare adecvate.<\/li>\n<li>Conecta\u021bi furtunurile sau \u021bevile hidraulice la cilindru, asigur\u00e2nd o etan\u0219are corespunz\u0103toare.<\/li>\n<li>Verifica\u021bi dac\u0103 exist\u0103 scurgeri \u0219i efectua\u021bi un test de func\u021bionare \u00eenainte de utilizare.<\/li>\n<\/ol>\n<p><img decoding=\"async\" src=\"https:\/\/www.hydraulic-cylinders.net\/wp-content\/uploads\/2025\/01\/songte-bushings-with-all-kinds-of-excavator-models.webp\" alt=\"Imagine buc\u0219e\"><\/p>\n<h2>Considera\u021bii de siguran\u021b\u0103 \u0219i factori de mediu<\/h2>\n<p>Atunci c\u00e2nd se lucreaz\u0103 cu cilindri de bra\u021b, m\u0103surile de siguran\u021b\u0103 sunt cruciale pentru a preveni accidentele \u0219i a asigura bun\u0103starea operatorului. Instruirea adecvat\u0103, respectarea instruc\u021biunilor de siguran\u021b\u0103 \u0219i inspec\u021biile regulate ale echipamentelor sunt esen\u021biale. \u00cen plus, factorii de mediu precum temperatura, umiditatea \u0219i praful trebuie lua\u021bi \u00een considerare pentru a men\u021bine performan\u021ba optim\u0103 a cilindrilor.<\/p>\n<h2>Depanare \u0219i probleme frecvente<\/h2>\n<p>C\u00e2teva probleme comune legate de cilindrii bra\u021bului includ:<\/p>\n<ul>\n<li>Scurgere de fluid hidraulic<\/li>\n<li>Pierdere de putere sau for\u021b\u0103 insuficient\u0103<\/li>\n<li>Mi\u0219care neregulat\u0103 sau sacadat\u0103<\/li>\n<li>Zgomot sau vibra\u021bii excesive<\/li>\n<li>Pozi\u021bionare inconsistent\u0103 sau inexact\u0103<\/li>\n<\/ul>\n<p>Pentru a rezolva aceste probleme, lua\u021bi \u00een considerare urm\u0103toarele sfaturi \u0219i solu\u021bii de depanare:<\/p>\n<ul>\n<li>Inspecta\u021bi \u0219i \u00eenlocui\u021bi garniturile sau garniturile deteriorate.<\/li>\n<li>Verifica\u021bi nivelul fluidului hidraulic \u0219i completa\u021bi sau \u00eenlocui\u021bi dac\u0103 este necesar.<\/li>\n<li>Verifica\u021bi conductele \u0219i conexiunile hidraulice pentru a depista eventuale scurgeri sau blocaje.<\/li>\n<li>Asigura\u021bi alinierea \u0219i montarea corect\u0103 a cilindrului bra\u021bului.<\/li>\n<li>Consulta\u021bi ghidul de depanare al produc\u0103torului sau solicita\u021bi asisten\u021b\u0103 profesional\u0103, dac\u0103 este necesar.<\/li>\n<\/ul>\n<p><img decoding=\"async\" src=\"https:\/\/www.hydraulic-cylinders.net\/wp-content\/uploads\/2025\/01\/songte-company-4.webp\" alt=\"Imaginea companiei\"><br \/>\n<img decoding=\"async\" src=\"https:\/\/www.hydraulic-cylinders.net\/wp-content\/uploads\/2025\/01\/songte-company-3.webp\" alt=\"Imaginea companiei\"><\/p>\n<h2>Despre compania noastr\u0103<\/h2>\n<p>Suntem un produc\u0103tor profesionist de cilindri hidraulici alternativi, oferind o gam\u0103 larg\u0103 de produse. Am devenit unul dintre principalii produc\u0103tori \u0219i distribuitori angro de cilindri hidraulici, at\u00e2t pe pia\u021ba intern\u0103, c\u00e2t \u0219i pe cea interna\u021bional\u0103. Angajamentul nostru fa\u021b\u0103 de o calitate excelent\u0103 se bazeaz\u0103 pe strategia noastr\u0103 de management al produc\u021biei industriale, implementat\u0103 \u00een atelierul nostru avansat de fabrica\u021bie, \u00eembun\u0103t\u0103\u021bind continuu expertiza noastr\u0103 tehnic\u0103 \u0219i eficien\u021ba produc\u021biei. Cu echipamente digitale de fabrica\u021bie de ultim\u0103 genera\u021bie \u0219i sisteme profesionale de testare, optimiz\u0103m platforma noastr\u0103 de fabrica\u021bie \u0219i \u00eembun\u0103t\u0103\u021bim procesele de control al calit\u0103\u021bii produselor noastre, demonstr\u00e2nd capacit\u0103\u021bi inovatoare puternice. Scopul nostru este de a satisface nevoile de diversificare ale clien\u021bilor cu produse de \u00eenalt\u0103 eficien\u021b\u0103, precizie \u0219i calitate.<\/p>\n<p>Compania noastr\u0103 se remarc\u0103 prin:<\/p>\n<ul>\n<li>Profesionalism \u0219i expertiz\u0103<\/li>\n<li>Certific\u0103ri interna\u021bionale<\/li>\n<li>Servicii de personalizare<\/li>\n<li>Echipamente avansate de produc\u021bie<\/li>\n<li>Serviciu post-v\u00e2nzare<\/li>\n<\/ul>\n<p>Nu uita s\u0103 organizezi articolul logic, s\u0103 folose\u0219ti subtitluri pentru o navigare u\u0219oar\u0103, s\u0103 incluzi imagini sau grafice relevante pentru o \u00een\u021belegere mai bun\u0103 \u0219i s\u0103 asiguri claritatea, concizia \u0219i adecvarea con\u021binutului pentru cititorii cu diferite niveluri de cuno\u0219tin\u021be tehnice.<\/p>\n<p>Autor: lyl.<\/p>","protected":false},"excerpt":{"rendered":"<p>Arm Cylinder For SDLG Small Excavator LG665 Introduction An arm cylinder is a specially designed hydraulic cylinder that provides linear motion and power to the arm of various types of machinery such as excavators, cranes, and robotic arms. The arm cylinder plays a key role in hydraulic systems, enabling the effective movement and control of [&hellip;]<\/p>","protected":false},"featured_media":14766,"comment_status":"open","ping_status":"closed","template":"","meta":{"_et_pb_use_builder":"","_et_pb_old_content":"","_et_gb_content_width":""},"product_brand":[],"product_cat":[1497],"product_tag":[1498,1496],"class_list":{"0":"post-16573","1":"product","2":"type-product","3":"status-publish","4":"has-post-thumbnail","6":"product_cat-arm-cylinders","7":"product_tag-arm-cylinders","8":"product_tag-hydraulic-cylinders","10":"first","11":"instock","12":"shipping-taxable","13":"product-type-simple"},"amp_enabled":true,"_links":{"self":[{"href":"https:\/\/www.hydraulic-cylinders.net\/ro\/wp-json\/wp\/v2\/product\/16573","targetHints":{"allow":["GET"]}}],"collection":[{"href":"https:\/\/www.hydraulic-cylinders.net\/ro\/wp-json\/wp\/v2\/product"}],"about":[{"href":"https:\/\/www.hydraulic-cylinders.net\/ro\/wp-json\/wp\/v2\/types\/product"}],"replies":[{"embeddable":true,"href":"https:\/\/www.hydraulic-cylinders.net\/ro\/wp-json\/wp\/v2\/comments?post=16573"}],"wp:featuredmedia":[{"embeddable":true,"href":"https:\/\/www.hydraulic-cylinders.net\/ro\/wp-json\/wp\/v2\/media\/14766"}],"wp:attachment":[{"href":"https:\/\/www.hydraulic-cylinders.net\/ro\/wp-json\/wp\/v2\/media?parent=16573"}],"wp:term":[{"taxonomy":"product_brand","embeddable":true,"href":"https:\/\/www.hydraulic-cylinders.net\/ro\/wp-json\/wp\/v2\/product_brand?post=16573"},{"taxonomy":"product_cat","embeddable":true,"href":"https:\/\/www.hydraulic-cylinders.net\/ro\/wp-json\/wp\/v2\/product_cat?post=16573"},{"taxonomy":"product_tag","embeddable":true,"href":"https:\/\/www.hydraulic-cylinders.net\/ro\/wp-json\/wp\/v2\/product_tag?post=16573"}],"curies":[{"name":"wp","href":"https:\/\/api.w.org\/{rel}","templated":true}]}}