{"id":16592,"date":"2025-01-21T05:36:30","date_gmt":"2025-01-21T05:36:30","guid":{"rendered":"https:\/\/www.hydraulic-cylinders.net\/product\/arm-cylinder-for-jonyang-small-excavator-jy615eld\/"},"modified":"2025-01-21T05:36:32","modified_gmt":"2025-01-21T05:36:32","slug":"arm-cylinder-for-jonyang-small-excavator-jy615eld","status":"publish","type":"product","link":"https:\/\/www.hydraulic-cylinders.net\/ro\/produs\/arm-cylinder-for-jonyang-small-excavator-jy615eld\/","title":{"rendered":"Cilindru de bra\u021b pentru excavatorul mic Jonyang JY615ELD"},"content":{"rendered":"<h2>Introducere<\/h2>\n<h3>Cilindru de bra\u021b pentru excavatorul mic Jonyang JY615ELD<\/h3>\n<p>Cilindrul bra\u021bului este un cilindru hidraulic special conceput care ofer\u0103 mi\u0219care liniar\u0103 \u0219i putere bra\u021belor diferitelor tipuri de utilaje, cum ar fi excavatoare, macarale \u0219i bra\u021be mecanice. Cilindrul bra\u021bului joac\u0103 un rol esen\u021bial \u00een sistemul hidraulic, permi\u021b\u00e2nd ata\u0219amentelor sau accesoriilor s\u0103 se mi\u0219te \u0219i s\u0103 se controleze eficient. Ace\u0219ti cilindri nu numai c\u0103 ofer\u0103 o mi\u0219care lin\u0103, dar rezist\u0103 \u0219i la sarcini grele, asigur\u00e2nd func\u021bionarea eficient\u0103 \u0219i fiabilitatea utilajelor \u00een diverse condi\u021bii de func\u021bionare.<\/p>\n<p><img decoding=\"async\" src=\"https:\/\/www.hydraulic-cylinders.net\/wp-content\/uploads\/2025\/01\/songte-company-2.webp\" alt=\"Cilindru de bra\u021b pentru excavatorul mic Jonyang JY615ELD\"><\/p>\n<h2>Caracteristici ale produsului<\/h2>\n<ul>\n<li>\n<h3>Transmisie eficient\u0103 a puterii<\/h3>\n<p>Cilindrul bra\u021bului ofer\u0103 o mi\u0219care liniar\u0103 puternic\u0103 \u0219i o for\u021b\u0103 puternic\u0103, asigur\u00e2nd o eficien\u021b\u0103 de \u00eenalt\u0103 performan\u021b\u0103 a bra\u021bului mecanic \u00een timpul diferitelor opera\u021biuni.<\/p>\n<\/li>\n<li>\n<h3>Control precis<\/h3>\n<p>Prin intermediul sistemului hidraulic, cilindrul bra\u021bului poate realiza un control precis al mi\u0219c\u0103rii, f\u0103c\u00e2nd func\u021bionarea ata\u0219amentelor mai flexibil\u0103 \u0219i precis\u0103.<\/p>\n<\/li>\n<li>\n<h3>Durabilitate puternic\u0103<\/h3>\n<p>Cilindrul bra\u021bului este de obicei fabricat din materiale de \u00eenalt\u0103 rezisten\u021b\u0103 \u0219i are o bun\u0103 rezisten\u021b\u0103 la uzur\u0103 \u0219i coroziune, ceea ce \u00eel face potrivit pentru utilizarea pe termen lung \u00een medii dure.<\/p>\n<\/li>\n<li>\n<h3>Adaptabilitate multifunc\u021bional\u0103<\/h3>\n<p>Ace\u0219ti cilindri pot fi utiliza\u021bi pe scar\u0103 larg\u0103 \u00een diverse echipamente mecanice, cum ar fi excavatoare, macarale \u0219i bra\u021be mecanice, pentru a se adapta la diferite cerin\u021be de lucru.<\/p>\n<\/li>\n<li>\n<h3>\u00centre\u021binere u\u0219oar\u0103<\/h3>\n<p>Designul are \u00een vedere u\u0219urin\u021ba \u00eentre\u021binerii \u0219i \u00eenlocuirii, ceea ce face ca inspec\u021biile \u0219i \u00eentre\u021binerea regulat\u0103 s\u0103 fie mai convenabile \u0219i reduce timpul de nefunc\u021bionare a echipamentelor.<\/p>\n<\/li>\n<\/ul>\n<p>Produsul nostru poate \u00eenlocui perfect ace\u0219ti cilindri hidraulici. <\/p>\n<p><img decoding=\"async\" src=\"https:\/\/www.hydraulic-cylinders.net\/wp-content\/uploads\/2025\/01\/songte-oil-pipes-and-spare-parts.webp\" alt=\"Cilindru de bra\u021b pentru excavatorul mic Jonyang JY615ELD\"><\/p>\n<h2>Aplica\u021bie<\/h2>\n<p>Cilindrul cu bra\u021b este utilizat pe scar\u0103 larg\u0103 \u00een diverse industrii, dup\u0103 cum urmeaz\u0103:<\/p>\n<ul>\n<li>\n<h3>Inginerie de construc\u021bii<\/h3>\n<p>\u00cen excavatoare \u0219i macarale, cilindrul bra\u021bului este utilizat pentru a controla mi\u0219carea cupei sau a bra\u021bului pentru a efectua opera\u021biuni de terasament, manipularea materialelor \u0219i instalarea structurilor.<\/p>\n<\/li>\n<li>\n<h3>Fabrica\u021bie<\/h3>\n<p>\u00cen liniile de produc\u021bie automatizate, cilindrul bra\u021bului este utilizat pentru mi\u0219carea bra\u021belor mecanice pentru a efectua procese de asamblare, sudare \u0219i manipulare, \u00eembun\u0103t\u0103\u021bind eficien\u021ba \u0219i precizia produc\u021biei.<\/p>\n<\/li>\n<li>\n<h3>Ma\u0219ini agricole<\/h3>\n<p>\u00cen utilajele agricole, cum ar fi combinele de recoltat \u0219i sem\u0103n\u0103toarele, cilindrul bra\u021bului controleaz\u0103 mi\u0219carea bra\u021bului de operare pentru a efectua sarcini precum sem\u0103natul, fertilizarea \u0219i recoltarea.<\/p>\n<\/li>\n<li>\n<h3>Minerit<\/h3>\n<p>\u00cen echipamentele miniere, cilindrul bra\u021bului este utilizat pentru a controla mi\u0219carea bra\u021bului echipamentelor miniere pentru a efectua extrac\u021bia \u0219i transportul minereului.<\/p>\n<\/li>\n<li>\n<h3>Logistic\u0103 \u0219i transporturi<\/h3>\n<p>\u00cen cazul stivuitoarelor \u0219i robo\u021bilor de manipulare, cilindrul bra\u021bului este utilizat pentru a controla ridicarea \u0219i mi\u0219carea furcii pentru manipularea \u0219i stivuirea materialelor.<\/p>\n<\/li>\n<\/ul>\n<h2>Considera\u021bii de proiectare \u0219i standarde de selec\u021bie<\/h2>\n<ul>\n<li>\n<h3>Capacitate portant\u0103<\/h3>\n<p>Cilindrul bra\u021bului trebuie s\u0103 aib\u0103 o capacitate portant\u0103 suficient\u0103 pentru a asigura func\u021bionarea normal\u0103 a bra\u021bului mecanic.<\/p>\n<\/li>\n<li>\n<h3>Performan\u021ba de etan\u0219are<\/h3>\n<p>Cilindrul bra\u021bului utilizeaz\u0103 diverse componente de etan\u0219are, cum ar fi etan\u0219\u0103ri de piston \u0219i etan\u0219\u0103ri de tij\u0103, fabricate din materiale rezistente la uzur\u0103, cum ar fi poliuretanul \u0219i cauciucul nitrilic, pentru a asigura o performan\u021b\u0103 excelent\u0103 de etan\u0219are.<\/p>\n<\/li>\n<li>\n<h3>Durabilitate<\/h3>\n<p>Corpul cilindrului \u0219i suprafa\u021ba cap\u0103tului filetat sunt supuse unor prelucr\u0103ri fine pentru a \u00eembun\u0103t\u0103\u021bi rezisten\u021ba la uzur\u0103. Materialele de \u00eenalt\u0103 rezisten\u021b\u0103 sunt utilizate pentru a asigura durabilitatea pe termen lung a cilindrului bra\u021bului.<\/p>\n<\/li>\n<li>\n<h3>Siguran\u021b\u0103 \u0219i \u00eentre\u021binere<\/h3>\n<p>Cilindrul bra\u021bului este proiectat lu\u00e2nd \u00een considerare aspecte de siguran\u021b\u0103, cum ar fi instalarea de supape de siguran\u021b\u0103 pentru a preveni supra\u00eenc\u0103rcarea. Designul ia \u00een considerare \u0219i u\u0219urin\u021ba \u00eentre\u021binerii \u0219i \u00eenlocuirii componentelor.<\/p>\n<\/li>\n<\/ul>\n<p><img decoding=\"async\" src=\"https:\/\/www.hydraulic-cylinders.net\/wp-content\/uploads\/2025\/01\/songte-cylinder-head-with-all-kinds-excavator-models.webp\" alt=\"Cilindru de bra\u021b pentru excavatorul mic Jonyang JY615ELD\"><\/p>\n<h2>Etan\u0219are \u0219i lubrifiere<\/h2>\n<p>Cilindrul bra\u021bului utilizeaz\u0103 diverse componente de etan\u0219are, cum ar fi etan\u0219\u0103ri de piston, etan\u0219\u0103ri de tij\u0103 \u0219i inele de uzur\u0103, fabricate din materiale rezistente la uzur\u0103, cum ar fi poliuretanul \u0219i cauciucul nitrilic, pentru a asigura o performan\u021b\u0103 excelent\u0103 de etan\u0219are. Corpul cilindrului \u0219i suprafa\u021ba filetat\u0103 a cap\u0103tului sunt supuse unor prelucr\u0103ri fine pentru a \u00eembun\u0103t\u0103\u021bi rezisten\u021ba la uzur\u0103. Ad\u0103ugarea regulat\u0103 de ulei hidraulic poate asigura lubrifierea cilindrului bra\u021bului.<\/p>\n<p><img decoding=\"async\" src=\"https:\/\/www.hydraulic-cylinders.net\/wp-content\/uploads\/2025\/01\/songte-chushion-collar.webp\" alt=\"Cilindru de bra\u021b pentru excavatorul mic Jonyang JY615ELD\"><\/p>\n<h2>\u00centre\u021binere \u0219i depanare<\/h2>\n<p>Inspec\u021bia regulat\u0103 \u0219i \u00eentre\u021binerea preventiv\u0103 pot ajuta la minimizarea problemelor poten\u021biale \u0219i la prelungirea duratei de via\u021b\u0103 a cilindrului bra\u021bului. C\u00e2teva probleme comune \u0219i metode de depanare sunt urm\u0103toarele:<\/p>\n<ul>\n<li>\n<h3>Scurgere<\/h3>\n<p>Cauza scurgerii poate fi deteriorarea componentelor de etan\u0219are. Este necesar s\u0103 \u00eenlocui\u021bi la timp piesele deteriorate sau s\u0103 regla\u021bi piuli\u021ba chiulasei pentru a v\u0103 asigura c\u0103 componentele de etan\u0219are sunt \u00een contact bun cu corpul cilindrului.<\/p>\n<\/li>\n<li>\n<h3>Zgomot anormal<\/h3>\n<p>Cauza zgomotului anormal poate fi lubrifierea insuficient\u0103 sau deteriorarea pistonului sau a tijei. Este necesar s\u0103 ad\u0103uga\u021bi ulei de ungere la timp sau s\u0103 \u00eenlocui\u021bi piesele deteriorate.<\/p>\n<\/li>\n<li>\n<h3>Mi\u0219care slab\u0103<\/h3>\n<p>Cauza mi\u0219c\u0103rii deficitare poate fi presiunea insuficient\u0103 sau deteriorarea sistemului hidraulic. Este necesar s\u0103 regla\u021bi presiunea sau s\u0103 repara\u021bi sistemul hidraulic la timp pentru a asigura func\u021bionarea normal\u0103.<\/p>\n<\/li>\n<\/ul>\n<p>M\u0103surile preventive includ inspec\u021bia \u0219i \u00eentre\u021binerea regulat\u0103, \u00eenlocuirea la timp a pieselor deteriorate, precum \u0219i utilizarea \u0219i depozitarea corespunz\u0103toare.<\/p>\n<h2>Ghid de instalare<\/h2>\n<p>\u00cenainte de instalare, verifica\u021bi dimensiunile de instalare \u0219i selecta\u021bi metoda de instalare corespunz\u0103toare. \u00cen timpul instal\u0103rii, asigura\u021bi-v\u0103 c\u0103 cilindrul bra\u021bului este instalat corect \u0219i c\u0103 componentele de etan\u0219are sunt \u00een contact bun cu corpul cilindrului. Dup\u0103 instalare, efectua\u021bi un test de presiune pentru a verifica dac\u0103 exist\u0103 scurgeri sau alte probleme. Consulta\u021bi manualul de instalare pentru instruc\u021biuni de instalare mai detaliate.<\/p>\n<p><img decoding=\"async\" src=\"https:\/\/www.hydraulic-cylinders.net\/wp-content\/uploads\/2025\/01\/songte-bushings-with-all-kinds-of-excavator-models.webp\" alt=\"Cilindru de bra\u021b pentru excavatorul mic Jonyang JY615ELD\"><\/p>\n<h2>Despre noi<\/h2>\n<p>Suntem un produc\u0103tor profesionist de cilindri hidraulici alternativi, cu o gam\u0103 larg\u0103 de produse, \u0219i am devenit unul dintre principalii produc\u0103tori \u0219i distribuitori angro de cilindri hidraulici pe pie\u021bele interne \u0219i interna\u021bionale. Respect\u0103m \u00eentotdeauna principiul excelen\u021bei \u00een calitate, ne baz\u0103m pe strategia de management al produc\u021biei industriale a atelierelor de produc\u021bie fin\u0103 \u0219i ne \u00eembun\u0103t\u0103\u021bim continuu nivelul tehnic \u0219i eficien\u021ba produc\u021biei. Prin introducerea de echipamente digitale de produc\u021bie de ultim\u0103 genera\u021bie \u0219i sisteme profesionale de testare, optimiz\u0103m continuu platforma de produc\u021bie, \u00eembun\u0103t\u0103\u021bim procesul de control al calit\u0103\u021bii produselor \u0219i avem capacit\u0103\u021bi puternice de inovare. Scopul nostru este de a satisface nevoile diverse ale clien\u021bilor cu eficien\u021b\u0103 ridicat\u0103, precizie \u0219i principii de \u00eenalt\u0103 calitate.<\/p>\n<p><img decoding=\"async\" src=\"https:\/\/www.hydraulic-cylinders.net\/wp-content\/uploads\/2025\/01\/songte-company-4.webp\" alt=\"Despre noi\"><\/p>\n<h3>Avantajele noastre<\/h3>\n<ul>\n<li>\n<p>Profesionalism: Avem o echip\u0103 de profesioni\u0219ti \u0219i echipamente de produc\u021bie avansate pentru a oferi clien\u021bilor cilindri hidraulici de \u00eenalt\u0103 calitate.<\/p>\n<\/li>\n<li>\n<p>Certificare interna\u021bional\u0103: Produsele noastre au ob\u021binut certificarea sistemului de management al calit\u0103\u021bii ISO9001: 2015 \u0219i certificarea CE, asigur\u00e2nd calitatea \u0219i siguran\u021ba produselor.<\/p>\n<\/li>\n<li>\n<p>Serviciu de personalizare: Putem personaliza cilindrii hidraulici \u00een func\u021bie de cerin\u021bele clientului pentru a satisface diferite nevoi ale aplica\u021biilor.<\/p>\n<\/li>\n<li>\n<p>Echipamente de produc\u021bie: Dispunem de echipamente de produc\u021bie avansate, inclusiv centre de prelucrare CNC, strunguri CNC \u0219i alte echipamente de prelucrare de precizie pentru a asigura calitatea produselor \u0219i eficien\u021ba produc\u021biei.<\/p>\n<\/li>\n<li>\n<p>Serviciu post-v\u00e2nzare: Echipa noastr\u0103 profesionist\u0103 de servicii post-v\u00e2nzare ofer\u0103 clien\u021bilor servicii post-v\u00e2nzare prompte \u0219i eficiente, asigur\u00e2nd satisfac\u021bia clien\u021bilor.<\/p>\n<\/li>\n<\/ul>\n<p><img decoding=\"async\" src=\"https:\/\/www.hydraulic-cylinders.net\/wp-content\/uploads\/2025\/01\/songte-company-3.webp\" alt=\"Despre noi\"><\/p>\n<p>Autor: lyl<\/p>","protected":false},"excerpt":{"rendered":"<p>Introduction Arm Cylinder for Jonyang Small Excavator JY615ELD The arm cylinder is a specially designed hydraulic cylinder that provides linear movement and power to the arms of various types of machinery, such as excavators, cranes, and mechanical arms. The arm cylinder plays a critical role in the hydraulic system, enabling attachments or accessories to move [&hellip;]<\/p>","protected":false},"featured_media":14770,"comment_status":"open","ping_status":"closed","template":"","meta":{"_et_pb_use_builder":"","_et_pb_old_content":"","_et_gb_content_width":""},"product_brand":[],"product_cat":[1497],"product_tag":[1498,1496],"class_list":{"0":"post-16592","1":"product","2":"type-product","3":"status-publish","4":"has-post-thumbnail","6":"product_cat-arm-cylinders","7":"product_tag-arm-cylinders","8":"product_tag-hydraulic-cylinders","10":"first","11":"instock","12":"shipping-taxable","13":"product-type-simple"},"amp_enabled":true,"_links":{"self":[{"href":"https:\/\/www.hydraulic-cylinders.net\/ro\/wp-json\/wp\/v2\/product\/16592","targetHints":{"allow":["GET"]}}],"collection":[{"href":"https:\/\/www.hydraulic-cylinders.net\/ro\/wp-json\/wp\/v2\/product"}],"about":[{"href":"https:\/\/www.hydraulic-cylinders.net\/ro\/wp-json\/wp\/v2\/types\/product"}],"replies":[{"embeddable":true,"href":"https:\/\/www.hydraulic-cylinders.net\/ro\/wp-json\/wp\/v2\/comments?post=16592"}],"wp:featuredmedia":[{"embeddable":true,"href":"https:\/\/www.hydraulic-cylinders.net\/ro\/wp-json\/wp\/v2\/media\/14770"}],"wp:attachment":[{"href":"https:\/\/www.hydraulic-cylinders.net\/ro\/wp-json\/wp\/v2\/media?parent=16592"}],"wp:term":[{"taxonomy":"product_brand","embeddable":true,"href":"https:\/\/www.hydraulic-cylinders.net\/ro\/wp-json\/wp\/v2\/product_brand?post=16592"},{"taxonomy":"product_cat","embeddable":true,"href":"https:\/\/www.hydraulic-cylinders.net\/ro\/wp-json\/wp\/v2\/product_cat?post=16592"},{"taxonomy":"product_tag","embeddable":true,"href":"https:\/\/www.hydraulic-cylinders.net\/ro\/wp-json\/wp\/v2\/product_tag?post=16592"}],"curies":[{"name":"wp","href":"https:\/\/api.w.org\/{rel}","templated":true}]}}