{"id":16601,"date":"2025-01-21T05:37:04","date_gmt":"2025-01-21T05:37:04","guid":{"rendered":"https:\/\/www.hydraulic-cylinders.net\/product\/arm-cylinder-for-jcm-middle-excavator-922d\/"},"modified":"2025-01-21T05:37:06","modified_gmt":"2025-01-21T05:37:06","slug":"arm-cylinder-for-jcm-middle-excavator-922d","status":"publish","type":"product","link":"https:\/\/www.hydraulic-cylinders.net\/ro\/produs\/arm-cylinder-for-jcm-middle-excavator-922d\/","title":{"rendered":"Cilindru bra\u021b pentru excavatorul JCM Middle 922D"},"content":{"rendered":"<h1>Cilindru bra\u021b pentru excavatorul JCM Middle 922D<\/h1>\n<h2>Introducere<\/h2>\n<h3>Defini\u0163ie<\/h3>\n<p>Cilindrul de bra\u021b este un cilindru hidraulic specializat, utilizat \u00een principal pentru a asigura mi\u0219carea liniar\u0103 \u0219i puterea bra\u021belor diferitelor utilaje, cum ar fi excavatoarele, macaralele \u0219i bra\u021bele robotizate. Cilindrul de bra\u021b joac\u0103 un rol esen\u021bial \u00een sistemul hidraulic, permi\u021b\u00e2nd mi\u0219carea \u0219i controlul eficient al uneltelor sau ata\u0219amentelor suplimentare. Ace\u0219ti cilindri nu numai c\u0103 ofer\u0103 o mi\u0219care lin\u0103 \u0219i eficient\u0103, dar rezist\u0103 \u0219i la sarcini grele, asigur\u00e2nd func\u021bionarea eficient\u0103 \u0219i fiabilitatea utilajelor \u00een diverse condi\u021bii de func\u021bionare.<\/p>\n<p><img decoding=\"async\" src=\"https:\/\/www.hydraulic-cylinders.net\/wp-content\/uploads\/2025\/01\/songte-company-2.webp\" alt=\"Imaginea cilindrului bra\u021bului\"><\/p>\n<h2>Caracteristici<\/h2>\n<ul>\n<li>\n<h3>Transmisie eficient\u0103 a puterii<\/h3>\n<p>Cilindrul bra\u021bului ofer\u0103 o mi\u0219care liniar\u0103 puternic\u0103 \u0219i o for\u021b\u0103, asigur\u00e2nd performan\u021be ridicate ale bra\u021bului robotic \u00een diverse opera\u021biuni.<\/p>\n<\/li>\n<li>\n<h3>Control precis<\/h3>\n<p>Cilindrul bra\u021bului poate realiza un control precis al mi\u0219c\u0103rii prin intermediul sistemului hidraulic, ceea ce face ca operarea uneltelor suplimentare s\u0103 fie mai flexibil\u0103 \u0219i mai precis\u0103.<\/p>\n<\/li>\n<li>\n<h3>Durabilitate puternic\u0103<\/h3>\n<p>Cilindrul bra\u021bului este de obicei fabricat din materiale de \u00eenalt\u0103 rezisten\u021b\u0103 \u0219i are o bun\u0103 rezisten\u021b\u0103 la uzur\u0103 \u0219i coroziune, fiind potrivit pentru utilizare pe termen lung \u00een medii dure.<\/p>\n<\/li>\n<li>\n<h3>Adaptabilitate multifunc\u021bional\u0103<\/h3>\n<p>Ace\u0219ti cilindri pot fi utiliza\u021bi pe scar\u0103 larg\u0103 \u00een diverse echipamente, cum ar fi excavatoare, macarale \u0219i bra\u021be robotizate, adapt\u00e2ndu-se la diferite nevoi de lucru.<\/p>\n<\/li>\n<li>\n<h3>\u00centre\u021binere u\u0219oar\u0103<\/h3>\n<p>Designul are \u00een vedere u\u0219urin\u021ba \u00eentre\u021binerii \u0219i \u00eenlocuirii, ceea ce face ca inspec\u021biile \u0219i \u00eentre\u021binerea regulat\u0103 s\u0103 fie mai convenabile \u0219i reduce timpul de nefunc\u021bionare a echipamentelor.<\/p>\n<\/li>\n<\/ul>\n<p>Putem produce acest produs, iar produsul nostru poate \u00eenlocui perfect ace\u0219ti cilindri hidraulici.<\/p>\n<p><img decoding=\"async\" src=\"https:\/\/www.hydraulic-cylinders.net\/wp-content\/uploads\/2025\/01\/songte-oil-pipes-and-spare-parts.webp\" alt=\"Imagine piese de schimb cilindru hidraulic\"><\/p>\n<h2>Aplica\u021bii<\/h2>\n<ul>\n<li>\n<h3>Inginerie de construc\u021bii<\/h3>\n<p>Cilindrii de bra\u021b sunt utiliza\u021bi pentru a controla mi\u0219carea cupelor sau a bra\u021belor excavatoarelor \u0219i macaralelor, pentru efectuarea de lucr\u0103ri de terasament, manipularea materialelor \u0219i instalarea structural\u0103.<\/p>\n<\/li>\n<li>\n<h3>Industria prelucr\u0103toare<\/h3>\n<p>Cilindrii bra\u021bului sunt utiliza\u021bi \u00een mi\u0219carea bra\u021belor robotizate \u00een liniile de produc\u021bie automatizate, efectu\u00e2nd procese de asamblare, sudare \u0219i manipulare, \u00eembun\u0103t\u0103\u021bind eficien\u021ba \u0219i precizia produc\u021biei.<\/p>\n<\/li>\n<li>\n<h3>Ma\u0219ini agricole<\/h3>\n<p>Cilindrii bra\u021bului controleaz\u0103 mi\u0219carea bra\u021belor de operare din utilajele agricole, cum ar fi combinele de recoltat \u0219i sem\u0103n\u0103toarele, efectu\u00e2nd sarcini precum sem\u0103natul, fertilizarea \u0219i recoltarea.<\/p>\n<\/li>\n<li>\n<h3>Minerit<\/h3>\n<p>Cilindrii bra\u021bului sunt utiliza\u021bi pentru a controla mi\u0219carea bra\u021bului echipamentelor miniere, efectu\u00e2nd sarcini de minerit \u0219i transport al minereului.<\/p>\n<\/li>\n<li>\n<h3>Logistic\u0103 \u0219i transporturi<\/h3>\n<p>Cilindrii de bra\u021b sunt utiliza\u021bi pentru a controla ridicarea \u0219i mi\u0219carea furcilor \u00een stivuitoare \u0219i robo\u021bi de manipulare, realiz\u00e2nd manipularea \u0219i stivuirea materialelor.<\/p>\n<\/li>\n<\/ul>\n<h2>Considera\u021bii de proiectare \u0219i criterii de selec\u021bie<\/h2>\n<ul>\n<li>\n<h3>Capacitate portant\u0103<\/h3>\n<p>Cilindrul bra\u021bului trebuie s\u0103 aib\u0103 o capacitate portant\u0103 adecvat\u0103, care trebuie determinat\u0103 \u00een func\u021bie de cerin\u021bele echipamentului utilajului pe care este montat.<\/p>\n<\/li>\n<li>\n<h3>Sigilare<\/h3>\n<p>Alegerea elementelor de etan\u0219are pentru piston \u0219i tij\u0103 este esen\u021bial\u0103 pentru a asigura func\u021bionarea corect\u0103 \u0219i durata lung\u0103 de via\u021b\u0103 a cilindrului bra\u021bului. Materialele din poliuretan \u0219i cauciuc nitrilic sunt utilizate \u00een mod obi\u0219nuit datorit\u0103 rezisten\u021bei lor excelente la uzur\u0103 \u0219i performan\u021belor de etan\u0219are.<\/p>\n<\/li>\n<li>\n<h3>Durabilitate<\/h3>\n<p>Cilindrul bra\u021bului trebuie s\u0103 fie fabricat din materiale de \u00eenalt\u0103 rezisten\u021b\u0103, cu o bun\u0103 rezisten\u021b\u0103 la uzur\u0103 \u0219i coroziune, pentru a asigura utilizarea pe termen lung \u00een medii dure.<\/p>\n<\/li>\n<li>\n<h3>Siguran\u0163\u0103<\/h3>\n<p>Cilindrul bra\u021bului trebuie proiectat pentru a preveni accidentele, cum ar fi dispozitivele de protec\u021bie la suprasarcin\u0103 \u0219i supapele de siguran\u021b\u0103.<\/p>\n<\/li>\n<li>\n<h3>Mentenabilitate<\/h3>\n<p>Proiectarea cilindrului bra\u021bului ar trebui s\u0103 ia \u00een considerare \u00eentre\u021binerea \u0219i \u00eenlocuirea u\u0219oar\u0103 pentru a reduce timpul de nefunc\u021bionare a echipamentului. Utilizarea pieselor de schimb de calitate poate, de asemenea, prelungi durata de via\u021b\u0103 a cilindrului.<\/p>\n<\/li>\n<\/ul>\n<p><img decoding=\"async\" src=\"https:\/\/www.hydraulic-cylinders.net\/wp-content\/uploads\/2025\/01\/songte-cylinder-head-with-all-kinds-excavator-models.webp\" alt=\"Imaginea chiulasei\"><\/p>\n<h2>Etan\u0219are \u0219i lubrifiere<\/h2>\n<p>Cilindrul bra\u021bului utilizeaz\u0103 diverse elemente de etan\u0219are, cum ar fi inele de etan\u0219are a pistonului \u0219i inele de etan\u0219are a tijei, care sunt fabricate din materiale rezistente la uzur\u0103, cum ar fi poliuretanul \u0219i cauciucul nitrilic. Corpul cilindrului \u0219i suprafa\u021ba filetat\u0103 a cap\u0103tului sunt tratate cu precizie pentru a \u00eembun\u0103t\u0103\u021bi rezisten\u021ba la uzur\u0103. Ad\u0103ugarea regulat\u0103 de ulei hidraulic adecvat pentru lubrifiere poate asigura mi\u0219carea lin\u0103 a cilindrului \u0219i poate prelungi durata sa de via\u021b\u0103.<\/p>\n<p><img decoding=\"async\" src=\"https:\/\/www.hydraulic-cylinders.net\/wp-content\/uploads\/2025\/01\/songte-chushion-collar.webp\" alt=\"Imaginea gulerului cilindric\"><\/p>\n<h2>Inspec\u021bie \u0219i \u00eentre\u021binere<\/h2>\n<ul>\n<li>\n<h3>Inspec\u021bie regulat\u0103<\/h3>\n<p>Cilindrul bra\u021bului trebuie inspectat periodic pentru a asigura func\u021bionarea corect\u0103 \u0219i a detecta la timp orice defecte sau uzur\u0103, ceea ce poate evita accidentele \u0219i reduce costurile de \u00eentre\u021binere.<\/p>\n<\/li>\n<li>\n<h3>\u00centre\u021binere preventiv\u0103<\/h3>\n<p>\u00centre\u021binerea preventiv\u0103 trebuie efectuat\u0103 periodic pentru a \u00eenlocui la timp piesele uzate sau deteriorate \u0219i pentru a asigura performan\u021ba optim\u0103 \u0219i durata de via\u021b\u0103 a cilindrului bra\u021bului.<\/p>\n<\/li>\n<\/ul>\n<h2>Ghid de instalare<\/h2>\n<p>\u00cenainte de instalare, verifica\u021bi compatibilitatea cilindrului bra\u021bului cu echipamentul utilajului \u0219i pozi\u021bia corect\u0103 de instalare. \u00cendep\u0103rta\u021bi capacul de protec\u021bie \u0219i aplica\u021bi o cantitate adecvat\u0103 de ulei lubrifiant pe tija pistonului \u0219i corpul cilindrului. Instala\u021bi cilindrul \u0219i conecta\u021bi-l la sistemul hidraulic. Testa\u021bi \u00eencet cilindrul bra\u021bului pentru a v\u0103 asigura c\u0103 func\u021bioneaz\u0103 corect.<\/p>\n<p><img decoding=\"async\" src=\"https:\/\/www.hydraulic-cylinders.net\/wp-content\/uploads\/2025\/01\/songte-bushings-with-all-kinds-of-excavator-models.webp\" alt=\"Imaginea buc\u0219ei cilindrului\"><\/p>\n<h2>Considera\u021bii de siguran\u021b\u0103 \u0219i factori de mediu<\/h2>\n<p>La utilizarea cilindrului bra\u021bului, trebuie luate m\u0103suri de siguran\u021b\u0103 pentru a preveni accidentele. Se pot instala dispozitive de protec\u021bie la suprasarcin\u0103 \u0219i supape de siguran\u021b\u0103 pentru a asigura o func\u021bionare sigur\u0103 \u0219i fiabil\u0103. Factorii de mediu, cum ar fi temperatura \u0219i umiditatea, trebuie, de asemenea, lua\u021bi \u00een considerare la selectarea cilindrului bra\u021bului pentru a asigura performan\u021be optime \u0219i longevitate.<\/p>\n<h2>Defec\u021biuni frecvente \u0219i depanare<\/h2>\n<ul>\n<li>\n<h3>Scurgerea cilindrului<\/h3>\n<p>Aceasta este o defec\u021biune frecvent\u0103 cauzat\u0103 de deteriorarea elementelor de etan\u0219are. \u00cenlocui\u021bi garniturile deteriorate la timp pentru a evita scurgeri ulterioare.<\/p>\n<\/li>\n<li>\n<h3>\u00cendoirea cilindrilor<\/h3>\n<p>Aceast\u0103 defec\u021biune este de obicei cauzat\u0103 de o sarcin\u0103 excesiv\u0103 sau de o coliziune. Verifica\u021bi sarcina \u0219i condi\u021biile de func\u021bionare \u0219i \u00eenlocui\u021bi cilindrul deteriorat la timp.<\/p>\n<\/li>\n<li>\n<h3>Zgomot cilindru<\/h3>\n<p>Aceast\u0103 defec\u021biune este de obicei cauzat\u0103 de aerul din sistemul hidraulic sau de lubrifierea insuficient\u0103. Verifica\u021bi sistemul hidraulic \u0219i ad\u0103uga\u021bi ulei de lubrifiere pentru a elimina zgomotul.<\/p>\n<\/li>\n<\/ul>\n<p>Pentru a diagnostica \u0219i rezolva eficient aceste probleme, consulta\u021bi instruc\u021biunile produc\u0103torului sau consulta\u021bi un tehnician profesionist.<\/p>\n<p><img decoding=\"async\" src=\"https:\/\/www.hydraulic-cylinders.net\/wp-content\/uploads\/2025\/01\/songte-company-4.webp\" alt=\"Imaginea companiei\"><br \/>\n<img decoding=\"async\" src=\"https:\/\/www.hydraulic-cylinders.net\/wp-content\/uploads\/2025\/01\/songte-company-3.webp\" alt=\"Imaginea companiei\"><\/p>\n<h2>Despre noi<\/h2>\n<p>Suntem un produc\u0103tor profesionist de cilindri hidraulici de schimb, cu o gam\u0103 bogat\u0103 de produse \u0219i am devenit unul dintre principalii produc\u0103tori \u0219i distribuitori angro de cilindri hidraulici pe pie\u021bele interne \u0219i interna\u021bionale. Ader\u0103m \u00eentotdeauna la principiul calit\u0103\u021bii excelente, baz\u00e2ndu-ne pe strategia industrializat\u0103 de management al produc\u021biei din atelierul de rafinare, \u00eembun\u0103t\u0103\u021bind constant nivelul nostru tehnic \u0219i eficien\u021ba produc\u021biei. Prin introducerea de echipamente digitale de fabrica\u021bie de ultim\u0103 genera\u021bie \u0219i sisteme profesionale de testare, optimiz\u0103m platforma de fabrica\u021bie \u0219i \u00eembun\u0103t\u0103\u021bim procesul de control al calit\u0103\u021bii produselor, posed\u00e2nd capacit\u0103\u021bi puternice de inovare. Scopul nostru este de a satisface nevoile diverse ale clien\u021bilor cu eficien\u021b\u0103 ridicat\u0103, precizie \u0219i calitate \u00eenalt\u0103.<\/p>\n<ul>\n<li>\n<h3>Profesionalism<\/h3>\n<p>Avem personal tehnic profesionist \u0219i echipamente de produc\u021bie avansate pentru a asigura calitatea \u0219i performan\u021ba produselor noastre.<\/p>\n<\/li>\n<li>\n<h3>Certificare interna\u021bional\u0103<\/h3>\n<p>Produsele noastre au trecut certific\u0103ri interna\u021bionale precum ISO9001, CE \u0219i SGS, ceea ce le garanteaz\u0103 calitatea \u0219i fiabilitatea.<\/p>\n<\/li>\n<li>\n<h3>Serviciu personalizat<\/h3>\n<p>Oferim servicii personalizate pentru a satisface nevoile diverse ale clien\u021bilor no\u0219tri.<\/p>\n<\/li>\n<li>\n<h3>Echipamente de produc\u021bie<\/h3>\n<p>Folosim echipamente digitale avansate de fabrica\u021bie pentru a asigura acurate\u021bea \u0219i eficien\u021ba produselor noastre.<\/p>\n<\/li>\n<li>\n<h3>Serviciu post-v\u00e2nzare<\/h3>\n<p>Oferim servicii complete post-v\u00e2nzare, inclusiv asisten\u021b\u0103 tehnic\u0103, furnizare de piese de schimb \u0219i \u00eentre\u021binere.<\/p>\n<\/li>\n<\/ul>\n<p>Autor: lyl<\/p>","protected":false},"excerpt":{"rendered":"<p>Arm Cylinder For JCM Middle Excavator 922D Introduction Definition Arm cylinder is a specialized hydraulic cylinder that is mainly used to provide linear motion and power for the arms of various machinery such as excavators, cranes, and robotic arms. The arm cylinder plays a critical role in the hydraulic system, enabling the effective movement and [&hellip;]<\/p>","protected":false},"featured_media":14772,"comment_status":"open","ping_status":"closed","template":"","meta":{"_et_pb_use_builder":"","_et_pb_old_content":"","_et_gb_content_width":""},"product_brand":[],"product_cat":[1497],"product_tag":[1498,1496],"class_list":{"0":"post-16601","1":"product","2":"type-product","3":"status-publish","4":"has-post-thumbnail","6":"product_cat-arm-cylinders","7":"product_tag-arm-cylinders","8":"product_tag-hydraulic-cylinders","10":"first","11":"instock","12":"shipping-taxable","13":"product-type-simple"},"amp_enabled":true,"_links":{"self":[{"href":"https:\/\/www.hydraulic-cylinders.net\/ro\/wp-json\/wp\/v2\/product\/16601","targetHints":{"allow":["GET"]}}],"collection":[{"href":"https:\/\/www.hydraulic-cylinders.net\/ro\/wp-json\/wp\/v2\/product"}],"about":[{"href":"https:\/\/www.hydraulic-cylinders.net\/ro\/wp-json\/wp\/v2\/types\/product"}],"replies":[{"embeddable":true,"href":"https:\/\/www.hydraulic-cylinders.net\/ro\/wp-json\/wp\/v2\/comments?post=16601"}],"wp:featuredmedia":[{"embeddable":true,"href":"https:\/\/www.hydraulic-cylinders.net\/ro\/wp-json\/wp\/v2\/media\/14772"}],"wp:attachment":[{"href":"https:\/\/www.hydraulic-cylinders.net\/ro\/wp-json\/wp\/v2\/media?parent=16601"}],"wp:term":[{"taxonomy":"product_brand","embeddable":true,"href":"https:\/\/www.hydraulic-cylinders.net\/ro\/wp-json\/wp\/v2\/product_brand?post=16601"},{"taxonomy":"product_cat","embeddable":true,"href":"https:\/\/www.hydraulic-cylinders.net\/ro\/wp-json\/wp\/v2\/product_cat?post=16601"},{"taxonomy":"product_tag","embeddable":true,"href":"https:\/\/www.hydraulic-cylinders.net\/ro\/wp-json\/wp\/v2\/product_tag?post=16601"}],"curies":[{"name":"wp","href":"https:\/\/api.w.org\/{rel}","templated":true}]}}