{"id":16609,"date":"2025-01-21T05:37:39","date_gmt":"2025-01-21T05:37:39","guid":{"rendered":"https:\/\/www.hydraulic-cylinders.net\/product\/arm-cylinder-for-ihi-small-excavator-ihi20vxt\/"},"modified":"2025-01-21T05:37:41","modified_gmt":"2025-01-21T05:37:41","slug":"arm-cylinder-for-ihi-small-excavator-ihi20vxt","status":"publish","type":"product","link":"https:\/\/www.hydraulic-cylinders.net\/ro\/produs\/arm-cylinder-for-ihi-small-excavator-ihi20vxt\/","title":{"rendered":"Cilindru de bra\u021b pentru excavatorul mic IHI IHI20VXT"},"content":{"rendered":"<p><!DOCTYPE html><br \/>\n<html><br \/>\n<head><br \/>\n<title>Cilindru de bra\u021b pentru excavatorul mic IHI IHI20VXT<\/title><br \/>\n<\/head><br \/>\n<body><\/p>\n<h1>Cilindru de bra\u021b pentru excavatorul mic IHI IHI20VXT<\/h1>\n<h2>Defini\u021bie \u0219i explica\u021bie<\/h2>\n<p>Cilindrul de bra\u021b este un cilindru hidraulic specializat, conceput pentru a oferi mi\u0219care liniar\u0103 \u0219i putere bra\u021bului diferitelor utilaje, cum ar fi excavatoare, macarale \u0219i bra\u021be robotizate. Acesta joac\u0103 un rol crucial \u00een sistemele hidraulice, permi\u021b\u00e2nd mi\u0219carea \u0219i controlul eficient al ata\u0219amentelor sau accesoriilor. Ace\u0219ti cilindri nu numai c\u0103 ofer\u0103 o mi\u0219care lin\u0103, dar rezist\u0103 \u0219i la sarcini grele, asigur\u00e2nd func\u021bionarea eficient\u0103 \u0219i fiabilitatea utilajelor \u00een diverse condi\u021bii de lucru.<\/p>\n<p><img decoding=\"async\" src=\"https:\/\/www.hydraulic-cylinders.net\/wp-content\/uploads\/2025\/01\/songte-company-2.webp\" alt=\"Imaginea cilindrului bra\u021bului\"><\/p>\n<h2>Caracteristici ale cilindrului de bra\u021b pentru excavatorul mic IHI IHI20VXT<\/h2>\n<ul>\n<li><strong>Transmisie de \u00eenalt\u0103 eficien\u021b\u0103:<\/strong> Cilindrul bra\u021bului ofer\u0103 o mi\u0219care liniar\u0103 puternic\u0103 \u0219i o for\u021b\u0103 puternic\u0103, asigur\u00e2nd performan\u021be ridicate ale bra\u021bului excavatorului \u00een diverse opera\u021biuni.<\/li>\n<li><strong>Control precis:<\/strong> Prin intermediul sistemului hidraulic, cilindrul bra\u021bului permite un control precis al mi\u0219c\u0103rii, f\u0103c\u00e2nd operarea ata\u0219amentelor mai flexibil\u0103 \u0219i precis\u0103.<\/li>\n<li><strong>Durabilitate:<\/strong> Cilindrii bra\u021bului sunt de obicei fabrica\u021bi din materiale de \u00eenalt\u0103 rezisten\u021b\u0103, oferind o rezisten\u021b\u0103 excelent\u0103 la uzur\u0103 \u0219i coroziune, ceea ce \u00eei face potrivi\u021bi pentru utilizarea pe termen lung \u00een medii dure.<\/li>\n<li><strong>Adaptabilitate multifunc\u021bional\u0103:<\/strong> Ace\u0219ti cilindri pot fi aplica\u021bi pe scar\u0103 larg\u0103 la diverse utilaje, cum ar fi excavatoare, macarale \u0219i bra\u021be robotizate, adapt\u00e2ndu-se la diferite cerin\u021be de lucru.<\/li>\n<li><strong>U\u0219urin\u021b\u0103 \u00een \u00eentre\u021binere:<\/strong> Designul ia \u00een considerare u\u0219urin\u021ba \u00eentre\u021binerii \u0219i \u00eenlocuirii, f\u0103c\u00e2nd inspec\u021biile \u0219i \u00eentre\u021binerea regulat\u0103 mai convenabile \u0219i reduc\u00e2nd timpul de nefunc\u021bionare a echipamentelor.<\/li>\n<\/ul>\n<p><img decoding=\"async\" src=\"https:\/\/www.hydraulic-cylinders.net\/wp-content\/uploads\/2025\/01\/songte-oil-pipes-and-spare-parts.webp\" alt=\"Imagine piese de schimb cilindru bra\u021b\"><\/p>\n<h2>Aplica\u021bii ale cilindrului de bra\u021b pentru excavatorul mic IHI IHI20VXT<\/h2>\n<p>Cilindrul cu bra\u021b \u00ee\u0219i g\u0103se\u0219te aplica\u021bii \u00een diverse industrii \u0219i sectoare:<\/p>\n<h3>1. Inginerie de construc\u021bii<\/h3>\n<p>La excavatoare \u0219i macarale, cilindrul bra\u021bului controleaz\u0103 mi\u0219carea cupei sau a bra\u021bului pentru lucr\u0103ri de terasament, manipularea materialelor \u0219i instalarea structural\u0103.<\/p>\n<h3>2. Industria prelucr\u0103toare<\/h3>\n<p>\u00cen liniile de produc\u021bie automatizate, cilindrul bra\u021bului este utilizat pentru mi\u0219carea bra\u021belor robotizate, facilit\u00e2nd procese precum asamblarea, sudarea \u0219i manipularea materialelor, sporind astfel eficien\u021ba \u0219i precizia produc\u021biei.<\/p>\n<h3>3. Ma\u0219ini agricole<\/h3>\n<p>\u00cen utilajele agricole, cum ar fi combinele de recoltat \u0219i sem\u0103n\u0103toarele, cilindrul bra\u021bului controleaz\u0103 mi\u0219carea bra\u021belor de operare, efectu\u00e2nd sarcini precum sem\u0103natul, fertilizarea \u0219i recoltarea.<\/p>\n<h3>4. Minerit<\/h3>\n<p>\u00cen echipamentele miniere, cilindrul bra\u021bului este utilizat pentru a controla mi\u0219carea bra\u021bului utilajelor miniere pentru extrac\u021bia \u0219i transportul minereului.<\/p>\n<h3>5. Logistic\u0103 \u0219i transport<\/h3>\n<p>\u00cen cazul stivuitoarelor \u0219i robo\u021bilor de manipulare, cilindrul bra\u021bului este utilizat pentru a controla ridicarea \u0219i mi\u0219carea furcilor, permi\u021b\u00e2nd manipularea \u0219i stivuirea materialelor.<\/p>\n<p><img decoding=\"async\" src=\"https:\/\/www.hydraulic-cylinders.net\/wp-content\/uploads\/2025\/01\/songte-chushion-collar.webp\" alt=\"Imaginea aplica\u021biei cilindrului bra\u021bului\"><\/p>\n<h2>Considera\u021bii de proiectare \u0219i criterii de selec\u021bie<\/h2>\n<ul>\n<li><strong>Capacitate portant\u0103:<\/strong> Cilindrul bra\u021bului trebuie proiectat s\u0103 reziste la sarcina necesar\u0103 \u0219i s\u0103 ofere o for\u021b\u0103 suficient\u0103 pentru aplica\u021bia prev\u0103zut\u0103.<\/li>\n<li><strong>Etan\u0219are:<\/strong> Trebuie utilizate diverse elemente de etan\u0219are, cum ar fi etan\u0219\u0103rile pistonului \u0219i etan\u0219\u0103rile tijei, \u0219i trebuie alese materiale precum poliuretanul \u0219i cauciucul nitrilic, cunoscute pentru rezisten\u021ba lor la uzur\u0103. Corpul cilindrului \u0219i suprafe\u021bele filetate ale cap\u0103tului trebuie s\u0103 fie supuse unor prelucr\u0103ri fine pentru a \u00eembun\u0103t\u0103\u021bi rezisten\u021ba la uzur\u0103. Lubrifierea regulat\u0103 cu o cantitate adecvat\u0103 de ulei hidraulic este necesar\u0103 pentru o func\u021bionare f\u0103r\u0103 probleme.<\/li>\n<li><strong>Durabilitate:<\/strong> Cilindrul bra\u021bului trebuie s\u0103 fie durabil \u0219i rezistent la uzur\u0103 \u0219i coroziune, asigur\u00e2nd o durat\u0103 lung\u0103 de via\u021b\u0103 chiar \u0219i \u00een condi\u021bii dure de func\u021bionare.<\/li>\n<li><strong>Siguran\u0163\u0103:<\/strong> Dispozitive de siguran\u021b\u0103, cum ar fi supapele de suprapresiune \u0219i \u00eencuietorile de siguran\u021b\u0103, ar trebui \u00eencorporate pentru a preveni accidentele \u0219i a asigura siguran\u021ba operatorilor \u0219i a personalului din jur.<\/li>\n<li><strong>Mentenabilitate:<\/strong> Designul ar trebui s\u0103 faciliteze \u00eentre\u021binerea \u0219i \u00eenlocuirea u\u0219oar\u0103 a componentelor, reduc\u00e2nd timpii de nefunc\u021bionare \u0219i sporind eficien\u021ba opera\u021bional\u0103 general\u0103.<\/li>\n<\/ul>\n<p><img decoding=\"async\" src=\"https:\/\/www.hydraulic-cylinders.net\/wp-content\/uploads\/2025\/01\/songte-cylinder-head-with-all-kinds-excavator-models.webp\" alt=\"Imagine de design a cilindrului bra\u021bului\"><\/p>\n<h2>Inspec\u021bie regulat\u0103 \u0219i m\u0103suri de \u00eentre\u021binere preventiv\u0103<\/h2>\n<p>Pentru a asigura performan\u021ba optim\u0103 \u0219i longevitatea cilindrului bra\u021bului, inspec\u021biile regulate \u0219i m\u0103surile de \u00eentre\u021binere preventiv\u0103 sunt esen\u021biale:<\/p>\n<ul>\n<li>Inspecta\u021bi cilindrul pentru a depista orice semne de scurgeri, deterior\u0103ri sau uzur\u0103.<\/li>\n<li>Verifica\u021bi garniturile \u0219i \u00eenlocui\u021bi-le dac\u0103 este necesar.<\/li>\n<li>Cur\u0103\u021ba\u021bi \u0219i lubrifia\u021bi componentele cilindrului \u00een mod regulat folosind uleiul hidraulic recomandat.<\/li>\n<li>Inspecta\u021bi \u0219i \u00eentre\u021bine\u021bi sistemul hidraulic, inclusiv filtrele \u0219i supapele.<\/li>\n<li>Urma\u021bi instruc\u021biunile produc\u0103torului privind intervalele \u0219i procedurile de \u00eentre\u021binere.<\/li>\n<\/ul>\n<h2>Ghid de instalare a produsului<\/h2>\n<p>Instalarea corect\u0103 a cilindrului bra\u021bului este crucial\u0103 pentru performan\u021ba \u0219i siguran\u021ba acestuia. Urma\u021bi aceste instruc\u021biuni:<\/p>\n<ul>\n<li>Consulta\u021bi manualul echipamentului pentru instruc\u021biuni specifice privind demontarea cilindrului vechi \u0219i instalarea celui nou.<\/li>\n<li>Asigura\u021bi-v\u0103 c\u0103 toate conexiunile sunt str\u00e2nse bine.<\/li>\n<li>Confirma\u021bi alinierea cilindrului cu echipamentul.<\/li>\n<li>Verifica\u021bi dac\u0103 exist\u0103 interferen\u021be sau nealinieri care ar putea afecta func\u021bionarea cilindrului.<\/li>\n<li>Testa\u021bi func\u021bionalitatea cilindrului \u00eenainte de a-l pune \u00een func\u021biune complet\u0103.<\/li>\n<\/ul>\n<p><img decoding=\"async\" src=\"https:\/\/www.hydraulic-cylinders.net\/wp-content\/uploads\/2025\/01\/songte-bushings-with-all-kinds-of-excavator-models.webp\" alt=\"Imagine de instalare a cilindrului bra\u021bului\"><\/p>\n<h2>Considera\u021bii de siguran\u021b\u0103 \u0219i factori de mediu<\/h2>\n<p>Atunci c\u00e2nd se utilizeaz\u0103 cilindrul bra\u021bului, este important s\u0103 se acorde prioritate m\u0103surilor de siguran\u021b\u0103 pentru a preveni accidentele \u0219i a asigura un mediu de lucru sigur. Instruirea adecvat\u0103 \u0219i echipamentul de protec\u021bie sunt esen\u021biale pentru operatori. \u00cen plus, factorii de mediu precum temperatura \u0219i umiditatea trebuie lua\u021bi \u00een considerare pentru a asigura performan\u021ba optim\u0103 \u0219i longevitatea cilindrului.<\/p>\n<h2>Depanare \u0219i probleme frecvente<\/h2>\n<p>\u00cen ciuda durabilit\u0103\u021bii lor, cilindrii bra\u021bului pot \u00eent\u00e2mpina probleme \u00een timp. Iat\u0103 c\u00e2teva probleme frecvente \u0219i posibilele lor solu\u021bii:<\/p>\n<ul>\n<li><strong>Scurgere:<\/strong> Verifica\u021bi garniturile \u0219i \u00eenlocui\u021bi-le dac\u0103 sunt deteriorate sau uzate. Asigura\u021bi o lubrifiere corespunz\u0103toare \u0219i str\u00e2nge\u021bi orice conexiuni sl\u0103bite.<\/li>\n<li><strong>Mi\u0219care lent\u0103 sau inconsistent\u0103:<\/strong> Inspecta\u021bi sistemul hidraulic pentru a depista orice blocaje sau restric\u021bii. Verifica\u021bi presiunea \u0219i debitul pentru a v\u0103 asigura c\u0103 respect\u0103 specifica\u021biile.<\/li>\n<li><strong>Zgomot excesiv:<\/strong> Inspecta\u021bi cilindrul pentru a depista eventualele componente sl\u0103bite sau deterior\u0103ri. Lubrifia\u021bi piesele mobile \u0219i verifica\u021bi dac\u0103 exist\u0103 probleme de aliniere.<\/li>\n<li><strong>Supra\u00eenc\u0103lzire:<\/strong> Verifica\u021bi nivelul \u0219i calitatea fluidului hidraulic. Verifica\u021bi dac\u0103 sistemul de r\u0103cire func\u021bioneaz\u0103 corect. Consulta\u021bi manualul echipamentului pentru specifica\u021biile recomandate ale fluidului.<\/li>\n<li><strong>Mi\u0219care nea\u0219teptat\u0103 a cilindrului:<\/strong> Inspecta\u021bi supapele de control \u0219i verifica\u021bi dac\u0103 exist\u0103 defec\u021biuni sau reglaje necorespunz\u0103toare. Asigura\u021bi instalarea \u0219i alinierea corect\u0103.<\/li>\n<\/ul>\n<p><img decoding=\"async\" src=\"https:\/\/www.hydraulic-cylinders.net\/wp-content\/uploads\/2025\/01\/songte-chushion-collar.webp\" alt=\"Imagine de depanare a cilindrului bra\u021bului\"><\/p>\n<p>Nu uita s\u0103 organizezi articolul logic, s\u0103 folose\u0219ti subtitluri pentru o navigare u\u0219oar\u0103, s\u0103 incluzi imagini sau grafice relevante pentru o mai bun\u0103 \u00een\u021belegere \u0219i s\u0103 te asiguri c\u0103 respectivul con\u021binut este clar, concis \u0219i potrivit pentru cititorii cu diverse niveluri de cuno\u0219tin\u021be tehnice.<\/p>\n<p><em>Autor: lyl<\/em><\/p>\n<hr>\n<h2>Despre compania noastr\u0103<\/h2>\n<p>Suntem un produc\u0103tor profesionist de cilindri hidraulici de schimb, cu o gam\u0103 larg\u0103 de produse. Am devenit unul dintre principalii produc\u0103tori \u0219i angrosi\u0219ti \u200b\u200bde cilindri hidraulici, at\u00e2t pe pia\u021ba intern\u0103, c\u00e2t \u0219i pe cea interna\u021bional\u0103. Men\u021bin\u00e2nd principiul excelen\u021bei \u00een calitate, ne \u00eembun\u0103t\u0103\u021bim continuu capacit\u0103\u021bile tehnologice \u0219i eficien\u021ba produc\u021biei prin strategii industrializate de management al produc\u021biei \u00een atelierul nostru de produc\u021bie de ultim\u0103 genera\u021bie. Prin introducerea de echipamente digitale avansate de produc\u021bie \u0219i sisteme profesionale de testare, optimiz\u0103m platforma noastr\u0103 de produc\u021bie \u0219i ne perfec\u021bion\u0103m procesele de control al calit\u0103\u021bii produselor, asigur\u00e2nd capacit\u0103\u021bi puternice de inovare. Scopul nostru este de a satisface nevoile diverse ale clien\u021bilor, cu principii de eficien\u021b\u0103, precizie \u0219i \u00eenalt\u0103 calitate.<\/p>\n<p><img","protected":false},"excerpt":{"rendered":"<p>Arm Cylinder For IHI Small Excavator IHI20VXT Arm Cylinder For IHI Small Excavator IHI20VXT Definition and Explanation The arm cylinder is a specialized hydraulic cylinder designed to provide linear motion and power to the arm of various machinery, such as excavators, cranes, and robotic arms. It plays a crucial role in hydraulic systems, enabling the [&hellip;]<\/p>","protected":false},"featured_media":14777,"comment_status":"open","ping_status":"closed","template":"","meta":{"_et_pb_use_builder":"","_et_pb_old_content":"","_et_gb_content_width":""},"product_brand":[],"product_cat":[1497],"product_tag":[1498,1496],"class_list":{"0":"post-16609","1":"product","2":"type-product","3":"status-publish","4":"has-post-thumbnail","6":"product_cat-arm-cylinders","7":"product_tag-arm-cylinders","8":"product_tag-hydraulic-cylinders","10":"first","11":"instock","12":"shipping-taxable","13":"product-type-simple"},"amp_enabled":true,"_links":{"self":[{"href":"https:\/\/www.hydraulic-cylinders.net\/ro\/wp-json\/wp\/v2\/product\/16609","targetHints":{"allow":["GET"]}}],"collection":[{"href":"https:\/\/www.hydraulic-cylinders.net\/ro\/wp-json\/wp\/v2\/product"}],"about":[{"href":"https:\/\/www.hydraulic-cylinders.net\/ro\/wp-json\/wp\/v2\/types\/product"}],"replies":[{"embeddable":true,"href":"https:\/\/www.hydraulic-cylinders.net\/ro\/wp-json\/wp\/v2\/comments?post=16609"}],"wp:featuredmedia":[{"embeddable":true,"href":"https:\/\/www.hydraulic-cylinders.net\/ro\/wp-json\/wp\/v2\/media\/14777"}],"wp:attachment":[{"href":"https:\/\/www.hydraulic-cylinders.net\/ro\/wp-json\/wp\/v2\/media?parent=16609"}],"wp:term":[{"taxonomy":"product_brand","embeddable":true,"href":"https:\/\/www.hydraulic-cylinders.net\/ro\/wp-json\/wp\/v2\/product_brand?post=16609"},{"taxonomy":"product_cat","embeddable":true,"href":"https:\/\/www.hydraulic-cylinders.net\/ro\/wp-json\/wp\/v2\/product_cat?post=16609"},{"taxonomy":"product_tag","embeddable":true,"href":"https:\/\/www.hydraulic-cylinders.net\/ro\/wp-json\/wp\/v2\/product_tag?post=16609"}],"curies":[{"name":"wp","href":"https:\/\/api.w.org\/{rel}","templated":true}]}}