{"id":16612,"date":"2025-01-21T05:37:50","date_gmt":"2025-01-21T05:37:50","guid":{"rendered":"https:\/\/www.hydraulic-cylinders.net\/product\/arm-cylinder-for-ihi-small-excavator-ihi8ons\/"},"modified":"2025-01-21T05:37:52","modified_gmt":"2025-01-21T05:37:52","slug":"arm-cylinder-for-ihi-small-excavator-ihi8ons","status":"publish","type":"product","link":"https:\/\/www.hydraulic-cylinders.net\/ro\/produs\/arm-cylinder-for-ihi-small-excavator-ihi8ons\/","title":{"rendered":"Cilindru de bra\u021b pentru excavatorul mic IHI IHI8ONS"},"content":{"rendered":"<h1>Cilindru de bra\u021b pentru excavatorul mic IHI IHI8ONS<\/h1>\n<h2>Introducere<\/h2>\n<p>Cilindrul bra\u021bului este un cilindru hidraulic special conceput care ofer\u0103 mi\u0219care liniar\u0103 \u0219i putere bra\u021bului diferitelor utilaje, cum ar fi excavatoare, macarale \u0219i bra\u021be mecanice. Cilindrul bra\u021bului joac\u0103 un rol crucial \u00een sistemul hidraulic, permi\u021b\u00e2nd ata\u0219amentelor sau accesoriilor s\u0103 se mi\u0219te \u0219i s\u0103 se controleze eficient. Ace\u0219ti cilindri nu numai c\u0103 ofer\u0103 o mi\u0219care lin\u0103, dar rezist\u0103 \u0219i la sarcini grele, asigur\u00e2nd func\u021bionarea eficient\u0103 \u0219i fiabilitatea utilajelor \u00een diverse condi\u021bii de func\u021bionare.<\/p>\n<p><img decoding=\"async\" src=\"https:\/\/www.hydraulic-cylinders.net\/wp-content\/uploads\/2025\/01\/songte-company-2.webp\" alt=\"Imaginea cilindrului bra\u021bului\"><\/p>\n<h2>Caracteristicile cilindrului bra\u021bului<\/h2>\n<ul>\n<li>Transmisie de \u00eenalt\u0103 eficien\u021b\u0103: Cilindrul bra\u021bului ofer\u0103 o mi\u0219care liniar\u0103 \u0219i o for\u021b\u0103 puternice, asigur\u00e2nd performan\u021ba ridicat\u0103 a bra\u021belor mecanice \u00een diverse opera\u021biuni.<\/li>\n<li>Control de precizie: Prin intermediul sistemului hidraulic, cilindrul bra\u021bului poate realiza un control precis al mi\u0219c\u0103rii, ceea ce face ca func\u021bionarea ata\u0219amentelor s\u0103 fie mai flexibil\u0103 \u0219i mai precis\u0103.<\/li>\n<li>Durabilitate mare: Cilindrul bra\u021bului este de obicei fabricat din materiale de \u00eenalt\u0103 rezisten\u021b\u0103, care au o bun\u0103 rezisten\u021b\u0103 la uzur\u0103 \u0219i la coroziune, potrivite pentru utilizare pe termen lung \u00een medii dure.<\/li>\n<li>Adaptabilitate multifunc\u021bional\u0103: Ace\u0219ti cilindri pot fi utiliza\u021bi pe scar\u0103 larg\u0103 \u00een diverse echipamente mecanice, cum ar fi excavatoare, macarale \u0219i bra\u021be mecanice, adapt\u00e2ndu-se la diferite cerin\u021be de lucru.<\/li>\n<li>\u00centre\u021binere u\u0219oar\u0103: Proiectarea a avut \u00een vedere u\u0219urin\u021ba \u00eentre\u021binerii \u0219i \u00eenlocuirii, ceea ce face ca inspec\u021biile \u0219i \u00eentre\u021binerea regulat\u0103 s\u0103 fie mai convenabile \u0219i s\u0103 reduc\u0103 timpul de nefunc\u021bionare a echipamentelor.<\/li>\n<\/ul>\n<p>Putem produce acest produs perfect pentru a \u00eenlocui ace\u0219ti cilindri hidraulici.<\/p>\n<p><img decoding=\"async\" src=\"https:\/\/www.hydraulic-cylinders.net\/wp-content\/uploads\/2025\/01\/songte-oil-pipes-and-spare-parts.webp\" alt=\"Imagine cu conducte de petrol\"><\/p>\n<h2>Aplica\u021bii ale cilindrului bra\u021bului<\/h2>\n<p>Cilindrul cu bra\u021b are o gam\u0103 larg\u0103 de aplica\u021bii:<\/p>\n<h3>1. Inginerie de construc\u021bii<\/h3>\n<p>\u00cen excavatoare \u0219i macarale, cilindrul bra\u021bului este utilizat pentru a controla mi\u0219carea cupelor sau a bra\u021belor pentru lucr\u0103ri de terasament, manipularea materialelor \u0219i instalarea structural\u0103.<\/p>\n<h3>2. Fabrica\u021bie<\/h3>\n<p>\u00cen liniile de produc\u021bie automatizate, cilindrul bra\u021bului este utilizat pentru mi\u0219carea bra\u021belor mecanice, cum ar fi asamblarea, sudarea \u0219i manipularea, pentru a \u00eembun\u0103t\u0103\u021bi eficien\u021ba \u0219i precizia produc\u021biei.<\/p>\n<h3>3. Ma\u0219ini agricole<\/h3>\n<p>\u00cen utilajele agricole, cum ar fi combinele de recoltat \u0219i sem\u0103n\u0103toarele, cilindrul bra\u021bului controleaz\u0103 mi\u0219carea bra\u021bului de operare pentru a efectua sarcini precum sem\u0103natul, fertilizarea \u0219i recoltarea.<\/p>\n<h3>4. Minerit<\/h3>\n<p>\u00cen echipamentele miniere, cilindrul bra\u021bului este utilizat pentru a controla mi\u0219carea bra\u021bului echipamentelor miniere pentru mineritul \u0219i transportul minereului.<\/p>\n<h3>5. Logistic\u0103 \u0219i transport<\/h3>\n<p>\u00cen cazul stivuitoarelor \u0219i robo\u021bilor de manipulare, cilindrul bra\u021bului este utilizat pentru a controla ridicarea \u0219i mi\u0219carea furcilor, realiz\u00e2nd transportul \u0219i stivuirea materialelor.<\/p>\n<p><img decoding=\"async\" src=\"https:\/\/www.hydraulic-cylinders.net\/wp-content\/uploads\/2025\/01\/songte-chushion-collar.webp\" alt=\"Imagine cu guler Chushion\"><\/p>\n<h2>Considera\u021bii de proiectare \u0219i standarde de selec\u021bie<\/h2>\n<p>Cilindrul bra\u021bului trebuie s\u0103 aib\u0103 o capacitate portant\u0103 mare, o bun\u0103 performan\u021b\u0103 de etan\u0219are, durabilitate, siguran\u021b\u0103 \u0219i mentenabilitate. Iat\u0103 considera\u021biile de proiectare \u0219i standardele de selec\u021bie:<\/p>\n<h3>1. Capacitate portant\u0103<\/h3>\n<p>Cilindrul bra\u021bului trebuie s\u0103 aib\u0103 suficient\u0103 rezisten\u021b\u0103 \u0219i rigiditate pentru a suporta sarcina \u0219i for\u021ba aplicate \u00een timpul func\u021bion\u0103rii.<\/p>\n<h3>2. Performan\u021ba de etan\u0219are<\/h3>\n<p>Cilindrul bra\u021bului trebuie s\u0103 aib\u0103 o bun\u0103 performan\u021b\u0103 de etan\u0219are pentru a preveni scurgerile de ulei \u0219i a asigura func\u021bionarea normal\u0103 a sistemului hidraulic. Folosim o varietate de etan\u0219\u0103ri, cum ar fi etan\u0219\u0103ri de piston, etan\u0219\u0103ri de tij\u0103 \u0219i alte materiale rezistente la uzur\u0103, cum ar fi poliuretanul \u0219i cauciucul nitrilic.<\/p>\n<h3>3. Durabilitate<\/h3>\n<p>Cilindrul bra\u021bului trebuie s\u0103 fie fabricat din materiale de \u00eenalt\u0103 rezisten\u021b\u0103, cu o bun\u0103 rezisten\u021b\u0103 la uzur\u0103 \u0219i la coroziune, pentru a asigura utilizarea pe termen lung \u00een medii dure. Corpul cilindrului \u0219i suprafa\u021ba cap\u0103tului filetat sunt prelucrate fin pentru a \u00eembun\u0103t\u0103\u021bi rezisten\u021ba la uzur\u0103.<\/p>\n<h3>4. Siguran\u021b\u0103<\/h3>\n<p>Cilindrul bra\u021bului trebuie proiectat av\u00e2nd \u00een vedere siguran\u021ba pentru a preveni accidentele cauzate de defectarea cilindrului. Folosim sisteme avansate de detectare pentru a asigura siguran\u021ba \u0219i fiabilitatea produselor noastre.<\/p>\n<h3>5. Mentenabilitate<\/h3>\n<p>Cilindrul bra\u021bului trebuie s\u0103 fie proiectat pentru \u00eentre\u021binere \u0219i \u00eenlocuire u\u0219oar\u0103, pentru a reduce timpul de nefunc\u021bionare a echipamentelor. Oferim clien\u021bilor no\u0219tri servicii regulate de inspec\u021bie \u0219i \u00eentre\u021binere.<\/p>\n<p><img decoding=\"async\" src=\"https:\/\/www.hydraulic-cylinders.net\/wp-content\/uploads\/2025\/01\/songte-cylinder-head-with-all-kinds-excavator-models.webp\" alt=\"Imaginea chiulasei\"><\/p>\n<h2>Etan\u0219area \u0219i lubrifierea cilindrului bra\u021bului<\/h2>\n<p>Folosim o varietate de garnituri, cum ar fi garnituri pentru piston \u0219i garnituri pentru tij\u0103, fabricate din materiale rezistente la uzur\u0103, cum ar fi poliuretanul \u0219i cauciucul nitrilic. Corpul cilindrului \u0219i suprafa\u021ba cap\u0103tului filetat sunt prelucrate fin pentru a \u00eembun\u0103t\u0103\u021bi rezisten\u021ba la uzur\u0103. Ad\u0103ugarea regulat\u0103 a unei cantit\u0103\u021bi adecvate de ulei hidraulic poate lubrifia eficient cilindrul \u0219i poate prelungi durata sa de via\u021b\u0103.<\/p>\n<h2>Inspec\u021bie regulat\u0103 \u0219i \u00eentre\u021binere preventiv\u0103<\/h2>\n<p>Pentru a asigura func\u021bionarea normal\u0103 a cilindrului bra\u021bului, sunt necesare inspec\u021bii regulate \u0219i \u00eentre\u021binere preventiv\u0103. Iat\u0103 m\u0103surile:<\/p>\n<h3>1. Inspec\u021bie regulat\u0103<\/h3>\n<p>Verifica\u021bi corpul cilindrului pentru uzur\u0103, deteriorare \u0219i scurgeri. Verifica\u021bi tija cilindrului pentru \u00eendoire, coroziune \u0219i zg\u00e2rieturi. Verifica\u021bi garniturile pentru deteriorare \u0219i uzur\u0103. Verifica\u021bi sistemul hidraulic pentru nivelul uleiului \u0219i cur\u0103\u021benia.<\/p>\n<h3>2. \u00centre\u021binere preventiv\u0103<\/h3>\n<p>\u00cenlocui\u021bi garniturile deteriorate la timp. Unge\u021bi cilindrul \u00een mod regulat. Cur\u0103\u021ba\u021bi sistemul hidraulic \u00een mod regulat. \u00cenlocui\u021bi uleiul hidraulic la timp. Verifica\u021bi etan\u0219eitatea conexiunii cu \u0219uruburi.<\/p>\n<h2>Ghid de instalare a produsului<\/h2>\n<p>Iat\u0103 ghidul corect de instalare pentru cilindrul bra\u021bului:<\/p>\n<h3>1. Preg\u0103tire<\/h3>\n<p>Preg\u0103ti\u021bi locul de instalare \u0219i uneltele necesare pentru instalare. Cur\u0103\u021ba\u021bi locul de instalare \u0219i suprafa\u021ba cilindrului. Verifica\u021bi potrivirea cilindrului cu piesele de conectare.<\/p>\n<h3>2. Instalare<\/h3>\n<p>Instala\u021bi cilindrul conform instruc\u021biunilor de instalare. Cilindrul trebuie instalat vertical. Regla\u021bi pozi\u021bia \u0219i str\u00e2nge\u021bi \u0219uruburile. Conecta\u021bi sistemul hidraulic \u0219i verifica\u021bi dac\u0103 exist\u0103 scurgeri.<\/p>\n<p><img decoding=\"async\" src=\"https:\/\/www.hydraulic-cylinders.net\/wp-content\/uploads\/2025\/01\/songte-bushings-with-all-kinds-of-excavator-models.webp\" alt=\"Imagine buc\u0219e\"><\/p>\n<h2>Considera\u021bii de siguran\u021b\u0103 \u0219i factori de mediu<\/h2>\n<p>Siguran\u021ba este esen\u021bial\u0103 atunci c\u00e2nd utiliza\u021bi cilindrul bra\u021bului. Iat\u0103 c\u00e2teva aspecte legate de siguran\u021b\u0103:<\/p>\n<h3>1. M\u0103suri de siguran\u021b\u0103<\/h3>\n<ul>\n<li>Purta\u021bi echipament de protec\u021bie atunci c\u00e2nd utiliza\u021bi cilindrul.<\/li>\n<li>Nu dep\u0103\u0219i\u021bi niciodat\u0103 sarcina \u0219i presiunea nominal\u0103 a buteliei.<\/li>\n<li>Nu modifica\u021bi niciodat\u0103 cilindrul.<\/li>\n<li>Nu dezasambla\u021bi niciodat\u0103 cilindrul f\u0103r\u0103 \u00eendrumare profesional\u0103.<\/li>\n<\/ul>\n<p>Factorii de mediu pot afecta performan\u021ba \u0219i durata de via\u021b\u0103 a cilindrului bra\u021bului. Iat\u0103 c\u00e2\u021biva factori de mediu:<\/p>\n<h3>1. Factori de mediu<\/h3>\n<ul>\n<li>Temperatur\u0103<\/li>\n<li>Umiditate<\/li>\n<li>Praf<\/li>\n<li>Substan\u021be corozive<\/li>\n<\/ul>\n<h2>Depanare \u0219i probleme frecvente<\/h2>\n<p>Iat\u0103 c\u00e2teva probleme frecvente \u0219i sfaturi de depanare pentru cilindrul bra\u021bului:<\/p>\n<h3>1. Scurgere<\/h3>\n<p>Solu\u021bie: \u00cenlocui\u021bi garniturile deteriorate.<\/p>\n<h3>2. \u00cendoirea tijei cilindrului<\/h3>\n<p>Solu\u021bie: \u00cendrepta\u021bi sau \u00eenlocui\u021bi tija cilindrului.<\/p>\n<h3>3. Zgomot anormal<\/h3>\n<p>Solu\u021bie: Verifica\u021bi nivelul uleiului hidraulic \u0219i starea de cur\u0103\u021benie. Verifica\u021bi etan\u0219eitatea conexiunii cu \u0219uruburi.<\/p>\n<h2>Despre compania noastr\u0103<\/h2>\n<p>Suntem un produc\u0103tor profesionist de cilindri hidraulici alternativi, cu o gam\u0103 variat\u0103 de produse, \u0219i am devenit unul dintre principalii produc\u0103tori \u0219i distribuitori angro de cilindri hidraulici pe pie\u021bele interne \u0219i interna\u021bionale. Ader\u0103m \u00eentotdeauna la principiul excelen\u021bei \u00een calitate, baz\u00e2ndu-ne pe strategia industrializat\u0103 de management al produc\u021biei \u00eentr-un atelier de fabrica\u021bie sofisticat, pentru a ne \u00eembun\u0103t\u0103\u021bi continuu nivelul tehnic \u0219i eficien\u021ba produc\u021biei. Prin introducerea de echipamente digitale de fabrica\u021bie de ultim\u0103 genera\u021bie \u0219i sisteme profesionale de testare, optimiz\u0103m continuu platforma de fabrica\u021bie \u0219i perfec\u021bion\u0103m procesul de control al calit\u0103\u021bii produselor, av\u00e2nd capacit\u0103\u021bi puternice de inovare. Scopul nostru este de a satisface nevoile diverse ale clien\u021bilor cu eficien\u021b\u0103 ridicat\u0103, precizie \u0219i calitate superioar\u0103.<\/p>\n<p><img decoding=\"async\" src=\"https:\/\/www.hydraulic-cylinders.net\/wp-content\/uploads\/2025\/01\/songte-company-4.webp\" alt=\"Imaginea companiei\"><\/p>\n<h2>Serviciile noastre<\/h2>\n<ul>\n<li>Profesionalism<\/li>\n<li>Certificare interna\u021bional\u0103<\/li>\n<li>Servicii de personalizare<\/li>\n<li>Echipamente de produc\u021bie<\/li>\n<li>Serviciu post-v\u00e2nzare<\/li>\n<\/ul>\n<p><img decoding=\"async\" src=\"https:\/\/www.hydraulic-cylinders.net\/wp-content\/uploads\/2025\/01\/songte-company-3.webp\" alt=\"Imaginea companiei\"><\/p>\n<p>Autor: lyl.<\/p>","protected":false},"excerpt":{"rendered":"<p>Arm Cylinder For IHI Small Excavator IHI8ONS Introduction The arm cylinder is a specially designed hydraulic cylinder that provides linear motion and power to the arm of various machinery such as excavators, cranes, and mechanical arms. The arm cylinder plays a crucial role in the hydraulic system, enabling attachments or accessories to move and control [&hellip;]<\/p>","protected":false},"featured_media":14770,"comment_status":"open","ping_status":"closed","template":"","meta":{"_et_pb_use_builder":"","_et_pb_old_content":"","_et_gb_content_width":""},"product_brand":[],"product_cat":[1497],"product_tag":[1498,1496],"class_list":{"0":"post-16612","1":"product","2":"type-product","3":"status-publish","4":"has-post-thumbnail","6":"product_cat-arm-cylinders","7":"product_tag-arm-cylinders","8":"product_tag-hydraulic-cylinders","10":"first","11":"instock","12":"shipping-taxable","13":"product-type-simple"},"amp_enabled":true,"_links":{"self":[{"href":"https:\/\/www.hydraulic-cylinders.net\/ro\/wp-json\/wp\/v2\/product\/16612","targetHints":{"allow":["GET"]}}],"collection":[{"href":"https:\/\/www.hydraulic-cylinders.net\/ro\/wp-json\/wp\/v2\/product"}],"about":[{"href":"https:\/\/www.hydraulic-cylinders.net\/ro\/wp-json\/wp\/v2\/types\/product"}],"replies":[{"embeddable":true,"href":"https:\/\/www.hydraulic-cylinders.net\/ro\/wp-json\/wp\/v2\/comments?post=16612"}],"wp:featuredmedia":[{"embeddable":true,"href":"https:\/\/www.hydraulic-cylinders.net\/ro\/wp-json\/wp\/v2\/media\/14770"}],"wp:attachment":[{"href":"https:\/\/www.hydraulic-cylinders.net\/ro\/wp-json\/wp\/v2\/media?parent=16612"}],"wp:term":[{"taxonomy":"product_brand","embeddable":true,"href":"https:\/\/www.hydraulic-cylinders.net\/ro\/wp-json\/wp\/v2\/product_brand?post=16612"},{"taxonomy":"product_cat","embeddable":true,"href":"https:\/\/www.hydraulic-cylinders.net\/ro\/wp-json\/wp\/v2\/product_cat?post=16612"},{"taxonomy":"product_tag","embeddable":true,"href":"https:\/\/www.hydraulic-cylinders.net\/ro\/wp-json\/wp\/v2\/product_tag?post=16612"}],"curies":[{"name":"wp","href":"https:\/\/api.w.org\/{rel}","templated":true}]}}