{"id":16614,"date":"2025-01-21T05:37:57","date_gmt":"2025-01-21T05:37:57","guid":{"rendered":"https:\/\/www.hydraulic-cylinders.net\/product\/arm-cylinder-for-bobcat-small-excavator-e26\/"},"modified":"2025-01-21T05:37:59","modified_gmt":"2025-01-21T05:37:59","slug":"arm-cylinder-for-bobcat-small-excavator-e26","status":"publish","type":"product","link":"https:\/\/www.hydraulic-cylinders.net\/ro\/produs\/arm-cylinder-for-bobcat-small-excavator-e26\/","title":{"rendered":"Cilindru de bra\u021b pentru excavatorul mic Bobcat E26"},"content":{"rendered":"<h1>Cilindru de bra\u021b pentru excavatorul mic Bobcat E26<\/h1>\n<p>Cilindrul hidraulic este un cilindru hidraulic special conceput care ofer\u0103 mi\u0219care liniar\u0103 \u0219i putere bra\u021belor diferitelor utilaje, cum ar fi excavatoare, macarale \u0219i bra\u021be robotizate. Acesta joac\u0103 un rol crucial \u00een sistemele hidraulice, permi\u021b\u00e2nd mi\u0219carea \u0219i controlul eficient al ata\u0219amentelor sau accesoriilor. Ace\u0219ti cilindri nu numai c\u0103 asigur\u0103 o mi\u0219care lin\u0103, dar rezist\u0103 \u0219i la sarcini grele, asigur\u00e2nd func\u021bionarea eficient\u0103 \u0219i fiabilitatea utilajelor \u00een diverse condi\u021bii de lucru.<\/p>\n<h2>Defini\u0163ie<\/h2>\n<p>Un cilindru de bra\u021b, cunoscut \u0219i sub denumirea de cilindru de bra\u021b de excavator sau cilindru de bra\u021b hidraulic, este un tip de cilindru hidraulic conceput pentru a oferi mi\u0219care \u00een linie dreapt\u0103 \u0219i putere bra\u021belor utilajelor. Este utilizat pe scar\u0103 larg\u0103 \u00een excavatoare, macarale \u0219i bra\u021be robotizate pentru a facilita mi\u0219carea \u0219i controlul uneltelor sau ata\u0219amentelor suplimentare.<\/p>\n<h3>Caracteristici cheie<\/h3>\n<ul>\n<li><strong>Transmisie de \u00eenalt\u0103 eficien\u021b\u0103:<\/strong> Cilindrul bra\u021bului este capabil s\u0103 ofere o mi\u0219care liniar\u0103 puternic\u0103 \u0219i o for\u021b\u0103, asigur\u00e2nd o eficien\u021b\u0103 de \u00eenalt\u0103 performan\u021b\u0103 \u00een diverse opera\u021biuni.<\/li>\n<li><strong>Control precis:<\/strong> Prin intermediul sistemului hidraulic, cilindrul bra\u021bului permite un control precis al mi\u0219c\u0103rii, f\u0103c\u00e2nd operarea ata\u0219amentelor mai flexibil\u0103 \u0219i precis\u0103.<\/li>\n<li><strong>Durabilitate:<\/strong> Cilindrii bra\u021bului sunt de obicei fabrica\u021bi din materiale de \u00eenalt\u0103 rezisten\u021b\u0103, oferind o rezisten\u021b\u0103 excelent\u0103 la uzur\u0103 \u0219i coroziune, ceea ce \u00eei face potrivi\u021bi pentru utilizarea pe termen lung \u00een medii dure.<\/li>\n<li><strong>Adaptabilitate multifunc\u021bional\u0103:<\/strong> Ace\u0219ti cilindri \u00ee\u0219i g\u0103sesc aplica\u021bii extinse \u00een diverse tipuri de utilaje, cum ar fi excavatoare, macarale \u0219i bra\u021be robotizate, r\u0103spunz\u00e2nd diferitelor cerin\u021be opera\u021bionale.<\/li>\n<li><strong>\u00centre\u021binere u\u0219oar\u0103:<\/strong> Concepu\u021bi pentru \u00eentre\u021binere \u0219i \u00eenlocuire u\u0219oar\u0103, cilindrii bra\u021bului faciliteaz\u0103 inspec\u021biile \u0219i \u00eentre\u021binerea periodic\u0103 convenabil\u0103, reduc\u00e2nd la minimum timpul de nefunc\u021bionare a echipamentelor.<\/li>\n<\/ul>\n<p><img decoding=\"async\" src=\"https:\/\/www.hydraulic-cylinders.net\/wp-content\/uploads\/2025\/01\/songte-company-2.webp\"><\/p>\n<p>Avem capacitatea de a produce acest produs, iar cilindrii no\u0219tri sunt un \u00eenlocuitor perfect pentru ace\u0219ti cilindri hidraulici.<\/p>\n<p><img decoding=\"async\" src=\"https:\/\/www.hydraulic-cylinders.net\/wp-content\/uploads\/2025\/01\/songte-oil-pipes-and-spare-parts.webp\"><\/p>\n<h2>Aplica\u021bie<\/h2>\n<p>Cilindrul cu bra\u021b \u00ee\u0219i g\u0103se\u0219te aplica\u021bii \u00een diverse industrii:<\/p>\n<h3>1. Inginerie de construc\u021bii<\/h3>\n<p>La excavatoare \u0219i macarale, cilindrul bra\u021bului controleaz\u0103 mi\u0219carea cupelor sau a bra\u021belor pentru lucr\u0103ri de terasament, manipularea materialelor \u0219i instala\u021bii structurale.<\/p>\n<h3>2. Industria prelucr\u0103toare<\/h3>\n<p>\u00cen liniile de produc\u021bie automatizate, cilindrul bra\u021bului faciliteaz\u0103 mi\u0219carea bra\u021belor robotizate pentru procesele de asamblare, sudare \u0219i manipulare a materialelor, \u00eembun\u0103t\u0103\u021bind eficien\u021ba \u0219i precizia produc\u021biei.<\/p>\n<h3>3. Ma\u0219ini agricole<\/h3>\n<p>\u00cen utilajele agricole, cum ar fi combinele de recoltat \u0219i sem\u0103n\u0103toarele, cilindrul bra\u021bului controleaz\u0103 mi\u0219carea bra\u021belor de operare pentru sarcini precum plantarea, fertilizarea \u0219i recoltarea.<\/p>\n<h3>4. Minerit<\/h3>\n<p>\u00cen echipamentele miniere, cilindrul bra\u021bului controleaz\u0103 mi\u0219carea bra\u021bului pentru extrac\u021bia \u0219i transportul minereurilor.<\/p>\n<h3>5. Logistic\u0103 \u0219i transport<\/h3>\n<p>\u00cen cazul stivuitoarelor \u0219i robo\u021bilor de manipulare, cilindrul bra\u021bului controleaz\u0103 ridicarea \u0219i mi\u0219carea furcilor, permi\u021b\u00e2nd manipularea \u0219i stivuirea materialelor.<\/p>\n<p><img decoding=\"async\" src=\"https:\/\/www.hydraulic-cylinders.net\/wp-content\/uploads\/2025\/01\/songte-chushion-collar.webp\"><\/p>\n<h2>Considera\u021bii de proiectare \u0219i criterii de selec\u021bie<\/h2>\n<p>La selectarea \u0219i proiectarea cilindrilor bra\u021bului, trebuie lua\u021bi \u00een considerare mai mul\u021bi factori:<\/p>\n<h3>1. Capacitate portant\u0103<\/h3>\n<p>Cilindrul bra\u021bului ar trebui s\u0103 poat\u0103 suporta sarcinile preconizate \u0219i s\u0103 ofere suficient\u0103 for\u021b\u0103 pentru a \u00eendeplini sarcinile prev\u0103zute.<\/p>\n<h3>2. Etan\u0219are<\/h3>\n<p>Pentru a asigura o etan\u0219are corect\u0103 \u0219i a preveni scurgerile, trebuie utilizate diverse componente de etan\u0219are, cum ar fi etan\u0219\u0103rile pistonului \u0219i etan\u0219\u0103rile tijei.<\/p>\n<h3>3. Durabilitate<\/h3>\n<p>Cilindrul bra\u021bului trebuie s\u0103 fie fabricat din materiale durabile, cu o bun\u0103 rezisten\u021b\u0103 la uzur\u0103 \u0219i coroziune, pentru a rezista la condi\u021bii dure de func\u021bionare.<\/p>\n<h3>4. Siguran\u021b\u0103<\/h3>\n<p>\u00cen proiect ar trebui \u00eencorporate elemente de siguran\u021b\u0103 pentru a preveni accidentele \u0219i a asigura bun\u0103starea operatorului \u00een timpul func\u021bion\u0103rii.<\/p>\n<h3>5. \u00centre\u021binere<\/h3>\n<p>Proiectul ar trebui s\u0103 ia \u00een considerare u\u0219urin\u021ba \u00eentre\u021binerii \u0219i accesibilitatea pentru inspec\u021bii \u0219i repara\u021bii, reduc\u00e2nd la minimum timpii de nefunc\u021bionare \u0219i costurile de \u00eentre\u021binere.<\/p>\n<p><img decoding=\"async\" src=\"https:\/\/www.hydraulic-cylinders.net\/wp-content\/uploads\/2025\/01\/songte-cylinder-head-with-all-kinds-excavator-models.webp\"><\/p>\n<h2>Etan\u0219are \u0219i lubrifiere<\/h2>\n<p>Cilindrul bra\u021bului utilizeaz\u0103 diverse componente de etan\u0219are, cum ar fi etan\u0219\u0103rile pistonului \u0219i etan\u0219\u0103rile tijei, fabricate din materiale rezistente la uzur\u0103, precum poliuretanul \u0219i cauciucul nitrilic. Corpul cilindrului \u0219i capetele filetate sunt tratate fin pentru a \u00eembun\u0103t\u0103\u021bi rezisten\u021ba la uzur\u0103. Lubrifierea regulat\u0103 cu ulei hidraulic adecvat este necesar\u0103 pentru a asigura o func\u021bionare f\u0103r\u0103 probleme.<\/p>\n<h2>Inspec\u021bie regulat\u0103 \u0219i \u00eentre\u021binere preventiv\u0103<\/h2>\n<p>Pentru a men\u021bine performan\u021ba optim\u0103 \u0219i a prelungi durata de via\u021b\u0103 a cilindrului bra\u021bului, trebuie luate urm\u0103toarele m\u0103suri:<\/p>\n<ul>\n<li>Inspecta\u021bi periodic cilindrul bra\u021bului pentru a depista orice semne de uzur\u0103, deteriorare sau scurgeri.<\/li>\n<li>Men\u021bine\u021bi cilindrul \u0219i \u00eemprejurimile sale curate pentru a preveni contaminarea \u0219i a asigura func\u021bionarea corect\u0103.<\/li>\n<li>Monitoriza\u021bi nivelurile \u0219i calitatea uleiului hidraulic \u0219i \u00eenlocui\u021bi-l sau completa\u021bi-l dup\u0103 cum este necesar.<\/li>\n<li>Verifica\u021bi \u0219i str\u00e2nge\u021bi toate conexiunile pentru a preveni sl\u0103birea sau scurgerile.<\/li>\n<li>Urma\u021bi instruc\u021biunile produc\u0103torului privind intervalele \u0219i procedurile de \u00eentre\u021binere.<\/li>\n<\/ul>\n<p><img decoding=\"async\" src=\"https:\/\/www.hydraulic-cylinders.net\/wp-content\/uploads\/2025\/01\/songte-bushings-with-all-kinds-of-excavator-models.webp\"><\/p>\n<h2>Considera\u021bii de siguran\u021b\u0103 \u0219i factori de mediu<\/h2>\n<p>Atunci c\u00e2nd se lucreaz\u0103 cu cilindri de bra\u021b, respectarea m\u0103surilor de siguran\u021b\u0103 este crucial\u0103 pentru prevenirea accidentelor. M\u0103surile de siguran\u021b\u0103 includ instruirea adecvat\u0103, purtarea echipamentului individual de protec\u021bie (EIP) adecvat \u0219i respectarea instruc\u021biunilor de siguran\u021b\u0103 furnizate de produc\u0103tor. \u00cen plus, luarea \u00een considerare a factorilor de mediu, cum ar fi temperatura, umiditatea \u0219i expunerea la substan\u021be corozive, poate ajuta la asigurarea longevit\u0103\u021bii \u0219i performan\u021bei cilindrului de bra\u021b.<\/p>\n<h2>Depanare \u0219i probleme frecvente<\/h2>\n<p>Dac\u0103 apar probleme cu cilindrul bra\u021bului, urm\u0103torii pa\u0219i de depanare pot ajuta la identificarea \u0219i rezolvarea problemelor comune:<\/p>\n<ul>\n<li>Dac\u0103 cilindrul bra\u021bului nu se extinde sau nu se retrage, verifica\u021bi dac\u0103 exist\u0103 blocaje \u00een sistemul hidraulic, niveluri sc\u0103zute de ulei sau garnituri deteriorate.<\/li>\n<li>\u00cen caz de zgomot sau vibra\u021bii anormale, verifica\u021bi dac\u0103 exist\u0103 conexiuni sl\u0103bite, componente uzate sau lubrifiere insuficient\u0103.<\/li>\n<li>Dac\u0103 exist\u0103 scurgeri excesive, examina\u021bi garniturile, conexiunile \u0219i conductele hidraulice pentru a depista eventuale deterior\u0103ri sau degrad\u0103ri.<\/li>\n<li>Pentru orice alte probleme sau nel\u0103muriri, consulta\u021bi manualul produc\u0103torului sau solicita\u021bi asisten\u021b\u0103 profesional\u0103.<\/li>\n<\/ul>\n<p><img decoding=\"async\" src=\"https:\/\/www.hydraulic-cylinders.net\/wp-content\/uploads\/2025\/01\/songte-company-4.webp\"><img decoding=\"async\" src=\"https:\/\/www.hydraulic-cylinders.net\/wp-content\/uploads\/2025\/01\/songte-company-3.webp\"><\/p>\n<h2>Despre noi<\/h2>\n<p>Suntem un produc\u0103tor profesionist de cilindri hidraulici de schimb, oferind o gam\u0103 larg\u0103 de produse. Am devenit unul dintre principalii produc\u0103tori \u0219i distribuitori angro pe pie\u021bele interne \u0219i interna\u021bionale. Men\u021bin\u00e2nd principiile excelen\u021bei \u0219i baz\u00e2ndu-ne pe strategii industrializate de management al produc\u021biei \u00een atelierul nostru de fabrica\u021bie rafinat, ne \u00eembun\u0103t\u0103\u021bim continuu capacit\u0103\u021bile tehnologice \u0219i eficien\u021ba produc\u021biei. Prin introducerea de echipamente digitale de fabrica\u021bie de ultim\u0103 genera\u021bie \u0219i sisteme profesionale de testare, optimiz\u0103m platforma noastr\u0103 de fabrica\u021bie \u0219i ne perfec\u021bion\u0103m procesele de control al calit\u0103\u021bii produselor, demonstr\u00e2nd capacit\u0103\u021bi puternice de inovare. Scopul nostru este de a satisface diversele nevoi ale clien\u021bilor cu eficien\u021b\u0103, precizie \u0219i produse de \u00eenalt\u0103 calitate.<\/p>\n<p>Compania noastr\u0103 exceleaz\u0103 \u00een:<\/p>\n<ul>\n<li>Profesionalism<\/li>\n<li>Certific\u0103ri interna\u021bionale<\/li>\n<li>Servicii de personalizare<\/li>\n<li>Echipamente de produc\u021bie premium<\/li>\n<li>Servicii post-v\u00e2nzare<\/li>\n<\/ul>\n<p><em>Autor: lyl<\/em><\/p>","protected":false},"excerpt":{"rendered":"<p>Arm Cylinder For Bobcat Small Excavator E26 Arm Cylinder is a specially designed hydraulic cylinder that provides linear motion and power to the arms of various machinery such as excavators, cranes, and robotic arms. It plays a crucial role in hydraulic systems, enabling efficient movement and control of attachments or accessories. These cylinders not only [&hellip;]<\/p>","protected":false},"featured_media":14763,"comment_status":"open","ping_status":"closed","template":"","meta":{"_et_pb_use_builder":"","_et_pb_old_content":"","_et_gb_content_width":""},"product_brand":[],"product_cat":[1497],"product_tag":[1498,1496],"class_list":{"0":"post-16614","1":"product","2":"type-product","3":"status-publish","4":"has-post-thumbnail","6":"product_cat-arm-cylinders","7":"product_tag-arm-cylinders","8":"product_tag-hydraulic-cylinders","10":"first","11":"instock","12":"shipping-taxable","13":"product-type-simple"},"amp_enabled":true,"_links":{"self":[{"href":"https:\/\/www.hydraulic-cylinders.net\/ro\/wp-json\/wp\/v2\/product\/16614","targetHints":{"allow":["GET"]}}],"collection":[{"href":"https:\/\/www.hydraulic-cylinders.net\/ro\/wp-json\/wp\/v2\/product"}],"about":[{"href":"https:\/\/www.hydraulic-cylinders.net\/ro\/wp-json\/wp\/v2\/types\/product"}],"replies":[{"embeddable":true,"href":"https:\/\/www.hydraulic-cylinders.net\/ro\/wp-json\/wp\/v2\/comments?post=16614"}],"wp:featuredmedia":[{"embeddable":true,"href":"https:\/\/www.hydraulic-cylinders.net\/ro\/wp-json\/wp\/v2\/media\/14763"}],"wp:attachment":[{"href":"https:\/\/www.hydraulic-cylinders.net\/ro\/wp-json\/wp\/v2\/media?parent=16614"}],"wp:term":[{"taxonomy":"product_brand","embeddable":true,"href":"https:\/\/www.hydraulic-cylinders.net\/ro\/wp-json\/wp\/v2\/product_brand?post=16614"},{"taxonomy":"product_cat","embeddable":true,"href":"https:\/\/www.hydraulic-cylinders.net\/ro\/wp-json\/wp\/v2\/product_cat?post=16614"},{"taxonomy":"product_tag","embeddable":true,"href":"https:\/\/www.hydraulic-cylinders.net\/ro\/wp-json\/wp\/v2\/product_tag?post=16614"}],"curies":[{"name":"wp","href":"https:\/\/api.w.org\/{rel}","templated":true}]}}