{"id":16617,"date":"2025-01-21T05:38:09","date_gmt":"2025-01-21T05:38:09","guid":{"rendered":"https:\/\/www.hydraulic-cylinders.net\/product\/arm-cylinder-for-bobcat-small-excavator-e50\/"},"modified":"2025-01-21T05:38:11","modified_gmt":"2025-01-21T05:38:11","slug":"arm-cylinder-for-bobcat-small-excavator-e50","status":"publish","type":"product","link":"https:\/\/www.hydraulic-cylinders.net\/ro\/produs\/arm-cylinder-for-bobcat-small-excavator-e50\/","title":{"rendered":"Cilindru de bra\u021b pentru excavatorul mic Bobcat E50"},"content":{"rendered":"<h1>Cilindru de bra\u021b pentru excavatorul mic Bobcat E50<\/h1>\n<p><h2>Introducere<\/h2>\n<p>Cilindrul de bra\u021b este un cilindru hidraulic specializat, conceput pentru a oferi mi\u0219care liniar\u0103 \u0219i putere bra\u021bului diferitelor utilaje, cum ar fi excavatoare, macarale \u0219i bra\u021be mecanice. Acesta joac\u0103 un rol crucial \u00een sistemele hidraulice, permi\u021b\u00e2nd mi\u0219carea \u0219i controlul eficient al uneltelor sau ata\u0219amentelor suplimentare. Ace\u0219ti cilindri nu numai c\u0103 permit o mi\u0219care lin\u0103, dar rezist\u0103 \u0219i la sarcini grele, asigur\u00e2nd func\u021bionarea eficient\u0103 \u0219i fiabilitatea utilajelor \u00een diverse condi\u021bii de lucru.\n<\/p>\n<p>\n  <img decoding=\"async\" src=\"https:\/\/www.hydraulic-cylinders.net\/wp-content\/uploads\/2025\/01\/songte-company-2.webp\" alt=\"Imaginea cilindrului bra\u021bului\">\n<\/p>\n<h2>Caracteristici<\/h2>\n<ul>\n<li>\n<h3>Transmisie de \u00eenalt\u0103 eficien\u021b\u0103<\/h3>\n<p>\n      Cilindrul bra\u021bului ofer\u0103 o mi\u0219care liniar\u0103 puternic\u0103 \u0219i o for\u021b\u0103, asigur\u00e2nd performan\u021be ridicate ale bra\u021bului mecanic \u00een diverse opera\u021biuni.\n    <\/p>\n<\/li>\n<li>\n<h3>Control precis<\/h3>\n<p>\n      Prin intermediul sistemelor hidraulice, cilindrul bra\u021bului permite un control precis al mi\u0219c\u0103rii, f\u0103c\u00e2nd operarea uneltelor suplimentare mai flexibil\u0103 \u0219i precis\u0103.\n    <\/p>\n<\/li>\n<li>\n<h3>Durabilitate<\/h3>\n<p>\n      Cilindrii cu bra\u021b sunt de obicei fabrica\u021bi din materiale de \u00eenalt\u0103 rezisten\u021b\u0103, cu o bun\u0103 rezisten\u021b\u0103 la uzur\u0103 \u0219i coroziune, potrivite pentru utilizare pe termen lung \u00een medii dure.\n    <\/p>\n<\/li>\n<li>\n<h3>Adaptabilitate multifunc\u021bional\u0103<\/h3>\n<p>\n      Ace\u0219ti cilindri pot fi aplica\u021bi pe scar\u0103 larg\u0103 la diverse tipuri de utilaje, cum ar fi excavatoare, macarale \u0219i bra\u021be mecanice, pentru a satisface diferite cerin\u021be de lucru.\n    <\/p>\n<\/li>\n<li>\n<h3>\u00centre\u021binere u\u0219oar\u0103<\/h3>\n<p>\n      Designul cilindrului bra\u021bului ia \u00een considerare u\u0219urin\u021ba \u00eentre\u021binerii \u0219i \u00eenlocuirii, ceea ce face ca inspec\u021biile \u0219i \u00eentre\u021binerea regulat\u0103 s\u0103 fie mai convenabile \u0219i reduce timpul de nefunc\u021bionare a echipamentelor.\n    <\/p>\n<\/li>\n<\/ul>\n<p>\n  <img decoding=\"async\" src=\"https:\/\/www.hydraulic-cylinders.net\/wp-content\/uploads\/2025\/01\/songte-oil-pipes-and-spare-parts.webp\" alt=\"Imaginea produsului\">\n<\/p>\n<h2>Aplica\u021bii<\/h2>\n<p>\n  Cilindrul cu bra\u021b \u00ee\u0219i g\u0103se\u0219te utilizarea \u00een diverse industrii \u0219i aplica\u021bii, inclusiv:\n<\/p>\n<ol>\n<li>\n<h3>Inginerie de construc\u021bii<\/h3>\n<p>\n      \u00cen excavatoare \u0219i macarale, cilindrul bra\u021bului este utilizat pentru a controla mi\u0219carea cupelor sau a bra\u021belor, pentru a efectua lucr\u0103ri de terasament, manipularea materialelor \u0219i instala\u021bii structurale.\n    <\/p>\n<\/li>\n<li>\n<h3>Fabrica\u021bie<\/h3>\n<p>\n      \u00cen liniile de produc\u021bie automatizate, cilindrul bra\u021bului este utilizat pentru mi\u0219carea bra\u021belor mecanice, efectuarea proceselor de asamblare, sudare \u0219i manipulare pentru a \u00eembun\u0103t\u0103\u021bi eficien\u021ba \u0219i precizia produc\u021biei.\n    <\/p>\n<\/li>\n<li>\n<h3>Ma\u0219ini agricole<\/h3>\n<p>\n      \u00cen utilajele agricole, cum ar fi combinele de recoltat \u0219i sem\u0103n\u0103toarele, cilindrul bra\u021bului controleaz\u0103 mi\u0219carea bra\u021belor de operare, execut\u00e2nd sarcini precum sem\u0103natul, fertilizarea \u0219i recoltarea.\n    <\/p>\n<\/li>\n<li>\n<h3>Minerit<\/h3>\n<p>\n      \u00cen echipamentele miniere, cilindrul bra\u021bului este utilizat pentru a controla mi\u0219carea bra\u021bului echipamentelor miniere, facilit\u00e2nd extrac\u021bia \u0219i transportul minereului.\n    <\/p>\n<\/li>\n<li>\n<h3>Logistic\u0103 \u0219i transporturi<\/h3>\n<p>\n      \u00cen cazul stivuitoarelor \u0219i robo\u021bilor de manipulare, cilindrul bra\u021bului este utilizat pentru a controla ridicarea \u0219i mi\u0219carea furcilor, permi\u021b\u00e2nd manipularea \u0219i stivuirea materialelor.\n    <\/p>\n<\/li>\n<\/ol>\n<h2>Considera\u021bii de proiectare \u0219i criterii de selec\u021bie<\/h2>\n<p>\n  C\u00e2nd vine vorba de considera\u021biile de proiectare \u0219i criteriile de selec\u021bie pentru cilindrii bra\u021bului, trebuie lua\u021bi \u00een considerare c\u00e2\u021biva factori cheie:\n<\/p>\n<ul>\n<li>\n<h3>Capacitate portant\u0103<\/h3>\n<p>\n      Cilindrii bra\u021bului trebuie s\u0103 poat\u0103 suporta sarcinile \u0219i for\u021bele prev\u0103zute pentru a asigura o func\u021bionare sigur\u0103 \u0219i eficient\u0103.\n    <\/p>\n<\/li>\n<li>\n<h3>Sigilare<\/h3>\n<p>\n      Pentru a asigura o etan\u0219are corect\u0103, ar trebui utilizate diverse componente de etan\u0219are, cum ar fi etan\u0219\u0103rile pistonului \u0219i etan\u0219\u0103rile tijei. Aceste etan\u0219\u0103ri sunt adesea fabricate din materiale rezistente la uzur\u0103, cum ar fi poliuretanul \u0219i cauciucul nitrilic.\n    <\/p>\n<\/li>\n<li>\n<h3>Durabilitate<\/h3>\n<p>\n      Corpul cilindrului \u0219i suprafe\u021bele filetate ale cap\u0103tului trebuie supuse unui tratament fin pentru a \u00eembun\u0103t\u0103\u021bi rezisten\u021ba la uzur\u0103. Lubrifierea regulat\u0103 cu ulei hidraulic este necesar\u0103 pentru a spori durabilitatea.\n    <\/p>\n<\/li>\n<li>\n<h3>Siguran\u0163\u0103<\/h3>\n<p>\n      \u00cen timpul proiect\u0103rii \u0219i func\u021bion\u0103rii cilindrilor bra\u021bului, trebuie luate \u00een considerare m\u0103suri de siguran\u021b\u0103 pentru a preveni accidentele \u0219i a asigura siguran\u021ba operatorului.\n    <\/p>\n<\/li>\n<li>\n<h3>Mentenabilitate<\/h3>\n<p>\n      Cilindrii bra\u021bului trebuie proiecta\u021bi pentru a u\u0219ura \u00eentre\u021binerea \u0219i repararea, permi\u021b\u00e2nd inspec\u021bii rapide \u0219i \u00eenlocuirea componentelor atunci c\u00e2nd este necesar.\n    <\/p>\n<\/li>\n<\/ul>\n<p>\n  <img decoding=\"async\" src=\"https:\/\/www.hydraulic-cylinders.net\/wp-content\/uploads\/2025\/01\/songte-cylinder-head-with-all-kinds-excavator-models.webp\" alt=\"Imaginea produsului\">\n<\/p>\n<h2>Etan\u0219are \u0219i lubrifiere<\/h2>\n<p>\n  Cilindrii cu bra\u021b utilizeaz\u0103 diverse componente de etan\u0219are, cum ar fi etan\u0219\u0103rile pistonului \u0219i ale tijei, fabricate din materiale rezistente la uzur\u0103, precum poliuretanul \u0219i cauciucul nitrilic. Corpul cilindrului \u0219i suprafe\u021bele filetate ale cap\u0103tului sunt supuse unui tratament fin pentru a \u00eembun\u0103t\u0103\u021bi rezisten\u021ba la uzur\u0103. Lubrifierea regulat\u0103 cu o cantitate adecvat\u0103 de ulei hidraulic este necesar\u0103 pentru a asigura o func\u021bionare f\u0103r\u0103 probleme \u0219i a prelungi durata de via\u021b\u0103 a cilindrului.\n<\/p>\n<h2>Inspec\u021bie regulat\u0103 \u0219i \u00eentre\u021binere preventiv\u0103<\/h2>\n<p>\n  Pentru a asigura performan\u021ba optim\u0103 \u0219i longevitatea cilindrului bra\u021bului, trebuie efectuate inspec\u021bii regulate \u0219i \u00eentre\u021binere preventiv\u0103. Se pot lua urm\u0103toarele m\u0103suri:\n<\/p>\n<ul>\n<li>Verifica\u021bi corpul cilindrului \u0219i componentele pentru a depista orice semne de uzur\u0103 sau deteriorare.<\/li>\n<li>Verifica\u021bi garniturile \u0219i \u00eenlocui\u021bi-le dac\u0103 este necesar.<\/li>\n<li>Monitoriza\u021bi nivelul de lubrifiere \u0219i completa\u021bi cu ulei hidraulic, dup\u0103 cum este necesar.<\/li>\n<li>Str\u00e2nge\u021bi orice conexiuni sau elemente de fixare sl\u0103bite.<\/li>\n<li>Inspecta\u021bi suporturile de montare \u0219i asigura\u021bi-v\u0103 c\u0103 sunt fixate.<\/li>\n<\/ul>\n<h2>Ghid de instalare a produsului<\/h2>\n<p>\n  Instalarea corect\u0103 a cilindrului bra\u021bului este crucial\u0103 pentru performan\u021ba \u0219i siguran\u021ba acestuia. Urma\u021bi ace\u0219ti pa\u0219i pentru o instalare corect\u0103:\n<\/p>\n<ol>\n<li>Preg\u0103ti\u021bi suprafa\u021ba de montare \u0219i asigura\u021bi-v\u0103 c\u0103 este curat\u0103 \u0219i plan\u0103.<\/li>\n<li>Ata\u0219a\u021bi cilindrul la suporturile de montare folosind elementele de fixare corespunz\u0103toare.<\/li>\n<li>Conecta\u021bi furtunurile hidraulice \u0219i asigura\u021bi o etan\u0219are corespunz\u0103toare.<\/li>\n<li>Verifica\u021bi alinierea cilindrului \u0219i ajusta\u021bi dac\u0103 este necesar.<\/li>\n<li>Fixa\u021bi toate conexiunile \u0219i efectua\u021bi un test de presiune pentru a asigura func\u021bionarea corect\u0103.<\/li>\n<\/ol>\n<p>\n  <img decoding=\"async\" src=\"https:\/\/www.hydraulic-cylinders.net\/wp-content\/uploads\/2025\/01\/songte-bushings-with-all-kinds-of-excavator-models.webp\" alt=\"Imaginea produsului\">\n<\/p>\n<h2>Considera\u021bii de siguran\u021b\u0103 \u0219i factori de mediu<\/h2>\n<p>\n  Atunci c\u00e2nd se utilizeaz\u0103 cilindri de bra\u021b, este important s\u0103 se acorde prioritate m\u0103surilor de siguran\u021b\u0103. Trebuie respectate m\u0103surile de siguran\u021b\u0103 pentru a preveni accidentele \u0219i a asigura bun\u0103starea operatorilor \u0219i a celorlal\u021bi membri ai personalului.\n<\/p>\n<h2>Depanare \u0219i probleme frecvente<\/h2>\n<p>\n  \u00cen cazul oric\u0103ror defec\u021biuni sau probleme cu cilindrul bra\u021bului, urm\u0103toarele sfaturi \u0219i solu\u021bii de depanare pot fi utile:\n<\/p>\n<ul>\n<li>\n<h3>Problem\u0103: Cilindrul nu se extinde sau nu se retrage corect.<\/h3>\n<p>\n      Solu\u021bie: Verifica\u021bi dac\u0103 exist\u0103 blocaje \u00een conductele hidraulice, inspecta\u021bi garniturile pentru a depista eventualele deterior\u0103ri \u0219i asigura\u021bi lubrifierea corespunz\u0103toare a tuturor pieselor mobile.\n    <\/p>\n<\/li>\n<li>\n<h3>Problem\u0103: Scurgeri \u00een jurul cilindrului.<\/h3>\n<p>\n      Solu\u021bie: Verifica\u021bi garniturile \u0219i \u00eenlocui\u021bi-le dac\u0103 sunt deteriorate. Asigura\u021bi str\u00e2ngerea corect\u0103 a tuturor conexiunilor \u0219i fitingurilor.\n    <\/p>\n<\/li>\n<li>\n<h3>Problem\u0103: Zgomot excesiv \u00een timpul func\u021bion\u0103rii.<\/h3>\n<p>\n      Solu\u021bie: Verifica\u021bi dac\u0103 exist\u0103 componente sau fitinguri sl\u0103bite \u0219i str\u00e2nge\u021bi-le. Inspecta\u021bi cilindrul pentru orice<\/p>","protected":false},"excerpt":{"rendered":"<p>Arm Cylinder For Bobcat Small Excavator E50 Introduction The arm cylinder is a specialized hydraulic cylinder designed to provide linear motion and power to the arm of various machinery, such as excavators, cranes, and mechanical arms. It plays a crucial role in hydraulic systems, allowing for the efficient movement and control of additional tools or [&hellip;]<\/p>","protected":false},"featured_media":14783,"comment_status":"open","ping_status":"closed","template":"","meta":{"_et_pb_use_builder":"","_et_pb_old_content":"","_et_gb_content_width":""},"product_brand":[],"product_cat":[1497],"product_tag":[1498,1496],"class_list":{"0":"post-16617","1":"product","2":"type-product","3":"status-publish","4":"has-post-thumbnail","6":"product_cat-arm-cylinders","7":"product_tag-arm-cylinders","8":"product_tag-hydraulic-cylinders","10":"first","11":"instock","12":"shipping-taxable","13":"product-type-simple"},"amp_enabled":true,"_links":{"self":[{"href":"https:\/\/www.hydraulic-cylinders.net\/ro\/wp-json\/wp\/v2\/product\/16617","targetHints":{"allow":["GET"]}}],"collection":[{"href":"https:\/\/www.hydraulic-cylinders.net\/ro\/wp-json\/wp\/v2\/product"}],"about":[{"href":"https:\/\/www.hydraulic-cylinders.net\/ro\/wp-json\/wp\/v2\/types\/product"}],"replies":[{"embeddable":true,"href":"https:\/\/www.hydraulic-cylinders.net\/ro\/wp-json\/wp\/v2\/comments?post=16617"}],"wp:featuredmedia":[{"embeddable":true,"href":"https:\/\/www.hydraulic-cylinders.net\/ro\/wp-json\/wp\/v2\/media\/14783"}],"wp:attachment":[{"href":"https:\/\/www.hydraulic-cylinders.net\/ro\/wp-json\/wp\/v2\/media?parent=16617"}],"wp:term":[{"taxonomy":"product_brand","embeddable":true,"href":"https:\/\/www.hydraulic-cylinders.net\/ro\/wp-json\/wp\/v2\/product_brand?post=16617"},{"taxonomy":"product_cat","embeddable":true,"href":"https:\/\/www.hydraulic-cylinders.net\/ro\/wp-json\/wp\/v2\/product_cat?post=16617"},{"taxonomy":"product_tag","embeddable":true,"href":"https:\/\/www.hydraulic-cylinders.net\/ro\/wp-json\/wp\/v2\/product_tag?post=16617"}],"curies":[{"name":"wp","href":"https:\/\/api.w.org\/{rel}","templated":true}]}}