{"id":16619,"date":"2025-01-21T05:38:17","date_gmt":"2025-01-21T05:38:17","guid":{"rendered":"https:\/\/www.hydraulic-cylinders.net\/product\/arm-cylinder-for-bobcat-small-excavator-e324\/"},"modified":"2025-01-21T05:38:20","modified_gmt":"2025-01-21T05:38:20","slug":"arm-cylinder-for-bobcat-small-excavator-e324","status":"publish","type":"product","link":"https:\/\/www.hydraulic-cylinders.net\/ro\/produs\/arm-cylinder-for-bobcat-small-excavator-e324\/","title":{"rendered":"Cilindru de bra\u021b pentru excavatorul mic Bobcat E324"},"content":{"rendered":"<h2>Cilindru de bra\u021b pentru excavatorul mic Bobcat E324<\/h2>\n<h3>Introducere<\/h3>\n<p>Un cilindru de bra\u021b este un cilindru hidraulic special conceput, utilizat \u00een principal pentru a oferi mi\u0219care liniar\u0103 \u0219i putere pentru diverse tipuri de echipamente, cum ar fi excavatoare, macarale \u0219i bra\u021be robotizate. Cilindrul de bra\u021b joac\u0103 un rol crucial \u00een sistemele hidraulice, permi\u021b\u00e2nd ata\u0219amentelor sau accesoriilor s\u0103 se mi\u0219te \u0219i s\u0103 fie controlate eficient. Ace\u0219ti cilindri nu numai c\u0103 ofer\u0103 o mi\u0219care lin\u0103, dar pot rezista \u0219i la sarcini grele, asigur\u00e2nd func\u021bionarea eficient\u0103 \u0219i fiabilitatea echipamentului \u00een diverse condi\u021bii de func\u021bionare.<\/p>\n<p><img decoding=\"async\" src=\"https:\/\/www.hydraulic-cylinders.net\/wp-content\/uploads\/2025\/01\/songte-company-2.webp\" alt=\"Imaginea cilindrului bra\u021bului\"><\/p>\n<h3>Caracteristici<\/h3>\n<ul>\n<li><strong>Transmisie eficient\u0103 a puterii:<\/strong> Cilindrii bra\u021bului ofer\u0103 o mi\u0219care liniar\u0103 puternic\u0103 \u0219i o for\u021b\u0103, asigur\u00e2nd performan\u021be ridicate ale echipamentului \u00een diverse opera\u021biuni.<\/li>\n<li><strong>Control precis:<\/strong> Prin intermediul sistemului hidraulic, cilindrii bra\u021bului pot realiza un control precis al mi\u0219c\u0103rii, f\u0103c\u00e2nd opera\u021biunile accesoriilor mai flexibile \u0219i precise.<\/li>\n<li><strong>Durabilitate puternic\u0103:<\/strong> Cilindrii bra\u021bului sunt de obicei fabrica\u021bi din materiale de \u00eenalt\u0103 rezisten\u021b\u0103, care au o bun\u0103 rezisten\u021b\u0103 la uzur\u0103 \u0219i coroziune, potrivite pentru utilizare pe termen lung \u00een medii dure.<\/li>\n<li><strong>Adaptabilitate multifunc\u021bional\u0103:<\/strong> Ace\u0219ti cilindri pot fi utiliza\u021bi pe scar\u0103 larg\u0103 \u00een diverse echipamente mecanice, cum ar fi excavatoare, macarale \u0219i bra\u021be robotizate, pentru a se adapta diferitelor nevoi de lucru.<\/li>\n<li><strong>\u00centre\u021binere u\u0219oar\u0103:<\/strong> Designul are \u00een vedere \u00eentre\u021binerea \u0219i \u00eenlocuirea u\u0219oar\u0103, ceea ce face ca inspec\u021bia \u0219i \u00eentre\u021binerea regulat\u0103 s\u0103 fie mai convenabile \u0219i reduce timpul de nefunc\u021bionare a echipamentelor.<\/li>\n<\/ul>\n<p>Produsele noastre pot \u00eenlocui perfect ace\u0219ti cilindri hidraulici.<\/p>\n<p><img decoding=\"async\" src=\"https:\/\/www.hydraulic-cylinders.net\/wp-content\/uploads\/2025\/01\/songte-oil-pipes-and-spare-parts.webp\" alt=\"Imaginea produsului\"><\/p>\n<h3>Aplica\u021bii<\/h3>\n<p>Cilindrii cu bra\u021b pot fi utiliza\u021bi \u00een diverse industrii \u0219i aplica\u021bii:<\/p>\n<ul>\n<li><strong>Inginerie Construc\u021bii:<\/strong> Folosit \u00een excavatoare \u0219i macarale pentru a controla mi\u0219carea cupelor sau a bra\u021belor, a efectua lucr\u0103ri de terasament, manipularea materialelor \u0219i instalarea structural\u0103.<\/li>\n<li><strong>Fabrica\u021bie:<\/strong> Utilizat \u00een liniile de produc\u021bie automatizate pentru a controla mi\u0219carea bra\u021belor robotizate, a efectua procese de asamblare, sudare \u0219i manipulare, a \u00eembun\u0103t\u0103\u021bi eficien\u021ba \u0219i precizia produc\u021biei.<\/li>\n<li><strong>Ma\u0219ini agricole:<\/strong> Utilizat \u00een utilaje agricole, cum ar fi combinele de recoltat \u0219i sem\u0103n\u0103toarele, pentru a controla mi\u0219carea bra\u021belor de operare, a efectua sarcini de sem\u0103nat, fertilizare \u0219i recoltare.<\/li>\n<li><strong>Minerit:<\/strong> Folosit \u00een echipamentele miniere pentru a controla mi\u0219carea bra\u021belor echipamentelor miniere, pentru a efectua sarcini de extrac\u021bie \u0219i manipulare a mineralelor.<\/li>\n<li><strong>Logistic\u0103 \u0219i Transport:<\/strong> Folosit \u00een stivuitoare \u0219i robo\u021bi de manipulare pentru a controla ridicarea \u0219i mi\u0219carea furcilor, pentru a realiza manipularea \u0219i stivuirea materialelor.<\/li>\n<\/ul>\n<h3>Considera\u021bii de proiectare \u0219i standarde de selec\u021bie<\/h3>\n<p>La proiectarea cilindrilor bra\u021bului, trebuie lua\u021bi \u00een considerare urm\u0103torii factori:<\/p>\n<ul>\n<li><strong>Capacitate portant\u0103:<\/strong> Cilindrii bra\u021bului trebuie s\u0103 aib\u0103 o capacitate portant\u0103 suficient\u0103 pentru a asigura func\u021bionarea stabil\u0103 \u0219i sigur\u0103 a echipamentului \u00een diverse condi\u021bii de lucru.<\/li>\n<li><strong>Etan\u0219are:<\/strong> Diverse componente de etan\u0219are, cum ar fi etan\u0219\u0103rile pistonului \u0219i etan\u0219\u0103rile tijei, ar trebui utilizate pentru a preveni scurgerile de ulei hidraulic \u0219i a asigura func\u021bionarea eficient\u0103 a cilindrului.<\/li>\n<li><strong>Durabilitate:<\/strong> Corpul cilindrului \u0219i suprafa\u021ba cap\u0103tului filetat trebuie tratate cu precizie pentru a \u00eembun\u0103t\u0103\u021bi rezisten\u021ba la uzur\u0103 \u0219i la coroziune, asigur\u00e2nd utilizarea pe termen lung \u00een medii dure.<\/li>\n<li><strong>Siguran\u0163\u0103:<\/strong> Cilindrii bra\u021bului trebuie s\u0103 fie echipa\u021bi cu supape de siguran\u021b\u0103 \u0219i alte dispozitive de protec\u021bie pentru a preveni supra\u00eenc\u0103rcarea echipamentului \u0219i a asigura func\u021bionarea \u00een siguran\u021b\u0103.<\/li>\n<li><strong>\u00centre\u0163inere:<\/strong> Cilindrii bra\u021bului ar trebui s\u0103 fie proiecta\u021bi pentru \u00eentre\u021binere \u0219i \u00eenlocuire u\u0219oar\u0103 a componentelor, reduc\u00e2nd timpul de nefunc\u021bionare a echipamentelor \u0219i costurile de \u00eentre\u021binere.<\/li>\n<\/ul>\n<p><img decoding=\"async\" src=\"https:\/\/www.hydraulic-cylinders.net\/wp-content\/uploads\/2025\/01\/songte-cylinder-head-with-all-kinds-excavator-models.webp\" alt=\"Considera\u021bii de design Imagine\"><\/p>\n<h3>Etan\u0219are \u0219i lubrifiere<\/h3>\n<p>Diverse componente de etan\u0219are, cum ar fi etan\u0219\u0103rile pistonului, etan\u0219\u0103rile tijei \u0219i etan\u0219\u0103rile \u0219terg\u0103toarelor, ar trebui utilizate pentru a preveni scurgerile de ulei hidraulic, iar componentele de etan\u0219are ar trebui s\u0103 fie fabricate din materiale rezistente la uzur\u0103, cum ar fi poliuretanul \u0219i cauciucul nitrilic. Corpul cilindrului \u0219i suprafa\u021ba filetat\u0103 a cap\u0103tului trebuie tratate cu precizie pentru a \u00eembun\u0103t\u0103\u021bi rezisten\u021ba la uzur\u0103 \u0219i la coroziune. Cilindrul trebuie lubrifiat periodic cu ulei hidraulic pentru a asigura o func\u021bionare eficient\u0103.<\/p>\n<h3>\u00centre\u021binere \u0219i repara\u021bii<\/h3>\n<p>Inspec\u021bia regulat\u0103 \u0219i \u00eentre\u021binerea preventiv\u0103 pot reduce eficient timpul de nefunc\u021bionare a echipamentelor \u0219i costurile de \u00eentre\u021binere. Trebuie luate urm\u0103toarele m\u0103suri:<\/p>\n<ul>\n<li>Check the cylinder&#8217;s seals, rods, and other components regularly and replace them if necessary.<\/li>\n<li>Verifica\u021bi dac\u0103 uleiul hidraulic este suficient \u0219i \u00eenlocui\u021bi-l periodic.<\/li>\n<li>Verifica\u021bi dac\u0103 cilindrul func\u021bioneaz\u0103 normal \u0219i efectua\u021bi repara\u021bii dac\u0103 exist\u0103 anomalii.<\/li>\n<\/ul>\n<p><img decoding=\"async\" src=\"https:\/\/www.hydraulic-cylinders.net\/wp-content\/uploads\/2025\/01\/songte-chushion-collar.webp\" alt=\"Imagine de \u00eentre\u021binere \u0219i reparare\"><\/p>\n<h3>Ghid de instalare<\/h3>\n<p>Pentru instalarea cilindrului bra\u021bului trebuie urma\u021bi urm\u0103torii pa\u0219i:<\/p>\n<ol>\n<li>Inspecta\u021bi \u0219i cur\u0103\u021ba\u021bi piesele de instalare \u0219i asigura\u021bi-v\u0103 c\u0103 sunt plate \u0219i curate.<\/li>\n<li>Instala\u021bi cilindrul \u0219i str\u00e2nge\u021bi \u0219uruburile la cuplul specificat.<\/li>\n<li>Conecta\u021bi conductele de ulei hidraulic \u0219i asigura\u021bi-v\u0103 c\u0103 acestea sunt conectate corect \u0219i sigur.<\/li>\n<li>Test the cylinder&#8217;s operation and ensure that it is operating normally.<\/li>\n<\/ol>\n<p><img decoding=\"async\" src=\"https:\/\/www.hydraulic-cylinders.net\/wp-content\/uploads\/2025\/01\/songte-bushings-with-all-kinds-of-excavator-models.webp\" alt=\"Ghid de instalare - Imagine\"><\/p>\n<h3>Considera\u021bii de siguran\u021b\u0103 \u0219i factori de mediu<\/h3>\n<p>La utilizarea cilindrilor de bra\u021b, trebuie luate urm\u0103toarele m\u0103suri de siguran\u021b\u0103:<\/p>\n<ul>\n<li>Folosi\u021bi cilindrul \u00een limitele specificate ale capacit\u0103\u021bii portante pentru a evita supra\u00eenc\u0103rcarea.<\/li>\n<li>Folosi\u021bi butelia cu dispozitive de protec\u021bie adecvate pentru a preveni accidentele cauzate de defectarea buteliei.<\/li>\n<li>Urma\u021bi instruc\u021biunile de utilizare \u0219i efectua\u021bi lucr\u0103rile de \u00eentre\u021binere \u0219i repara\u021bii \u00een mod regulat pentru a asigura o func\u021bionare \u00een siguran\u021b\u0103.<\/li>\n<li>Elimina\u021bi uleiul hidraulic uzat \u0219i alte materiale conexe \u00een mod corespunz\u0103tor pentru a evita poluarea mediului.<\/li>\n<\/ul>\n<h3>Depanare \u0219i probleme frecvente<\/h3>\n<p>Problemele \u0219i solu\u021biile comune pentru cilindrii bra\u021bului includ:<\/p>\n<ul>\n<li><strong>Scurgere de ulei:<\/strong> Acest lucru poate fi cauzat de garnituri deteriorate sau zg\u00e2rieturi pe corpul cilindrului sau pe suprafa\u021ba tijei pistonului. Solu\u021bia este \u00eenlocuirea garniturilor sau repararea suprafe\u021bei deteriorate.<\/li>\n<li><strong>Zgomot anormal:<\/strong> Acest lucru poate fi cauzat de asamblarea necorespunz\u0103toare sau de uzura unor componente precum tijele pistonului \u0219i buc\u0219ele. Solu\u021bia este reasamblarea sau \u00eenlocuirea componentelor uzate.<\/li>\n<li><strong>Mi\u0219care lent\u0103:<\/strong> Acest lucru poate fi cauzat de o cantitate insuficient\u0103 de ulei hidraulic sau de deteriorarea corpului cilindrului sau a suprafe\u021bei tijei pistonului. Solu\u021bia este completarea cu ulei hidraulic sau repararea suprafe\u021bei deteriorate.<\/li>\n<\/ul>\n<p>M\u0103surile preventive includ \u00eentre\u021binerea \u0219i inspec\u021bia regulat\u0103, \u00eenlocuirea componentelor deteriorate \u0219i utilizarea \u0219i operarea corect\u0103 pentru a minimiza poten\u021bialele probleme.<\/p>\n<p><img decoding=\"async\" src=\"https:\/\/www.hydraulic-cylinders.net\/wp-content\/uploads\/2025\/01\/songte-company-4.webp\" alt=\"Imagine de prezentare a companiei\"><br \/>\n<img decoding=\"async\" src=\"https:\/\/www.hydraulic-cylinders.net\/wp-content\/uploads\/2025\/01\/songte-company-3.webp\" alt=\"Imagine de prezentare a companiei\"><\/p>\n<h3>Despre noi<\/h3>\n<p>Suntem un produc\u0103tor profesionist de cilindri hidraulici de schimb cu o gam\u0103 larg\u0103 de produse. Am devenit unul dintre principalii produc\u0103tori \u0219i distribuitori angro de cilindri hidraulici pe pie\u021bele interne \u0219i interna\u021bionale. Respect\u0103m \u00eentotdeauna principiul calit\u0103\u021bii excelente \u0219i ne baz\u0103m pe strategii industrializate de management al produc\u021biei \u00een ateliere de fabrica\u021bie sofisticate pentru a ne \u00eembun\u0103t\u0103\u021bi continuu nivelul tehnic \u0219i eficien\u021ba produc\u021biei. Prin introducerea de echipamente digitale de fabrica\u021bie de ultim\u0103 genera\u021bie \u0219i sisteme profesionale de testare, optimiz\u0103m continuu platforma de fabrica\u021bie, \u00eembun\u0103t\u0103\u021bim procesul de control al calit\u0103\u021bii produselor \u0219i avem capacit\u0103\u021bi puternice de inovare. Scopul nostru este de a satisface nevoile diverse ale clien\u021bilor cu principiile eficien\u021bei, preciziei \u0219i calit\u0103\u021bii \u00eenalte.<\/p>\n<p>Compania noastr\u0103 ofer\u0103 servicii personalizate, certific\u0103ri interna\u021bionale, asisten\u021b\u0103 tehnic\u0103 profesional\u0103, echipamente de produc\u021bie avansate \u0219i servicii post-v\u00e2nzare de \u00eenalt\u0103 calitate pentru a ne asigura c\u0103 to\u021bi clien\u021bii beneficiaz\u0103 de cele mai bune produse \u0219i servicii.<\/p>\n<p>Autor: lyl<\/p>","protected":false},"excerpt":{"rendered":"<p>Arm Cylinder For Bobcat Small Excavator E324 Introduction An arm cylinder is a specially designed hydraulic cylinder that is primarily used to provide linear motion and power for various types of equipment, such as excavators, cranes, and robotic arms. The arm cylinder plays a crucial role in hydraulic systems, allowing attachments or accessories to move [&hellip;]<\/p>","protected":false},"featured_media":14777,"comment_status":"open","ping_status":"closed","template":"","meta":{"_et_pb_use_builder":"","_et_pb_old_content":"","_et_gb_content_width":""},"product_brand":[],"product_cat":[1497],"product_tag":[1498,1496],"class_list":{"0":"post-16619","1":"product","2":"type-product","3":"status-publish","4":"has-post-thumbnail","6":"product_cat-arm-cylinders","7":"product_tag-arm-cylinders","8":"product_tag-hydraulic-cylinders","10":"first","11":"instock","12":"shipping-taxable","13":"product-type-simple"},"amp_enabled":true,"_links":{"self":[{"href":"https:\/\/www.hydraulic-cylinders.net\/ro\/wp-json\/wp\/v2\/product\/16619","targetHints":{"allow":["GET"]}}],"collection":[{"href":"https:\/\/www.hydraulic-cylinders.net\/ro\/wp-json\/wp\/v2\/product"}],"about":[{"href":"https:\/\/www.hydraulic-cylinders.net\/ro\/wp-json\/wp\/v2\/types\/product"}],"replies":[{"embeddable":true,"href":"https:\/\/www.hydraulic-cylinders.net\/ro\/wp-json\/wp\/v2\/comments?post=16619"}],"wp:featuredmedia":[{"embeddable":true,"href":"https:\/\/www.hydraulic-cylinders.net\/ro\/wp-json\/wp\/v2\/media\/14777"}],"wp:attachment":[{"href":"https:\/\/www.hydraulic-cylinders.net\/ro\/wp-json\/wp\/v2\/media?parent=16619"}],"wp:term":[{"taxonomy":"product_brand","embeddable":true,"href":"https:\/\/www.hydraulic-cylinders.net\/ro\/wp-json\/wp\/v2\/product_brand?post=16619"},{"taxonomy":"product_cat","embeddable":true,"href":"https:\/\/www.hydraulic-cylinders.net\/ro\/wp-json\/wp\/v2\/product_cat?post=16619"},{"taxonomy":"product_tag","embeddable":true,"href":"https:\/\/www.hydraulic-cylinders.net\/ro\/wp-json\/wp\/v2\/product_tag?post=16619"}],"curies":[{"name":"wp","href":"https:\/\/api.w.org\/{rel}","templated":true}]}}