{"id":16622,"date":"2025-01-21T05:38:33","date_gmt":"2025-01-21T05:38:33","guid":{"rendered":"https:\/\/www.hydraulic-cylinders.net\/product\/arm-cylinder-for-bobcat-small-excavator-e45\/"},"modified":"2025-01-21T05:38:35","modified_gmt":"2025-01-21T05:38:35","slug":"arm-cylinder-for-bobcat-small-excavator-e45","status":"publish","type":"product","link":"https:\/\/www.hydraulic-cylinders.net\/ro\/produs\/arm-cylinder-for-bobcat-small-excavator-e45\/","title":{"rendered":"Cilindru de bra\u021b pentru excavatorul mic Bobcat E45"},"content":{"rendered":"<h2>Cilindru de bra\u021b pentru excavatorul mic Bobcat E45<\/h2>\n<h3>Defini\u021bie \u0219i explica\u021bie<\/h3>\n<p>Un cilindru de bra\u021b este un cilindru hidraulic special conceput, utilizat \u00een principal pentru a oferi mi\u0219care liniar\u0103 \u0219i putere bra\u021belor diferitelor tipuri de utilaje, cum ar fi excavatoare, macarale \u0219i bra\u021be robotizate. Cilindrii de bra\u021b joac\u0103 un rol cheie \u00een sistemele hidraulice, permi\u021b\u00e2nd mi\u0219carea \u0219i controlul eficient al uneltelor sau accesoriilor ata\u0219abile. Ace\u0219ti cilindri nu numai c\u0103 ofer\u0103 o mi\u0219care lin\u0103, dar rezist\u0103 \u0219i la sarcini grele, asigur\u00e2nd func\u021bionarea eficient\u0103 \u0219i fiabilitatea utilajelor \u00een diverse condi\u021bii de func\u021bionare.<\/p>\n<p><img decoding=\"async\" src=\"https:\/\/www.hydraulic-cylinders.net\/wp-content\/uploads\/2025\/01\/songte-company-2.webp\"><\/p>\n<h3>Caracteristici<\/h3>\n<ul>\n<li>Conducere de \u00eenalt\u0103 eficien\u021b\u0103<\/li>\n<li>Control de precizie<\/li>\n<li>Durabil<\/li>\n<li>Adaptabilitate multifunc\u021bional\u0103<\/li>\n<li>\u00centre\u021binere u\u0219oar\u0103<\/li>\n<\/ul>\n<p>Cilindrii bra\u021bului ofer\u0103 o mi\u0219care liniar\u0103 puternic\u0103 \u0219i for\u021b\u0103 pentru a asigura performan\u021be de \u00eenalt\u0103 eficien\u021b\u0103 \u00een diverse opera\u021biuni. Sistemele hidraulice permit un control precis al mi\u0219c\u0103rii, f\u0103c\u00e2nd func\u021bionarea uneltelor ata\u0219abile mai flexibil\u0103 \u0219i mai precis\u0103. Cilindrii bra\u021bului sunt de obicei fabrica\u021bi din materiale de \u00eenalt\u0103 rezisten\u021b\u0103, au o bun\u0103 rezisten\u021b\u0103 la uzur\u0103 \u0219i la coroziune \u0219i sunt potrivi\u021bi pentru utilizare pe termen lung \u00een medii dure. Ace\u0219ti cilindri au o gam\u0103 larg\u0103 de aplica\u021bii, inclusiv excavatoare, macarale \u0219i bra\u021be robotizate. Designul lor permite o \u00eentre\u021binere \u0219i o \u00eenlocuire u\u0219oar\u0103, reduc\u00e2nd timpul de nefunc\u021bionare a echipamentelor.<\/p>\n<p><img decoding=\"async\" src=\"https:\/\/www.hydraulic-cylinders.net\/wp-content\/uploads\/2025\/01\/songte-oil-pipes-and-spare-parts.webp\"><\/p>\n<h3>Aplica\u021bii<\/h3>\n<p>Cilindrii cu bra\u021b au o gam\u0103 larg\u0103 de aplica\u021bii \u00een diverse industrii, inclusiv:<\/p>\n<ul>\n<li>Inginerie de construc\u021bii<\/li>\n<li>Fabrica\u021bie<\/li>\n<li>Ma\u0219ini agricole<\/li>\n<li>Minerit<\/li>\n<li>Logistic\u0103 \u0219i transporturi<\/li>\n<\/ul>\n<p>\u00cen ingineria construc\u021biilor, cilindrii bra\u021bului sunt utiliza\u021bi pentru a controla mi\u0219carea cupelor sau a bra\u021belor excavatoarelor \u0219i macaralelor, efectu\u00e2nd lucr\u0103ri de terasament, manipulare a materialelor \u0219i instalare structural\u0103. \u00cen industria prelucr\u0103toare, cilindrii bra\u021bului sunt utiliza\u021bi pentru mi\u0219carea bra\u021belor robotizate \u00een procesele de asamblare, sudare \u0219i manipulare pentru a \u00eembun\u0103t\u0103\u021bi eficien\u021ba \u0219i precizia produc\u021biei. \u00cen utilajele agricole, cilindrii bra\u021bului controleaz\u0103 mi\u0219carea bra\u021belor opera\u021bionale \u00een sarcini precum sem\u0103natul, fertilizarea \u0219i recoltarea. \u00cen minerit, cilindrii bra\u021bului sunt utiliza\u021bi pentru a controla mi\u0219carea bra\u021bului echipamentelor miniere pentru extrac\u021bia \u0219i manipularea minereului. \u00cen logistic\u0103 \u0219i transport, cilindrii bra\u021bului sunt utiliza\u021bi pentru a controla ridicarea \u0219i mi\u0219carea furcilor de marf\u0103 \u00een stivuitoare \u0219i robo\u021bi de manipulare pentru manipularea \u0219i stivuirea materialelor.<\/p>\n<h3>Considera\u021bii de proiectare \u0219i criterii de selec\u021bie<\/h3>\n<p>\u00cen ceea ce prive\u0219te considera\u021biile de proiectare, cilindrii bra\u021bului ar trebui s\u0103 aib\u0103 urm\u0103toarele caracteristici:<\/p>\n<ul>\n<li>Capacitate portant\u0103<\/li>\n<li>Performan\u021ba de etan\u0219are<\/li>\n<li>Durabilitate<\/li>\n<li>Siguran\u0163\u0103<\/li>\n<li>Mentenabilitate<\/li>\n<\/ul>\n<p>Cilindrii bra\u021bului ar trebui s\u0103 poat\u0103 suporta sarcina maxim\u0103 a echipamentului \u0219i a ata\u0219amentelor. Performan\u021ba de etan\u0219are a cilindrului bra\u021bului afecteaz\u0103 direct fiabilitatea \u0219i durata de via\u021b\u0103 a sistemului hidraulic. Durabilitatea cilindrului este esen\u021bial\u0103 pentru a asigura durata de via\u021b\u0103 a cilindrului \u0219i func\u021bionarea \u00een siguran\u021b\u0103 a echipamentului. Designul sigur al cilindrului bra\u021bului asigur\u0103 func\u021bionarea \u00een siguran\u021b\u0103 a echipamentului \u0219i protejeaz\u0103 operatorul. \u00centre\u021binerea u\u0219oar\u0103 a cilindrului bra\u021bului face ca \u00eentre\u021binerea \u0219i \u00eenlocuirea s\u0103 fie mai convenabile, reduc\u00e2nd timpul de nefunc\u021bionare a echipamentului.<\/p>\n<p><img decoding=\"async\" src=\"https:\/\/www.hydraulic-cylinders.net\/wp-content\/uploads\/2025\/01\/songte-cylinder-head-with-all-kinds-excavator-models.webp\"><\/p>\n<h3>Etan\u0219are \u0219i lubrifiere<\/h3>\n<p>Cilindrii cu bra\u021b utilizeaz\u0103 diverse elemente de etan\u0219are, cum ar fi etan\u0219\u0103ri de piston, etan\u0219\u0103ri de tij\u0103 \u0219i \u0219terg\u0103toare. Garniturile sunt fabricate din materiale rezistente la uzur\u0103, cum ar fi poliuretanul \u0219i cauciucul nitrilic. Corpul cilindrului \u0219i suprafa\u021ba filetat\u0103 a cap\u0103tului sunt prelucrate fin pentru a \u00eembun\u0103t\u0103\u021bi rezisten\u021ba la uzur\u0103. Cilindrii cu bra\u021b necesit\u0103 lubrifiere regulat\u0103 cu ulei hidraulic pentru a asigura o func\u021bionare lin\u0103 \u0219i a prelungi durata de via\u021b\u0103.<\/p>\n<h3>\u00centre\u021binere preventiv\u0103<\/h3>\n<p>Inspec\u021bia regulat\u0103 \u0219i \u00eentre\u021binerea preventiv\u0103 sunt cruciale pentru prelungirea duratei de via\u021b\u0103 a cilindrului bra\u021bului \u0219i pentru a asigura func\u021bionarea sigur\u0103 \u0219i eficient\u0103 a echipamentului. Inspec\u021biile regulate ar trebui s\u0103 includ\u0103 verificarea deterior\u0103rii corpului cilindrului, a tijei pistonului \u0219i a garniturilor. Sistemul hidraulic trebuie verificat pentru scurgeri, iar nivelul \u0219i calitatea uleiului trebuie inspectate. De asemenea, condi\u021biile de func\u021bionare ale echipamentului ar trebui verificate periodic pentru a identifica orice probleme poten\u021biale.<\/p>\n<h3>Ghid de instalare<\/h3>\n<p>Instalarea corect\u0103 a cilindrului bra\u021bului este esen\u021bial\u0103 pentru a asigura o func\u021bionare sigur\u0103 \u0219i eficient\u0103. Procesul de instalare trebuie efectuat conform instruc\u021biunilor produc\u0103torului echipamentului, iar toate conexiunile trebuie s\u0103 fie str\u00e2ns fixate. Conductele \u0219i fitingurile hidraulice trebuie conectate corect, iar sistemul hidraulic trebuie purjat \u00eenainte de pornire. Tija pistonului cilindrului bra\u021bului trebuie retras\u0103 \u00een timpul transportului \u0219i instal\u0103rii pentru a evita deteriorarea.<\/p>\n<p><img decoding=\"async\" src=\"https:\/\/www.hydraulic-cylinders.net\/wp-content\/uploads\/2025\/01\/songte-bushings-with-all-kinds-of-excavator-models.webp\"><\/p>\n<h3>Considera\u021bii de siguran\u021b\u0103 \u0219i factori de mediu<\/h3>\n<p>C\u00e2nd se utilizeaz\u0103 cilindrul bra\u021bului, echipamentul trebuie operat conform instruc\u021biunilor \u0219i instruc\u021biunilor de siguran\u021b\u0103 ale produc\u0103torului. Operatorul echipamentului trebuie s\u0103 fie instruit corespunz\u0103tor \u0219i con\u0219tient de pericolele poten\u021biale \u00een timpul func\u021bion\u0103rii. \u00cen timpul func\u021bion\u0103rii, trebuie purtat echipament de protec\u021bie adecvat, cum ar fi ochelari de protec\u021bie \u0219i m\u0103nu\u0219i. De asemenea, \u00een timpul func\u021bion\u0103rii, trebuie lua\u021bi \u00een considerare factorii de mediu precum temperatura, umiditatea \u0219i praful, deoarece ace\u0219tia pot afecta performan\u021ba \u0219i durata de via\u021b\u0103 a cilindrului.<\/p>\n<h3>Depanare \u0219i probleme frecvente<\/h3>\n<p>Problemele frecvente ale cilindrilor bra\u021bului includ scurgeri, for\u021b\u0103 insuficient\u0103 \u0219i zgomot anormal. Cauza problemei trebuie identificat\u0103 printr-o inspec\u021bie atent\u0103 a sistemului sau echipamentului hidraulic. Solu\u021biile pot include \u00eenlocuirea garniturilor deteriorate, cur\u0103\u021barea sau \u00eenlocuirea filtrului sau reglarea presiunii sistemului hidraulic. \u00centre\u021binerea \u0219i inspec\u021bia regulat\u0103 pot ajuta la prevenirea poten\u021bialelor probleme.<\/p>\n<p><img decoding=\"async\" src=\"https:\/\/www.hydraulic-cylinders.net\/wp-content\/uploads\/2025\/01\/songte-chushion-collar.webp\"><\/p>\n<h3>Despre noi<\/h3>\n<p>Suntem un produc\u0103tor profesionist de cilindri hidraulici cu o gam\u0103 larg\u0103 de produse, ceea ce ne face unul dintre principalii produc\u0103tori \u0219i distribuitori angro de cilindri hidraulici pe pie\u021bele interne \u0219i interna\u021bionale. Respect\u0103m \u00eentotdeauna principiul calit\u0103\u021bii excelente \u0219i ne baz\u0103m pe strategii de management al produc\u021biei industriale \u00een ateliere fin fabricate pentru a ne \u00eembun\u0103t\u0103\u021bi continuu nivelul tehnologic \u0219i eficien\u021ba produc\u021biei. Prin introducerea de echipamente digitale avansate de fabrica\u021bie \u0219i sisteme profesionale de testare, optimiz\u0103m platforma de fabrica\u021bie, \u00eembun\u0103t\u0103\u021bim procesele de control al calit\u0103\u021bii produselor \u0219i avem capacit\u0103\u021bi puternice de inovare. Scopul nostru este de a satisface nevoile diverse ale clien\u021bilor cu eficien\u021b\u0103 ridicat\u0103, precizie \u0219i principii de \u00eenalt\u0103 calitate.<\/p>\n<p>Compania noastr\u0103 ofer\u0103 produse personalizate pentru cilindri hidraulici, certific\u0103ri interna\u021bionale, echipamente de produc\u021bie \u0219i servicii post-v\u00e2nzare excelente.<\/p>\n<p><img decoding=\"async\" src=\"https:\/\/www.hydraulic-cylinders.net\/wp-content\/uploads\/2025\/01\/songte-company-4.webp\"><br \/>\n<img decoding=\"async\" src=\"https:\/\/www.hydraulic-cylinders.net\/wp-content\/uploads\/2025\/01\/songte-company-3.webp\"><\/p>\n<p>Autor: lyl<\/p>","protected":false},"excerpt":{"rendered":"<p>Arm Cylinder for Bobcat Small Excavator E45 Definition and Explanation An arm cylinder is a specifically designed hydraulic cylinder that is primarily used to provide linear motion and power to the arms of various types of machinery such as excavators, cranes, and robotic arms. Arm cylinders play a key role in hydraulic systems, allowing for [&hellip;]<\/p>","protected":false},"featured_media":14770,"comment_status":"open","ping_status":"closed","template":"","meta":{"_et_pb_use_builder":"","_et_pb_old_content":"","_et_gb_content_width":""},"product_brand":[],"product_cat":[1497],"product_tag":[1498,1496],"class_list":{"0":"post-16622","1":"product","2":"type-product","3":"status-publish","4":"has-post-thumbnail","6":"product_cat-arm-cylinders","7":"product_tag-arm-cylinders","8":"product_tag-hydraulic-cylinders","10":"first","11":"instock","12":"shipping-taxable","13":"product-type-simple"},"amp_enabled":true,"_links":{"self":[{"href":"https:\/\/www.hydraulic-cylinders.net\/ro\/wp-json\/wp\/v2\/product\/16622","targetHints":{"allow":["GET"]}}],"collection":[{"href":"https:\/\/www.hydraulic-cylinders.net\/ro\/wp-json\/wp\/v2\/product"}],"about":[{"href":"https:\/\/www.hydraulic-cylinders.net\/ro\/wp-json\/wp\/v2\/types\/product"}],"replies":[{"embeddable":true,"href":"https:\/\/www.hydraulic-cylinders.net\/ro\/wp-json\/wp\/v2\/comments?post=16622"}],"wp:featuredmedia":[{"embeddable":true,"href":"https:\/\/www.hydraulic-cylinders.net\/ro\/wp-json\/wp\/v2\/media\/14770"}],"wp:attachment":[{"href":"https:\/\/www.hydraulic-cylinders.net\/ro\/wp-json\/wp\/v2\/media?parent=16622"}],"wp:term":[{"taxonomy":"product_brand","embeddable":true,"href":"https:\/\/www.hydraulic-cylinders.net\/ro\/wp-json\/wp\/v2\/product_brand?post=16622"},{"taxonomy":"product_cat","embeddable":true,"href":"https:\/\/www.hydraulic-cylinders.net\/ro\/wp-json\/wp\/v2\/product_cat?post=16622"},{"taxonomy":"product_tag","embeddable":true,"href":"https:\/\/www.hydraulic-cylinders.net\/ro\/wp-json\/wp\/v2\/product_tag?post=16622"}],"curies":[{"name":"wp","href":"https:\/\/api.w.org\/{rel}","templated":true}]}}