{"id":16623,"date":"2025-01-21T05:38:37","date_gmt":"2025-01-21T05:38:37","guid":{"rendered":"https:\/\/www.hydraulic-cylinders.net\/product\/arm-cylinder-for-bobcat-small-excavator-e55\/"},"modified":"2025-01-21T05:38:39","modified_gmt":"2025-01-21T05:38:39","slug":"arm-cylinder-for-bobcat-small-excavator-e55","status":"publish","type":"product","link":"https:\/\/www.hydraulic-cylinders.net\/ro\/produs\/arm-cylinder-for-bobcat-small-excavator-e55\/","title":{"rendered":"Cilindru bra\u021b pentru excavatorul mic Bobcat E55"},"content":{"rendered":"<h1>Cilindru bra\u021b pentru excavatorul mic Bobcat E55<\/h1>\n<h2>Introducere<\/h2>\n<p>Cilindrul hidraulic pentru excavatorul mic Bobcat E55 este un cilindru hidraulic specializat, conceput pentru a oferi mi\u0219care liniar\u0103 \u0219i putere bra\u021bului diferitelor tipuri de utilaje, cum ar fi excavatoare, macarale \u0219i bra\u021be robotizate. Cilindrul bra\u021bului joac\u0103 un rol crucial \u00een sistemele hidraulice, permi\u021b\u00e2nd mi\u0219carea \u0219i controlul eficient al uneltelor sau ata\u0219amentelor suplimentare. Ace\u0219ti cilindri nu numai c\u0103 faciliteaz\u0103 o mi\u0219care lin\u0103, dar rezist\u0103 \u0219i la sarcini grele, asigur\u00e2nd func\u021bionarea eficient\u0103 \u0219i fiabilitatea utilajelor \u00een diverse condi\u021bii de lucru.<\/p>\n<p><img decoding=\"async\" src=\"https:\/\/www.hydraulic-cylinders.net\/wp-content\/uploads\/2025\/01\/songte-company-2.webp\" alt=\"Imaginea cilindrului bra\u021bului\"><\/p>\n<h2>Caracteristici<\/h2>\n<ul>\n<li><strong>Transmisie de \u00eenalt\u0103 eficien\u021b\u0103:<\/strong> Cilindrul bra\u021bului ofer\u0103 o mi\u0219care liniar\u0103 puternic\u0103 \u0219i o for\u021b\u0103, asigur\u00e2nd performan\u021be de \u00eenalt\u0103 eficien\u021b\u0103 ale bra\u021bului robotic \u00een diverse opera\u021biuni.<\/li>\n<li><strong>Control precis:<\/strong> Prin intermediul sistemului hidraulic, cilindrul bra\u021bului permite un control precis al mi\u0219c\u0103rii, f\u0103c\u00e2nd operarea uneltelor suplimentare mai flexibil\u0103 \u0219i precis\u0103.<\/li>\n<li><strong>Durabilitate:<\/strong> Cilindrii bra\u021bului sunt de obicei fabrica\u021bi din materiale de \u00eenalt\u0103 rezisten\u021b\u0103, oferind o bun\u0103 rezisten\u021b\u0103 la uzur\u0103 \u0219i la coroziune, ceea ce \u00eei face potrivi\u021bi pentru utilizarea pe termen lung \u00een medii dure.<\/li>\n<li><strong>Adaptabilitate versatil\u0103:<\/strong> Ace\u0219ti cilindri pot fi utiliza\u021bi pe scar\u0103 larg\u0103 \u00een diverse tipuri de utilaje, cum ar fi excavatoare, macarale \u0219i bra\u021be robotizate, adapt\u00e2ndu-se la diferite cerin\u021be de lucru.<\/li>\n<li><strong>\u00centre\u021binere u\u0219oar\u0103:<\/strong> Considera\u021biile de proiectare pentru \u00eentre\u021binere \u0219i \u00eenlocuire u\u0219oar\u0103 fac ca inspec\u021bia \u0219i service-ul regulat s\u0103 fie mai convenabile, reduc\u00e2nd timpul de nefunc\u021bionare a echipamentelor.<\/li>\n<\/ul>\n<p><img decoding=\"async\" src=\"https:\/\/www.hydraulic-cylinders.net\/wp-content\/uploads\/2025\/01\/songte-oil-pipes-and-spare-parts.webp\" alt=\"Imagine piese de schimb\"><\/p>\n<h2>Aplica\u021bii<\/h2>\n<p>Cilindrul bra\u021bului pentru excavatorul mic Bobcat E55 \u00ee\u0219i g\u0103se\u0219te aplica\u021biile \u00een urm\u0103toarele industrii:<\/p>\n<ol>\n<li><strong>Inginerie Construc\u021bii:<\/strong> \u00cen excavatoare \u0219i macarale, cilindrul bra\u021bului este utilizat pentru a controla mi\u0219carea cupelor sau a bra\u021belor pentru lucr\u0103ri de terasament, manipularea materialelor \u0219i instalarea structural\u0103.<\/li>\n<li><strong>Industria prelucr\u0103toare:<\/strong> \u00cen liniile de produc\u021bie automatizate, cilindrul bra\u021bului este utilizat pentru mi\u0219carea bra\u021belor robotizate \u00een procese precum asamblarea, sudarea \u0219i manipularea materialelor, sporind eficien\u021ba \u0219i precizia produc\u021biei.<\/li>\n<li><strong>Ma\u0219ini agricole:<\/strong> \u00cen utilajele agricole, precum combinele de recoltat \u0219i sem\u0103n\u0103toarele, cilindrul bra\u021bului controleaz\u0103 mi\u0219carea bra\u021belor de operare pentru a efectua sarcini precum sem\u0103natul, fertilizarea \u0219i recoltarea.<\/li>\n<li><strong>Minerit:<\/strong> \u00cen echipamentele miniere, cilindrul bra\u021bului este utilizat pentru a controla mi\u0219carea bra\u021bului utilajelor miniere pentru extrac\u021bia \u0219i transportul minereului.<\/li>\n<li><strong>Logistic\u0103 \u0219i transport:<\/strong> \u00cen cazul stivuitoarelor \u0219i robo\u021bilor de manipulare, cilindrul bra\u021bului este utilizat pentru a controla ridicarea \u0219i mi\u0219carea furcilor, permi\u021b\u00e2nd manipularea \u0219i stivuirea materialelor.<\/li>\n<\/ol>\n<h2>Considera\u021bii de proiectare \u0219i criterii de selec\u021bie<\/h2>\n<ul>\n<li><strong>Capacitate portant\u0103:<\/strong> Capacitatea cilindrului bra\u021bului de a suporta sarcini este o considera\u021bie cheie de proiectare.<\/li>\n<li><strong>Etan\u0219are:<\/strong> Diverse componente de etan\u0219are, cum ar fi etan\u0219\u0103rile pistonului \u0219i etan\u0219\u0103rile tijei, fabricate din materiale rezistente la uzur\u0103, precum poliuretanul \u0219i cauciucul nitrilic, sunt utilizate pentru o etan\u0219are eficient\u0103.<\/li>\n<li><strong>Durabilitate:<\/strong> Corpul cilindrului \u0219i suprafe\u021bele filetate ale cap\u0103tului sunt supuse unui tratament precis pentru a \u00eembun\u0103t\u0103\u021bi rezisten\u021ba la uzur\u0103.<\/li>\n<li><strong>Siguran\u0163\u0103:<\/strong> M\u0103surile de siguran\u021b\u0103 trebuie implementate \u0219i luate \u00een considerare \u00een timpul procesului de proiectare pentru a asigura func\u021bionarea \u00een siguran\u021b\u0103 a cilindrului bra\u021bului.<\/li>\n<li><strong>\u00centre\u0163inere:<\/strong> Lubrifierea regulat\u0103 cu ulei hidraulic \u0219i accesul facil pentru \u00eentre\u021binere \u0219i repara\u021bii sunt factori importan\u021bi \u00een proiectarea cilindrului bra\u021bului.<\/li>\n<\/ul>\n<p><img decoding=\"async\" src=\"https:\/\/www.hydraulic-cylinders.net\/wp-content\/uploads\/2025\/01\/songte-cylinder-head-with-all-kinds-excavator-models.webp\" alt=\"Imaginea chiulasei\"><\/p>\n<h2>Etan\u0219are \u0219i lubrifiere<\/h2>\n<p>Cilindrul bra\u021bului utilizeaz\u0103 diverse componente de etan\u0219are, cum ar fi etan\u0219\u0103ri de piston \u0219i etan\u0219\u0103ri de tij\u0103, fabricate din materiale rezistente la uzur\u0103, precum poliuretanul \u0219i cauciucul nitrilic. Corpul cilindrului \u0219i suprafe\u021bele filetate ale cap\u0103tului sunt supuse unui tratament precis pentru a \u00eembun\u0103t\u0103\u021bi rezisten\u021ba la uzur\u0103. Lubrifierea regulat\u0103 cu o cantitate adecvat\u0103 de ulei hidraulic este necesar\u0103 pentru a asigura lubrifierea corect\u0103 \u0219i func\u021bionarea f\u0103r\u0103 probleme a cilindrului bra\u021bului.<\/p>\n<h2>Inspec\u021bie regulat\u0103 \u0219i \u00eentre\u021binere preventiv\u0103<\/h2>\n<ul>\n<li>Inspecta\u021bi periodic cilindrul bra\u021bului pentru a depista orice semne de uzur\u0103, scurgeri sau deteriorare.<\/li>\n<li>Verifica\u021bi sistemul hidraulic pentru a verifica dac\u0103 presiunea \u0219i nivelurile de lichid sunt corecte.<\/li>\n<li>Asigura\u021bi-v\u0103 c\u0103 cilindrul este aliniat \u0219i montat corect.<\/li>\n<li>Inspecta\u021bi \u0219i \u00eenlocui\u021bi orice componente de etan\u0219are uzate sau deteriorate.<\/li>\n<li>Urma\u021bi programul de \u00eentre\u021binere recomandat de produc\u0103tor.<\/li>\n<\/ul>\n<h2>Ghid de instalare a produsului<\/h2>\n<p>Instalarea corect\u0103 a cilindrului bra\u021bului pentru excavatorul mic Bobcat E55 este crucial\u0103 pentru o performan\u021b\u0103 optim\u0103. V\u0103 rug\u0103m s\u0103 urma\u021bi pa\u0219ii de mai jos:<\/p>\n<ol>\n<li>Asigura\u021bi-v\u0103 c\u0103 excavatorul se afl\u0103 pe un teren stabil \u0219i \u00eentr-o pozi\u021bie sigur\u0103.<\/li>\n<li>Deconecta\u021bi conductele hidraulice \u0219i scoate\u021bi to\u021bi cilindrii existen\u021bi.<\/li>\n<li>Alinia\u021bi cilindrul bra\u021bului cu punctele de montare \u0219i fixa\u021bi-l \u00een pozi\u021bie.<\/li>\n<li>Reconecta\u021bi conductele hidraulice \u0219i asigura\u021bi-v\u0103 c\u0103 sunt realizate conexiuni corecte.<\/li>\n<li>Verifica\u021bi dac\u0103 exist\u0103 scurgeri \u0219i testa\u021bi func\u021bionarea cilindrului bra\u021bului.<\/li>\n<\/ol>\n<p><img decoding=\"async\" src=\"https:\/\/www.hydraulic-cylinders.net\/wp-content\/uploads\/2025\/01\/songte-bushings-with-all-kinds-of-excavator-models.webp\" alt=\"Imagine buc\u0219e\"><\/p>\n<h2>Considera\u021bii de siguran\u021b\u0103 \u0219i factori de mediu<\/h2>\n<p>La operarea cilindrului bra\u021bului pentru excavatorul mic Bobcat E55, este important s\u0103 respecta\u021bi m\u0103surile de siguran\u021b\u0103 pentru a preveni accidentele \u0219i a asigura bun\u0103starea personalului. M\u0103surile de siguran\u021b\u0103 ar trebui s\u0103 includ\u0103 instruirea adecvat\u0103, respectarea instruc\u021biunilor de siguran\u021b\u0103 specifice utilajului \u0219i utilizarea echipamentului individual de protec\u021bie.<\/p>\n<h2>Depanare \u0219i probleme frecvente<\/h2>\n<p>Urm\u0103toarele sunt c\u00e2teva sfaturi \u0219i solu\u021bii comune de depanare:<\/p>\n<ul>\n<li><strong>Emisiune:<\/strong> Cilindrul nu se extinde sau nu se retrage complet.<\/li>\n<li><strong>Solu\u0163ie:<\/strong> Verifica\u021bi nivelurile fluidului hidraulic \u0219i asigura\u021bi-v\u0103 c\u0103 nu exist\u0103 aer blocat \u00een sistem. Inspecta\u021bi pentru a depista eventuale scurgeri sau blocaje \u00een conductele hidraulice.<\/li>\n<li><strong>Emisiune:<\/strong> Zgomot sau vibra\u021bii excesive \u00een timpul func\u021bion\u0103rii.<\/li>\n<li><strong>Solu\u0163ie:<\/strong> Verifica\u021bi punctele de montare \u0219i conexiunile pentru a depista orice componente sl\u0103bite sau uzate. Verifica\u021bi dac\u0103 exist\u0103 nealinieri sau piese deteriorate.<\/li>\n<li><strong>Emisiune:<\/strong> Scurgeri din cilindru.<\/li>\n<li><strong>Solu\u0163ie:<\/strong> Inspecta\u021bi \u0219i \u00eenlocui\u021bi orice componente de etan\u0219are deteriorate sau uzate. Asigura\u021bi lubrifierea \u0219i cur\u0103\u021benia corespunz\u0103toare a cilindrului.<\/li>\n<\/ul>\n<p><img decoding=\"async\" src=\"https:\/\/www.hydraulic-cylinders.net\/wp-content\/uploads\/2025\/01\/songte-chushion-collar.webp\" alt=\"Imagine cu guler Chushion\"><\/p>\n<p>\u00cen concluzie, cilindrul hidraulic pentru excavatorul mic Bobcat E55 este un cilindru hidraulic fiabil \u0219i eficient, conceput pentru a oferi mi\u0219care liniar\u0103 \u0219i putere bra\u021bului diverselor utilaje. Acesta ofer\u0103 transmisie de \u00eenalt\u0103 performan\u021b\u0103, control precis, durabilitate, versatilitate \u0219i \u00eentre\u021binere u\u0219oar\u0103. Compania noastr\u0103 este un produc\u0103tor profesionist de cilindri hidraulici de schimb, oferind o gam\u0103 larg\u0103 de produse. Concentr\u00e2ndu-ne pe excelen\u021b\u0103, certific\u0103ri interna\u021bionale, servicii personalizate, echipamente de produc\u021bie avansate \u0219i asisten\u021b\u0103 post-v\u00e2nzare complet\u0103, ne str\u0103duim s\u0103 satisfacem nevoile diverse ale clien\u021bilor no\u0219tri.<\/p>\n<p><img decoding=\"async\" src=\"https:\/\/www.hydraulic-cylinders.net\/wp-content\/uploads\/2025\/01\/songte-company-4.webp\" alt=\"Imaginea companiei\"><br \/>\n<img decoding=\"async\" src=\"https:\/\/www.hydraulic-cylinders.net\/wp-content\/uploads\/2025\/01\/songte-company-3.webp\" alt=\"Imaginea companiei\"><\/p>\n<p><em>Autor: lyl<\/em><\/p>","protected":false},"excerpt":{"rendered":"<p>Arm Cylinder For Bobcat Small Excavator E55 Introduction The Arm Cylinder For Bobcat Small Excavator E55 is a specialized hydraulic cylinder designed to provide linear motion and power to the arm of various types of machinery, such as excavators, cranes, and robotic arms. The arm cylinder plays a crucial role in hydraulic systems, enabling effective [&hellip;]<\/p>","protected":false},"featured_media":14766,"comment_status":"open","ping_status":"closed","template":"","meta":{"_et_pb_use_builder":"","_et_pb_old_content":"","_et_gb_content_width":""},"product_brand":[],"product_cat":[1497],"product_tag":[1498,1496],"class_list":{"0":"post-16623","1":"product","2":"type-product","3":"status-publish","4":"has-post-thumbnail","6":"product_cat-arm-cylinders","7":"product_tag-arm-cylinders","8":"product_tag-hydraulic-cylinders","10":"first","11":"instock","12":"shipping-taxable","13":"product-type-simple"},"amp_enabled":true,"_links":{"self":[{"href":"https:\/\/www.hydraulic-cylinders.net\/ro\/wp-json\/wp\/v2\/product\/16623","targetHints":{"allow":["GET"]}}],"collection":[{"href":"https:\/\/www.hydraulic-cylinders.net\/ro\/wp-json\/wp\/v2\/product"}],"about":[{"href":"https:\/\/www.hydraulic-cylinders.net\/ro\/wp-json\/wp\/v2\/types\/product"}],"replies":[{"embeddable":true,"href":"https:\/\/www.hydraulic-cylinders.net\/ro\/wp-json\/wp\/v2\/comments?post=16623"}],"wp:featuredmedia":[{"embeddable":true,"href":"https:\/\/www.hydraulic-cylinders.net\/ro\/wp-json\/wp\/v2\/media\/14766"}],"wp:attachment":[{"href":"https:\/\/www.hydraulic-cylinders.net\/ro\/wp-json\/wp\/v2\/media?parent=16623"}],"wp:term":[{"taxonomy":"product_brand","embeddable":true,"href":"https:\/\/www.hydraulic-cylinders.net\/ro\/wp-json\/wp\/v2\/product_brand?post=16623"},{"taxonomy":"product_cat","embeddable":true,"href":"https:\/\/www.hydraulic-cylinders.net\/ro\/wp-json\/wp\/v2\/product_cat?post=16623"},{"taxonomy":"product_tag","embeddable":true,"href":"https:\/\/www.hydraulic-cylinders.net\/ro\/wp-json\/wp\/v2\/product_tag?post=16623"}],"curies":[{"name":"wp","href":"https:\/\/api.w.org\/{rel}","templated":true}]}}